{"id":6528,"date":"2016-07-27T20:25:47","date_gmt":"2016-07-27T20:25:47","guid":{"rendered":"http:\/\/telemet.com\/beachtech\/beachtech-3000\/?lang=es"},"modified":"2017-04-24T20:44:06","modified_gmt":"2017-04-24T20:44:06","slug":"beachtech-3000","status":"publish","type":"page","link":"https:\/\/telemet.com\/es\/beachtech\/beachtech-3000\/","title":{"rendered":"BeachTech 3000"},"content":{"rendered":"<p><div class=\"fusion-fullwidth fullwidth-box fusion-builder-row-1 nonhundred-percent-fullwidth non-hundred-percent-height-scrolling\" style=\"--awb-background-position:left top;--awb-border-radius-top-left:0px;--awb-border-radius-top-right:0px;--awb-border-radius-bottom-right:0px;--awb-border-radius-bottom-left:0px;--awb-padding-top:0px;--awb-padding-bottom:20px;--awb-border-sizes-top:0px;--awb-border-sizes-bottom:0px;--awb-flex-wrap:wrap;\" ><div class=\"fusion-builder-row fusion-row\"><div class=\"fusion-layout-column fusion_builder_column fusion-builder-column-0 fusion_builder_column_1_1 1_1 fusion-one-full fusion-column-first fusion-column-last fusion-column-no-min-height\" style=\"--awb-bg-size:cover;--awb-margin-top:0px;--awb-margin-bottom:0px;\"><div class=\"fusion-column-wrapper fusion-flex-column-wrapper-legacy\"><div class=\"fusion-image-element in-legacy-container\" style=\"--awb-caption-title-font-family:var(--h2_typography-font-family);--awb-caption-title-font-weight:var(--h2_typography-font-weight);--awb-caption-title-font-style:var(--h2_typography-font-style);--awb-caption-title-size:var(--h2_typography-font-size);--awb-caption-title-transform:var(--h2_typography-text-transform);--awb-caption-title-line-height:var(--h2_typography-line-height);--awb-caption-title-letter-spacing:var(--h2_typography-letter-spacing);\"><span class=\" fusion-imageframe imageframe-none imageframe-1 hover-type-none\"><img decoding=\"async\" width=\"1000\" height=\"602\" title=\"m1-beachtech-3000\" src=\"https:\/\/telemet.com\/wp-content\/uploads\/2016\/07\/m1-beachtech-3000.jpg\" alt class=\"img-responsive wp-image-2275\" srcset=\"https:\/\/telemet.com\/wp-content\/uploads\/2016\/07\/m1-beachtech-3000-200x120.jpg 200w, https:\/\/telemet.com\/wp-content\/uploads\/2016\/07\/m1-beachtech-3000-400x241.jpg 400w, https:\/\/telemet.com\/wp-content\/uploads\/2016\/07\/m1-beachtech-3000-600x361.jpg 600w, https:\/\/telemet.com\/wp-content\/uploads\/2016\/07\/m1-beachtech-3000-800x482.jpg 800w, https:\/\/telemet.com\/wp-content\/uploads\/2016\/07\/m1-beachtech-3000.jpg 1000w\" sizes=\"(max-width: 800px) 100vw, 1000px\" \/><\/span><\/div><div class=\"fusion-sep-clear\"><\/div><div class=\"fusion-separator fusion-full-width-sep\" style=\"margin-left: auto;margin-right: auto;margin-top:20px;width:100%;\"><\/div><div class=\"fusion-sep-clear\"><\/div><div class=\"fusion-align-block\"><a class=\"fusion-button button-flat button-xlarge button-default fusion-button-default button-1 fusion-button-default-span \" style=\"width:calc(100%);\" target=\"_blank\" rel=\"noopener noreferrer\" title=\"BROCHURE PistenBully 600 Select\" aria-label=\"BROCHURE PistenBully 600 Select\" href=\"\/wp-content\/uploads\/2016\/07\/online-version-beachtech_broschuere-englisch.pdf\"><span class=\"fusion-button-text awb-button__text awb-button__text--default\">DESCARGAR FOLLETO (PDF)<\/span><i class=\" fa fa-file-pdf-o awb-button__icon awb-button__icon--default button-icon-right\" aria-hidden=\"true\"><\/i><\/a><\/div><div class=\"fusion-sep-clear\"><\/div><div class=\"fusion-separator fusion-full-width-sep\" style=\"margin-left: auto;margin-right: auto;margin-top:20px;width:100%;\"><\/div><div class=\"fusion-sep-clear\"><\/div><div class=\"fusion-text fusion-text-1\"><h3>Herramienta perfecta para playas paradis\u00edacas<\/h3>\n<p>Cuando se requiere perfecci\u00f3n en el mantenimiento de playas, el BeachTech 3000 no tiene rivales. Cumple con todos los requerimientos t\u00e9cnicos, ecol\u00f3gicos y econ\u00f3micos exigidos de un veh\u00edculo confiable para la limpieza de playas. Su sistema patentado de zarandeado con doble cinta, limpia completamente y logra los m\u00e1ximos vol\u00famenes de recolecci\u00f3n. Con un manejo confiable y sin complicaciones y con un solo operario, es la soluci\u00f3n m\u00e1s econ\u00f3mica y eficiente para las tareas de limpieza de playas.<\/p>\n<p>Gracias a su ancho de trabajo de 2.500 mm, se puede alcanzar a procesar hasta 30.000 m2 por hora, en arena seca. Aun sobre arena h\u00fameda el BeachTech 3000 alcanza unos respetables 15.000 m2 por hora. La capacidad de limpieza de superficies se ve incrementada ante la posibilidad de combinar las t\u00e9cnicas de zarandeado y rastrillado sin detenerse, con lo cual se reducen los esfuerzos de arrastre y en consecuencia se reduce a\u00fan m\u00e1s el consumo de combustible.<\/p>\n<p>El gran volumen del caj\u00f3n colector trasero del veh\u00edculo, es de 0.7 m3 y el del recolector es de 4.0 m3. De esta forma el BeachTech 3000, tiene una capacidad de carga que hace innecesaria la descarga continua entre trabajos, a\u00fan procesando grandes extensiones.<\/p>\n<p>Se logra una alta eficiencia por la combinaci\u00f3n de t\u00e9cnicas de zarandeado y rastrillado sin interrupciones. Por medio de altas vibraciones en las mallas de la cinta, las part\u00edculas de arena y residuos son higi\u00e9nicamente separadas. De esta forma el BeachTech 3000 ofrece una excepcional capacidad de limpieza con cualquier tipo de arena, tanto seca como h\u00fameda, poco o muy contaminada, trabajando sobre pedregullo, conchilla o algas. De acuerdo a la naturaleza del trabajo ofrecemos mallas de zarandas de distintas tramas.<\/p>\n<p>Otro punto en favor del BeachTech 3000 es su precisa maniobrabilidad sobre todo tipo de terreno. Los niveles de rastrillado, zarandeado y mezclado pueden ser fijados y controlados con exactitud en una sola operaci\u00f3n, hasta una profundidad de 20 cms. Todos los procesos de operaci\u00f3n pueden ser controlados sin esfuerzos desde el asiento de conductor. La conexi\u00f3n y uso de los controles remotos es muy simple.<\/p>\n<p>Niveles de ruido excepcionalmente bajos son de absoluta prioridad cuando se opera cerca de hoteles temprano a la ma\u00f1ana y por la tarde. Estos problemas se resuelven en el BeachTech 300 mediante el sistema de doble malla de zaranda, soportes de goma y transmisi\u00f3n hidr\u00e1ulica.<\/p>\n<p>Su dise\u00f1o robusto resiste f\u00e1cilmente el desgaste que el agua salada y la alta humedad puedan hacerle. Sus bien probados elementos estructurales son galvanizados en caliente para protegerlos de la corrosi\u00f3n y los efectos del clima mediante un esmalte acr\u00edlico de dos componentes.<\/p>\n<p>El BeachTech puede ser equipado con ruedas sensoriales, que aseguran un control constante de la profundidad de trabajo y de la recolecci\u00f3n del material a limpiar, aun sobre terrenos muy desparejos. En lugar de un rolo levantador con dientes met\u00e1licos, se puede colocar un rolo cepillo para superficies muy \u00e1speras como ser pedregullo o c\u00e9sped.<\/p>\n<p>Los requerimientos m\u00ednimos de mantenimiento, tambi\u00e9n tienen un efecto positivo sobre los costos de limpieza de la playa. El suministro asegurado de piezas de repuestos y el servicio confiable, son los puntos fuertes de K\u00e4ssbohrer Gelanderfahrzeug AG.<\/p>\n<\/div><div class=\"fusion-clearfix\"><\/div><\/div><\/div><\/div><\/div><div class=\"fusion-fullwidth fullwidth-box fusion-builder-row-2 hundred-percent-fullwidth non-hundred-percent-height-scrolling\" style=\"--awb-border-radius-top-left:0px;--awb-border-radius-top-right:0px;--awb-border-radius-bottom-right:0px;--awb-border-radius-bottom-left:0px;--awb-overflow:visible;--awb-flex-wrap:wrap;\" ><div class=\"fusion-builder-row fusion-row\"><div class=\"fusion-layout-column fusion_builder_column fusion-builder-column-1 fusion_builder_column_1_1 1_1 fusion-one-full fusion-column-first fusion-column-last fusion-column-no-min-height\" style=\"--awb-bg-size:cover;--awb-margin-top:0px;--awb-margin-bottom:0px;\"><div class=\"fusion-column-wrapper fusion-flex-column-wrapper-legacy\"><div class=\"fusion-video fusion-youtube\" style=\"--awb-max-width:800px;--awb-max-height:550px;\"><div class=\"video-shortcode\"><div class=\"fluid-width-video-wrapper\" style=\"padding-top:68.75%;\" ><iframe title=\"YouTube video player 1\" src=\"https:\/\/www.youtube.com\/embed\/ADsW39jgajc?wmode=transparent&autoplay=0\" width=\"800\" height=\"550\" allowfullscreen allow=\"autoplay; clipboard-write; encrypted-media; gyroscope; picture-in-picture;\"><\/iframe><\/div><\/div><\/div><div class=\"fusion-clearfix\"><\/div><\/div><\/div><\/div><\/div><\/p>\n","protected":false},"excerpt":{"rendered":"","protected":false},"author":1,"featured_media":0,"parent":6526,"menu_order":0,"comment_status":"closed","ping_status":"closed","template":"side-navigation.php","meta":{"footnotes":""},"class_list":["post-6528","page","type-page","status-publish","hentry"],"yoast_head":"<!-- This site is optimized with the Yoast SEO plugin v26.2 - https:\/\/yoast.com\/wordpress\/plugins\/seo\/ -->\n<title>BeachTech 3000 - Telemet<\/title>\n<meta name=\"robots\" content=\"index, follow, max-snippet:-1, max-image-preview:large, max-video-preview:-1\" \/>\n<link rel=\"canonical\" href=\"https:\/\/telemet.com\/es\/beachtech\/beachtech-3000\/\" \/>\n<meta property=\"og:locale\" content=\"es_ES\" \/>\n<meta property=\"og:type\" content=\"article\" \/>\n<meta property=\"og:title\" content=\"BeachTech 3000 - Telemet\" \/>\n<meta property=\"og:url\" content=\"https:\/\/telemet.com\/es\/beachtech\/beachtech-3000\/\" \/>\n<meta property=\"og:site_name\" content=\"Telemet\" \/>\n<meta property=\"article:modified_time\" content=\"2017-04-24T20:44:06+00:00\" \/>\n<meta property=\"og:image\" content=\"https:\/\/telemet.com\/wp-content\/uploads\/2016\/07\/m1-beachtech-3000.jpg\" \/>\n<meta name=\"twitter:card\" content=\"summary_large_image\" \/>\n<meta name=\"twitter:label1\" content=\"Tiempo de lectura\" \/>\n\t<meta name=\"twitter:data1\" content=\"5 minutes\" \/>\n<script type=\"application\/ld+json\" class=\"yoast-schema-graph\">{\"@context\":\"https:\/\/schema.org\",\"@graph\":[{\"@type\":\"WebPage\",\"@id\":\"https:\/\/telemet.com\/es\/beachtech\/beachtech-3000\/\",\"url\":\"https:\/\/telemet.com\/es\/beachtech\/beachtech-3000\/\",\"name\":\"BeachTech 3000 - Telemet\",\"isPartOf\":{\"@id\":\"https:\/\/telemet.com\/es\/#website\"},\"primaryImageOfPage\":{\"@id\":\"https:\/\/telemet.com\/es\/beachtech\/beachtech-3000\/#primaryimage\"},\"image\":{\"@id\":\"https:\/\/telemet.com\/es\/beachtech\/beachtech-3000\/#primaryimage\"},\"thumbnailUrl\":\"https:\/\/telemet.com\/wp-content\/uploads\/2016\/07\/m1-beachtech-3000.jpg\",\"datePublished\":\"2016-07-27T20:25:47+00:00\",\"dateModified\":\"2017-04-24T20:44:06+00:00\",\"breadcrumb\":{\"@id\":\"https:\/\/telemet.com\/es\/beachtech\/beachtech-3000\/#breadcrumb\"},\"inLanguage\":\"es-ES\",\"potentialAction\":[{\"@type\":\"ReadAction\",\"target\":[\"https:\/\/telemet.com\/es\/beachtech\/beachtech-3000\/\"]}]},{\"@type\":\"ImageObject\",\"inLanguage\":\"es-ES\",\"@id\":\"https:\/\/telemet.com\/es\/beachtech\/beachtech-3000\/#primaryimage\",\"url\":\"https:\/\/telemet.com\/wp-content\/uploads\/2016\/07\/m1-beachtech-3000.jpg\",\"contentUrl\":\"https:\/\/telemet.com\/wp-content\/uploads\/2016\/07\/m1-beachtech-3000.jpg\"},{\"@type\":\"BreadcrumbList\",\"@id\":\"https:\/\/telemet.com\/es\/beachtech\/beachtech-3000\/#breadcrumb\",\"itemListElement\":[{\"@type\":\"ListItem\",\"position\":1,\"name\":\"Home\",\"item\":\"https:\/\/telemet.com\/es\/\"},{\"@type\":\"ListItem\",\"position\":2,\"name\":\"BeachTech\",\"item\":\"https:\/\/telemet.com\/es\/beachtech\/\"},{\"@type\":\"ListItem\",\"position\":3,\"name\":\"BeachTech 3000\"}]},{\"@type\":\"WebSite\",\"@id\":\"https:\/\/telemet.com\/es\/#website\",\"url\":\"https:\/\/telemet.com\/es\/\",\"name\":\"Telemet, Inc.\",\"description\":\"Efficiency through Simplicity\",\"potentialAction\":[{\"@type\":\"SearchAction\",\"target\":{\"@type\":\"EntryPoint\",\"urlTemplate\":\"https:\/\/telemet.com\/es\/?s={search_term_string}\"},\"query-input\":{\"@type\":\"PropertyValueSpecification\",\"valueRequired\":true,\"valueName\":\"search_term_string\"}}],\"inLanguage\":\"es-ES\"}]}<\/script>\n<!-- \/ Yoast SEO plugin. -->","yoast_head_json":{"title":"BeachTech 3000 - Telemet","robots":{"index":"index","follow":"follow","max-snippet":"max-snippet:-1","max-image-preview":"max-image-preview:large","max-video-preview":"max-video-preview:-1"},"canonical":"https:\/\/telemet.com\/es\/beachtech\/beachtech-3000\/","og_locale":"es_ES","og_type":"article","og_title":"BeachTech 3000 - Telemet","og_url":"https:\/\/telemet.com\/es\/beachtech\/beachtech-3000\/","og_site_name":"Telemet","article_modified_time":"2017-04-24T20:44:06+00:00","og_image":[{"url":"https:\/\/telemet.com\/wp-content\/uploads\/2016\/07\/m1-beachtech-3000.jpg","type":"","width":"","height":""}],"twitter_card":"summary_large_image","twitter_misc":{"Tiempo de lectura":"5 minutes"},"schema":{"@context":"https:\/\/schema.org","@graph":[{"@type":"WebPage","@id":"https:\/\/telemet.com\/es\/beachtech\/beachtech-3000\/","url":"https:\/\/telemet.com\/es\/beachtech\/beachtech-3000\/","name":"BeachTech 3000 - Telemet","isPartOf":{"@id":"https:\/\/telemet.com\/es\/#website"},"primaryImageOfPage":{"@id":"https:\/\/telemet.com\/es\/beachtech\/beachtech-3000\/#primaryimage"},"image":{"@id":"https:\/\/telemet.com\/es\/beachtech\/beachtech-3000\/#primaryimage"},"thumbnailUrl":"https:\/\/telemet.com\/wp-content\/uploads\/2016\/07\/m1-beachtech-3000.jpg","datePublished":"2016-07-27T20:25:47+00:00","dateModified":"2017-04-24T20:44:06+00:00","breadcrumb":{"@id":"https:\/\/telemet.com\/es\/beachtech\/beachtech-3000\/#breadcrumb"},"inLanguage":"es-ES","potentialAction":[{"@type":"ReadAction","target":["https:\/\/telemet.com\/es\/beachtech\/beachtech-3000\/"]}]},{"@type":"ImageObject","inLanguage":"es-ES","@id":"https:\/\/telemet.com\/es\/beachtech\/beachtech-3000\/#primaryimage","url":"https:\/\/telemet.com\/wp-content\/uploads\/2016\/07\/m1-beachtech-3000.jpg","contentUrl":"https:\/\/telemet.com\/wp-content\/uploads\/2016\/07\/m1-beachtech-3000.jpg"},{"@type":"BreadcrumbList","@id":"https:\/\/telemet.com\/es\/beachtech\/beachtech-3000\/#breadcrumb","itemListElement":[{"@type":"ListItem","position":1,"name":"Home","item":"https:\/\/telemet.com\/es\/"},{"@type":"ListItem","position":2,"name":"BeachTech","item":"https:\/\/telemet.com\/es\/beachtech\/"},{"@type":"ListItem","position":3,"name":"BeachTech 3000"}]},{"@type":"WebSite","@id":"https:\/\/telemet.com\/es\/#website","url":"https:\/\/telemet.com\/es\/","name":"Telemet, Inc.","description":"Efficiency through Simplicity","potentialAction":[{"@type":"SearchAction","target":{"@type":"EntryPoint","urlTemplate":"https:\/\/telemet.com\/es\/?s={search_term_string}"},"query-input":{"@type":"PropertyValueSpecification","valueRequired":true,"valueName":"search_term_string"}}],"inLanguage":"es-ES"}]}},"_links":{"self":[{"href":"https:\/\/telemet.com\/es\/wp-json\/wp\/v2\/pages\/6528","targetHints":{"allow":["GET"]}}],"collection":[{"href":"https:\/\/telemet.com\/es\/wp-json\/wp\/v2\/pages"}],"about":[{"href":"https:\/\/telemet.com\/es\/wp-json\/wp\/v2\/types\/page"}],"author":[{"embeddable":true,"href":"https:\/\/telemet.com\/es\/wp-json\/wp\/v2\/users\/1"}],"replies":[{"embeddable":true,"href":"https:\/\/telemet.com\/es\/wp-json\/wp\/v2\/comments?post=6528"}],"version-history":[{"count":5,"href":"https:\/\/telemet.com\/es\/wp-json\/wp\/v2\/pages\/6528\/revisions"}],"predecessor-version":[{"id":8501,"href":"https:\/\/telemet.com\/es\/wp-json\/wp\/v2\/pages\/6528\/revisions\/8501"}],"up":[{"embeddable":true,"href":"https:\/\/telemet.com\/es\/wp-json\/wp\/v2\/pages\/6526"}],"wp:attachment":[{"href":"https:\/\/telemet.com\/es\/wp-json\/wp\/v2\/media?parent=6528"}],"curies":[{"name":"wp","href":"https:\/\/api.w.org\/{rel}","templated":true}]}}