{"id":6535,"date":"2016-07-27T20:33:06","date_gmt":"2016-07-27T20:33:06","guid":{"rendered":"http:\/\/telemet.com\/beachtech\/beachtech-2000\/?lang=es"},"modified":"2020-11-02T18:44:37","modified_gmt":"2020-11-02T18:44:37","slug":"beachtech-2000","status":"publish","type":"page","link":"https:\/\/telemet.com\/es\/beachtech\/beachtech-2000\/","title":{"rendered":"BeachTech 2000"},"content":{"rendered":"<p><div class=\"fusion-fullwidth fullwidth-box fusion-builder-row-1 nonhundred-percent-fullwidth non-hundred-percent-height-scrolling\" style=\"--awb-background-position:left top;--awb-border-sizes-top:0px;--awb-border-sizes-bottom:0px;--awb-border-sizes-left:0px;--awb-border-sizes-right:0px;--awb-border-radius-top-left:0px;--awb-border-radius-top-right:0px;--awb-border-radius-bottom-right:0px;--awb-border-radius-bottom-left:0px;--awb-padding-top:0px;--awb-padding-bottom:20px;--awb-flex-wrap:wrap;\" ><div class=\"fusion-builder-row fusion-row\"><div class=\"fusion-layout-column fusion_builder_column fusion-builder-column-0 fusion_builder_column_1_1 1_1 fusion-one-full fusion-column-first fusion-column-last fusion-column-no-min-height\" style=\"--awb-bg-size:cover;--awb-margin-top:0px;--awb-margin-bottom:0px;\"><div class=\"fusion-column-wrapper fusion-flex-column-wrapper-legacy\"><div class=\"fusion-image-carousel fusion-image-carousel-auto fusion-image-carousel-1\"><div class=\"awb-carousel awb-swiper awb-swiper-carousel awb-carousel--carousel awb-swiper-dots-position-bottom\" data-layout=\"carousel\" data-autoplay=\"yes\" data-autoplayspeed=\"2500\" data-autoplaypause=\"no\" data-columns=\"1\" data-columnsmedium=\"1\" data-columnssmall=\"1\" data-itemmargin=\"13\" data-itemwidth=\"180\" data-touchscroll=\"no\" data-freemode=\"no\" data-imagesize=\"auto\" data-scrollitems=\"0\" data-centeredslides=\"no\" data-rotationangle=\"50\" data-depth=\"100\" data-speed=\"500\" data-shadow=\"no\" data-pagination=\"bullets\" style=\"--awb-columns:1;\"><div class=\"swiper-wrapper awb-image-carousel-wrapper fusion-flex-align-items-center\"><div class=\"swiper-slide\"><div class=\"fusion-carousel-item-wrapper\"><div class=\"fusion-image-wrapper hover-type-none\"><img decoding=\"async\" width=\"1000\" height=\"691\" src=\"https:\/\/telemet.com\/wp-content\/uploads\/2020\/11\/bt-2000-desinfeccion-5.jpg\" class=\"attachment-full size-full\" alt=\"\" srcset=\"https:\/\/telemet.com\/wp-content\/uploads\/2020\/11\/bt-2000-desinfeccion-5-200x138.jpg 200w, https:\/\/telemet.com\/wp-content\/uploads\/2020\/11\/bt-2000-desinfeccion-5-300x207.jpg 300w, https:\/\/telemet.com\/wp-content\/uploads\/2020\/11\/bt-2000-desinfeccion-5-400x276.jpg 400w, https:\/\/telemet.com\/wp-content\/uploads\/2020\/11\/bt-2000-desinfeccion-5-600x415.jpg 600w, https:\/\/telemet.com\/wp-content\/uploads\/2020\/11\/bt-2000-desinfeccion-5-768x531.jpg 768w, https:\/\/telemet.com\/wp-content\/uploads\/2020\/11\/bt-2000-desinfeccion-5-800x553.jpg 800w, https:\/\/telemet.com\/wp-content\/uploads\/2020\/11\/bt-2000-desinfeccion-5.jpg 1000w\" sizes=\"(max-width: 1000px) 100vw, 1000px\" \/><\/div><\/div><\/div><div class=\"swiper-slide\"><div class=\"fusion-carousel-item-wrapper\"><div class=\"fusion-image-wrapper hover-type-none\"><img decoding=\"async\" width=\"1000\" height=\"691\" src=\"https:\/\/telemet.com\/wp-content\/uploads\/2020\/11\/bt-2000-desinfeccion-3.jpg\" class=\"attachment-full size-full\" alt=\"\" srcset=\"https:\/\/telemet.com\/wp-content\/uploads\/2020\/11\/bt-2000-desinfeccion-3-200x138.jpg 200w, https:\/\/telemet.com\/wp-content\/uploads\/2020\/11\/bt-2000-desinfeccion-3-300x207.jpg 300w, https:\/\/telemet.com\/wp-content\/uploads\/2020\/11\/bt-2000-desinfeccion-3-400x276.jpg 400w, https:\/\/telemet.com\/wp-content\/uploads\/2020\/11\/bt-2000-desinfeccion-3-600x415.jpg 600w, https:\/\/telemet.com\/wp-content\/uploads\/2020\/11\/bt-2000-desinfeccion-3-768x531.jpg 768w, https:\/\/telemet.com\/wp-content\/uploads\/2020\/11\/bt-2000-desinfeccion-3-800x553.jpg 800w, https:\/\/telemet.com\/wp-content\/uploads\/2020\/11\/bt-2000-desinfeccion-3.jpg 1000w\" sizes=\"(max-width: 1000px) 100vw, 1000px\" \/><\/div><\/div><\/div><div class=\"swiper-slide\"><div class=\"fusion-carousel-item-wrapper\"><div class=\"fusion-image-wrapper hover-type-none\"><img decoding=\"async\" width=\"1000\" height=\"691\" src=\"https:\/\/telemet.com\/wp-content\/uploads\/2020\/11\/m1-beachtech-2000-3.jpg\" class=\"attachment-full size-full\" alt=\"\" srcset=\"https:\/\/telemet.com\/wp-content\/uploads\/2020\/11\/m1-beachtech-2000-3-200x138.jpg 200w, https:\/\/telemet.com\/wp-content\/uploads\/2020\/11\/m1-beachtech-2000-3-300x207.jpg 300w, https:\/\/telemet.com\/wp-content\/uploads\/2020\/11\/m1-beachtech-2000-3-400x276.jpg 400w, https:\/\/telemet.com\/wp-content\/uploads\/2020\/11\/m1-beachtech-2000-3-600x415.jpg 600w, https:\/\/telemet.com\/wp-content\/uploads\/2020\/11\/m1-beachtech-2000-3-768x531.jpg 768w, https:\/\/telemet.com\/wp-content\/uploads\/2020\/11\/m1-beachtech-2000-3-800x553.jpg 800w, https:\/\/telemet.com\/wp-content\/uploads\/2020\/11\/m1-beachtech-2000-3.jpg 1000w\" sizes=\"(max-width: 1000px) 100vw, 1000px\" \/><\/div><\/div><\/div><\/div><div class=\"awb-swiper-button awb-swiper-button-prev\"><i class=\"awb-icon-angle-left\" aria-hidden=\"true\"><\/i><\/div><div class=\"awb-swiper-button awb-swiper-button-next\"><i class=\"awb-icon-angle-right\" aria-hidden=\"true\"><\/i><\/div><\/div><\/div><div class=\"fusion-title title fusion-title-1 sep-underline sep-solid fusion-title-text fusion-title-size-three\"><h3 class=\"fusion-title-heading title-heading-left fusion-responsive-typography-calculated\" style=\"margin:0;--fontSize:32;line-height:1.25;\"><p style=\"text-align: center;\">Unico equipo con sistema de desinfecci\u00f3n de f\u00e1brica.<\/p><\/h3><\/div><div class=\"fusion-sep-clear\"><\/div><div class=\"fusion-separator fusion-full-width-sep\" style=\"margin-left: auto;margin-right: auto;margin-top:20px;width:100%;\"><\/div><div class=\"fusion-sep-clear\"><\/div><div class=\"fusion-align-block\"><a class=\"fusion-button button-flat button-xlarge button-default fusion-button-default button-1 fusion-button-default-span \" style=\"--button-border-radius-top-left:0;--button-border-radius-top-right:0;--button-border-radius-bottom-right:0;--button-border-radius-bottom-left:0;width:calc(100%);\" target=\"_blank\" rel=\"noopener noreferrer\" title=\"BROCHURE PistenBully 600 Select\" aria-label=\"BROCHURE PistenBully 600 Select\" href=\"\/wp-content\/uploads\/2016\/07\/online-version-beachtech_broschuere-englisch.pdf\"><span class=\"fusion-button-text awb-button__text awb-button__text--default\">Descargar folleto (PDF)<\/span><i class=\" fa fa-file-pdf-o awb-button__icon awb-button__icon--default button-icon-right\" aria-hidden=\"true\"><\/i><\/a><\/div><div class=\"fusion-sep-clear\"><\/div><div class=\"fusion-separator fusion-full-width-sep\" style=\"margin-left: auto;margin-right: auto;margin-top:20px;width:100%;\"><\/div><div class=\"fusion-sep-clear\"><\/div><div class=\"fusion-text fusion-text-1\"><h3>Un Multiuso<\/h3>\n<p>Maniobrable y compacto, nuestro m\u00e1s peque\u00f1o BeachTech modelo 2000, est\u00e1 especialmente adaptado para el mantenimiento de secciones de playa de un tama\u00f1o mediano, y otras \u00e1reas de dif\u00edcil acceso como ser entre las sombrillas y sillas playeras. A pesar de ser m\u00e1s peque\u00f1o que el BeachTech 3000, este veh\u00edculo para la limpieza de playas, tambi\u00e9n utiliza las t\u00e9cnicas probadas y patentadas de rastrillado y zarandeado y sus combinaciones. Esto asegura un mantenimiento econ\u00f3mico y eficiente de las playas, satisfaciendo de la mejor manera posible, los requerimientos de sus hu\u00e9spedes.<\/p>\n<p>La gran \u00e1rea de limpieza del BeachTech 2000 convence de inmediato. Con un \u00e1rea de trabajo de 1.800mm puede cubrir 20.000 m<sup>2<\/sup> por hora en arena seca y 8.500 m2 por hora, sobre una superficie h\u00fameda. Como las t\u00e9cnicas de limpieza pueden ser cambiadas o combinadas sin interrumpir el trabajo, se aumenta aun m\u00e1s la zona limpiada.<\/p>\n<p>La capacidad del volquete es de 1,5 m<sup>3<\/sup>. Con una altura de descarga de 2.25 m, los residuos pueden descargarse directamente sobre un cami\u00f3n o acoplado con los laterales rebatibles.<\/p>\n<p>BeachTech 2000 permite realizar operaciones alternativas con solo cambiar el rolo convencional, por un cepillo para la limpieza de \u00e1reas con c\u00e9sped o pedregullo. De esta forma, este veh\u00edculo para la limpieza de playas puede ser usado para el mantenimiento de parques, \u00e1reas de deportes y mucho m\u00e1s.<\/p>\n<p>Su dise\u00f1o robusto ha sido concebido teniendo en cuenta la incidencia que el agua salada y la alta humedad puedan tener sobre el veh\u00edculo. Sus bien probados elementos estructurales permanecen intactos aun cuando se mantiene el veh\u00edculo fuera de uso por largos per\u00edodos. Han sido galvanizados para evitar la corrosi\u00f3n, al tiempo que mantenerse protegidos de los efectos clim\u00e1ticos naturales.<\/p>\n<\/div><div class=\"fusion-clearfix\"><\/div><\/div><\/div><\/div><\/div><div class=\"fusion-fullwidth fullwidth-box fusion-builder-row-2 hundred-percent-fullwidth non-hundred-percent-height-scrolling\" style=\"--awb-border-radius-top-left:0px;--awb-border-radius-top-right:0px;--awb-border-radius-bottom-right:0px;--awb-border-radius-bottom-left:0px;--awb-overflow:visible;--awb-flex-wrap:wrap;\" ><div class=\"fusion-builder-row fusion-row\"><div class=\"fusion-layout-column fusion_builder_column fusion-builder-column-1 fusion_builder_column_1_1 1_1 fusion-one-full fusion-column-first fusion-column-last fusion-column-no-min-height\" style=\"--awb-bg-size:cover;--awb-margin-top:0px;--awb-margin-bottom:0px;\"><div class=\"fusion-column-wrapper fusion-flex-column-wrapper-legacy\"><div class=\"fusion-video fusion-youtube\" style=\"--awb-max-width:800px;--awb-max-height:550px;\"><div class=\"video-shortcode\"><div class=\"fluid-width-video-wrapper\" style=\"padding-top:68.75%;\" ><iframe title=\"YouTube video player 1\" src=\"https:\/\/www.youtube.com\/embed\/MWjqf70A-8w?wmode=transparent&autoplay=0\" width=\"800\" height=\"550\" allowfullscreen allow=\"autoplay; clipboard-write; encrypted-media; gyroscope; picture-in-picture;\"><\/iframe><\/div><\/div><\/div><div class=\"fusion-sep-clear\"><\/div><div class=\"fusion-separator fusion-full-width-sep\" style=\"margin-left: auto;margin-right: auto;margin-top:20px;width:100%;\"><\/div><div class=\"fusion-sep-clear\"><\/div><div class=\"fusion-video fusion-youtube\" style=\"--awb-max-width:800px;--awb-max-height:550px;\"><div class=\"video-shortcode\"><div class=\"fluid-width-video-wrapper\" style=\"padding-top:68.75%;\" ><iframe title=\"YouTube video player 2\" src=\"https:\/\/www.youtube.com\/embed\/5rbn2dNSUyM?wmode=transparent&autoplay=0\" width=\"800\" height=\"550\" allowfullscreen allow=\"autoplay; clipboard-write; encrypted-media; gyroscope; picture-in-picture;\"><\/iframe><\/div><\/div><\/div><div class=\"fusion-clearfix\"><\/div><\/div><\/div><\/div><\/div><\/p>\n","protected":false},"excerpt":{"rendered":"","protected":false},"author":1,"featured_media":0,"parent":6526,"menu_order":4,"comment_status":"closed","ping_status":"closed","template":"side-navigation.php","meta":{"footnotes":""},"class_list":["post-6535","page","type-page","status-publish","hentry"],"yoast_head":"<!-- This site is optimized with the Yoast SEO plugin v26.2 - https:\/\/yoast.com\/wordpress\/plugins\/seo\/ -->\n<title>BeachTech 2000 - Telemet<\/title>\n<meta name=\"description\" content=\"Maniobrable y compacto, nuestro BeachTech 2000, est\u00e1 adaptado para el mantenimiento de secciones de playa de un tama\u00f1o mediano, y \u00e1reas de dif\u00edcil acceso.\" \/>\n<meta name=\"robots\" content=\"index, follow, max-snippet:-1, max-image-preview:large, max-video-preview:-1\" \/>\n<link rel=\"canonical\" href=\"https:\/\/telemet.com\/es\/beachtech\/beachtech-2000\/\" \/>\n<meta property=\"og:locale\" content=\"es_ES\" \/>\n<meta property=\"og:type\" content=\"article\" \/>\n<meta property=\"og:title\" content=\"BeachTech 2000 - Telemet\" \/>\n<meta property=\"og:description\" content=\"Maniobrable y compacto, nuestro BeachTech 2000, est\u00e1 adaptado para el mantenimiento de secciones de playa de un tama\u00f1o mediano, y \u00e1reas de dif\u00edcil acceso.\" \/>\n<meta property=\"og:url\" content=\"https:\/\/telemet.com\/es\/beachtech\/beachtech-2000\/\" \/>\n<meta property=\"og:site_name\" content=\"Telemet\" \/>\n<meta property=\"article:modified_time\" content=\"2020-11-02T18:44:37+00:00\" \/>\n<meta name=\"twitter:card\" content=\"summary_large_image\" \/>\n<meta name=\"twitter:label1\" content=\"Tiempo de lectura\" \/>\n\t<meta name=\"twitter:data1\" content=\"5 minutes\" \/>\n<script type=\"application\/ld+json\" class=\"yoast-schema-graph\">{\"@context\":\"https:\/\/schema.org\",\"@graph\":[{\"@type\":\"WebPage\",\"@id\":\"https:\/\/telemet.com\/es\/beachtech\/beachtech-2000\/\",\"url\":\"https:\/\/telemet.com\/es\/beachtech\/beachtech-2000\/\",\"name\":\"BeachTech 2000 - Telemet\",\"isPartOf\":{\"@id\":\"https:\/\/telemet.com\/es\/#website\"},\"datePublished\":\"2016-07-27T20:33:06+00:00\",\"dateModified\":\"2020-11-02T18:44:37+00:00\",\"description\":\"Maniobrable y compacto, nuestro BeachTech 2000, est\u00e1 adaptado para el mantenimiento de secciones de playa de un tama\u00f1o mediano, y \u00e1reas de dif\u00edcil acceso.\",\"breadcrumb\":{\"@id\":\"https:\/\/telemet.com\/es\/beachtech\/beachtech-2000\/#breadcrumb\"},\"inLanguage\":\"es-ES\",\"potentialAction\":[{\"@type\":\"ReadAction\",\"target\":[\"https:\/\/telemet.com\/es\/beachtech\/beachtech-2000\/\"]}]},{\"@type\":\"BreadcrumbList\",\"@id\":\"https:\/\/telemet.com\/es\/beachtech\/beachtech-2000\/#breadcrumb\",\"itemListElement\":[{\"@type\":\"ListItem\",\"position\":1,\"name\":\"Home\",\"item\":\"https:\/\/telemet.com\/es\/\"},{\"@type\":\"ListItem\",\"position\":2,\"name\":\"BeachTech\",\"item\":\"https:\/\/telemet.com\/es\/beachtech\/\"},{\"@type\":\"ListItem\",\"position\":3,\"name\":\"BeachTech 2000\"}]},{\"@type\":\"WebSite\",\"@id\":\"https:\/\/telemet.com\/es\/#website\",\"url\":\"https:\/\/telemet.com\/es\/\",\"name\":\"Telemet, Inc.\",\"description\":\"Efficiency through Simplicity\",\"potentialAction\":[{\"@type\":\"SearchAction\",\"target\":{\"@type\":\"EntryPoint\",\"urlTemplate\":\"https:\/\/telemet.com\/es\/?s={search_term_string}\"},\"query-input\":{\"@type\":\"PropertyValueSpecification\",\"valueRequired\":true,\"valueName\":\"search_term_string\"}}],\"inLanguage\":\"es-ES\"}]}<\/script>\n<!-- \/ Yoast SEO plugin. -->","yoast_head_json":{"title":"BeachTech 2000 - Telemet","description":"Maniobrable y compacto, nuestro BeachTech 2000, est\u00e1 adaptado para el mantenimiento de secciones de playa de un tama\u00f1o mediano, y \u00e1reas de dif\u00edcil acceso.","robots":{"index":"index","follow":"follow","max-snippet":"max-snippet:-1","max-image-preview":"max-image-preview:large","max-video-preview":"max-video-preview:-1"},"canonical":"https:\/\/telemet.com\/es\/beachtech\/beachtech-2000\/","og_locale":"es_ES","og_type":"article","og_title":"BeachTech 2000 - Telemet","og_description":"Maniobrable y compacto, nuestro BeachTech 2000, est\u00e1 adaptado para el mantenimiento de secciones de playa de un tama\u00f1o mediano, y \u00e1reas de dif\u00edcil acceso.","og_url":"https:\/\/telemet.com\/es\/beachtech\/beachtech-2000\/","og_site_name":"Telemet","article_modified_time":"2020-11-02T18:44:37+00:00","twitter_card":"summary_large_image","twitter_misc":{"Tiempo de lectura":"5 minutes"},"schema":{"@context":"https:\/\/schema.org","@graph":[{"@type":"WebPage","@id":"https:\/\/telemet.com\/es\/beachtech\/beachtech-2000\/","url":"https:\/\/telemet.com\/es\/beachtech\/beachtech-2000\/","name":"BeachTech 2000 - Telemet","isPartOf":{"@id":"https:\/\/telemet.com\/es\/#website"},"datePublished":"2016-07-27T20:33:06+00:00","dateModified":"2020-11-02T18:44:37+00:00","description":"Maniobrable y compacto, nuestro BeachTech 2000, est\u00e1 adaptado para el mantenimiento de secciones de playa de un tama\u00f1o mediano, y \u00e1reas de dif\u00edcil acceso.","breadcrumb":{"@id":"https:\/\/telemet.com\/es\/beachtech\/beachtech-2000\/#breadcrumb"},"inLanguage":"es-ES","potentialAction":[{"@type":"ReadAction","target":["https:\/\/telemet.com\/es\/beachtech\/beachtech-2000\/"]}]},{"@type":"BreadcrumbList","@id":"https:\/\/telemet.com\/es\/beachtech\/beachtech-2000\/#breadcrumb","itemListElement":[{"@type":"ListItem","position":1,"name":"Home","item":"https:\/\/telemet.com\/es\/"},{"@type":"ListItem","position":2,"name":"BeachTech","item":"https:\/\/telemet.com\/es\/beachtech\/"},{"@type":"ListItem","position":3,"name":"BeachTech 2000"}]},{"@type":"WebSite","@id":"https:\/\/telemet.com\/es\/#website","url":"https:\/\/telemet.com\/es\/","name":"Telemet, Inc.","description":"Efficiency through Simplicity","potentialAction":[{"@type":"SearchAction","target":{"@type":"EntryPoint","urlTemplate":"https:\/\/telemet.com\/es\/?s={search_term_string}"},"query-input":{"@type":"PropertyValueSpecification","valueRequired":true,"valueName":"search_term_string"}}],"inLanguage":"es-ES"}]}},"_links":{"self":[{"href":"https:\/\/telemet.com\/es\/wp-json\/wp\/v2\/pages\/6535","targetHints":{"allow":["GET"]}}],"collection":[{"href":"https:\/\/telemet.com\/es\/wp-json\/wp\/v2\/pages"}],"about":[{"href":"https:\/\/telemet.com\/es\/wp-json\/wp\/v2\/types\/page"}],"author":[{"embeddable":true,"href":"https:\/\/telemet.com\/es\/wp-json\/wp\/v2\/users\/1"}],"replies":[{"embeddable":true,"href":"https:\/\/telemet.com\/es\/wp-json\/wp\/v2\/comments?post=6535"}],"version-history":[{"count":9,"href":"https:\/\/telemet.com\/es\/wp-json\/wp\/v2\/pages\/6535\/revisions"}],"predecessor-version":[{"id":11196,"href":"https:\/\/telemet.com\/es\/wp-json\/wp\/v2\/pages\/6535\/revisions\/11196"}],"up":[{"embeddable":true,"href":"https:\/\/telemet.com\/es\/wp-json\/wp\/v2\/pages\/6526"}],"wp:attachment":[{"href":"https:\/\/telemet.com\/es\/wp-json\/wp\/v2\/media?parent=6535"}],"curies":[{"name":"wp","href":"https:\/\/api.w.org\/{rel}","templated":true}]}}