{"id":6537,"date":"2016-07-27T20:35:48","date_gmt":"2016-07-27T20:35:48","guid":{"rendered":"http:\/\/telemet.com\/beachtech\/marina\/?lang=es"},"modified":"2017-04-24T20:44:06","modified_gmt":"2017-04-24T20:44:06","slug":"marina","status":"publish","type":"page","link":"https:\/\/telemet.com\/es\/beachtech\/marina\/","title":{"rendered":"BeachTech Marina"},"content":{"rendered":"<p><div class=\"fusion-fullwidth fullwidth-box fusion-builder-row-1 nonhundred-percent-fullwidth non-hundred-percent-height-scrolling\" style=\"--awb-background-position:left top;--awb-border-radius-top-left:0px;--awb-border-radius-top-right:0px;--awb-border-radius-bottom-right:0px;--awb-border-radius-bottom-left:0px;--awb-padding-top:0px;--awb-padding-bottom:20px;--awb-border-sizes-top:0px;--awb-border-sizes-bottom:0px;--awb-flex-wrap:wrap;\" ><div class=\"fusion-builder-row fusion-row\"><div class=\"fusion-layout-column fusion_builder_column fusion-builder-column-0 fusion_builder_column_1_1 1_1 fusion-one-full fusion-column-first fusion-column-last fusion-column-no-min-height\" style=\"--awb-bg-size:cover;--awb-margin-top:0px;--awb-margin-bottom:0px;\"><div class=\"fusion-column-wrapper fusion-flex-column-wrapper-legacy\"><div class=\"fusion-image-element in-legacy-container\" style=\"--awb-caption-title-font-family:var(--h2_typography-font-family);--awb-caption-title-font-weight:var(--h2_typography-font-weight);--awb-caption-title-font-style:var(--h2_typography-font-style);--awb-caption-title-size:var(--h2_typography-font-size);--awb-caption-title-transform:var(--h2_typography-text-transform);--awb-caption-title-line-height:var(--h2_typography-line-height);--awb-caption-title-letter-spacing:var(--h2_typography-letter-spacing);\"><span class=\" fusion-imageframe imageframe-none imageframe-1 hover-type-none\"><img decoding=\"async\" width=\"1000\" height=\"628\" title=\"m1-beachtech-marina\" src=\"https:\/\/telemet.com\/wp-content\/uploads\/2016\/07\/m1-beachtech-marina.jpg\" alt class=\"img-responsive wp-image-2290\" srcset=\"https:\/\/telemet.com\/wp-content\/uploads\/2016\/07\/m1-beachtech-marina-200x126.jpg 200w, https:\/\/telemet.com\/wp-content\/uploads\/2016\/07\/m1-beachtech-marina-400x251.jpg 400w, https:\/\/telemet.com\/wp-content\/uploads\/2016\/07\/m1-beachtech-marina-600x377.jpg 600w, https:\/\/telemet.com\/wp-content\/uploads\/2016\/07\/m1-beachtech-marina-800x502.jpg 800w, https:\/\/telemet.com\/wp-content\/uploads\/2016\/07\/m1-beachtech-marina.jpg 1000w\" sizes=\"(max-width: 800px) 100vw, 1000px\" \/><\/span><\/div><div class=\"fusion-sep-clear\"><\/div><div class=\"fusion-separator fusion-full-width-sep\" style=\"margin-left: auto;margin-right: auto;margin-top:20px;width:100%;\"><\/div><div class=\"fusion-sep-clear\"><\/div><div class=\"fusion-align-block\"><a class=\"fusion-button button-flat button-xlarge button-default fusion-button-default button-1 fusion-button-default-span \" style=\"width:calc(100%);\" target=\"_blank\" rel=\"noopener noreferrer\" title=\"BROCHURE PistenBully 600 Select\" aria-label=\"BROCHURE PistenBully 600 Select\" href=\"\/wp-content\/uploads\/2016\/07\/online-version-beachtech_broschuere-englisch.pdf\"><span class=\"fusion-button-text awb-button__text awb-button__text--default\">DESCARGAR FOLLETO (PDF)<\/span><i class=\" fa fa-file-pdf-o awb-button__icon awb-button__icon--default button-icon-right\" aria-hidden=\"true\"><\/i><\/a><\/div><div class=\"fusion-sep-clear\"><\/div><div class=\"fusion-separator fusion-full-width-sep\" style=\"margin-left: auto;margin-right: auto;margin-top:20px;width:100%;\"><\/div><div class=\"fusion-sep-clear\"><\/div><div class=\"fusion-text fusion-text-1\"><p>Playas so\u00f1adas, son playas limpias: Para relajarse, tomar sol, so\u00f1ar y juegos para los ni\u00f1os. Siempre como si ellos fueran los primeros en descubrirlo. Con los limpiadores de playa de\u00a0BeachTech todos los d\u00edas como nuevos.<\/p>\n<p>Con un radio de giro m\u00e1ximo de 4,1 metros, puede trabajar sin problemas en aquellos lugares estrechos y de dif\u00edcil acceso. Sus dimensiones angostas y bajas, y su dise\u00f1o especial y compacto, facilitan su pasaje a trav\u00e9s de peque\u00f1as aperturas y obst\u00e1culos (sombrillas, etc).<\/p>\n<p>Su motor de 4 cilindros Turbo diesel de 42 hp, la transmisi\u00f3n hidrost\u00e1tica en las cuatro ruedas, el bloqueador de diferencial y las cubiertas de baja presi\u00f3n garantizan que este BeachTech puede acceder a cualquier lugar.<\/p>\n<p>El ancho de este veh\u00edculo es variable con un ancho efectivo de limpieza de 1,400 mm. La eficiencia m\u00e1xima de limpieza puede llegar a los 15.000 m<sup>2<\/sup>\/h. El BeachTech Marina est\u00e1 habilitado para circular por caminos con lo que se lo puede desplazar f\u00e1cilmente de una playa a otra.<\/p>\n<h3>Modo de operaci\u00f3n<\/h3>\n<p>El principio probado y ensayado de ajustar individualmente el rastrillado, zarandeado y mezclado genera \u00f3ptimos resultados de limpieza, los que son incrementados en el BeachTech Marina mediante el uso de una cinta de zarandeado larga. El sistema comprobado de rolos vibradores centrales asegura la m\u00e1s perfecta limpieza en arena seca, como as\u00ed tambi\u00e9n una r\u00e1pida limpieza en arena h\u00fameda. El nuevo dise\u00f1o de los rolos geom\u00e9tricos centrales, hacen que s\u00f3lo oscile la cinta de zarandeado y no la estructura. Una doble elevaci\u00f3n por rotaci\u00f3n aumenta la efectividad del zarandeado. Los rolos centrales son impulsados por el movimiento de la cinta y no por correas en V. Esto hace que el mantenimiento de la unidad de zarandeado sea mucho m\u00e1s f\u00e1cil. Esta t\u00e9cnica hace que el BeachTech Marina separe hasta los residuos m\u00e1s peque\u00f1os como colillas de cigarrillos, trozos de vidrio, etc.<\/p>\n<h3>Una estructura \u00e1gil y robusta<\/h3>\n<p>La durabilidad del BeachTech Marina est\u00e1 garantizada por componentes probados y ensayados. Este veh\u00edculo es particularmente fuerte y f\u00e1cil de operar debido a su bajo centro de gravedad. La estructura y componentes est\u00e1n galvanizadas en caliente para prevenir la corrosi\u00f3n provocada por el agua salada.<\/p>\n<h3>Uso<\/h3>\n<p>El equipamiento standard del BeachTech Marina es de una cabina abierta para dos personas, con un cobertor para el sol. Est\u00e1 disponible una cabina cerrada como opcional. Hasta puede ser usada para llevar pasajeros de un lugar a otro. El tama\u00f1o del contenedor de colecci\u00f3n es de 0.5 m<sup>3<\/sup>. Tambi\u00e9n tiene una plataforma de carga de 1.4 m x 1 m en la cual se puede transportar cualquier tipo de material.<\/p>\n<\/div><div class=\"fusion-clearfix\"><\/div><\/div><\/div><\/div><\/div><div class=\"fusion-fullwidth fullwidth-box fusion-builder-row-2 hundred-percent-fullwidth non-hundred-percent-height-scrolling\" style=\"--awb-border-radius-top-left:0px;--awb-border-radius-top-right:0px;--awb-border-radius-bottom-right:0px;--awb-border-radius-bottom-left:0px;--awb-overflow:visible;--awb-flex-wrap:wrap;\" ><div class=\"fusion-builder-row fusion-row\"><div class=\"fusion-layout-column fusion_builder_column fusion-builder-column-1 fusion_builder_column_1_1 1_1 fusion-one-full fusion-column-first fusion-column-last fusion-column-no-min-height\" style=\"--awb-bg-size:cover;--awb-margin-top:0px;--awb-margin-bottom:0px;\"><div class=\"fusion-column-wrapper fusion-flex-column-wrapper-legacy\"><div class=\"fusion-video fusion-youtube\" style=\"--awb-max-width:800px;--awb-max-height:550px;\"><div class=\"video-shortcode\"><div class=\"fluid-width-video-wrapper\" style=\"padding-top:68.75%;\" ><iframe title=\"YouTube video player 1\" src=\"https:\/\/www.youtube.com\/embed\/oWI7Wj0Y3GU?wmode=transparent&autoplay=0\" width=\"800\" height=\"550\" allowfullscreen allow=\"autoplay; clipboard-write; encrypted-media; gyroscope; picture-in-picture;\"><\/iframe><\/div><\/div><\/div><div class=\"fusion-clearfix\"><\/div><\/div><\/div><\/div><\/div><\/p>\n","protected":false},"excerpt":{"rendered":"","protected":false},"author":1,"featured_media":0,"parent":6526,"menu_order":9,"comment_status":"closed","ping_status":"closed","template":"side-navigation.php","meta":{"footnotes":""},"class_list":["post-6537","page","type-page","status-publish","hentry"],"yoast_head":"<!-- This site is optimized with the Yoast SEO plugin v26.2 - https:\/\/yoast.com\/wordpress\/plugins\/seo\/ -->\n<title>BeachTech Marina - Telemet<\/title>\n<meta name=\"robots\" content=\"index, follow, max-snippet:-1, max-image-preview:large, max-video-preview:-1\" \/>\n<link rel=\"canonical\" href=\"https:\/\/telemet.com\/es\/beachtech\/marina\/\" \/>\n<meta property=\"og:locale\" content=\"es_ES\" \/>\n<meta property=\"og:type\" content=\"article\" \/>\n<meta property=\"og:title\" content=\"BeachTech Marina - Telemet\" \/>\n<meta property=\"og:url\" content=\"https:\/\/telemet.com\/es\/beachtech\/marina\/\" \/>\n<meta property=\"og:site_name\" content=\"Telemet\" \/>\n<meta property=\"article:modified_time\" content=\"2017-04-24T20:44:06+00:00\" \/>\n<meta property=\"og:image\" content=\"https:\/\/telemet.com\/wp-content\/uploads\/2016\/07\/m1-beachtech-marina.jpg\" \/>\n<meta name=\"twitter:card\" content=\"summary_large_image\" \/>\n<meta name=\"twitter:label1\" content=\"Tiempo de lectura\" \/>\n\t<meta name=\"twitter:data1\" content=\"4 minutes\" \/>\n<script type=\"application\/ld+json\" class=\"yoast-schema-graph\">{\"@context\":\"https:\/\/schema.org\",\"@graph\":[{\"@type\":\"WebPage\",\"@id\":\"https:\/\/telemet.com\/es\/beachtech\/marina\/\",\"url\":\"https:\/\/telemet.com\/es\/beachtech\/marina\/\",\"name\":\"BeachTech Marina - Telemet\",\"isPartOf\":{\"@id\":\"https:\/\/telemet.com\/es\/#website\"},\"primaryImageOfPage\":{\"@id\":\"https:\/\/telemet.com\/es\/beachtech\/marina\/#primaryimage\"},\"image\":{\"@id\":\"https:\/\/telemet.com\/es\/beachtech\/marina\/#primaryimage\"},\"thumbnailUrl\":\"https:\/\/telemet.com\/wp-content\/uploads\/2016\/07\/m1-beachtech-marina.jpg\",\"datePublished\":\"2016-07-27T20:35:48+00:00\",\"dateModified\":\"2017-04-24T20:44:06+00:00\",\"breadcrumb\":{\"@id\":\"https:\/\/telemet.com\/es\/beachtech\/marina\/#breadcrumb\"},\"inLanguage\":\"es-ES\",\"potentialAction\":[{\"@type\":\"ReadAction\",\"target\":[\"https:\/\/telemet.com\/es\/beachtech\/marina\/\"]}]},{\"@type\":\"ImageObject\",\"inLanguage\":\"es-ES\",\"@id\":\"https:\/\/telemet.com\/es\/beachtech\/marina\/#primaryimage\",\"url\":\"https:\/\/telemet.com\/wp-content\/uploads\/2016\/07\/m1-beachtech-marina.jpg\",\"contentUrl\":\"https:\/\/telemet.com\/wp-content\/uploads\/2016\/07\/m1-beachtech-marina.jpg\"},{\"@type\":\"BreadcrumbList\",\"@id\":\"https:\/\/telemet.com\/es\/beachtech\/marina\/#breadcrumb\",\"itemListElement\":[{\"@type\":\"ListItem\",\"position\":1,\"name\":\"Home\",\"item\":\"https:\/\/telemet.com\/es\/\"},{\"@type\":\"ListItem\",\"position\":2,\"name\":\"BeachTech\",\"item\":\"https:\/\/telemet.com\/es\/beachtech\/\"},{\"@type\":\"ListItem\",\"position\":3,\"name\":\"BeachTech Marina\"}]},{\"@type\":\"WebSite\",\"@id\":\"https:\/\/telemet.com\/es\/#website\",\"url\":\"https:\/\/telemet.com\/es\/\",\"name\":\"Telemet, Inc.\",\"description\":\"Efficiency through Simplicity\",\"potentialAction\":[{\"@type\":\"SearchAction\",\"target\":{\"@type\":\"EntryPoint\",\"urlTemplate\":\"https:\/\/telemet.com\/es\/?s={search_term_string}\"},\"query-input\":{\"@type\":\"PropertyValueSpecification\",\"valueRequired\":true,\"valueName\":\"search_term_string\"}}],\"inLanguage\":\"es-ES\"}]}<\/script>\n<!-- \/ Yoast SEO plugin. -->","yoast_head_json":{"title":"BeachTech Marina - Telemet","robots":{"index":"index","follow":"follow","max-snippet":"max-snippet:-1","max-image-preview":"max-image-preview:large","max-video-preview":"max-video-preview:-1"},"canonical":"https:\/\/telemet.com\/es\/beachtech\/marina\/","og_locale":"es_ES","og_type":"article","og_title":"BeachTech Marina - Telemet","og_url":"https:\/\/telemet.com\/es\/beachtech\/marina\/","og_site_name":"Telemet","article_modified_time":"2017-04-24T20:44:06+00:00","og_image":[{"url":"https:\/\/telemet.com\/wp-content\/uploads\/2016\/07\/m1-beachtech-marina.jpg","type":"","width":"","height":""}],"twitter_card":"summary_large_image","twitter_misc":{"Tiempo de lectura":"4 minutes"},"schema":{"@context":"https:\/\/schema.org","@graph":[{"@type":"WebPage","@id":"https:\/\/telemet.com\/es\/beachtech\/marina\/","url":"https:\/\/telemet.com\/es\/beachtech\/marina\/","name":"BeachTech Marina - Telemet","isPartOf":{"@id":"https:\/\/telemet.com\/es\/#website"},"primaryImageOfPage":{"@id":"https:\/\/telemet.com\/es\/beachtech\/marina\/#primaryimage"},"image":{"@id":"https:\/\/telemet.com\/es\/beachtech\/marina\/#primaryimage"},"thumbnailUrl":"https:\/\/telemet.com\/wp-content\/uploads\/2016\/07\/m1-beachtech-marina.jpg","datePublished":"2016-07-27T20:35:48+00:00","dateModified":"2017-04-24T20:44:06+00:00","breadcrumb":{"@id":"https:\/\/telemet.com\/es\/beachtech\/marina\/#breadcrumb"},"inLanguage":"es-ES","potentialAction":[{"@type":"ReadAction","target":["https:\/\/telemet.com\/es\/beachtech\/marina\/"]}]},{"@type":"ImageObject","inLanguage":"es-ES","@id":"https:\/\/telemet.com\/es\/beachtech\/marina\/#primaryimage","url":"https:\/\/telemet.com\/wp-content\/uploads\/2016\/07\/m1-beachtech-marina.jpg","contentUrl":"https:\/\/telemet.com\/wp-content\/uploads\/2016\/07\/m1-beachtech-marina.jpg"},{"@type":"BreadcrumbList","@id":"https:\/\/telemet.com\/es\/beachtech\/marina\/#breadcrumb","itemListElement":[{"@type":"ListItem","position":1,"name":"Home","item":"https:\/\/telemet.com\/es\/"},{"@type":"ListItem","position":2,"name":"BeachTech","item":"https:\/\/telemet.com\/es\/beachtech\/"},{"@type":"ListItem","position":3,"name":"BeachTech Marina"}]},{"@type":"WebSite","@id":"https:\/\/telemet.com\/es\/#website","url":"https:\/\/telemet.com\/es\/","name":"Telemet, Inc.","description":"Efficiency through Simplicity","potentialAction":[{"@type":"SearchAction","target":{"@type":"EntryPoint","urlTemplate":"https:\/\/telemet.com\/es\/?s={search_term_string}"},"query-input":{"@type":"PropertyValueSpecification","valueRequired":true,"valueName":"search_term_string"}}],"inLanguage":"es-ES"}]}},"_links":{"self":[{"href":"https:\/\/telemet.com\/es\/wp-json\/wp\/v2\/pages\/6537","targetHints":{"allow":["GET"]}}],"collection":[{"href":"https:\/\/telemet.com\/es\/wp-json\/wp\/v2\/pages"}],"about":[{"href":"https:\/\/telemet.com\/es\/wp-json\/wp\/v2\/types\/page"}],"author":[{"embeddable":true,"href":"https:\/\/telemet.com\/es\/wp-json\/wp\/v2\/users\/1"}],"replies":[{"embeddable":true,"href":"https:\/\/telemet.com\/es\/wp-json\/wp\/v2\/comments?post=6537"}],"version-history":[{"count":5,"href":"https:\/\/telemet.com\/es\/wp-json\/wp\/v2\/pages\/6537\/revisions"}],"predecessor-version":[{"id":8495,"href":"https:\/\/telemet.com\/es\/wp-json\/wp\/v2\/pages\/6537\/revisions\/8495"}],"up":[{"embeddable":true,"href":"https:\/\/telemet.com\/es\/wp-json\/wp\/v2\/pages\/6526"}],"wp:attachment":[{"href":"https:\/\/telemet.com\/es\/wp-json\/wp\/v2\/media?parent=6537"}],"curies":[{"name":"wp","href":"https:\/\/api.w.org\/{rel}","templated":true}]}}