{"id":6541,"date":"2016-07-27T20:39:32","date_gmt":"2016-07-27T20:39:32","guid":{"rendered":"http:\/\/telemet.com\/beachtech\/beachtech-sweepy-hydro\/?lang=es"},"modified":"2017-04-24T20:44:05","modified_gmt":"2017-04-24T20:44:05","slug":"beachtech-sweepy-hydro","status":"publish","type":"page","link":"https:\/\/telemet.com\/es\/beachtech\/beachtech-sweepy-hydro\/","title":{"rendered":"BeachTech Sweepy Hydro"},"content":{"rendered":"<p><div class=\"fusion-fullwidth fullwidth-box fusion-builder-row-1 nonhundred-percent-fullwidth non-hundred-percent-height-scrolling\" style=\"--awb-background-position:left top;--awb-border-radius-top-left:0px;--awb-border-radius-top-right:0px;--awb-border-radius-bottom-right:0px;--awb-border-radius-bottom-left:0px;--awb-padding-top:0px;--awb-padding-bottom:20px;--awb-border-sizes-top:0px;--awb-border-sizes-bottom:0px;--awb-flex-wrap:wrap;\" ><div class=\"fusion-builder-row fusion-row\"><div class=\"fusion-layout-column fusion_builder_column fusion-builder-column-0 fusion_builder_column_1_1 1_1 fusion-one-full fusion-column-first fusion-column-last fusion-column-no-min-height\" style=\"--awb-bg-size:cover;--awb-margin-top:0px;--awb-margin-bottom:0px;\"><div class=\"fusion-column-wrapper fusion-flex-column-wrapper-legacy\"><div class=\"fusion-image-element in-legacy-container\" style=\"--awb-caption-title-font-family:var(--h2_typography-font-family);--awb-caption-title-font-weight:var(--h2_typography-font-weight);--awb-caption-title-font-style:var(--h2_typography-font-style);--awb-caption-title-size:var(--h2_typography-font-size);--awb-caption-title-transform:var(--h2_typography-text-transform);--awb-caption-title-line-height:var(--h2_typography-line-height);--awb-caption-title-letter-spacing:var(--h2_typography-letter-spacing);\"><span class=\" fusion-imageframe imageframe-none imageframe-1 hover-type-none\"><img decoding=\"async\" width=\"1000\" height=\"656\" title=\"m1-BeachTech-sweeyphydro-m1\" src=\"https:\/\/telemet.com\/wp-content\/uploads\/2016\/07\/m1-BeachTech-sweeyphydro-m1.jpg\" alt class=\"img-responsive wp-image-2295\" srcset=\"https:\/\/telemet.com\/wp-content\/uploads\/2016\/07\/m1-BeachTech-sweeyphydro-m1-200x131.jpg 200w, https:\/\/telemet.com\/wp-content\/uploads\/2016\/07\/m1-BeachTech-sweeyphydro-m1-400x262.jpg 400w, https:\/\/telemet.com\/wp-content\/uploads\/2016\/07\/m1-BeachTech-sweeyphydro-m1-600x394.jpg 600w, https:\/\/telemet.com\/wp-content\/uploads\/2016\/07\/m1-BeachTech-sweeyphydro-m1-800x525.jpg 800w, https:\/\/telemet.com\/wp-content\/uploads\/2016\/07\/m1-BeachTech-sweeyphydro-m1.jpg 1000w\" sizes=\"(max-width: 800px) 100vw, 1000px\" \/><\/span><\/div><div class=\"fusion-sep-clear\"><\/div><div class=\"fusion-separator fusion-full-width-sep\" style=\"margin-left: auto;margin-right: auto;margin-top:20px;width:100%;\"><\/div><div class=\"fusion-sep-clear\"><\/div><div class=\"fusion-align-block\"><a class=\"fusion-button button-flat button-xlarge button-default fusion-button-default button-1 fusion-button-default-span \" style=\"width:calc(100%);\" target=\"_blank\" rel=\"noopener noreferrer\" title=\"BROCHURE PistenBully 600 Select\" aria-label=\"BROCHURE PistenBully 600 Select\" href=\"\/wp-content\/uploads\/2016\/07\/BT_sweepy_hydro_engl.pdf\"><span class=\"fusion-button-text awb-button__text awb-button__text--default\">DESCARGAR FOLLETO (PDF)<\/span><i class=\" fa fa-file-pdf-o awb-button__icon awb-button__icon--default button-icon-right\" aria-hidden=\"true\"><\/i><\/a><\/div><div class=\"fusion-sep-clear\"><\/div><div class=\"fusion-separator fusion-full-width-sep\" style=\"margin-left: auto;margin-right: auto;margin-top:20px;width:100%;\"><\/div><div class=\"fusion-sep-clear\"><\/div><div class=\"fusion-text fusion-text-1\"><p>El limpiador de playas BeachTech Sweepy Hydro es un agregado eficiente y de bajo costo a nuestra l\u00ednea de limpiadores m\u00e1s grandes, como ser el BeachTech 3000, el BeachTech 2800, el BeachTech 200 y el autopropulsado BeachTech Marina. La impulsi\u00f3n hidrost\u00e1tica de esta nueva m\u00e1quina, hacen que el BeachTech Sweepy Hydro, sea especialmente simple de operar.<\/p>\n<h3>Limpieza de playas con el BeachTech Sweepy Hydro: eficiente, multifuncional y econ\u00f3mica<\/h3>\n<p>La ingenier\u00eda aplicada a este mini limpiador de playas nos ha permitido desarrollar una m\u00e1quina multifuncional: en cuesti\u00f3n de minutos, con el sistema de cambio r\u00e1pido del BeachTech Sweepy Hydro, se puede modificar esta unidad en una cortadora de c\u00e9sped, un barrenieve, una fresa rotatoria o un barredor para trabajar en aplicaciones tradicionales fuera de la arena. Su peque\u00f1o tama\u00f1o y excepcional maniobrabilidad hacen del BeachTech Sweepy Hydro, una m\u00e1quina perfecta para limpiar y nivelar peque\u00f1as playas, cajas de arena para ni\u00f1os, canchas de volley-playa y otras \u00e1reas de arena. Estos m\u00faltiples usos hacen del BeachTech Sweepy Hydro una verdadera m\u00e1quina de uso anual.<\/p>\n<p>El limpiador de playas BeachTech Sweepy Hydro es f\u00e1cil de operar y extremadamente maniobrable, permitiendo al usuario limpiar debajo de las sobrillas, entre las sillas de playa y otras \u00e1reas dif\u00edciles de alcanzar!<\/p>\n<h3>Limpieza cuidadosa de playas con el BeachTech Sweepy Hydro<\/h3>\n<p>Este limpiador de playa tiene las siguientes ventajas: tanto la limpieza profunda en arena seca, como una limpieza r\u00e1pida en arena mojada, son posibles gracias al nuevo sistema de zarandeo -ahora con una malla doble de lado a lado- que reduce al m\u00ednimo el impacto de las vibraciones en el marco de la m\u00e1quina. Se garantiza una operaci\u00f3n confiable incluso en arena muy fina, gracias a la posici\u00f3n profunda del centro de gravedad y a la alta estabilidad de la m\u00e1quina. La marcha atr\u00e1s y la delantera del motor de 9.1 HP refrigerado de 4 tiempos, se pueden ajustar infinitamente, proporcionando una excelente potencia en todas las necesidades de limpieza de playa que Ud. pueda tener. El contenedor de recolecci\u00f3n tiene una capacidad de 44 litros y se puede vaciar f\u00e1cilmente.<\/p>\n<\/div><div class=\"fusion-clearfix\"><\/div><\/div><\/div><\/div><\/div><div class=\"fusion-fullwidth fullwidth-box fusion-builder-row-2 hundred-percent-fullwidth non-hundred-percent-height-scrolling\" style=\"--awb-border-radius-top-left:0px;--awb-border-radius-top-right:0px;--awb-border-radius-bottom-right:0px;--awb-border-radius-bottom-left:0px;--awb-overflow:visible;--awb-flex-wrap:wrap;\" ><div class=\"fusion-builder-row fusion-row\"><div class=\"fusion-layout-column fusion_builder_column fusion-builder-column-1 fusion_builder_column_1_1 1_1 fusion-one-full fusion-column-first fusion-column-last fusion-column-no-min-height\" style=\"--awb-bg-size:cover;--awb-margin-top:0px;--awb-margin-bottom:0px;\"><div class=\"fusion-column-wrapper fusion-flex-column-wrapper-legacy\"><div class=\"fusion-video fusion-youtube\" style=\"--awb-max-width:800px;--awb-max-height:550px;\"><div class=\"video-shortcode\"><div class=\"fluid-width-video-wrapper\" style=\"padding-top:68.75%;\" ><iframe title=\"YouTube video player 1\" src=\"https:\/\/www.youtube.com\/embed\/-1ZGjZwQR60?wmode=transparent&autoplay=0\" width=\"800\" height=\"550\" allowfullscreen allow=\"autoplay; clipboard-write; encrypted-media; gyroscope; picture-in-picture;\"><\/iframe><\/div><\/div><\/div><div class=\"fusion-clearfix\"><\/div><\/div><\/div><\/div><\/div><\/p>\n","protected":false},"excerpt":{"rendered":"","protected":false},"author":1,"featured_media":0,"parent":6526,"menu_order":10,"comment_status":"closed","ping_status":"closed","template":"side-navigation.php","meta":{"footnotes":""},"class_list":["post-6541","page","type-page","status-publish","hentry"],"yoast_head":"<!-- This site is optimized with the Yoast SEO plugin v26.2 - https:\/\/yoast.com\/wordpress\/plugins\/seo\/ -->\n<title>BeachTech Sweepy Hydro - Telemet<\/title>\n<meta name=\"robots\" content=\"index, follow, max-snippet:-1, max-image-preview:large, max-video-preview:-1\" \/>\n<link rel=\"canonical\" href=\"https:\/\/telemet.com\/es\/beachtech\/beachtech-sweepy-hydro\/\" \/>\n<meta property=\"og:locale\" content=\"es_ES\" \/>\n<meta property=\"og:type\" content=\"article\" \/>\n<meta property=\"og:title\" content=\"BeachTech Sweepy Hydro - Telemet\" \/>\n<meta property=\"og:url\" content=\"https:\/\/telemet.com\/es\/beachtech\/beachtech-sweepy-hydro\/\" \/>\n<meta property=\"og:site_name\" content=\"Telemet\" \/>\n<meta property=\"article:modified_time\" content=\"2017-04-24T20:44:05+00:00\" \/>\n<meta property=\"og:image\" content=\"https:\/\/telemet.com\/wp-content\/uploads\/2016\/07\/m1-BeachTech-sweeyphydro-m1.jpg\" \/>\n<meta name=\"twitter:card\" content=\"summary_large_image\" \/>\n<meta name=\"twitter:label1\" content=\"Tiempo de lectura\" \/>\n\t<meta name=\"twitter:data1\" content=\"4 minutes\" \/>\n<script type=\"application\/ld+json\" class=\"yoast-schema-graph\">{\"@context\":\"https:\/\/schema.org\",\"@graph\":[{\"@type\":\"WebPage\",\"@id\":\"https:\/\/telemet.com\/es\/beachtech\/beachtech-sweepy-hydro\/\",\"url\":\"https:\/\/telemet.com\/es\/beachtech\/beachtech-sweepy-hydro\/\",\"name\":\"BeachTech Sweepy Hydro - Telemet\",\"isPartOf\":{\"@id\":\"https:\/\/telemet.com\/es\/#website\"},\"primaryImageOfPage\":{\"@id\":\"https:\/\/telemet.com\/es\/beachtech\/beachtech-sweepy-hydro\/#primaryimage\"},\"image\":{\"@id\":\"https:\/\/telemet.com\/es\/beachtech\/beachtech-sweepy-hydro\/#primaryimage\"},\"thumbnailUrl\":\"https:\/\/telemet.com\/wp-content\/uploads\/2016\/07\/m1-BeachTech-sweeyphydro-m1.jpg\",\"datePublished\":\"2016-07-27T20:39:32+00:00\",\"dateModified\":\"2017-04-24T20:44:05+00:00\",\"breadcrumb\":{\"@id\":\"https:\/\/telemet.com\/es\/beachtech\/beachtech-sweepy-hydro\/#breadcrumb\"},\"inLanguage\":\"es-ES\",\"potentialAction\":[{\"@type\":\"ReadAction\",\"target\":[\"https:\/\/telemet.com\/es\/beachtech\/beachtech-sweepy-hydro\/\"]}]},{\"@type\":\"ImageObject\",\"inLanguage\":\"es-ES\",\"@id\":\"https:\/\/telemet.com\/es\/beachtech\/beachtech-sweepy-hydro\/#primaryimage\",\"url\":\"https:\/\/telemet.com\/wp-content\/uploads\/2016\/07\/m1-BeachTech-sweeyphydro-m1.jpg\",\"contentUrl\":\"https:\/\/telemet.com\/wp-content\/uploads\/2016\/07\/m1-BeachTech-sweeyphydro-m1.jpg\"},{\"@type\":\"BreadcrumbList\",\"@id\":\"https:\/\/telemet.com\/es\/beachtech\/beachtech-sweepy-hydro\/#breadcrumb\",\"itemListElement\":[{\"@type\":\"ListItem\",\"position\":1,\"name\":\"Home\",\"item\":\"https:\/\/telemet.com\/es\/\"},{\"@type\":\"ListItem\",\"position\":2,\"name\":\"BeachTech\",\"item\":\"https:\/\/telemet.com\/es\/beachtech\/\"},{\"@type\":\"ListItem\",\"position\":3,\"name\":\"BeachTech Sweepy Hydro\"}]},{\"@type\":\"WebSite\",\"@id\":\"https:\/\/telemet.com\/es\/#website\",\"url\":\"https:\/\/telemet.com\/es\/\",\"name\":\"Telemet, Inc.\",\"description\":\"Efficiency through Simplicity\",\"potentialAction\":[{\"@type\":\"SearchAction\",\"target\":{\"@type\":\"EntryPoint\",\"urlTemplate\":\"https:\/\/telemet.com\/es\/?s={search_term_string}\"},\"query-input\":{\"@type\":\"PropertyValueSpecification\",\"valueRequired\":true,\"valueName\":\"search_term_string\"}}],\"inLanguage\":\"es-ES\"}]}<\/script>\n<!-- \/ Yoast SEO plugin. -->","yoast_head_json":{"title":"BeachTech Sweepy Hydro - Telemet","robots":{"index":"index","follow":"follow","max-snippet":"max-snippet:-1","max-image-preview":"max-image-preview:large","max-video-preview":"max-video-preview:-1"},"canonical":"https:\/\/telemet.com\/es\/beachtech\/beachtech-sweepy-hydro\/","og_locale":"es_ES","og_type":"article","og_title":"BeachTech Sweepy Hydro - Telemet","og_url":"https:\/\/telemet.com\/es\/beachtech\/beachtech-sweepy-hydro\/","og_site_name":"Telemet","article_modified_time":"2017-04-24T20:44:05+00:00","og_image":[{"url":"https:\/\/telemet.com\/wp-content\/uploads\/2016\/07\/m1-BeachTech-sweeyphydro-m1.jpg","type":"","width":"","height":""}],"twitter_card":"summary_large_image","twitter_misc":{"Tiempo de lectura":"4 minutes"},"schema":{"@context":"https:\/\/schema.org","@graph":[{"@type":"WebPage","@id":"https:\/\/telemet.com\/es\/beachtech\/beachtech-sweepy-hydro\/","url":"https:\/\/telemet.com\/es\/beachtech\/beachtech-sweepy-hydro\/","name":"BeachTech Sweepy Hydro - Telemet","isPartOf":{"@id":"https:\/\/telemet.com\/es\/#website"},"primaryImageOfPage":{"@id":"https:\/\/telemet.com\/es\/beachtech\/beachtech-sweepy-hydro\/#primaryimage"},"image":{"@id":"https:\/\/telemet.com\/es\/beachtech\/beachtech-sweepy-hydro\/#primaryimage"},"thumbnailUrl":"https:\/\/telemet.com\/wp-content\/uploads\/2016\/07\/m1-BeachTech-sweeyphydro-m1.jpg","datePublished":"2016-07-27T20:39:32+00:00","dateModified":"2017-04-24T20:44:05+00:00","breadcrumb":{"@id":"https:\/\/telemet.com\/es\/beachtech\/beachtech-sweepy-hydro\/#breadcrumb"},"inLanguage":"es-ES","potentialAction":[{"@type":"ReadAction","target":["https:\/\/telemet.com\/es\/beachtech\/beachtech-sweepy-hydro\/"]}]},{"@type":"ImageObject","inLanguage":"es-ES","@id":"https:\/\/telemet.com\/es\/beachtech\/beachtech-sweepy-hydro\/#primaryimage","url":"https:\/\/telemet.com\/wp-content\/uploads\/2016\/07\/m1-BeachTech-sweeyphydro-m1.jpg","contentUrl":"https:\/\/telemet.com\/wp-content\/uploads\/2016\/07\/m1-BeachTech-sweeyphydro-m1.jpg"},{"@type":"BreadcrumbList","@id":"https:\/\/telemet.com\/es\/beachtech\/beachtech-sweepy-hydro\/#breadcrumb","itemListElement":[{"@type":"ListItem","position":1,"name":"Home","item":"https:\/\/telemet.com\/es\/"},{"@type":"ListItem","position":2,"name":"BeachTech","item":"https:\/\/telemet.com\/es\/beachtech\/"},{"@type":"ListItem","position":3,"name":"BeachTech Sweepy Hydro"}]},{"@type":"WebSite","@id":"https:\/\/telemet.com\/es\/#website","url":"https:\/\/telemet.com\/es\/","name":"Telemet, Inc.","description":"Efficiency through Simplicity","potentialAction":[{"@type":"SearchAction","target":{"@type":"EntryPoint","urlTemplate":"https:\/\/telemet.com\/es\/?s={search_term_string}"},"query-input":{"@type":"PropertyValueSpecification","valueRequired":true,"valueName":"search_term_string"}}],"inLanguage":"es-ES"}]}},"_links":{"self":[{"href":"https:\/\/telemet.com\/es\/wp-json\/wp\/v2\/pages\/6541","targetHints":{"allow":["GET"]}}],"collection":[{"href":"https:\/\/telemet.com\/es\/wp-json\/wp\/v2\/pages"}],"about":[{"href":"https:\/\/telemet.com\/es\/wp-json\/wp\/v2\/types\/page"}],"author":[{"embeddable":true,"href":"https:\/\/telemet.com\/es\/wp-json\/wp\/v2\/users\/1"}],"replies":[{"embeddable":true,"href":"https:\/\/telemet.com\/es\/wp-json\/wp\/v2\/comments?post=6541"}],"version-history":[{"count":3,"href":"https:\/\/telemet.com\/es\/wp-json\/wp\/v2\/pages\/6541\/revisions"}],"predecessor-version":[{"id":8493,"href":"https:\/\/telemet.com\/es\/wp-json\/wp\/v2\/pages\/6541\/revisions\/8493"}],"up":[{"embeddable":true,"href":"https:\/\/telemet.com\/es\/wp-json\/wp\/v2\/pages\/6526"}],"wp:attachment":[{"href":"https:\/\/telemet.com\/es\/wp-json\/wp\/v2\/media?parent=6541"}],"curies":[{"name":"wp","href":"https:\/\/api.w.org\/{rel}","templated":true}]}}