{"id":6546,"date":"2016-07-27T20:43:54","date_gmt":"2016-07-27T20:43:54","guid":{"rendered":"http:\/\/telemet.com\/greentech\/?lang=es"},"modified":"2017-04-24T20:44:05","modified_gmt":"2017-04-24T20:44:05","slug":"greentech","status":"publish","type":"page","link":"https:\/\/telemet.com\/es\/greentech\/","title":{"rendered":"PistenBully\u00ae 300 GreenTech"},"content":{"rendered":"<p><div class=\"fusion-fullwidth fullwidth-box fusion-builder-row-1 backlink hundred-percent-fullwidth non-hundred-percent-height-scrolling\" style=\"--awb-background-position:left top;--awb-border-radius-top-left:0px;--awb-border-radius-top-right:0px;--awb-border-radius-bottom-right:0px;--awb-border-radius-bottom-left:0px;--awb-padding-top:10px;--awb-padding-bottom:10px;--awb-background-color:#fcfcfc;--awb-border-sizes-top:0px;--awb-border-sizes-bottom:0px;--awb-flex-wrap:wrap;\" ><div class=\"fusion-builder-row fusion-row\"><div class=\"fusion-layout-column fusion_builder_column fusion-builder-column-0 fusion_builder_column_1_1 1_1 fusion-one-full fusion-column-first fusion-column-last fusion-column-no-min-height\" style=\"--awb-bg-size:cover;--awb-margin-top:0px;--awb-margin-bottom:0px;\"><div class=\"fusion-column-wrapper fusion-flex-column-wrapper-legacy\"><div class=\"fusion-title title fusion-title-1 fusion-sep-none fusion-title-center fusion-title-text fusion-title-size-five\" style=\"--awb-margin-top:0px;--awb-margin-bottom:0px;\"><h5 class=\"fusion-title-heading title-heading-center fusion-responsive-typography-calculated\" style=\"margin:0;--fontSize:22;--minFontSize:22;line-height:1.36;\"><a href=\"\/?page_id=1766\">Medio Ambiente<\/a> \u00a0\/ \u00a0<a href=\"\/?page_id=1764\">Veh\u00edculos multiprop\u00f3sito<\/a> \u00a0\/ \u00a0<strong>PistenBully\u00ae GreenTech<\/strong><\/h5><\/div><div class=\"fusion-clearfix\"><\/div><\/div><\/div><\/div><\/div><div class=\"fusion-fullwidth fullwidth-box fusion-builder-row-2 nonhundred-percent-fullwidth non-hundred-percent-height-scrolling\" style=\"--awb-background-position:left top;--awb-border-radius-top-left:0px;--awb-border-radius-top-right:0px;--awb-border-radius-bottom-right:0px;--awb-border-radius-bottom-left:0px;--awb-padding-top:20px;--awb-padding-bottom:20px;--awb-border-sizes-top:0px;--awb-border-sizes-bottom:0px;--awb-flex-wrap:wrap;\" ><div class=\"fusion-builder-row fusion-row\"><div class=\"fusion-layout-column fusion_builder_column fusion-builder-column-1 fusion_builder_column_1_2 1_2 fusion-one-half fusion-column-first\" style=\"--awb-bg-size:cover;width:48%; margin-right: 4%;\"><div class=\"fusion-column-wrapper fusion-flex-column-wrapper-legacy\"><div class=\"fusion-image-element fusion-image-align-center in-legacy-container\" style=\"text-align:center;--awb-caption-title-font-family:var(--h2_typography-font-family);--awb-caption-title-font-weight:var(--h2_typography-font-weight);--awb-caption-title-font-style:var(--h2_typography-font-style);--awb-caption-title-size:var(--h2_typography-font-size);--awb-caption-title-transform:var(--h2_typography-text-transform);--awb-caption-title-line-height:var(--h2_typography-line-height);--awb-caption-title-letter-spacing:var(--h2_typography-letter-spacing);\"><div class=\"imageframe-align-center\"><span class=\" fusion-imageframe imageframe-none imageframe-1 hover-type-none\"><img decoding=\"async\" width=\"273\" height=\"96\" title=\"greentech\" src=\"https:\/\/telemet.com\/wp-content\/uploads\/2016\/07\/greentech.jpg\" alt class=\"img-responsive wp-image-1887\" srcset=\"https:\/\/telemet.com\/wp-content\/uploads\/2016\/07\/greentech-200x70.jpg 200w, https:\/\/telemet.com\/wp-content\/uploads\/2016\/07\/greentech.jpg 273w\" sizes=\"(max-width: 800px) 100vw, 273px\" \/><\/span><\/div><\/div><div class=\"fusion-clearfix\"><\/div><\/div><\/div><div class=\"fusion-layout-column fusion_builder_column fusion-builder-column-2 fusion_builder_column_1_2 1_2 fusion-one-half fusion-column-last\" style=\"--awb-bg-size:cover;width:48%;\"><div class=\"fusion-column-wrapper fusion-flex-column-wrapper-legacy\"><div class=\"fusion-text fusion-text-1\"><p>Los PistenBully 300 GreenTech de K\u00e4ssbohrer Gel\u00e4nderfahrzeug AG est\u00e1n dise\u00f1ados para cumplir con los trabajos m\u00e1s dif\u00edciles bajo condiciones severas.<\/p>\n<\/div><div class=\"fusion-clearfix\"><\/div><\/div><\/div><\/div><\/div><div class=\"fusion-fullwidth fullwidth-box fusion-builder-row-3 hundred-percent-fullwidth non-hundred-percent-height-scrolling\" style=\"--awb-border-radius-top-left:0px;--awb-border-radius-top-right:0px;--awb-border-radius-bottom-right:0px;--awb-border-radius-bottom-left:0px;--awb-overflow:visible;--awb-flex-wrap:wrap;\" ><div class=\"fusion-builder-row fusion-row\"><div class=\"fusion-layout-column fusion_builder_column fusion-builder-column-3 fusion_builder_column_1_1 1_1 fusion-one-full fusion-column-first fusion-column-last fusion-column-no-min-height\" style=\"--awb-bg-size:cover;--awb-margin-top:0px;--awb-margin-bottom:0px;\"><div class=\"fusion-column-wrapper fusion-flex-column-wrapper-legacy\"><div class=\"fusion-section-separator section-separator triangle fusion-section-separator-1\" style=\"--awb-border-bottom:0px solid #ffffff;--awb-spacer-height:0px;--awb-svg-margin-left:0;--awb-svg-margin-right:0;--awb-icon-color:#ffffff;\"><div class=\"fusion-section-separator-svg\"><div class=\"divider-candy-arrow bottom\" style=\"top:0px;border-top-color: #ffffff;\"><\/div><div class=\"divider-candy bottom\" style=\"bottom:-20px;border-bottom:1px solid #ffffff;border-left:1px solid #ffffff;\"><\/div><\/div><div class=\"fusion-section-separator-spacer\"><div class=\"fusion-section-separator-spacer-height\"><\/div><\/div><\/div><div class=\"fusion-clearfix\"><\/div><\/div><\/div><\/div><\/div><div class=\"fusion-fullwidth fullwidth-box fusion-builder-row-4 nonhundred-percent-fullwidth non-hundred-percent-height-scrolling\" style=\"--awb-background-position:left top;--awb-border-radius-top-left:0px;--awb-border-radius-top-right:0px;--awb-border-radius-bottom-right:0px;--awb-border-radius-bottom-left:0px;--awb-padding-top:20px;--awb-padding-bottom:20px;--awb-border-sizes-top:0px;--awb-border-sizes-bottom:0px;--awb-flex-wrap:wrap;\" ><div class=\"fusion-builder-row fusion-row\"><div class=\"fusion-layout-column fusion_builder_column fusion-builder-column-4 fusion_builder_column_1_1 1_1 fusion-one-full fusion-column-first fusion-column-last fusion-column-no-min-height\" style=\"--awb-bg-size:cover;--awb-margin-top:0px;--awb-margin-bottom:0px;\"><div class=\"fusion-column-wrapper fusion-flex-column-wrapper-legacy\"><div class=\"fusion-text fusion-text-2\"><p>Motores diesel robustos suministran la potencia necesaria para realizar el trabajo en forma confiable y econ\u00f3mica. La transmisi\u00f3n hidrost\u00e1tica hace que el PistenBully 300 GreenTech sea extremadamente maniobrable y confortable durante la operaci\u00f3n, lo cual no siempre es lo usual en veh\u00edculos de trabajo.<\/p>\n<p>Una conducci\u00f3n segura y precisa por medio de un volante semicircular. Operaci\u00f3n de los accesorios con una sola mano. El PistenBully 300 GreenTech excede claramente a los veh\u00edculos convencionales con ruedas, gracias a que la presi\u00f3n ejercida sobre el suelo es extremadamente baja. Esto lo hace ideal para trabajar sobre superficies sensibles en las cuales no podr\u00eda conducirse un veh\u00edculo con ruedas.<\/p>\n<h3>El PistenBully 300 GreenTech representa:<\/h3>\n<ul>\n<li>Baja presi\u00f3n sobre el terreno \u2013 uso inmediato.<\/li>\n<li>Cortos periodos de espera despu\u00e9s de vaciar \/ drenar.<\/li>\n<li>Caracter\u00edsticas excelentes para empujar y nivelar en combinaci\u00f3n con su pala de movimiento en Todos los Sentidos.<\/li>\n<li>Uso de muchos otros accesorios.<\/li>\n<\/ul>\n<div class=\"entry-text\">\n<h3>Usos<\/h3>\n<p>Apto para mover grandes cantidades de lodo en condiciones extremas, tales como la recuperaci\u00f3n de \u00e1reas pantanosas en zonas portuarias o excavaciones de turba en procesos secos, vertido, distribuci\u00f3n y remoci\u00f3n de ensilados. El PistenBully 300 GreenTech puede utilizarse de diversas formas para trabajar en granjas camaroneras y de pescado con la ayuda de accesorios y sobre estructuras especiales; desplazar y nivelar piletas ya drenadas; aplicar cal para desinfecci\u00f3n o excavar zanjas de drenaje y preparar el suelo. La potencia necesaria de empuje es producida por una gran bomba hidr\u00e1ulica. Los PistenBully 300 GreenTech son tambi\u00e9n adecuados para la construcci\u00f3n de camas de ostras durante las mareas bajas.<\/p>\n<\/div>\n<\/div><div class=\"fusion-clearfix\"><\/div><\/div><\/div><\/div><\/div><\/p>\n","protected":false},"excerpt":{"rendered":"","protected":false},"author":1,"featured_media":0,"parent":0,"menu_order":29,"comment_status":"closed","ping_status":"closed","template":"","meta":{"footnotes":""},"class_list":["post-6546","page","type-page","status-publish","hentry"],"yoast_head":"<!-- This site is optimized with the Yoast SEO plugin v26.2 - https:\/\/yoast.com\/wordpress\/plugins\/seo\/ -->\n<title>PistenBully\u00ae 300 GreenTech - Telemet<\/title>\n<meta name=\"robots\" content=\"index, follow, max-snippet:-1, max-image-preview:large, max-video-preview:-1\" \/>\n<link rel=\"canonical\" href=\"https:\/\/telemet.com\/es\/greentech\/\" \/>\n<meta property=\"og:locale\" content=\"es_ES\" \/>\n<meta property=\"og:type\" content=\"article\" \/>\n<meta property=\"og:title\" content=\"PistenBully\u00ae 300 GreenTech - Telemet\" \/>\n<meta property=\"og:url\" content=\"https:\/\/telemet.com\/es\/greentech\/\" \/>\n<meta property=\"og:site_name\" content=\"Telemet\" \/>\n<meta property=\"article:modified_time\" content=\"2017-04-24T20:44:05+00:00\" \/>\n<meta property=\"og:image\" content=\"https:\/\/telemet.com\/wp-content\/uploads\/2016\/07\/greentech.jpg\" \/>\n<meta name=\"twitter:card\" content=\"summary_large_image\" \/>\n<meta name=\"twitter:label1\" content=\"Tiempo de lectura\" \/>\n\t<meta name=\"twitter:data1\" content=\"5 minutes\" \/>\n<script type=\"application\/ld+json\" class=\"yoast-schema-graph\">{\"@context\":\"https:\/\/schema.org\",\"@graph\":[{\"@type\":\"WebPage\",\"@id\":\"https:\/\/telemet.com\/es\/greentech\/\",\"url\":\"https:\/\/telemet.com\/es\/greentech\/\",\"name\":\"PistenBully\u00ae 300 GreenTech - Telemet\",\"isPartOf\":{\"@id\":\"https:\/\/telemet.com\/es\/#website\"},\"primaryImageOfPage\":{\"@id\":\"https:\/\/telemet.com\/es\/greentech\/#primaryimage\"},\"image\":{\"@id\":\"https:\/\/telemet.com\/es\/greentech\/#primaryimage\"},\"thumbnailUrl\":\"https:\/\/telemet.com\/wp-content\/uploads\/2016\/07\/greentech.jpg\",\"datePublished\":\"2016-07-27T20:43:54+00:00\",\"dateModified\":\"2017-04-24T20:44:05+00:00\",\"breadcrumb\":{\"@id\":\"https:\/\/telemet.com\/es\/greentech\/#breadcrumb\"},\"inLanguage\":\"es-ES\",\"potentialAction\":[{\"@type\":\"ReadAction\",\"target\":[\"https:\/\/telemet.com\/es\/greentech\/\"]}]},{\"@type\":\"ImageObject\",\"inLanguage\":\"es-ES\",\"@id\":\"https:\/\/telemet.com\/es\/greentech\/#primaryimage\",\"url\":\"https:\/\/telemet.com\/wp-content\/uploads\/2016\/07\/greentech.jpg\",\"contentUrl\":\"https:\/\/telemet.com\/wp-content\/uploads\/2016\/07\/greentech.jpg\"},{\"@type\":\"BreadcrumbList\",\"@id\":\"https:\/\/telemet.com\/es\/greentech\/#breadcrumb\",\"itemListElement\":[{\"@type\":\"ListItem\",\"position\":1,\"name\":\"Home\",\"item\":\"https:\/\/telemet.com\/es\/\"},{\"@type\":\"ListItem\",\"position\":2,\"name\":\"PistenBully\u00ae 300 GreenTech\"}]},{\"@type\":\"WebSite\",\"@id\":\"https:\/\/telemet.com\/es\/#website\",\"url\":\"https:\/\/telemet.com\/es\/\",\"name\":\"Telemet, Inc.\",\"description\":\"Efficiency through Simplicity\",\"potentialAction\":[{\"@type\":\"SearchAction\",\"target\":{\"@type\":\"EntryPoint\",\"urlTemplate\":\"https:\/\/telemet.com\/es\/?s={search_term_string}\"},\"query-input\":{\"@type\":\"PropertyValueSpecification\",\"valueRequired\":true,\"valueName\":\"search_term_string\"}}],\"inLanguage\":\"es-ES\"}]}<\/script>\n<!-- \/ Yoast SEO plugin. -->","yoast_head_json":{"title":"PistenBully\u00ae 300 GreenTech - Telemet","robots":{"index":"index","follow":"follow","max-snippet":"max-snippet:-1","max-image-preview":"max-image-preview:large","max-video-preview":"max-video-preview:-1"},"canonical":"https:\/\/telemet.com\/es\/greentech\/","og_locale":"es_ES","og_type":"article","og_title":"PistenBully\u00ae 300 GreenTech - Telemet","og_url":"https:\/\/telemet.com\/es\/greentech\/","og_site_name":"Telemet","article_modified_time":"2017-04-24T20:44:05+00:00","og_image":[{"url":"https:\/\/telemet.com\/wp-content\/uploads\/2016\/07\/greentech.jpg","type":"","width":"","height":""}],"twitter_card":"summary_large_image","twitter_misc":{"Tiempo de lectura":"5 minutes"},"schema":{"@context":"https:\/\/schema.org","@graph":[{"@type":"WebPage","@id":"https:\/\/telemet.com\/es\/greentech\/","url":"https:\/\/telemet.com\/es\/greentech\/","name":"PistenBully\u00ae 300 GreenTech - Telemet","isPartOf":{"@id":"https:\/\/telemet.com\/es\/#website"},"primaryImageOfPage":{"@id":"https:\/\/telemet.com\/es\/greentech\/#primaryimage"},"image":{"@id":"https:\/\/telemet.com\/es\/greentech\/#primaryimage"},"thumbnailUrl":"https:\/\/telemet.com\/wp-content\/uploads\/2016\/07\/greentech.jpg","datePublished":"2016-07-27T20:43:54+00:00","dateModified":"2017-04-24T20:44:05+00:00","breadcrumb":{"@id":"https:\/\/telemet.com\/es\/greentech\/#breadcrumb"},"inLanguage":"es-ES","potentialAction":[{"@type":"ReadAction","target":["https:\/\/telemet.com\/es\/greentech\/"]}]},{"@type":"ImageObject","inLanguage":"es-ES","@id":"https:\/\/telemet.com\/es\/greentech\/#primaryimage","url":"https:\/\/telemet.com\/wp-content\/uploads\/2016\/07\/greentech.jpg","contentUrl":"https:\/\/telemet.com\/wp-content\/uploads\/2016\/07\/greentech.jpg"},{"@type":"BreadcrumbList","@id":"https:\/\/telemet.com\/es\/greentech\/#breadcrumb","itemListElement":[{"@type":"ListItem","position":1,"name":"Home","item":"https:\/\/telemet.com\/es\/"},{"@type":"ListItem","position":2,"name":"PistenBully\u00ae 300 GreenTech"}]},{"@type":"WebSite","@id":"https:\/\/telemet.com\/es\/#website","url":"https:\/\/telemet.com\/es\/","name":"Telemet, Inc.","description":"Efficiency through Simplicity","potentialAction":[{"@type":"SearchAction","target":{"@type":"EntryPoint","urlTemplate":"https:\/\/telemet.com\/es\/?s={search_term_string}"},"query-input":{"@type":"PropertyValueSpecification","valueRequired":true,"valueName":"search_term_string"}}],"inLanguage":"es-ES"}]}},"_links":{"self":[{"href":"https:\/\/telemet.com\/es\/wp-json\/wp\/v2\/pages\/6546","targetHints":{"allow":["GET"]}}],"collection":[{"href":"https:\/\/telemet.com\/es\/wp-json\/wp\/v2\/pages"}],"about":[{"href":"https:\/\/telemet.com\/es\/wp-json\/wp\/v2\/types\/page"}],"author":[{"embeddable":true,"href":"https:\/\/telemet.com\/es\/wp-json\/wp\/v2\/users\/1"}],"replies":[{"embeddable":true,"href":"https:\/\/telemet.com\/es\/wp-json\/wp\/v2\/comments?post=6546"}],"version-history":[{"count":5,"href":"https:\/\/telemet.com\/es\/wp-json\/wp\/v2\/pages\/6546\/revisions"}],"predecessor-version":[{"id":8491,"href":"https:\/\/telemet.com\/es\/wp-json\/wp\/v2\/pages\/6546\/revisions\/8491"}],"wp:attachment":[{"href":"https:\/\/telemet.com\/es\/wp-json\/wp\/v2\/media?parent=6546"}],"curies":[{"name":"wp","href":"https:\/\/api.w.org\/{rel}","templated":true}]}}