{"id":6550,"date":"2016-07-29T22:03:59","date_gmt":"2016-07-29T22:03:32","guid":{"rendered":"http:\/\/telemet.com\/smi-evaporative-solutions\/420f\/?lang=es"},"modified":"2017-04-24T20:43:59","modified_gmt":"2017-04-24T20:43:59","slug":"420f","status":"publish","type":"page","link":"https:\/\/telemet.com\/es\/smi-evaporative-solutions\/420f\/","title":{"rendered":"Evaporador 420F de SMI\u00ae"},"content":{"rendered":"<div class=\"fusion-fullwidth fullwidth-box fusion-builder-row-1 nonhundred-percent-fullwidth non-hundred-percent-height-scrolling\" style=\"--awb-background-position:left top;--awb-border-radius-top-left:0px;--awb-border-radius-top-right:0px;--awb-border-radius-bottom-right:0px;--awb-border-radius-bottom-left:0px;--awb-padding-top:0px;--awb-padding-bottom:20px;--awb-border-sizes-top:0px;--awb-border-sizes-bottom:0px;--awb-flex-wrap:wrap;\" ><div class=\"fusion-builder-row fusion-row\"><div class=\"fusion-layout-column fusion_builder_column fusion-builder-column-0 fusion_builder_column_1_1 1_1 fusion-one-full fusion-column-first fusion-column-last fusion-column-no-min-height\" style=\"--awb-bg-size:cover;--awb-margin-top:0px;--awb-margin-bottom:0px;\"><div class=\"fusion-column-wrapper fusion-flex-column-wrapper-legacy\"><div class=\"fusion-image-element fusion-image-align-center in-legacy-container\" style=\"text-align:center;--awb-caption-title-font-family:var(--h2_typography-font-family);--awb-caption-title-font-weight:var(--h2_typography-font-weight);--awb-caption-title-font-style:var(--h2_typography-font-style);--awb-caption-title-size:var(--h2_typography-font-size);--awb-caption-title-transform:var(--h2_typography-text-transform);--awb-caption-title-line-height:var(--h2_typography-line-height);--awb-caption-title-letter-spacing:var(--h2_typography-letter-spacing);\"><div class=\"imageframe-align-center\"><span class=\" fusion-imageframe imageframe-none imageframe-1 hover-type-none\"><img decoding=\"async\" width=\"1000\" height=\"680\" title=\"420F\" src=\"https:\/\/telemet.com\/wp-content\/uploads\/2016\/07\/420F.jpg\" alt class=\"img-responsive wp-image-2512\" srcset=\"https:\/\/telemet.com\/wp-content\/uploads\/2016\/07\/420F-200x136.jpg 200w, https:\/\/telemet.com\/wp-content\/uploads\/2016\/07\/420F-400x272.jpg 400w, https:\/\/telemet.com\/wp-content\/uploads\/2016\/07\/420F-600x408.jpg 600w, https:\/\/telemet.com\/wp-content\/uploads\/2016\/07\/420F-800x544.jpg 800w, https:\/\/telemet.com\/wp-content\/uploads\/2016\/07\/420F.jpg 1000w\" sizes=\"(max-width: 800px) 100vw, 1000px\" \/><\/span><\/div><\/div><div class=\"fusion-sep-clear\"><\/div><div class=\"fusion-separator fusion-full-width-sep\" style=\"margin-left: auto;margin-right: auto;margin-top:20px;width:100%;\"><\/div><div class=\"fusion-sep-clear\"><\/div><div class=\"fusion-align-block\"><a class=\"fusion-button button-flat button-xlarge button-default fusion-button-default button-1 fusion-button-default-span \" style=\"width:calc(100%);\" target=\"_blank\" rel=\"noopener noreferrer\" title=\"Download Brochure\" aria-label=\"Download Brochure\" href=\"\/wp-content\/uploads\/2016\/07\/EvaporLit-420F.pdf\"><span class=\"fusion-button-text awb-button__text awb-button__text--default\">DESCARGAR FOLLETO (PDF)<\/span><i class=\" fa fa-file-pdf-o awb-button__icon awb-button__icon--default button-icon-right\" aria-hidden=\"true\"><\/i><\/a><\/div><div class=\"fusion-sep-clear\"><\/div><div class=\"fusion-separator fusion-full-width-sep\" style=\"margin-left: auto;margin-right: auto;margin-top:20px;width:100%;\"><\/div><div class=\"fusion-sep-clear\"><\/div><div class=\"fusion-text fusion-text-1\"><h3>El Evaporador 420 F tiene las siguientes caracter\u00edsticas:<\/h3>\n<ul>\n<li>La unidad flotante est\u00e1 soportada por pontones de pl\u00e1stico conteniendo espuma de celdas cerradas.<\/li>\n<li>Un penacho m\u00e1s corto para obtener distancias de deriva m\u00e1s cortas y permitir operar m\u00e1s tiempo durante condiciones de vientos turbulentos o con cambios continuos.<\/li>\n<li>Una construcci\u00f3n industrial m\u00e1s pesada para tener mayor durabilidad y larga vida, incluyendo un panel de control en acero inoxidable, como as\u00ed tambi\u00e9n la cobertura del motor, los m\u00faltiples y el ventilador.<\/li>\n<li>Sensores de vibraci\u00f3n para detener el motor antes de roturas catastr\u00f3ficas debido a la acumulaci\u00f3n de residuos o de hielo.<\/li>\n<li>Cable el\u00e9ctrico de alimentaci\u00f3n de 200 pies (60m) sin empalmes.<\/li>\n<li>Una bomba sumergible de 7,5 Hp en acero inoxidable que suministra 80 gpm a 100 psi.<\/li>\n<\/ul>\n<h3>El Evaporador 420 F tiene las siguientes ventajas comparado con productos similares.<\/h3>\n<p><strong>Poca acumulaci\u00f3n:<\/strong> El evaporador 420 F de SMI esta dise\u00f1ado con una superficie superior reducida para limitar la acumulaci\u00f3n de residuos o de hielo. Requiere de muy poca limpieza o mantenimiento.<\/p>\n<p><strong>Alta Performance:<\/strong> la alta velocidad de la h\u00e9lice (gira a 3600 rpm) genera una \u00f3ptima distribuci\u00f3n de las gotitas para su evaporaci\u00f3n. Se han logrado promedios anuales de reg\u00edmenes de evaporaci\u00f3n de hasta el 70%, siendo los valores t\u00edpicos de entre el 25% al 60 %, dependiendo de factores como la temperatura ambiente. La humedad relativa, la composici\u00f3n del agua y del viento. En general cuanto mas seca y calurosas sean las condiciones, m\u00e1s altos ser\u00e1n los valores de la evaporaci\u00f3n.<\/p>\n<p><strong>F\u00e1cil Mantenimiento: <\/strong>Esta m\u00e1quina es f\u00e1cil de limpiar y mantener debido a su dise\u00f1o. No se necesitan engrases semanales de rodamientos.<\/p>\n<p><strong>Orificios de mayor di\u00e1metro:<\/strong> El Evaporador 420B de SMI permite el pasaje de part\u00edculas de hasta 3\/16\u2033 (5 mm) de di\u00e1metro. Esto elimina la necesidad del prefiltrado, limpieza de filtros y de los problemas de boquillas obturadas.<\/p>\n<p><strong>Condiciones de Trabajo Extremas:<\/strong> El dise\u00f1o del Evaporador 420B de SMI, ha evolucionado a partir de 20 a\u00f1os de experiencia en aplicaciones industriales y condiciones extremas. Los pontones de pl\u00e1stico (polietileno) rellenos de espuma de poliuretano de celda cerrada, asegurando la flotabilidad aun cuando se pueda haber pinchado accidentalmente la cobertura externa. Los componentes cr\u00edticos est\u00e1n construidos en acero inoxidable para lograr una vida \u00fatil m\u00e1s larga aun bajo condiciones muy severas.<\/p>\n<p><strong>Opciones:<\/strong> Para aplicaciones con aguas \u00e1cidas o alcalinas, SMI ofrece la versi\u00f3n mejorada con una capa de protecci\u00f3n resistente en al brazo, la plataforma y el chasis. La h\u00e9lice puede ser construida con un recubrimiento resistente a la descamaci\u00f3n para disminuir la acumulaci\u00f3n sobre las aspas con el uso, sobre transcurso del tiempo. El cable el\u00e9ctrico puede ser m\u00e1s largo (solo inf\u00f3rmenos cuando haga la solicitud).<\/p>\n<\/div><div class=\"fusion-clearfix\"><\/div><\/div><\/div><\/div><\/div>\n","protected":false},"excerpt":{"rendered":"","protected":false},"author":1,"featured_media":0,"parent":6549,"menu_order":1,"comment_status":"closed","ping_status":"closed","template":"side-navigation.php","meta":{"footnotes":""},"class_list":["post-6550","page","type-page","status-publish","hentry"],"yoast_head":"<!-- This site is optimized with the Yoast SEO plugin v26.2 - https:\/\/yoast.com\/wordpress\/plugins\/seo\/ -->\n<title>Evaporador 420F de SMI\u00ae - Telemet<\/title>\n<meta name=\"robots\" content=\"index, follow, max-snippet:-1, max-image-preview:large, max-video-preview:-1\" \/>\n<link rel=\"canonical\" href=\"https:\/\/telemet.com\/es\/smi-evaporative-solutions\/420f\/\" \/>\n<meta property=\"og:locale\" content=\"es_ES\" \/>\n<meta property=\"og:type\" content=\"article\" \/>\n<meta property=\"og:title\" content=\"Evaporador 420F de SMI\u00ae - Telemet\" \/>\n<meta property=\"og:url\" content=\"https:\/\/telemet.com\/es\/smi-evaporative-solutions\/420f\/\" \/>\n<meta property=\"og:site_name\" content=\"Telemet\" \/>\n<meta property=\"article:modified_time\" content=\"2017-04-24T20:43:59+00:00\" \/>\n<meta property=\"og:image\" content=\"https:\/\/telemet.com\/wp-content\/uploads\/2016\/07\/420F.jpg\" \/>\n<meta name=\"twitter:card\" content=\"summary_large_image\" \/>\n<meta name=\"twitter:label1\" content=\"Tiempo de lectura\" \/>\n\t<meta name=\"twitter:data1\" content=\"4 minutes\" \/>\n<script type=\"application\/ld+json\" class=\"yoast-schema-graph\">{\"@context\":\"https:\/\/schema.org\",\"@graph\":[{\"@type\":\"WebPage\",\"@id\":\"https:\/\/telemet.com\/es\/smi-evaporative-solutions\/420f\/\",\"url\":\"https:\/\/telemet.com\/es\/smi-evaporative-solutions\/420f\/\",\"name\":\"Evaporador 420F de SMI\u00ae - Telemet\",\"isPartOf\":{\"@id\":\"https:\/\/telemet.com\/es\/#website\"},\"primaryImageOfPage\":{\"@id\":\"https:\/\/telemet.com\/es\/smi-evaporative-solutions\/420f\/#primaryimage\"},\"image\":{\"@id\":\"https:\/\/telemet.com\/es\/smi-evaporative-solutions\/420f\/#primaryimage\"},\"thumbnailUrl\":\"https:\/\/telemet.com\/wp-content\/uploads\/2016\/07\/420F.jpg\",\"datePublished\":\"2016-07-29T22:03:32+00:00\",\"dateModified\":\"2017-04-24T20:43:59+00:00\",\"breadcrumb\":{\"@id\":\"https:\/\/telemet.com\/es\/smi-evaporative-solutions\/420f\/#breadcrumb\"},\"inLanguage\":\"es-ES\",\"potentialAction\":[{\"@type\":\"ReadAction\",\"target\":[\"https:\/\/telemet.com\/es\/smi-evaporative-solutions\/420f\/\"]}]},{\"@type\":\"ImageObject\",\"inLanguage\":\"es-ES\",\"@id\":\"https:\/\/telemet.com\/es\/smi-evaporative-solutions\/420f\/#primaryimage\",\"url\":\"https:\/\/telemet.com\/wp-content\/uploads\/2016\/07\/420F.jpg\",\"contentUrl\":\"https:\/\/telemet.com\/wp-content\/uploads\/2016\/07\/420F.jpg\"},{\"@type\":\"BreadcrumbList\",\"@id\":\"https:\/\/telemet.com\/es\/smi-evaporative-solutions\/420f\/#breadcrumb\",\"itemListElement\":[{\"@type\":\"ListItem\",\"position\":1,\"name\":\"Home\",\"item\":\"https:\/\/telemet.com\/es\/\"},{\"@type\":\"ListItem\",\"position\":2,\"name\":\"Soluciones Evaporativas de SMI\",\"item\":\"https:\/\/telemet.com\/es\/smi-evaporative-solutions\/\"},{\"@type\":\"ListItem\",\"position\":3,\"name\":\"Evaporador 420F de SMI\u00ae\"}]},{\"@type\":\"WebSite\",\"@id\":\"https:\/\/telemet.com\/es\/#website\",\"url\":\"https:\/\/telemet.com\/es\/\",\"name\":\"Telemet, Inc.\",\"description\":\"Efficiency through Simplicity\",\"potentialAction\":[{\"@type\":\"SearchAction\",\"target\":{\"@type\":\"EntryPoint\",\"urlTemplate\":\"https:\/\/telemet.com\/es\/?s={search_term_string}\"},\"query-input\":{\"@type\":\"PropertyValueSpecification\",\"valueRequired\":true,\"valueName\":\"search_term_string\"}}],\"inLanguage\":\"es-ES\"}]}<\/script>\n<!-- \/ Yoast SEO plugin. -->","yoast_head_json":{"title":"Evaporador 420F de SMI\u00ae - Telemet","robots":{"index":"index","follow":"follow","max-snippet":"max-snippet:-1","max-image-preview":"max-image-preview:large","max-video-preview":"max-video-preview:-1"},"canonical":"https:\/\/telemet.com\/es\/smi-evaporative-solutions\/420f\/","og_locale":"es_ES","og_type":"article","og_title":"Evaporador 420F de SMI\u00ae - Telemet","og_url":"https:\/\/telemet.com\/es\/smi-evaporative-solutions\/420f\/","og_site_name":"Telemet","article_modified_time":"2017-04-24T20:43:59+00:00","og_image":[{"url":"https:\/\/telemet.com\/wp-content\/uploads\/2016\/07\/420F.jpg","type":"","width":"","height":""}],"twitter_card":"summary_large_image","twitter_misc":{"Tiempo de lectura":"4 minutes"},"schema":{"@context":"https:\/\/schema.org","@graph":[{"@type":"WebPage","@id":"https:\/\/telemet.com\/es\/smi-evaporative-solutions\/420f\/","url":"https:\/\/telemet.com\/es\/smi-evaporative-solutions\/420f\/","name":"Evaporador 420F de SMI\u00ae - Telemet","isPartOf":{"@id":"https:\/\/telemet.com\/es\/#website"},"primaryImageOfPage":{"@id":"https:\/\/telemet.com\/es\/smi-evaporative-solutions\/420f\/#primaryimage"},"image":{"@id":"https:\/\/telemet.com\/es\/smi-evaporative-solutions\/420f\/#primaryimage"},"thumbnailUrl":"https:\/\/telemet.com\/wp-content\/uploads\/2016\/07\/420F.jpg","datePublished":"2016-07-29T22:03:32+00:00","dateModified":"2017-04-24T20:43:59+00:00","breadcrumb":{"@id":"https:\/\/telemet.com\/es\/smi-evaporative-solutions\/420f\/#breadcrumb"},"inLanguage":"es-ES","potentialAction":[{"@type":"ReadAction","target":["https:\/\/telemet.com\/es\/smi-evaporative-solutions\/420f\/"]}]},{"@type":"ImageObject","inLanguage":"es-ES","@id":"https:\/\/telemet.com\/es\/smi-evaporative-solutions\/420f\/#primaryimage","url":"https:\/\/telemet.com\/wp-content\/uploads\/2016\/07\/420F.jpg","contentUrl":"https:\/\/telemet.com\/wp-content\/uploads\/2016\/07\/420F.jpg"},{"@type":"BreadcrumbList","@id":"https:\/\/telemet.com\/es\/smi-evaporative-solutions\/420f\/#breadcrumb","itemListElement":[{"@type":"ListItem","position":1,"name":"Home","item":"https:\/\/telemet.com\/es\/"},{"@type":"ListItem","position":2,"name":"Soluciones Evaporativas de SMI","item":"https:\/\/telemet.com\/es\/smi-evaporative-solutions\/"},{"@type":"ListItem","position":3,"name":"Evaporador 420F de SMI\u00ae"}]},{"@type":"WebSite","@id":"https:\/\/telemet.com\/es\/#website","url":"https:\/\/telemet.com\/es\/","name":"Telemet, Inc.","description":"Efficiency through Simplicity","potentialAction":[{"@type":"SearchAction","target":{"@type":"EntryPoint","urlTemplate":"https:\/\/telemet.com\/es\/?s={search_term_string}"},"query-input":{"@type":"PropertyValueSpecification","valueRequired":true,"valueName":"search_term_string"}}],"inLanguage":"es-ES"}]}},"_links":{"self":[{"href":"https:\/\/telemet.com\/es\/wp-json\/wp\/v2\/pages\/6550","targetHints":{"allow":["GET"]}}],"collection":[{"href":"https:\/\/telemet.com\/es\/wp-json\/wp\/v2\/pages"}],"about":[{"href":"https:\/\/telemet.com\/es\/wp-json\/wp\/v2\/types\/page"}],"author":[{"embeddable":true,"href":"https:\/\/telemet.com\/es\/wp-json\/wp\/v2\/users\/1"}],"replies":[{"embeddable":true,"href":"https:\/\/telemet.com\/es\/wp-json\/wp\/v2\/comments?post=6550"}],"version-history":[{"count":3,"href":"https:\/\/telemet.com\/es\/wp-json\/wp\/v2\/pages\/6550\/revisions"}],"predecessor-version":[{"id":8456,"href":"https:\/\/telemet.com\/es\/wp-json\/wp\/v2\/pages\/6550\/revisions\/8456"}],"up":[{"embeddable":true,"href":"https:\/\/telemet.com\/es\/wp-json\/wp\/v2\/pages\/6549"}],"wp:attachment":[{"href":"https:\/\/telemet.com\/es\/wp-json\/wp\/v2\/media?parent=6550"}],"curies":[{"name":"wp","href":"https:\/\/api.w.org\/{rel}","templated":true}]}}