{"id":6557,"date":"2016-07-29T22:11:59","date_gmt":"2016-07-29T22:11:30","guid":{"rendered":"http:\/\/telemet.com\/smi-evaporative-solutions\/420b\/?lang=es"},"modified":"2017-04-24T20:43:59","modified_gmt":"2017-04-24T20:43:59","slug":"420b","status":"publish","type":"page","link":"https:\/\/telemet.com\/es\/smi-evaporative-solutions\/420b\/","title":{"rendered":"Evaporador 420B de SMI\u00ae"},"content":{"rendered":"<div class=\"fusion-fullwidth fullwidth-box fusion-builder-row-1 nonhundred-percent-fullwidth non-hundred-percent-height-scrolling\" style=\"--awb-background-position:left top;--awb-border-radius-top-left:0px;--awb-border-radius-top-right:0px;--awb-border-radius-bottom-right:0px;--awb-border-radius-bottom-left:0px;--awb-padding-top:0px;--awb-padding-bottom:20px;--awb-border-sizes-top:0px;--awb-border-sizes-bottom:0px;--awb-flex-wrap:wrap;\" ><div class=\"fusion-builder-row fusion-row\"><div class=\"fusion-layout-column fusion_builder_column fusion-builder-column-0 fusion_builder_column_1_1 1_1 fusion-one-full fusion-column-first fusion-column-last fusion-column-no-min-height\" style=\"--awb-bg-size:cover;--awb-margin-top:0px;--awb-margin-bottom:0px;\"><div class=\"fusion-column-wrapper fusion-flex-column-wrapper-legacy\"><div class=\"fusion-image-element fusion-image-align-center in-legacy-container\" style=\"text-align:center;--awb-caption-title-font-family:var(--h2_typography-font-family);--awb-caption-title-font-weight:var(--h2_typography-font-weight);--awb-caption-title-font-style:var(--h2_typography-font-style);--awb-caption-title-size:var(--h2_typography-font-size);--awb-caption-title-transform:var(--h2_typography-text-transform);--awb-caption-title-line-height:var(--h2_typography-line-height);--awb-caption-title-letter-spacing:var(--h2_typography-letter-spacing);\"><div class=\"imageframe-align-center\"><span class=\" fusion-imageframe imageframe-none imageframe-1 hover-type-none\"><img decoding=\"async\" width=\"1024\" height=\"682\" title=\"420Bnew\" src=\"https:\/\/telemet.com\/wp-content\/uploads\/2016\/07\/420Bnew.jpg\" alt class=\"img-responsive wp-image-2518\" srcset=\"https:\/\/telemet.com\/wp-content\/uploads\/2016\/07\/420Bnew-200x133.jpg 200w, https:\/\/telemet.com\/wp-content\/uploads\/2016\/07\/420Bnew-400x266.jpg 400w, https:\/\/telemet.com\/wp-content\/uploads\/2016\/07\/420Bnew-600x400.jpg 600w, https:\/\/telemet.com\/wp-content\/uploads\/2016\/07\/420Bnew-800x533.jpg 800w, https:\/\/telemet.com\/wp-content\/uploads\/2016\/07\/420Bnew.jpg 1024w\" sizes=\"(max-width: 800px) 100vw, 1024px\" \/><\/span><\/div><\/div><div class=\"fusion-sep-clear\"><\/div><div class=\"fusion-separator fusion-full-width-sep\" style=\"margin-left: auto;margin-right: auto;margin-top:20px;width:100%;\"><\/div><div class=\"fusion-sep-clear\"><\/div><div class=\"fusion-align-block\"><a class=\"fusion-button button-flat button-xlarge button-default fusion-button-default button-1 fusion-button-default-span \" style=\"width:calc(100%);\" target=\"_blank\" rel=\"noopener noreferrer\" title=\"Download Brochure\" aria-label=\"Download Brochure\" href=\"\/wp-content\/uploads\/2016\/07\/EvaporLit-420B.pdf\"><span class=\"fusion-button-text awb-button__text awb-button__text--default\">descargar folleto (PDF)<\/span><i class=\" fa fa-file-pdf-o awb-button__icon awb-button__icon--default button-icon-right\" aria-hidden=\"true\"><\/i><\/a><\/div><div class=\"fusion-sep-clear\"><\/div><div class=\"fusion-separator fusion-full-width-sep\" style=\"margin-left: auto;margin-right: auto;margin-top:20px;width:100%;\"><\/div><div class=\"fusion-sep-clear\"><\/div><div class=\"fusion-text fusion-text-1\"><p>Nuestro 420B est\u00e1 montado sobre un brazo, plataforma y base que se puede elevar y bajar, adem\u00e1s de orientarse en diferentes \u00e1ngulos horizontales y verticales. Construido en acero galvanizado, el 420 tiene un gato mec\u00e1nico f\u00e1cil de usar, recubierto en acero inoxidable y un estable sistema libre de contrapeso fabricado en hormig\u00f3n armado. Los sujetadores y cadenas de seguridad en acero inoxidable son est\u00e1ndar. Se puede obtener una construcci\u00f3n con materiales especiales a pedido.<\/p>\n<h3>El evaporador 420B de SMI tiene los siguientes beneficios y caracter\u00edsticas:<\/h3>\n<p><strong>Alta Perfomance<\/strong>: una h\u00e9lice de alta velocidad rotando a 3600 rpm, genera una \u00f3ptima distribuci\u00f3n de las gotas de agua para su evaporaci\u00f3n. Se han obtenido promedios anuales de reg\u00edmenes de evaporaci\u00f3n de hasta 70%, siendo los valores t\u00edpicos de entre 25% y 60 %, dependiendo de factores tales como temperatura ambiente, humedad relativa, viento y composici\u00f3n del agua. En general, a condiciones m\u00e1s c\u00e1lidas y secas, m\u00e1s altos son los valores de evaporaci\u00f3n.<\/p>\n<p><strong>Baja Presi\u00f3n:<\/strong> el Evaporador 420B de SMI puede trabajar en forma efectiva con presiones de entre 20 y 120 psi. Esto se traduce en grandes ahorros de bombas y ca\u00f1er\u00edas debido a que no se necesitan sistemas de alta presi\u00f3n.<\/p>\n<p><strong>F\u00e1cil Mantenimiento:<\/strong> esta m\u00e1quina es f\u00e1cil de limpiar y mantener debido a su dise\u00f1o. No se necesitan engrases semanales de rodamientos.<\/p>\n<p><strong>Orificios de Mayor Di\u00e1metro:<\/strong> el Evaporador 420B de SMI permite el pasaje de part\u00edculas de hasta 3\/16\u2033 (5 mm) de di\u00e1metro. Esto elimina la necesidad del prefiltrado, limpieza de filtros y los problemas de boquillas obturadas.<\/p>\n<p><strong>Operaci\u00f3n Simple:<\/strong> el Evaporador 420B de SMI puede ser operado en posici\u00f3n vertical o diagonal sobre la pileta elevando o haciendo descender el brazo manualmente. Esta m\u00e1quina puede ser operada bajo cualquier condici\u00f3n de viento y no es sensible a la retroalimentaci\u00f3n.<\/p>\n<p><strong>Condiciones de Trabajo Extremas: <\/strong>el dise\u00f1o del Evaporador 420B de SMI, ha evolucionado a partir de 20 a\u00f1os de experiencia en aplicaciones industriales y condiciones extremas. Esta m\u00e1quina puede ser usada todo el a\u00f1o entre los -20\u00b0F y 140\u00b0F (-28\u00b0C y 60\u00b0C). Inclusive a temperaturas muy bajas igual se obtienen los beneficios del proceso de congelamiento y cristalizaci\u00f3n.<\/p>\n<p><strong>Opciones:<\/strong> para aplicaciones con aguas \u00e1cidas o alcalinas, SMI ofrece la versi\u00f3n mejorada con una capa de protecci\u00f3n resistente en el brazo, la plataforma y el marco de base. Alternativamente, el brazo puede ser fabricado con acero inoxidable.<\/p>\n<\/div><div class=\"fusion-clearfix\"><\/div><\/div><\/div><\/div><\/div>\n","protected":false},"excerpt":{"rendered":"","protected":false},"author":1,"featured_media":0,"parent":6549,"menu_order":2,"comment_status":"closed","ping_status":"closed","template":"side-navigation.php","meta":{"footnotes":""},"class_list":["post-6557","page","type-page","status-publish","hentry"],"yoast_head":"<!-- This site is optimized with the Yoast SEO plugin v26.2 - https:\/\/yoast.com\/wordpress\/plugins\/seo\/ -->\n<title>Evaporador 420B de SMI\u00ae - Telemet<\/title>\n<meta name=\"robots\" content=\"index, follow, max-snippet:-1, max-image-preview:large, max-video-preview:-1\" \/>\n<link rel=\"canonical\" href=\"https:\/\/telemet.com\/es\/smi-evaporative-solutions\/420b\/\" \/>\n<meta property=\"og:locale\" content=\"es_ES\" \/>\n<meta property=\"og:type\" content=\"article\" \/>\n<meta property=\"og:title\" content=\"Evaporador 420B de SMI\u00ae - Telemet\" \/>\n<meta property=\"og:url\" content=\"https:\/\/telemet.com\/es\/smi-evaporative-solutions\/420b\/\" \/>\n<meta property=\"og:site_name\" content=\"Telemet\" \/>\n<meta property=\"article:modified_time\" content=\"2017-04-24T20:43:59+00:00\" \/>\n<meta property=\"og:image\" content=\"https:\/\/telemet.com\/wp-content\/uploads\/2016\/07\/420Bnew.jpg\" \/>\n<meta name=\"twitter:card\" content=\"summary_large_image\" \/>\n<meta name=\"twitter:label1\" content=\"Tiempo de lectura\" \/>\n\t<meta name=\"twitter:data1\" content=\"4 minutes\" \/>\n<script type=\"application\/ld+json\" class=\"yoast-schema-graph\">{\"@context\":\"https:\/\/schema.org\",\"@graph\":[{\"@type\":\"WebPage\",\"@id\":\"https:\/\/telemet.com\/es\/smi-evaporative-solutions\/420b\/\",\"url\":\"https:\/\/telemet.com\/es\/smi-evaporative-solutions\/420b\/\",\"name\":\"Evaporador 420B de SMI\u00ae - Telemet\",\"isPartOf\":{\"@id\":\"https:\/\/telemet.com\/es\/#website\"},\"primaryImageOfPage\":{\"@id\":\"https:\/\/telemet.com\/es\/smi-evaporative-solutions\/420b\/#primaryimage\"},\"image\":{\"@id\":\"https:\/\/telemet.com\/es\/smi-evaporative-solutions\/420b\/#primaryimage\"},\"thumbnailUrl\":\"https:\/\/telemet.com\/wp-content\/uploads\/2016\/07\/420Bnew.jpg\",\"datePublished\":\"2016-07-29T22:11:30+00:00\",\"dateModified\":\"2017-04-24T20:43:59+00:00\",\"breadcrumb\":{\"@id\":\"https:\/\/telemet.com\/es\/smi-evaporative-solutions\/420b\/#breadcrumb\"},\"inLanguage\":\"es-ES\",\"potentialAction\":[{\"@type\":\"ReadAction\",\"target\":[\"https:\/\/telemet.com\/es\/smi-evaporative-solutions\/420b\/\"]}]},{\"@type\":\"ImageObject\",\"inLanguage\":\"es-ES\",\"@id\":\"https:\/\/telemet.com\/es\/smi-evaporative-solutions\/420b\/#primaryimage\",\"url\":\"https:\/\/telemet.com\/wp-content\/uploads\/2016\/07\/420Bnew.jpg\",\"contentUrl\":\"https:\/\/telemet.com\/wp-content\/uploads\/2016\/07\/420Bnew.jpg\"},{\"@type\":\"BreadcrumbList\",\"@id\":\"https:\/\/telemet.com\/es\/smi-evaporative-solutions\/420b\/#breadcrumb\",\"itemListElement\":[{\"@type\":\"ListItem\",\"position\":1,\"name\":\"Home\",\"item\":\"https:\/\/telemet.com\/es\/\"},{\"@type\":\"ListItem\",\"position\":2,\"name\":\"Soluciones Evaporativas de SMI\",\"item\":\"https:\/\/telemet.com\/es\/smi-evaporative-solutions\/\"},{\"@type\":\"ListItem\",\"position\":3,\"name\":\"Evaporador 420B de SMI\u00ae\"}]},{\"@type\":\"WebSite\",\"@id\":\"https:\/\/telemet.com\/es\/#website\",\"url\":\"https:\/\/telemet.com\/es\/\",\"name\":\"Telemet, Inc.\",\"description\":\"Efficiency through Simplicity\",\"potentialAction\":[{\"@type\":\"SearchAction\",\"target\":{\"@type\":\"EntryPoint\",\"urlTemplate\":\"https:\/\/telemet.com\/es\/?s={search_term_string}\"},\"query-input\":{\"@type\":\"PropertyValueSpecification\",\"valueRequired\":true,\"valueName\":\"search_term_string\"}}],\"inLanguage\":\"es-ES\"}]}<\/script>\n<!-- \/ Yoast SEO plugin. -->","yoast_head_json":{"title":"Evaporador 420B de SMI\u00ae - Telemet","robots":{"index":"index","follow":"follow","max-snippet":"max-snippet:-1","max-image-preview":"max-image-preview:large","max-video-preview":"max-video-preview:-1"},"canonical":"https:\/\/telemet.com\/es\/smi-evaporative-solutions\/420b\/","og_locale":"es_ES","og_type":"article","og_title":"Evaporador 420B de SMI\u00ae - Telemet","og_url":"https:\/\/telemet.com\/es\/smi-evaporative-solutions\/420b\/","og_site_name":"Telemet","article_modified_time":"2017-04-24T20:43:59+00:00","og_image":[{"url":"https:\/\/telemet.com\/wp-content\/uploads\/2016\/07\/420Bnew.jpg","type":"","width":"","height":""}],"twitter_card":"summary_large_image","twitter_misc":{"Tiempo de lectura":"4 minutes"},"schema":{"@context":"https:\/\/schema.org","@graph":[{"@type":"WebPage","@id":"https:\/\/telemet.com\/es\/smi-evaporative-solutions\/420b\/","url":"https:\/\/telemet.com\/es\/smi-evaporative-solutions\/420b\/","name":"Evaporador 420B de SMI\u00ae - Telemet","isPartOf":{"@id":"https:\/\/telemet.com\/es\/#website"},"primaryImageOfPage":{"@id":"https:\/\/telemet.com\/es\/smi-evaporative-solutions\/420b\/#primaryimage"},"image":{"@id":"https:\/\/telemet.com\/es\/smi-evaporative-solutions\/420b\/#primaryimage"},"thumbnailUrl":"https:\/\/telemet.com\/wp-content\/uploads\/2016\/07\/420Bnew.jpg","datePublished":"2016-07-29T22:11:30+00:00","dateModified":"2017-04-24T20:43:59+00:00","breadcrumb":{"@id":"https:\/\/telemet.com\/es\/smi-evaporative-solutions\/420b\/#breadcrumb"},"inLanguage":"es-ES","potentialAction":[{"@type":"ReadAction","target":["https:\/\/telemet.com\/es\/smi-evaporative-solutions\/420b\/"]}]},{"@type":"ImageObject","inLanguage":"es-ES","@id":"https:\/\/telemet.com\/es\/smi-evaporative-solutions\/420b\/#primaryimage","url":"https:\/\/telemet.com\/wp-content\/uploads\/2016\/07\/420Bnew.jpg","contentUrl":"https:\/\/telemet.com\/wp-content\/uploads\/2016\/07\/420Bnew.jpg"},{"@type":"BreadcrumbList","@id":"https:\/\/telemet.com\/es\/smi-evaporative-solutions\/420b\/#breadcrumb","itemListElement":[{"@type":"ListItem","position":1,"name":"Home","item":"https:\/\/telemet.com\/es\/"},{"@type":"ListItem","position":2,"name":"Soluciones Evaporativas de SMI","item":"https:\/\/telemet.com\/es\/smi-evaporative-solutions\/"},{"@type":"ListItem","position":3,"name":"Evaporador 420B de SMI\u00ae"}]},{"@type":"WebSite","@id":"https:\/\/telemet.com\/es\/#website","url":"https:\/\/telemet.com\/es\/","name":"Telemet, Inc.","description":"Efficiency through Simplicity","potentialAction":[{"@type":"SearchAction","target":{"@type":"EntryPoint","urlTemplate":"https:\/\/telemet.com\/es\/?s={search_term_string}"},"query-input":{"@type":"PropertyValueSpecification","valueRequired":true,"valueName":"search_term_string"}}],"inLanguage":"es-ES"}]}},"_links":{"self":[{"href":"https:\/\/telemet.com\/es\/wp-json\/wp\/v2\/pages\/6557","targetHints":{"allow":["GET"]}}],"collection":[{"href":"https:\/\/telemet.com\/es\/wp-json\/wp\/v2\/pages"}],"about":[{"href":"https:\/\/telemet.com\/es\/wp-json\/wp\/v2\/types\/page"}],"author":[{"embeddable":true,"href":"https:\/\/telemet.com\/es\/wp-json\/wp\/v2\/users\/1"}],"replies":[{"embeddable":true,"href":"https:\/\/telemet.com\/es\/wp-json\/wp\/v2\/comments?post=6557"}],"version-history":[{"count":3,"href":"https:\/\/telemet.com\/es\/wp-json\/wp\/v2\/pages\/6557\/revisions"}],"predecessor-version":[{"id":8453,"href":"https:\/\/telemet.com\/es\/wp-json\/wp\/v2\/pages\/6557\/revisions\/8453"}],"up":[{"embeddable":true,"href":"https:\/\/telemet.com\/es\/wp-json\/wp\/v2\/pages\/6549"}],"wp:attachment":[{"href":"https:\/\/telemet.com\/es\/wp-json\/wp\/v2\/media?parent=6557"}],"curies":[{"name":"wp","href":"https:\/\/api.w.org\/{rel}","templated":true}]}}