{"id":6568,"date":"2016-08-03T17:09:55","date_gmt":"2016-08-03T17:09:55","guid":{"rendered":"http:\/\/telemet.com\/smi-evaporative-solutions\/mega-polecat\/?lang=es"},"modified":"2017-04-24T20:43:55","modified_gmt":"2017-04-24T20:43:55","slug":"mega-polecat","status":"publish","type":"page","link":"https:\/\/telemet.com\/es\/smi-evaporative-solutions\/mega-polecat\/","title":{"rendered":"Evaporador SMI\u00ae Mega PoleCat"},"content":{"rendered":"<div class=\"fusion-fullwidth fullwidth-box fusion-builder-row-1 nonhundred-percent-fullwidth non-hundred-percent-height-scrolling\" style=\"--awb-background-position:left top;--awb-border-radius-top-left:0px;--awb-border-radius-top-right:0px;--awb-border-radius-bottom-right:0px;--awb-border-radius-bottom-left:0px;--awb-padding-top:0px;--awb-padding-bottom:20px;--awb-border-sizes-top:0px;--awb-border-sizes-bottom:0px;--awb-flex-wrap:wrap;\" ><div class=\"fusion-builder-row fusion-row\"><div class=\"fusion-layout-column fusion_builder_column fusion-builder-column-0 fusion_builder_column_1_1 1_1 fusion-one-full fusion-column-first fusion-column-last fusion-column-no-min-height\" style=\"--awb-bg-size:cover;--awb-margin-top:0px;--awb-margin-bottom:0px;\"><div class=\"fusion-column-wrapper fusion-flex-column-wrapper-legacy\"><div class=\"fusion-slider-sc fusion-flexslider-loading flexslider flexslider-hover-type-none\" data-slideshow_autoplay=\"1\" data-slideshow_smooth_height=\"0\" data-slideshow_speed=\"7000\" style=\"max-width:100%;height:100%;\"><ul class=\"slides\"><li class=\"image\"><span class=\"fusion-image-hover-element hover-type-none\"><img decoding=\"async\" src=\"https:\/\/telemet.com\/wp-content\/uploads\/2016\/08\/megapolecat-slider_3.jpg\" width=\"1160\" height=\"550\" \/><\/span><\/li><li class=\"image\"><span class=\"fusion-image-hover-element hover-type-none\"><img decoding=\"async\" src=\"https:\/\/telemet.com\/wp-content\/uploads\/2016\/08\/megapolecat-slider_4.jpg\" width=\"1160\" height=\"550\" \/><\/span><\/li><li class=\"image\"><span class=\"fusion-image-hover-element hover-type-none\"><img decoding=\"async\" src=\"https:\/\/telemet.com\/wp-content\/uploads\/2016\/08\/megapolecat-slider_5.jpg\" width=\"1160\" height=\"550\" \/><\/span><\/li><li class=\"image\"><span class=\"fusion-image-hover-element hover-type-none\"><img decoding=\"async\" src=\"https:\/\/telemet.com\/wp-content\/uploads\/2016\/08\/megapolecat-slider_6.jpg\" width=\"1160\" height=\"550\" \/><\/span><\/li><li class=\"image\"><span class=\"fusion-image-hover-element hover-type-none\"><img decoding=\"async\" src=\"https:\/\/telemet.com\/wp-content\/uploads\/2016\/08\/megapolecat-slider_7.jpg\" width=\"1160\" height=\"550\" \/><\/span><\/li><\/ul><\/div><div class=\"fusion-align-block\"><a class=\"fusion-button button-flat button-xlarge button-default fusion-button-default button-1 fusion-button-default-span \" style=\"width:calc(100%);\" target=\"_blank\" rel=\"noopener noreferrer\" title=\"Download Brochure\" aria-label=\"Download Brochure\" href=\"\/wp-content\/uploads\/2016\/08\/EvaporLit-Mega-PoleCat.pdf\"><span class=\"fusion-button-text awb-button__text awb-button__text--default\">descargar folleto (PDF)<\/span><i class=\" fa fa-file-pdf-o awb-button__icon awb-button__icon--default button-icon-right\" aria-hidden=\"true\"><\/i><\/a><\/div><div class=\"fusion-sep-clear\"><\/div><div class=\"fusion-separator fusion-full-width-sep\" style=\"margin-left: auto;margin-right: auto;margin-top:20px;width:100%;\"><\/div><div class=\"fusion-sep-clear\"><\/div><div class=\"fusion-text fusion-text-1\"><p>El evaporador Mega PoleCat de SMI\u00ae es una m\u00e1quina de gran tiraje (105 metros \/ m\u00e1s de 350 pies) que evapora el agua de grandes \u00e1reas a grandes vol\u00famenes.<\/p>\n<p>El Mega PoleCat est\u00e1 montado sobre una base galvanizada, con un ventilador de 60HP (45 Kw), elevador el\u00e9ctrico de \u00e1ngulo de barril, rodamientos rotativos con men\u00fa de opciones definidas por el usuario y una oscilaci\u00f3n de 359 grados, bomba de empuje a bordo (opcional), panel de control con PLC y pantalla t\u00e1ctil.<\/p>\n<h3>Beneficios<\/h3>\n<p><strong>Excelente performance:<\/strong> su Mega PoleCat puede armarse seg\u00fan las condiciones espec\u00edficas de su sitio de trabajo y de las condiciones meteorol\u00f3gicas del lugar. Los rangos t\u00edpicos de evaporaci\u00f3n se encuentran entre 20% y 80% del agua procesada; con flujos sugeridos de agua de 90gpm (390 lpm) a 130 gpm (500 lpm).<\/p>\n<p>Para maximizar la efectividad de la operaci\u00f3n, el tama\u00f1o de las boquillas, el rango de flujo y el tama\u00f1o de las part\u00edculas de agua, pueden ser personalizados acorde con las condiciones del sitio de trabajo.<\/p>\n<p>Los flujos actuales de agua de Mega PoleCat dependen del lugar de trabajo y del equipo de bombeo. Los rangos de evaporaci\u00f3n var\u00edan y dependen de muchos factores como por ejemplo la qu\u00edmica del agua, la temperatura del aire y del agua, la humedad y el viento, entre otros.<\/p>\n<p><strong>F\u00e1cil mantenimiento:<\/strong> el Mega PoleCat fue dise\u00f1ado para que su limpieza y mantenimiento fuesen f\u00e1ciles. El motor del ventilador fue desarrollado para una vida de larga duraci\u00f3n bajo condiciones h\u00famedas, y los rodamientos pre-lubricados y sellados, eliminan la necesidad de lubricar el equipo semanal o mensualmente.<\/p>\n<p><strong>Trabajo extremo:<\/strong> el dise\u00f1o del Evaporador Mega PoleCat ha evolucionado gracias a m\u00e1s de 40 a\u00f1os de experiencia en la industria y aplicaciones al aire libre en condiciones extremas. Los componentes cr\u00edticos son fabricados con acero galvanizado y acero inoxidable para extender la vida \u00fatil del equipo en ambientes hostiles.<\/p>\n<h3>Caracter\u00edsticas<\/h3>\n<p><strong>Rangos flexibles de flujo:<\/strong> las boquillas, la presi\u00f3n del agua y los rangos de flujo pueden configurarse seg\u00fan lo necesario para alcanzar la m\u00e1xima eficiencia de evaporaci\u00f3n, seg\u00fan sus necesidades.<\/p>\n<p><strong>Men\u00fa de manejo con 359\u00b0 de oscilaci\u00f3n:<\/strong> las opciones de men\u00fa permiten aumentar la eficiencia de evaporaci\u00f3n gracias a que se permite que la m\u00e1quina oscile hacia adelante y atr\u00e1s a trav\u00e9s de un arco de movimiento definido. Simplemente paute los puntos de inicio y fin a trav\u00e9s de la pantalla t\u00e1ctil. Esta misma pantalla le permite rotar la unidad autom\u00e1ticamente de forma muy f\u00e1cil para ajustarla seg\u00fan las condiciones variables de viento.<\/p>\n<p>Tambi\u00e9n ofrece un nivel de ajuste manual horizontal que permite girar la m\u00e1quina sin corriente.<\/p>\n<p><strong>Elevador el\u00e9ctrico de \u00e1ngulo de barril:<\/strong> con solo presionar un bot\u00f3n se obtiene la mayor flexibilidad para lograr el alcance deseado y el mejor resultado.<\/p>\n<\/div><div class=\"fusion-clearfix\"><\/div><\/div><\/div><\/div><\/div>\n","protected":false},"excerpt":{"rendered":"","protected":false},"author":1,"featured_media":0,"parent":6549,"menu_order":5,"comment_status":"closed","ping_status":"closed","template":"side-navigation.php","meta":{"footnotes":""},"class_list":["post-6568","page","type-page","status-publish","hentry"],"yoast_head":"<!-- This site is optimized with the Yoast SEO plugin v26.2 - https:\/\/yoast.com\/wordpress\/plugins\/seo\/ -->\n<title>Evaporador SMI\u00ae Mega PoleCat - Telemet<\/title>\n<meta name=\"robots\" content=\"index, follow, max-snippet:-1, max-image-preview:large, max-video-preview:-1\" \/>\n<link rel=\"canonical\" href=\"https:\/\/telemet.com\/es\/smi-evaporative-solutions\/mega-polecat\/\" \/>\n<meta property=\"og:locale\" content=\"es_ES\" \/>\n<meta property=\"og:type\" content=\"article\" \/>\n<meta property=\"og:title\" content=\"Evaporador SMI\u00ae Mega PoleCat - Telemet\" \/>\n<meta property=\"og:url\" content=\"https:\/\/telemet.com\/es\/smi-evaporative-solutions\/mega-polecat\/\" \/>\n<meta property=\"og:site_name\" content=\"Telemet\" \/>\n<meta property=\"article:modified_time\" content=\"2017-04-24T20:43:55+00:00\" \/>\n<meta name=\"twitter:card\" content=\"summary_large_image\" \/>\n<meta name=\"twitter:label1\" content=\"Tiempo de lectura\" \/>\n\t<meta name=\"twitter:data1\" content=\"4 minutes\" \/>\n<script type=\"application\/ld+json\" class=\"yoast-schema-graph\">{\"@context\":\"https:\/\/schema.org\",\"@graph\":[{\"@type\":\"WebPage\",\"@id\":\"https:\/\/telemet.com\/es\/smi-evaporative-solutions\/mega-polecat\/\",\"url\":\"https:\/\/telemet.com\/es\/smi-evaporative-solutions\/mega-polecat\/\",\"name\":\"Evaporador SMI\u00ae Mega PoleCat - Telemet\",\"isPartOf\":{\"@id\":\"https:\/\/telemet.com\/es\/#website\"},\"datePublished\":\"2016-08-03T17:09:55+00:00\",\"dateModified\":\"2017-04-24T20:43:55+00:00\",\"breadcrumb\":{\"@id\":\"https:\/\/telemet.com\/es\/smi-evaporative-solutions\/mega-polecat\/#breadcrumb\"},\"inLanguage\":\"es-ES\",\"potentialAction\":[{\"@type\":\"ReadAction\",\"target\":[\"https:\/\/telemet.com\/es\/smi-evaporative-solutions\/mega-polecat\/\"]}]},{\"@type\":\"BreadcrumbList\",\"@id\":\"https:\/\/telemet.com\/es\/smi-evaporative-solutions\/mega-polecat\/#breadcrumb\",\"itemListElement\":[{\"@type\":\"ListItem\",\"position\":1,\"name\":\"Home\",\"item\":\"https:\/\/telemet.com\/es\/\"},{\"@type\":\"ListItem\",\"position\":2,\"name\":\"Soluciones Evaporativas de SMI\",\"item\":\"https:\/\/telemet.com\/es\/smi-evaporative-solutions\/\"},{\"@type\":\"ListItem\",\"position\":3,\"name\":\"Evaporador SMI\u00ae Mega PoleCat\"}]},{\"@type\":\"WebSite\",\"@id\":\"https:\/\/telemet.com\/es\/#website\",\"url\":\"https:\/\/telemet.com\/es\/\",\"name\":\"Telemet, Inc.\",\"description\":\"Efficiency through Simplicity\",\"potentialAction\":[{\"@type\":\"SearchAction\",\"target\":{\"@type\":\"EntryPoint\",\"urlTemplate\":\"https:\/\/telemet.com\/es\/?s={search_term_string}\"},\"query-input\":{\"@type\":\"PropertyValueSpecification\",\"valueRequired\":true,\"valueName\":\"search_term_string\"}}],\"inLanguage\":\"es-ES\"}]}<\/script>\n<!-- \/ Yoast SEO plugin. -->","yoast_head_json":{"title":"Evaporador SMI\u00ae Mega PoleCat - Telemet","robots":{"index":"index","follow":"follow","max-snippet":"max-snippet:-1","max-image-preview":"max-image-preview:large","max-video-preview":"max-video-preview:-1"},"canonical":"https:\/\/telemet.com\/es\/smi-evaporative-solutions\/mega-polecat\/","og_locale":"es_ES","og_type":"article","og_title":"Evaporador SMI\u00ae Mega PoleCat - Telemet","og_url":"https:\/\/telemet.com\/es\/smi-evaporative-solutions\/mega-polecat\/","og_site_name":"Telemet","article_modified_time":"2017-04-24T20:43:55+00:00","twitter_card":"summary_large_image","twitter_misc":{"Tiempo de lectura":"4 minutes"},"schema":{"@context":"https:\/\/schema.org","@graph":[{"@type":"WebPage","@id":"https:\/\/telemet.com\/es\/smi-evaporative-solutions\/mega-polecat\/","url":"https:\/\/telemet.com\/es\/smi-evaporative-solutions\/mega-polecat\/","name":"Evaporador SMI\u00ae Mega PoleCat - Telemet","isPartOf":{"@id":"https:\/\/telemet.com\/es\/#website"},"datePublished":"2016-08-03T17:09:55+00:00","dateModified":"2017-04-24T20:43:55+00:00","breadcrumb":{"@id":"https:\/\/telemet.com\/es\/smi-evaporative-solutions\/mega-polecat\/#breadcrumb"},"inLanguage":"es-ES","potentialAction":[{"@type":"ReadAction","target":["https:\/\/telemet.com\/es\/smi-evaporative-solutions\/mega-polecat\/"]}]},{"@type":"BreadcrumbList","@id":"https:\/\/telemet.com\/es\/smi-evaporative-solutions\/mega-polecat\/#breadcrumb","itemListElement":[{"@type":"ListItem","position":1,"name":"Home","item":"https:\/\/telemet.com\/es\/"},{"@type":"ListItem","position":2,"name":"Soluciones Evaporativas de SMI","item":"https:\/\/telemet.com\/es\/smi-evaporative-solutions\/"},{"@type":"ListItem","position":3,"name":"Evaporador SMI\u00ae Mega PoleCat"}]},{"@type":"WebSite","@id":"https:\/\/telemet.com\/es\/#website","url":"https:\/\/telemet.com\/es\/","name":"Telemet, Inc.","description":"Efficiency through Simplicity","potentialAction":[{"@type":"SearchAction","target":{"@type":"EntryPoint","urlTemplate":"https:\/\/telemet.com\/es\/?s={search_term_string}"},"query-input":{"@type":"PropertyValueSpecification","valueRequired":true,"valueName":"search_term_string"}}],"inLanguage":"es-ES"}]}},"_links":{"self":[{"href":"https:\/\/telemet.com\/es\/wp-json\/wp\/v2\/pages\/6568","targetHints":{"allow":["GET"]}}],"collection":[{"href":"https:\/\/telemet.com\/es\/wp-json\/wp\/v2\/pages"}],"about":[{"href":"https:\/\/telemet.com\/es\/wp-json\/wp\/v2\/types\/page"}],"author":[{"embeddable":true,"href":"https:\/\/telemet.com\/es\/wp-json\/wp\/v2\/users\/1"}],"replies":[{"embeddable":true,"href":"https:\/\/telemet.com\/es\/wp-json\/wp\/v2\/comments?post=6568"}],"version-history":[{"count":5,"href":"https:\/\/telemet.com\/es\/wp-json\/wp\/v2\/pages\/6568\/revisions"}],"predecessor-version":[{"id":8405,"href":"https:\/\/telemet.com\/es\/wp-json\/wp\/v2\/pages\/6568\/revisions\/8405"}],"up":[{"embeddable":true,"href":"https:\/\/telemet.com\/es\/wp-json\/wp\/v2\/pages\/6549"}],"wp:attachment":[{"href":"https:\/\/telemet.com\/es\/wp-json\/wp\/v2\/media?parent=6568"}],"curies":[{"name":"wp","href":"https:\/\/api.w.org\/{rel}","templated":true}]}}