{"id":6582,"date":"2016-08-03T17:02:15","date_gmt":"2016-08-03T17:02:15","guid":{"rendered":"http:\/\/telemet.com\/smi-evaporative-solutions\/super-polecat\/?lang=es"},"modified":"2017-04-24T20:43:56","modified_gmt":"2017-04-24T20:43:56","slug":"super-polecat","status":"publish","type":"page","link":"https:\/\/telemet.com\/es\/smi-evaporative-solutions\/super-polecat\/","title":{"rendered":"Evaporador SMI\u00ae Super PoleCat"},"content":{"rendered":"<div class=\"fusion-fullwidth fullwidth-box fusion-builder-row-1 nonhundred-percent-fullwidth non-hundred-percent-height-scrolling\" style=\"--awb-background-position:left top;--awb-border-radius-top-left:0px;--awb-border-radius-top-right:0px;--awb-border-radius-bottom-right:0px;--awb-border-radius-bottom-left:0px;--awb-padding-top:0px;--awb-padding-bottom:20px;--awb-border-sizes-top:0px;--awb-border-sizes-bottom:0px;--awb-flex-wrap:wrap;\" ><div class=\"fusion-builder-row fusion-row\"><div class=\"fusion-layout-column fusion_builder_column fusion-builder-column-0 fusion_builder_column_1_1 1_1 fusion-one-full fusion-column-first fusion-column-last fusion-column-no-min-height\" style=\"--awb-bg-size:cover;--awb-margin-top:0px;--awb-margin-bottom:0px;\"><div class=\"fusion-column-wrapper fusion-flex-column-wrapper-legacy\"><div class=\"fusion-image-element fusion-image-align-center in-legacy-container\" style=\"text-align:center;--awb-caption-title-font-family:var(--h2_typography-font-family);--awb-caption-title-font-weight:var(--h2_typography-font-weight);--awb-caption-title-font-style:var(--h2_typography-font-style);--awb-caption-title-size:var(--h2_typography-font-size);--awb-caption-title-transform:var(--h2_typography-text-transform);--awb-caption-title-line-height:var(--h2_typography-line-height);--awb-caption-title-letter-spacing:var(--h2_typography-letter-spacing);\"><div class=\"imageframe-align-center\"><span class=\" fusion-imageframe imageframe-none imageframe-1 hover-type-none\"><img decoding=\"async\" width=\"1000\" height=\"667\" title=\"superPolecats-2\" src=\"https:\/\/telemet.com\/wp-content\/uploads\/2016\/08\/superPolecats-2.jpg\" alt class=\"img-responsive wp-image-2671\" srcset=\"https:\/\/telemet.com\/wp-content\/uploads\/2016\/08\/superPolecats-2-200x133.jpg 200w, https:\/\/telemet.com\/wp-content\/uploads\/2016\/08\/superPolecats-2-400x267.jpg 400w, https:\/\/telemet.com\/wp-content\/uploads\/2016\/08\/superPolecats-2-600x400.jpg 600w, https:\/\/telemet.com\/wp-content\/uploads\/2016\/08\/superPolecats-2-800x534.jpg 800w, https:\/\/telemet.com\/wp-content\/uploads\/2016\/08\/superPolecats-2.jpg 1000w\" sizes=\"(max-width: 800px) 100vw, 1000px\" \/><\/span><\/div><\/div><div class=\"fusion-sep-clear\"><\/div><div class=\"fusion-separator fusion-full-width-sep\" style=\"margin-left: auto;margin-right: auto;margin-top:20px;width:100%;\"><\/div><div class=\"fusion-sep-clear\"><\/div><div class=\"fusion-align-block\"><a class=\"fusion-button button-flat button-xlarge button-default fusion-button-default button-1 fusion-button-default-span \" style=\"width:calc(100%);\" target=\"_blank\" rel=\"noopener noreferrer\" title=\"Download Brochure\" aria-label=\"Download Brochure\" href=\"\/wp-content\/uploads\/2016\/08\/EvaporLit-SuperPoleCat.pdf\"><span class=\"fusion-button-text awb-button__text awb-button__text--default\">descargar folleto (PDF)<\/span><i class=\" fa fa-file-pdf-o awb-button__icon awb-button__icon--default button-icon-right\" aria-hidden=\"true\"><\/i><\/a><\/div><div class=\"fusion-sep-clear\"><\/div><div class=\"fusion-separator fusion-full-width-sep\" style=\"margin-left: auto;margin-right: auto;margin-top:20px;width:100%;\"><\/div><div class=\"fusion-sep-clear\"><\/div><div class=\"fusion-text fusion-text-1\"><p>El evaporador Super PoleCat de SMI est\u00e1 dise\u00f1ado para evaporar sus aguas procesadas de manera simple y confiable.<\/p>\n<p>El Super PoleCat utiliza un ventilador de 25 hp para lanzar eficientemente un abanico de agua a m\u00e1s de 60 metros. Un rociador m\u00faltiple en acero inoxidable con desconexi\u00f3n r\u00e1pida de 2\u2033, distribuye el agua a 30 boquillas dispuestas alrededor de la salida del ventilador. Estas 30 boquillas pueden ser fabricadas en base a los requerimientos de presi\u00f3n y flujo espec\u00edficos, para obtener los niveles de evaporaci\u00f3n \u00f3ptimos de su ubicaci\u00f3n.<\/p>\n<p>Las presiones de agua sugeridas oscilan entre los 80 y 120 psi. Se dispone de un filtro de agua opcional para mejorar el pre-filtrado. El Super PoleCat puede operar durante todo el a\u00f1o bajo todas las condiciones ambientales. Los rangos de evaporaci\u00f3n dependen de muchos factores tales como la temperatura ambiente, la humedad relativa, la elevaci\u00f3n, la exposici\u00f3n solar y la temperatura del agua a tratar. Actuales clientes informan que los niveles de evaporaci\u00f3n t\u00edpicos se ubican entre el 20% y 80%. Por ende, pueden alcanzarse valores de caudales de entre 20 y 120 gpm (75 a 450 lpm.)<\/p>\n<p>El Evaporador Super PoleCat es f\u00e1cil de usar, f\u00e1cil de mantener, eficiente en cuanto a costos energ\u00e9ticos, silencioso y una excelente adquisici\u00f3n.<\/p>\n<\/div><div class=\"fusion-clearfix\"><\/div><\/div><\/div><\/div><\/div>\n","protected":false},"excerpt":{"rendered":"","protected":false},"author":1,"featured_media":0,"parent":6549,"menu_order":4,"comment_status":"closed","ping_status":"closed","template":"side-navigation.php","meta":{"footnotes":""},"class_list":["post-6582","page","type-page","status-publish","hentry"],"yoast_head":"<!-- This site is optimized with the Yoast SEO plugin v26.2 - https:\/\/yoast.com\/wordpress\/plugins\/seo\/ -->\n<title>Evaporador SMI\u00ae Super PoleCat - Telemet<\/title>\n<meta name=\"robots\" content=\"index, follow, max-snippet:-1, max-image-preview:large, max-video-preview:-1\" \/>\n<link rel=\"canonical\" href=\"https:\/\/telemet.com\/es\/smi-evaporative-solutions\/super-polecat\/\" \/>\n<meta property=\"og:locale\" content=\"es_ES\" \/>\n<meta property=\"og:type\" content=\"article\" \/>\n<meta property=\"og:title\" content=\"Evaporador SMI\u00ae Super PoleCat - Telemet\" \/>\n<meta property=\"og:url\" content=\"https:\/\/telemet.com\/es\/smi-evaporative-solutions\/super-polecat\/\" \/>\n<meta property=\"og:site_name\" content=\"Telemet\" \/>\n<meta property=\"article:modified_time\" content=\"2017-04-24T20:43:56+00:00\" \/>\n<meta property=\"og:image\" content=\"https:\/\/telemet.com\/wp-content\/uploads\/2016\/08\/superPolecats-2.jpg\" \/>\n<meta name=\"twitter:card\" content=\"summary_large_image\" \/>\n<meta name=\"twitter:label1\" content=\"Tiempo de lectura\" \/>\n\t<meta name=\"twitter:data1\" content=\"3 minutes\" \/>\n<script type=\"application\/ld+json\" class=\"yoast-schema-graph\">{\"@context\":\"https:\/\/schema.org\",\"@graph\":[{\"@type\":\"WebPage\",\"@id\":\"https:\/\/telemet.com\/es\/smi-evaporative-solutions\/super-polecat\/\",\"url\":\"https:\/\/telemet.com\/es\/smi-evaporative-solutions\/super-polecat\/\",\"name\":\"Evaporador SMI\u00ae Super PoleCat - Telemet\",\"isPartOf\":{\"@id\":\"https:\/\/telemet.com\/es\/#website\"},\"primaryImageOfPage\":{\"@id\":\"https:\/\/telemet.com\/es\/smi-evaporative-solutions\/super-polecat\/#primaryimage\"},\"image\":{\"@id\":\"https:\/\/telemet.com\/es\/smi-evaporative-solutions\/super-polecat\/#primaryimage\"},\"thumbnailUrl\":\"https:\/\/telemet.com\/wp-content\/uploads\/2016\/08\/superPolecats-2.jpg\",\"datePublished\":\"2016-08-03T17:02:15+00:00\",\"dateModified\":\"2017-04-24T20:43:56+00:00\",\"breadcrumb\":{\"@id\":\"https:\/\/telemet.com\/es\/smi-evaporative-solutions\/super-polecat\/#breadcrumb\"},\"inLanguage\":\"es-ES\",\"potentialAction\":[{\"@type\":\"ReadAction\",\"target\":[\"https:\/\/telemet.com\/es\/smi-evaporative-solutions\/super-polecat\/\"]}]},{\"@type\":\"ImageObject\",\"inLanguage\":\"es-ES\",\"@id\":\"https:\/\/telemet.com\/es\/smi-evaporative-solutions\/super-polecat\/#primaryimage\",\"url\":\"https:\/\/telemet.com\/wp-content\/uploads\/2016\/08\/superPolecats-2.jpg\",\"contentUrl\":\"https:\/\/telemet.com\/wp-content\/uploads\/2016\/08\/superPolecats-2.jpg\"},{\"@type\":\"BreadcrumbList\",\"@id\":\"https:\/\/telemet.com\/es\/smi-evaporative-solutions\/super-polecat\/#breadcrumb\",\"itemListElement\":[{\"@type\":\"ListItem\",\"position\":1,\"name\":\"Home\",\"item\":\"https:\/\/telemet.com\/es\/\"},{\"@type\":\"ListItem\",\"position\":2,\"name\":\"Soluciones Evaporativas de SMI\",\"item\":\"https:\/\/telemet.com\/es\/smi-evaporative-solutions\/\"},{\"@type\":\"ListItem\",\"position\":3,\"name\":\"Evaporador SMI\u00ae Super PoleCat\"}]},{\"@type\":\"WebSite\",\"@id\":\"https:\/\/telemet.com\/es\/#website\",\"url\":\"https:\/\/telemet.com\/es\/\",\"name\":\"Telemet, Inc.\",\"description\":\"Efficiency through Simplicity\",\"potentialAction\":[{\"@type\":\"SearchAction\",\"target\":{\"@type\":\"EntryPoint\",\"urlTemplate\":\"https:\/\/telemet.com\/es\/?s={search_term_string}\"},\"query-input\":{\"@type\":\"PropertyValueSpecification\",\"valueRequired\":true,\"valueName\":\"search_term_string\"}}],\"inLanguage\":\"es-ES\"}]}<\/script>\n<!-- \/ Yoast SEO plugin. -->","yoast_head_json":{"title":"Evaporador SMI\u00ae Super PoleCat - Telemet","robots":{"index":"index","follow":"follow","max-snippet":"max-snippet:-1","max-image-preview":"max-image-preview:large","max-video-preview":"max-video-preview:-1"},"canonical":"https:\/\/telemet.com\/es\/smi-evaporative-solutions\/super-polecat\/","og_locale":"es_ES","og_type":"article","og_title":"Evaporador SMI\u00ae Super PoleCat - Telemet","og_url":"https:\/\/telemet.com\/es\/smi-evaporative-solutions\/super-polecat\/","og_site_name":"Telemet","article_modified_time":"2017-04-24T20:43:56+00:00","og_image":[{"url":"https:\/\/telemet.com\/wp-content\/uploads\/2016\/08\/superPolecats-2.jpg","type":"","width":"","height":""}],"twitter_card":"summary_large_image","twitter_misc":{"Tiempo de lectura":"3 minutes"},"schema":{"@context":"https:\/\/schema.org","@graph":[{"@type":"WebPage","@id":"https:\/\/telemet.com\/es\/smi-evaporative-solutions\/super-polecat\/","url":"https:\/\/telemet.com\/es\/smi-evaporative-solutions\/super-polecat\/","name":"Evaporador SMI\u00ae Super PoleCat - Telemet","isPartOf":{"@id":"https:\/\/telemet.com\/es\/#website"},"primaryImageOfPage":{"@id":"https:\/\/telemet.com\/es\/smi-evaporative-solutions\/super-polecat\/#primaryimage"},"image":{"@id":"https:\/\/telemet.com\/es\/smi-evaporative-solutions\/super-polecat\/#primaryimage"},"thumbnailUrl":"https:\/\/telemet.com\/wp-content\/uploads\/2016\/08\/superPolecats-2.jpg","datePublished":"2016-08-03T17:02:15+00:00","dateModified":"2017-04-24T20:43:56+00:00","breadcrumb":{"@id":"https:\/\/telemet.com\/es\/smi-evaporative-solutions\/super-polecat\/#breadcrumb"},"inLanguage":"es-ES","potentialAction":[{"@type":"ReadAction","target":["https:\/\/telemet.com\/es\/smi-evaporative-solutions\/super-polecat\/"]}]},{"@type":"ImageObject","inLanguage":"es-ES","@id":"https:\/\/telemet.com\/es\/smi-evaporative-solutions\/super-polecat\/#primaryimage","url":"https:\/\/telemet.com\/wp-content\/uploads\/2016\/08\/superPolecats-2.jpg","contentUrl":"https:\/\/telemet.com\/wp-content\/uploads\/2016\/08\/superPolecats-2.jpg"},{"@type":"BreadcrumbList","@id":"https:\/\/telemet.com\/es\/smi-evaporative-solutions\/super-polecat\/#breadcrumb","itemListElement":[{"@type":"ListItem","position":1,"name":"Home","item":"https:\/\/telemet.com\/es\/"},{"@type":"ListItem","position":2,"name":"Soluciones Evaporativas de SMI","item":"https:\/\/telemet.com\/es\/smi-evaporative-solutions\/"},{"@type":"ListItem","position":3,"name":"Evaporador SMI\u00ae Super PoleCat"}]},{"@type":"WebSite","@id":"https:\/\/telemet.com\/es\/#website","url":"https:\/\/telemet.com\/es\/","name":"Telemet, Inc.","description":"Efficiency through Simplicity","potentialAction":[{"@type":"SearchAction","target":{"@type":"EntryPoint","urlTemplate":"https:\/\/telemet.com\/es\/?s={search_term_string}"},"query-input":{"@type":"PropertyValueSpecification","valueRequired":true,"valueName":"search_term_string"}}],"inLanguage":"es-ES"}]}},"_links":{"self":[{"href":"https:\/\/telemet.com\/es\/wp-json\/wp\/v2\/pages\/6582","targetHints":{"allow":["GET"]}}],"collection":[{"href":"https:\/\/telemet.com\/es\/wp-json\/wp\/v2\/pages"}],"about":[{"href":"https:\/\/telemet.com\/es\/wp-json\/wp\/v2\/types\/page"}],"author":[{"embeddable":true,"href":"https:\/\/telemet.com\/es\/wp-json\/wp\/v2\/users\/1"}],"replies":[{"embeddable":true,"href":"https:\/\/telemet.com\/es\/wp-json\/wp\/v2\/comments?post=6582"}],"version-history":[{"count":3,"href":"https:\/\/telemet.com\/es\/wp-json\/wp\/v2\/pages\/6582\/revisions"}],"predecessor-version":[{"id":8410,"href":"https:\/\/telemet.com\/es\/wp-json\/wp\/v2\/pages\/6582\/revisions\/8410"}],"up":[{"embeddable":true,"href":"https:\/\/telemet.com\/es\/wp-json\/wp\/v2\/pages\/6549"}],"wp:attachment":[{"href":"https:\/\/telemet.com\/es\/wp-json\/wp\/v2\/media?parent=6582"}],"curies":[{"name":"wp","href":"https:\/\/api.w.org\/{rel}","templated":true}]}}