{"id":6585,"date":"2016-08-03T17:04:45","date_gmt":"2016-08-03T17:04:45","guid":{"rendered":"http:\/\/telemet.com\/smi-evaporative-solutions\/kid-polecat\/?lang=es"},"modified":"2017-04-24T20:43:55","modified_gmt":"2017-04-24T20:43:55","slug":"kid-polecat","status":"publish","type":"page","link":"https:\/\/telemet.com\/es\/smi-evaporative-solutions\/kid-polecat\/","title":{"rendered":"Evaporador SMI\u00ae Kid Polecat"},"content":{"rendered":"<div class=\"fusion-fullwidth fullwidth-box fusion-builder-row-1 nonhundred-percent-fullwidth non-hundred-percent-height-scrolling\" style=\"--awb-background-position:left top;--awb-border-radius-top-left:0px;--awb-border-radius-top-right:0px;--awb-border-radius-bottom-right:0px;--awb-border-radius-bottom-left:0px;--awb-padding-top:0px;--awb-padding-bottom:20px;--awb-border-sizes-top:0px;--awb-border-sizes-bottom:0px;--awb-flex-wrap:wrap;\" ><div class=\"fusion-builder-row fusion-row\"><div class=\"fusion-layout-column fusion_builder_column fusion-builder-column-0 fusion_builder_column_1_1 1_1 fusion-one-full fusion-column-first fusion-column-last fusion-column-no-min-height\" style=\"--awb-bg-size:cover;--awb-margin-top:0px;--awb-margin-bottom:0px;\"><div class=\"fusion-column-wrapper fusion-flex-column-wrapper-legacy\"><div class=\"fusion-image-element fusion-image-align-center in-legacy-container\" style=\"text-align:center;--awb-caption-title-font-family:var(--h2_typography-font-family);--awb-caption-title-font-weight:var(--h2_typography-font-weight);--awb-caption-title-font-style:var(--h2_typography-font-style);--awb-caption-title-size:var(--h2_typography-font-size);--awb-caption-title-transform:var(--h2_typography-text-transform);--awb-caption-title-line-height:var(--h2_typography-line-height);--awb-caption-title-letter-spacing:var(--h2_typography-letter-spacing);\"><div class=\"imageframe-align-center\"><span class=\" fusion-imageframe imageframe-none imageframe-1 hover-type-none\"><img decoding=\"async\" width=\"900\" height=\"500\" title=\"kid-polecat-1\" src=\"https:\/\/telemet.com\/wp-content\/uploads\/2016\/08\/kid-polecat-1.jpg\" alt class=\"img-responsive wp-image-2676\" srcset=\"https:\/\/telemet.com\/wp-content\/uploads\/2016\/08\/kid-polecat-1-200x111.jpg 200w, https:\/\/telemet.com\/wp-content\/uploads\/2016\/08\/kid-polecat-1-400x222.jpg 400w, https:\/\/telemet.com\/wp-content\/uploads\/2016\/08\/kid-polecat-1-600x333.jpg 600w, https:\/\/telemet.com\/wp-content\/uploads\/2016\/08\/kid-polecat-1-800x444.jpg 800w, https:\/\/telemet.com\/wp-content\/uploads\/2016\/08\/kid-polecat-1.jpg 900w\" sizes=\"(max-width: 800px) 100vw, 900px\" \/><\/span><\/div><\/div><div class=\"fusion-sep-clear\"><\/div><div class=\"fusion-separator fusion-full-width-sep\" style=\"margin-left: auto;margin-right: auto;margin-top:20px;width:100%;\"><\/div><div class=\"fusion-sep-clear\"><\/div><div class=\"fusion-align-block\"><a class=\"fusion-button button-flat button-xlarge button-default fusion-button-default button-1 fusion-button-default-span \" style=\"width:calc(100%);\" target=\"_blank\" rel=\"noopener noreferrer\" title=\"Download Brochure\" aria-label=\"Download Brochure\" href=\"\/wp-content\/uploads\/2016\/08\/EvaporLit-Kid-PoleCat.pdf\"><span class=\"fusion-button-text awb-button__text awb-button__text--default\">descargar folleto (PDF)<\/span><i class=\" fa fa-file-pdf-o awb-button__icon awb-button__icon--default button-icon-right\" aria-hidden=\"true\"><\/i><\/a><\/div><div class=\"fusion-sep-clear\"><\/div><div class=\"fusion-separator fusion-full-width-sep\" style=\"margin-left: auto;margin-right: auto;margin-top:20px;width:100%;\"><\/div><div class=\"fusion-sep-clear\"><\/div><div class=\"fusion-text fusion-text-1\"><h3>El Evaporador Kid Polecat tiene las siguientes caracter\u00edsticas:<\/h3>\n<ul>\n<li>Un penacho m\u00e1s corto para obtener distancias de deriva m\u00e1s cortas y permitir operar m\u00e1s tiempo durante condiciones de vientos turbulentos o con cambios continuos.<\/li>\n<li>Boquillas espirales de Tefl\u00f3n para disminuir el ensuciamiento y los taponamientos.<\/li>\n<li>Las unidades m\u00f3viles permiten ser desplazadas f\u00e1cilmente para aprovechar los cambios en la direcci\u00f3n y la velocidad del viento.<\/li>\n<\/ul>\n<h3>El SMI\u00ae Kid Polecat tiene muchas ventajas por sobre sus competidores:<\/h3>\n<p><strong>Movilidad:<\/strong> El Evaporador Kid Polecat ha sido dise\u00f1ado para ser desplazado f\u00e1cilmente por su \u00e1rea de trabajo. Esto permite que un solo operador las reposicione para aprovechar los cambios en el viento.<\/p>\n<p><strong>Menor superficie de trabajo:<\/strong> El Evaporador Kid Polecat ha sido dise\u00f1ado para lanzar las gotitas de agua a una distancia de 30 metros (100 pies) en condiciones de viento calmo. Esto permite el mantener la deriva de la gotitas dentro de un \u00e1rea m\u00e1s peque\u00f1a y les da a los clientes un evaporador que puede ser usado donde m\u00e1quinas de mayor tama\u00f1o no se pueden utilizar.<\/p>\n<p><strong>Excelente desempe\u00f1o: <\/strong>La corriente de aire de gran velocidad creada por la h\u00e9lice y el tambor de dise\u00f1o \u00fanico combinado con el \u00f3ptimo tama\u00f1o de gotitas generados por nuestras boquillas, aumentan la evaporaci\u00f3n del agua. Se han logrado promedios anuales de reg\u00edmenes de evaporaci\u00f3n de hasta el 75%, siendo los valores t\u00edpicos de entre 25% y 60 %, dependiendo de muchos factores como la temperatura ambiente, la humedad relativa, la composici\u00f3n del agua y las condiciones del viento. En general cuanto m\u00e1s secas y calurosas sean las condiciones, m\u00e1s altos ser\u00e1n los valores de evaporaci\u00f3n.<\/p>\n<p><strong>F\u00e1cil Mantenimiento:<\/strong> Esta m\u00e1quina est\u00e1 dise\u00f1ada para f\u00e1cil limpieza y mantenimiento. El motor del ventilador est\u00e1 dise\u00f1ado para una larga vida bajo condiciones h\u00famedas. Rulemanes pre-lubricados y sellados eliminan la necesidad de engrases semanales o mensuales.<\/p>\n<p><strong>Condiciones Extremas de Trabajo:<\/strong> El dise\u00f1o del Evaporador 420B de SMI, ha evolucionado a partir de 20 a\u00f1os de experiencia en aplicaciones industriales y condiciones extremas. Los componentes cr\u00edticos est\u00e1n construidos en acero inoxidable para lograr una vida \u00fatil m\u00e1s larga aun bajo condiciones muy severas.<\/p>\n<\/div><div class=\"fusion-clearfix\"><\/div><\/div><\/div><\/div><\/div>\n","protected":false},"excerpt":{"rendered":"","protected":false},"author":1,"featured_media":0,"parent":6549,"menu_order":3,"comment_status":"closed","ping_status":"closed","template":"side-navigation.php","meta":{"footnotes":""},"class_list":["post-6585","page","type-page","status-publish","hentry"],"yoast_head":"<!-- This site is optimized with the Yoast SEO plugin v26.2 - https:\/\/yoast.com\/wordpress\/plugins\/seo\/ -->\n<title>Evaporador SMI\u00ae Kid Polecat - Telemet<\/title>\n<meta name=\"robots\" content=\"index, follow, max-snippet:-1, max-image-preview:large, max-video-preview:-1\" \/>\n<link rel=\"canonical\" href=\"https:\/\/telemet.com\/es\/smi-evaporative-solutions\/kid-polecat\/\" \/>\n<meta property=\"og:locale\" content=\"es_ES\" \/>\n<meta property=\"og:type\" content=\"article\" \/>\n<meta property=\"og:title\" content=\"Evaporador SMI\u00ae Kid Polecat - Telemet\" \/>\n<meta property=\"og:url\" content=\"https:\/\/telemet.com\/es\/smi-evaporative-solutions\/kid-polecat\/\" \/>\n<meta property=\"og:site_name\" content=\"Telemet\" \/>\n<meta property=\"article:modified_time\" content=\"2017-04-24T20:43:55+00:00\" \/>\n<meta property=\"og:image\" content=\"https:\/\/telemet.com\/wp-content\/uploads\/2016\/08\/kid-polecat-1.jpg\" \/>\n<meta name=\"twitter:card\" content=\"summary_large_image\" \/>\n<meta name=\"twitter:label1\" content=\"Tiempo de lectura\" \/>\n\t<meta name=\"twitter:data1\" content=\"3 minutes\" \/>\n<script type=\"application\/ld+json\" class=\"yoast-schema-graph\">{\"@context\":\"https:\/\/schema.org\",\"@graph\":[{\"@type\":\"WebPage\",\"@id\":\"https:\/\/telemet.com\/es\/smi-evaporative-solutions\/kid-polecat\/\",\"url\":\"https:\/\/telemet.com\/es\/smi-evaporative-solutions\/kid-polecat\/\",\"name\":\"Evaporador SMI\u00ae Kid Polecat - Telemet\",\"isPartOf\":{\"@id\":\"https:\/\/telemet.com\/es\/#website\"},\"primaryImageOfPage\":{\"@id\":\"https:\/\/telemet.com\/es\/smi-evaporative-solutions\/kid-polecat\/#primaryimage\"},\"image\":{\"@id\":\"https:\/\/telemet.com\/es\/smi-evaporative-solutions\/kid-polecat\/#primaryimage\"},\"thumbnailUrl\":\"https:\/\/telemet.com\/wp-content\/uploads\/2016\/08\/kid-polecat-1.jpg\",\"datePublished\":\"2016-08-03T17:04:45+00:00\",\"dateModified\":\"2017-04-24T20:43:55+00:00\",\"breadcrumb\":{\"@id\":\"https:\/\/telemet.com\/es\/smi-evaporative-solutions\/kid-polecat\/#breadcrumb\"},\"inLanguage\":\"es-ES\",\"potentialAction\":[{\"@type\":\"ReadAction\",\"target\":[\"https:\/\/telemet.com\/es\/smi-evaporative-solutions\/kid-polecat\/\"]}]},{\"@type\":\"ImageObject\",\"inLanguage\":\"es-ES\",\"@id\":\"https:\/\/telemet.com\/es\/smi-evaporative-solutions\/kid-polecat\/#primaryimage\",\"url\":\"https:\/\/telemet.com\/wp-content\/uploads\/2016\/08\/kid-polecat-1.jpg\",\"contentUrl\":\"https:\/\/telemet.com\/wp-content\/uploads\/2016\/08\/kid-polecat-1.jpg\"},{\"@type\":\"BreadcrumbList\",\"@id\":\"https:\/\/telemet.com\/es\/smi-evaporative-solutions\/kid-polecat\/#breadcrumb\",\"itemListElement\":[{\"@type\":\"ListItem\",\"position\":1,\"name\":\"Home\",\"item\":\"https:\/\/telemet.com\/es\/\"},{\"@type\":\"ListItem\",\"position\":2,\"name\":\"Soluciones Evaporativas de SMI\",\"item\":\"https:\/\/telemet.com\/es\/smi-evaporative-solutions\/\"},{\"@type\":\"ListItem\",\"position\":3,\"name\":\"Evaporador SMI\u00ae Kid Polecat\"}]},{\"@type\":\"WebSite\",\"@id\":\"https:\/\/telemet.com\/es\/#website\",\"url\":\"https:\/\/telemet.com\/es\/\",\"name\":\"Telemet, Inc.\",\"description\":\"Efficiency through Simplicity\",\"potentialAction\":[{\"@type\":\"SearchAction\",\"target\":{\"@type\":\"EntryPoint\",\"urlTemplate\":\"https:\/\/telemet.com\/es\/?s={search_term_string}\"},\"query-input\":{\"@type\":\"PropertyValueSpecification\",\"valueRequired\":true,\"valueName\":\"search_term_string\"}}],\"inLanguage\":\"es-ES\"}]}<\/script>\n<!-- \/ Yoast SEO plugin. -->","yoast_head_json":{"title":"Evaporador SMI\u00ae Kid Polecat - Telemet","robots":{"index":"index","follow":"follow","max-snippet":"max-snippet:-1","max-image-preview":"max-image-preview:large","max-video-preview":"max-video-preview:-1"},"canonical":"https:\/\/telemet.com\/es\/smi-evaporative-solutions\/kid-polecat\/","og_locale":"es_ES","og_type":"article","og_title":"Evaporador SMI\u00ae Kid Polecat - Telemet","og_url":"https:\/\/telemet.com\/es\/smi-evaporative-solutions\/kid-polecat\/","og_site_name":"Telemet","article_modified_time":"2017-04-24T20:43:55+00:00","og_image":[{"url":"https:\/\/telemet.com\/wp-content\/uploads\/2016\/08\/kid-polecat-1.jpg","type":"","width":"","height":""}],"twitter_card":"summary_large_image","twitter_misc":{"Tiempo de lectura":"3 minutes"},"schema":{"@context":"https:\/\/schema.org","@graph":[{"@type":"WebPage","@id":"https:\/\/telemet.com\/es\/smi-evaporative-solutions\/kid-polecat\/","url":"https:\/\/telemet.com\/es\/smi-evaporative-solutions\/kid-polecat\/","name":"Evaporador SMI\u00ae Kid Polecat - Telemet","isPartOf":{"@id":"https:\/\/telemet.com\/es\/#website"},"primaryImageOfPage":{"@id":"https:\/\/telemet.com\/es\/smi-evaporative-solutions\/kid-polecat\/#primaryimage"},"image":{"@id":"https:\/\/telemet.com\/es\/smi-evaporative-solutions\/kid-polecat\/#primaryimage"},"thumbnailUrl":"https:\/\/telemet.com\/wp-content\/uploads\/2016\/08\/kid-polecat-1.jpg","datePublished":"2016-08-03T17:04:45+00:00","dateModified":"2017-04-24T20:43:55+00:00","breadcrumb":{"@id":"https:\/\/telemet.com\/es\/smi-evaporative-solutions\/kid-polecat\/#breadcrumb"},"inLanguage":"es-ES","potentialAction":[{"@type":"ReadAction","target":["https:\/\/telemet.com\/es\/smi-evaporative-solutions\/kid-polecat\/"]}]},{"@type":"ImageObject","inLanguage":"es-ES","@id":"https:\/\/telemet.com\/es\/smi-evaporative-solutions\/kid-polecat\/#primaryimage","url":"https:\/\/telemet.com\/wp-content\/uploads\/2016\/08\/kid-polecat-1.jpg","contentUrl":"https:\/\/telemet.com\/wp-content\/uploads\/2016\/08\/kid-polecat-1.jpg"},{"@type":"BreadcrumbList","@id":"https:\/\/telemet.com\/es\/smi-evaporative-solutions\/kid-polecat\/#breadcrumb","itemListElement":[{"@type":"ListItem","position":1,"name":"Home","item":"https:\/\/telemet.com\/es\/"},{"@type":"ListItem","position":2,"name":"Soluciones Evaporativas de SMI","item":"https:\/\/telemet.com\/es\/smi-evaporative-solutions\/"},{"@type":"ListItem","position":3,"name":"Evaporador SMI\u00ae Kid Polecat"}]},{"@type":"WebSite","@id":"https:\/\/telemet.com\/es\/#website","url":"https:\/\/telemet.com\/es\/","name":"Telemet, Inc.","description":"Efficiency through Simplicity","potentialAction":[{"@type":"SearchAction","target":{"@type":"EntryPoint","urlTemplate":"https:\/\/telemet.com\/es\/?s={search_term_string}"},"query-input":{"@type":"PropertyValueSpecification","valueRequired":true,"valueName":"search_term_string"}}],"inLanguage":"es-ES"}]}},"_links":{"self":[{"href":"https:\/\/telemet.com\/es\/wp-json\/wp\/v2\/pages\/6585","targetHints":{"allow":["GET"]}}],"collection":[{"href":"https:\/\/telemet.com\/es\/wp-json\/wp\/v2\/pages"}],"about":[{"href":"https:\/\/telemet.com\/es\/wp-json\/wp\/v2\/types\/page"}],"author":[{"embeddable":true,"href":"https:\/\/telemet.com\/es\/wp-json\/wp\/v2\/users\/1"}],"replies":[{"embeddable":true,"href":"https:\/\/telemet.com\/es\/wp-json\/wp\/v2\/comments?post=6585"}],"version-history":[{"count":4,"href":"https:\/\/telemet.com\/es\/wp-json\/wp\/v2\/pages\/6585\/revisions"}],"predecessor-version":[{"id":8407,"href":"https:\/\/telemet.com\/es\/wp-json\/wp\/v2\/pages\/6585\/revisions\/8407"}],"up":[{"embeddable":true,"href":"https:\/\/telemet.com\/es\/wp-json\/wp\/v2\/pages\/6549"}],"wp:attachment":[{"href":"https:\/\/telemet.com\/es\/wp-json\/wp\/v2\/media?parent=6585"}],"curies":[{"name":"wp","href":"https:\/\/api.w.org\/{rel}","templated":true}]}}