{"id":6602,"date":"2016-07-29T20:59:13","date_gmt":"2016-07-29T20:59:13","guid":{"rendered":"http:\/\/telemet.com\/dustboss\/db-30\/?lang=es"},"modified":"2017-04-27T14:32:51","modified_gmt":"2017-04-27T14:32:51","slug":"db-30","status":"publish","type":"page","link":"https:\/\/telemet.com\/es\/dustboss\/db-30\/","title":{"rendered":"DUSTBOSS\u00ae DB-30"},"content":{"rendered":"<div class=\"fusion-fullwidth fullwidth-box fusion-builder-row-1 nonhundred-percent-fullwidth non-hundred-percent-height-scrolling\" style=\"--awb-background-position:left top;--awb-border-radius-top-left:0px;--awb-border-radius-top-right:0px;--awb-border-radius-bottom-right:0px;--awb-border-radius-bottom-left:0px;--awb-padding-top:0px;--awb-padding-bottom:20px;--awb-border-sizes-top:0px;--awb-border-sizes-bottom:0px;--awb-flex-wrap:wrap;\" ><div class=\"fusion-builder-row fusion-row\"><div class=\"fusion-layout-column fusion_builder_column fusion-builder-column-0 fusion_builder_column_1_1 1_1 fusion-one-full fusion-column-first fusion-column-last fusion-column-no-min-height\" style=\"--awb-bg-size:cover;--awb-margin-top:0px;--awb-margin-bottom:0px;\"><div class=\"fusion-column-wrapper fusion-flex-column-wrapper-legacy\"><div class=\"fusion-image-element fusion-image-align-center in-legacy-container\" style=\"text-align:center;--awb-caption-title-font-family:var(--h2_typography-font-family);--awb-caption-title-font-weight:var(--h2_typography-font-weight);--awb-caption-title-font-style:var(--h2_typography-font-style);--awb-caption-title-size:var(--h2_typography-font-size);--awb-caption-title-transform:var(--h2_typography-text-transform);--awb-caption-title-line-height:var(--h2_typography-line-height);--awb-caption-title-letter-spacing:var(--h2_typography-letter-spacing);\"><div class=\"imageframe-align-center\"><span class=\" fusion-imageframe imageframe-none imageframe-1 hover-type-none\"><img decoding=\"async\" width=\"700\" height=\"525\" title=\"db30-1\" src=\"https:\/\/telemet.com\/wp-content\/uploads\/2016\/07\/db30-1.jpg\" alt class=\"img-responsive wp-image-2456\" srcset=\"https:\/\/telemet.com\/wp-content\/uploads\/2016\/07\/db30-1-200x150.jpg 200w, https:\/\/telemet.com\/wp-content\/uploads\/2016\/07\/db30-1-400x300.jpg 400w, https:\/\/telemet.com\/wp-content\/uploads\/2016\/07\/db30-1-600x450.jpg 600w, https:\/\/telemet.com\/wp-content\/uploads\/2016\/07\/db30-1.jpg 700w\" sizes=\"(max-width: 800px) 100vw, 700px\" \/><\/span><\/div><\/div><div class=\"fusion-sep-clear\"><\/div><div class=\"fusion-separator fusion-full-width-sep\" style=\"margin-left: auto;margin-right: auto;margin-top:20px;width:100%;\"><\/div><div class=\"fusion-sep-clear\"><\/div><div class=\"fusion-align-block\"><a class=\"fusion-button button-flat button-xlarge button-default fusion-button-default button-1 fusion-button-default-span \" style=\"width:calc(100%);\" target=\"_blank\" rel=\"noopener noreferrer\" title=\"Download Data Sheet\" aria-label=\"Download Data Sheet\" href=\"\/wp-content\/uploads\/2016\/07\/db_30_en.pdf\"><span class=\"fusion-button-text awb-button__text awb-button__text--default\">descargar ficha t\u00e9cnica (PDF)<\/span><i class=\" fa fa-file-pdf-o awb-button__icon awb-button__icon--default button-icon-right\" aria-hidden=\"true\"><\/i><\/a><\/div><div class=\"fusion-sep-clear\"><\/div><div class=\"fusion-separator fusion-full-width-sep\" style=\"margin-left: auto;margin-right: auto;margin-top:20px;width:100%;\"><\/div><div class=\"fusion-sep-clear\"><\/div><div class=\"fusion-text fusion-text-1\"><p>El DB-30 es la m\u00e1quina ideal para el control de polvo y olores en \u00e1reas mas peque\u00f1as, m\u00e1s confinadas o con situaciones menos problem\u00e1ticas. Esta resistente m\u00e1quina es lo suficientemente robusta como para eliminar polvo y olores en \u00e1reas de 500 m<sup>2<\/sup> (5.500 pies cuadrados), manteniendo ideales las condiciones de trabajo. Cuando est\u00e1 equipada con la opci\u00f3n de oscilaci\u00f3n de 359\u00ba, puede cubrir m\u00e1s de 2.800 m<sup>2<\/sup> (31.000 pies cuadrados) \u00a0de \u00e1rea.<\/p>\n<\/div><div class=\"fusion-clearfix\"><\/div><\/div><\/div><\/div><\/div>\n","protected":false},"excerpt":{"rendered":"","protected":false},"author":1,"featured_media":0,"parent":6591,"menu_order":0,"comment_status":"closed","ping_status":"closed","template":"side-navigation.php","meta":{"footnotes":""},"class_list":["post-6602","page","type-page","status-publish","hentry"],"yoast_head":"<!-- This site is optimized with the Yoast SEO plugin v26.2 - https:\/\/yoast.com\/wordpress\/plugins\/seo\/ -->\n<title>DUSTBOSS\u00ae DB-30 - Telemet<\/title>\n<meta name=\"robots\" content=\"index, follow, max-snippet:-1, max-image-preview:large, max-video-preview:-1\" \/>\n<link rel=\"canonical\" href=\"https:\/\/telemet.com\/es\/dustboss\/db-30\/\" \/>\n<meta property=\"og:locale\" content=\"es_ES\" \/>\n<meta property=\"og:type\" content=\"article\" \/>\n<meta property=\"og:title\" content=\"DUSTBOSS\u00ae DB-30 - Telemet\" \/>\n<meta property=\"og:url\" content=\"https:\/\/telemet.com\/es\/dustboss\/db-30\/\" \/>\n<meta property=\"og:site_name\" content=\"Telemet\" \/>\n<meta property=\"article:modified_time\" content=\"2017-04-27T14:32:51+00:00\" \/>\n<meta property=\"og:image\" content=\"https:\/\/telemet.com\/wp-content\/uploads\/2016\/07\/db30-1.jpg\" \/>\n<meta name=\"twitter:card\" content=\"summary_large_image\" \/>\n<meta name=\"twitter:label1\" content=\"Tiempo de lectura\" \/>\n\t<meta name=\"twitter:data1\" content=\"2 minutes\" \/>\n<script type=\"application\/ld+json\" class=\"yoast-schema-graph\">{\"@context\":\"https:\/\/schema.org\",\"@graph\":[{\"@type\":\"WebPage\",\"@id\":\"https:\/\/telemet.com\/es\/dustboss\/db-30\/\",\"url\":\"https:\/\/telemet.com\/es\/dustboss\/db-30\/\",\"name\":\"DUSTBOSS\u00ae DB-30 - Telemet\",\"isPartOf\":{\"@id\":\"https:\/\/telemet.com\/es\/#website\"},\"primaryImageOfPage\":{\"@id\":\"https:\/\/telemet.com\/es\/dustboss\/db-30\/#primaryimage\"},\"image\":{\"@id\":\"https:\/\/telemet.com\/es\/dustboss\/db-30\/#primaryimage\"},\"thumbnailUrl\":\"https:\/\/telemet.com\/wp-content\/uploads\/2016\/07\/db30-1.jpg\",\"datePublished\":\"2016-07-29T20:59:13+00:00\",\"dateModified\":\"2017-04-27T14:32:51+00:00\",\"breadcrumb\":{\"@id\":\"https:\/\/telemet.com\/es\/dustboss\/db-30\/#breadcrumb\"},\"inLanguage\":\"es-ES\",\"potentialAction\":[{\"@type\":\"ReadAction\",\"target\":[\"https:\/\/telemet.com\/es\/dustboss\/db-30\/\"]}]},{\"@type\":\"ImageObject\",\"inLanguage\":\"es-ES\",\"@id\":\"https:\/\/telemet.com\/es\/dustboss\/db-30\/#primaryimage\",\"url\":\"https:\/\/telemet.com\/wp-content\/uploads\/2016\/07\/db30-1.jpg\",\"contentUrl\":\"https:\/\/telemet.com\/wp-content\/uploads\/2016\/07\/db30-1.jpg\"},{\"@type\":\"BreadcrumbList\",\"@id\":\"https:\/\/telemet.com\/es\/dustboss\/db-30\/#breadcrumb\",\"itemListElement\":[{\"@type\":\"ListItem\",\"position\":1,\"name\":\"Home\",\"item\":\"https:\/\/telemet.com\/es\/\"},{\"@type\":\"ListItem\",\"position\":2,\"name\":\"DustBoss\",\"item\":\"https:\/\/telemet.com\/es\/dustboss\/\"},{\"@type\":\"ListItem\",\"position\":3,\"name\":\"DUSTBOSS\u00ae DB-30\"}]},{\"@type\":\"WebSite\",\"@id\":\"https:\/\/telemet.com\/es\/#website\",\"url\":\"https:\/\/telemet.com\/es\/\",\"name\":\"Telemet, Inc.\",\"description\":\"Efficiency through Simplicity\",\"potentialAction\":[{\"@type\":\"SearchAction\",\"target\":{\"@type\":\"EntryPoint\",\"urlTemplate\":\"https:\/\/telemet.com\/es\/?s={search_term_string}\"},\"query-input\":{\"@type\":\"PropertyValueSpecification\",\"valueRequired\":true,\"valueName\":\"search_term_string\"}}],\"inLanguage\":\"es-ES\"}]}<\/script>\n<!-- \/ Yoast SEO plugin. -->","yoast_head_json":{"title":"DUSTBOSS\u00ae DB-30 - Telemet","robots":{"index":"index","follow":"follow","max-snippet":"max-snippet:-1","max-image-preview":"max-image-preview:large","max-video-preview":"max-video-preview:-1"},"canonical":"https:\/\/telemet.com\/es\/dustboss\/db-30\/","og_locale":"es_ES","og_type":"article","og_title":"DUSTBOSS\u00ae DB-30 - Telemet","og_url":"https:\/\/telemet.com\/es\/dustboss\/db-30\/","og_site_name":"Telemet","article_modified_time":"2017-04-27T14:32:51+00:00","og_image":[{"url":"https:\/\/telemet.com\/wp-content\/uploads\/2016\/07\/db30-1.jpg","type":"","width":"","height":""}],"twitter_card":"summary_large_image","twitter_misc":{"Tiempo de lectura":"2 minutes"},"schema":{"@context":"https:\/\/schema.org","@graph":[{"@type":"WebPage","@id":"https:\/\/telemet.com\/es\/dustboss\/db-30\/","url":"https:\/\/telemet.com\/es\/dustboss\/db-30\/","name":"DUSTBOSS\u00ae DB-30 - Telemet","isPartOf":{"@id":"https:\/\/telemet.com\/es\/#website"},"primaryImageOfPage":{"@id":"https:\/\/telemet.com\/es\/dustboss\/db-30\/#primaryimage"},"image":{"@id":"https:\/\/telemet.com\/es\/dustboss\/db-30\/#primaryimage"},"thumbnailUrl":"https:\/\/telemet.com\/wp-content\/uploads\/2016\/07\/db30-1.jpg","datePublished":"2016-07-29T20:59:13+00:00","dateModified":"2017-04-27T14:32:51+00:00","breadcrumb":{"@id":"https:\/\/telemet.com\/es\/dustboss\/db-30\/#breadcrumb"},"inLanguage":"es-ES","potentialAction":[{"@type":"ReadAction","target":["https:\/\/telemet.com\/es\/dustboss\/db-30\/"]}]},{"@type":"ImageObject","inLanguage":"es-ES","@id":"https:\/\/telemet.com\/es\/dustboss\/db-30\/#primaryimage","url":"https:\/\/telemet.com\/wp-content\/uploads\/2016\/07\/db30-1.jpg","contentUrl":"https:\/\/telemet.com\/wp-content\/uploads\/2016\/07\/db30-1.jpg"},{"@type":"BreadcrumbList","@id":"https:\/\/telemet.com\/es\/dustboss\/db-30\/#breadcrumb","itemListElement":[{"@type":"ListItem","position":1,"name":"Home","item":"https:\/\/telemet.com\/es\/"},{"@type":"ListItem","position":2,"name":"DustBoss","item":"https:\/\/telemet.com\/es\/dustboss\/"},{"@type":"ListItem","position":3,"name":"DUSTBOSS\u00ae DB-30"}]},{"@type":"WebSite","@id":"https:\/\/telemet.com\/es\/#website","url":"https:\/\/telemet.com\/es\/","name":"Telemet, Inc.","description":"Efficiency through Simplicity","potentialAction":[{"@type":"SearchAction","target":{"@type":"EntryPoint","urlTemplate":"https:\/\/telemet.com\/es\/?s={search_term_string}"},"query-input":{"@type":"PropertyValueSpecification","valueRequired":true,"valueName":"search_term_string"}}],"inLanguage":"es-ES"}]}},"_links":{"self":[{"href":"https:\/\/telemet.com\/es\/wp-json\/wp\/v2\/pages\/6602","targetHints":{"allow":["GET"]}}],"collection":[{"href":"https:\/\/telemet.com\/es\/wp-json\/wp\/v2\/pages"}],"about":[{"href":"https:\/\/telemet.com\/es\/wp-json\/wp\/v2\/types\/page"}],"author":[{"embeddable":true,"href":"https:\/\/telemet.com\/es\/wp-json\/wp\/v2\/users\/1"}],"replies":[{"embeddable":true,"href":"https:\/\/telemet.com\/es\/wp-json\/wp\/v2\/comments?post=6602"}],"version-history":[{"count":4,"href":"https:\/\/telemet.com\/es\/wp-json\/wp\/v2\/pages\/6602\/revisions"}],"predecessor-version":[{"id":8812,"href":"https:\/\/telemet.com\/es\/wp-json\/wp\/v2\/pages\/6602\/revisions\/8812"}],"up":[{"embeddable":true,"href":"https:\/\/telemet.com\/es\/wp-json\/wp\/v2\/pages\/6591"}],"wp:attachment":[{"href":"https:\/\/telemet.com\/es\/wp-json\/wp\/v2\/media?parent=6602"}],"curies":[{"name":"wp","href":"https:\/\/api.w.org\/{rel}","templated":true}]}}