{"id":6656,"date":"2016-08-03T20:38:46","date_gmt":"2016-08-03T20:38:46","guid":{"rendered":"http:\/\/telemet.com\/dustboss\/db-mister\/?lang=es"},"modified":"2017-04-27T15:13:49","modified_gmt":"2017-04-27T15:13:49","slug":"db-mister","status":"publish","type":"page","link":"https:\/\/telemet.com\/es\/dustboss\/db-mister\/","title":{"rendered":"DUSTBOSS\u00ae DB-Mister"},"content":{"rendered":"<div class=\"fusion-fullwidth fullwidth-box fusion-builder-row-1 nonhundred-percent-fullwidth non-hundred-percent-height-scrolling\" style=\"--awb-background-position:left top;--awb-border-radius-top-left:0px;--awb-border-radius-top-right:0px;--awb-border-radius-bottom-right:0px;--awb-border-radius-bottom-left:0px;--awb-padding-top:0px;--awb-padding-bottom:20px;--awb-border-sizes-top:0px;--awb-border-sizes-bottom:0px;--awb-flex-wrap:wrap;\" ><div class=\"fusion-builder-row fusion-row\"><div class=\"fusion-layout-column fusion_builder_column fusion-builder-column-0 fusion_builder_column_1_1 1_1 fusion-one-full fusion-column-first fusion-column-last fusion-column-no-min-height\" style=\"--awb-bg-size:cover;--awb-margin-top:0px;--awb-margin-bottom:0px;\"><div class=\"fusion-column-wrapper fusion-flex-column-wrapper-legacy\"><div class=\"fusion-image-element fusion-image-align-center in-legacy-container\" style=\"text-align:center;--awb-caption-title-font-family:var(--h2_typography-font-family);--awb-caption-title-font-weight:var(--h2_typography-font-weight);--awb-caption-title-font-style:var(--h2_typography-font-style);--awb-caption-title-size:var(--h2_typography-font-size);--awb-caption-title-transform:var(--h2_typography-text-transform);--awb-caption-title-line-height:var(--h2_typography-line-height);--awb-caption-title-letter-spacing:var(--h2_typography-letter-spacing);\"><div class=\"imageframe-align-center\"><span class=\" fusion-imageframe imageframe-none imageframe-1 hover-type-none\"><img decoding=\"async\" width=\"1000\" height=\"418\" title=\"atomized-mister-on-a-boom\" src=\"https:\/\/telemet.com\/wp-content\/uploads\/2016\/08\/atomized-mister-on-a-boom.jpg\" alt class=\"img-responsive wp-image-2742\" srcset=\"https:\/\/telemet.com\/wp-content\/uploads\/2016\/08\/atomized-mister-on-a-boom-200x84.jpg 200w, https:\/\/telemet.com\/wp-content\/uploads\/2016\/08\/atomized-mister-on-a-boom-400x167.jpg 400w, https:\/\/telemet.com\/wp-content\/uploads\/2016\/08\/atomized-mister-on-a-boom-600x251.jpg 600w, https:\/\/telemet.com\/wp-content\/uploads\/2016\/08\/atomized-mister-on-a-boom-800x334.jpg 800w, https:\/\/telemet.com\/wp-content\/uploads\/2016\/08\/atomized-mister-on-a-boom.jpg 1000w\" sizes=\"(max-width: 800px) 100vw, 1000px\" \/><\/span><\/div><\/div><div class=\"fusion-sep-clear\"><\/div><div class=\"fusion-separator fusion-full-width-sep\" style=\"margin-left: auto;margin-right: auto;margin-top:20px;width:100%;\"><\/div><div class=\"fusion-sep-clear\"><\/div><div class=\"fusion-align-block\"><a class=\"fusion-button button-flat button-xlarge button-default fusion-button-default button-1 fusion-button-default-span \" style=\"width:calc(100%);\" target=\"_blank\" rel=\"noopener noreferrer\" title=\"Download Brochure\" aria-label=\"Download Brochure\" href=\"\/wp-content\/uploads\/2016\/08\/DB-M.pdf\"><span class=\"fusion-button-text awb-button__text awb-button__text--default\">descargar folleto (PDF)<\/span><i class=\" fa fa-file-pdf-o awb-button__icon awb-button__icon--default button-icon-right\" aria-hidden=\"true\"><\/i><\/a><\/div><div class=\"fusion-sep-clear\"><\/div><div class=\"fusion-separator fusion-full-width-sep\" style=\"margin-left: auto;margin-right: auto;margin-top:20px;width:100%;\"><\/div><div class=\"fusion-sep-clear\"><\/div><div class=\"fusion-text fusion-text-1\"><p>Es ideal para \u00e1reas peque\u00f1as con problemas extremos de polvo. El DustBoss Mister (DB-M) est\u00e1 dise\u00f1ado para cuando la turbulencia asociada a una unidad accionada por ventilador es indeseable.<\/p>\n<ul>\n<li>Alcance: 9.14 metros (~30 pies).<\/li>\n<li>Alcance est\u00e1ndar de la pluma: 4.60 metros (15 pies) montado sobre patines.<\/li>\n<li>Alcance a medida de la pluma: de 1.20 a 4.60 metros (4 a 15 pies).<\/li>\n<li>Caudales de agua: de 14.5 a 40 lpm (de 3.8 a 10.4 GPM).<\/li>\n<li>Garant\u00eda: 3 a\u00f1os.<\/li>\n<\/ul>\n<p>Preg\u00fantenos \u00a0sobre:<\/p>\n<ul>\n<li>Recomendaciones para el uso con agua no potable.<\/li>\n<li>Aditivos como ser surfactantes, cohesionantes o agentes para el control de olores.<\/li>\n<\/ul>\n<\/div><div class=\"fusion-clearfix\"><\/div><\/div><\/div><\/div><\/div>\n","protected":false},"excerpt":{"rendered":"","protected":false},"author":1,"featured_media":0,"parent":6591,"menu_order":8,"comment_status":"closed","ping_status":"closed","template":"side-navigation.php","meta":{"footnotes":""},"class_list":["post-6656","page","type-page","status-publish","hentry"],"yoast_head":"<!-- This site is optimized with the Yoast SEO plugin v26.2 - https:\/\/yoast.com\/wordpress\/plugins\/seo\/ -->\n<title>DUSTBOSS\u00ae DB-Mister - Telemet<\/title>\n<meta name=\"robots\" content=\"index, follow, max-snippet:-1, max-image-preview:large, max-video-preview:-1\" \/>\n<link rel=\"canonical\" href=\"https:\/\/telemet.com\/es\/dustboss\/db-mister\/\" \/>\n<meta property=\"og:locale\" content=\"es_ES\" \/>\n<meta property=\"og:type\" content=\"article\" \/>\n<meta property=\"og:title\" content=\"DUSTBOSS\u00ae DB-Mister - Telemet\" \/>\n<meta property=\"og:url\" content=\"https:\/\/telemet.com\/es\/dustboss\/db-mister\/\" \/>\n<meta property=\"og:site_name\" content=\"Telemet\" \/>\n<meta property=\"article:modified_time\" content=\"2017-04-27T15:13:49+00:00\" \/>\n<meta property=\"og:image\" content=\"https:\/\/telemet.com\/wp-content\/uploads\/2016\/08\/atomized-mister-on-a-boom.jpg\" \/>\n<meta name=\"twitter:card\" content=\"summary_large_image\" \/>\n<meta name=\"twitter:label1\" content=\"Tiempo de lectura\" \/>\n\t<meta name=\"twitter:data1\" content=\"2 minutes\" \/>\n<script type=\"application\/ld+json\" class=\"yoast-schema-graph\">{\"@context\":\"https:\/\/schema.org\",\"@graph\":[{\"@type\":\"WebPage\",\"@id\":\"https:\/\/telemet.com\/es\/dustboss\/db-mister\/\",\"url\":\"https:\/\/telemet.com\/es\/dustboss\/db-mister\/\",\"name\":\"DUSTBOSS\u00ae DB-Mister - Telemet\",\"isPartOf\":{\"@id\":\"https:\/\/telemet.com\/es\/#website\"},\"primaryImageOfPage\":{\"@id\":\"https:\/\/telemet.com\/es\/dustboss\/db-mister\/#primaryimage\"},\"image\":{\"@id\":\"https:\/\/telemet.com\/es\/dustboss\/db-mister\/#primaryimage\"},\"thumbnailUrl\":\"https:\/\/telemet.com\/wp-content\/uploads\/2016\/08\/atomized-mister-on-a-boom.jpg\",\"datePublished\":\"2016-08-03T20:38:46+00:00\",\"dateModified\":\"2017-04-27T15:13:49+00:00\",\"breadcrumb\":{\"@id\":\"https:\/\/telemet.com\/es\/dustboss\/db-mister\/#breadcrumb\"},\"inLanguage\":\"es-ES\",\"potentialAction\":[{\"@type\":\"ReadAction\",\"target\":[\"https:\/\/telemet.com\/es\/dustboss\/db-mister\/\"]}]},{\"@type\":\"ImageObject\",\"inLanguage\":\"es-ES\",\"@id\":\"https:\/\/telemet.com\/es\/dustboss\/db-mister\/#primaryimage\",\"url\":\"https:\/\/telemet.com\/wp-content\/uploads\/2016\/08\/atomized-mister-on-a-boom.jpg\",\"contentUrl\":\"https:\/\/telemet.com\/wp-content\/uploads\/2016\/08\/atomized-mister-on-a-boom.jpg\"},{\"@type\":\"BreadcrumbList\",\"@id\":\"https:\/\/telemet.com\/es\/dustboss\/db-mister\/#breadcrumb\",\"itemListElement\":[{\"@type\":\"ListItem\",\"position\":1,\"name\":\"Home\",\"item\":\"https:\/\/telemet.com\/es\/\"},{\"@type\":\"ListItem\",\"position\":2,\"name\":\"DustBoss\",\"item\":\"https:\/\/telemet.com\/es\/dustboss\/\"},{\"@type\":\"ListItem\",\"position\":3,\"name\":\"DUSTBOSS\u00ae DB-Mister\"}]},{\"@type\":\"WebSite\",\"@id\":\"https:\/\/telemet.com\/es\/#website\",\"url\":\"https:\/\/telemet.com\/es\/\",\"name\":\"Telemet, Inc.\",\"description\":\"Efficiency through Simplicity\",\"potentialAction\":[{\"@type\":\"SearchAction\",\"target\":{\"@type\":\"EntryPoint\",\"urlTemplate\":\"https:\/\/telemet.com\/es\/?s={search_term_string}\"},\"query-input\":{\"@type\":\"PropertyValueSpecification\",\"valueRequired\":true,\"valueName\":\"search_term_string\"}}],\"inLanguage\":\"es-ES\"}]}<\/script>\n<!-- \/ Yoast SEO plugin. -->","yoast_head_json":{"title":"DUSTBOSS\u00ae DB-Mister - Telemet","robots":{"index":"index","follow":"follow","max-snippet":"max-snippet:-1","max-image-preview":"max-image-preview:large","max-video-preview":"max-video-preview:-1"},"canonical":"https:\/\/telemet.com\/es\/dustboss\/db-mister\/","og_locale":"es_ES","og_type":"article","og_title":"DUSTBOSS\u00ae DB-Mister - Telemet","og_url":"https:\/\/telemet.com\/es\/dustboss\/db-mister\/","og_site_name":"Telemet","article_modified_time":"2017-04-27T15:13:49+00:00","og_image":[{"url":"https:\/\/telemet.com\/wp-content\/uploads\/2016\/08\/atomized-mister-on-a-boom.jpg","type":"","width":"","height":""}],"twitter_card":"summary_large_image","twitter_misc":{"Tiempo de lectura":"2 minutes"},"schema":{"@context":"https:\/\/schema.org","@graph":[{"@type":"WebPage","@id":"https:\/\/telemet.com\/es\/dustboss\/db-mister\/","url":"https:\/\/telemet.com\/es\/dustboss\/db-mister\/","name":"DUSTBOSS\u00ae DB-Mister - Telemet","isPartOf":{"@id":"https:\/\/telemet.com\/es\/#website"},"primaryImageOfPage":{"@id":"https:\/\/telemet.com\/es\/dustboss\/db-mister\/#primaryimage"},"image":{"@id":"https:\/\/telemet.com\/es\/dustboss\/db-mister\/#primaryimage"},"thumbnailUrl":"https:\/\/telemet.com\/wp-content\/uploads\/2016\/08\/atomized-mister-on-a-boom.jpg","datePublished":"2016-08-03T20:38:46+00:00","dateModified":"2017-04-27T15:13:49+00:00","breadcrumb":{"@id":"https:\/\/telemet.com\/es\/dustboss\/db-mister\/#breadcrumb"},"inLanguage":"es-ES","potentialAction":[{"@type":"ReadAction","target":["https:\/\/telemet.com\/es\/dustboss\/db-mister\/"]}]},{"@type":"ImageObject","inLanguage":"es-ES","@id":"https:\/\/telemet.com\/es\/dustboss\/db-mister\/#primaryimage","url":"https:\/\/telemet.com\/wp-content\/uploads\/2016\/08\/atomized-mister-on-a-boom.jpg","contentUrl":"https:\/\/telemet.com\/wp-content\/uploads\/2016\/08\/atomized-mister-on-a-boom.jpg"},{"@type":"BreadcrumbList","@id":"https:\/\/telemet.com\/es\/dustboss\/db-mister\/#breadcrumb","itemListElement":[{"@type":"ListItem","position":1,"name":"Home","item":"https:\/\/telemet.com\/es\/"},{"@type":"ListItem","position":2,"name":"DustBoss","item":"https:\/\/telemet.com\/es\/dustboss\/"},{"@type":"ListItem","position":3,"name":"DUSTBOSS\u00ae DB-Mister"}]},{"@type":"WebSite","@id":"https:\/\/telemet.com\/es\/#website","url":"https:\/\/telemet.com\/es\/","name":"Telemet, Inc.","description":"Efficiency through Simplicity","potentialAction":[{"@type":"SearchAction","target":{"@type":"EntryPoint","urlTemplate":"https:\/\/telemet.com\/es\/?s={search_term_string}"},"query-input":{"@type":"PropertyValueSpecification","valueRequired":true,"valueName":"search_term_string"}}],"inLanguage":"es-ES"}]}},"_links":{"self":[{"href":"https:\/\/telemet.com\/es\/wp-json\/wp\/v2\/pages\/6656","targetHints":{"allow":["GET"]}}],"collection":[{"href":"https:\/\/telemet.com\/es\/wp-json\/wp\/v2\/pages"}],"about":[{"href":"https:\/\/telemet.com\/es\/wp-json\/wp\/v2\/types\/page"}],"author":[{"embeddable":true,"href":"https:\/\/telemet.com\/es\/wp-json\/wp\/v2\/users\/1"}],"replies":[{"embeddable":true,"href":"https:\/\/telemet.com\/es\/wp-json\/wp\/v2\/comments?post=6656"}],"version-history":[{"count":3,"href":"https:\/\/telemet.com\/es\/wp-json\/wp\/v2\/pages\/6656\/revisions"}],"predecessor-version":[{"id":8817,"href":"https:\/\/telemet.com\/es\/wp-json\/wp\/v2\/pages\/6656\/revisions\/8817"}],"up":[{"embeddable":true,"href":"https:\/\/telemet.com\/es\/wp-json\/wp\/v2\/pages\/6591"}],"wp:attachment":[{"href":"https:\/\/telemet.com\/es\/wp-json\/wp\/v2\/media?parent=6656"}],"curies":[{"name":"wp","href":"https:\/\/api.w.org\/{rel}","templated":true}]}}