{"id":6662,"date":"2016-09-09T18:06:18","date_gmt":"2016-09-09T18:06:18","guid":{"rendered":"http:\/\/telemet.com\/ash-group\/airport-technology\/?lang=es"},"modified":"2017-04-24T20:43:48","modified_gmt":"2017-04-24T20:43:48","slug":"airport-technology","status":"publish","type":"page","link":"https:\/\/telemet.com\/es\/ash-group\/airport-technology\/","title":{"rendered":"Tecnolog\u00eda en aeropuertos"},"content":{"rendered":"<div class=\"fusion-fullwidth fullwidth-box fusion-builder-row-1 hundred-percent-fullwidth non-hundred-percent-height-scrolling\" style=\"--awb-border-radius-top-left:0px;--awb-border-radius-top-right:0px;--awb-border-radius-bottom-right:0px;--awb-border-radius-bottom-left:0px;--awb-overflow:visible;--awb-flex-wrap:wrap;\" ><div class=\"fusion-builder-row fusion-row\"><div class=\"fusion-layout-column fusion_builder_column fusion-builder-column-0 fusion_builder_column_1_1 1_1 fusion-one-full fusion-column-first fusion-column-last\" style=\"--awb-bg-size:cover;\"><div class=\"fusion-column-wrapper fusion-flex-column-wrapper-legacy\"><div class=\"fusion-image-element in-legacy-container\" style=\"--awb-caption-title-font-family:var(--h2_typography-font-family);--awb-caption-title-font-weight:var(--h2_typography-font-weight);--awb-caption-title-font-style:var(--h2_typography-font-style);--awb-caption-title-size:var(--h2_typography-font-size);--awb-caption-title-transform:var(--h2_typography-text-transform);--awb-caption-title-line-height:var(--h2_typography-line-height);--awb-caption-title-letter-spacing:var(--h2_typography-letter-spacing);\"><span class=\" fusion-imageframe imageframe-none imageframe-1 hover-type-none\"><a href=\"https:\/\/telemet.com\/wp-content\/uploads\/2016\/09\/grafik_airport-application-b.jpg\" class=\"fusion-lightbox\" data-rel=\"iLightbox[56331c4039948bfbcfa]\" data-title=\"grafik_airport-application-b\" title=\"grafik_airport-application\"><img decoding=\"async\" width=\"820\" height=\"551\" src=\"https:\/\/telemet.com\/wp-content\/uploads\/2016\/09\/grafik_airport-application.jpg\" alt class=\"img-responsive wp-image-6471\" srcset=\"https:\/\/telemet.com\/wp-content\/uploads\/2016\/09\/grafik_airport-application-200x134.jpg 200w, https:\/\/telemet.com\/wp-content\/uploads\/2016\/09\/grafik_airport-application-400x269.jpg 400w, https:\/\/telemet.com\/wp-content\/uploads\/2016\/09\/grafik_airport-application-600x403.jpg 600w, https:\/\/telemet.com\/wp-content\/uploads\/2016\/09\/grafik_airport-application-800x538.jpg 800w, https:\/\/telemet.com\/wp-content\/uploads\/2016\/09\/grafik_airport-application.jpg 820w\" sizes=\"(max-width: 800px) 100vw, 820px\" \/><\/a><\/span><\/div><div class=\"fusion-text fusion-text-1\"><h2>Despeje de nieve<\/h2>\n<p>Schmidt ofrece un completo rango de equipos para la limpieza de todo tipo de nieve en aeropuertos.<\/p>\n<h3>Barredoras a chorro<\/h3>\n<p>Dentro de su rango de productos, Schmidt ofrece la opci\u00f3n de ocho barredoras a chorro. Esto posibilita que a\u00e9reas de trabajo en aeropuertos, de todo tama\u00f1o, puedan ser despejadas de nieve r\u00e1pidamente y con un algo grado de precisi\u00f3n.<\/p>\n<\/div><div class=\"fusion-slider-sc fusion-flexslider-loading flexslider flexslider-hover-type-none\" data-slideshow_autoplay=\"1\" data-slideshow_smooth_height=\"0\" data-slideshow_speed=\"7000\" style=\"max-width:100%;height:100%;\"><ul class=\"slides\"><li class=\"image\"><span class=\"fusion-image-hover-element hover-type-none\"><img decoding=\"async\" src=\"https:\/\/telemet.com\/wp-content\/uploads\/2016\/09\/1-2-schmidt_cjs.jpg\" width=\"820\" height=\"500\" \/><\/span><\/li><li class=\"image\"><span class=\"fusion-image-hover-element hover-type-none\"><img decoding=\"async\" src=\"https:\/\/telemet.com\/wp-content\/uploads\/2016\/09\/1-1-schmidt_cjs.jpg\" width=\"1200\" height=\"800\" \/><\/span><\/li><li class=\"image\"><span class=\"fusion-image-hover-element hover-type-none\"><img decoding=\"async\" src=\"https:\/\/telemet.com\/wp-content\/uploads\/2016\/09\/1-3-schmidt_cjs.jpg\" width=\"820\" height=\"500\" \/><\/span><\/li><li class=\"image\"><span class=\"fusion-image-hover-element hover-type-none\"><img decoding=\"async\" src=\"https:\/\/telemet.com\/wp-content\/uploads\/2016\/09\/1-4-schmidt_cjs.jpg\" width=\"820\" height=\"500\" \/><\/span><\/li><li class=\"image\"><span class=\"fusion-image-hover-element hover-type-none\"><img decoding=\"async\" src=\"https:\/\/telemet.com\/wp-content\/uploads\/2016\/09\/1-5-schmidt_cjs.jpg\" width=\"820\" height=\"500\" \/><\/span><\/li><li class=\"image\"><span class=\"fusion-image-hover-element hover-type-none\"><img decoding=\"async\" src=\"https:\/\/telemet.com\/wp-content\/uploads\/2016\/09\/1-5-TJSC420.jpg\" width=\"820\" height=\"500\" \/><\/span><\/li><li class=\"image\"><span class=\"fusion-image-hover-element hover-type-none\"><img decoding=\"async\" src=\"https:\/\/telemet.com\/wp-content\/uploads\/2016\/09\/1-6-TJSC420.jpg\" width=\"820\" height=\"500\" \/><\/span><\/li><li class=\"image\"><span class=\"fusion-image-hover-element hover-type-none\"><img decoding=\"async\" src=\"https:\/\/telemet.com\/wp-content\/uploads\/2016\/09\/1-6-schmidt_cfb.jpg\" width=\"820\" height=\"500\" \/><\/span><\/li><li class=\"image\"><span class=\"fusion-image-hover-element hover-type-none\"><img decoding=\"async\" src=\"https:\/\/telemet.com\/wp-content\/uploads\/2016\/09\/1-6-schmidt_cjs.jpg\" width=\"820\" height=\"500\" \/><\/span><\/li><\/ul><\/div><div class=\"fusion-text fusion-text-2\"><h3>Palas para empujar la nieve<\/h3>\n<p>Las palas para nieve para aeropuertos de Schmidt permiten limpiar hasta el \u00faltimo copo de nieve gracias a su adaptaci\u00f3n \u00f3ptima a todo tipo de superficie.<\/p>\n<\/div><div class=\"fusion-slider-sc fusion-flexslider-loading flexslider flexslider-hover-type-none\" data-slideshow_autoplay=\"1\" data-slideshow_smooth_height=\"0\" data-slideshow_speed=\"7000\" style=\"max-width:100%;height:100%;\"><ul class=\"slides\"><li class=\"image\"><span class=\"fusion-image-hover-element hover-type-none\"><img decoding=\"async\" src=\"https:\/\/telemet.com\/wp-content\/uploads\/2016\/09\/2-1-MS_72-1K.jpg\" width=\"820\" height=\"500\" \/><\/span><\/li><li class=\"image\"><span class=\"fusion-image-hover-element hover-type-none\"><img decoding=\"async\" src=\"https:\/\/telemet.com\/wp-content\/uploads\/2016\/09\/2-2_ms_tjs_c_6301884.jpg\" width=\"820\" height=\"500\" \/><\/span><\/li><\/ul><\/div><div class=\"fusion-text fusion-text-3\"><h3>Limpiadoras de nieve rotativas<\/h3>\n<p>Las m\u00e1quinas limpiadoras rotativas de Schmidt alcanzan la m\u00e1xima calidad en la limpieza de nieve en aeropuertos con grandes cantidades de nieve.<\/p>\n<\/div><div class=\"fusion-slider-sc fusion-flexslider-loading flexslider flexslider-hover-type-none\" data-slideshow_autoplay=\"1\" data-slideshow_smooth_height=\"0\" data-slideshow_speed=\"7000\" style=\"max-width:100%;height:100%;\"><ul class=\"slides\"><li class=\"image\"><span class=\"fusion-image-hover-element hover-type-none\"><img decoding=\"async\" src=\"https:\/\/telemet.com\/wp-content\/uploads\/2016\/09\/3-1_snk55_02864132.jpg\" width=\"820\" height=\"500\" \/><\/span><\/li><li class=\"image\"><span class=\"fusion-image-hover-element hover-type-none\"><img decoding=\"async\" src=\"https:\/\/telemet.com\/wp-content\/uploads\/2016\/09\/3-2_Schmidt_Supra.jpg\" width=\"820\" height=\"500\" \/><\/span><\/li><li class=\"image\"><span class=\"fusion-image-hover-element hover-type-none\"><img decoding=\"async\" src=\"https:\/\/telemet.com\/wp-content\/uploads\/2016\/09\/3-1_Schmidt_Supra_40025523.jpg\" width=\"820\" height=\"500\" \/><\/span><\/li><\/ul><\/div><div class=\"fusion-text fusion-text-4\"><h2>Deshielo<\/h2>\n<p>Sea mediante el esparcido o con el rociado o una combinaci\u00f3n de ambos, Schmidt siempre puede ofrecerle la soluci\u00f3n apropiada para combatir el hielo en los aeropuertos.<\/p>\n<h3>Rociadores<\/h3>\n<p>Con la serie de dispositivos de rociado, pueden distribuirse material  para deshelar sobre todo tipo de superficie con los dosajes correctos y exactos, lo cual es de fundamental  importancia en los aeropuertos.<\/p>\n<\/div><div class=\"fusion-slider-sc fusion-flexslider-loading flexslider flexslider-hover-type-none\" data-slideshow_autoplay=\"1\" data-slideshow_smooth_height=\"0\" data-slideshow_speed=\"7000\" style=\"max-width:100%;height:100%;\"><ul class=\"slides\"><li class=\"image\"><span class=\"fusion-image-hover-element hover-type-none\"><img decoding=\"async\" src=\"https:\/\/telemet.com\/wp-content\/uploads\/2016\/09\/11_1200_900_ASP_0.jpg\" width=\"820\" height=\"500\" \/><\/span><\/li><li class=\"image\"><span class=\"fusion-image-hover-element hover-type-none\"><img decoding=\"async\" src=\"https:\/\/telemet.com\/wp-content\/uploads\/2016\/09\/11_1200_900_ASPT.jpg\" width=\"820\" height=\"500\" \/><\/span><\/li><li class=\"image\"><span class=\"fusion-image-hover-element hover-type-none\"><img decoding=\"async\" src=\"https:\/\/telemet.com\/wp-content\/uploads\/2016\/09\/11_1200_900_WSP_01.jpg\" width=\"820\" height=\"500\" \/><\/span><\/li><li class=\"image\"><span class=\"fusion-image-hover-element hover-type-none\"><img decoding=\"async\" src=\"https:\/\/telemet.com\/wp-content\/uploads\/2016\/09\/11_1200_900_ASP_0-2.jpg\" width=\"820\" height=\"500\" \/><\/span><\/li><\/ul><\/div><div class=\"fusion-text fusion-text-5\"><h3>M\u00e1quinas combinadas para rociar y esparcir<\/h3>\n<p>Las m\u00e1quinas combinadas posibilitan la distribuci\u00f3n de una combinaci\u00f3n de materiales s\u00f3lidos, semil\u00edquidos o l\u00edquidos en una sola operaci\u00f3n.<\/p>\n<\/div><div class=\"fusion-slider-sc fusion-flexslider-loading flexslider flexslider-hover-type-none\" data-slideshow_autoplay=\"1\" data-slideshow_smooth_height=\"0\" data-slideshow_speed=\"7000\" style=\"max-width:100%;height:100%;\"><ul class=\"slides\"><li class=\"image\"><span class=\"fusion-image-hover-element hover-type-none\"><img decoding=\"async\" src=\"https:\/\/telemet.com\/wp-content\/uploads\/2016\/09\/comb_1200_900_ace_asp_talinn_1121_yellow4131.jpg\" width=\"820\" height=\"500\" \/><\/span><\/li><li class=\"image\"><span class=\"fusion-image-hover-element hover-type-none\"><img decoding=\"async\" src=\"https:\/\/telemet.com\/wp-content\/uploads\/2016\/09\/comb_1200_900_ace_asp_liege_77674130.jpg\" width=\"820\" height=\"500\" \/><\/span><\/li><li class=\"image\"><span class=\"fusion-image-hover-element hover-type-none\"><img decoding=\"async\" src=\"https:\/\/telemet.com\/wp-content\/uploads\/2016\/09\/comb_1200_900_ACE_RSP_01600.jpg\" width=\"820\" height=\"500\" \/><\/span><\/li><li class=\"image\"><span class=\"fusion-image-hover-element hover-type-none\"><img decoding=\"async\" src=\"https:\/\/telemet.com\/wp-content\/uploads\/2016\/09\/comb_1200_900_ACE_2S_01602.jpg\" width=\"820\" height=\"500\" \/><\/span><\/li><\/ul><\/div><div class=\"fusion-text fusion-text-6\"><h2>Barredoras<\/h2>\n<p>Las barredoras de alta tecnolog\u00eda para aeropuertos de Schmidt alcanzan los m\u00e1s altos requerimientos, tanto en calidad como en velocidad.<\/p>\n<h3>Barredoras montadas<\/h3>\n<p>Las barredoras especiales para aeropuertos montadas sobre camiones, pueden levantar no solo residuos, sino tambi\u00e9n l\u00edquidos, por ejemplo agua o fluidos para el deshielo.<\/p>\n<\/div><div class=\"fusion-slider-sc fusion-flexslider-loading flexslider flexslider-hover-type-none\" data-slideshow_autoplay=\"1\" data-slideshow_smooth_height=\"0\" data-slideshow_speed=\"7000\" style=\"max-width:100%;height:100%;\"><ul class=\"slides\"><li class=\"image\"><span class=\"fusion-image-hover-element hover-type-none\"><img decoding=\"async\" src=\"https:\/\/telemet.com\/wp-content\/uploads\/2016\/09\/thumb_1200_900_AS_990_59191935.jpg\" width=\"820\" height=\"500\" \/><\/span><\/li><li class=\"image\"><span class=\"fusion-image-hover-element hover-type-none\"><img decoding=\"async\" src=\"https:\/\/telemet.com\/wp-content\/uploads\/2016\/09\/thumb_1200_900_AS_990_58871936.jpg\" width=\"820\" height=\"500\" \/><\/span><\/li><li class=\"image\"><span class=\"fusion-image-hover-element hover-type-none\"><img decoding=\"async\" src=\"https:\/\/telemet.com\/wp-content\/uploads\/2016\/09\/thumb_1200_900_PMB_01559.jpg\" width=\"820\" height=\"500\" \/><\/span><\/li><\/ul><\/div><div class=\"fusion-text fusion-text-7\"><h3>Barredoras acoplables<\/h3>\n<p>Las barredoras acoplables est\u00e1n bien adaptadas para la r\u00e1pida remoci\u00f3n de residuos de grandes y espaciosas \u00e1reas en un aeropuerto tal como las terminales de carga.<\/p>\n<p><img decoding=\"async\" class=\"alignnone size-full wp-image-6501\" src=\"https:\/\/telemet.com\/wp-content\/uploads\/2016\/09\/attach_1200_900_VKS4.2_34_H_17585507.jpg\" alt=\"attach_1200_900_VKS4.2_34_H_1758&#091;5507&#093;\" width=\"820\" height=\"500\" srcset=\"https:\/\/telemet.com\/wp-content\/uploads\/2016\/09\/attach_1200_900_VKS4.2_34_H_17585507-200x122.jpg 200w, https:\/\/telemet.com\/wp-content\/uploads\/2016\/09\/attach_1200_900_VKS4.2_34_H_17585507-300x183.jpg 300w, https:\/\/telemet.com\/wp-content\/uploads\/2016\/09\/attach_1200_900_VKS4.2_34_H_17585507-400x244.jpg 400w, https:\/\/telemet.com\/wp-content\/uploads\/2016\/09\/attach_1200_900_VKS4.2_34_H_17585507-600x366.jpg 600w, https:\/\/telemet.com\/wp-content\/uploads\/2016\/09\/attach_1200_900_VKS4.2_34_H_17585507-768x468.jpg 768w, https:\/\/telemet.com\/wp-content\/uploads\/2016\/09\/attach_1200_900_VKS4.2_34_H_17585507-800x488.jpg 800w, https:\/\/telemet.com\/wp-content\/uploads\/2016\/09\/attach_1200_900_VKS4.2_34_H_17585507.jpg 820w\" sizes=\"(max-width: 820px) 100vw, 820px\" \/><\/p>\n<h2>Sistemas de control<\/h2>\n<p>Esparcidores modernos &#8211; y los sistemas de informaci\u00f3n de Schmidt realizan una activa contribuci\u00f3n a la protecci\u00f3n del ambiente con sus sistemas de dosajes econ\u00f3micos.<\/p>\n<h3>Airportlogic, el sistema de deshielo para aeropuertos<\/h3>\n<p> Dentro de nuestra familia de Autologic, hemos desarrollado, espec\u00edficamente para aeropuertos,  el sistema Airportlogic . El Airportlogic est\u00e1 basado en la tecnolog\u00eda GPS y abarca dos funciones: un sistema de orientaci\u00f3n y un sistema de regulaci\u00f3n del rociado.<br \/>\n<img decoding=\"async\" class=\"alignnone size-full wp-image-6502\" src=\"https:\/\/telemet.com\/wp-content\/uploads\/2016\/09\/AirportLogic.jpg\" alt=\"AirportLogic\" width=\"820\" height=\"500\" srcset=\"https:\/\/telemet.com\/wp-content\/uploads\/2016\/09\/AirportLogic-200x122.jpg 200w, https:\/\/telemet.com\/wp-content\/uploads\/2016\/09\/AirportLogic-300x183.jpg 300w, https:\/\/telemet.com\/wp-content\/uploads\/2016\/09\/AirportLogic-400x244.jpg 400w, https:\/\/telemet.com\/wp-content\/uploads\/2016\/09\/AirportLogic-600x366.jpg 600w, https:\/\/telemet.com\/wp-content\/uploads\/2016\/09\/AirportLogic-768x468.jpg 768w, https:\/\/telemet.com\/wp-content\/uploads\/2016\/09\/AirportLogic-800x488.jpg 800w, https:\/\/telemet.com\/wp-content\/uploads\/2016\/09\/AirportLogic.jpg 820w\" sizes=\"(max-width: 820px) 100vw, 820px\" \/><\/p>\n<\/div><div class=\"fusion-clearfix\"><\/div><\/div><\/div><\/div><\/div>\n","protected":false},"excerpt":{"rendered":"","protected":false},"author":1,"featured_media":0,"parent":6350,"menu_order":2,"comment_status":"closed","ping_status":"closed","template":"side-navigation.php","meta":{"footnotes":""},"class_list":["post-6662","page","type-page","status-publish","hentry"],"yoast_head":"<!-- This site is optimized with the Yoast SEO plugin v26.2 - https:\/\/yoast.com\/wordpress\/plugins\/seo\/ -->\n<title>Tecnolog\u00eda en aeropuertos - Telemet<\/title>\n<meta name=\"robots\" content=\"index, follow, max-snippet:-1, max-image-preview:large, max-video-preview:-1\" \/>\n<link rel=\"canonical\" href=\"https:\/\/telemet.com\/es\/ash-group\/airport-technology\/\" \/>\n<meta property=\"og:locale\" content=\"es_ES\" \/>\n<meta property=\"og:type\" content=\"article\" \/>\n<meta property=\"og:title\" content=\"Tecnolog\u00eda en aeropuertos - Telemet\" \/>\n<meta property=\"og:url\" content=\"https:\/\/telemet.com\/es\/ash-group\/airport-technology\/\" \/>\n<meta property=\"og:site_name\" content=\"Telemet\" \/>\n<meta property=\"article:modified_time\" content=\"2017-04-24T20:43:48+00:00\" \/>\n<meta property=\"og:image\" content=\"https:\/\/telemet.com\/wp-content\/uploads\/2016\/09\/grafik_airport-application.jpg\" \/>\n<meta name=\"twitter:card\" content=\"summary_large_image\" \/>\n<meta name=\"twitter:label1\" content=\"Tiempo de lectura\" \/>\n\t<meta name=\"twitter:data1\" content=\"5 minutes\" \/>\n<script type=\"application\/ld+json\" class=\"yoast-schema-graph\">{\"@context\":\"https:\/\/schema.org\",\"@graph\":[{\"@type\":\"WebPage\",\"@id\":\"https:\/\/telemet.com\/es\/ash-group\/airport-technology\/\",\"url\":\"https:\/\/telemet.com\/es\/ash-group\/airport-technology\/\",\"name\":\"Tecnolog\u00eda en aeropuertos - Telemet\",\"isPartOf\":{\"@id\":\"https:\/\/telemet.com\/es\/#website\"},\"primaryImageOfPage\":{\"@id\":\"https:\/\/telemet.com\/es\/ash-group\/airport-technology\/#primaryimage\"},\"image\":{\"@id\":\"https:\/\/telemet.com\/es\/ash-group\/airport-technology\/#primaryimage\"},\"thumbnailUrl\":\"https:\/\/telemet.com\/wp-content\/uploads\/2016\/09\/grafik_airport-application.jpg\",\"datePublished\":\"2016-09-09T18:06:18+00:00\",\"dateModified\":\"2017-04-24T20:43:48+00:00\",\"breadcrumb\":{\"@id\":\"https:\/\/telemet.com\/es\/ash-group\/airport-technology\/#breadcrumb\"},\"inLanguage\":\"es-ES\",\"potentialAction\":[{\"@type\":\"ReadAction\",\"target\":[\"https:\/\/telemet.com\/es\/ash-group\/airport-technology\/\"]}]},{\"@type\":\"ImageObject\",\"inLanguage\":\"es-ES\",\"@id\":\"https:\/\/telemet.com\/es\/ash-group\/airport-technology\/#primaryimage\",\"url\":\"https:\/\/telemet.com\/wp-content\/uploads\/2016\/09\/grafik_airport-application.jpg\",\"contentUrl\":\"https:\/\/telemet.com\/wp-content\/uploads\/2016\/09\/grafik_airport-application.jpg\"},{\"@type\":\"BreadcrumbList\",\"@id\":\"https:\/\/telemet.com\/es\/ash-group\/airport-technology\/#breadcrumb\",\"itemListElement\":[{\"@type\":\"ListItem\",\"position\":1,\"name\":\"Home\",\"item\":\"https:\/\/telemet.com\/es\/\"},{\"@type\":\"ListItem\",\"position\":2,\"name\":\"Aebi Schmidt\",\"item\":\"https:\/\/telemet.com\/es\/ash-group\/\"},{\"@type\":\"ListItem\",\"position\":3,\"name\":\"Tecnolog\u00eda en aeropuertos\"}]},{\"@type\":\"WebSite\",\"@id\":\"https:\/\/telemet.com\/es\/#website\",\"url\":\"https:\/\/telemet.com\/es\/\",\"name\":\"Telemet, Inc.\",\"description\":\"Efficiency through Simplicity\",\"potentialAction\":[{\"@type\":\"SearchAction\",\"target\":{\"@type\":\"EntryPoint\",\"urlTemplate\":\"https:\/\/telemet.com\/es\/?s={search_term_string}\"},\"query-input\":{\"@type\":\"PropertyValueSpecification\",\"valueRequired\":true,\"valueName\":\"search_term_string\"}}],\"inLanguage\":\"es-ES\"}]}<\/script>\n<!-- \/ Yoast SEO plugin. -->","yoast_head_json":{"title":"Tecnolog\u00eda en aeropuertos - Telemet","robots":{"index":"index","follow":"follow","max-snippet":"max-snippet:-1","max-image-preview":"max-image-preview:large","max-video-preview":"max-video-preview:-1"},"canonical":"https:\/\/telemet.com\/es\/ash-group\/airport-technology\/","og_locale":"es_ES","og_type":"article","og_title":"Tecnolog\u00eda en aeropuertos - Telemet","og_url":"https:\/\/telemet.com\/es\/ash-group\/airport-technology\/","og_site_name":"Telemet","article_modified_time":"2017-04-24T20:43:48+00:00","og_image":[{"url":"https:\/\/telemet.com\/wp-content\/uploads\/2016\/09\/grafik_airport-application.jpg","type":"","width":"","height":""}],"twitter_card":"summary_large_image","twitter_misc":{"Tiempo de lectura":"5 minutes"},"schema":{"@context":"https:\/\/schema.org","@graph":[{"@type":"WebPage","@id":"https:\/\/telemet.com\/es\/ash-group\/airport-technology\/","url":"https:\/\/telemet.com\/es\/ash-group\/airport-technology\/","name":"Tecnolog\u00eda en aeropuertos - Telemet","isPartOf":{"@id":"https:\/\/telemet.com\/es\/#website"},"primaryImageOfPage":{"@id":"https:\/\/telemet.com\/es\/ash-group\/airport-technology\/#primaryimage"},"image":{"@id":"https:\/\/telemet.com\/es\/ash-group\/airport-technology\/#primaryimage"},"thumbnailUrl":"https:\/\/telemet.com\/wp-content\/uploads\/2016\/09\/grafik_airport-application.jpg","datePublished":"2016-09-09T18:06:18+00:00","dateModified":"2017-04-24T20:43:48+00:00","breadcrumb":{"@id":"https:\/\/telemet.com\/es\/ash-group\/airport-technology\/#breadcrumb"},"inLanguage":"es-ES","potentialAction":[{"@type":"ReadAction","target":["https:\/\/telemet.com\/es\/ash-group\/airport-technology\/"]}]},{"@type":"ImageObject","inLanguage":"es-ES","@id":"https:\/\/telemet.com\/es\/ash-group\/airport-technology\/#primaryimage","url":"https:\/\/telemet.com\/wp-content\/uploads\/2016\/09\/grafik_airport-application.jpg","contentUrl":"https:\/\/telemet.com\/wp-content\/uploads\/2016\/09\/grafik_airport-application.jpg"},{"@type":"BreadcrumbList","@id":"https:\/\/telemet.com\/es\/ash-group\/airport-technology\/#breadcrumb","itemListElement":[{"@type":"ListItem","position":1,"name":"Home","item":"https:\/\/telemet.com\/es\/"},{"@type":"ListItem","position":2,"name":"Aebi Schmidt","item":"https:\/\/telemet.com\/es\/ash-group\/"},{"@type":"ListItem","position":3,"name":"Tecnolog\u00eda en aeropuertos"}]},{"@type":"WebSite","@id":"https:\/\/telemet.com\/es\/#website","url":"https:\/\/telemet.com\/es\/","name":"Telemet, Inc.","description":"Efficiency through Simplicity","potentialAction":[{"@type":"SearchAction","target":{"@type":"EntryPoint","urlTemplate":"https:\/\/telemet.com\/es\/?s={search_term_string}"},"query-input":{"@type":"PropertyValueSpecification","valueRequired":true,"valueName":"search_term_string"}}],"inLanguage":"es-ES"}]}},"_links":{"self":[{"href":"https:\/\/telemet.com\/es\/wp-json\/wp\/v2\/pages\/6662","targetHints":{"allow":["GET"]}}],"collection":[{"href":"https:\/\/telemet.com\/es\/wp-json\/wp\/v2\/pages"}],"about":[{"href":"https:\/\/telemet.com\/es\/wp-json\/wp\/v2\/types\/page"}],"author":[{"embeddable":true,"href":"https:\/\/telemet.com\/es\/wp-json\/wp\/v2\/users\/1"}],"replies":[{"embeddable":true,"href":"https:\/\/telemet.com\/es\/wp-json\/wp\/v2\/comments?post=6662"}],"version-history":[{"count":3,"href":"https:\/\/telemet.com\/es\/wp-json\/wp\/v2\/pages\/6662\/revisions"}],"predecessor-version":[{"id":8370,"href":"https:\/\/telemet.com\/es\/wp-json\/wp\/v2\/pages\/6662\/revisions\/8370"}],"up":[{"embeddable":true,"href":"https:\/\/telemet.com\/es\/wp-json\/wp\/v2\/pages\/6350"}],"wp:attachment":[{"href":"https:\/\/telemet.com\/es\/wp-json\/wp\/v2\/media?parent=6662"}],"curies":[{"name":"wp","href":"https:\/\/api.w.org\/{rel}","templated":true}]}}