{"id":6668,"date":"2016-08-03T17:15:02","date_gmt":"2016-08-03T17:15:02","guid":{"rendered":"http:\/\/telemet.com\/smi-evaporative-solutions\/120f-evaporators\/?lang=es"},"modified":"2017-09-06T19:59:33","modified_gmt":"2017-09-06T19:59:33","slug":"120f-evaporators","status":"publish","type":"page","link":"https:\/\/telemet.com\/es\/smi-evaporative-solutions\/120f-evaporators\/","title":{"rendered":"Evaporadores SMI\u00ae 120F"},"content":{"rendered":"<div class=\"fusion-fullwidth fullwidth-box fusion-builder-row-1 nonhundred-percent-fullwidth non-hundred-percent-height-scrolling\" style=\"--awb-background-position:left top;--awb-border-radius-top-left:0px;--awb-border-radius-top-right:0px;--awb-border-radius-bottom-right:0px;--awb-border-radius-bottom-left:0px;--awb-padding-top:0px;--awb-padding-bottom:20px;--awb-border-sizes-top:0px;--awb-border-sizes-bottom:0px;--awb-flex-wrap:wrap;\" ><div class=\"fusion-builder-row fusion-row\"><div class=\"fusion-layout-column fusion_builder_column fusion-builder-column-0 fusion_builder_column_1_1 1_1 fusion-one-full fusion-column-first fusion-column-last fusion-column-no-min-height\" style=\"--awb-bg-size:cover;--awb-margin-top:0px;--awb-margin-bottom:0px;\"><div class=\"fusion-column-wrapper fusion-flex-column-wrapper-legacy\"><div class=\"fusion-slider-sc fusion-flexslider-loading flexslider flexslider-hover-type-none\" data-slideshow_autoplay=\"1\" data-slideshow_smooth_height=\"0\" data-slideshow_speed=\"7000\" style=\"max-width:100%;height:100%;\"><ul class=\"slides\"><li class=\"image\"><span class=\"fusion-image-hover-element hover-type-none\"><img decoding=\"async\" src=\"https:\/\/telemet.com\/wp-content\/uploads\/2016\/08\/120F-indexable-head.jpg\" width=\"900\" height=\"500\" \/><\/span><\/li><li class=\"image\"><span class=\"fusion-image-hover-element hover-type-none\"><img decoding=\"async\" src=\"https:\/\/telemet.com\/wp-content\/uploads\/2016\/08\/120F-introducing.jpg\" width=\"900\" height=\"500\" \/><\/span><\/li><li class=\"image\"><span class=\"fusion-image-hover-element hover-type-none\"><img decoding=\"async\" src=\"https:\/\/telemet.com\/wp-content\/uploads\/2016\/08\/120F-pump-holder.jpg\" width=\"900\" height=\"500\" \/><\/span><\/li><li class=\"image\"><span class=\"fusion-image-hover-element hover-type-none\"><img decoding=\"async\" src=\"https:\/\/telemet.com\/wp-content\/uploads\/2016\/08\/120F-vibration-switch.jpg\" width=\"900\" height=\"500\" \/><\/span><\/li><\/ul><\/div><div class=\"fusion-align-block\"><a class=\"fusion-button button-flat button-xlarge button-default fusion-button-default button-1 fusion-button-default-span \" style=\"width:calc(100%);\" target=\"_blank\" rel=\"noopener noreferrer\" title=\"Download Brochure\" aria-label=\"Download Brochure\" href=\"\/wp-content\/uploads\/2016\/08\/EvaporLit-120F.pdf\"><span class=\"fusion-button-text awb-button__text awb-button__text--default\">Download Brochure (PDF)<\/span><i class=\" fa fa-file-pdf-o awb-button__icon awb-button__icon--default button-icon-right\" aria-hidden=\"true\"><\/i><\/a><\/div><div class=\"fusion-sep-clear\"><\/div><div class=\"fusion-separator fusion-full-width-sep\" style=\"margin-left: auto;margin-right: auto;margin-top:20px;width:100%;\"><\/div><div class=\"fusion-sep-clear\"><\/div><div class=\"fusion-text fusion-text-1\"><p>El SMI\u00ae 120F es una evaporador mec\u00e1nico flotante, dise\u00f1ado espec\u00edficamente para lagunas peque\u00f1as donde el usuario final est\u00e1 preocupado por controlar la deriva de part\u00edculas secas y h\u00famedas. El evaporador 120F es f\u00e1cil de usar y de mantener, construido con materiales de alta calidad para tener a\u00f1os de operaci\u00f3n confiable.<br \/>\n<strong>Baja acumulaci\u00f3n<\/strong><br \/>\nDise\u00f1ado con una m\u00ednima \u00e1rea de superficie superior para controlar la acumulaci\u00f3n de residuos y escamas, ayudando a reducir el limpiados y el mantenimiento!<\/p>\n<p><strong>Alta performance<\/strong><br \/>\nUn ventilador de alta velocidad de rotaci\u00f3n ayuda a crear una \u00f3ptima distribuci\u00f3n de gotitas de agua para su evaporaci\u00f3n. Se podr\u00edan lograr valores de evaporaci\u00f3n anual de hasta el 70% y los promedios t\u00edpicos est\u00e1n entre el 25% y 60% .<\/p>\n<p><strong>Facilidad de mantenimiento<\/strong><br \/>\nLa m\u00e1quina est\u00e1 dise\u00f1ada para una facilidad de limpieza y mantenimiento. No requiere una lubricaci\u00f3n semanal de los rodamientos ya que los mismos est\u00e1n lubricados por la vida del motor. La bomba est\u00e1 equipada un filtro est\u00e1tico que puede ser extra\u00eddo para su limpieza. El encamisado de la bomba est\u00e1 dise\u00f1ado con un orificio para visualizaci\u00f3n y simplificar la tarea de inspecci\u00f3n de la acumulaci\u00f3n de escamas y de obstrucciones de la entrada de la bomba.<\/p>\n<p><strong>Reducci\u00f3n de obstrucciones al m\u00ednimo<\/strong><br \/>\nEl SMI\u00ae 120F permite el paso de part\u00edculas de hasta 3\/16 de pulgada (4,7 mm) en di\u00e1metro lo cual reduce la necesidad del pre filtrado, limpieza de filtros o las complicaciones d las boquillas obstruidas.<\/p>\n<p><strong>Servicio extremo<\/strong><br \/>\nEste dise\u00f1o ha evolucionado de 20 a\u00f1os de experiencia industrial en aplicaciones exteriores extremas. Los pontones de polietileno est\u00e1n llenos de espuma de poliuretano de celda cerrada, asegurando la flotabilidad aun despu\u00e9s de una perforaci\u00f3n accidental de la carcasa exterior. Los componentes cr\u00edticos est\u00e1n construidos de acero inoxidable para una vida \u00fatil extendida bajo condiciones rigurosas. Est\u00e1 disponible un paquete de mejora anticorrosivo con una construcci\u00f3n totalmente en acero inoxidable para aplicaciones con un alto y bajo valor de pH.<\/p>\n<p>\u2217Los reg\u00edmenes de evaporaci\u00f3n dependen de muchos factores incluyendo temperatura ambiente, humedad relativa, componentes del agua y su qu\u00edmica, condiciones del viento , radiaci\u00f3n solar y la topograf\u00eda del lugar.<\/p>\n<\/div><div class=\"fusion-clearfix\"><\/div><\/div><\/div><\/div><\/div>\n","protected":false},"excerpt":{"rendered":"","protected":false},"author":1,"featured_media":0,"parent":6549,"menu_order":0,"comment_status":"closed","ping_status":"closed","template":"side-navigation.php","meta":{"footnotes":""},"class_list":["post-6668","page","type-page","status-publish","hentry"],"yoast_head":"<!-- This site is optimized with the Yoast SEO plugin v26.2 - https:\/\/yoast.com\/wordpress\/plugins\/seo\/ -->\n<title>Evaporadores SMI\u00ae 120F - Telemet<\/title>\n<meta name=\"robots\" content=\"index, follow, max-snippet:-1, max-image-preview:large, max-video-preview:-1\" \/>\n<link rel=\"canonical\" href=\"https:\/\/telemet.com\/es\/smi-evaporative-solutions\/120f-evaporators\/\" \/>\n<meta property=\"og:locale\" content=\"es_ES\" \/>\n<meta property=\"og:type\" content=\"article\" \/>\n<meta property=\"og:title\" content=\"Evaporadores SMI\u00ae 120F - Telemet\" \/>\n<meta property=\"og:url\" content=\"https:\/\/telemet.com\/es\/smi-evaporative-solutions\/120f-evaporators\/\" \/>\n<meta property=\"og:site_name\" content=\"Telemet\" \/>\n<meta property=\"article:modified_time\" content=\"2017-09-06T19:59:33+00:00\" \/>\n<meta name=\"twitter:card\" content=\"summary_large_image\" \/>\n<meta name=\"twitter:label1\" content=\"Tiempo de lectura\" \/>\n\t<meta name=\"twitter:data1\" content=\"4 minutes\" \/>\n<script type=\"application\/ld+json\" class=\"yoast-schema-graph\">{\"@context\":\"https:\/\/schema.org\",\"@graph\":[{\"@type\":\"WebPage\",\"@id\":\"https:\/\/telemet.com\/es\/smi-evaporative-solutions\/120f-evaporators\/\",\"url\":\"https:\/\/telemet.com\/es\/smi-evaporative-solutions\/120f-evaporators\/\",\"name\":\"Evaporadores SMI\u00ae 120F - Telemet\",\"isPartOf\":{\"@id\":\"https:\/\/telemet.com\/es\/#website\"},\"datePublished\":\"2016-08-03T17:15:02+00:00\",\"dateModified\":\"2017-09-06T19:59:33+00:00\",\"breadcrumb\":{\"@id\":\"https:\/\/telemet.com\/es\/smi-evaporative-solutions\/120f-evaporators\/#breadcrumb\"},\"inLanguage\":\"es-ES\",\"potentialAction\":[{\"@type\":\"ReadAction\",\"target\":[\"https:\/\/telemet.com\/es\/smi-evaporative-solutions\/120f-evaporators\/\"]}]},{\"@type\":\"BreadcrumbList\",\"@id\":\"https:\/\/telemet.com\/es\/smi-evaporative-solutions\/120f-evaporators\/#breadcrumb\",\"itemListElement\":[{\"@type\":\"ListItem\",\"position\":1,\"name\":\"Home\",\"item\":\"https:\/\/telemet.com\/es\/\"},{\"@type\":\"ListItem\",\"position\":2,\"name\":\"Soluciones Evaporativas de SMI\",\"item\":\"https:\/\/telemet.com\/es\/smi-evaporative-solutions\/\"},{\"@type\":\"ListItem\",\"position\":3,\"name\":\"Evaporadores SMI\u00ae 120F\"}]},{\"@type\":\"WebSite\",\"@id\":\"https:\/\/telemet.com\/es\/#website\",\"url\":\"https:\/\/telemet.com\/es\/\",\"name\":\"Telemet, Inc.\",\"description\":\"Efficiency through Simplicity\",\"potentialAction\":[{\"@type\":\"SearchAction\",\"target\":{\"@type\":\"EntryPoint\",\"urlTemplate\":\"https:\/\/telemet.com\/es\/?s={search_term_string}\"},\"query-input\":{\"@type\":\"PropertyValueSpecification\",\"valueRequired\":true,\"valueName\":\"search_term_string\"}}],\"inLanguage\":\"es-ES\"}]}<\/script>\n<!-- \/ Yoast SEO plugin. -->","yoast_head_json":{"title":"Evaporadores SMI\u00ae 120F - Telemet","robots":{"index":"index","follow":"follow","max-snippet":"max-snippet:-1","max-image-preview":"max-image-preview:large","max-video-preview":"max-video-preview:-1"},"canonical":"https:\/\/telemet.com\/es\/smi-evaporative-solutions\/120f-evaporators\/","og_locale":"es_ES","og_type":"article","og_title":"Evaporadores SMI\u00ae 120F - Telemet","og_url":"https:\/\/telemet.com\/es\/smi-evaporative-solutions\/120f-evaporators\/","og_site_name":"Telemet","article_modified_time":"2017-09-06T19:59:33+00:00","twitter_card":"summary_large_image","twitter_misc":{"Tiempo de lectura":"4 minutes"},"schema":{"@context":"https:\/\/schema.org","@graph":[{"@type":"WebPage","@id":"https:\/\/telemet.com\/es\/smi-evaporative-solutions\/120f-evaporators\/","url":"https:\/\/telemet.com\/es\/smi-evaporative-solutions\/120f-evaporators\/","name":"Evaporadores SMI\u00ae 120F - Telemet","isPartOf":{"@id":"https:\/\/telemet.com\/es\/#website"},"datePublished":"2016-08-03T17:15:02+00:00","dateModified":"2017-09-06T19:59:33+00:00","breadcrumb":{"@id":"https:\/\/telemet.com\/es\/smi-evaporative-solutions\/120f-evaporators\/#breadcrumb"},"inLanguage":"es-ES","potentialAction":[{"@type":"ReadAction","target":["https:\/\/telemet.com\/es\/smi-evaporative-solutions\/120f-evaporators\/"]}]},{"@type":"BreadcrumbList","@id":"https:\/\/telemet.com\/es\/smi-evaporative-solutions\/120f-evaporators\/#breadcrumb","itemListElement":[{"@type":"ListItem","position":1,"name":"Home","item":"https:\/\/telemet.com\/es\/"},{"@type":"ListItem","position":2,"name":"Soluciones Evaporativas de SMI","item":"https:\/\/telemet.com\/es\/smi-evaporative-solutions\/"},{"@type":"ListItem","position":3,"name":"Evaporadores SMI\u00ae 120F"}]},{"@type":"WebSite","@id":"https:\/\/telemet.com\/es\/#website","url":"https:\/\/telemet.com\/es\/","name":"Telemet, Inc.","description":"Efficiency through Simplicity","potentialAction":[{"@type":"SearchAction","target":{"@type":"EntryPoint","urlTemplate":"https:\/\/telemet.com\/es\/?s={search_term_string}"},"query-input":{"@type":"PropertyValueSpecification","valueRequired":true,"valueName":"search_term_string"}}],"inLanguage":"es-ES"}]}},"_links":{"self":[{"href":"https:\/\/telemet.com\/es\/wp-json\/wp\/v2\/pages\/6668","targetHints":{"allow":["GET"]}}],"collection":[{"href":"https:\/\/telemet.com\/es\/wp-json\/wp\/v2\/pages"}],"about":[{"href":"https:\/\/telemet.com\/es\/wp-json\/wp\/v2\/types\/page"}],"author":[{"embeddable":true,"href":"https:\/\/telemet.com\/es\/wp-json\/wp\/v2\/users\/1"}],"replies":[{"embeddable":true,"href":"https:\/\/telemet.com\/es\/wp-json\/wp\/v2\/comments?post=6668"}],"version-history":[{"count":2,"href":"https:\/\/telemet.com\/es\/wp-json\/wp\/v2\/pages\/6668\/revisions"}],"predecessor-version":[{"id":8404,"href":"https:\/\/telemet.com\/es\/wp-json\/wp\/v2\/pages\/6668\/revisions\/8404"}],"up":[{"embeddable":true,"href":"https:\/\/telemet.com\/es\/wp-json\/wp\/v2\/pages\/6549"}],"wp:attachment":[{"href":"https:\/\/telemet.com\/es\/wp-json\/wp\/v2\/media?parent=6668"}],"curies":[{"name":"wp","href":"https:\/\/api.w.org\/{rel}","templated":true}]}}