{"id":6854,"date":"2016-11-20T17:15:13","date_gmt":"2016-11-20T17:15:26","guid":{"rendered":"http:\/\/telemet.com\/es\/ash-en-light-snow-plough\/"},"modified":"2023-08-18T13:34:12","modified_gmt":"2023-08-18T13:34:12","slug":"ash-en-light-snow-plough","status":"publish","type":"page","link":"https:\/\/telemet.com\/es\/snow-clearance\/ash-en-light-snow-plough\/","title":{"rendered":"Aebi-Schmidt EN cuchilla quitanieves ligera"},"content":{"rendered":"<div class=\"fusion-fullwidth fullwidth-box fusion-builder-row-1 nonhundred-percent-fullwidth non-hundred-percent-height-scrolling\" style=\"--awb-background-position:left top;--awb-border-radius-top-left:0px;--awb-border-radius-top-right:0px;--awb-border-radius-bottom-right:0px;--awb-border-radius-bottom-left:0px;--awb-padding-top:0px;--awb-padding-bottom:20px;--awb-border-sizes-top:0px;--awb-border-sizes-bottom:0px;--awb-flex-wrap:wrap;\" ><div class=\"fusion-builder-row fusion-row\"><div class=\"fusion-layout-column fusion_builder_column fusion-builder-column-0 fusion_builder_column_1_1 1_1 fusion-one-full fusion-column-first fusion-column-last fusion-column-no-min-height\" style=\"--awb-bg-size:cover;--awb-margin-top:0px;--awb-margin-bottom:0px;\"><div class=\"fusion-column-wrapper fusion-flex-column-wrapper-legacy\"><div class=\"fusion-image-element fusion-image-align-center in-legacy-container\" style=\"text-align:center;--awb-caption-title-font-family:var(--h2_typography-font-family);--awb-caption-title-font-weight:var(--h2_typography-font-weight);--awb-caption-title-font-style:var(--h2_typography-font-style);--awb-caption-title-size:var(--h2_typography-font-size);--awb-caption-title-transform:var(--h2_typography-text-transform);--awb-caption-title-line-height:var(--h2_typography-line-height);--awb-caption-title-letter-spacing:var(--h2_typography-letter-spacing);\"><div class=\"imageframe-align-center\"><span class=\" fusion-imageframe imageframe-none imageframe-1 hover-type-none\"><img decoding=\"async\" width=\"800\" height=\"600\" title=\"en-light-shmidt\" src=\"https:\/\/telemet.com\/wp-content\/uploads\/2016\/11\/en-light-shmidt.jpg\" alt class=\"img-responsive wp-image-13915\" srcset=\"https:\/\/telemet.com\/wp-content\/uploads\/2016\/11\/en-light-shmidt-200x150.jpg 200w, https:\/\/telemet.com\/wp-content\/uploads\/2016\/11\/en-light-shmidt-400x300.jpg 400w, https:\/\/telemet.com\/wp-content\/uploads\/2016\/11\/en-light-shmidt-600x450.jpg 600w, https:\/\/telemet.com\/wp-content\/uploads\/2016\/11\/en-light-shmidt.jpg 800w\" sizes=\"(max-width: 800px) 100vw, 800px\" \/><\/span><\/div><\/div><div class=\"fusion-sep-clear\"><\/div><div class=\"fusion-separator fusion-full-width-sep\" style=\"margin-left: auto;margin-right: auto;margin-top:20px;width:100%;\"><\/div><div class=\"fusion-sep-clear\"><\/div><div class=\"fusion-align-block\"><a class=\"fusion-button button-flat button-xlarge button-default fusion-button-default button-1 fusion-button-default-span \" style=\"width:calc(100%);\" target=\"_blank\" rel=\"noopener noreferrer\" title=\"Download Brochure\" aria-label=\"Download Brochure\" href=\"\/wp-content\/uploads\/2016\/11\/LW_EN_en_2013_01.pdf\"><span class=\"fusion-button-text awb-button__text awb-button__text--default\">Download Brochure (PDF)<\/span><i class=\" fa fa-file-pdf-o awb-button__icon awb-button__icon--default button-icon-right\" aria-hidden=\"true\"><\/i><\/a><\/div><div class=\"fusion-sep-clear\"><\/div><div class=\"fusion-separator fusion-full-width-sep\" style=\"margin-left: auto;margin-right: auto;margin-top:20px;width:100%;\"><\/div><div class=\"fusion-sep-clear\"><\/div><div class=\"fusion-clearfix\"><\/div><\/div><\/div><div class=\"fusion-layout-column fusion_builder_column fusion-builder-column-1 fusion_builder_column_1_1 1_1 fusion-one-full fusion-column-first fusion-column-last fusion-column-no-min-height\" style=\"--awb-bg-size:cover;--awb-margin-top:0px;--awb-margin-bottom:0px;\"><div class=\"fusion-column-wrapper fusion-flex-column-wrapper-legacy\"><div class=\"fusion-video fusion-youtube\" style=\"--awb-max-width:800px;--awb-max-height:550px;\"><div class=\"video-shortcode\"><div class=\"fluid-width-video-wrapper\" style=\"padding-top:68.75%;\" ><iframe title=\"YouTube video player 1\" src=\"https:\/\/www.youtube.com\/embed\/vgVCXJQGNwU?wmode=transparent&autoplay=0\" width=\"800\" height=\"550\" allowfullscreen allow=\"autoplay; clipboard-write; encrypted-media; gyroscope; picture-in-picture;\"><\/iframe><\/div><\/div><\/div><div class=\"fusion-sep-clear\"><\/div><div class=\"fusion-separator fusion-full-width-sep\" style=\"margin-left: auto;margin-right: auto;margin-top:20px;width:100%;\"><\/div><div class=\"fusion-sep-clear\"><\/div><div class=\"fusion-text fusion-text-1\"><p>Si est\u00e1 buscando una cuchilla quitanieves ligera que sea a la vez potente y vers\u00e1til para su servicio comunal de invierno acertar\u00e1 plenamente con la nueva EN de Schmidt. Gracias a una forma optimizada de la pala y a un nuevo dise\u00f1o para implementos, esta cuchilla quitanieves est\u00e1 dise\u00f1ada sobre la base de los \u00faltimos conocimientos t\u00e9cnicos, es especialmente eficiente y se adapta de forma \u00f3ptima a todos los veh\u00edculos de v\u00eda estrecha Aebi y a una amplia gama de diferentes tractores de peque\u00f1o tama\u00f1o.<\/p>\n<h3>La nueva EN es extremadamente f\u00e1cil de montar y muy segura de usar.<\/h3>\n<p>Esta nueva cuchilla quitanieves ligera es un dispositivo sencillo, que es f\u00e1cil y r\u00e1pido de colocar gracias a la pieza de conexi\u00f3n ajustable en altura y presenta un uso muy sencillo &#8211; la nueva cuchilla tambi\u00e9n posee un sistema de anulaci\u00f3n autom\u00e1tica, que protege el dispositivo de manera muy eficiente de da\u00f1os a causa de los obst\u00e1culos que puedan aparecer repentinamente. Todo ello garantiza su disponibilidad y evita costes innecesarios.<\/p>\n<h3>Con una nueva forma de la pala &#8211; \u00a1para realizar su trabajo incluso con m\u00e1s eficiencia!<\/h3>\n<p>La cuchilla, que est\u00e1 equipada con una nueva forma de hoja, por lo que trabaja de manera especialmente eficiente, est\u00e1 disponible en dos variantes, cada una con una longitud de pala de corte diferente. La EN 13 mide 1.300 mm, mientras que la EN 15 mide 1.500 mm. La altura de la cuchilla es de 600 mm en ambos casos. Adem\u00e1s, existen diferencias en los valores del peso. La EN 13 pesa unos 100 kg y la EN 15 inclina la balanza en 120 kg \u2013 por tanto, ambas han sido dise\u00f1adas para ser ligeras, de tal forma que los peque\u00f1os tractores no tengan ning\u00fan problema con esta cuchilla.<\/p>\n<h3>Flexible en t\u00e9rminos de equipamiento b\u00e1sico &#8211; y, tambi\u00e9n, en los campos, calles y caminos.<\/h3>\n<p>La cuchilla basculante mec\u00e1nica, que se puede manejar desde la parte posterior y, opcionalmente, un dispositivo giratorio hidr\u00e1ulico, permiten una gran flexibilidad en su uso. La cuchilla posee un \u00e1ngulo de giro m\u00e1ximo de 35 grados a izquierda y a derecha. Adem\u00e1s, permite una inclinaci\u00f3n lateral de +\/- 5 grados Alternativamente, puede seleccionar entre unas ruedas orientables y una placa deslizante ajustable en altura. La pala de la cuchilla est\u00e1 fabricada en acero de alta calidad; como alternativa, se pueden montar cuchillas de corte de acero o pl\u00e1stico &#8211; en funci\u00f3n de las proporciones de subsuelo y nieve.<\/p>\n<h3>Cuchilla quitanieves ligera de Schmidt: \u00a1Calidad, confort y servicio que le sale a cuenta!<\/h3>\n<p>Como opci\u00f3n se pueden suministrar l\u00e1mparas laterales de LED, etiquetas de advertencia y banderas de aviso. Por otra parte, no hay margen cuando se trata de darle un buen servicio, por lo que siempre recibir\u00e1 el mejor asesoramiento en todas las situaciones, sin excepci\u00f3n. \u00a1Estamos a su entera disposici\u00f3n para cualquier consulta!<\/p>\n<\/div><div class=\"fusion-clearfix\"><\/div><\/div><\/div><\/div><\/div>\n","protected":false},"excerpt":{"rendered":"","protected":false},"author":1,"featured_media":0,"parent":6874,"menu_order":0,"comment_status":"closed","ping_status":"closed","template":"side-navigation.php","meta":{"footnotes":""},"class_list":["post-6854","page","type-page","status-publish","hentry"],"yoast_head":"<!-- This site is optimized with the Yoast SEO plugin v26.2 - https:\/\/yoast.com\/wordpress\/plugins\/seo\/ -->\n<title>Aebi-Schmidt EN cuchilla quitanieves ligera - Telemet<\/title>\n<meta name=\"robots\" content=\"index, follow, max-snippet:-1, max-image-preview:large, max-video-preview:-1\" \/>\n<link rel=\"canonical\" href=\"https:\/\/telemet.com\/es\/snow-clearance\/ash-en-light-snow-plough\/\" \/>\n<meta property=\"og:locale\" content=\"es_ES\" \/>\n<meta property=\"og:type\" content=\"article\" \/>\n<meta property=\"og:title\" content=\"Aebi-Schmidt EN cuchilla quitanieves ligera - Telemet\" \/>\n<meta property=\"og:url\" content=\"https:\/\/telemet.com\/es\/snow-clearance\/ash-en-light-snow-plough\/\" \/>\n<meta property=\"og:site_name\" content=\"Telemet\" \/>\n<meta property=\"article:modified_time\" content=\"2023-08-18T13:34:12+00:00\" \/>\n<meta property=\"og:image\" content=\"https:\/\/telemet.com\/wp-content\/uploads\/2016\/11\/en-light-shmidt.jpg\" \/>\n<meta name=\"twitter:card\" content=\"summary_large_image\" \/>\n<meta name=\"twitter:label1\" content=\"Tiempo de lectura\" \/>\n\t<meta name=\"twitter:data1\" content=\"4 minutes\" \/>\n<script type=\"application\/ld+json\" class=\"yoast-schema-graph\">{\"@context\":\"https:\/\/schema.org\",\"@graph\":[{\"@type\":\"WebPage\",\"@id\":\"https:\/\/telemet.com\/es\/snow-clearance\/ash-en-light-snow-plough\/\",\"url\":\"https:\/\/telemet.com\/es\/snow-clearance\/ash-en-light-snow-plough\/\",\"name\":\"Aebi-Schmidt EN cuchilla quitanieves ligera - Telemet\",\"isPartOf\":{\"@id\":\"https:\/\/telemet.com\/es\/#website\"},\"primaryImageOfPage\":{\"@id\":\"https:\/\/telemet.com\/es\/snow-clearance\/ash-en-light-snow-plough\/#primaryimage\"},\"image\":{\"@id\":\"https:\/\/telemet.com\/es\/snow-clearance\/ash-en-light-snow-plough\/#primaryimage\"},\"thumbnailUrl\":\"https:\/\/telemet.com\/wp-content\/uploads\/2016\/11\/en-light-shmidt.jpg\",\"datePublished\":\"2016-11-20T17:15:26+00:00\",\"dateModified\":\"2023-08-18T13:34:12+00:00\",\"breadcrumb\":{\"@id\":\"https:\/\/telemet.com\/es\/snow-clearance\/ash-en-light-snow-plough\/#breadcrumb\"},\"inLanguage\":\"es-ES\",\"potentialAction\":[{\"@type\":\"ReadAction\",\"target\":[\"https:\/\/telemet.com\/es\/snow-clearance\/ash-en-light-snow-plough\/\"]}]},{\"@type\":\"ImageObject\",\"inLanguage\":\"es-ES\",\"@id\":\"https:\/\/telemet.com\/es\/snow-clearance\/ash-en-light-snow-plough\/#primaryimage\",\"url\":\"https:\/\/telemet.com\/wp-content\/uploads\/2016\/11\/en-light-shmidt.jpg\",\"contentUrl\":\"https:\/\/telemet.com\/wp-content\/uploads\/2016\/11\/en-light-shmidt.jpg\"},{\"@type\":\"BreadcrumbList\",\"@id\":\"https:\/\/telemet.com\/es\/snow-clearance\/ash-en-light-snow-plough\/#breadcrumb\",\"itemListElement\":[{\"@type\":\"ListItem\",\"position\":1,\"name\":\"Home\",\"item\":\"https:\/\/telemet.com\/es\/\"},{\"@type\":\"ListItem\",\"position\":2,\"name\":\"Aebi-Schmidt Snow clearance\",\"item\":\"https:\/\/telemet.com\/es\/snow-clearance\/\"},{\"@type\":\"ListItem\",\"position\":3,\"name\":\"Aebi-Schmidt EN cuchilla quitanieves ligera\"}]},{\"@type\":\"WebSite\",\"@id\":\"https:\/\/telemet.com\/es\/#website\",\"url\":\"https:\/\/telemet.com\/es\/\",\"name\":\"Telemet, Inc.\",\"description\":\"Efficiency through Simplicity\",\"potentialAction\":[{\"@type\":\"SearchAction\",\"target\":{\"@type\":\"EntryPoint\",\"urlTemplate\":\"https:\/\/telemet.com\/es\/?s={search_term_string}\"},\"query-input\":{\"@type\":\"PropertyValueSpecification\",\"valueRequired\":true,\"valueName\":\"search_term_string\"}}],\"inLanguage\":\"es-ES\"}]}<\/script>\n<!-- \/ Yoast SEO plugin. -->","yoast_head_json":{"title":"Aebi-Schmidt EN cuchilla quitanieves ligera - Telemet","robots":{"index":"index","follow":"follow","max-snippet":"max-snippet:-1","max-image-preview":"max-image-preview:large","max-video-preview":"max-video-preview:-1"},"canonical":"https:\/\/telemet.com\/es\/snow-clearance\/ash-en-light-snow-plough\/","og_locale":"es_ES","og_type":"article","og_title":"Aebi-Schmidt EN cuchilla quitanieves ligera - Telemet","og_url":"https:\/\/telemet.com\/es\/snow-clearance\/ash-en-light-snow-plough\/","og_site_name":"Telemet","article_modified_time":"2023-08-18T13:34:12+00:00","og_image":[{"url":"https:\/\/telemet.com\/wp-content\/uploads\/2016\/11\/en-light-shmidt.jpg","type":"","width":"","height":""}],"twitter_card":"summary_large_image","twitter_misc":{"Tiempo de lectura":"4 minutes"},"schema":{"@context":"https:\/\/schema.org","@graph":[{"@type":"WebPage","@id":"https:\/\/telemet.com\/es\/snow-clearance\/ash-en-light-snow-plough\/","url":"https:\/\/telemet.com\/es\/snow-clearance\/ash-en-light-snow-plough\/","name":"Aebi-Schmidt EN cuchilla quitanieves ligera - Telemet","isPartOf":{"@id":"https:\/\/telemet.com\/es\/#website"},"primaryImageOfPage":{"@id":"https:\/\/telemet.com\/es\/snow-clearance\/ash-en-light-snow-plough\/#primaryimage"},"image":{"@id":"https:\/\/telemet.com\/es\/snow-clearance\/ash-en-light-snow-plough\/#primaryimage"},"thumbnailUrl":"https:\/\/telemet.com\/wp-content\/uploads\/2016\/11\/en-light-shmidt.jpg","datePublished":"2016-11-20T17:15:26+00:00","dateModified":"2023-08-18T13:34:12+00:00","breadcrumb":{"@id":"https:\/\/telemet.com\/es\/snow-clearance\/ash-en-light-snow-plough\/#breadcrumb"},"inLanguage":"es-ES","potentialAction":[{"@type":"ReadAction","target":["https:\/\/telemet.com\/es\/snow-clearance\/ash-en-light-snow-plough\/"]}]},{"@type":"ImageObject","inLanguage":"es-ES","@id":"https:\/\/telemet.com\/es\/snow-clearance\/ash-en-light-snow-plough\/#primaryimage","url":"https:\/\/telemet.com\/wp-content\/uploads\/2016\/11\/en-light-shmidt.jpg","contentUrl":"https:\/\/telemet.com\/wp-content\/uploads\/2016\/11\/en-light-shmidt.jpg"},{"@type":"BreadcrumbList","@id":"https:\/\/telemet.com\/es\/snow-clearance\/ash-en-light-snow-plough\/#breadcrumb","itemListElement":[{"@type":"ListItem","position":1,"name":"Home","item":"https:\/\/telemet.com\/es\/"},{"@type":"ListItem","position":2,"name":"Aebi-Schmidt Snow clearance","item":"https:\/\/telemet.com\/es\/snow-clearance\/"},{"@type":"ListItem","position":3,"name":"Aebi-Schmidt EN cuchilla quitanieves ligera"}]},{"@type":"WebSite","@id":"https:\/\/telemet.com\/es\/#website","url":"https:\/\/telemet.com\/es\/","name":"Telemet, Inc.","description":"Efficiency through Simplicity","potentialAction":[{"@type":"SearchAction","target":{"@type":"EntryPoint","urlTemplate":"https:\/\/telemet.com\/es\/?s={search_term_string}"},"query-input":{"@type":"PropertyValueSpecification","valueRequired":true,"valueName":"search_term_string"}}],"inLanguage":"es-ES"}]}},"_links":{"self":[{"href":"https:\/\/telemet.com\/es\/wp-json\/wp\/v2\/pages\/6854","targetHints":{"allow":["GET"]}}],"collection":[{"href":"https:\/\/telemet.com\/es\/wp-json\/wp\/v2\/pages"}],"about":[{"href":"https:\/\/telemet.com\/es\/wp-json\/wp\/v2\/types\/page"}],"author":[{"embeddable":true,"href":"https:\/\/telemet.com\/es\/wp-json\/wp\/v2\/users\/1"}],"replies":[{"embeddable":true,"href":"https:\/\/telemet.com\/es\/wp-json\/wp\/v2\/comments?post=6854"}],"version-history":[{"count":6,"href":"https:\/\/telemet.com\/es\/wp-json\/wp\/v2\/pages\/6854\/revisions"}],"predecessor-version":[{"id":13914,"href":"https:\/\/telemet.com\/es\/wp-json\/wp\/v2\/pages\/6854\/revisions\/13914"}],"up":[{"embeddable":true,"href":"https:\/\/telemet.com\/es\/wp-json\/wp\/v2\/pages\/6874"}],"wp:attachment":[{"href":"https:\/\/telemet.com\/es\/wp-json\/wp\/v2\/media?parent=6854"}],"curies":[{"name":"wp","href":"https:\/\/api.w.org\/{rel}","templated":true}]}}