{"id":6862,"date":"2016-11-20T21:06:57","date_gmt":"2016-11-20T21:06:12","guid":{"rendered":"http:\/\/telemet.com\/es\/ash-snp-single-blade-snow-plough\/"},"modified":"2023-08-18T13:41:59","modified_gmt":"2023-08-18T13:41:59","slug":"ash-snp-single-blade-snow-plough","status":"publish","type":"page","link":"https:\/\/telemet.com\/es\/snow-clearance\/ash-snp-single-blade-snow-plough\/","title":{"rendered":"Aebi-Schmidt SNP cuchilla quitanieves de una secci\u00f3n"},"content":{"rendered":"<div class=\"fusion-fullwidth fullwidth-box fusion-builder-row-1 nonhundred-percent-fullwidth non-hundred-percent-height-scrolling\" style=\"--awb-background-position:left top;--awb-border-radius-top-left:0px;--awb-border-radius-top-right:0px;--awb-border-radius-bottom-right:0px;--awb-border-radius-bottom-left:0px;--awb-padding-top:0px;--awb-padding-bottom:20px;--awb-border-sizes-top:0px;--awb-border-sizes-bottom:0px;--awb-flex-wrap:wrap;\" ><div class=\"fusion-builder-row fusion-row\"><div class=\"fusion-layout-column fusion_builder_column fusion-builder-column-0 fusion_builder_column_1_1 1_1 fusion-one-full fusion-column-first fusion-column-last fusion-column-no-min-height\" style=\"--awb-bg-size:cover;--awb-margin-top:0px;--awb-margin-bottom:0px;\"><div class=\"fusion-column-wrapper fusion-flex-column-wrapper-legacy\"><div class=\"fusion-image-element fusion-image-align-center in-legacy-container\" style=\"text-align:center;--awb-caption-title-font-family:var(--h2_typography-font-family);--awb-caption-title-font-weight:var(--h2_typography-font-weight);--awb-caption-title-font-style:var(--h2_typography-font-style);--awb-caption-title-size:var(--h2_typography-font-size);--awb-caption-title-transform:var(--h2_typography-text-transform);--awb-caption-title-line-height:var(--h2_typography-line-height);--awb-caption-title-letter-spacing:var(--h2_typography-letter-spacing);\"><div class=\"imageframe-align-center\"><span class=\" fusion-imageframe imageframe-none imageframe-1 hover-type-none\"><img decoding=\"async\" width=\"700\" height=\"600\" title=\"snp-single-blade\" src=\"https:\/\/telemet.com\/wp-content\/uploads\/2016\/11\/SNP-single-blade.jpg\" alt class=\"img-responsive wp-image-13967\" srcset=\"https:\/\/telemet.com\/wp-content\/uploads\/2016\/11\/SNP-single-blade-200x171.jpg 200w, https:\/\/telemet.com\/wp-content\/uploads\/2016\/11\/SNP-single-blade-400x343.jpg 400w, https:\/\/telemet.com\/wp-content\/uploads\/2016\/11\/SNP-single-blade-600x514.jpg 600w, https:\/\/telemet.com\/wp-content\/uploads\/2016\/11\/SNP-single-blade.jpg 700w\" sizes=\"(max-width: 800px) 100vw, 700px\" \/><\/span><\/div><\/div><div class=\"fusion-sep-clear\"><\/div><div class=\"fusion-separator fusion-full-width-sep\" style=\"margin-left: auto;margin-right: auto;margin-top:20px;width:100%;\"><\/div><div class=\"fusion-sep-clear\"><\/div><div class=\"fusion-align-block\"><a class=\"fusion-button button-flat button-xlarge button-default fusion-button-default button-1 fusion-button-default-span \" style=\"width:calc(100%);\" target=\"_blank\" rel=\"noopener noreferrer\" title=\"Download Brochure\" aria-label=\"Download Brochure\" href=\"\/wp-content\/uploads\/2016\/11\/LW_SNP_EN_2012.pdf\"><span class=\"fusion-button-text awb-button__text awb-button__text--default\">Download Brochure (PDF)<\/span><i class=\" fa fa-file-pdf-o awb-button__icon awb-button__icon--default button-icon-right\" aria-hidden=\"true\"><\/i><\/a><\/div><div class=\"fusion-sep-clear\"><\/div><div class=\"fusion-separator fusion-full-width-sep\" style=\"margin-left: auto;margin-right: auto;margin-top:20px;width:100%;\"><\/div><div class=\"fusion-sep-clear\"><\/div><div class=\"fusion-clearfix\"><\/div><\/div><\/div><div class=\"fusion-layout-column fusion_builder_column fusion-builder-column-1 fusion_builder_column_1_1 1_1 fusion-one-full fusion-column-first fusion-column-last fusion-column-no-min-height\" style=\"--awb-bg-size:cover;--awb-margin-top:0px;--awb-margin-bottom:0px;\"><div class=\"fusion-column-wrapper fusion-flex-column-wrapper-legacy\"><div class=\"fusion-video fusion-youtube\" style=\"--awb-max-width:800px;--awb-max-height:550px;\"><div class=\"video-shortcode\"><div class=\"fluid-width-video-wrapper\" style=\"padding-top:68.75%;\" ><iframe title=\"YouTube video player 1\" src=\"https:\/\/www.youtube.com\/embed\/vgVCXJQGNwU?wmode=transparent&autoplay=0\" width=\"800\" height=\"550\" allowfullscreen allow=\"autoplay; clipboard-write; encrypted-media; gyroscope; picture-in-picture;\"><\/iframe><\/div><\/div><\/div><div class=\"fusion-sep-clear\"><\/div><div class=\"fusion-separator fusion-full-width-sep\" style=\"margin-left: auto;margin-right: auto;margin-top:20px;width:100%;\"><\/div><div class=\"fusion-sep-clear\"><\/div><div class=\"fusion-text fusion-text-1\"><p>Las operaciones de servicio invernales a elevada altitud implican normalmente la eliminaci\u00f3n de nieve h\u00fameda y aguanieve. En lugar de utilizar maquinaria pesada, de elevadas prestaciones, esta tarea requiere m\u00e1quinas robustas que sean f\u00e1ciles de manejar y de arranque r\u00e1pido, con el menor mantenimiento posible y tambi\u00e9n de bajo coste. Un SNP siempre le ofrece la respuesta ideal &#8211; el SNP ofrece un rendimiento de eliminaci\u00f3n de nieve que es tan eficiente en las zonas urbanas como en las carreteras rurales.<br \/>\nLa cuchilla quitanieves ligera de SNP est\u00e1 disponible en dos variantes con una longitud de cuchilla de desgaste de entre 2.700 mm y 3.000 mm. Dependiendo de su tama\u00f1o, el SNP es un implemento adecuado para veh\u00edculos familiares y pickups e, incluso, Unimogs y camiones. Montar y desmontar el implemento lleva solo unos pocos minutos.<\/p>\n<p>Simplemente excelente e indispensable por muchos motivos: Especialmente con nieve h\u00fameda, un SNP demuestra lo que puede llegar a hacer.<br \/>\nLigera y equipada con una pala de pl\u00e1stico, las cuchillas quitanieves de la serie SNP est\u00e1n dise\u00f1adas para operaciones de limpieza a gran altura con bajos niveles de nieve. Estas cuchillas quitanieves muy f\u00e1ciles de manejar son la opci\u00f3n ideal para la eliminaci\u00f3n de aguanieve y residuos de nieve de las carreteras y caminos con la m\u00e1xima eficiencia.<br \/>\nLa pala de la cuchilla autoportante del SNP se encuentra alojada en una estructura de acero que absorbe vibraciones que es a la vez resistente y el\u00e1stica, debido a su dise\u00f1o reforzado diagonalmente. A pesar del dise\u00f1o ligero de la cuchilla, esta construcci\u00f3n se caracteriza por su gran transmisi\u00f3n de potencia, que es indispensable para la eliminaci\u00f3n de nieve h\u00fameda y, por tanto, pesada.<\/p>\n<h3>Con un SNP, podr\u00e1 reducir en costes, pero no en comodidad.<\/h3>\n<p>Ya se trate de levantar, bajar o girar el accesorio, el SNP ofrece una gran flexibilidad y es infinitamente ajustable gracias a su sistema electrohidr\u00e1ulico. Tambi\u00e9n se dispone de una posici\u00f3n flotante integrada que permite que la cuchilla quitanieves se adapte sin problemas a las condiciones del terreno, incluso a velocidades m\u00e1ximas de limpieza de hasta 40 km \/ h (modelo grande).<br \/>\nLa geometr\u00eda coordinada de la cuchilla, el \u00e1ngulo de la cuchilla y de la cuchilla de desgaste, garantiza una proyecci\u00f3n \u00f3ptima de la nieve a eliminar con independencia de su cantidad y consistencia. Habiendo sido dise\u00f1ado espec\u00edficamente para la limpieza de nieve h\u00fameda, la forma de cuchilla cerrada elimina la necesidad de disponer de un deflector de nieve adicional. Por otra parte, el SNP est\u00e1 equipado con cuchillas de desgaste de goma, lo que permite un gran control del ruido. Este modelo cuenta con un sistema de desviaci\u00f3n del resorte de presi\u00f3n. Este sistema permite que la pala evite los obst\u00e1culos, protegiendo la cuchilla de posibles da\u00f1os. Las opciones incluyen: diversas placas de aplicaci\u00f3n, apoyos de aparcamiento con y sin ruedas, indicadores de apoyo, deflectores de bordillo soldados, faros adicionales, luces de posici\u00f3n laterales para la cuchilla, banderas y se\u00f1ales de advertencia, se\u00f1ales de seguridad y mucho m\u00e1s.<\/p>\n<h3>Al buscar una tecnolog\u00eda fiable, tambi\u00e9n encontrar\u00e1 un socio comercial con experiencia global.<\/h3>\n<p>Las cuchillas quitanieves Schmidt son reconocidas y utilizadas en todo el mundo. Proporcionamos a nuestros clientes un apoyo integral adaptado a sus necesidades, desde la consultor\u00eda hasta formaci\u00f3n para el servicio post-venta. \u00a1Quedamos a la espera de sus comentarios!<\/p>\n<\/div><div class=\"fusion-clearfix\"><\/div><\/div><\/div><\/div><\/div>\n","protected":false},"excerpt":{"rendered":"","protected":false},"author":1,"featured_media":0,"parent":6874,"menu_order":1,"comment_status":"closed","ping_status":"closed","template":"side-navigation.php","meta":{"footnotes":""},"class_list":["post-6862","page","type-page","status-publish","hentry"],"yoast_head":"<!-- This site is optimized with the Yoast SEO plugin v26.2 - https:\/\/yoast.com\/wordpress\/plugins\/seo\/ -->\n<title>Aebi-Schmidt SNP cuchilla quitanieves de una secci\u00f3n - Telemet<\/title>\n<meta name=\"robots\" content=\"index, follow, max-snippet:-1, max-image-preview:large, max-video-preview:-1\" \/>\n<link rel=\"canonical\" href=\"https:\/\/telemet.com\/es\/snow-clearance\/ash-snp-single-blade-snow-plough\/\" \/>\n<meta property=\"og:locale\" content=\"es_ES\" \/>\n<meta property=\"og:type\" content=\"article\" \/>\n<meta property=\"og:title\" content=\"Aebi-Schmidt SNP cuchilla quitanieves de una secci\u00f3n - Telemet\" \/>\n<meta property=\"og:url\" content=\"https:\/\/telemet.com\/es\/snow-clearance\/ash-snp-single-blade-snow-plough\/\" \/>\n<meta property=\"og:site_name\" content=\"Telemet\" \/>\n<meta property=\"article:modified_time\" content=\"2023-08-18T13:41:59+00:00\" \/>\n<meta property=\"og:image\" content=\"https:\/\/telemet.com\/wp-content\/uploads\/2016\/11\/SNP-single-blade.jpg\" \/>\n<meta name=\"twitter:card\" content=\"summary_large_image\" \/>\n<meta name=\"twitter:label1\" content=\"Tiempo de lectura\" \/>\n\t<meta name=\"twitter:data1\" content=\"5 minutes\" \/>\n<script type=\"application\/ld+json\" class=\"yoast-schema-graph\">{\"@context\":\"https:\/\/schema.org\",\"@graph\":[{\"@type\":\"WebPage\",\"@id\":\"https:\/\/telemet.com\/es\/snow-clearance\/ash-snp-single-blade-snow-plough\/\",\"url\":\"https:\/\/telemet.com\/es\/snow-clearance\/ash-snp-single-blade-snow-plough\/\",\"name\":\"Aebi-Schmidt SNP cuchilla quitanieves de una secci\u00f3n - Telemet\",\"isPartOf\":{\"@id\":\"https:\/\/telemet.com\/es\/#website\"},\"primaryImageOfPage\":{\"@id\":\"https:\/\/telemet.com\/es\/snow-clearance\/ash-snp-single-blade-snow-plough\/#primaryimage\"},\"image\":{\"@id\":\"https:\/\/telemet.com\/es\/snow-clearance\/ash-snp-single-blade-snow-plough\/#primaryimage\"},\"thumbnailUrl\":\"https:\/\/telemet.com\/wp-content\/uploads\/2016\/11\/SNP-single-blade.jpg\",\"datePublished\":\"2016-11-20T21:06:12+00:00\",\"dateModified\":\"2023-08-18T13:41:59+00:00\",\"breadcrumb\":{\"@id\":\"https:\/\/telemet.com\/es\/snow-clearance\/ash-snp-single-blade-snow-plough\/#breadcrumb\"},\"inLanguage\":\"es-ES\",\"potentialAction\":[{\"@type\":\"ReadAction\",\"target\":[\"https:\/\/telemet.com\/es\/snow-clearance\/ash-snp-single-blade-snow-plough\/\"]}]},{\"@type\":\"ImageObject\",\"inLanguage\":\"es-ES\",\"@id\":\"https:\/\/telemet.com\/es\/snow-clearance\/ash-snp-single-blade-snow-plough\/#primaryimage\",\"url\":\"https:\/\/telemet.com\/wp-content\/uploads\/2016\/11\/SNP-single-blade.jpg\",\"contentUrl\":\"https:\/\/telemet.com\/wp-content\/uploads\/2016\/11\/SNP-single-blade.jpg\"},{\"@type\":\"BreadcrumbList\",\"@id\":\"https:\/\/telemet.com\/es\/snow-clearance\/ash-snp-single-blade-snow-plough\/#breadcrumb\",\"itemListElement\":[{\"@type\":\"ListItem\",\"position\":1,\"name\":\"Home\",\"item\":\"https:\/\/telemet.com\/es\/\"},{\"@type\":\"ListItem\",\"position\":2,\"name\":\"Aebi-Schmidt Snow clearance\",\"item\":\"https:\/\/telemet.com\/es\/snow-clearance\/\"},{\"@type\":\"ListItem\",\"position\":3,\"name\":\"Aebi-Schmidt SNP cuchilla quitanieves de una secci\u00f3n\"}]},{\"@type\":\"WebSite\",\"@id\":\"https:\/\/telemet.com\/es\/#website\",\"url\":\"https:\/\/telemet.com\/es\/\",\"name\":\"Telemet, Inc.\",\"description\":\"Efficiency through Simplicity\",\"potentialAction\":[{\"@type\":\"SearchAction\",\"target\":{\"@type\":\"EntryPoint\",\"urlTemplate\":\"https:\/\/telemet.com\/es\/?s={search_term_string}\"},\"query-input\":{\"@type\":\"PropertyValueSpecification\",\"valueRequired\":true,\"valueName\":\"search_term_string\"}}],\"inLanguage\":\"es-ES\"}]}<\/script>\n<!-- \/ Yoast SEO plugin. -->","yoast_head_json":{"title":"Aebi-Schmidt SNP cuchilla quitanieves de una secci\u00f3n - Telemet","robots":{"index":"index","follow":"follow","max-snippet":"max-snippet:-1","max-image-preview":"max-image-preview:large","max-video-preview":"max-video-preview:-1"},"canonical":"https:\/\/telemet.com\/es\/snow-clearance\/ash-snp-single-blade-snow-plough\/","og_locale":"es_ES","og_type":"article","og_title":"Aebi-Schmidt SNP cuchilla quitanieves de una secci\u00f3n - Telemet","og_url":"https:\/\/telemet.com\/es\/snow-clearance\/ash-snp-single-blade-snow-plough\/","og_site_name":"Telemet","article_modified_time":"2023-08-18T13:41:59+00:00","og_image":[{"url":"https:\/\/telemet.com\/wp-content\/uploads\/2016\/11\/SNP-single-blade.jpg","type":"","width":"","height":""}],"twitter_card":"summary_large_image","twitter_misc":{"Tiempo de lectura":"5 minutes"},"schema":{"@context":"https:\/\/schema.org","@graph":[{"@type":"WebPage","@id":"https:\/\/telemet.com\/es\/snow-clearance\/ash-snp-single-blade-snow-plough\/","url":"https:\/\/telemet.com\/es\/snow-clearance\/ash-snp-single-blade-snow-plough\/","name":"Aebi-Schmidt SNP cuchilla quitanieves de una secci\u00f3n - Telemet","isPartOf":{"@id":"https:\/\/telemet.com\/es\/#website"},"primaryImageOfPage":{"@id":"https:\/\/telemet.com\/es\/snow-clearance\/ash-snp-single-blade-snow-plough\/#primaryimage"},"image":{"@id":"https:\/\/telemet.com\/es\/snow-clearance\/ash-snp-single-blade-snow-plough\/#primaryimage"},"thumbnailUrl":"https:\/\/telemet.com\/wp-content\/uploads\/2016\/11\/SNP-single-blade.jpg","datePublished":"2016-11-20T21:06:12+00:00","dateModified":"2023-08-18T13:41:59+00:00","breadcrumb":{"@id":"https:\/\/telemet.com\/es\/snow-clearance\/ash-snp-single-blade-snow-plough\/#breadcrumb"},"inLanguage":"es-ES","potentialAction":[{"@type":"ReadAction","target":["https:\/\/telemet.com\/es\/snow-clearance\/ash-snp-single-blade-snow-plough\/"]}]},{"@type":"ImageObject","inLanguage":"es-ES","@id":"https:\/\/telemet.com\/es\/snow-clearance\/ash-snp-single-blade-snow-plough\/#primaryimage","url":"https:\/\/telemet.com\/wp-content\/uploads\/2016\/11\/SNP-single-blade.jpg","contentUrl":"https:\/\/telemet.com\/wp-content\/uploads\/2016\/11\/SNP-single-blade.jpg"},{"@type":"BreadcrumbList","@id":"https:\/\/telemet.com\/es\/snow-clearance\/ash-snp-single-blade-snow-plough\/#breadcrumb","itemListElement":[{"@type":"ListItem","position":1,"name":"Home","item":"https:\/\/telemet.com\/es\/"},{"@type":"ListItem","position":2,"name":"Aebi-Schmidt Snow clearance","item":"https:\/\/telemet.com\/es\/snow-clearance\/"},{"@type":"ListItem","position":3,"name":"Aebi-Schmidt SNP cuchilla quitanieves de una secci\u00f3n"}]},{"@type":"WebSite","@id":"https:\/\/telemet.com\/es\/#website","url":"https:\/\/telemet.com\/es\/","name":"Telemet, Inc.","description":"Efficiency through Simplicity","potentialAction":[{"@type":"SearchAction","target":{"@type":"EntryPoint","urlTemplate":"https:\/\/telemet.com\/es\/?s={search_term_string}"},"query-input":{"@type":"PropertyValueSpecification","valueRequired":true,"valueName":"search_term_string"}}],"inLanguage":"es-ES"}]}},"_links":{"self":[{"href":"https:\/\/telemet.com\/es\/wp-json\/wp\/v2\/pages\/6862","targetHints":{"allow":["GET"]}}],"collection":[{"href":"https:\/\/telemet.com\/es\/wp-json\/wp\/v2\/pages"}],"about":[{"href":"https:\/\/telemet.com\/es\/wp-json\/wp\/v2\/types\/page"}],"author":[{"embeddable":true,"href":"https:\/\/telemet.com\/es\/wp-json\/wp\/v2\/users\/1"}],"replies":[{"embeddable":true,"href":"https:\/\/telemet.com\/es\/wp-json\/wp\/v2\/comments?post=6862"}],"version-history":[{"count":6,"href":"https:\/\/telemet.com\/es\/wp-json\/wp\/v2\/pages\/6862\/revisions"}],"predecessor-version":[{"id":13966,"href":"https:\/\/telemet.com\/es\/wp-json\/wp\/v2\/pages\/6862\/revisions\/13966"}],"up":[{"embeddable":true,"href":"https:\/\/telemet.com\/es\/wp-json\/wp\/v2\/pages\/6874"}],"wp:attachment":[{"href":"https:\/\/telemet.com\/es\/wp-json\/wp\/v2\/media?parent=6862"}],"curies":[{"name":"wp","href":"https:\/\/api.w.org\/{rel}","templated":true}]}}