{"id":6881,"date":"2016-11-20T21:42:57","date_gmt":"2016-11-20T21:42:12","guid":{"rendered":"http:\/\/telemet.com\/es\/snow-clearance\/ash-cpl-single-blade-snow-plough\/"},"modified":"2023-08-18T13:43:08","modified_gmt":"2023-08-18T13:43:08","slug":"ash-cpl-single-blade-snow-plough","status":"publish","type":"page","link":"https:\/\/telemet.com\/es\/snow-clearance\/ash-cpl-single-blade-snow-plough\/","title":{"rendered":"Aebi-Schmidt CPL Cuchilla quitanieves de una secci\u00f3n"},"content":{"rendered":"<div class=\"fusion-fullwidth fullwidth-box fusion-builder-row-1 nonhundred-percent-fullwidth non-hundred-percent-height-scrolling\" style=\"--awb-background-position:left top;--awb-border-radius-top-left:0px;--awb-border-radius-top-right:0px;--awb-border-radius-bottom-right:0px;--awb-border-radius-bottom-left:0px;--awb-padding-top:0px;--awb-padding-bottom:20px;--awb-border-sizes-top:0px;--awb-border-sizes-bottom:0px;--awb-flex-wrap:wrap;\" ><div class=\"fusion-builder-row fusion-row\"><div class=\"fusion-layout-column fusion_builder_column fusion-builder-column-0 fusion_builder_column_1_1 1_1 fusion-one-full fusion-column-first fusion-column-last fusion-column-no-min-height\" style=\"--awb-bg-size:cover;--awb-margin-top:0px;--awb-margin-bottom:0px;\"><div class=\"fusion-column-wrapper fusion-flex-column-wrapper-legacy\"><div class=\"fusion-image-element fusion-image-align-center in-legacy-container\" style=\"text-align:center;--awb-caption-title-font-family:var(--h2_typography-font-family);--awb-caption-title-font-weight:var(--h2_typography-font-weight);--awb-caption-title-font-style:var(--h2_typography-font-style);--awb-caption-title-size:var(--h2_typography-font-size);--awb-caption-title-transform:var(--h2_typography-text-transform);--awb-caption-title-line-height:var(--h2_typography-line-height);--awb-caption-title-letter-spacing:var(--h2_typography-letter-spacing);\"><div class=\"imageframe-align-center\"><span class=\" fusion-imageframe imageframe-none imageframe-1 hover-type-none\"><img decoding=\"async\" width=\"1004\" height=\"737\" title=\"cpl-single-blade\" src=\"https:\/\/telemet.com\/wp-content\/uploads\/2016\/11\/CPL-single-blade.gif\" alt class=\"img-responsive wp-image-13988\"\/><\/span><\/div><\/div><div class=\"fusion-align-block\"><a class=\"fusion-button button-flat button-xlarge button-default fusion-button-default button-1 fusion-button-default-span \" style=\"width:calc(100%);\" target=\"_blank\" rel=\"noopener noreferrer\" title=\"Download Brochure\" aria-label=\"Download Brochure\" href=\"\/wp-content\/uploads\/2016\/11\/LL_CPL_EN.pdf\"><span class=\"fusion-button-text awb-button__text awb-button__text--default\">Download Brochure (PDF)<\/span><i class=\" fa fa-file-pdf-o awb-button__icon awb-button__icon--default button-icon-right\" aria-hidden=\"true\"><\/i><\/a><\/div><div class=\"fusion-sep-clear\"><\/div><div class=\"fusion-separator fusion-full-width-sep\" style=\"margin-left: auto;margin-right: auto;margin-top:20px;width:100%;\"><\/div><div class=\"fusion-sep-clear\"><\/div><div class=\"fusion-text fusion-text-1\"><p>https:\/\/youtu.be\/vgVCXJQGNwU<\/p>\n<p>Las cuchillas quitanieves de una sola pala de la serie CPL con el sistema de anulaci\u00f3n CP resultan apropiadas para su montaje en veh\u00edculos utilitarios de v\u00eda estrecha. En virtud de la alta resistencia a la torsi\u00f3n proporcionada por su robusta construcci\u00f3n de la caja, las cuchillas quitanieves CPL resultan muy adecuadas para la limpieza de nieve agresiva de medianas a grandes cantidades de nieve.<\/p>\n<h3>El sistema quitanieves CPL<\/h3>\n<p>El quitanieves CPL se suele utilizar con mayor frecuencia en \u00e1reas municipales, tales como en el interior de las ciudades y aparcamientos, pero igualmente se puede emplear en almacenes de obras o recintos de empresa. Gracias a su dise\u00f1o, tambi\u00e9n resulta adecuado para su montaje en pickups, cuatro por cuatro o carretillas elevadoras.<\/p>\n<h3>Retirada de nieve en todas las condiciones meteorol\u00f3gicas<\/h3>\n<p>El CPL puede adaptarse a la calzada, con independencia de cu\u00e1les sean las condiciones de operaci\u00f3n. Esta capacidad es posible por el sistema de anulaci\u00f3n autom\u00e1tica de la cuchilla, que se mantiene siempre bajo tensi\u00f3n mediante lo grupos de resortes, lo que permite la eliminaci\u00f3n de la nieve de una manera agresiva. El resorte de la cuchilla de desgaste solo retrocede cuando choca con obst\u00e1culos reales, pero la pala de la cuchilla no altera su posici\u00f3n y, por tanto, no sufre ning\u00fan da\u00f1o. Una vez que se ha salvado el obst\u00e1culo del suelo, el resorte vuelve a su lugar como resultado de la presi\u00f3n de los muelles.<\/p>\n<h3>Eyecci\u00f3n \u00f3ptima de la nieve<\/h3>\n<p>El \u00e1ngulo de trabajo del CPL a la izquierda o a la derecha puede variar de manera continua. El resorte cargado de la cuchilla se puede ajustar, por tanto, con precisi\u00f3n y, sobre todo, sin dificultad para el operador, a las necesidades operativas de cualquier lugar o prop\u00f3sito donde se vaya a utilizar esta m\u00e1quina. Resulta adecuada para la limpieza de cualquier tipo de nieve y y a una altitud media. La curvatura de la cuchilla permite una capacidad de eyecci\u00f3n adecuada, incluso, para eliminar grandes cantidades de nieve. El modelo CPL se puede dotar con una cuchilla de desgaste ya sea de acero o de goma. Su mecanismo de elevaci\u00f3n de tres puntos hace que sea posible cambiar el equipo en cuesti\u00f3n de minutos, lo que facilita un despliegue flexible de la flota de veh\u00edculos.<\/p>\n<\/div><div class=\"fusion-clearfix\"><\/div><\/div><\/div><\/div><\/div>\n","protected":false},"excerpt":{"rendered":"","protected":false},"author":1,"featured_media":0,"parent":6874,"menu_order":3,"comment_status":"closed","ping_status":"closed","template":"side-navigation.php","meta":{"footnotes":""},"class_list":["post-6881","page","type-page","status-publish","hentry"],"yoast_head":"<!-- This site is optimized with the Yoast SEO plugin v26.2 - https:\/\/yoast.com\/wordpress\/plugins\/seo\/ -->\n<title>Aebi-Schmidt CPL Cuchilla quitanieves de una secci\u00f3n - Telemet<\/title>\n<meta name=\"robots\" content=\"index, follow, max-snippet:-1, max-image-preview:large, max-video-preview:-1\" \/>\n<link rel=\"canonical\" href=\"https:\/\/telemet.com\/es\/snow-clearance\/ash-cpl-single-blade-snow-plough\/\" \/>\n<meta property=\"og:locale\" content=\"es_ES\" \/>\n<meta property=\"og:type\" content=\"article\" \/>\n<meta property=\"og:title\" content=\"Aebi-Schmidt CPL Cuchilla quitanieves de una secci\u00f3n - Telemet\" \/>\n<meta property=\"og:url\" content=\"https:\/\/telemet.com\/es\/snow-clearance\/ash-cpl-single-blade-snow-plough\/\" \/>\n<meta property=\"og:site_name\" content=\"Telemet\" \/>\n<meta property=\"article:modified_time\" content=\"2023-08-18T13:43:08+00:00\" \/>\n<meta property=\"og:image\" content=\"https:\/\/telemet.com\/wp-content\/uploads\/2016\/11\/CPL-single-blade.gif\" \/>\n<meta name=\"twitter:card\" content=\"summary_large_image\" \/>\n<meta name=\"twitter:label1\" content=\"Tiempo de lectura\" \/>\n\t<meta name=\"twitter:data1\" content=\"3 minutes\" \/>\n<script type=\"application\/ld+json\" class=\"yoast-schema-graph\">{\"@context\":\"https:\/\/schema.org\",\"@graph\":[{\"@type\":\"WebPage\",\"@id\":\"https:\/\/telemet.com\/es\/snow-clearance\/ash-cpl-single-blade-snow-plough\/\",\"url\":\"https:\/\/telemet.com\/es\/snow-clearance\/ash-cpl-single-blade-snow-plough\/\",\"name\":\"Aebi-Schmidt CPL Cuchilla quitanieves de una secci\u00f3n - Telemet\",\"isPartOf\":{\"@id\":\"https:\/\/telemet.com\/es\/#website\"},\"primaryImageOfPage\":{\"@id\":\"https:\/\/telemet.com\/es\/snow-clearance\/ash-cpl-single-blade-snow-plough\/#primaryimage\"},\"image\":{\"@id\":\"https:\/\/telemet.com\/es\/snow-clearance\/ash-cpl-single-blade-snow-plough\/#primaryimage\"},\"thumbnailUrl\":\"https:\/\/telemet.com\/wp-content\/uploads\/2016\/11\/CPL-single-blade.gif\",\"datePublished\":\"2016-11-20T21:42:12+00:00\",\"dateModified\":\"2023-08-18T13:43:08+00:00\",\"breadcrumb\":{\"@id\":\"https:\/\/telemet.com\/es\/snow-clearance\/ash-cpl-single-blade-snow-plough\/#breadcrumb\"},\"inLanguage\":\"es-ES\",\"potentialAction\":[{\"@type\":\"ReadAction\",\"target\":[\"https:\/\/telemet.com\/es\/snow-clearance\/ash-cpl-single-blade-snow-plough\/\"]}]},{\"@type\":\"ImageObject\",\"inLanguage\":\"es-ES\",\"@id\":\"https:\/\/telemet.com\/es\/snow-clearance\/ash-cpl-single-blade-snow-plough\/#primaryimage\",\"url\":\"https:\/\/telemet.com\/wp-content\/uploads\/2016\/11\/CPL-single-blade.gif\",\"contentUrl\":\"https:\/\/telemet.com\/wp-content\/uploads\/2016\/11\/CPL-single-blade.gif\"},{\"@type\":\"BreadcrumbList\",\"@id\":\"https:\/\/telemet.com\/es\/snow-clearance\/ash-cpl-single-blade-snow-plough\/#breadcrumb\",\"itemListElement\":[{\"@type\":\"ListItem\",\"position\":1,\"name\":\"Home\",\"item\":\"https:\/\/telemet.com\/es\/\"},{\"@type\":\"ListItem\",\"position\":2,\"name\":\"Aebi-Schmidt Snow clearance\",\"item\":\"https:\/\/telemet.com\/es\/snow-clearance\/\"},{\"@type\":\"ListItem\",\"position\":3,\"name\":\"Aebi-Schmidt CPL Cuchilla quitanieves de una secci\u00f3n\"}]},{\"@type\":\"WebSite\",\"@id\":\"https:\/\/telemet.com\/es\/#website\",\"url\":\"https:\/\/telemet.com\/es\/\",\"name\":\"Telemet, Inc.\",\"description\":\"Efficiency through Simplicity\",\"potentialAction\":[{\"@type\":\"SearchAction\",\"target\":{\"@type\":\"EntryPoint\",\"urlTemplate\":\"https:\/\/telemet.com\/es\/?s={search_term_string}\"},\"query-input\":{\"@type\":\"PropertyValueSpecification\",\"valueRequired\":true,\"valueName\":\"search_term_string\"}}],\"inLanguage\":\"es-ES\"}]}<\/script>\n<!-- \/ Yoast SEO plugin. -->","yoast_head_json":{"title":"Aebi-Schmidt CPL Cuchilla quitanieves de una secci\u00f3n - Telemet","robots":{"index":"index","follow":"follow","max-snippet":"max-snippet:-1","max-image-preview":"max-image-preview:large","max-video-preview":"max-video-preview:-1"},"canonical":"https:\/\/telemet.com\/es\/snow-clearance\/ash-cpl-single-blade-snow-plough\/","og_locale":"es_ES","og_type":"article","og_title":"Aebi-Schmidt CPL Cuchilla quitanieves de una secci\u00f3n - Telemet","og_url":"https:\/\/telemet.com\/es\/snow-clearance\/ash-cpl-single-blade-snow-plough\/","og_site_name":"Telemet","article_modified_time":"2023-08-18T13:43:08+00:00","og_image":[{"url":"https:\/\/telemet.com\/wp-content\/uploads\/2016\/11\/CPL-single-blade.gif","type":"","width":"","height":""}],"twitter_card":"summary_large_image","twitter_misc":{"Tiempo de lectura":"3 minutes"},"schema":{"@context":"https:\/\/schema.org","@graph":[{"@type":"WebPage","@id":"https:\/\/telemet.com\/es\/snow-clearance\/ash-cpl-single-blade-snow-plough\/","url":"https:\/\/telemet.com\/es\/snow-clearance\/ash-cpl-single-blade-snow-plough\/","name":"Aebi-Schmidt CPL Cuchilla quitanieves de una secci\u00f3n - Telemet","isPartOf":{"@id":"https:\/\/telemet.com\/es\/#website"},"primaryImageOfPage":{"@id":"https:\/\/telemet.com\/es\/snow-clearance\/ash-cpl-single-blade-snow-plough\/#primaryimage"},"image":{"@id":"https:\/\/telemet.com\/es\/snow-clearance\/ash-cpl-single-blade-snow-plough\/#primaryimage"},"thumbnailUrl":"https:\/\/telemet.com\/wp-content\/uploads\/2016\/11\/CPL-single-blade.gif","datePublished":"2016-11-20T21:42:12+00:00","dateModified":"2023-08-18T13:43:08+00:00","breadcrumb":{"@id":"https:\/\/telemet.com\/es\/snow-clearance\/ash-cpl-single-blade-snow-plough\/#breadcrumb"},"inLanguage":"es-ES","potentialAction":[{"@type":"ReadAction","target":["https:\/\/telemet.com\/es\/snow-clearance\/ash-cpl-single-blade-snow-plough\/"]}]},{"@type":"ImageObject","inLanguage":"es-ES","@id":"https:\/\/telemet.com\/es\/snow-clearance\/ash-cpl-single-blade-snow-plough\/#primaryimage","url":"https:\/\/telemet.com\/wp-content\/uploads\/2016\/11\/CPL-single-blade.gif","contentUrl":"https:\/\/telemet.com\/wp-content\/uploads\/2016\/11\/CPL-single-blade.gif"},{"@type":"BreadcrumbList","@id":"https:\/\/telemet.com\/es\/snow-clearance\/ash-cpl-single-blade-snow-plough\/#breadcrumb","itemListElement":[{"@type":"ListItem","position":1,"name":"Home","item":"https:\/\/telemet.com\/es\/"},{"@type":"ListItem","position":2,"name":"Aebi-Schmidt Snow clearance","item":"https:\/\/telemet.com\/es\/snow-clearance\/"},{"@type":"ListItem","position":3,"name":"Aebi-Schmidt CPL Cuchilla quitanieves de una secci\u00f3n"}]},{"@type":"WebSite","@id":"https:\/\/telemet.com\/es\/#website","url":"https:\/\/telemet.com\/es\/","name":"Telemet, Inc.","description":"Efficiency through Simplicity","potentialAction":[{"@type":"SearchAction","target":{"@type":"EntryPoint","urlTemplate":"https:\/\/telemet.com\/es\/?s={search_term_string}"},"query-input":{"@type":"PropertyValueSpecification","valueRequired":true,"valueName":"search_term_string"}}],"inLanguage":"es-ES"}]}},"_links":{"self":[{"href":"https:\/\/telemet.com\/es\/wp-json\/wp\/v2\/pages\/6881","targetHints":{"allow":["GET"]}}],"collection":[{"href":"https:\/\/telemet.com\/es\/wp-json\/wp\/v2\/pages"}],"about":[{"href":"https:\/\/telemet.com\/es\/wp-json\/wp\/v2\/types\/page"}],"author":[{"embeddable":true,"href":"https:\/\/telemet.com\/es\/wp-json\/wp\/v2\/users\/1"}],"replies":[{"embeddable":true,"href":"https:\/\/telemet.com\/es\/wp-json\/wp\/v2\/comments?post=6881"}],"version-history":[{"count":3,"href":"https:\/\/telemet.com\/es\/wp-json\/wp\/v2\/pages\/6881\/revisions"}],"predecessor-version":[{"id":13987,"href":"https:\/\/telemet.com\/es\/wp-json\/wp\/v2\/pages\/6881\/revisions\/13987"}],"up":[{"embeddable":true,"href":"https:\/\/telemet.com\/es\/wp-json\/wp\/v2\/pages\/6874"}],"wp:attachment":[{"href":"https:\/\/telemet.com\/es\/wp-json\/wp\/v2\/media?parent=6881"}],"curies":[{"name":"wp","href":"https:\/\/api.w.org\/{rel}","templated":true}]}}