{"id":6900,"date":"2016-11-20T22:10:57","date_gmt":"2016-11-20T22:10:37","guid":{"rendered":"http:\/\/telemet.com\/es\/snow-clearance\/ash-snksingle-blade-snow-plough\/"},"modified":"2023-08-18T13:44:59","modified_gmt":"2023-08-18T13:44:59","slug":"ash-snksingle-blade-snow-plough","status":"publish","type":"page","link":"https:\/\/telemet.com\/es\/snow-clearance\/ash-snksingle-blade-snow-plough\/","title":{"rendered":"Aebi-Schmidt SNK Cuchilla quitanieves de una secci\u00f3n"},"content":{"rendered":"<div class=\"fusion-fullwidth fullwidth-box fusion-builder-row-1 nonhundred-percent-fullwidth non-hundred-percent-height-scrolling\" style=\"--awb-background-position:left top;--awb-border-radius-top-left:0px;--awb-border-radius-top-right:0px;--awb-border-radius-bottom-right:0px;--awb-border-radius-bottom-left:0px;--awb-padding-top:0px;--awb-padding-bottom:20px;--awb-border-sizes-top:0px;--awb-border-sizes-bottom:0px;--awb-flex-wrap:wrap;\" ><div class=\"fusion-builder-row fusion-row\"><div class=\"fusion-layout-column fusion_builder_column fusion-builder-column-0 fusion_builder_column_1_1 1_1 fusion-one-full fusion-column-first fusion-column-last fusion-column-no-min-height\" style=\"--awb-bg-size:cover;--awb-margin-top:0px;--awb-margin-bottom:0px;\"><div class=\"fusion-column-wrapper fusion-flex-column-wrapper-legacy\"><div class=\"fusion-image-element fusion-image-align-center in-legacy-container\" style=\"text-align:center;--awb-caption-title-font-family:var(--h2_typography-font-family);--awb-caption-title-font-weight:var(--h2_typography-font-weight);--awb-caption-title-font-style:var(--h2_typography-font-style);--awb-caption-title-size:var(--h2_typography-font-size);--awb-caption-title-transform:var(--h2_typography-text-transform);--awb-caption-title-line-height:var(--h2_typography-line-height);--awb-caption-title-letter-spacing:var(--h2_typography-letter-spacing);\"><div class=\"imageframe-align-center\"><span class=\" fusion-imageframe imageframe-none imageframe-1 hover-type-none\"><img decoding=\"async\" width=\"986\" height=\"738\" title=\"snk-single-blade\" src=\"https:\/\/telemet.com\/wp-content\/uploads\/2016\/11\/SNK-single-blade.gif\" alt class=\"img-responsive wp-image-14011\"\/><\/span><\/div><\/div><div class=\"fusion-sep-clear\"><\/div><div class=\"fusion-separator fusion-full-width-sep\" style=\"margin-left: auto;margin-right: auto;margin-top:20px;width:100%;\"><\/div><div class=\"fusion-sep-clear\"><\/div><div class=\"fusion-align-block\"><a class=\"fusion-button button-flat button-xlarge button-default fusion-button-default button-1 fusion-button-default-span \" style=\"width:calc(100%);\" target=\"_blank\" rel=\"noopener noreferrer\" title=\"Download Brochure\" aria-label=\"Download Brochure\" href=\"\/wp-content\/uploads\/2016\/11\/LW_SNK_en_2011.pdf\"><span class=\"fusion-button-text awb-button__text awb-button__text--default\">Download Brochure (PDF)<\/span><i class=\" fa fa-file-pdf-o awb-button__icon awb-button__icon--default button-icon-right\" aria-hidden=\"true\"><\/i><\/a><\/div><div class=\"fusion-sep-clear\"><\/div><div class=\"fusion-separator fusion-full-width-sep\" style=\"margin-left: auto;margin-right: auto;margin-top:20px;width:100%;\"><\/div><div class=\"fusion-sep-clear\"><\/div><div class=\"fusion-clearfix\"><\/div><\/div><\/div><div class=\"fusion-layout-column fusion_builder_column fusion-builder-column-1 fusion_builder_column_1_1 1_1 fusion-one-full fusion-column-first fusion-column-last fusion-column-no-min-height\" style=\"--awb-bg-size:cover;--awb-margin-top:0px;--awb-margin-bottom:0px;\"><div class=\"fusion-column-wrapper fusion-flex-column-wrapper-legacy\"><div class=\"fusion-video fusion-youtube\" style=\"--awb-max-width:800px;--awb-max-height:550px;\"><div class=\"video-shortcode\"><div class=\"fluid-width-video-wrapper\" style=\"padding-top:68.75%;\" ><iframe title=\"YouTube video player 1\" src=\"https:\/\/www.youtube.com\/embed\/vgVCXJQGNwU?wmode=transparent&autoplay=0\" width=\"800\" height=\"550\" allowfullscreen allow=\"autoplay; clipboard-write; encrypted-media; gyroscope; picture-in-picture;\"><\/iframe><\/div><\/div><\/div><div class=\"fusion-sep-clear\"><\/div><div class=\"fusion-separator fusion-full-width-sep\" style=\"margin-left: auto;margin-right: auto;margin-top:20px;width:100%;\"><\/div><div class=\"fusion-sep-clear\"><\/div><div class=\"fusion-text fusion-text-1\"><p>Las cuchillas quitanieves ligeras de la serie SNK est\u00e1n equipadas con palas polim\u00e9ricas y han sido dise\u00f1adas para limpiar cantidades peque\u00f1as de nieve a altitudes m\u00e1s bajas. Son f\u00e1ciles de manejar y est\u00e1n especializadas en la limpieza de la nieve y aguanieve residual.<\/p>\n<h3>F\u00e1cil y compacta<\/h3>\n<p>La serie SNK de cuchillas quitanieves ha sido dise\u00f1ada especialmente para limpiar a bajas altitudes donde la nieve es h\u00fameda y semiderretida. La pala de la cuchilla del modelo SNK est\u00e1 amortiguada contra vibraciones mediante una estructura de acero reforzada diagonalmente. Esto la convierte en una m\u00e1quina quitanieves ligera pero estable. La forma de la cuchilla autocontenida, que fue dise\u00f1ada espec\u00edficamente para la limpieza de nieve h\u00fameda, elimina la necesidad de un protector adicional para nieve en polvo.<\/p>\n<h3>Ciudad y campo<\/h3>\n<p>Gracias a su cuchilla inoxidable y de bajo mantenimiento, el modelo de quitanieves ligero SNK completa de manera eficiente sus tareas de limpieza tanto en el centro de la ciudad como en caminos rurales. Se puede ajustar con facilidad y de manera continua a ambos lados. La geometr\u00eda coordinada de la pala, el \u00e1ngulo de la cuchilla y del borde de salida, garantizan una proyecci\u00f3n \u00f3ptima de la nieve con independencia de su cantidad y consistencia.<\/p>\n<h3>R\u00e1pido y flexible<\/h3>\n<p>La cuchilla quitanieves ligera SNK se presenta en distintas opciones con cuchillas de desgaste entre 1800 mm y 3000 mm. Dependiendo del tama\u00f1o, resulta apropiado para su montaje en veh\u00edculos de v\u00eda estrecha, furgonetas y pickups, as\u00ed como, Unimogs y camiones de gran tama\u00f1o. El montaje y desmontaje se puede realizar en pocos minutos. La gama completa de SNK est\u00e1 equipada con un sistema de desviaci\u00f3n adaptado a cada uno de los tama\u00f1os posibles. Las tres versiones m\u00e1s peque\u00f1as utilizan un brazo telesc\u00f3pico y un muelle de retenci\u00f3n para proteger la cuchilla de pol\u00edmero de los da\u00f1os causados por los obst\u00e1culos de la superficie. Los cuatro quitanieves de mayor tama\u00f1o del modelo SNK est\u00e1n provistos de un sistema de muelle cargado.<\/p>\n<\/div><div class=\"fusion-clearfix\"><\/div><\/div><\/div><\/div><\/div>\n","protected":false},"excerpt":{"rendered":"","protected":false},"author":1,"featured_media":0,"parent":6874,"menu_order":5,"comment_status":"closed","ping_status":"closed","template":"side-navigation.php","meta":{"footnotes":""},"class_list":["post-6900","page","type-page","status-publish","hentry"],"yoast_head":"<!-- This site is optimized with the Yoast SEO plugin v26.2 - https:\/\/yoast.com\/wordpress\/plugins\/seo\/ -->\n<title>Aebi-Schmidt SNK Cuchilla quitanieves de una secci\u00f3n - Telemet<\/title>\n<meta name=\"robots\" content=\"index, follow, max-snippet:-1, max-image-preview:large, max-video-preview:-1\" \/>\n<link rel=\"canonical\" href=\"https:\/\/telemet.com\/es\/snow-clearance\/ash-snksingle-blade-snow-plough\/\" \/>\n<meta property=\"og:locale\" content=\"es_ES\" \/>\n<meta property=\"og:type\" content=\"article\" \/>\n<meta property=\"og:title\" content=\"Aebi-Schmidt SNK Cuchilla quitanieves de una secci\u00f3n - Telemet\" \/>\n<meta property=\"og:url\" content=\"https:\/\/telemet.com\/es\/snow-clearance\/ash-snksingle-blade-snow-plough\/\" \/>\n<meta property=\"og:site_name\" content=\"Telemet\" \/>\n<meta property=\"article:modified_time\" content=\"2023-08-18T13:44:59+00:00\" \/>\n<meta property=\"og:image\" content=\"https:\/\/telemet.com\/wp-content\/uploads\/2016\/11\/SNK-single-blade.gif\" \/>\n<meta name=\"twitter:card\" content=\"summary_large_image\" \/>\n<meta name=\"twitter:label1\" content=\"Tiempo de lectura\" \/>\n\t<meta name=\"twitter:data1\" content=\"4 minutes\" \/>\n<script type=\"application\/ld+json\" class=\"yoast-schema-graph\">{\"@context\":\"https:\/\/schema.org\",\"@graph\":[{\"@type\":\"WebPage\",\"@id\":\"https:\/\/telemet.com\/es\/snow-clearance\/ash-snksingle-blade-snow-plough\/\",\"url\":\"https:\/\/telemet.com\/es\/snow-clearance\/ash-snksingle-blade-snow-plough\/\",\"name\":\"Aebi-Schmidt SNK Cuchilla quitanieves de una secci\u00f3n - Telemet\",\"isPartOf\":{\"@id\":\"https:\/\/telemet.com\/es\/#website\"},\"primaryImageOfPage\":{\"@id\":\"https:\/\/telemet.com\/es\/snow-clearance\/ash-snksingle-blade-snow-plough\/#primaryimage\"},\"image\":{\"@id\":\"https:\/\/telemet.com\/es\/snow-clearance\/ash-snksingle-blade-snow-plough\/#primaryimage\"},\"thumbnailUrl\":\"https:\/\/telemet.com\/wp-content\/uploads\/2016\/11\/SNK-single-blade.gif\",\"datePublished\":\"2016-11-20T22:10:37+00:00\",\"dateModified\":\"2023-08-18T13:44:59+00:00\",\"breadcrumb\":{\"@id\":\"https:\/\/telemet.com\/es\/snow-clearance\/ash-snksingle-blade-snow-plough\/#breadcrumb\"},\"inLanguage\":\"es-ES\",\"potentialAction\":[{\"@type\":\"ReadAction\",\"target\":[\"https:\/\/telemet.com\/es\/snow-clearance\/ash-snksingle-blade-snow-plough\/\"]}]},{\"@type\":\"ImageObject\",\"inLanguage\":\"es-ES\",\"@id\":\"https:\/\/telemet.com\/es\/snow-clearance\/ash-snksingle-blade-snow-plough\/#primaryimage\",\"url\":\"https:\/\/telemet.com\/wp-content\/uploads\/2016\/11\/SNK-single-blade.gif\",\"contentUrl\":\"https:\/\/telemet.com\/wp-content\/uploads\/2016\/11\/SNK-single-blade.gif\"},{\"@type\":\"BreadcrumbList\",\"@id\":\"https:\/\/telemet.com\/es\/snow-clearance\/ash-snksingle-blade-snow-plough\/#breadcrumb\",\"itemListElement\":[{\"@type\":\"ListItem\",\"position\":1,\"name\":\"Home\",\"item\":\"https:\/\/telemet.com\/es\/\"},{\"@type\":\"ListItem\",\"position\":2,\"name\":\"Aebi-Schmidt Snow clearance\",\"item\":\"https:\/\/telemet.com\/es\/snow-clearance\/\"},{\"@type\":\"ListItem\",\"position\":3,\"name\":\"Aebi-Schmidt SNK Cuchilla quitanieves de una secci\u00f3n\"}]},{\"@type\":\"WebSite\",\"@id\":\"https:\/\/telemet.com\/es\/#website\",\"url\":\"https:\/\/telemet.com\/es\/\",\"name\":\"Telemet, Inc.\",\"description\":\"Efficiency through Simplicity\",\"potentialAction\":[{\"@type\":\"SearchAction\",\"target\":{\"@type\":\"EntryPoint\",\"urlTemplate\":\"https:\/\/telemet.com\/es\/?s={search_term_string}\"},\"query-input\":{\"@type\":\"PropertyValueSpecification\",\"valueRequired\":true,\"valueName\":\"search_term_string\"}}],\"inLanguage\":\"es-ES\"}]}<\/script>\n<!-- \/ Yoast SEO plugin. -->","yoast_head_json":{"title":"Aebi-Schmidt SNK Cuchilla quitanieves de una secci\u00f3n - Telemet","robots":{"index":"index","follow":"follow","max-snippet":"max-snippet:-1","max-image-preview":"max-image-preview:large","max-video-preview":"max-video-preview:-1"},"canonical":"https:\/\/telemet.com\/es\/snow-clearance\/ash-snksingle-blade-snow-plough\/","og_locale":"es_ES","og_type":"article","og_title":"Aebi-Schmidt SNK Cuchilla quitanieves de una secci\u00f3n - Telemet","og_url":"https:\/\/telemet.com\/es\/snow-clearance\/ash-snksingle-blade-snow-plough\/","og_site_name":"Telemet","article_modified_time":"2023-08-18T13:44:59+00:00","og_image":[{"url":"https:\/\/telemet.com\/wp-content\/uploads\/2016\/11\/SNK-single-blade.gif","type":"","width":"","height":""}],"twitter_card":"summary_large_image","twitter_misc":{"Tiempo de lectura":"4 minutes"},"schema":{"@context":"https:\/\/schema.org","@graph":[{"@type":"WebPage","@id":"https:\/\/telemet.com\/es\/snow-clearance\/ash-snksingle-blade-snow-plough\/","url":"https:\/\/telemet.com\/es\/snow-clearance\/ash-snksingle-blade-snow-plough\/","name":"Aebi-Schmidt SNK Cuchilla quitanieves de una secci\u00f3n - Telemet","isPartOf":{"@id":"https:\/\/telemet.com\/es\/#website"},"primaryImageOfPage":{"@id":"https:\/\/telemet.com\/es\/snow-clearance\/ash-snksingle-blade-snow-plough\/#primaryimage"},"image":{"@id":"https:\/\/telemet.com\/es\/snow-clearance\/ash-snksingle-blade-snow-plough\/#primaryimage"},"thumbnailUrl":"https:\/\/telemet.com\/wp-content\/uploads\/2016\/11\/SNK-single-blade.gif","datePublished":"2016-11-20T22:10:37+00:00","dateModified":"2023-08-18T13:44:59+00:00","breadcrumb":{"@id":"https:\/\/telemet.com\/es\/snow-clearance\/ash-snksingle-blade-snow-plough\/#breadcrumb"},"inLanguage":"es-ES","potentialAction":[{"@type":"ReadAction","target":["https:\/\/telemet.com\/es\/snow-clearance\/ash-snksingle-blade-snow-plough\/"]}]},{"@type":"ImageObject","inLanguage":"es-ES","@id":"https:\/\/telemet.com\/es\/snow-clearance\/ash-snksingle-blade-snow-plough\/#primaryimage","url":"https:\/\/telemet.com\/wp-content\/uploads\/2016\/11\/SNK-single-blade.gif","contentUrl":"https:\/\/telemet.com\/wp-content\/uploads\/2016\/11\/SNK-single-blade.gif"},{"@type":"BreadcrumbList","@id":"https:\/\/telemet.com\/es\/snow-clearance\/ash-snksingle-blade-snow-plough\/#breadcrumb","itemListElement":[{"@type":"ListItem","position":1,"name":"Home","item":"https:\/\/telemet.com\/es\/"},{"@type":"ListItem","position":2,"name":"Aebi-Schmidt Snow clearance","item":"https:\/\/telemet.com\/es\/snow-clearance\/"},{"@type":"ListItem","position":3,"name":"Aebi-Schmidt SNK Cuchilla quitanieves de una secci\u00f3n"}]},{"@type":"WebSite","@id":"https:\/\/telemet.com\/es\/#website","url":"https:\/\/telemet.com\/es\/","name":"Telemet, Inc.","description":"Efficiency through Simplicity","potentialAction":[{"@type":"SearchAction","target":{"@type":"EntryPoint","urlTemplate":"https:\/\/telemet.com\/es\/?s={search_term_string}"},"query-input":{"@type":"PropertyValueSpecification","valueRequired":true,"valueName":"search_term_string"}}],"inLanguage":"es-ES"}]}},"_links":{"self":[{"href":"https:\/\/telemet.com\/es\/wp-json\/wp\/v2\/pages\/6900","targetHints":{"allow":["GET"]}}],"collection":[{"href":"https:\/\/telemet.com\/es\/wp-json\/wp\/v2\/pages"}],"about":[{"href":"https:\/\/telemet.com\/es\/wp-json\/wp\/v2\/types\/page"}],"author":[{"embeddable":true,"href":"https:\/\/telemet.com\/es\/wp-json\/wp\/v2\/users\/1"}],"replies":[{"embeddable":true,"href":"https:\/\/telemet.com\/es\/wp-json\/wp\/v2\/comments?post=6900"}],"version-history":[{"count":5,"href":"https:\/\/telemet.com\/es\/wp-json\/wp\/v2\/pages\/6900\/revisions"}],"predecessor-version":[{"id":14009,"href":"https:\/\/telemet.com\/es\/wp-json\/wp\/v2\/pages\/6900\/revisions\/14009"}],"up":[{"embeddable":true,"href":"https:\/\/telemet.com\/es\/wp-json\/wp\/v2\/pages\/6874"}],"wp:attachment":[{"href":"https:\/\/telemet.com\/es\/wp-json\/wp\/v2\/media?parent=6900"}],"curies":[{"name":"wp","href":"https:\/\/api.w.org\/{rel}","templated":true}]}}