{"id":6910,"date":"2016-11-20T22:23:13","date_gmt":"2016-11-20T22:23:23","guid":{"rendered":"http:\/\/telemet.com\/es\/snow-clearance\/ash-mpc-s-snow-plough-for-narrow-track-vehicles\/"},"modified":"2023-08-18T13:35:04","modified_gmt":"2023-08-18T13:35:04","slug":"ash-mpc-s-snow-plough-for-narrow-track-vehicles","status":"publish","type":"page","link":"https:\/\/telemet.com\/es\/snow-clearance\/ash-mpc-s-snow-plough-for-narrow-track-vehicles\/","title":{"rendered":"Aebi-Schmidt MPC-S Cuchilla quitanieves para veh\u00edculos de v\u00eda estrecha"},"content":{"rendered":"<div class=\"fusion-fullwidth fullwidth-box fusion-builder-row-1 nonhundred-percent-fullwidth non-hundred-percent-height-scrolling\" style=\"--awb-background-position:left top;--awb-border-radius-top-left:0px;--awb-border-radius-top-right:0px;--awb-border-radius-bottom-right:0px;--awb-border-radius-bottom-left:0px;--awb-padding-top:0px;--awb-padding-bottom:20px;--awb-border-sizes-top:0px;--awb-border-sizes-bottom:0px;--awb-flex-wrap:wrap;\" ><div class=\"fusion-builder-row fusion-row\"><div class=\"fusion-layout-column fusion_builder_column fusion-builder-column-0 fusion_builder_column_1_1 1_1 fusion-one-full fusion-column-first fusion-column-last fusion-column-no-min-height\" style=\"--awb-bg-size:cover;--awb-margin-top:0px;--awb-margin-bottom:0px;\"><div class=\"fusion-column-wrapper fusion-flex-column-wrapper-legacy\"><div class=\"fusion-image-element fusion-image-align-center in-legacy-container\" style=\"text-align:center;--awb-caption-title-font-family:var(--h2_typography-font-family);--awb-caption-title-font-weight:var(--h2_typography-font-weight);--awb-caption-title-font-style:var(--h2_typography-font-style);--awb-caption-title-size:var(--h2_typography-font-size);--awb-caption-title-transform:var(--h2_typography-text-transform);--awb-caption-title-line-height:var(--h2_typography-line-height);--awb-caption-title-letter-spacing:var(--h2_typography-letter-spacing);\"><div class=\"imageframe-align-center\"><span class=\" fusion-imageframe imageframe-none imageframe-1 hover-type-none\"><img decoding=\"async\" width=\"900\" height=\"599\" title=\"aebi_mt750_mpc_s26_syntos\" src=\"https:\/\/telemet.com\/wp-content\/uploads\/2016\/11\/Aebi_MT750_MPC_S26_Syntos.jpg\" alt class=\"img-responsive wp-image-13849\" srcset=\"https:\/\/telemet.com\/wp-content\/uploads\/2016\/11\/Aebi_MT750_MPC_S26_Syntos-200x133.jpg 200w, https:\/\/telemet.com\/wp-content\/uploads\/2016\/11\/Aebi_MT750_MPC_S26_Syntos-400x266.jpg 400w, https:\/\/telemet.com\/wp-content\/uploads\/2016\/11\/Aebi_MT750_MPC_S26_Syntos-600x399.jpg 600w, https:\/\/telemet.com\/wp-content\/uploads\/2016\/11\/Aebi_MT750_MPC_S26_Syntos-800x532.jpg 800w, https:\/\/telemet.com\/wp-content\/uploads\/2016\/11\/Aebi_MT750_MPC_S26_Syntos.jpg 900w\" sizes=\"(max-width: 800px) 100vw, 900px\" \/><\/span><\/div><\/div><div class=\"fusion-sep-clear\"><\/div><div class=\"fusion-separator fusion-full-width-sep\" style=\"margin-left: auto;margin-right: auto;margin-top:20px;width:100%;\"><\/div><div class=\"fusion-sep-clear\"><\/div><div class=\"fusion-align-block\"><a class=\"fusion-button button-flat button-xlarge button-default fusion-button-default button-1 fusion-button-default-span \" style=\"width:calc(100%);\" target=\"_blank\" rel=\"noopener noreferrer\" title=\"Download Brochure\" aria-label=\"Download Brochure\" href=\"\/wp-content\/uploads\/2016\/11\/LW_MPC_S_EN_2014.pdf\"><span class=\"fusion-button-text awb-button__text awb-button__text--default\">Download Brochure (PDF)<\/span><i class=\" fa fa-file-pdf-o awb-button__icon awb-button__icon--default button-icon-right\" aria-hidden=\"true\"><\/i><\/a><\/div><div class=\"fusion-sep-clear\"><\/div><div class=\"fusion-separator fusion-full-width-sep\" style=\"margin-left: auto;margin-right: auto;margin-top:20px;width:100%;\"><\/div><div class=\"fusion-sep-clear\"><\/div><div class=\"fusion-text fusion-text-1\"><p>La cuchilla quitanieves de una pala, modelo MPC-P de Schmidt resulta adecuada para los veh\u00edculos de transporte de v\u00eda estrecha con placa de montaje VSS-B.<br \/>\nUnos refuerzos robustos de la cuchilla permiten la eliminaci\u00f3n segura de grandes cantidades de nieve.<br \/>\nEl sistema autom\u00e1tico de eyecci\u00f3n con dos segmentos y el \u00e1ngulo de la pala de 45 \u00b0 permiten una limpieza agresiva de la nieve, as\u00ed como la superaci\u00f3n segura de los obst\u00e1culos de la calzada sin que la cuchilla quitanieves sufra da\u00f1os.<br \/>\nEl empleo de componentes de elevada calidad, hacen que los productos Schmidt tengan una excelente relaci\u00f3n calidad\/precio para sus tareas invernales.<\/p>\n<\/div><div class=\"fusion-clearfix\"><\/div><\/div><\/div><\/div><\/div>\n","protected":false},"excerpt":{"rendered":"","protected":false},"author":1,"featured_media":0,"parent":6874,"menu_order":6,"comment_status":"closed","ping_status":"closed","template":"side-navigation.php","meta":{"footnotes":""},"class_list":["post-6910","page","type-page","status-publish","hentry"],"yoast_head":"<!-- This site is optimized with the Yoast SEO plugin v26.2 - https:\/\/yoast.com\/wordpress\/plugins\/seo\/ -->\n<title>Aebi-Schmidt MPC-S Cuchilla quitanieves para veh\u00edculos de v\u00eda estrecha - Telemet<\/title>\n<meta name=\"robots\" content=\"index, follow, max-snippet:-1, max-image-preview:large, max-video-preview:-1\" \/>\n<link rel=\"canonical\" href=\"https:\/\/telemet.com\/es\/snow-clearance\/ash-mpc-s-snow-plough-for-narrow-track-vehicles\/\" \/>\n<meta property=\"og:locale\" content=\"es_ES\" \/>\n<meta property=\"og:type\" content=\"article\" \/>\n<meta property=\"og:title\" content=\"Aebi-Schmidt MPC-S Cuchilla quitanieves para veh\u00edculos de v\u00eda estrecha - Telemet\" \/>\n<meta property=\"og:url\" content=\"https:\/\/telemet.com\/es\/snow-clearance\/ash-mpc-s-snow-plough-for-narrow-track-vehicles\/\" \/>\n<meta property=\"og:site_name\" content=\"Telemet\" \/>\n<meta property=\"article:modified_time\" content=\"2023-08-18T13:35:04+00:00\" \/>\n<meta property=\"og:image\" content=\"https:\/\/telemet.com\/wp-content\/uploads\/2016\/11\/Aebi_MT750_MPC_S26_Syntos.jpg\" \/>\n<meta name=\"twitter:card\" content=\"summary_large_image\" \/>\n<meta name=\"twitter:label1\" content=\"Tiempo de lectura\" \/>\n\t<meta name=\"twitter:data1\" content=\"2 minutes\" \/>\n<script type=\"application\/ld+json\" class=\"yoast-schema-graph\">{\"@context\":\"https:\/\/schema.org\",\"@graph\":[{\"@type\":\"WebPage\",\"@id\":\"https:\/\/telemet.com\/es\/snow-clearance\/ash-mpc-s-snow-plough-for-narrow-track-vehicles\/\",\"url\":\"https:\/\/telemet.com\/es\/snow-clearance\/ash-mpc-s-snow-plough-for-narrow-track-vehicles\/\",\"name\":\"Aebi-Schmidt MPC-S Cuchilla quitanieves para veh\u00edculos de v\u00eda estrecha - Telemet\",\"isPartOf\":{\"@id\":\"https:\/\/telemet.com\/es\/#website\"},\"primaryImageOfPage\":{\"@id\":\"https:\/\/telemet.com\/es\/snow-clearance\/ash-mpc-s-snow-plough-for-narrow-track-vehicles\/#primaryimage\"},\"image\":{\"@id\":\"https:\/\/telemet.com\/es\/snow-clearance\/ash-mpc-s-snow-plough-for-narrow-track-vehicles\/#primaryimage\"},\"thumbnailUrl\":\"https:\/\/telemet.com\/wp-content\/uploads\/2016\/11\/Aebi_MT750_MPC_S26_Syntos.jpg\",\"datePublished\":\"2016-11-20T22:23:23+00:00\",\"dateModified\":\"2023-08-18T13:35:04+00:00\",\"breadcrumb\":{\"@id\":\"https:\/\/telemet.com\/es\/snow-clearance\/ash-mpc-s-snow-plough-for-narrow-track-vehicles\/#breadcrumb\"},\"inLanguage\":\"es-ES\",\"potentialAction\":[{\"@type\":\"ReadAction\",\"target\":[\"https:\/\/telemet.com\/es\/snow-clearance\/ash-mpc-s-snow-plough-for-narrow-track-vehicles\/\"]}]},{\"@type\":\"ImageObject\",\"inLanguage\":\"es-ES\",\"@id\":\"https:\/\/telemet.com\/es\/snow-clearance\/ash-mpc-s-snow-plough-for-narrow-track-vehicles\/#primaryimage\",\"url\":\"https:\/\/telemet.com\/wp-content\/uploads\/2016\/11\/Aebi_MT750_MPC_S26_Syntos.jpg\",\"contentUrl\":\"https:\/\/telemet.com\/wp-content\/uploads\/2016\/11\/Aebi_MT750_MPC_S26_Syntos.jpg\"},{\"@type\":\"BreadcrumbList\",\"@id\":\"https:\/\/telemet.com\/es\/snow-clearance\/ash-mpc-s-snow-plough-for-narrow-track-vehicles\/#breadcrumb\",\"itemListElement\":[{\"@type\":\"ListItem\",\"position\":1,\"name\":\"Home\",\"item\":\"https:\/\/telemet.com\/es\/\"},{\"@type\":\"ListItem\",\"position\":2,\"name\":\"Aebi-Schmidt Snow clearance\",\"item\":\"https:\/\/telemet.com\/es\/snow-clearance\/\"},{\"@type\":\"ListItem\",\"position\":3,\"name\":\"Aebi-Schmidt MPC-S Cuchilla quitanieves para veh\u00edculos de v\u00eda estrecha\"}]},{\"@type\":\"WebSite\",\"@id\":\"https:\/\/telemet.com\/es\/#website\",\"url\":\"https:\/\/telemet.com\/es\/\",\"name\":\"Telemet, Inc.\",\"description\":\"Efficiency through Simplicity\",\"potentialAction\":[{\"@type\":\"SearchAction\",\"target\":{\"@type\":\"EntryPoint\",\"urlTemplate\":\"https:\/\/telemet.com\/es\/?s={search_term_string}\"},\"query-input\":{\"@type\":\"PropertyValueSpecification\",\"valueRequired\":true,\"valueName\":\"search_term_string\"}}],\"inLanguage\":\"es-ES\"}]}<\/script>\n<!-- \/ Yoast SEO plugin. -->","yoast_head_json":{"title":"Aebi-Schmidt MPC-S Cuchilla quitanieves para veh\u00edculos de v\u00eda estrecha - Telemet","robots":{"index":"index","follow":"follow","max-snippet":"max-snippet:-1","max-image-preview":"max-image-preview:large","max-video-preview":"max-video-preview:-1"},"canonical":"https:\/\/telemet.com\/es\/snow-clearance\/ash-mpc-s-snow-plough-for-narrow-track-vehicles\/","og_locale":"es_ES","og_type":"article","og_title":"Aebi-Schmidt MPC-S Cuchilla quitanieves para veh\u00edculos de v\u00eda estrecha - Telemet","og_url":"https:\/\/telemet.com\/es\/snow-clearance\/ash-mpc-s-snow-plough-for-narrow-track-vehicles\/","og_site_name":"Telemet","article_modified_time":"2023-08-18T13:35:04+00:00","og_image":[{"url":"https:\/\/telemet.com\/wp-content\/uploads\/2016\/11\/Aebi_MT750_MPC_S26_Syntos.jpg","type":"","width":"","height":""}],"twitter_card":"summary_large_image","twitter_misc":{"Tiempo de lectura":"2 minutes"},"schema":{"@context":"https:\/\/schema.org","@graph":[{"@type":"WebPage","@id":"https:\/\/telemet.com\/es\/snow-clearance\/ash-mpc-s-snow-plough-for-narrow-track-vehicles\/","url":"https:\/\/telemet.com\/es\/snow-clearance\/ash-mpc-s-snow-plough-for-narrow-track-vehicles\/","name":"Aebi-Schmidt MPC-S Cuchilla quitanieves para veh\u00edculos de v\u00eda estrecha - Telemet","isPartOf":{"@id":"https:\/\/telemet.com\/es\/#website"},"primaryImageOfPage":{"@id":"https:\/\/telemet.com\/es\/snow-clearance\/ash-mpc-s-snow-plough-for-narrow-track-vehicles\/#primaryimage"},"image":{"@id":"https:\/\/telemet.com\/es\/snow-clearance\/ash-mpc-s-snow-plough-for-narrow-track-vehicles\/#primaryimage"},"thumbnailUrl":"https:\/\/telemet.com\/wp-content\/uploads\/2016\/11\/Aebi_MT750_MPC_S26_Syntos.jpg","datePublished":"2016-11-20T22:23:23+00:00","dateModified":"2023-08-18T13:35:04+00:00","breadcrumb":{"@id":"https:\/\/telemet.com\/es\/snow-clearance\/ash-mpc-s-snow-plough-for-narrow-track-vehicles\/#breadcrumb"},"inLanguage":"es-ES","potentialAction":[{"@type":"ReadAction","target":["https:\/\/telemet.com\/es\/snow-clearance\/ash-mpc-s-snow-plough-for-narrow-track-vehicles\/"]}]},{"@type":"ImageObject","inLanguage":"es-ES","@id":"https:\/\/telemet.com\/es\/snow-clearance\/ash-mpc-s-snow-plough-for-narrow-track-vehicles\/#primaryimage","url":"https:\/\/telemet.com\/wp-content\/uploads\/2016\/11\/Aebi_MT750_MPC_S26_Syntos.jpg","contentUrl":"https:\/\/telemet.com\/wp-content\/uploads\/2016\/11\/Aebi_MT750_MPC_S26_Syntos.jpg"},{"@type":"BreadcrumbList","@id":"https:\/\/telemet.com\/es\/snow-clearance\/ash-mpc-s-snow-plough-for-narrow-track-vehicles\/#breadcrumb","itemListElement":[{"@type":"ListItem","position":1,"name":"Home","item":"https:\/\/telemet.com\/es\/"},{"@type":"ListItem","position":2,"name":"Aebi-Schmidt Snow clearance","item":"https:\/\/telemet.com\/es\/snow-clearance\/"},{"@type":"ListItem","position":3,"name":"Aebi-Schmidt MPC-S Cuchilla quitanieves para veh\u00edculos de v\u00eda estrecha"}]},{"@type":"WebSite","@id":"https:\/\/telemet.com\/es\/#website","url":"https:\/\/telemet.com\/es\/","name":"Telemet, Inc.","description":"Efficiency through Simplicity","potentialAction":[{"@type":"SearchAction","target":{"@type":"EntryPoint","urlTemplate":"https:\/\/telemet.com\/es\/?s={search_term_string}"},"query-input":{"@type":"PropertyValueSpecification","valueRequired":true,"valueName":"search_term_string"}}],"inLanguage":"es-ES"}]}},"_links":{"self":[{"href":"https:\/\/telemet.com\/es\/wp-json\/wp\/v2\/pages\/6910","targetHints":{"allow":["GET"]}}],"collection":[{"href":"https:\/\/telemet.com\/es\/wp-json\/wp\/v2\/pages"}],"about":[{"href":"https:\/\/telemet.com\/es\/wp-json\/wp\/v2\/types\/page"}],"author":[{"embeddable":true,"href":"https:\/\/telemet.com\/es\/wp-json\/wp\/v2\/users\/1"}],"replies":[{"embeddable":true,"href":"https:\/\/telemet.com\/es\/wp-json\/wp\/v2\/comments?post=6910"}],"version-history":[{"count":4,"href":"https:\/\/telemet.com\/es\/wp-json\/wp\/v2\/pages\/6910\/revisions"}],"predecessor-version":[{"id":13921,"href":"https:\/\/telemet.com\/es\/wp-json\/wp\/v2\/pages\/6910\/revisions\/13921"}],"up":[{"embeddable":true,"href":"https:\/\/telemet.com\/es\/wp-json\/wp\/v2\/pages\/6874"}],"wp:attachment":[{"href":"https:\/\/telemet.com\/es\/wp-json\/wp\/v2\/media?parent=6910"}],"curies":[{"name":"wp","href":"https:\/\/api.w.org\/{rel}","templated":true}]}}