{"id":6927,"date":"2016-11-20T22:47:57","date_gmt":"2016-11-20T22:47:06","guid":{"rendered":"http:\/\/telemet.com\/es\/snow-clearance\/ash-tarron\/"},"modified":"2023-08-18T13:47:45","modified_gmt":"2023-08-18T13:47:45","slug":"ash-tarron","status":"publish","type":"page","link":"https:\/\/telemet.com\/es\/snow-clearance\/ash-tarron\/","title":{"rendered":"Aebi-Schmidt Tarron"},"content":{"rendered":"<div class=\"fusion-fullwidth fullwidth-box fusion-builder-row-1 nonhundred-percent-fullwidth non-hundred-percent-height-scrolling\" style=\"--awb-background-position:left top;--awb-border-radius-top-left:0px;--awb-border-radius-top-right:0px;--awb-border-radius-bottom-right:0px;--awb-border-radius-bottom-left:0px;--awb-padding-top:0px;--awb-padding-bottom:20px;--awb-border-sizes-top:0px;--awb-border-sizes-bottom:0px;--awb-flex-wrap:wrap;\" ><div class=\"fusion-builder-row fusion-row\"><div class=\"fusion-layout-column fusion_builder_column fusion-builder-column-0 fusion_builder_column_1_1 1_1 fusion-one-full fusion-column-first fusion-column-last fusion-column-no-min-height\" style=\"--awb-bg-size:cover;--awb-margin-top:0px;--awb-margin-bottom:0px;\"><div class=\"fusion-column-wrapper fusion-flex-column-wrapper-legacy\"><div class=\"fusion-image-element fusion-image-align-center in-legacy-container\" style=\"text-align:center;--awb-caption-title-font-family:var(--h2_typography-font-family);--awb-caption-title-font-weight:var(--h2_typography-font-weight);--awb-caption-title-font-style:var(--h2_typography-font-style);--awb-caption-title-size:var(--h2_typography-font-size);--awb-caption-title-transform:var(--h2_typography-text-transform);--awb-caption-title-line-height:var(--h2_typography-line-height);--awb-caption-title-letter-spacing:var(--h2_typography-letter-spacing);\"><div class=\"imageframe-align-center\"><span class=\" fusion-imageframe imageframe-none imageframe-1 hover-type-none\"><img decoding=\"async\" width=\"1000\" height=\"665\" title=\"tarron_1833_klein\" src=\"https:\/\/telemet.com\/wp-content\/uploads\/2016\/11\/Tarron_1833_klein.jpg\" alt class=\"img-responsive wp-image-14044\" srcset=\"https:\/\/telemet.com\/wp-content\/uploads\/2016\/11\/Tarron_1833_klein-200x133.jpg 200w, https:\/\/telemet.com\/wp-content\/uploads\/2016\/11\/Tarron_1833_klein-400x266.jpg 400w, https:\/\/telemet.com\/wp-content\/uploads\/2016\/11\/Tarron_1833_klein-600x399.jpg 600w, https:\/\/telemet.com\/wp-content\/uploads\/2016\/11\/Tarron_1833_klein-800x532.jpg 800w, https:\/\/telemet.com\/wp-content\/uploads\/2016\/11\/Tarron_1833_klein.jpg 1000w\" sizes=\"(max-width: 800px) 100vw, 1000px\" \/><\/span><\/div><\/div><div class=\"fusion-sep-clear\"><\/div><div class=\"fusion-separator fusion-full-width-sep\" style=\"margin-left: auto;margin-right: auto;margin-top:20px;width:100%;\"><\/div><div class=\"fusion-sep-clear\"><\/div><div class=\"fusion-align-block\"><a class=\"fusion-button button-flat button-xlarge button-default fusion-button-default button-1 fusion-button-default-span \" style=\"width:calc(100%);\" target=\"_blank\" rel=\"noopener noreferrer\" title=\"Download Brochure\" aria-label=\"Download Brochure\" href=\"\/wp-content\/uploads\/2016\/11\/LW_TARRON_EN.pdf\"><span class=\"fusion-button-text awb-button__text awb-button__text--default\">Download Brochure (PDF)<\/span><i class=\" fa fa-file-pdf-o awb-button__icon awb-button__icon--default button-icon-right\" aria-hidden=\"true\"><\/i><\/a><\/div><div class=\"fusion-sep-clear\"><\/div><div class=\"fusion-separator fusion-full-width-sep\" style=\"margin-left: auto;margin-right: auto;margin-top:20px;width:100%;\"><\/div><div class=\"fusion-sep-clear\"><\/div><div class=\"fusion-clearfix\"><\/div><\/div><\/div><div class=\"fusion-layout-column fusion_builder_column fusion-builder-column-1 fusion_builder_column_1_1 1_1 fusion-one-full fusion-column-first fusion-column-last fusion-column-no-min-height\" style=\"--awb-bg-size:cover;--awb-margin-top:0px;--awb-margin-bottom:0px;\"><div class=\"fusion-column-wrapper fusion-flex-column-wrapper-legacy\"><div class=\"fusion-video fusion-youtube\" style=\"--awb-max-width:800px;--awb-max-height:550px;\"><div class=\"video-shortcode\"><div class=\"fluid-width-video-wrapper\" style=\"padding-top:68.75%;\" ><iframe title=\"YouTube video player 1\" src=\"https:\/\/www.youtube.com\/embed\/vgVCXJQGNwU?wmode=transparent&autoplay=0\" width=\"800\" height=\"550\" allowfullscreen allow=\"autoplay; clipboard-write; encrypted-media; gyroscope; picture-in-picture;\"><\/iframe><\/div><\/div><\/div><div class=\"fusion-sep-clear\"><\/div><div class=\"fusion-separator fusion-full-width-sep\" style=\"margin-left: auto;margin-right: auto;margin-top:20px;width:100%;\"><\/div><div class=\"fusion-sep-clear\"><\/div><div class=\"fusion-text fusion-text-1\"><p>La serie Tarron multi-secci\u00f3n de cuchillas quitanieves est\u00e1 especialmente dise\u00f1ada para la limpieza extrema de nieve y resultan ideales para la eliminaci\u00f3n de grandes masas de nieve en regiones alpinas. Tienen una construcci\u00f3n robusta y est\u00e1n equipados con un excelente sistema de desviaci\u00f3n.<\/p>\n<h3>Flexible y fuerte<\/h3>\n<p>Para la serie Tarron de cuchillas quitanieves, a\u00fan la nieve helada y dura no suponen ning\u00fan problema. La cuchilla presenta un \u00e1ngulo de 25 \u00b0 en la cuchilla de desgaste, tiene forma aerodin\u00e1mica que se eleva en los extremos y se ha fabricado de forma robusta. Cada secci\u00f3n de la pala est\u00e1 equipada con cuatro enlaces r\u00edgidos para un guiado \u00f3ptimo. Con el montaje de amortiguadores, las cuchillas pueden evitar obst\u00e1culos y prevenir los da\u00f1os. Despu\u00e9s de conducir salvando obst\u00e1culos, un fuerte muelle de retenci\u00f3n de las cuchillas devuelve de nuevo a las secciones a su posici\u00f3n de limpieza, lo que garantiza una \u00f3ptima adaptaci\u00f3n a la calzada.<\/p>\n<h3>Tranquilo y listo para la acci\u00f3n<\/h3>\n<p>Los conectores resistentes a la torsi\u00f3n est\u00e1n alojados en soportes equipados con empujadores de poliuretano. Estos, junto con los retenedores de las cuchillas fabricados en pol\u00edmero en cada una de las secciones de cuchilla, contribuyen a la reducci\u00f3n de ruido. El deflector de bordillo evita que la cuchilla roce contra bordillos y bordes cuando se est\u00e1n limpiando \u00e1reas interurbanas. Un amortiguador existente entre la cuchoilla de desgaste y la cuchilla absorbe toda la fuerza de tracci\u00f3n.<\/p>\n<h3>Seguro y sencillo<\/h3>\n<p>Los dos cilindros basculantes activos y dobles proporcionan una mayor fuerza para el cambio de lados, incluso durante su funcionamiento. Sin retroceso, aseguran a la m\u00e1quina Tarron en la posici\u00f3n de limpieza seleccionada. El sistema de elevaci\u00f3n patentada del quitanieves permite la subida y bajada sin tensiones de la cuchilla. La placa de montaje del equipo es ajustable en altura, lo que permite situar de forma \u00f3ptima al modelo Tarron sobre distintas placas de montaje de otros veh\u00edculos. El protector de nieve en polvo es el\u00e1stico y est\u00e1 fabricado en poliuretano y, debido a la cobertura patentada del hueco, evita que la aguanieve encuentre su camino entre las cuchillas. Cada una de las cuchillas exteriores se puede elevar.<\/p>\n<\/div><div class=\"fusion-clearfix\"><\/div><\/div><\/div><\/div><\/div>\n","protected":false},"excerpt":{"rendered":"","protected":false},"author":1,"featured_media":0,"parent":6874,"menu_order":8,"comment_status":"closed","ping_status":"closed","template":"side-navigation.php","meta":{"footnotes":""},"class_list":["post-6927","page","type-page","status-publish","hentry"],"yoast_head":"<!-- This site is optimized with the Yoast SEO plugin v26.2 - https:\/\/yoast.com\/wordpress\/plugins\/seo\/ -->\n<title>Aebi-Schmidt Tarron - Telemet<\/title>\n<meta name=\"robots\" content=\"index, follow, max-snippet:-1, max-image-preview:large, max-video-preview:-1\" \/>\n<link rel=\"canonical\" href=\"https:\/\/telemet.com\/es\/snow-clearance\/ash-tarron\/\" \/>\n<meta property=\"og:locale\" content=\"es_ES\" \/>\n<meta property=\"og:type\" content=\"article\" \/>\n<meta property=\"og:title\" content=\"Aebi-Schmidt Tarron - Telemet\" \/>\n<meta property=\"og:url\" content=\"https:\/\/telemet.com\/es\/snow-clearance\/ash-tarron\/\" \/>\n<meta property=\"og:site_name\" content=\"Telemet\" \/>\n<meta property=\"article:modified_time\" content=\"2023-08-18T13:47:45+00:00\" \/>\n<meta property=\"og:image\" content=\"https:\/\/telemet.com\/wp-content\/uploads\/2016\/11\/Tarron_1833_klein.jpg\" \/>\n<meta name=\"twitter:card\" content=\"summary_large_image\" \/>\n<meta name=\"twitter:label1\" content=\"Tiempo de lectura\" \/>\n\t<meta name=\"twitter:data1\" content=\"4 minutes\" \/>\n<script type=\"application\/ld+json\" class=\"yoast-schema-graph\">{\"@context\":\"https:\/\/schema.org\",\"@graph\":[{\"@type\":\"WebPage\",\"@id\":\"https:\/\/telemet.com\/es\/snow-clearance\/ash-tarron\/\",\"url\":\"https:\/\/telemet.com\/es\/snow-clearance\/ash-tarron\/\",\"name\":\"Aebi-Schmidt Tarron - Telemet\",\"isPartOf\":{\"@id\":\"https:\/\/telemet.com\/es\/#website\"},\"primaryImageOfPage\":{\"@id\":\"https:\/\/telemet.com\/es\/snow-clearance\/ash-tarron\/#primaryimage\"},\"image\":{\"@id\":\"https:\/\/telemet.com\/es\/snow-clearance\/ash-tarron\/#primaryimage\"},\"thumbnailUrl\":\"https:\/\/telemet.com\/wp-content\/uploads\/2016\/11\/Tarron_1833_klein.jpg\",\"datePublished\":\"2016-11-20T22:47:06+00:00\",\"dateModified\":\"2023-08-18T13:47:45+00:00\",\"breadcrumb\":{\"@id\":\"https:\/\/telemet.com\/es\/snow-clearance\/ash-tarron\/#breadcrumb\"},\"inLanguage\":\"es-ES\",\"potentialAction\":[{\"@type\":\"ReadAction\",\"target\":[\"https:\/\/telemet.com\/es\/snow-clearance\/ash-tarron\/\"]}]},{\"@type\":\"ImageObject\",\"inLanguage\":\"es-ES\",\"@id\":\"https:\/\/telemet.com\/es\/snow-clearance\/ash-tarron\/#primaryimage\",\"url\":\"https:\/\/telemet.com\/wp-content\/uploads\/2016\/11\/Tarron_1833_klein.jpg\",\"contentUrl\":\"https:\/\/telemet.com\/wp-content\/uploads\/2016\/11\/Tarron_1833_klein.jpg\"},{\"@type\":\"BreadcrumbList\",\"@id\":\"https:\/\/telemet.com\/es\/snow-clearance\/ash-tarron\/#breadcrumb\",\"itemListElement\":[{\"@type\":\"ListItem\",\"position\":1,\"name\":\"Home\",\"item\":\"https:\/\/telemet.com\/es\/\"},{\"@type\":\"ListItem\",\"position\":2,\"name\":\"Aebi-Schmidt Snow clearance\",\"item\":\"https:\/\/telemet.com\/es\/snow-clearance\/\"},{\"@type\":\"ListItem\",\"position\":3,\"name\":\"Aebi-Schmidt Tarron\"}]},{\"@type\":\"WebSite\",\"@id\":\"https:\/\/telemet.com\/es\/#website\",\"url\":\"https:\/\/telemet.com\/es\/\",\"name\":\"Telemet, Inc.\",\"description\":\"Efficiency through Simplicity\",\"potentialAction\":[{\"@type\":\"SearchAction\",\"target\":{\"@type\":\"EntryPoint\",\"urlTemplate\":\"https:\/\/telemet.com\/es\/?s={search_term_string}\"},\"query-input\":{\"@type\":\"PropertyValueSpecification\",\"valueRequired\":true,\"valueName\":\"search_term_string\"}}],\"inLanguage\":\"es-ES\"}]}<\/script>\n<!-- \/ Yoast SEO plugin. -->","yoast_head_json":{"title":"Aebi-Schmidt Tarron - Telemet","robots":{"index":"index","follow":"follow","max-snippet":"max-snippet:-1","max-image-preview":"max-image-preview:large","max-video-preview":"max-video-preview:-1"},"canonical":"https:\/\/telemet.com\/es\/snow-clearance\/ash-tarron\/","og_locale":"es_ES","og_type":"article","og_title":"Aebi-Schmidt Tarron - Telemet","og_url":"https:\/\/telemet.com\/es\/snow-clearance\/ash-tarron\/","og_site_name":"Telemet","article_modified_time":"2023-08-18T13:47:45+00:00","og_image":[{"url":"https:\/\/telemet.com\/wp-content\/uploads\/2016\/11\/Tarron_1833_klein.jpg","type":"","width":"","height":""}],"twitter_card":"summary_large_image","twitter_misc":{"Tiempo de lectura":"4 minutes"},"schema":{"@context":"https:\/\/schema.org","@graph":[{"@type":"WebPage","@id":"https:\/\/telemet.com\/es\/snow-clearance\/ash-tarron\/","url":"https:\/\/telemet.com\/es\/snow-clearance\/ash-tarron\/","name":"Aebi-Schmidt Tarron - Telemet","isPartOf":{"@id":"https:\/\/telemet.com\/es\/#website"},"primaryImageOfPage":{"@id":"https:\/\/telemet.com\/es\/snow-clearance\/ash-tarron\/#primaryimage"},"image":{"@id":"https:\/\/telemet.com\/es\/snow-clearance\/ash-tarron\/#primaryimage"},"thumbnailUrl":"https:\/\/telemet.com\/wp-content\/uploads\/2016\/11\/Tarron_1833_klein.jpg","datePublished":"2016-11-20T22:47:06+00:00","dateModified":"2023-08-18T13:47:45+00:00","breadcrumb":{"@id":"https:\/\/telemet.com\/es\/snow-clearance\/ash-tarron\/#breadcrumb"},"inLanguage":"es-ES","potentialAction":[{"@type":"ReadAction","target":["https:\/\/telemet.com\/es\/snow-clearance\/ash-tarron\/"]}]},{"@type":"ImageObject","inLanguage":"es-ES","@id":"https:\/\/telemet.com\/es\/snow-clearance\/ash-tarron\/#primaryimage","url":"https:\/\/telemet.com\/wp-content\/uploads\/2016\/11\/Tarron_1833_klein.jpg","contentUrl":"https:\/\/telemet.com\/wp-content\/uploads\/2016\/11\/Tarron_1833_klein.jpg"},{"@type":"BreadcrumbList","@id":"https:\/\/telemet.com\/es\/snow-clearance\/ash-tarron\/#breadcrumb","itemListElement":[{"@type":"ListItem","position":1,"name":"Home","item":"https:\/\/telemet.com\/es\/"},{"@type":"ListItem","position":2,"name":"Aebi-Schmidt Snow clearance","item":"https:\/\/telemet.com\/es\/snow-clearance\/"},{"@type":"ListItem","position":3,"name":"Aebi-Schmidt Tarron"}]},{"@type":"WebSite","@id":"https:\/\/telemet.com\/es\/#website","url":"https:\/\/telemet.com\/es\/","name":"Telemet, Inc.","description":"Efficiency through Simplicity","potentialAction":[{"@type":"SearchAction","target":{"@type":"EntryPoint","urlTemplate":"https:\/\/telemet.com\/es\/?s={search_term_string}"},"query-input":{"@type":"PropertyValueSpecification","valueRequired":true,"valueName":"search_term_string"}}],"inLanguage":"es-ES"}]}},"_links":{"self":[{"href":"https:\/\/telemet.com\/es\/wp-json\/wp\/v2\/pages\/6927","targetHints":{"allow":["GET"]}}],"collection":[{"href":"https:\/\/telemet.com\/es\/wp-json\/wp\/v2\/pages"}],"about":[{"href":"https:\/\/telemet.com\/es\/wp-json\/wp\/v2\/types\/page"}],"author":[{"embeddable":true,"href":"https:\/\/telemet.com\/es\/wp-json\/wp\/v2\/users\/1"}],"replies":[{"embeddable":true,"href":"https:\/\/telemet.com\/es\/wp-json\/wp\/v2\/comments?post=6927"}],"version-history":[{"count":5,"href":"https:\/\/telemet.com\/es\/wp-json\/wp\/v2\/pages\/6927\/revisions"}],"predecessor-version":[{"id":14042,"href":"https:\/\/telemet.com\/es\/wp-json\/wp\/v2\/pages\/6927\/revisions\/14042"}],"up":[{"embeddable":true,"href":"https:\/\/telemet.com\/es\/wp-json\/wp\/v2\/pages\/6874"}],"wp:attachment":[{"href":"https:\/\/telemet.com\/es\/wp-json\/wp\/v2\/media?parent=6927"}],"curies":[{"name":"wp","href":"https:\/\/api.w.org\/{rel}","templated":true}]}}