{"id":6936,"date":"2016-11-20T23:01:13","date_gmt":"2016-11-20T23:01:38","guid":{"rendered":"http:\/\/telemet.com\/es\/snow-clearance\/ash-tarron-compact\/"},"modified":"2023-08-18T13:36:03","modified_gmt":"2023-08-18T13:36:03","slug":"ash-tarron-compacto","status":"publish","type":"page","link":"https:\/\/telemet.com\/es\/snow-clearance\/ash-tarron-compacto\/","title":{"rendered":"Aebi-Schmidt Tarron Compacto"},"content":{"rendered":"<div class=\"fusion-fullwidth fullwidth-box fusion-builder-row-1 nonhundred-percent-fullwidth non-hundred-percent-height-scrolling\" style=\"--awb-background-position:left top;--awb-border-radius-top-left:0px;--awb-border-radius-top-right:0px;--awb-border-radius-bottom-right:0px;--awb-border-radius-bottom-left:0px;--awb-padding-top:0px;--awb-padding-bottom:20px;--awb-border-sizes-top:0px;--awb-border-sizes-bottom:0px;--awb-flex-wrap:wrap;\" ><div class=\"fusion-builder-row fusion-row\"><div class=\"fusion-layout-column fusion_builder_column fusion-builder-column-0 fusion_builder_column_1_1 1_1 fusion-one-full fusion-column-first fusion-column-last fusion-column-no-min-height\" style=\"--awb-bg-size:cover;--awb-margin-top:0px;--awb-margin-bottom:0px;\"><div class=\"fusion-column-wrapper fusion-flex-column-wrapper-legacy\"><div class=\"fusion-image-element fusion-image-align-center in-legacy-container\" style=\"text-align:center;--awb-caption-title-font-family:var(--h2_typography-font-family);--awb-caption-title-font-weight:var(--h2_typography-font-weight);--awb-caption-title-font-style:var(--h2_typography-font-style);--awb-caption-title-size:var(--h2_typography-font-size);--awb-caption-title-transform:var(--h2_typography-text-transform);--awb-caption-title-line-height:var(--h2_typography-line-height);--awb-caption-title-letter-spacing:var(--h2_typography-letter-spacing);\"><div class=\"imageframe-align-center\"><span class=\" fusion-imageframe imageframe-none imageframe-1 hover-type-none\"><img decoding=\"async\" width=\"800\" height=\"600\" title=\"tarron_compact\" src=\"https:\/\/telemet.com\/wp-content\/uploads\/2016\/11\/tarron_compact.jpg\" alt class=\"img-responsive wp-image-6934\" srcset=\"https:\/\/telemet.com\/wp-content\/uploads\/2016\/11\/tarron_compact-200x150.jpg 200w, https:\/\/telemet.com\/wp-content\/uploads\/2016\/11\/tarron_compact-400x300.jpg 400w, https:\/\/telemet.com\/wp-content\/uploads\/2016\/11\/tarron_compact-600x450.jpg 600w, https:\/\/telemet.com\/wp-content\/uploads\/2016\/11\/tarron_compact.jpg 800w\" sizes=\"(max-width: 800px) 100vw, 800px\" \/><\/span><\/div><\/div><div class=\"fusion-sep-clear\"><\/div><div class=\"fusion-separator fusion-full-width-sep\" style=\"margin-left: auto;margin-right: auto;margin-top:20px;width:100%;\"><\/div><div class=\"fusion-sep-clear\"><\/div><div class=\"fusion-align-block\"><a class=\"fusion-button button-flat button-xlarge button-default fusion-button-default button-1 fusion-button-default-span \" style=\"width:calc(100%);\" target=\"_blank\" rel=\"noopener noreferrer\" title=\"Download Brochure\" aria-label=\"Download Brochure\" href=\"\/wp-content\/uploads\/2016\/11\/LW_Tarron_compact_en_2013.pdf\"><span class=\"fusion-button-text awb-button__text awb-button__text--default\">Download Brochure (PDF)<\/span><i class=\" fa fa-file-pdf-o awb-button__icon awb-button__icon--default button-icon-right\" aria-hidden=\"true\"><\/i><\/a><\/div><div class=\"fusion-sep-clear\"><\/div><div class=\"fusion-separator fusion-full-width-sep\" style=\"margin-left: auto;margin-right: auto;margin-top:20px;width:100%;\"><\/div><div class=\"fusion-sep-clear\"><\/div><div class=\"fusion-clearfix\"><\/div><\/div><\/div><div class=\"fusion-layout-column fusion_builder_column fusion-builder-column-1 fusion_builder_column_1_1 1_1 fusion-one-full fusion-column-first fusion-column-last fusion-column-no-min-height\" style=\"--awb-bg-size:cover;--awb-margin-top:0px;--awb-margin-bottom:0px;\"><div class=\"fusion-column-wrapper fusion-flex-column-wrapper-legacy\"><div class=\"fusion-video fusion-youtube\" style=\"--awb-max-width:800px;--awb-max-height:550px;\"><div class=\"video-shortcode\"><div class=\"fluid-width-video-wrapper\" style=\"padding-top:68.75%;\" ><iframe title=\"YouTube video player 1\" src=\"https:\/\/www.youtube.com\/embed\/vgVCXJQGNwU?wmode=transparent&autoplay=0\" width=\"800\" height=\"550\" allowfullscreen allow=\"autoplay; clipboard-write; encrypted-media; gyroscope; picture-in-picture;\"><\/iframe><\/div><\/div><\/div><div class=\"fusion-sep-clear\"><\/div><div class=\"fusion-separator fusion-full-width-sep\" style=\"margin-left: auto;margin-right: auto;margin-top:20px;width:100%;\"><\/div><div class=\"fusion-sep-clear\"><\/div><div class=\"fusion-text fusion-text-1\"><p>Con la Tarron Compact multi-secci\u00f3n, Schmidt ha presentado una nueva cuchilla quitanieves que est\u00e1 especialmente dirigida a veh\u00edculos TT y VT\/TP de Aebi. Esta cuchilla quitanieves de elevada eficiencia puede conectarse a veh\u00edculos para v\u00edas estrechas y a peque\u00f1os tractores. Sus sobresalientes cualidades de limpieza brillan especialmente cuando tienen que eliminar grandes cantidades de nieve de las carreteras, aparcamientos, \u00e1reas industriales o propiedades privadas. La m\u00e1quina Tarron Compact, de excelente relaci\u00f3n calidad\/precio, tambi\u00e9n est\u00e1 equipada con un sistema de limpieza flexible para evitar los da\u00f1os tanto al veh\u00edculo como a la propia calzada.<\/p>\n<h3>Retira con energ\u00eda incluso la nieve muy dura y el hielo<\/h3>\n<p>Las cuchillas individuales de resorte permiten una eliminaci\u00f3n de nieve de forma muy agresiva: incluso la nieve helada o apelmazada no representa ning\u00fan problema. La suspensi\u00f3n independiente de la cuchilla permite que cada secci\u00f3n de la cuchilla se adapte con flexibilidad a las superficies heterog\u00e9neas. En combinaci\u00f3n con la geometr\u00eda \u00f3ptima de la cuchilla y de la cuchilla de desgaste, se garantiza un desempe\u00f1o excelente en la limpieza de la nieve, con excelentes resultados. Las cuchillas cuentan tambi\u00e9n con un dise\u00f1o optimizado del flujo a lo largo del lado exterior que mejora dr\u00e1sticamente la eyecci\u00f3n de la nieve. Existe una extensi\u00f3n opcional de la cuchilla PU que ofrece la m\u00e1xima protecci\u00f3n frente a colisiones, evitando as\u00ed los costes de reparaci\u00f3n.<\/p>\n<h3>Robusta, c\u00f3moda, de bajo ruido y altamente rentable en muchos aspectos<\/h3>\n<p>Al estar equipado con brazos de direcci\u00f3n de pl\u00e1stico, el Tarron Compact ofrece propiedades sobresalientes de amortiguaci\u00f3n incluso durante maniobras agresivas de eliminaci\u00f3n de nieve. El amortiguador existente entre la cuchilla de desgaste y el cuerpo de la cuchilla disipa energ\u00eda cin\u00e9tica y, adem\u00e1s, reduce la emisi\u00f3n de ruido. El deflector de nieve opcional est\u00e1 fabricado tambi\u00e9n en poliuretano el\u00e1stico. Su cubierta patentada evita que la aguanieve y la nieve se acumule entre las cuchillas. Para las operaciones de eliminaci\u00f3n de nieve en las zonas interurbanas, los deflectores de bordillo protegen a la cuchilla de los da\u00f1os por roce contra bordillos y bordes. Adem\u00e1s, todas las piezas de acero han sido terminadas con chorro de arena para crear una superficie ideal para todos los recubrimientos anticorrosivos posteriores.<\/p>\n<h3>Siempre en el camino correcto, gracias al sistema de fijaci\u00f3n flexible<\/h3>\n<p>El sistema de fijaci\u00f3n de la Tarron Compact incluye tambi\u00e9n un gran n\u00famero de caracter\u00edsticas de gran utilidad que proporcionan unas actuaciones de elevada fiabilidad. Esto incluye un sistema optimizado de elevaci\u00f3n del brazo de 3 v\u00edas para la elevaci\u00f3n y descenso suaves de la cuchilla.<br \/>\nEl cambio de los lados izquierdo \/ derecho tambi\u00e9n se realiza hidr\u00e1ulicamente &#8211; empleando los adecuados retenedores para un \u00e1ngulo de cuchilla a 32\u00b0 o 36\u00b0. Dos cilindros basculantes equipados con un dispositivo de alivio de presi\u00f3n proporcionan la transmisi\u00f3n de potencia adecuada cuando se cambian los lados, lo que permite el movimiento suave de la cuchilla hasta llegar a la posici\u00f3n de limpieza seleccionada sin que se produzca ning\u00fan retroceso. La placa de aplicaci\u00f3n de altura ajustable permite una f\u00e1cil conexi\u00f3n con las diversas placas de montaje de maquinaria Aebi, as\u00ed como a otros veh\u00edculos de v\u00eda estrecha y tractores.<br \/>\nCuando se unen con tractores, se deben ajustar los puntos de anclaje inferiores &#8211; incluyendo la inclinaci\u00f3n lateral; al unirlos con los modelos TT de Aebi, s\u00f3lo la fijaci\u00f3n de tractor Cat I \/ II, as\u00ed como el bastidor de montaje (tri\u00e1ngulo Weiste).<\/p>\n<h3>\u00a1M\u00e1s seguridad, m\u00e1s servicio &#8211; a la mejor relaci\u00f3n calidad\/precio!<\/h3>\n<p>\u00a1Estaremos encantados de proporcionarle m\u00e1s informaci\u00f3n sobre las muchas otras funciones opcionales que el Tarron Comapct le ofrece y tambi\u00e9n estamos deseando darle personalmente una descripci\u00f3n detallada de lo que el nuevo Tarron Compact puede ofrecerle como un activo valioso para su servicio de conservaci\u00f3n invernal!<\/p>\n<h3>Opciones Disponibles:<\/h3>\n<p>Patines de apoyo, apoyos o placas deslizantes, resortes de apoyo, ruedas orientables para velocidades de hasta 50 km \/ h (con palanca de mano), protecci\u00f3n contra salpicaduras, deflector de viento de elast\u00f3mero con protecci\u00f3n de la cuchilla, marcadores o banderas de advertencia, luces adicionales \/ luces de posici\u00f3n, barras luminosas, barras de iluminaci\u00f3n en acero ajustables en anchura y altura (con l\u00e1mparas de haz bajo y alto), luces de posici\u00f3n laterales y luces intermitentes, extensiones de cuchilla de poliuretano (izquierdo y derecho), apoyos de aparcamiento con y sin ruedas.<\/p>\n<\/div><div class=\"fusion-clearfix\"><\/div><\/div><\/div><\/div><\/div>\n","protected":false},"excerpt":{"rendered":"","protected":false},"author":1,"featured_media":0,"parent":6874,"menu_order":9,"comment_status":"closed","ping_status":"closed","template":"side-navigation.php","meta":{"footnotes":""},"class_list":["post-6936","page","type-page","status-publish","hentry"],"yoast_head":"<!-- This site is optimized with the Yoast SEO plugin v26.2 - https:\/\/yoast.com\/wordpress\/plugins\/seo\/ -->\n<title>Aebi-Schmidt Tarron Compacto - Telemet<\/title>\n<meta name=\"robots\" content=\"index, follow, max-snippet:-1, max-image-preview:large, max-video-preview:-1\" \/>\n<link rel=\"canonical\" href=\"https:\/\/telemet.com\/es\/snow-clearance\/ash-tarron-compacto\/\" \/>\n<meta property=\"og:locale\" content=\"es_ES\" \/>\n<meta property=\"og:type\" content=\"article\" \/>\n<meta property=\"og:title\" content=\"Aebi-Schmidt Tarron Compacto - Telemet\" \/>\n<meta property=\"og:url\" content=\"https:\/\/telemet.com\/es\/snow-clearance\/ash-tarron-compacto\/\" \/>\n<meta property=\"og:site_name\" content=\"Telemet\" \/>\n<meta property=\"article:modified_time\" content=\"2023-08-18T13:36:03+00:00\" \/>\n<meta property=\"og:image\" content=\"https:\/\/telemet.com\/wp-content\/uploads\/2016\/11\/tarron_compact.jpg\" \/>\n<meta name=\"twitter:card\" content=\"summary_large_image\" \/>\n<meta name=\"twitter:label1\" content=\"Tiempo de lectura\" \/>\n\t<meta name=\"twitter:data1\" content=\"6 minutes\" \/>\n<script type=\"application\/ld+json\" class=\"yoast-schema-graph\">{\"@context\":\"https:\/\/schema.org\",\"@graph\":[{\"@type\":\"WebPage\",\"@id\":\"https:\/\/telemet.com\/es\/snow-clearance\/ash-tarron-compacto\/\",\"url\":\"https:\/\/telemet.com\/es\/snow-clearance\/ash-tarron-compacto\/\",\"name\":\"Aebi-Schmidt Tarron Compacto - Telemet\",\"isPartOf\":{\"@id\":\"https:\/\/telemet.com\/es\/#website\"},\"primaryImageOfPage\":{\"@id\":\"https:\/\/telemet.com\/es\/snow-clearance\/ash-tarron-compacto\/#primaryimage\"},\"image\":{\"@id\":\"https:\/\/telemet.com\/es\/snow-clearance\/ash-tarron-compacto\/#primaryimage\"},\"thumbnailUrl\":\"https:\/\/telemet.com\/wp-content\/uploads\/2016\/11\/tarron_compact.jpg\",\"datePublished\":\"2016-11-20T23:01:38+00:00\",\"dateModified\":\"2023-08-18T13:36:03+00:00\",\"breadcrumb\":{\"@id\":\"https:\/\/telemet.com\/es\/snow-clearance\/ash-tarron-compacto\/#breadcrumb\"},\"inLanguage\":\"es-ES\",\"potentialAction\":[{\"@type\":\"ReadAction\",\"target\":[\"https:\/\/telemet.com\/es\/snow-clearance\/ash-tarron-compacto\/\"]}]},{\"@type\":\"ImageObject\",\"inLanguage\":\"es-ES\",\"@id\":\"https:\/\/telemet.com\/es\/snow-clearance\/ash-tarron-compacto\/#primaryimage\",\"url\":\"https:\/\/telemet.com\/wp-content\/uploads\/2016\/11\/tarron_compact.jpg\",\"contentUrl\":\"https:\/\/telemet.com\/wp-content\/uploads\/2016\/11\/tarron_compact.jpg\"},{\"@type\":\"BreadcrumbList\",\"@id\":\"https:\/\/telemet.com\/es\/snow-clearance\/ash-tarron-compacto\/#breadcrumb\",\"itemListElement\":[{\"@type\":\"ListItem\",\"position\":1,\"name\":\"Home\",\"item\":\"https:\/\/telemet.com\/es\/\"},{\"@type\":\"ListItem\",\"position\":2,\"name\":\"Aebi-Schmidt Snow clearance\",\"item\":\"https:\/\/telemet.com\/es\/snow-clearance\/\"},{\"@type\":\"ListItem\",\"position\":3,\"name\":\"Aebi-Schmidt Tarron Compacto\"}]},{\"@type\":\"WebSite\",\"@id\":\"https:\/\/telemet.com\/es\/#website\",\"url\":\"https:\/\/telemet.com\/es\/\",\"name\":\"Telemet, Inc.\",\"description\":\"Efficiency through Simplicity\",\"potentialAction\":[{\"@type\":\"SearchAction\",\"target\":{\"@type\":\"EntryPoint\",\"urlTemplate\":\"https:\/\/telemet.com\/es\/?s={search_term_string}\"},\"query-input\":{\"@type\":\"PropertyValueSpecification\",\"valueRequired\":true,\"valueName\":\"search_term_string\"}}],\"inLanguage\":\"es-ES\"}]}<\/script>\n<!-- \/ Yoast SEO plugin. -->","yoast_head_json":{"title":"Aebi-Schmidt Tarron Compacto - Telemet","robots":{"index":"index","follow":"follow","max-snippet":"max-snippet:-1","max-image-preview":"max-image-preview:large","max-video-preview":"max-video-preview:-1"},"canonical":"https:\/\/telemet.com\/es\/snow-clearance\/ash-tarron-compacto\/","og_locale":"es_ES","og_type":"article","og_title":"Aebi-Schmidt Tarron Compacto - Telemet","og_url":"https:\/\/telemet.com\/es\/snow-clearance\/ash-tarron-compacto\/","og_site_name":"Telemet","article_modified_time":"2023-08-18T13:36:03+00:00","og_image":[{"url":"https:\/\/telemet.com\/wp-content\/uploads\/2016\/11\/tarron_compact.jpg","type":"","width":"","height":""}],"twitter_card":"summary_large_image","twitter_misc":{"Tiempo de lectura":"6 minutes"},"schema":{"@context":"https:\/\/schema.org","@graph":[{"@type":"WebPage","@id":"https:\/\/telemet.com\/es\/snow-clearance\/ash-tarron-compacto\/","url":"https:\/\/telemet.com\/es\/snow-clearance\/ash-tarron-compacto\/","name":"Aebi-Schmidt Tarron Compacto - Telemet","isPartOf":{"@id":"https:\/\/telemet.com\/es\/#website"},"primaryImageOfPage":{"@id":"https:\/\/telemet.com\/es\/snow-clearance\/ash-tarron-compacto\/#primaryimage"},"image":{"@id":"https:\/\/telemet.com\/es\/snow-clearance\/ash-tarron-compacto\/#primaryimage"},"thumbnailUrl":"https:\/\/telemet.com\/wp-content\/uploads\/2016\/11\/tarron_compact.jpg","datePublished":"2016-11-20T23:01:38+00:00","dateModified":"2023-08-18T13:36:03+00:00","breadcrumb":{"@id":"https:\/\/telemet.com\/es\/snow-clearance\/ash-tarron-compacto\/#breadcrumb"},"inLanguage":"es-ES","potentialAction":[{"@type":"ReadAction","target":["https:\/\/telemet.com\/es\/snow-clearance\/ash-tarron-compacto\/"]}]},{"@type":"ImageObject","inLanguage":"es-ES","@id":"https:\/\/telemet.com\/es\/snow-clearance\/ash-tarron-compacto\/#primaryimage","url":"https:\/\/telemet.com\/wp-content\/uploads\/2016\/11\/tarron_compact.jpg","contentUrl":"https:\/\/telemet.com\/wp-content\/uploads\/2016\/11\/tarron_compact.jpg"},{"@type":"BreadcrumbList","@id":"https:\/\/telemet.com\/es\/snow-clearance\/ash-tarron-compacto\/#breadcrumb","itemListElement":[{"@type":"ListItem","position":1,"name":"Home","item":"https:\/\/telemet.com\/es\/"},{"@type":"ListItem","position":2,"name":"Aebi-Schmidt Snow clearance","item":"https:\/\/telemet.com\/es\/snow-clearance\/"},{"@type":"ListItem","position":3,"name":"Aebi-Schmidt Tarron Compacto"}]},{"@type":"WebSite","@id":"https:\/\/telemet.com\/es\/#website","url":"https:\/\/telemet.com\/es\/","name":"Telemet, Inc.","description":"Efficiency through Simplicity","potentialAction":[{"@type":"SearchAction","target":{"@type":"EntryPoint","urlTemplate":"https:\/\/telemet.com\/es\/?s={search_term_string}"},"query-input":{"@type":"PropertyValueSpecification","valueRequired":true,"valueName":"search_term_string"}}],"inLanguage":"es-ES"}]}},"_links":{"self":[{"href":"https:\/\/telemet.com\/es\/wp-json\/wp\/v2\/pages\/6936","targetHints":{"allow":["GET"]}}],"collection":[{"href":"https:\/\/telemet.com\/es\/wp-json\/wp\/v2\/pages"}],"about":[{"href":"https:\/\/telemet.com\/es\/wp-json\/wp\/v2\/types\/page"}],"author":[{"embeddable":true,"href":"https:\/\/telemet.com\/es\/wp-json\/wp\/v2\/users\/1"}],"replies":[{"embeddable":true,"href":"https:\/\/telemet.com\/es\/wp-json\/wp\/v2\/comments?post=6936"}],"version-history":[{"count":6,"href":"https:\/\/telemet.com\/es\/wp-json\/wp\/v2\/pages\/6936\/revisions"}],"predecessor-version":[{"id":13927,"href":"https:\/\/telemet.com\/es\/wp-json\/wp\/v2\/pages\/6936\/revisions\/13927"}],"up":[{"embeddable":true,"href":"https:\/\/telemet.com\/es\/wp-json\/wp\/v2\/pages\/6874"}],"wp:attachment":[{"href":"https:\/\/telemet.com\/es\/wp-json\/wp\/v2\/media?parent=6936"}],"curies":[{"name":"wp","href":"https:\/\/api.w.org\/{rel}","templated":true}]}}