{"id":6991,"date":"2016-11-21T01:40:57","date_gmt":"2016-11-21T01:40:15","guid":{"rendered":"http:\/\/telemet.com\/es\/snow-clearance\/ash-beilhack-pv-universal\/"},"modified":"2023-08-18T13:48:54","modified_gmt":"2023-08-18T13:48:54","slug":"ash-beilhack-pv-universal","status":"publish","type":"page","link":"https:\/\/telemet.com\/es\/snow-clearance\/ash-beilhack-pv-universal\/","title":{"rendered":"Aebi-Schmidt Beilhack PV-Universal"},"content":{"rendered":"<div class=\"fusion-fullwidth fullwidth-box fusion-builder-row-1 nonhundred-percent-fullwidth non-hundred-percent-height-scrolling\" style=\"--awb-background-position:left top;--awb-border-radius-top-left:0px;--awb-border-radius-top-right:0px;--awb-border-radius-bottom-right:0px;--awb-border-radius-bottom-left:0px;--awb-padding-top:0px;--awb-padding-bottom:20px;--awb-border-sizes-top:0px;--awb-border-sizes-bottom:0px;--awb-flex-wrap:wrap;\" ><div class=\"fusion-builder-row fusion-row\"><div class=\"fusion-layout-column fusion_builder_column fusion-builder-column-0 fusion_builder_column_1_1 1_1 fusion-one-full fusion-column-first fusion-column-last fusion-column-no-min-height\" style=\"--awb-bg-size:cover;--awb-margin-top:0px;--awb-margin-bottom:0px;\"><div class=\"fusion-column-wrapper fusion-flex-column-wrapper-legacy\"><div class=\"fusion-image-element fusion-image-align-center in-legacy-container\" style=\"text-align:center;--awb-caption-title-font-family:var(--h2_typography-font-family);--awb-caption-title-font-weight:var(--h2_typography-font-weight);--awb-caption-title-font-style:var(--h2_typography-font-style);--awb-caption-title-size:var(--h2_typography-font-size);--awb-caption-title-transform:var(--h2_typography-text-transform);--awb-caption-title-line-height:var(--h2_typography-line-height);--awb-caption-title-letter-spacing:var(--h2_typography-letter-spacing);\"><div class=\"imageframe-align-center\"><span class=\" fusion-imageframe imageframe-none imageframe-1 hover-type-none\"><img decoding=\"async\" width=\"800\" height=\"600\" title=\"beilhack_pv_plough\" src=\"https:\/\/telemet.com\/wp-content\/uploads\/2016\/11\/beilhack_pv_plough.jpg\" alt class=\"img-responsive wp-image-13863\" srcset=\"https:\/\/telemet.com\/wp-content\/uploads\/2016\/11\/beilhack_pv_plough-200x150.jpg 200w, https:\/\/telemet.com\/wp-content\/uploads\/2016\/11\/beilhack_pv_plough-400x300.jpg 400w, https:\/\/telemet.com\/wp-content\/uploads\/2016\/11\/beilhack_pv_plough-600x450.jpg 600w, https:\/\/telemet.com\/wp-content\/uploads\/2016\/11\/beilhack_pv_plough.jpg 800w\" sizes=\"(max-width: 800px) 100vw, 800px\" \/><\/span><\/div><\/div><div class=\"fusion-sep-clear\"><\/div><div class=\"fusion-separator fusion-full-width-sep\" style=\"margin-left: auto;margin-right: auto;margin-top:20px;width:100%;\"><\/div><div class=\"fusion-sep-clear\"><\/div><div class=\"fusion-clearfix\"><\/div><\/div><\/div><div class=\"fusion-layout-column fusion_builder_column fusion-builder-column-1 fusion_builder_column_1_1 1_1 fusion-one-full fusion-column-first fusion-column-last fusion-column-no-min-height\" style=\"--awb-bg-size:cover;--awb-margin-top:0px;--awb-margin-bottom:0px;\"><div class=\"fusion-column-wrapper fusion-flex-column-wrapper-legacy\"><div class=\"fusion-video fusion-youtube\" style=\"--awb-max-width:600px;--awb-max-height:350px;\"><div class=\"video-shortcode\"><div class=\"fluid-width-video-wrapper\" style=\"padding-top:58.33%;\" ><iframe title=\"YouTube video player 1\" src=\"https:\/\/www.youtube.com\/embed\/vgVCXJQGNwU?wmode=transparent&autoplay=0\" width=\"600\" height=\"350\" allowfullscreen allow=\"autoplay; clipboard-write; encrypted-media; gyroscope; picture-in-picture;\"><\/iframe><\/div><\/div><\/div><div class=\"fusion-sep-clear\"><\/div><div class=\"fusion-separator fusion-full-width-sep\" style=\"margin-left: auto;margin-right: auto;margin-top:20px;width:100%;\"><\/div><div class=\"fusion-sep-clear\"><\/div><div class=\"fusion-text fusion-text-1\"><p>Las cuchillas quitanieves Beilhack PV 3 y PV 4, para uso en carreteras y autopistas del pa\u00eds, cuentan con un dispositivo basculante ajustable de 30\u00b0 a 36\u00b0.<br \/>\nEl quitanieves de 3 secciones est\u00e1 disponible como pala PV con un \u00e1ngulo de inclinaci\u00f3n de la cuchilla de desgaste de 9\u00b0 o, especialmente para zonas con fuertes nevadas, como pala PVF con un \u00e1ngulo de inclinaci\u00f3n del borde de salida m\u00e1s plano de de 21\u00b0. Ello permite una limpieza m\u00e1s agresiva as\u00ed como una eyecci\u00f3n de la nieve a una mayor distancia.<\/p>\n<\/div><div class=\"fusion-clearfix\"><\/div><\/div><\/div><\/div><\/div>\n","protected":false},"excerpt":{"rendered":"","protected":false},"author":1,"featured_media":0,"parent":6874,"menu_order":11,"comment_status":"closed","ping_status":"closed","template":"side-navigation.php","meta":{"footnotes":""},"class_list":["post-6991","page","type-page","status-publish","hentry"],"yoast_head":"<!-- This site is optimized with the Yoast SEO plugin v26.2 - https:\/\/yoast.com\/wordpress\/plugins\/seo\/ -->\n<title>Aebi-Schmidt Beilhack PV-Universal - Telemet<\/title>\n<meta name=\"robots\" content=\"index, follow, max-snippet:-1, max-image-preview:large, max-video-preview:-1\" \/>\n<link rel=\"canonical\" href=\"https:\/\/telemet.com\/es\/snow-clearance\/ash-beilhack-pv-universal\/\" \/>\n<meta property=\"og:locale\" content=\"es_ES\" \/>\n<meta property=\"og:type\" content=\"article\" \/>\n<meta property=\"og:title\" content=\"Aebi-Schmidt Beilhack PV-Universal - Telemet\" \/>\n<meta property=\"og:url\" content=\"https:\/\/telemet.com\/es\/snow-clearance\/ash-beilhack-pv-universal\/\" \/>\n<meta property=\"og:site_name\" content=\"Telemet\" \/>\n<meta property=\"article:modified_time\" content=\"2023-08-18T13:48:54+00:00\" \/>\n<meta property=\"og:image\" content=\"https:\/\/telemet.com\/wp-content\/uploads\/2016\/11\/beilhack_pv_plough.jpg\" \/>\n<meta name=\"twitter:card\" content=\"summary_large_image\" \/>\n<meta name=\"twitter:label1\" content=\"Tiempo de lectura\" \/>\n\t<meta name=\"twitter:data1\" content=\"2 minutes\" \/>\n<script type=\"application\/ld+json\" class=\"yoast-schema-graph\">{\"@context\":\"https:\/\/schema.org\",\"@graph\":[{\"@type\":\"WebPage\",\"@id\":\"https:\/\/telemet.com\/es\/snow-clearance\/ash-beilhack-pv-universal\/\",\"url\":\"https:\/\/telemet.com\/es\/snow-clearance\/ash-beilhack-pv-universal\/\",\"name\":\"Aebi-Schmidt Beilhack PV-Universal - Telemet\",\"isPartOf\":{\"@id\":\"https:\/\/telemet.com\/es\/#website\"},\"primaryImageOfPage\":{\"@id\":\"https:\/\/telemet.com\/es\/snow-clearance\/ash-beilhack-pv-universal\/#primaryimage\"},\"image\":{\"@id\":\"https:\/\/telemet.com\/es\/snow-clearance\/ash-beilhack-pv-universal\/#primaryimage\"},\"thumbnailUrl\":\"https:\/\/telemet.com\/wp-content\/uploads\/2016\/11\/beilhack_pv_plough.jpg\",\"datePublished\":\"2016-11-21T01:40:15+00:00\",\"dateModified\":\"2023-08-18T13:48:54+00:00\",\"breadcrumb\":{\"@id\":\"https:\/\/telemet.com\/es\/snow-clearance\/ash-beilhack-pv-universal\/#breadcrumb\"},\"inLanguage\":\"es-ES\",\"potentialAction\":[{\"@type\":\"ReadAction\",\"target\":[\"https:\/\/telemet.com\/es\/snow-clearance\/ash-beilhack-pv-universal\/\"]}]},{\"@type\":\"ImageObject\",\"inLanguage\":\"es-ES\",\"@id\":\"https:\/\/telemet.com\/es\/snow-clearance\/ash-beilhack-pv-universal\/#primaryimage\",\"url\":\"https:\/\/telemet.com\/wp-content\/uploads\/2016\/11\/beilhack_pv_plough.jpg\",\"contentUrl\":\"https:\/\/telemet.com\/wp-content\/uploads\/2016\/11\/beilhack_pv_plough.jpg\"},{\"@type\":\"BreadcrumbList\",\"@id\":\"https:\/\/telemet.com\/es\/snow-clearance\/ash-beilhack-pv-universal\/#breadcrumb\",\"itemListElement\":[{\"@type\":\"ListItem\",\"position\":1,\"name\":\"Home\",\"item\":\"https:\/\/telemet.com\/es\/\"},{\"@type\":\"ListItem\",\"position\":2,\"name\":\"Aebi-Schmidt Snow clearance\",\"item\":\"https:\/\/telemet.com\/es\/snow-clearance\/\"},{\"@type\":\"ListItem\",\"position\":3,\"name\":\"Aebi-Schmidt Beilhack PV-Universal\"}]},{\"@type\":\"WebSite\",\"@id\":\"https:\/\/telemet.com\/es\/#website\",\"url\":\"https:\/\/telemet.com\/es\/\",\"name\":\"Telemet, Inc.\",\"description\":\"Efficiency through Simplicity\",\"potentialAction\":[{\"@type\":\"SearchAction\",\"target\":{\"@type\":\"EntryPoint\",\"urlTemplate\":\"https:\/\/telemet.com\/es\/?s={search_term_string}\"},\"query-input\":{\"@type\":\"PropertyValueSpecification\",\"valueRequired\":true,\"valueName\":\"search_term_string\"}}],\"inLanguage\":\"es-ES\"}]}<\/script>\n<!-- \/ Yoast SEO plugin. -->","yoast_head_json":{"title":"Aebi-Schmidt Beilhack PV-Universal - Telemet","robots":{"index":"index","follow":"follow","max-snippet":"max-snippet:-1","max-image-preview":"max-image-preview:large","max-video-preview":"max-video-preview:-1"},"canonical":"https:\/\/telemet.com\/es\/snow-clearance\/ash-beilhack-pv-universal\/","og_locale":"es_ES","og_type":"article","og_title":"Aebi-Schmidt Beilhack PV-Universal - Telemet","og_url":"https:\/\/telemet.com\/es\/snow-clearance\/ash-beilhack-pv-universal\/","og_site_name":"Telemet","article_modified_time":"2023-08-18T13:48:54+00:00","og_image":[{"url":"https:\/\/telemet.com\/wp-content\/uploads\/2016\/11\/beilhack_pv_plough.jpg","type":"","width":"","height":""}],"twitter_card":"summary_large_image","twitter_misc":{"Tiempo de lectura":"2 minutes"},"schema":{"@context":"https:\/\/schema.org","@graph":[{"@type":"WebPage","@id":"https:\/\/telemet.com\/es\/snow-clearance\/ash-beilhack-pv-universal\/","url":"https:\/\/telemet.com\/es\/snow-clearance\/ash-beilhack-pv-universal\/","name":"Aebi-Schmidt Beilhack PV-Universal - Telemet","isPartOf":{"@id":"https:\/\/telemet.com\/es\/#website"},"primaryImageOfPage":{"@id":"https:\/\/telemet.com\/es\/snow-clearance\/ash-beilhack-pv-universal\/#primaryimage"},"image":{"@id":"https:\/\/telemet.com\/es\/snow-clearance\/ash-beilhack-pv-universal\/#primaryimage"},"thumbnailUrl":"https:\/\/telemet.com\/wp-content\/uploads\/2016\/11\/beilhack_pv_plough.jpg","datePublished":"2016-11-21T01:40:15+00:00","dateModified":"2023-08-18T13:48:54+00:00","breadcrumb":{"@id":"https:\/\/telemet.com\/es\/snow-clearance\/ash-beilhack-pv-universal\/#breadcrumb"},"inLanguage":"es-ES","potentialAction":[{"@type":"ReadAction","target":["https:\/\/telemet.com\/es\/snow-clearance\/ash-beilhack-pv-universal\/"]}]},{"@type":"ImageObject","inLanguage":"es-ES","@id":"https:\/\/telemet.com\/es\/snow-clearance\/ash-beilhack-pv-universal\/#primaryimage","url":"https:\/\/telemet.com\/wp-content\/uploads\/2016\/11\/beilhack_pv_plough.jpg","contentUrl":"https:\/\/telemet.com\/wp-content\/uploads\/2016\/11\/beilhack_pv_plough.jpg"},{"@type":"BreadcrumbList","@id":"https:\/\/telemet.com\/es\/snow-clearance\/ash-beilhack-pv-universal\/#breadcrumb","itemListElement":[{"@type":"ListItem","position":1,"name":"Home","item":"https:\/\/telemet.com\/es\/"},{"@type":"ListItem","position":2,"name":"Aebi-Schmidt Snow clearance","item":"https:\/\/telemet.com\/es\/snow-clearance\/"},{"@type":"ListItem","position":3,"name":"Aebi-Schmidt Beilhack PV-Universal"}]},{"@type":"WebSite","@id":"https:\/\/telemet.com\/es\/#website","url":"https:\/\/telemet.com\/es\/","name":"Telemet, Inc.","description":"Efficiency through Simplicity","potentialAction":[{"@type":"SearchAction","target":{"@type":"EntryPoint","urlTemplate":"https:\/\/telemet.com\/es\/?s={search_term_string}"},"query-input":{"@type":"PropertyValueSpecification","valueRequired":true,"valueName":"search_term_string"}}],"inLanguage":"es-ES"}]}},"_links":{"self":[{"href":"https:\/\/telemet.com\/es\/wp-json\/wp\/v2\/pages\/6991","targetHints":{"allow":["GET"]}}],"collection":[{"href":"https:\/\/telemet.com\/es\/wp-json\/wp\/v2\/pages"}],"about":[{"href":"https:\/\/telemet.com\/es\/wp-json\/wp\/v2\/types\/page"}],"author":[{"embeddable":true,"href":"https:\/\/telemet.com\/es\/wp-json\/wp\/v2\/users\/1"}],"replies":[{"embeddable":true,"href":"https:\/\/telemet.com\/es\/wp-json\/wp\/v2\/comments?post=6991"}],"version-history":[{"count":3,"href":"https:\/\/telemet.com\/es\/wp-json\/wp\/v2\/pages\/6991\/revisions"}],"predecessor-version":[{"id":14062,"href":"https:\/\/telemet.com\/es\/wp-json\/wp\/v2\/pages\/6991\/revisions\/14062"}],"up":[{"embeddable":true,"href":"https:\/\/telemet.com\/es\/wp-json\/wp\/v2\/pages\/6874"}],"wp:attachment":[{"href":"https:\/\/telemet.com\/es\/wp-json\/wp\/v2\/media?parent=6991"}],"curies":[{"name":"wp","href":"https:\/\/api.w.org\/{rel}","templated":true}]}}