{"id":7008,"date":"2016-11-21T02:06:13","date_gmt":"2016-11-21T02:06:01","guid":{"rendered":"http:\/\/telemet.com\/es\/snow-clearance\/ash-vp-wedge-snow-plough\/"},"modified":"2023-08-18T13:37:45","modified_gmt":"2023-08-18T13:37:45","slug":"ash-vp-wedge-snow-plough","status":"publish","type":"page","link":"https:\/\/telemet.com\/es\/snow-clearance\/ash-vp-wedge-snow-plough\/","title":{"rendered":"Aebi-Schmidt VP Cu\u00f1a quitanieves"},"content":{"rendered":"<div class=\"fusion-fullwidth fullwidth-box fusion-builder-row-1 nonhundred-percent-fullwidth non-hundred-percent-height-scrolling\" style=\"--awb-background-position:left top;--awb-border-radius-top-left:0px;--awb-border-radius-top-right:0px;--awb-border-radius-bottom-right:0px;--awb-border-radius-bottom-left:0px;--awb-padding-top:0px;--awb-padding-bottom:20px;--awb-border-sizes-top:0px;--awb-border-sizes-bottom:0px;--awb-flex-wrap:wrap;\" ><div class=\"fusion-builder-row fusion-row\"><div class=\"fusion-layout-column fusion_builder_column fusion-builder-column-0 fusion_builder_column_1_1 1_1 fusion-one-full fusion-column-first fusion-column-last fusion-column-no-min-height\" style=\"--awb-bg-size:cover;--awb-margin-top:0px;--awb-margin-bottom:0px;\"><div class=\"fusion-column-wrapper fusion-flex-column-wrapper-legacy\"><div class=\"fusion-image-element fusion-image-align-center in-legacy-container\" style=\"text-align:center;--awb-caption-title-font-family:var(--h2_typography-font-family);--awb-caption-title-font-weight:var(--h2_typography-font-weight);--awb-caption-title-font-style:var(--h2_typography-font-style);--awb-caption-title-size:var(--h2_typography-font-size);--awb-caption-title-transform:var(--h2_typography-text-transform);--awb-caption-title-line-height:var(--h2_typography-line-height);--awb-caption-title-letter-spacing:var(--h2_typography-letter-spacing);\"><div class=\"imageframe-align-center\"><span class=\" fusion-imageframe imageframe-none imageframe-1 hover-type-none\"><img decoding=\"async\" width=\"1181\" height=\"761\" title=\"vp_g01-aebi\" src=\"https:\/\/telemet.com\/wp-content\/uploads\/2016\/11\/VP_G01-aebi.gif\" alt class=\"img-responsive wp-image-13883\"\/><\/span><\/div><\/div><div class=\"fusion-sep-clear\"><\/div><div class=\"fusion-separator fusion-full-width-sep\" style=\"margin-left: auto;margin-right: auto;margin-top:20px;width:100%;\"><\/div><div class=\"fusion-sep-clear\"><\/div><div class=\"fusion-align-block\"><a class=\"fusion-button button-flat button-xlarge button-default fusion-button-default button-1 fusion-button-default-span \" style=\"width:calc(100%);\" target=\"_blank\" rel=\"noopener noreferrer\" title=\"Download Brochure\" aria-label=\"Download Brochure\" href=\"\/wp-content\/uploads\/2016\/11\/LL_VP_EN.pdf\"><span class=\"fusion-button-text awb-button__text awb-button__text--default\">Download Brochure (PDF)<\/span><i class=\" fa fa-file-pdf-o awb-button__icon awb-button__icon--default button-icon-right\" aria-hidden=\"true\"><\/i><\/a><\/div><div class=\"fusion-sep-clear\"><\/div><div class=\"fusion-separator fusion-full-width-sep\" style=\"margin-left: auto;margin-right: auto;margin-top:20px;width:100%;\"><\/div><div class=\"fusion-sep-clear\"><\/div><div class=\"fusion-clearfix\"><\/div><\/div><\/div><div class=\"fusion-layout-column fusion_builder_column fusion-builder-column-1 fusion_builder_column_1_1 1_1 fusion-one-full fusion-column-first fusion-column-last fusion-column-no-min-height\" style=\"--awb-bg-size:cover;--awb-margin-top:0px;--awb-margin-bottom:0px;\"><div class=\"fusion-column-wrapper fusion-flex-column-wrapper-legacy\"><div class=\"fusion-video fusion-youtube\" style=\"--awb-max-width:600px;--awb-max-height:350px;\"><div class=\"video-shortcode\"><div class=\"fluid-width-video-wrapper\" style=\"padding-top:58.33%;\" ><iframe title=\"YouTube video player 1\" src=\"https:\/\/www.youtube.com\/embed\/vgVCXJQGNwU?wmode=transparent&autoplay=0\" width=\"600\" height=\"350\" allowfullscreen allow=\"autoplay; clipboard-write; encrypted-media; gyroscope; picture-in-picture;\"><\/iframe><\/div><\/div><\/div><div class=\"fusion-sep-clear\"><\/div><div class=\"fusion-separator fusion-full-width-sep\" style=\"margin-left: auto;margin-right: auto;margin-top:20px;width:100%;\"><\/div><div class=\"fusion-sep-clear\"><\/div><div class=\"fusion-text fusion-text-1\"><p>Las cuchillas quitanieves especiales de la gama VP constan de dos aletas y se pueden utilizar como una cu\u00f1a, en forma de V, o como cuchilla quitanieves de una sola pala. Se encuentran dise\u00f1ados para limpiar grandes cantidades de nieve y han sido espec\u00edficamente desarrollados para el mercado Escandinavo.<\/p>\n<h3>Flexible y fiable<\/h3>\n<p>La fortaleza de las cu\u00f1as quitanieves VP reside en su flexibilidad individual. Las aletas se pueden inclinar de manera continua y, por tanto, ofrecen un elevado nivel de flexibilidad, necesario para lograr una capacidad m\u00e1xima de limpieza. Adem\u00e1s, la posibilidad de cambiar la forma de la cuchilla ampl\u00eda el \u00e1rea de aplicaci\u00f3n. De esta forma, la anchura de limpieza del modelo VP 240 va desde los 1965 mm para limpieza lateral y alcanza los 2400 mm para limpieza frontal. Cuando se limpia en V o en cu\u00f1a, la anchura es de 2150 mm. The VP 400 posee una anchura de limpieza de 3275 mm hasta 4000 mm, en forma de cu\u00f1a es de 3580 mm y en forma de V alcanza una anchura de 3480 mm.<\/p>\n<h3>Estable y segura<\/h3>\n<p>El dise\u00f1o y la construcci\u00f3n de la cu\u00f1a quitanieves VP en acero Sueco de alta calidad garantiza una elevada estabilidad. Cada cuchilla est\u00e1 equipada con un sistema de desviaci\u00f3n que garantiza la protecci\u00f3n frente a da\u00f1os cuando se desplaza por superficies con obst\u00e1culos. Los grandes cilindros hidr\u00e1ulicos con una dispositivo de protecci\u00f3n sobredimensionado, permite el ajuste continuo de la pala. La serie VP de cuchillas quitanieves est\u00e1 especialmente dise\u00f1ada para su montaje en tractores y en palas cargadoras de ruedas. Est\u00e1n dotados de apoyos cortos que permite un montaje directo en el veh\u00edculo de transporte. Esto tambi\u00e9n contribuye a la alta estabilidad y a la distribuci\u00f3n de energ\u00eda. Adem\u00e1s, el operador dispone de una mejor visi\u00f3n de la zona de trabajo inmediata.<\/p>\n<h3>Eyecci\u00f3n \u00f3ptima de la nieve<\/h3>\n<p>La forma de la cu\u00f1a quitanieves VP ha sido dise\u00f1ada de tal forma que se puede lograr una eyecci\u00f3n \u00f3ptima de la nieve con independencia de su altura. Por este motivo, las cuchillas quitanieves VP resultan ideales para limpiar nieve de superficies irregulares tales como aparcamientos o calles estrechas y caminos. Empujar la nieve y limpiar de manera selectiva las calzadas son s\u00f3lo algunas de las muchas opciones disponibles.<\/p>\n<\/div><div class=\"fusion-clearfix\"><\/div><\/div><\/div><\/div><\/div>\n","protected":false},"excerpt":{"rendered":"","protected":false},"author":1,"featured_media":0,"parent":6874,"menu_order":13,"comment_status":"closed","ping_status":"closed","template":"side-navigation.php","meta":{"footnotes":""},"class_list":["post-7008","page","type-page","status-publish","hentry"],"yoast_head":"<!-- This site is optimized with the Yoast SEO plugin v26.2 - https:\/\/yoast.com\/wordpress\/plugins\/seo\/ -->\n<title>Aebi-Schmidt VP Cu\u00f1a quitanieves - Telemet<\/title>\n<meta name=\"robots\" content=\"index, follow, max-snippet:-1, max-image-preview:large, max-video-preview:-1\" \/>\n<link rel=\"canonical\" href=\"https:\/\/telemet.com\/es\/snow-clearance\/ash-vp-wedge-snow-plough\/\" \/>\n<meta property=\"og:locale\" content=\"es_ES\" \/>\n<meta property=\"og:type\" content=\"article\" \/>\n<meta property=\"og:title\" content=\"Aebi-Schmidt VP Cu\u00f1a quitanieves - Telemet\" \/>\n<meta property=\"og:url\" content=\"https:\/\/telemet.com\/es\/snow-clearance\/ash-vp-wedge-snow-plough\/\" \/>\n<meta property=\"og:site_name\" content=\"Telemet\" \/>\n<meta property=\"article:modified_time\" content=\"2023-08-18T13:37:45+00:00\" \/>\n<meta property=\"og:image\" content=\"https:\/\/telemet.com\/wp-content\/uploads\/2016\/11\/VP_G01-aebi.gif\" \/>\n<meta name=\"twitter:card\" content=\"summary_large_image\" \/>\n<meta name=\"twitter:label1\" content=\"Tiempo de lectura\" \/>\n\t<meta name=\"twitter:data1\" content=\"4 minutes\" \/>\n<script type=\"application\/ld+json\" class=\"yoast-schema-graph\">{\"@context\":\"https:\/\/schema.org\",\"@graph\":[{\"@type\":\"WebPage\",\"@id\":\"https:\/\/telemet.com\/es\/snow-clearance\/ash-vp-wedge-snow-plough\/\",\"url\":\"https:\/\/telemet.com\/es\/snow-clearance\/ash-vp-wedge-snow-plough\/\",\"name\":\"Aebi-Schmidt VP Cu\u00f1a quitanieves - Telemet\",\"isPartOf\":{\"@id\":\"https:\/\/telemet.com\/es\/#website\"},\"primaryImageOfPage\":{\"@id\":\"https:\/\/telemet.com\/es\/snow-clearance\/ash-vp-wedge-snow-plough\/#primaryimage\"},\"image\":{\"@id\":\"https:\/\/telemet.com\/es\/snow-clearance\/ash-vp-wedge-snow-plough\/#primaryimage\"},\"thumbnailUrl\":\"https:\/\/telemet.com\/wp-content\/uploads\/2016\/11\/VP_G01-aebi.gif\",\"datePublished\":\"2016-11-21T02:06:01+00:00\",\"dateModified\":\"2023-08-18T13:37:45+00:00\",\"breadcrumb\":{\"@id\":\"https:\/\/telemet.com\/es\/snow-clearance\/ash-vp-wedge-snow-plough\/#breadcrumb\"},\"inLanguage\":\"es-ES\",\"potentialAction\":[{\"@type\":\"ReadAction\",\"target\":[\"https:\/\/telemet.com\/es\/snow-clearance\/ash-vp-wedge-snow-plough\/\"]}]},{\"@type\":\"ImageObject\",\"inLanguage\":\"es-ES\",\"@id\":\"https:\/\/telemet.com\/es\/snow-clearance\/ash-vp-wedge-snow-plough\/#primaryimage\",\"url\":\"https:\/\/telemet.com\/wp-content\/uploads\/2016\/11\/VP_G01-aebi.gif\",\"contentUrl\":\"https:\/\/telemet.com\/wp-content\/uploads\/2016\/11\/VP_G01-aebi.gif\"},{\"@type\":\"BreadcrumbList\",\"@id\":\"https:\/\/telemet.com\/es\/snow-clearance\/ash-vp-wedge-snow-plough\/#breadcrumb\",\"itemListElement\":[{\"@type\":\"ListItem\",\"position\":1,\"name\":\"Home\",\"item\":\"https:\/\/telemet.com\/es\/\"},{\"@type\":\"ListItem\",\"position\":2,\"name\":\"Aebi-Schmidt Snow clearance\",\"item\":\"https:\/\/telemet.com\/es\/snow-clearance\/\"},{\"@type\":\"ListItem\",\"position\":3,\"name\":\"Aebi-Schmidt VP Cu\u00f1a quitanieves\"}]},{\"@type\":\"WebSite\",\"@id\":\"https:\/\/telemet.com\/es\/#website\",\"url\":\"https:\/\/telemet.com\/es\/\",\"name\":\"Telemet, Inc.\",\"description\":\"Efficiency through Simplicity\",\"potentialAction\":[{\"@type\":\"SearchAction\",\"target\":{\"@type\":\"EntryPoint\",\"urlTemplate\":\"https:\/\/telemet.com\/es\/?s={search_term_string}\"},\"query-input\":{\"@type\":\"PropertyValueSpecification\",\"valueRequired\":true,\"valueName\":\"search_term_string\"}}],\"inLanguage\":\"es-ES\"}]}<\/script>\n<!-- \/ Yoast SEO plugin. -->","yoast_head_json":{"title":"Aebi-Schmidt VP Cu\u00f1a quitanieves - Telemet","robots":{"index":"index","follow":"follow","max-snippet":"max-snippet:-1","max-image-preview":"max-image-preview:large","max-video-preview":"max-video-preview:-1"},"canonical":"https:\/\/telemet.com\/es\/snow-clearance\/ash-vp-wedge-snow-plough\/","og_locale":"es_ES","og_type":"article","og_title":"Aebi-Schmidt VP Cu\u00f1a quitanieves - Telemet","og_url":"https:\/\/telemet.com\/es\/snow-clearance\/ash-vp-wedge-snow-plough\/","og_site_name":"Telemet","article_modified_time":"2023-08-18T13:37:45+00:00","og_image":[{"url":"https:\/\/telemet.com\/wp-content\/uploads\/2016\/11\/VP_G01-aebi.gif","type":"","width":"","height":""}],"twitter_card":"summary_large_image","twitter_misc":{"Tiempo de lectura":"4 minutes"},"schema":{"@context":"https:\/\/schema.org","@graph":[{"@type":"WebPage","@id":"https:\/\/telemet.com\/es\/snow-clearance\/ash-vp-wedge-snow-plough\/","url":"https:\/\/telemet.com\/es\/snow-clearance\/ash-vp-wedge-snow-plough\/","name":"Aebi-Schmidt VP Cu\u00f1a quitanieves - Telemet","isPartOf":{"@id":"https:\/\/telemet.com\/es\/#website"},"primaryImageOfPage":{"@id":"https:\/\/telemet.com\/es\/snow-clearance\/ash-vp-wedge-snow-plough\/#primaryimage"},"image":{"@id":"https:\/\/telemet.com\/es\/snow-clearance\/ash-vp-wedge-snow-plough\/#primaryimage"},"thumbnailUrl":"https:\/\/telemet.com\/wp-content\/uploads\/2016\/11\/VP_G01-aebi.gif","datePublished":"2016-11-21T02:06:01+00:00","dateModified":"2023-08-18T13:37:45+00:00","breadcrumb":{"@id":"https:\/\/telemet.com\/es\/snow-clearance\/ash-vp-wedge-snow-plough\/#breadcrumb"},"inLanguage":"es-ES","potentialAction":[{"@type":"ReadAction","target":["https:\/\/telemet.com\/es\/snow-clearance\/ash-vp-wedge-snow-plough\/"]}]},{"@type":"ImageObject","inLanguage":"es-ES","@id":"https:\/\/telemet.com\/es\/snow-clearance\/ash-vp-wedge-snow-plough\/#primaryimage","url":"https:\/\/telemet.com\/wp-content\/uploads\/2016\/11\/VP_G01-aebi.gif","contentUrl":"https:\/\/telemet.com\/wp-content\/uploads\/2016\/11\/VP_G01-aebi.gif"},{"@type":"BreadcrumbList","@id":"https:\/\/telemet.com\/es\/snow-clearance\/ash-vp-wedge-snow-plough\/#breadcrumb","itemListElement":[{"@type":"ListItem","position":1,"name":"Home","item":"https:\/\/telemet.com\/es\/"},{"@type":"ListItem","position":2,"name":"Aebi-Schmidt Snow clearance","item":"https:\/\/telemet.com\/es\/snow-clearance\/"},{"@type":"ListItem","position":3,"name":"Aebi-Schmidt VP Cu\u00f1a quitanieves"}]},{"@type":"WebSite","@id":"https:\/\/telemet.com\/es\/#website","url":"https:\/\/telemet.com\/es\/","name":"Telemet, Inc.","description":"Efficiency through Simplicity","potentialAction":[{"@type":"SearchAction","target":{"@type":"EntryPoint","urlTemplate":"https:\/\/telemet.com\/es\/?s={search_term_string}"},"query-input":{"@type":"PropertyValueSpecification","valueRequired":true,"valueName":"search_term_string"}}],"inLanguage":"es-ES"}]}},"_links":{"self":[{"href":"https:\/\/telemet.com\/es\/wp-json\/wp\/v2\/pages\/7008","targetHints":{"allow":["GET"]}}],"collection":[{"href":"https:\/\/telemet.com\/es\/wp-json\/wp\/v2\/pages"}],"about":[{"href":"https:\/\/telemet.com\/es\/wp-json\/wp\/v2\/types\/page"}],"author":[{"embeddable":true,"href":"https:\/\/telemet.com\/es\/wp-json\/wp\/v2\/users\/1"}],"replies":[{"embeddable":true,"href":"https:\/\/telemet.com\/es\/wp-json\/wp\/v2\/comments?post=7008"}],"version-history":[{"count":3,"href":"https:\/\/telemet.com\/es\/wp-json\/wp\/v2\/pages\/7008\/revisions"}],"predecessor-version":[{"id":13936,"href":"https:\/\/telemet.com\/es\/wp-json\/wp\/v2\/pages\/7008\/revisions\/13936"}],"up":[{"embeddable":true,"href":"https:\/\/telemet.com\/es\/wp-json\/wp\/v2\/pages\/6874"}],"wp:attachment":[{"href":"https:\/\/telemet.com\/es\/wp-json\/wp\/v2\/media?parent=7008"}],"curies":[{"name":"wp","href":"https:\/\/api.w.org\/{rel}","templated":true}]}}