{"id":7056,"date":"2016-11-21T03:01:13","date_gmt":"2016-11-21T03:01:03","guid":{"rendered":"http:\/\/telemet.com\/es\/snow-clearance\/ash-fs-snow-cutter-blower\/"},"modified":"2023-08-18T13:38:59","modified_gmt":"2023-08-18T13:38:59","slug":"ash-fs-snow-cutter-blower","status":"publish","type":"page","link":"https:\/\/telemet.com\/es\/snow-clearance\/ash-fs-snow-cutter-blower\/","title":{"rendered":"Aebi-Schmidt FS Turbo-fresadora de nieve"},"content":{"rendered":"<div class=\"fusion-fullwidth fullwidth-box fusion-builder-row-1 nonhundred-percent-fullwidth non-hundred-percent-height-scrolling\" style=\"--awb-background-position:left top;--awb-border-radius-top-left:0px;--awb-border-radius-top-right:0px;--awb-border-radius-bottom-right:0px;--awb-border-radius-bottom-left:0px;--awb-padding-top:0px;--awb-padding-bottom:20px;--awb-border-sizes-top:0px;--awb-border-sizes-bottom:0px;--awb-flex-wrap:wrap;\" ><div class=\"fusion-builder-row fusion-row\"><div class=\"fusion-layout-column fusion_builder_column fusion-builder-column-0 fusion_builder_column_1_1 1_1 fusion-one-full fusion-column-first fusion-column-last fusion-column-no-min-height\" style=\"--awb-bg-size:cover;--awb-margin-top:0px;--awb-margin-bottom:0px;\"><div class=\"fusion-column-wrapper fusion-flex-column-wrapper-legacy\"><div class=\"fusion-image-element fusion-image-align-center in-legacy-container\" style=\"text-align:center;--awb-caption-title-font-family:var(--h2_typography-font-family);--awb-caption-title-font-weight:var(--h2_typography-font-weight);--awb-caption-title-font-style:var(--h2_typography-font-style);--awb-caption-title-size:var(--h2_typography-font-size);--awb-caption-title-transform:var(--h2_typography-text-transform);--awb-caption-title-line-height:var(--h2_typography-line-height);--awb-caption-title-letter-spacing:var(--h2_typography-letter-spacing);\"><div class=\"imageframe-align-center\"><span class=\" fusion-imageframe imageframe-none imageframe-1 hover-type-none\"><img decoding=\"async\" width=\"1181\" height=\"737\" title=\"aebi-fs\" src=\"https:\/\/telemet.com\/wp-content\/uploads\/2016\/11\/aebi-FS.gif\" alt class=\"img-responsive wp-image-13907\"\/><\/span><\/div><\/div><div class=\"fusion-sep-clear\"><\/div><div class=\"fusion-separator fusion-full-width-sep\" style=\"margin-left: auto;margin-right: auto;margin-top:20px;width:100%;\"><\/div><div class=\"fusion-sep-clear\"><\/div><div class=\"fusion-align-block\"><a class=\"fusion-button button-flat button-xlarge button-default fusion-button-default button-1 fusion-button-default-span \" style=\"width:calc(100%);\" target=\"_blank\" rel=\"noopener noreferrer\" title=\"Download Brochure\" aria-label=\"Download Brochure\" href=\"\/wp-content\/uploads\/2016\/11\/LW_FS_en_2016.pdf\"><span class=\"fusion-button-text awb-button__text awb-button__text--default\">Download Brochure (PDF)<\/span><i class=\" fa fa-file-pdf-o awb-button__icon awb-button__icon--default button-icon-right\" aria-hidden=\"true\"><\/i><\/a><\/div><div class=\"fusion-sep-clear\"><\/div><div class=\"fusion-separator fusion-full-width-sep\" style=\"margin-left: auto;margin-right: auto;margin-top:20px;width:100%;\"><\/div><div class=\"fusion-sep-clear\"><\/div><div class=\"fusion-clearfix\"><\/div><\/div><\/div><div class=\"fusion-layout-column fusion_builder_column fusion-builder-column-1 fusion_builder_column_1_1 1_1 fusion-one-full fusion-column-first fusion-column-last fusion-column-no-min-height\" style=\"--awb-bg-size:cover;--awb-margin-top:0px;--awb-margin-bottom:0px;\"><div class=\"fusion-column-wrapper fusion-flex-column-wrapper-legacy\"><div class=\"fusion-video fusion-youtube\" style=\"--awb-max-width:600px;--awb-max-height:350px;\"><div class=\"video-shortcode\"><div class=\"fluid-width-video-wrapper\" style=\"padding-top:58.33%;\" ><iframe title=\"YouTube video player 1\" src=\"https:\/\/www.youtube.com\/embed\/KYEHaWuu2co?wmode=transparent&autoplay=0\" width=\"600\" height=\"350\" allowfullscreen allow=\"autoplay; clipboard-write; encrypted-media; gyroscope; picture-in-picture;\"><\/iframe><\/div><\/div><\/div><div class=\"fusion-sep-clear\"><\/div><div class=\"fusion-separator fusion-full-width-sep\" style=\"margin-left: auto;margin-right: auto;margin-top:20px;width:100%;\"><\/div><div class=\"fusion-sep-clear\"><\/div><div class=\"fusion-text fusion-text-1\"><p>La gama robusta de turbo-fresadoras de nieve ha sido dise\u00f1ada para su montaje en Unimog y para su empleo en el duro mantenimiento invernal de viales municipales. Resultan extremadamente eficientes para la limpieza de muros elevados de nieve helada y dura. Tambi\u00e9n son capaces de eliminar las paredes laterales de nieve que van dejando las cuchillas quitanieves.<\/p>\n<h3>Construcci\u00f3n y tecnolog\u00eda<\/h3>\n<p>La serie FS est\u00e1 fabricada con materiales de elevada calidad que los hace capaces de enfrentarse a tareas muy exigentes. Con su tambor de corte con dientes de sierra son capaces de hacer frente f\u00e1cilmente a la nieve helada, endurecida y antigua. Las cuchillas de corte para nieve montadas en el lateral mueven la nieve situada delante de los tambores de corte. Los tambores de corte abiertos transportan la nieve hacia la turbina sopladora y la expulsan a trav\u00e9s del conducto que pivota hidr\u00e1ulicamente 275\u00ba. La gama FS de turbo-fresadoras de nieve montables satisfacen una amplia gama de demandas con su amplia variedad de posibilidades y anchuras de limpieza. Los tambores y las turbinas sopladoras se encuentran disponibles en una amplia gama de di\u00e1metros. La turbo-fresadora de nieve es accionada a trav\u00e9s del P.T.O. frontal del veh\u00edculo de transporte. La alimentaci\u00f3n se dirige hacia la turbina sopladora mediante el eje de transmisi\u00f3n o, m\u00e1s espec\u00edficamente, a trav\u00e9s del cambio de marchas. Tras la turbina sopladora, un engranaje angular alimenta a los tambores de corte. Los tambores de corte est\u00e1n ubicados en el medio y en los laterales para una mayor estabilidad.<\/p>\n<h3>Limpieza flexible en \u00e1mbitos urbanos y rurales<\/h3>\n<p>Las turbo-fresadoras de nieve de la serie FS tienen anchuras de limpieza de 2200 mm hasta 2650 mm. Esto los hace ideales para su empleo en diferentes tipos de carreteras. Adaptados idealmente para la limpieza de calzadas en ciudades, cargan la nieve en las plataformas de carga de los camiones con el conducto de carga pivotante. El las zonas rurales, la nieve se expulsa hacia los laterales mediante el conducto de eyecci\u00f3n. Estas turbo-fresadoras de nieve son capaces de enfrentarse a acumulaciones de nieve de m\u00e1s de 1000 mm de altura.<\/p>\n<h3>Veh\u00edculos de transporte<\/h3>\n<p>Ambas turbo-fresadoras de nieve FS 75 han sido dise\u00f1adas para su empleo con el Unimog U 300 Los modelos FS 90 y FS 105 se montan sobre Unimog U 400 y U 500. El modelo FS 90 tambi\u00e9n se puede utilizar con el U 1600.<\/p>\n<\/div><div class=\"fusion-clearfix\"><\/div><\/div><\/div><\/div><\/div>\n","protected":false},"excerpt":{"rendered":"","protected":false},"author":1,"featured_media":0,"parent":6874,"menu_order":19,"comment_status":"closed","ping_status":"closed","template":"side-navigation.php","meta":{"footnotes":""},"class_list":["post-7056","page","type-page","status-publish","hentry"],"yoast_head":"<!-- This site is optimized with the Yoast SEO plugin v26.2 - https:\/\/yoast.com\/wordpress\/plugins\/seo\/ -->\n<title>Aebi-Schmidt FS Turbo-fresadora de nieve - Telemet<\/title>\n<meta name=\"robots\" content=\"index, follow, max-snippet:-1, max-image-preview:large, max-video-preview:-1\" \/>\n<link rel=\"canonical\" href=\"https:\/\/telemet.com\/es\/snow-clearance\/ash-fs-snow-cutter-blower\/\" \/>\n<meta property=\"og:locale\" content=\"es_ES\" \/>\n<meta property=\"og:type\" content=\"article\" \/>\n<meta property=\"og:title\" content=\"Aebi-Schmidt FS Turbo-fresadora de nieve - Telemet\" \/>\n<meta property=\"og:url\" content=\"https:\/\/telemet.com\/es\/snow-clearance\/ash-fs-snow-cutter-blower\/\" \/>\n<meta property=\"og:site_name\" content=\"Telemet\" \/>\n<meta property=\"article:modified_time\" content=\"2023-08-18T13:38:59+00:00\" \/>\n<meta property=\"og:image\" content=\"https:\/\/telemet.com\/wp-content\/uploads\/2016\/11\/aebi-FS.gif\" \/>\n<meta name=\"twitter:card\" content=\"summary_large_image\" \/>\n<meta name=\"twitter:label1\" content=\"Tiempo de lectura\" \/>\n\t<meta name=\"twitter:data1\" content=\"4 minutes\" \/>\n<script type=\"application\/ld+json\" class=\"yoast-schema-graph\">{\"@context\":\"https:\/\/schema.org\",\"@graph\":[{\"@type\":\"WebPage\",\"@id\":\"https:\/\/telemet.com\/es\/snow-clearance\/ash-fs-snow-cutter-blower\/\",\"url\":\"https:\/\/telemet.com\/es\/snow-clearance\/ash-fs-snow-cutter-blower\/\",\"name\":\"Aebi-Schmidt FS Turbo-fresadora de nieve - Telemet\",\"isPartOf\":{\"@id\":\"https:\/\/telemet.com\/es\/#website\"},\"primaryImageOfPage\":{\"@id\":\"https:\/\/telemet.com\/es\/snow-clearance\/ash-fs-snow-cutter-blower\/#primaryimage\"},\"image\":{\"@id\":\"https:\/\/telemet.com\/es\/snow-clearance\/ash-fs-snow-cutter-blower\/#primaryimage\"},\"thumbnailUrl\":\"https:\/\/telemet.com\/wp-content\/uploads\/2016\/11\/aebi-FS.gif\",\"datePublished\":\"2016-11-21T03:01:03+00:00\",\"dateModified\":\"2023-08-18T13:38:59+00:00\",\"breadcrumb\":{\"@id\":\"https:\/\/telemet.com\/es\/snow-clearance\/ash-fs-snow-cutter-blower\/#breadcrumb\"},\"inLanguage\":\"es-ES\",\"potentialAction\":[{\"@type\":\"ReadAction\",\"target\":[\"https:\/\/telemet.com\/es\/snow-clearance\/ash-fs-snow-cutter-blower\/\"]}]},{\"@type\":\"ImageObject\",\"inLanguage\":\"es-ES\",\"@id\":\"https:\/\/telemet.com\/es\/snow-clearance\/ash-fs-snow-cutter-blower\/#primaryimage\",\"url\":\"https:\/\/telemet.com\/wp-content\/uploads\/2016\/11\/aebi-FS.gif\",\"contentUrl\":\"https:\/\/telemet.com\/wp-content\/uploads\/2016\/11\/aebi-FS.gif\"},{\"@type\":\"BreadcrumbList\",\"@id\":\"https:\/\/telemet.com\/es\/snow-clearance\/ash-fs-snow-cutter-blower\/#breadcrumb\",\"itemListElement\":[{\"@type\":\"ListItem\",\"position\":1,\"name\":\"Home\",\"item\":\"https:\/\/telemet.com\/es\/\"},{\"@type\":\"ListItem\",\"position\":2,\"name\":\"Aebi-Schmidt Snow clearance\",\"item\":\"https:\/\/telemet.com\/es\/snow-clearance\/\"},{\"@type\":\"ListItem\",\"position\":3,\"name\":\"Aebi-Schmidt FS Turbo-fresadora de nieve\"}]},{\"@type\":\"WebSite\",\"@id\":\"https:\/\/telemet.com\/es\/#website\",\"url\":\"https:\/\/telemet.com\/es\/\",\"name\":\"Telemet, Inc.\",\"description\":\"Efficiency through Simplicity\",\"potentialAction\":[{\"@type\":\"SearchAction\",\"target\":{\"@type\":\"EntryPoint\",\"urlTemplate\":\"https:\/\/telemet.com\/es\/?s={search_term_string}\"},\"query-input\":{\"@type\":\"PropertyValueSpecification\",\"valueRequired\":true,\"valueName\":\"search_term_string\"}}],\"inLanguage\":\"es-ES\"}]}<\/script>\n<!-- \/ Yoast SEO plugin. -->","yoast_head_json":{"title":"Aebi-Schmidt FS Turbo-fresadora de nieve - Telemet","robots":{"index":"index","follow":"follow","max-snippet":"max-snippet:-1","max-image-preview":"max-image-preview:large","max-video-preview":"max-video-preview:-1"},"canonical":"https:\/\/telemet.com\/es\/snow-clearance\/ash-fs-snow-cutter-blower\/","og_locale":"es_ES","og_type":"article","og_title":"Aebi-Schmidt FS Turbo-fresadora de nieve - Telemet","og_url":"https:\/\/telemet.com\/es\/snow-clearance\/ash-fs-snow-cutter-blower\/","og_site_name":"Telemet","article_modified_time":"2023-08-18T13:38:59+00:00","og_image":[{"url":"https:\/\/telemet.com\/wp-content\/uploads\/2016\/11\/aebi-FS.gif","type":"","width":"","height":""}],"twitter_card":"summary_large_image","twitter_misc":{"Tiempo de lectura":"4 minutes"},"schema":{"@context":"https:\/\/schema.org","@graph":[{"@type":"WebPage","@id":"https:\/\/telemet.com\/es\/snow-clearance\/ash-fs-snow-cutter-blower\/","url":"https:\/\/telemet.com\/es\/snow-clearance\/ash-fs-snow-cutter-blower\/","name":"Aebi-Schmidt FS Turbo-fresadora de nieve - Telemet","isPartOf":{"@id":"https:\/\/telemet.com\/es\/#website"},"primaryImageOfPage":{"@id":"https:\/\/telemet.com\/es\/snow-clearance\/ash-fs-snow-cutter-blower\/#primaryimage"},"image":{"@id":"https:\/\/telemet.com\/es\/snow-clearance\/ash-fs-snow-cutter-blower\/#primaryimage"},"thumbnailUrl":"https:\/\/telemet.com\/wp-content\/uploads\/2016\/11\/aebi-FS.gif","datePublished":"2016-11-21T03:01:03+00:00","dateModified":"2023-08-18T13:38:59+00:00","breadcrumb":{"@id":"https:\/\/telemet.com\/es\/snow-clearance\/ash-fs-snow-cutter-blower\/#breadcrumb"},"inLanguage":"es-ES","potentialAction":[{"@type":"ReadAction","target":["https:\/\/telemet.com\/es\/snow-clearance\/ash-fs-snow-cutter-blower\/"]}]},{"@type":"ImageObject","inLanguage":"es-ES","@id":"https:\/\/telemet.com\/es\/snow-clearance\/ash-fs-snow-cutter-blower\/#primaryimage","url":"https:\/\/telemet.com\/wp-content\/uploads\/2016\/11\/aebi-FS.gif","contentUrl":"https:\/\/telemet.com\/wp-content\/uploads\/2016\/11\/aebi-FS.gif"},{"@type":"BreadcrumbList","@id":"https:\/\/telemet.com\/es\/snow-clearance\/ash-fs-snow-cutter-blower\/#breadcrumb","itemListElement":[{"@type":"ListItem","position":1,"name":"Home","item":"https:\/\/telemet.com\/es\/"},{"@type":"ListItem","position":2,"name":"Aebi-Schmidt Snow clearance","item":"https:\/\/telemet.com\/es\/snow-clearance\/"},{"@type":"ListItem","position":3,"name":"Aebi-Schmidt FS Turbo-fresadora de nieve"}]},{"@type":"WebSite","@id":"https:\/\/telemet.com\/es\/#website","url":"https:\/\/telemet.com\/es\/","name":"Telemet, Inc.","description":"Efficiency through Simplicity","potentialAction":[{"@type":"SearchAction","target":{"@type":"EntryPoint","urlTemplate":"https:\/\/telemet.com\/es\/?s={search_term_string}"},"query-input":{"@type":"PropertyValueSpecification","valueRequired":true,"valueName":"search_term_string"}}],"inLanguage":"es-ES"}]}},"_links":{"self":[{"href":"https:\/\/telemet.com\/es\/wp-json\/wp\/v2\/pages\/7056","targetHints":{"allow":["GET"]}}],"collection":[{"href":"https:\/\/telemet.com\/es\/wp-json\/wp\/v2\/pages"}],"about":[{"href":"https:\/\/telemet.com\/es\/wp-json\/wp\/v2\/types\/page"}],"author":[{"embeddable":true,"href":"https:\/\/telemet.com\/es\/wp-json\/wp\/v2\/users\/1"}],"replies":[{"embeddable":true,"href":"https:\/\/telemet.com\/es\/wp-json\/wp\/v2\/comments?post=7056"}],"version-history":[{"count":4,"href":"https:\/\/telemet.com\/es\/wp-json\/wp\/v2\/pages\/7056\/revisions"}],"predecessor-version":[{"id":13945,"href":"https:\/\/telemet.com\/es\/wp-json\/wp\/v2\/pages\/7056\/revisions\/13945"}],"up":[{"embeddable":true,"href":"https:\/\/telemet.com\/es\/wp-json\/wp\/v2\/pages\/6874"}],"wp:attachment":[{"href":"https:\/\/telemet.com\/es\/wp-json\/wp\/v2\/media?parent=7056"}],"curies":[{"name":"wp","href":"https:\/\/api.w.org\/{rel}","templated":true}]}}