{"id":7065,"date":"2016-11-21T03:09:57","date_gmt":"2016-11-21T03:09:16","guid":{"rendered":"http:\/\/telemet.com\/es\/snow-clearance\/ash-supra-snow-cutter-blower\/"},"modified":"2023-08-18T13:52:29","modified_gmt":"2023-08-18T13:52:29","slug":"ash-supra-snow-cutter-blower","status":"publish","type":"page","link":"https:\/\/telemet.com\/es\/snow-clearance\/ash-supra-snow-cutter-blower\/","title":{"rendered":"Aebi-Schmidt Supra Turbo-fresadora de nieve"},"content":{"rendered":"<div class=\"fusion-fullwidth fullwidth-box fusion-builder-row-1 nonhundred-percent-fullwidth non-hundred-percent-height-scrolling\" style=\"--awb-background-position:left top;--awb-border-radius-top-left:0px;--awb-border-radius-top-right:0px;--awb-border-radius-bottom-right:0px;--awb-border-radius-bottom-left:0px;--awb-padding-top:0px;--awb-padding-bottom:20px;--awb-border-sizes-top:0px;--awb-border-sizes-bottom:0px;--awb-flex-wrap:wrap;\" ><div class=\"fusion-builder-row fusion-row\"><div class=\"fusion-layout-column fusion_builder_column fusion-builder-column-0 fusion_builder_column_1_1 1_1 fusion-one-full fusion-column-first fusion-column-last fusion-column-no-min-height\" style=\"--awb-bg-size:cover;--awb-margin-top:0px;--awb-margin-bottom:0px;\"><div class=\"fusion-column-wrapper fusion-flex-column-wrapper-legacy\"><div class=\"fusion-image-element fusion-image-align-center in-legacy-container\" style=\"text-align:center;--awb-caption-title-font-family:var(--h2_typography-font-family);--awb-caption-title-font-weight:var(--h2_typography-font-weight);--awb-caption-title-font-style:var(--h2_typography-font-style);--awb-caption-title-size:var(--h2_typography-font-size);--awb-caption-title-transform:var(--h2_typography-text-transform);--awb-caption-title-line-height:var(--h2_typography-line-height);--awb-caption-title-letter-spacing:var(--h2_typography-letter-spacing);\"><div class=\"imageframe-align-center\"><span class=\" fusion-imageframe imageframe-none imageframe-1 hover-type-none\"><img decoding=\"async\" width=\"800\" height=\"600\" title=\"schmidt_supra4002\" src=\"https:\/\/telemet.com\/wp-content\/uploads\/2016\/11\/schmidt_supra4002.jpg\" alt class=\"img-responsive wp-image-14126\" srcset=\"https:\/\/telemet.com\/wp-content\/uploads\/2016\/11\/schmidt_supra4002-200x150.jpg 200w, https:\/\/telemet.com\/wp-content\/uploads\/2016\/11\/schmidt_supra4002-400x300.jpg 400w, https:\/\/telemet.com\/wp-content\/uploads\/2016\/11\/schmidt_supra4002-600x450.jpg 600w, https:\/\/telemet.com\/wp-content\/uploads\/2016\/11\/schmidt_supra4002.jpg 800w\" sizes=\"(max-width: 800px) 100vw, 800px\" \/><\/span><\/div><\/div><div class=\"fusion-sep-clear\"><\/div><div class=\"fusion-separator fusion-full-width-sep\" style=\"margin-left: auto;margin-right: auto;margin-top:20px;width:100%;\"><\/div><div class=\"fusion-sep-clear\"><\/div><div class=\"fusion-align-block\"><a class=\"fusion-button button-flat button-xlarge button-default fusion-button-default button-1 fusion-button-default-span \" style=\"width:calc(100%);\" target=\"_blank\" rel=\"noopener noreferrer\" title=\"Download Brochure\" aria-label=\"Download Brochure\" href=\"\/wp-content\/uploads\/2016\/11\/LW_SUPRA4002_5002_EN_2014.pdf\"><span class=\"fusion-button-text awb-button__text awb-button__text--default\">Download Brochure (PDF)<\/span><i class=\" fa fa-file-pdf-o awb-button__icon awb-button__icon--default button-icon-right\" aria-hidden=\"true\"><\/i><\/a><\/div><div class=\"fusion-sep-clear\"><\/div><div class=\"fusion-separator fusion-full-width-sep\" style=\"margin-left: auto;margin-right: auto;margin-top:20px;width:100%;\"><\/div><div class=\"fusion-sep-clear\"><\/div><div class=\"fusion-clearfix\"><\/div><\/div><\/div><div class=\"fusion-layout-column fusion_builder_column fusion-builder-column-1 fusion_builder_column_1_1 1_1 fusion-one-full fusion-column-first fusion-column-last fusion-column-no-min-height\" style=\"--awb-bg-size:cover;--awb-margin-top:0px;--awb-margin-bottom:0px;\"><div class=\"fusion-column-wrapper fusion-flex-column-wrapper-legacy\"><div class=\"fusion-video fusion-youtube\" style=\"--awb-max-width:600px;--awb-max-height:350px;\"><div class=\"video-shortcode\"><div class=\"fluid-width-video-wrapper\" style=\"padding-top:58.33%;\" ><iframe title=\"YouTube video player 1\" src=\"https:\/\/www.youtube.com\/embed\/UIa5pzkpTWQ?wmode=transparent&autoplay=0\" width=\"600\" height=\"350\" allowfullscreen allow=\"autoplay; clipboard-write; encrypted-media; gyroscope; picture-in-picture;\"><\/iframe><\/div><\/div><\/div><div class=\"fusion-sep-clear\"><\/div><div class=\"fusion-separator fusion-full-width-sep\" style=\"margin-left: auto;margin-right: auto;margin-top:20px;width:100%;\"><\/div><div class=\"fusion-sep-clear\"><\/div><div class=\"fusion-text fusion-text-1\"><h3>Turbo-fresadoras de nieve Supra 4002 y 5002<\/h3>\n<p>Los modelos Supra 4002 y 5002 son turbo-fresadoras de la \u00faltima generaci\u00f3n y han sido espec\u00edficamente dise\u00f1ados para zonas que pueden acumular grandes cantidades de nieve. Estas m\u00e1quinas autopropulsadas est\u00e1n equipadas con transmisiones de potencia de accionamiento inteligentes y direcci\u00f3n articulada, lo que garantiza una excelente capacidad de limpieza. La \u00faltima versi\u00f3n de Supra ha sido optimizada a\u00fan m\u00e1s en t\u00e9rminos de detalles t\u00e9cnicos, ergon\u00f3micos y de dise\u00f1o.<\/p>\n<p>Una de las novedades del Supra 4002 es la unidad de la cabeza de limpieza reversible que ahora se integra directamente en la cabeza de limpieza, lo que elimina la necesidad de un eje de transmisi\u00f3n. La cabeza limpiadora del Supra 5002 se acciona mec\u00e1nicamente mediante una caja de cambios de dos velocidades. La potente unidad de limpieza de nieve de doble bloque incorpora un tambor de corte y una turbina sopladora aguas abajo lo hace posible eyectar la nieve hasta una distancia de 40 m. La capacidad del dep\u00f3sito de 530 l permite hasta 8 horas de funcionamiento ininterrumpido. Opcionalmente, es posible cambiar entre ruedas y orugas utilizando un dispositivo de cambio r\u00e1pido. Los modelos Supra 4002 y 5002 est\u00e1n impulsados por un motor de 6 cilindros y un motor de 8 cilindros, respectivamente. El modelo Supra 4002 tiene una potencia de 320 kW (435 CV) a 1800 rpm y el Supra 5002 una potencia de 420 kW (571 HP), tambi\u00e9n a 1800 rpm. A pesar de estos par\u00e1metros, ambos motores ofrecen una actuaci\u00f3n respetuosa con el medio ambiente de acuerdo con la norma europea sobre emisiones Euromot IV (para los pa\u00edses no miembros Euromot IIIA) &#8211; opera con gran eficiencia de combustible y a un nivel de ruido bajo (marcha eco-transporte).<\/p>\n<p>La comodidad del conductor tambi\u00e9n se ha mejorado considerablemente. Esto incluye la asignaci\u00f3n l\u00f3gica y ergon\u00f3mica de los elementos de mando, una pantalla a color TFT, un panel de control central para la cabeza de limpieza que se puede manejar con una sola mano, vistas panor\u00e1micas sobresalientes, un parabrisas frontal con inclinaci\u00f3n negativa para evitar la acumulaci\u00f3n de nieve as\u00ed como una cabina para el conductor, con capacidad para dos personas, a prueba de ruidos y vibraciones. Adem\u00e1s, la m\u00e1quina cuenta con ventanas calefactadas delanteras y laterales, espejos exteriores calefactados, volante a la derecha, un asiento ajustable y de resorte, y mucho m\u00e1s. \u00bfTiene alguna pregunta sobre otras datos de rendimiento? \u00a1Por favor, no dude en ponerse en contacto con nosotros!<\/p>\n<\/div><div class=\"fusion-clearfix\"><\/div><\/div><\/div><\/div><\/div>\n","protected":false},"excerpt":{"rendered":"","protected":false},"author":1,"featured_media":0,"parent":6874,"menu_order":20,"comment_status":"closed","ping_status":"closed","template":"side-navigation.php","meta":{"footnotes":""},"class_list":["post-7065","page","type-page","status-publish","hentry"],"yoast_head":"<!-- This site is optimized with the Yoast SEO plugin v26.2 - https:\/\/yoast.com\/wordpress\/plugins\/seo\/ -->\n<title>Aebi-Schmidt Supra Turbo-fresadora de nieve - Telemet<\/title>\n<meta name=\"robots\" content=\"index, follow, max-snippet:-1, max-image-preview:large, max-video-preview:-1\" \/>\n<link rel=\"canonical\" href=\"https:\/\/telemet.com\/es\/snow-clearance\/ash-supra-snow-cutter-blower\/\" \/>\n<meta property=\"og:locale\" content=\"es_ES\" \/>\n<meta property=\"og:type\" content=\"article\" \/>\n<meta property=\"og:title\" content=\"Aebi-Schmidt Supra Turbo-fresadora de nieve - Telemet\" \/>\n<meta property=\"og:url\" content=\"https:\/\/telemet.com\/es\/snow-clearance\/ash-supra-snow-cutter-blower\/\" \/>\n<meta property=\"og:site_name\" content=\"Telemet\" \/>\n<meta property=\"article:modified_time\" content=\"2023-08-18T13:52:29+00:00\" \/>\n<meta property=\"og:image\" content=\"https:\/\/telemet.com\/wp-content\/uploads\/2016\/11\/schmidt_supra4002.jpg\" \/>\n<meta name=\"twitter:card\" content=\"summary_large_image\" \/>\n<meta name=\"twitter:label1\" content=\"Tiempo de lectura\" \/>\n\t<meta name=\"twitter:data1\" content=\"4 minutes\" \/>\n<script type=\"application\/ld+json\" class=\"yoast-schema-graph\">{\"@context\":\"https:\/\/schema.org\",\"@graph\":[{\"@type\":\"WebPage\",\"@id\":\"https:\/\/telemet.com\/es\/snow-clearance\/ash-supra-snow-cutter-blower\/\",\"url\":\"https:\/\/telemet.com\/es\/snow-clearance\/ash-supra-snow-cutter-blower\/\",\"name\":\"Aebi-Schmidt Supra Turbo-fresadora de nieve - Telemet\",\"isPartOf\":{\"@id\":\"https:\/\/telemet.com\/es\/#website\"},\"primaryImageOfPage\":{\"@id\":\"https:\/\/telemet.com\/es\/snow-clearance\/ash-supra-snow-cutter-blower\/#primaryimage\"},\"image\":{\"@id\":\"https:\/\/telemet.com\/es\/snow-clearance\/ash-supra-snow-cutter-blower\/#primaryimage\"},\"thumbnailUrl\":\"https:\/\/telemet.com\/wp-content\/uploads\/2016\/11\/schmidt_supra4002.jpg\",\"datePublished\":\"2016-11-21T03:09:16+00:00\",\"dateModified\":\"2023-08-18T13:52:29+00:00\",\"breadcrumb\":{\"@id\":\"https:\/\/telemet.com\/es\/snow-clearance\/ash-supra-snow-cutter-blower\/#breadcrumb\"},\"inLanguage\":\"es-ES\",\"potentialAction\":[{\"@type\":\"ReadAction\",\"target\":[\"https:\/\/telemet.com\/es\/snow-clearance\/ash-supra-snow-cutter-blower\/\"]}]},{\"@type\":\"ImageObject\",\"inLanguage\":\"es-ES\",\"@id\":\"https:\/\/telemet.com\/es\/snow-clearance\/ash-supra-snow-cutter-blower\/#primaryimage\",\"url\":\"https:\/\/telemet.com\/wp-content\/uploads\/2016\/11\/schmidt_supra4002.jpg\",\"contentUrl\":\"https:\/\/telemet.com\/wp-content\/uploads\/2016\/11\/schmidt_supra4002.jpg\"},{\"@type\":\"BreadcrumbList\",\"@id\":\"https:\/\/telemet.com\/es\/snow-clearance\/ash-supra-snow-cutter-blower\/#breadcrumb\",\"itemListElement\":[{\"@type\":\"ListItem\",\"position\":1,\"name\":\"Home\",\"item\":\"https:\/\/telemet.com\/es\/\"},{\"@type\":\"ListItem\",\"position\":2,\"name\":\"Aebi-Schmidt Snow clearance\",\"item\":\"https:\/\/telemet.com\/es\/snow-clearance\/\"},{\"@type\":\"ListItem\",\"position\":3,\"name\":\"Aebi-Schmidt Supra Turbo-fresadora de nieve\"}]},{\"@type\":\"WebSite\",\"@id\":\"https:\/\/telemet.com\/es\/#website\",\"url\":\"https:\/\/telemet.com\/es\/\",\"name\":\"Telemet, Inc.\",\"description\":\"Efficiency through Simplicity\",\"potentialAction\":[{\"@type\":\"SearchAction\",\"target\":{\"@type\":\"EntryPoint\",\"urlTemplate\":\"https:\/\/telemet.com\/es\/?s={search_term_string}\"},\"query-input\":{\"@type\":\"PropertyValueSpecification\",\"valueRequired\":true,\"valueName\":\"search_term_string\"}}],\"inLanguage\":\"es-ES\"}]}<\/script>\n<!-- \/ Yoast SEO plugin. -->","yoast_head_json":{"title":"Aebi-Schmidt Supra Turbo-fresadora de nieve - Telemet","robots":{"index":"index","follow":"follow","max-snippet":"max-snippet:-1","max-image-preview":"max-image-preview:large","max-video-preview":"max-video-preview:-1"},"canonical":"https:\/\/telemet.com\/es\/snow-clearance\/ash-supra-snow-cutter-blower\/","og_locale":"es_ES","og_type":"article","og_title":"Aebi-Schmidt Supra Turbo-fresadora de nieve - Telemet","og_url":"https:\/\/telemet.com\/es\/snow-clearance\/ash-supra-snow-cutter-blower\/","og_site_name":"Telemet","article_modified_time":"2023-08-18T13:52:29+00:00","og_image":[{"url":"https:\/\/telemet.com\/wp-content\/uploads\/2016\/11\/schmidt_supra4002.jpg","type":"","width":"","height":""}],"twitter_card":"summary_large_image","twitter_misc":{"Tiempo de lectura":"4 minutes"},"schema":{"@context":"https:\/\/schema.org","@graph":[{"@type":"WebPage","@id":"https:\/\/telemet.com\/es\/snow-clearance\/ash-supra-snow-cutter-blower\/","url":"https:\/\/telemet.com\/es\/snow-clearance\/ash-supra-snow-cutter-blower\/","name":"Aebi-Schmidt Supra Turbo-fresadora de nieve - Telemet","isPartOf":{"@id":"https:\/\/telemet.com\/es\/#website"},"primaryImageOfPage":{"@id":"https:\/\/telemet.com\/es\/snow-clearance\/ash-supra-snow-cutter-blower\/#primaryimage"},"image":{"@id":"https:\/\/telemet.com\/es\/snow-clearance\/ash-supra-snow-cutter-blower\/#primaryimage"},"thumbnailUrl":"https:\/\/telemet.com\/wp-content\/uploads\/2016\/11\/schmidt_supra4002.jpg","datePublished":"2016-11-21T03:09:16+00:00","dateModified":"2023-08-18T13:52:29+00:00","breadcrumb":{"@id":"https:\/\/telemet.com\/es\/snow-clearance\/ash-supra-snow-cutter-blower\/#breadcrumb"},"inLanguage":"es-ES","potentialAction":[{"@type":"ReadAction","target":["https:\/\/telemet.com\/es\/snow-clearance\/ash-supra-snow-cutter-blower\/"]}]},{"@type":"ImageObject","inLanguage":"es-ES","@id":"https:\/\/telemet.com\/es\/snow-clearance\/ash-supra-snow-cutter-blower\/#primaryimage","url":"https:\/\/telemet.com\/wp-content\/uploads\/2016\/11\/schmidt_supra4002.jpg","contentUrl":"https:\/\/telemet.com\/wp-content\/uploads\/2016\/11\/schmidt_supra4002.jpg"},{"@type":"BreadcrumbList","@id":"https:\/\/telemet.com\/es\/snow-clearance\/ash-supra-snow-cutter-blower\/#breadcrumb","itemListElement":[{"@type":"ListItem","position":1,"name":"Home","item":"https:\/\/telemet.com\/es\/"},{"@type":"ListItem","position":2,"name":"Aebi-Schmidt Snow clearance","item":"https:\/\/telemet.com\/es\/snow-clearance\/"},{"@type":"ListItem","position":3,"name":"Aebi-Schmidt Supra Turbo-fresadora de nieve"}]},{"@type":"WebSite","@id":"https:\/\/telemet.com\/es\/#website","url":"https:\/\/telemet.com\/es\/","name":"Telemet, Inc.","description":"Efficiency through Simplicity","potentialAction":[{"@type":"SearchAction","target":{"@type":"EntryPoint","urlTemplate":"https:\/\/telemet.com\/es\/?s={search_term_string}"},"query-input":{"@type":"PropertyValueSpecification","valueRequired":true,"valueName":"search_term_string"}}],"inLanguage":"es-ES"}]}},"_links":{"self":[{"href":"https:\/\/telemet.com\/es\/wp-json\/wp\/v2\/pages\/7065","targetHints":{"allow":["GET"]}}],"collection":[{"href":"https:\/\/telemet.com\/es\/wp-json\/wp\/v2\/pages"}],"about":[{"href":"https:\/\/telemet.com\/es\/wp-json\/wp\/v2\/types\/page"}],"author":[{"embeddable":true,"href":"https:\/\/telemet.com\/es\/wp-json\/wp\/v2\/users\/1"}],"replies":[{"embeddable":true,"href":"https:\/\/telemet.com\/es\/wp-json\/wp\/v2\/comments?post=7065"}],"version-history":[{"count":3,"href":"https:\/\/telemet.com\/es\/wp-json\/wp\/v2\/pages\/7065\/revisions"}],"predecessor-version":[{"id":14124,"href":"https:\/\/telemet.com\/es\/wp-json\/wp\/v2\/pages\/7065\/revisions\/14124"}],"up":[{"embeddable":true,"href":"https:\/\/telemet.com\/es\/wp-json\/wp\/v2\/pages\/6874"}],"wp:attachment":[{"href":"https:\/\/telemet.com\/es\/wp-json\/wp\/v2\/media?parent=7065"}],"curies":[{"name":"wp","href":"https:\/\/api.w.org\/{rel}","templated":true}]}}