{"id":7075,"date":"2016-11-21T03:21:57","date_gmt":"2016-11-21T03:21:06","guid":{"rendered":"http:\/\/telemet.com\/es\/ash-stratos-small-product-line\/"},"modified":"2023-08-18T13:41:06","modified_gmt":"2023-08-18T13:41:06","slug":"ash-stratos-small","status":"publish","type":"page","link":"https:\/\/telemet.com\/es\/de-icing\/ash-stratos-small\/","title":{"rendered":"Aebi-Schmidt Stratos &#8211; Peque\u00f1o"},"content":{"rendered":"<div class=\"fusion-fullwidth fullwidth-box fusion-builder-row-1 nonhundred-percent-fullwidth non-hundred-percent-height-scrolling\" style=\"--awb-background-position:left top;--awb-border-radius-top-left:0px;--awb-border-radius-top-right:0px;--awb-border-radius-bottom-right:0px;--awb-border-radius-bottom-left:0px;--awb-padding-top:0px;--awb-padding-bottom:20px;--awb-border-sizes-top:0px;--awb-border-sizes-bottom:0px;--awb-flex-wrap:wrap;\" ><div class=\"fusion-builder-row fusion-row\"><div class=\"fusion-layout-column fusion_builder_column fusion-builder-column-0 fusion_builder_column_1_1 1_1 fusion-one-full fusion-column-first fusion-column-last fusion-column-no-min-height\" style=\"--awb-bg-size:cover;--awb-margin-top:0px;--awb-margin-bottom:0px;\"><div class=\"fusion-column-wrapper fusion-flex-column-wrapper-legacy\"><div class=\"fusion-image-element fusion-image-align-center in-legacy-container\" style=\"text-align:center;--awb-caption-title-font-family:var(--h2_typography-font-family);--awb-caption-title-font-weight:var(--h2_typography-font-weight);--awb-caption-title-font-style:var(--h2_typography-font-style);--awb-caption-title-size:var(--h2_typography-font-size);--awb-caption-title-transform:var(--h2_typography-text-transform);--awb-caption-title-line-height:var(--h2_typography-line-height);--awb-caption-title-letter-spacing:var(--h2_typography-letter-spacing);\"><div class=\"imageframe-align-center\"><span class=\" fusion-imageframe imageframe-none imageframe-1 hover-type-none\"><img decoding=\"async\" width=\"800\" height=\"600\" title=\"stratos_vw_crafter_snk\" src=\"https:\/\/telemet.com\/wp-content\/uploads\/2016\/11\/stratos_vw_crafter_snk.jpg\" alt class=\"img-responsive wp-image-13954\" srcset=\"https:\/\/telemet.com\/wp-content\/uploads\/2016\/11\/stratos_vw_crafter_snk-200x150.jpg 200w, https:\/\/telemet.com\/wp-content\/uploads\/2016\/11\/stratos_vw_crafter_snk-400x300.jpg 400w, https:\/\/telemet.com\/wp-content\/uploads\/2016\/11\/stratos_vw_crafter_snk-600x450.jpg 600w, https:\/\/telemet.com\/wp-content\/uploads\/2016\/11\/stratos_vw_crafter_snk.jpg 800w\" sizes=\"(max-width: 800px) 100vw, 800px\" \/><\/span><\/div><\/div><div class=\"fusion-sep-clear\"><\/div><div class=\"fusion-separator fusion-full-width-sep\" style=\"margin-left: auto;margin-right: auto;margin-top:20px;width:100%;\"><\/div><div class=\"fusion-sep-clear\"><\/div><div class=\"fusion-align-block\"><a class=\"fusion-button button-flat button-xlarge button-default fusion-button-default button-1 fusion-button-default-span \" style=\"width:calc(100%);\" target=\"_blank\" rel=\"noopener noreferrer\" title=\"Download Brochure\" aria-label=\"Download Brochure\" href=\"\/wp-content\/uploads\/2016\/11\/LW_Stratos_SPL.pdf\"><span class=\"fusion-button-text awb-button__text awb-button__text--default\">Download Brochure (PDF)<\/span><i class=\" fa fa-file-pdf-o awb-button__icon awb-button__icon--default button-icon-right\" aria-hidden=\"true\"><\/i><\/a><\/div><div class=\"fusion-sep-clear\"><\/div><div class=\"fusion-separator fusion-full-width-sep\" style=\"margin-left: auto;margin-right: auto;margin-top:20px;width:100%;\"><\/div><div class=\"fusion-sep-clear\"><\/div><div class=\"fusion-clearfix\"><\/div><\/div><\/div><div class=\"fusion-layout-column fusion_builder_column fusion-builder-column-1 fusion_builder_column_1_1 1_1 fusion-one-full fusion-column-first fusion-column-last fusion-column-no-min-height\" style=\"--awb-bg-size:cover;--awb-margin-top:0px;--awb-margin-bottom:0px;\"><div class=\"fusion-column-wrapper fusion-flex-column-wrapper-legacy\"><div class=\"fusion-video fusion-youtube\" style=\"--awb-max-width:600px;--awb-max-height:350px;\"><div class=\"video-shortcode\"><div class=\"fluid-width-video-wrapper\" style=\"padding-top:58.33%;\" ><iframe title=\"YouTube video player 1\" src=\"https:\/\/www.youtube.com\/embed\/VlIsyfGJraM?wmode=transparent&autoplay=0\" width=\"600\" height=\"350\" allowfullscreen allow=\"autoplay; clipboard-write; encrypted-media; gyroscope; picture-in-picture;\"><\/iframe><\/div><\/div><\/div><div class=\"fusion-sep-clear\"><\/div><div class=\"fusion-separator fusion-full-width-sep\" style=\"margin-left: auto;margin-right: auto;margin-top:20px;width:100%;\"><\/div><div class=\"fusion-sep-clear\"><\/div><div class=\"fusion-text fusion-text-1\"><p>El sistema de construcci\u00f3n modular de los esparcidores desmontables Stratos en la l\u00ednea de productos peque\u00f1os permite una variedad de configuraciones que le ayudar\u00e1n a ajustarse a cada una de sus necesidades de despliegue y veh\u00edculos de transporte.<\/p>\n<h3>El especialista en calzadas de peque\u00f1as dimensiones<\/h3>\n<p>Los modelos de construcci\u00f3n peque\u00f1os de la serie Stratos han sido dise\u00f1ados para su montaje en veh\u00edculos de transporte con plataforma, pick-up o veh\u00edculos de v\u00eda estrecha. Sus \u00e1reas cl\u00e1sicas de operaci\u00f3n son \u00e1reas relativamente peque\u00f1as, tales como almacenes, aparcamientos, carriles bici y caminos, as\u00ed como callejas en centros hist\u00f3ricos de las ciudades y carreteras locales. El Stratos puede ser equipado ya sea con la barrena cl\u00e1sica o el fiable sistema de cinta transportadora.<\/p>\n<h3>Materiales de alta calidad<\/h3>\n<p>En las m\u00e1quinas de la serie Stratos de construcci\u00f3n peque\u00f1a, se ha utilizado la misma tecnolog\u00eda que est\u00e1 presente en lo esparcidores Stratos grandes. El peque\u00f1o esparcidor desmontable Stratos puede dispersar, no s\u00f3lo materiales de deshielo, sino tambi\u00e9n arena y &#8211; exactamente igual que sus hermanas mayores &#8211; se puede guiar con uno de los tres sistemas de control CB, CX o CL desde dentro de la cabina del conductor. La tolva est\u00e1 presente en diferentes tama\u00f1os que van desde 0,6 a 1,7 m\u00b3. Est\u00e1 fabricada de acero inoxidable y tratada con un recubrimiento de polvo. De esta forma se garantiza una larga vida de trabajo y un elevado grado de protecci\u00f3n contra la corrosi\u00f3n.<\/p>\n<h3>Tracci\u00f3n potente<\/h3>\n<p>El esparcidor Stratos puede ser impulsado por diferentes sistemas. La soluci\u00f3n m\u00e1s sencilla es contar con sistemas hidr\u00e1ulicos en el veh\u00edculo que proporciona la alimentaci\u00f3n. Si no existe un sistema hidr\u00e1ulico en el veh\u00edculo, Schmidt ofrece una alternativa innovadora y eficiente con su &#8220;Rotopower&#8221;, por el cual la rotaci\u00f3n del eje trasero se toma directamente del cubo y, por lo tanto, se emplea sin p\u00e9rdida de potencia. Otra posibilidad es la transmisi\u00f3n por rueda motriz cl\u00e1sica, por el cual una rueda independiente que gira sobre el suelo proporciona la potencia. Naturalmente, el peque\u00f1o esparcidor Stratos tambi\u00e9n puede ser impulsado por un motor auxiliar o una bomba hidr\u00e1ulica p.t.o. adicional, que hace posible la dispersi\u00f3n de forma selectiva, incluso cuando el veh\u00edculo est\u00e1 parado.<\/p>\n<h3>Difusi\u00f3n preventiva<\/h3>\n<p>En el marco de un programa preventivo de deshielo donde se utilice el equipo Stratos, la tecnolog\u00eda de sal pre-humedecida de Schmidt efect\u00faa un empleo moderado de materiales de dispersi\u00f3n, lo que significa que no s\u00f3lo hay una reducci\u00f3n en el uso de estos materiales, sino que tambi\u00e9n se salvaguarda el medio ambiente.<\/p>\n<\/div><div class=\"fusion-clearfix\"><\/div><\/div><\/div><\/div><\/div>\n","protected":false},"excerpt":{"rendered":"","protected":false},"author":1,"featured_media":0,"parent":7078,"menu_order":0,"comment_status":"closed","ping_status":"closed","template":"side-navigation.php","meta":{"footnotes":""},"class_list":["post-7075","page","type-page","status-publish","hentry"],"yoast_head":"<!-- This site is optimized with the Yoast SEO plugin v26.2 - https:\/\/yoast.com\/wordpress\/plugins\/seo\/ -->\n<title>Aebi-Schmidt Stratos - Peque\u00f1o - Telemet<\/title>\n<meta name=\"robots\" content=\"index, follow, max-snippet:-1, max-image-preview:large, max-video-preview:-1\" \/>\n<link rel=\"canonical\" href=\"https:\/\/telemet.com\/es\/de-icing\/ash-stratos-small\/\" \/>\n<meta property=\"og:locale\" content=\"es_ES\" \/>\n<meta property=\"og:type\" content=\"article\" \/>\n<meta property=\"og:title\" content=\"Aebi-Schmidt Stratos - Peque\u00f1o - Telemet\" \/>\n<meta property=\"og:url\" content=\"https:\/\/telemet.com\/es\/de-icing\/ash-stratos-small\/\" \/>\n<meta property=\"og:site_name\" content=\"Telemet\" \/>\n<meta property=\"article:modified_time\" content=\"2023-08-18T13:41:06+00:00\" \/>\n<meta property=\"og:image\" content=\"https:\/\/telemet.com\/wp-content\/uploads\/2016\/11\/stratos_vw_crafter_snk.jpg\" \/>\n<meta name=\"twitter:card\" content=\"summary_large_image\" \/>\n<meta name=\"twitter:label1\" content=\"Tiempo de lectura\" \/>\n\t<meta name=\"twitter:data1\" content=\"4 minutes\" \/>\n<script type=\"application\/ld+json\" class=\"yoast-schema-graph\">{\"@context\":\"https:\/\/schema.org\",\"@graph\":[{\"@type\":\"WebPage\",\"@id\":\"https:\/\/telemet.com\/es\/de-icing\/ash-stratos-small\/\",\"url\":\"https:\/\/telemet.com\/es\/de-icing\/ash-stratos-small\/\",\"name\":\"Aebi-Schmidt Stratos - Peque\u00f1o - Telemet\",\"isPartOf\":{\"@id\":\"https:\/\/telemet.com\/es\/#website\"},\"primaryImageOfPage\":{\"@id\":\"https:\/\/telemet.com\/es\/de-icing\/ash-stratos-small\/#primaryimage\"},\"image\":{\"@id\":\"https:\/\/telemet.com\/es\/de-icing\/ash-stratos-small\/#primaryimage\"},\"thumbnailUrl\":\"https:\/\/telemet.com\/wp-content\/uploads\/2016\/11\/stratos_vw_crafter_snk.jpg\",\"datePublished\":\"2016-11-21T03:21:06+00:00\",\"dateModified\":\"2023-08-18T13:41:06+00:00\",\"breadcrumb\":{\"@id\":\"https:\/\/telemet.com\/es\/de-icing\/ash-stratos-small\/#breadcrumb\"},\"inLanguage\":\"es-ES\",\"potentialAction\":[{\"@type\":\"ReadAction\",\"target\":[\"https:\/\/telemet.com\/es\/de-icing\/ash-stratos-small\/\"]}]},{\"@type\":\"ImageObject\",\"inLanguage\":\"es-ES\",\"@id\":\"https:\/\/telemet.com\/es\/de-icing\/ash-stratos-small\/#primaryimage\",\"url\":\"https:\/\/telemet.com\/wp-content\/uploads\/2016\/11\/stratos_vw_crafter_snk.jpg\",\"contentUrl\":\"https:\/\/telemet.com\/wp-content\/uploads\/2016\/11\/stratos_vw_crafter_snk.jpg\"},{\"@type\":\"BreadcrumbList\",\"@id\":\"https:\/\/telemet.com\/es\/de-icing\/ash-stratos-small\/#breadcrumb\",\"itemListElement\":[{\"@type\":\"ListItem\",\"position\":1,\"name\":\"Home\",\"item\":\"https:\/\/telemet.com\/es\/\"},{\"@type\":\"ListItem\",\"position\":2,\"name\":\"Aebi-Schmidt De-icing\",\"item\":\"https:\/\/telemet.com\/es\/de-icing\/\"},{\"@type\":\"ListItem\",\"position\":3,\"name\":\"Aebi-Schmidt Stratos &#8211; Peque\u00f1o\"}]},{\"@type\":\"WebSite\",\"@id\":\"https:\/\/telemet.com\/es\/#website\",\"url\":\"https:\/\/telemet.com\/es\/\",\"name\":\"Telemet, Inc.\",\"description\":\"Efficiency through Simplicity\",\"potentialAction\":[{\"@type\":\"SearchAction\",\"target\":{\"@type\":\"EntryPoint\",\"urlTemplate\":\"https:\/\/telemet.com\/es\/?s={search_term_string}\"},\"query-input\":{\"@type\":\"PropertyValueSpecification\",\"valueRequired\":true,\"valueName\":\"search_term_string\"}}],\"inLanguage\":\"es-ES\"}]}<\/script>\n<!-- \/ Yoast SEO plugin. -->","yoast_head_json":{"title":"Aebi-Schmidt Stratos - Peque\u00f1o - Telemet","robots":{"index":"index","follow":"follow","max-snippet":"max-snippet:-1","max-image-preview":"max-image-preview:large","max-video-preview":"max-video-preview:-1"},"canonical":"https:\/\/telemet.com\/es\/de-icing\/ash-stratos-small\/","og_locale":"es_ES","og_type":"article","og_title":"Aebi-Schmidt Stratos - Peque\u00f1o - Telemet","og_url":"https:\/\/telemet.com\/es\/de-icing\/ash-stratos-small\/","og_site_name":"Telemet","article_modified_time":"2023-08-18T13:41:06+00:00","og_image":[{"url":"https:\/\/telemet.com\/wp-content\/uploads\/2016\/11\/stratos_vw_crafter_snk.jpg","type":"","width":"","height":""}],"twitter_card":"summary_large_image","twitter_misc":{"Tiempo de lectura":"4 minutes"},"schema":{"@context":"https:\/\/schema.org","@graph":[{"@type":"WebPage","@id":"https:\/\/telemet.com\/es\/de-icing\/ash-stratos-small\/","url":"https:\/\/telemet.com\/es\/de-icing\/ash-stratos-small\/","name":"Aebi-Schmidt Stratos - Peque\u00f1o - Telemet","isPartOf":{"@id":"https:\/\/telemet.com\/es\/#website"},"primaryImageOfPage":{"@id":"https:\/\/telemet.com\/es\/de-icing\/ash-stratos-small\/#primaryimage"},"image":{"@id":"https:\/\/telemet.com\/es\/de-icing\/ash-stratos-small\/#primaryimage"},"thumbnailUrl":"https:\/\/telemet.com\/wp-content\/uploads\/2016\/11\/stratos_vw_crafter_snk.jpg","datePublished":"2016-11-21T03:21:06+00:00","dateModified":"2023-08-18T13:41:06+00:00","breadcrumb":{"@id":"https:\/\/telemet.com\/es\/de-icing\/ash-stratos-small\/#breadcrumb"},"inLanguage":"es-ES","potentialAction":[{"@type":"ReadAction","target":["https:\/\/telemet.com\/es\/de-icing\/ash-stratos-small\/"]}]},{"@type":"ImageObject","inLanguage":"es-ES","@id":"https:\/\/telemet.com\/es\/de-icing\/ash-stratos-small\/#primaryimage","url":"https:\/\/telemet.com\/wp-content\/uploads\/2016\/11\/stratos_vw_crafter_snk.jpg","contentUrl":"https:\/\/telemet.com\/wp-content\/uploads\/2016\/11\/stratos_vw_crafter_snk.jpg"},{"@type":"BreadcrumbList","@id":"https:\/\/telemet.com\/es\/de-icing\/ash-stratos-small\/#breadcrumb","itemListElement":[{"@type":"ListItem","position":1,"name":"Home","item":"https:\/\/telemet.com\/es\/"},{"@type":"ListItem","position":2,"name":"Aebi-Schmidt De-icing","item":"https:\/\/telemet.com\/es\/de-icing\/"},{"@type":"ListItem","position":3,"name":"Aebi-Schmidt Stratos &#8211; Peque\u00f1o"}]},{"@type":"WebSite","@id":"https:\/\/telemet.com\/es\/#website","url":"https:\/\/telemet.com\/es\/","name":"Telemet, Inc.","description":"Efficiency through Simplicity","potentialAction":[{"@type":"SearchAction","target":{"@type":"EntryPoint","urlTemplate":"https:\/\/telemet.com\/es\/?s={search_term_string}"},"query-input":{"@type":"PropertyValueSpecification","valueRequired":true,"valueName":"search_term_string"}}],"inLanguage":"es-ES"}]}},"_links":{"self":[{"href":"https:\/\/telemet.com\/es\/wp-json\/wp\/v2\/pages\/7075","targetHints":{"allow":["GET"]}}],"collection":[{"href":"https:\/\/telemet.com\/es\/wp-json\/wp\/v2\/pages"}],"about":[{"href":"https:\/\/telemet.com\/es\/wp-json\/wp\/v2\/types\/page"}],"author":[{"embeddable":true,"href":"https:\/\/telemet.com\/es\/wp-json\/wp\/v2\/users\/1"}],"replies":[{"embeddable":true,"href":"https:\/\/telemet.com\/es\/wp-json\/wp\/v2\/comments?post=7075"}],"version-history":[{"count":5,"href":"https:\/\/telemet.com\/es\/wp-json\/wp\/v2\/pages\/7075\/revisions"}],"predecessor-version":[{"id":13952,"href":"https:\/\/telemet.com\/es\/wp-json\/wp\/v2\/pages\/7075\/revisions\/13952"}],"up":[{"embeddable":true,"href":"https:\/\/telemet.com\/es\/wp-json\/wp\/v2\/pages\/7078"}],"wp:attachment":[{"href":"https:\/\/telemet.com\/es\/wp-json\/wp\/v2\/media?parent=7075"}],"curies":[{"name":"wp","href":"https:\/\/api.w.org\/{rel}","templated":true}]}}