{"id":7091,"date":"2016-11-21T04:05:57","date_gmt":"2016-11-21T04:05:52","guid":{"rendered":"http:\/\/telemet.com\/es\/de-icing\/ash-stratos-medium\/"},"modified":"2023-08-18T13:42:06","modified_gmt":"2023-08-18T13:42:06","slug":"ash-stratos-medium","status":"publish","type":"page","link":"https:\/\/telemet.com\/es\/de-icing\/ash-stratos-medium\/","title":{"rendered":"Aebi-Schmidt Stratos &#8211; Mediano"},"content":{"rendered":"<div class=\"fusion-fullwidth fullwidth-box fusion-builder-row-1 nonhundred-percent-fullwidth non-hundred-percent-height-scrolling\" style=\"--awb-background-position:left top;--awb-border-radius-top-left:0px;--awb-border-radius-top-right:0px;--awb-border-radius-bottom-right:0px;--awb-border-radius-bottom-left:0px;--awb-padding-top:0px;--awb-padding-bottom:20px;--awb-border-sizes-top:0px;--awb-border-sizes-bottom:0px;--awb-flex-wrap:wrap;\" ><div class=\"fusion-builder-row fusion-row\"><div class=\"fusion-layout-column fusion_builder_column fusion-builder-column-0 fusion_builder_column_1_1 1_1 fusion-one-full fusion-column-first fusion-column-last fusion-column-no-min-height\" style=\"--awb-bg-size:cover;--awb-margin-top:0px;--awb-margin-bottom:0px;\"><div class=\"fusion-column-wrapper fusion-flex-column-wrapper-legacy\"><div class=\"fusion-image-element fusion-image-align-center in-legacy-container\" style=\"text-align:center;--awb-caption-title-font-family:var(--h2_typography-font-family);--awb-caption-title-font-weight:var(--h2_typography-font-weight);--awb-caption-title-font-style:var(--h2_typography-font-style);--awb-caption-title-size:var(--h2_typography-font-size);--awb-caption-title-transform:var(--h2_typography-text-transform);--awb-caption-title-line-height:var(--h2_typography-line-height);--awb-caption-title-letter-spacing:var(--h2_typography-letter-spacing);\"><div class=\"imageframe-align-center\"><span class=\" fusion-imageframe imageframe-none imageframe-1 hover-type-none\"><img decoding=\"async\" width=\"709\" height=\"470\" title=\"stratos_middle\" src=\"https:\/\/telemet.com\/wp-content\/uploads\/2016\/11\/Stratos_middle.gif\" alt class=\"img-responsive wp-image-13971\"\/><\/span><\/div><\/div><div class=\"fusion-sep-clear\"><\/div><div class=\"fusion-separator fusion-full-width-sep\" style=\"margin-left: auto;margin-right: auto;margin-top:20px;width:100%;\"><\/div><div class=\"fusion-sep-clear\"><\/div><div class=\"fusion-align-block\"><a class=\"fusion-button button-flat button-xlarge button-default fusion-button-default button-1 fusion-button-default-span \" style=\"width:calc(100%);\" target=\"_blank\" rel=\"noopener noreferrer\" title=\"Download Brochure\" aria-label=\"Download Brochure\" href=\"\/wp-content\/uploads\/2016\/11\/LW_Stratos_MPL.pdf\"><span class=\"fusion-button-text awb-button__text awb-button__text--default\">Download Brochure (PDF)<\/span><i class=\" fa fa-file-pdf-o awb-button__icon awb-button__icon--default button-icon-right\" aria-hidden=\"true\"><\/i><\/a><\/div><div class=\"fusion-sep-clear\"><\/div><div class=\"fusion-separator fusion-full-width-sep\" style=\"margin-left: auto;margin-right: auto;margin-top:20px;width:100%;\"><\/div><div class=\"fusion-sep-clear\"><\/div><div class=\"fusion-clearfix\"><\/div><\/div><\/div><div class=\"fusion-layout-column fusion_builder_column fusion-builder-column-1 fusion_builder_column_1_1 1_1 fusion-one-full fusion-column-first fusion-column-last fusion-column-no-min-height\" style=\"--awb-bg-size:cover;--awb-margin-top:0px;--awb-margin-bottom:0px;\"><div class=\"fusion-column-wrapper fusion-flex-column-wrapper-legacy\"><div class=\"fusion-video fusion-youtube\" style=\"--awb-max-width:600px;--awb-max-height:350px;\"><div class=\"video-shortcode\"><div class=\"fluid-width-video-wrapper\" style=\"padding-top:58.33%;\" ><iframe title=\"YouTube video player 1\" src=\"https:\/\/www.youtube.com\/embed\/VlIsyfGJraM?wmode=transparent&autoplay=0\" width=\"600\" height=\"350\" allowfullscreen allow=\"autoplay; clipboard-write; encrypted-media; gyroscope; picture-in-picture;\"><\/iframe><\/div><\/div><\/div><div class=\"fusion-sep-clear\"><\/div><div class=\"fusion-separator fusion-full-width-sep\" style=\"margin-left: auto;margin-right: auto;margin-top:20px;width:100%;\"><\/div><div class=\"fusion-sep-clear\"><\/div><div class=\"fusion-text fusion-text-1\"><p>El sistema de construcci\u00f3n modular de los esparcidores desmontables Stratos en la l\u00ednea de productos de tama\u00f1o medio permite una variedad de configuraciones que le ayudar\u00e1n a ajustarse a cada una de sus necesidades de despliegue y veh\u00edculos de transporte.<\/p>\n<h3>Dise\u00f1ados para ser multifuncionales<\/h3>\n<p>Los modelos de la serie Stratos de tama\u00f1o medio han sido dise\u00f1ados para su montaje en Unimog u otros veh\u00edculos de transporte de tama\u00f1o medio. Las posibilidades de despliegue son numerosas, abarcando desde la dispersi\u00f3n en el interior de las ciudades al deshielo de carreteras de tipo \u201cA\u201d y \u201cB\u201d. Los modelos de tama\u00f1o medio de Stratos est\u00e1n disponibles con tolvas que van desde 1,7 m\u00b3 a 3,0 m\u00b3 de capacidad, y est\u00e1n equipados con el cl\u00e1sico sistema de taladro o con el fiable sistema de cinta transportadora.<\/p>\n<h3>Dispersi\u00f3n de elevada fiabilidad<\/h3>\n<p>Los modelos de tama\u00f1o medio de Stratos han sido dise\u00f1ados para la dispersi\u00f3n de materiales de deshielo y sales arenadas. Uno de los tres sistemas de control &#8211; CB, CX o CL &#8211; permite una adaptaci\u00f3n exacta a la situaci\u00f3n dada y la tecnolog\u00eda ajustada hace que los esparcidores desmontables de Stratos sean adecuados para su empleo en la mayor\u00eda de los tipos de calzadas. El conductor puede controlar todas las funciones, tales como la densidad de la dispersi\u00f3n, el patr\u00f3n y la distribuci\u00f3n lateral, directamente desde su cabina. De esta forma podr\u00e1 reaccionar directamente a cualquier cambio en las condiciones de la calzada. Dependiendo del modelo elegido es incluso posible planificar rutas con antelaci\u00f3n, incluyendo patrones individuales de dispersi\u00f3n o alinearse con los datos recibidos desde un centro de control de dispersi\u00f3n.<\/p>\n<h3>M\u00e1xima potencia<\/h3>\n<p>El esparcidor Stratos puede ser impulsado por diferentes sistemas. La soluci\u00f3n m\u00e1s sencilla es el sistema hidr\u00e1ulico del veh\u00edculo que se puede utilizar directamente. Si no existe un sistema hidr\u00e1ulico en el veh\u00edculo, Schmidt ofrece una alternativa innovadora y eficiente con su &#8220;Rotopower&#8221;, por el cual la rotaci\u00f3n del eje trasero se toma directamente del cubo y, por lo tanto, se emplea sin p\u00e9rdida de potencia. Otra posibilidad es la cl\u00e1sica rueda tractora que es una rueda independiente que gira sobre el terreno cerca del disco de dispersi\u00f3n, proporcionando as\u00ed la potencia. Los modelos Stratos de tama\u00f1o medio tambi\u00e9n pueden ser accionados por un motor auxiliar o una bomba hidr\u00e1ulica p.t.o. adicional.<\/p>\n<h3>Materiales de alta calidad<\/h3>\n<p>Con los esparcidores desmontables Stratos, se hace un \u00e9nfasis especial en el empleo de materiales de alta calidad. A la tolva se le da un acabado muy duradero en comparaci\u00f3n con otros m\u00e9todos, con un recubrimiento en polvo ultra-moderno. El disco de dispersi\u00f3n y todo el conducto de descarga han sido fabricados en acero inoxidable y la estructura b\u00e1sica est\u00e1 completamente galvanizada y, adem\u00e1s, pintada.<\/p>\n<\/div><div class=\"fusion-clearfix\"><\/div><\/div><\/div><\/div><\/div>\n","protected":false},"excerpt":{"rendered":"","protected":false},"author":1,"featured_media":0,"parent":7078,"menu_order":1,"comment_status":"closed","ping_status":"closed","template":"side-navigation.php","meta":{"footnotes":""},"class_list":["post-7091","page","type-page","status-publish","hentry"],"yoast_head":"<!-- This site is optimized with the Yoast SEO plugin v26.2 - https:\/\/yoast.com\/wordpress\/plugins\/seo\/ -->\n<title>Aebi-Schmidt Stratos - Mediano - Telemet<\/title>\n<meta name=\"robots\" content=\"index, follow, max-snippet:-1, max-image-preview:large, max-video-preview:-1\" \/>\n<link rel=\"canonical\" href=\"https:\/\/telemet.com\/es\/de-icing\/ash-stratos-medium\/\" \/>\n<meta property=\"og:locale\" content=\"es_ES\" \/>\n<meta property=\"og:type\" content=\"article\" \/>\n<meta property=\"og:title\" content=\"Aebi-Schmidt Stratos - Mediano - Telemet\" \/>\n<meta property=\"og:url\" content=\"https:\/\/telemet.com\/es\/de-icing\/ash-stratos-medium\/\" \/>\n<meta property=\"og:site_name\" content=\"Telemet\" \/>\n<meta property=\"article:modified_time\" content=\"2023-08-18T13:42:06+00:00\" \/>\n<meta property=\"og:image\" content=\"https:\/\/telemet.com\/wp-content\/uploads\/2016\/11\/Stratos_middle.gif\" \/>\n<meta name=\"twitter:card\" content=\"summary_large_image\" \/>\n<meta name=\"twitter:label1\" content=\"Tiempo de lectura\" \/>\n\t<meta name=\"twitter:data1\" content=\"4 minutes\" \/>\n<script type=\"application\/ld+json\" class=\"yoast-schema-graph\">{\"@context\":\"https:\/\/schema.org\",\"@graph\":[{\"@type\":\"WebPage\",\"@id\":\"https:\/\/telemet.com\/es\/de-icing\/ash-stratos-medium\/\",\"url\":\"https:\/\/telemet.com\/es\/de-icing\/ash-stratos-medium\/\",\"name\":\"Aebi-Schmidt Stratos - Mediano - Telemet\",\"isPartOf\":{\"@id\":\"https:\/\/telemet.com\/es\/#website\"},\"primaryImageOfPage\":{\"@id\":\"https:\/\/telemet.com\/es\/de-icing\/ash-stratos-medium\/#primaryimage\"},\"image\":{\"@id\":\"https:\/\/telemet.com\/es\/de-icing\/ash-stratos-medium\/#primaryimage\"},\"thumbnailUrl\":\"https:\/\/telemet.com\/wp-content\/uploads\/2016\/11\/Stratos_middle.gif\",\"datePublished\":\"2016-11-21T04:05:52+00:00\",\"dateModified\":\"2023-08-18T13:42:06+00:00\",\"breadcrumb\":{\"@id\":\"https:\/\/telemet.com\/es\/de-icing\/ash-stratos-medium\/#breadcrumb\"},\"inLanguage\":\"es-ES\",\"potentialAction\":[{\"@type\":\"ReadAction\",\"target\":[\"https:\/\/telemet.com\/es\/de-icing\/ash-stratos-medium\/\"]}]},{\"@type\":\"ImageObject\",\"inLanguage\":\"es-ES\",\"@id\":\"https:\/\/telemet.com\/es\/de-icing\/ash-stratos-medium\/#primaryimage\",\"url\":\"https:\/\/telemet.com\/wp-content\/uploads\/2016\/11\/Stratos_middle.gif\",\"contentUrl\":\"https:\/\/telemet.com\/wp-content\/uploads\/2016\/11\/Stratos_middle.gif\"},{\"@type\":\"BreadcrumbList\",\"@id\":\"https:\/\/telemet.com\/es\/de-icing\/ash-stratos-medium\/#breadcrumb\",\"itemListElement\":[{\"@type\":\"ListItem\",\"position\":1,\"name\":\"Home\",\"item\":\"https:\/\/telemet.com\/es\/\"},{\"@type\":\"ListItem\",\"position\":2,\"name\":\"Aebi-Schmidt De-icing\",\"item\":\"https:\/\/telemet.com\/es\/de-icing\/\"},{\"@type\":\"ListItem\",\"position\":3,\"name\":\"Aebi-Schmidt Stratos &#8211; Mediano\"}]},{\"@type\":\"WebSite\",\"@id\":\"https:\/\/telemet.com\/es\/#website\",\"url\":\"https:\/\/telemet.com\/es\/\",\"name\":\"Telemet, Inc.\",\"description\":\"Efficiency through Simplicity\",\"potentialAction\":[{\"@type\":\"SearchAction\",\"target\":{\"@type\":\"EntryPoint\",\"urlTemplate\":\"https:\/\/telemet.com\/es\/?s={search_term_string}\"},\"query-input\":{\"@type\":\"PropertyValueSpecification\",\"valueRequired\":true,\"valueName\":\"search_term_string\"}}],\"inLanguage\":\"es-ES\"}]}<\/script>\n<!-- \/ Yoast SEO plugin. -->","yoast_head_json":{"title":"Aebi-Schmidt Stratos - Mediano - Telemet","robots":{"index":"index","follow":"follow","max-snippet":"max-snippet:-1","max-image-preview":"max-image-preview:large","max-video-preview":"max-video-preview:-1"},"canonical":"https:\/\/telemet.com\/es\/de-icing\/ash-stratos-medium\/","og_locale":"es_ES","og_type":"article","og_title":"Aebi-Schmidt Stratos - Mediano - Telemet","og_url":"https:\/\/telemet.com\/es\/de-icing\/ash-stratos-medium\/","og_site_name":"Telemet","article_modified_time":"2023-08-18T13:42:06+00:00","og_image":[{"url":"https:\/\/telemet.com\/wp-content\/uploads\/2016\/11\/Stratos_middle.gif","type":"","width":"","height":""}],"twitter_card":"summary_large_image","twitter_misc":{"Tiempo de lectura":"4 minutes"},"schema":{"@context":"https:\/\/schema.org","@graph":[{"@type":"WebPage","@id":"https:\/\/telemet.com\/es\/de-icing\/ash-stratos-medium\/","url":"https:\/\/telemet.com\/es\/de-icing\/ash-stratos-medium\/","name":"Aebi-Schmidt Stratos - Mediano - Telemet","isPartOf":{"@id":"https:\/\/telemet.com\/es\/#website"},"primaryImageOfPage":{"@id":"https:\/\/telemet.com\/es\/de-icing\/ash-stratos-medium\/#primaryimage"},"image":{"@id":"https:\/\/telemet.com\/es\/de-icing\/ash-stratos-medium\/#primaryimage"},"thumbnailUrl":"https:\/\/telemet.com\/wp-content\/uploads\/2016\/11\/Stratos_middle.gif","datePublished":"2016-11-21T04:05:52+00:00","dateModified":"2023-08-18T13:42:06+00:00","breadcrumb":{"@id":"https:\/\/telemet.com\/es\/de-icing\/ash-stratos-medium\/#breadcrumb"},"inLanguage":"es-ES","potentialAction":[{"@type":"ReadAction","target":["https:\/\/telemet.com\/es\/de-icing\/ash-stratos-medium\/"]}]},{"@type":"ImageObject","inLanguage":"es-ES","@id":"https:\/\/telemet.com\/es\/de-icing\/ash-stratos-medium\/#primaryimage","url":"https:\/\/telemet.com\/wp-content\/uploads\/2016\/11\/Stratos_middle.gif","contentUrl":"https:\/\/telemet.com\/wp-content\/uploads\/2016\/11\/Stratos_middle.gif"},{"@type":"BreadcrumbList","@id":"https:\/\/telemet.com\/es\/de-icing\/ash-stratos-medium\/#breadcrumb","itemListElement":[{"@type":"ListItem","position":1,"name":"Home","item":"https:\/\/telemet.com\/es\/"},{"@type":"ListItem","position":2,"name":"Aebi-Schmidt De-icing","item":"https:\/\/telemet.com\/es\/de-icing\/"},{"@type":"ListItem","position":3,"name":"Aebi-Schmidt Stratos &#8211; Mediano"}]},{"@type":"WebSite","@id":"https:\/\/telemet.com\/es\/#website","url":"https:\/\/telemet.com\/es\/","name":"Telemet, Inc.","description":"Efficiency through Simplicity","potentialAction":[{"@type":"SearchAction","target":{"@type":"EntryPoint","urlTemplate":"https:\/\/telemet.com\/es\/?s={search_term_string}"},"query-input":{"@type":"PropertyValueSpecification","valueRequired":true,"valueName":"search_term_string"}}],"inLanguage":"es-ES"}]}},"_links":{"self":[{"href":"https:\/\/telemet.com\/es\/wp-json\/wp\/v2\/pages\/7091","targetHints":{"allow":["GET"]}}],"collection":[{"href":"https:\/\/telemet.com\/es\/wp-json\/wp\/v2\/pages"}],"about":[{"href":"https:\/\/telemet.com\/es\/wp-json\/wp\/v2\/types\/page"}],"author":[{"embeddable":true,"href":"https:\/\/telemet.com\/es\/wp-json\/wp\/v2\/users\/1"}],"replies":[{"embeddable":true,"href":"https:\/\/telemet.com\/es\/wp-json\/wp\/v2\/comments?post=7091"}],"version-history":[{"count":3,"href":"https:\/\/telemet.com\/es\/wp-json\/wp\/v2\/pages\/7091\/revisions"}],"predecessor-version":[{"id":13969,"href":"https:\/\/telemet.com\/es\/wp-json\/wp\/v2\/pages\/7091\/revisions\/13969"}],"up":[{"embeddable":true,"href":"https:\/\/telemet.com\/es\/wp-json\/wp\/v2\/pages\/7078"}],"wp:attachment":[{"href":"https:\/\/telemet.com\/es\/wp-json\/wp\/v2\/media?parent=7091"}],"curies":[{"name":"wp","href":"https:\/\/api.w.org\/{rel}","templated":true}]}}