{"id":7100,"date":"2016-11-21T10:37:57","date_gmt":"2016-11-21T10:37:15","guid":{"rendered":"http:\/\/telemet.com\/es\/de-icing\/ash-stratos-new-generation\/"},"modified":"2023-08-18T13:42:44","modified_gmt":"2023-08-18T13:42:44","slug":"ash-stratos-new-generation","status":"publish","type":"page","link":"https:\/\/telemet.com\/es\/de-icing\/ash-stratos-new-generation\/","title":{"rendered":"Aebi-Schmidt Stratos &#8211; Nueva generaci\u00f3n"},"content":{"rendered":"<div class=\"fusion-fullwidth fullwidth-box fusion-builder-row-1 nonhundred-percent-fullwidth non-hundred-percent-height-scrolling\" style=\"--awb-background-position:left top;--awb-border-radius-top-left:0px;--awb-border-radius-top-right:0px;--awb-border-radius-bottom-right:0px;--awb-border-radius-bottom-left:0px;--awb-padding-top:0px;--awb-padding-bottom:20px;--awb-border-sizes-top:0px;--awb-border-sizes-bottom:0px;--awb-flex-wrap:wrap;\" ><div class=\"fusion-builder-row fusion-row\"><div class=\"fusion-layout-column fusion_builder_column fusion-builder-column-0 fusion_builder_column_1_1 1_1 fusion-one-full fusion-column-first fusion-column-last fusion-column-no-min-height\" style=\"--awb-bg-size:cover;--awb-margin-top:0px;--awb-margin-bottom:0px;\"><div class=\"fusion-column-wrapper fusion-flex-column-wrapper-legacy\"><div class=\"fusion-image-element fusion-image-align-center in-legacy-container\" style=\"text-align:center;--awb-caption-title-font-family:var(--h2_typography-font-family);--awb-caption-title-font-weight:var(--h2_typography-font-weight);--awb-caption-title-font-style:var(--h2_typography-font-style);--awb-caption-title-size:var(--h2_typography-font-size);--awb-caption-title-transform:var(--h2_typography-text-transform);--awb-caption-title-line-height:var(--h2_typography-line-height);--awb-caption-title-letter-spacing:var(--h2_typography-letter-spacing);\"><div class=\"imageframe-align-center\"><span class=\" fusion-imageframe imageframe-none imageframe-1 hover-type-none\"><img decoding=\"async\" width=\"800\" height=\"600\" title=\"schmidt_stratos_02\" src=\"https:\/\/telemet.com\/wp-content\/uploads\/2016\/11\/schmidt_stratos_02.jpg\" alt class=\"img-responsive wp-image-13982\" srcset=\"https:\/\/telemet.com\/wp-content\/uploads\/2016\/11\/schmidt_stratos_02-200x150.jpg 200w, https:\/\/telemet.com\/wp-content\/uploads\/2016\/11\/schmidt_stratos_02-400x300.jpg 400w, https:\/\/telemet.com\/wp-content\/uploads\/2016\/11\/schmidt_stratos_02-600x450.jpg 600w, https:\/\/telemet.com\/wp-content\/uploads\/2016\/11\/schmidt_stratos_02.jpg 800w\" sizes=\"(max-width: 800px) 100vw, 800px\" \/><\/span><\/div><\/div><div class=\"fusion-sep-clear\"><\/div><div class=\"fusion-separator fusion-full-width-sep\" style=\"margin-left: auto;margin-right: auto;margin-top:20px;width:100%;\"><\/div><div class=\"fusion-sep-clear\"><\/div><div class=\"fusion-align-block\"><a class=\"fusion-button button-flat button-xlarge button-default fusion-button-default button-1 fusion-button-default-span \" style=\"width:calc(100%);\" target=\"_blank\" rel=\"noopener noreferrer\" title=\"Download Brochure\" aria-label=\"Download Brochure\" href=\"\/wp-content\/uploads\/2016\/11\/LW_Stratos_New_Generation_EN_2014.pdf\"><span class=\"fusion-button-text awb-button__text awb-button__text--default\">Download Brochure (PDF)<\/span><i class=\" fa fa-file-pdf-o awb-button__icon awb-button__icon--default button-icon-right\" aria-hidden=\"true\"><\/i><\/a><\/div><div class=\"fusion-sep-clear\"><\/div><div class=\"fusion-separator fusion-full-width-sep\" style=\"margin-left: auto;margin-right: auto;margin-top:20px;width:100%;\"><\/div><div class=\"fusion-sep-clear\"><\/div><div class=\"fusion-clearfix\"><\/div><\/div><\/div><div class=\"fusion-layout-column fusion_builder_column fusion-builder-column-1 fusion_builder_column_1_1 1_1 fusion-one-full fusion-column-first fusion-column-last fusion-column-no-min-height\" style=\"--awb-bg-size:cover;--awb-margin-top:0px;--awb-margin-bottom:0px;\"><div class=\"fusion-column-wrapper fusion-flex-column-wrapper-legacy\"><div class=\"fusion-video fusion-youtube\" style=\"--awb-max-width:600px;--awb-max-height:350px;\"><div class=\"video-shortcode\"><div class=\"fluid-width-video-wrapper\" style=\"padding-top:58.33%;\" ><iframe title=\"YouTube video player 1\" src=\"https:\/\/www.youtube.com\/embed\/b-Fgzcsm-hY?wmode=transparent&autoplay=0\" width=\"600\" height=\"350\" allowfullscreen allow=\"autoplay; clipboard-write; encrypted-media; gyroscope; picture-in-picture;\"><\/iframe><\/div><\/div><\/div><div class=\"fusion-sep-clear\"><\/div><div class=\"fusion-separator fusion-full-width-sep\" style=\"margin-left: auto;margin-right: auto;margin-top:20px;width:100%;\"><\/div><div class=\"fusion-sep-clear\"><\/div><div class=\"fusion-text fusion-text-1\"><h3>Esparcidores Stratos de Schmidt: \u00a1M\u00e1xima versatilidad combinada con un alto grado de eficiencia econ\u00f3mica!<\/h3>\n<p>Empleados en las calles, carreteras y autopistas de todo el mundo: \u00a1Esparcidores de Schmidt! El gran \u00e9xito de estos productos refleja nuestra excelente reputaci\u00f3n como fabricantes de productos con una inmejorable relaci\u00f3n calidad\/precio. Debido a la estrecha relaci\u00f3n que mantenemos con nuestros clientes, habitualmente desarrollamos innovaciones que definen nuevos est\u00e1ndares para todo el sector: El nombre Schmidt es sin\u00f3nimo de calidad con visi\u00f3n de futuro algo que le merecer\u00e1 la pena en su trabajo diario.<\/p>\n<h3>Concepto del Stratos: Pensar de manera integral, desarrollar con visi\u00f3n de futuro, trabajar de manera sostenible<\/h3>\n<p>Los esparcidores Stratos se cuentan entre los mejores de su clase a nivel mundial. El motivo de ello, es un concepto integral del producto, que incorpora y sincroniza a la perfecci\u00f3n todos los detalles esenciales tales como dise\u00f1o modular flexible, sistemas de dispersi\u00f3n precisos, sistemas de control inteligente, as\u00ed como una protecci\u00f3n contra la corrosi\u00f3n altamente eficaz. Todo ello se traduce en un rendimiento econ\u00f3mico \u00fanico, que es un asunto de creciente importancia, especialmente en estos tiempos de presupuestos cada vez m\u00e1s ajustados. \u00a1Invierta en la m\u00e1xima seguridad del producto!<\/p>\n<h3>Una nueva generaci\u00f3n &#8211; La inteligencia al servicio de la eficiencia<\/h3>\n<p>La nueva generaci\u00f3n de esparcidores Stratos est\u00e1 basada en muchos a\u00f1os de experiencia en todo el mundo y eleva las operaciones de dispersi\u00f3n a un nivel completamente nuevo. Gracias a su dise\u00f1o innovador y modular, los esparcidores se pueden adaptar a cada tipo de aplicaci\u00f3n y permiten la m\u00e1xima flexibilidad en la planificaci\u00f3n de recursos. El manejo intuitivo y el rendimiento convincente de la nueva l\u00ednea de productos hace que su trabajo sea m\u00e1s inteligente y eficiente.<\/p>\n<h3>Dise\u00f1o modular para requisitos individuales<\/h3>\n<p>El dise\u00f1o modular de nuestros esparcidores permite configuraciones individuales que se adaptan con precisi\u00f3n a cada tarea y a las condiciones de funcionamiento. La combinaci\u00f3n de la tolva, cinta transportadora o sistema de tornillo sin fin, equipo pre-h\u00famedo, diversos sistemas de dispersi\u00f3n, opciones de propulsi\u00f3n, sistemas de desmontaje y elementos de control le permiten la m\u00e1xima flexibilidad de su herramienta.<\/p>\n<h3>Larga vida \u00fatil a bajo costo<\/h3>\n<p>Ya sea de acero inoxidable de alta duraci\u00f3n o de polietileno de alta calidad: Nuestros nuevos esparcidores emplean exclusivamente materiales de alta calidad. Todo ello proporciona una excelente protecci\u00f3n para una larga vida \u00fatil al tiempo que reduce los costes de mantenimiento. Adem\u00e1s, con el fin de aumentar su vida \u00fatil todos los esparcidores de acero y acero inoxidable est\u00e1n granallados y recubiertos en polvo.<\/p>\n<h3>Respetuoso con el medio ambiente y sostenible<\/h3>\n<p>Siempre que sea posible, utilizamos componentes a partir de materiales reciclados De la misma forma, los componentes met\u00e1licos y el polietileno de los esparcidores tambi\u00e9n se pueden reciclar. Un sofisticado sistema de filtrado en la planta de recubrimiento de polvo garantiza tambi\u00e9n el reciclaje del polvo residual &#8211; lo que resulta adecuado para el medio ambiente y para su presupuesto. La sobresaliente tecnolog\u00eda de dispersi\u00f3n de Stratos tambi\u00e9n la convierte en un equipo ecol\u00f3gico y econ\u00f3mico.<\/p>\n<\/div><div class=\"fusion-clearfix\"><\/div><\/div><\/div><\/div><\/div>\n","protected":false},"excerpt":{"rendered":"","protected":false},"author":1,"featured_media":0,"parent":7078,"menu_order":2,"comment_status":"closed","ping_status":"closed","template":"side-navigation.php","meta":{"footnotes":""},"class_list":["post-7100","page","type-page","status-publish","hentry"],"yoast_head":"<!-- This site is optimized with the Yoast SEO plugin v26.2 - https:\/\/yoast.com\/wordpress\/plugins\/seo\/ -->\n<title>Aebi-Schmidt Stratos - Nueva generaci\u00f3n - Telemet<\/title>\n<meta name=\"robots\" content=\"index, follow, max-snippet:-1, max-image-preview:large, max-video-preview:-1\" \/>\n<link rel=\"canonical\" href=\"https:\/\/telemet.com\/es\/de-icing\/ash-stratos-new-generation\/\" \/>\n<meta property=\"og:locale\" content=\"es_ES\" \/>\n<meta property=\"og:type\" content=\"article\" \/>\n<meta property=\"og:title\" content=\"Aebi-Schmidt Stratos - Nueva generaci\u00f3n - Telemet\" \/>\n<meta property=\"og:url\" content=\"https:\/\/telemet.com\/es\/de-icing\/ash-stratos-new-generation\/\" \/>\n<meta property=\"og:site_name\" content=\"Telemet\" \/>\n<meta property=\"article:modified_time\" content=\"2023-08-18T13:42:44+00:00\" \/>\n<meta property=\"og:image\" content=\"https:\/\/telemet.com\/wp-content\/uploads\/2016\/11\/schmidt_stratos_02.jpg\" \/>\n<meta name=\"twitter:card\" content=\"summary_large_image\" \/>\n<meta name=\"twitter:label1\" content=\"Tiempo de lectura\" \/>\n\t<meta name=\"twitter:data1\" content=\"5 minutes\" \/>\n<script type=\"application\/ld+json\" class=\"yoast-schema-graph\">{\"@context\":\"https:\/\/schema.org\",\"@graph\":[{\"@type\":\"WebPage\",\"@id\":\"https:\/\/telemet.com\/es\/de-icing\/ash-stratos-new-generation\/\",\"url\":\"https:\/\/telemet.com\/es\/de-icing\/ash-stratos-new-generation\/\",\"name\":\"Aebi-Schmidt Stratos - Nueva generaci\u00f3n - Telemet\",\"isPartOf\":{\"@id\":\"https:\/\/telemet.com\/es\/#website\"},\"primaryImageOfPage\":{\"@id\":\"https:\/\/telemet.com\/es\/de-icing\/ash-stratos-new-generation\/#primaryimage\"},\"image\":{\"@id\":\"https:\/\/telemet.com\/es\/de-icing\/ash-stratos-new-generation\/#primaryimage\"},\"thumbnailUrl\":\"https:\/\/telemet.com\/wp-content\/uploads\/2016\/11\/schmidt_stratos_02.jpg\",\"datePublished\":\"2016-11-21T10:37:15+00:00\",\"dateModified\":\"2023-08-18T13:42:44+00:00\",\"breadcrumb\":{\"@id\":\"https:\/\/telemet.com\/es\/de-icing\/ash-stratos-new-generation\/#breadcrumb\"},\"inLanguage\":\"es-ES\",\"potentialAction\":[{\"@type\":\"ReadAction\",\"target\":[\"https:\/\/telemet.com\/es\/de-icing\/ash-stratos-new-generation\/\"]}]},{\"@type\":\"ImageObject\",\"inLanguage\":\"es-ES\",\"@id\":\"https:\/\/telemet.com\/es\/de-icing\/ash-stratos-new-generation\/#primaryimage\",\"url\":\"https:\/\/telemet.com\/wp-content\/uploads\/2016\/11\/schmidt_stratos_02.jpg\",\"contentUrl\":\"https:\/\/telemet.com\/wp-content\/uploads\/2016\/11\/schmidt_stratos_02.jpg\"},{\"@type\":\"BreadcrumbList\",\"@id\":\"https:\/\/telemet.com\/es\/de-icing\/ash-stratos-new-generation\/#breadcrumb\",\"itemListElement\":[{\"@type\":\"ListItem\",\"position\":1,\"name\":\"Home\",\"item\":\"https:\/\/telemet.com\/es\/\"},{\"@type\":\"ListItem\",\"position\":2,\"name\":\"Aebi-Schmidt De-icing\",\"item\":\"https:\/\/telemet.com\/es\/de-icing\/\"},{\"@type\":\"ListItem\",\"position\":3,\"name\":\"Aebi-Schmidt Stratos &#8211; Nueva generaci\u00f3n\"}]},{\"@type\":\"WebSite\",\"@id\":\"https:\/\/telemet.com\/es\/#website\",\"url\":\"https:\/\/telemet.com\/es\/\",\"name\":\"Telemet, Inc.\",\"description\":\"Efficiency through Simplicity\",\"potentialAction\":[{\"@type\":\"SearchAction\",\"target\":{\"@type\":\"EntryPoint\",\"urlTemplate\":\"https:\/\/telemet.com\/es\/?s={search_term_string}\"},\"query-input\":{\"@type\":\"PropertyValueSpecification\",\"valueRequired\":true,\"valueName\":\"search_term_string\"}}],\"inLanguage\":\"es-ES\"}]}<\/script>\n<!-- \/ Yoast SEO plugin. -->","yoast_head_json":{"title":"Aebi-Schmidt Stratos - Nueva generaci\u00f3n - Telemet","robots":{"index":"index","follow":"follow","max-snippet":"max-snippet:-1","max-image-preview":"max-image-preview:large","max-video-preview":"max-video-preview:-1"},"canonical":"https:\/\/telemet.com\/es\/de-icing\/ash-stratos-new-generation\/","og_locale":"es_ES","og_type":"article","og_title":"Aebi-Schmidt Stratos - Nueva generaci\u00f3n - Telemet","og_url":"https:\/\/telemet.com\/es\/de-icing\/ash-stratos-new-generation\/","og_site_name":"Telemet","article_modified_time":"2023-08-18T13:42:44+00:00","og_image":[{"url":"https:\/\/telemet.com\/wp-content\/uploads\/2016\/11\/schmidt_stratos_02.jpg","type":"","width":"","height":""}],"twitter_card":"summary_large_image","twitter_misc":{"Tiempo de lectura":"5 minutes"},"schema":{"@context":"https:\/\/schema.org","@graph":[{"@type":"WebPage","@id":"https:\/\/telemet.com\/es\/de-icing\/ash-stratos-new-generation\/","url":"https:\/\/telemet.com\/es\/de-icing\/ash-stratos-new-generation\/","name":"Aebi-Schmidt Stratos - Nueva generaci\u00f3n - Telemet","isPartOf":{"@id":"https:\/\/telemet.com\/es\/#website"},"primaryImageOfPage":{"@id":"https:\/\/telemet.com\/es\/de-icing\/ash-stratos-new-generation\/#primaryimage"},"image":{"@id":"https:\/\/telemet.com\/es\/de-icing\/ash-stratos-new-generation\/#primaryimage"},"thumbnailUrl":"https:\/\/telemet.com\/wp-content\/uploads\/2016\/11\/schmidt_stratos_02.jpg","datePublished":"2016-11-21T10:37:15+00:00","dateModified":"2023-08-18T13:42:44+00:00","breadcrumb":{"@id":"https:\/\/telemet.com\/es\/de-icing\/ash-stratos-new-generation\/#breadcrumb"},"inLanguage":"es-ES","potentialAction":[{"@type":"ReadAction","target":["https:\/\/telemet.com\/es\/de-icing\/ash-stratos-new-generation\/"]}]},{"@type":"ImageObject","inLanguage":"es-ES","@id":"https:\/\/telemet.com\/es\/de-icing\/ash-stratos-new-generation\/#primaryimage","url":"https:\/\/telemet.com\/wp-content\/uploads\/2016\/11\/schmidt_stratos_02.jpg","contentUrl":"https:\/\/telemet.com\/wp-content\/uploads\/2016\/11\/schmidt_stratos_02.jpg"},{"@type":"BreadcrumbList","@id":"https:\/\/telemet.com\/es\/de-icing\/ash-stratos-new-generation\/#breadcrumb","itemListElement":[{"@type":"ListItem","position":1,"name":"Home","item":"https:\/\/telemet.com\/es\/"},{"@type":"ListItem","position":2,"name":"Aebi-Schmidt De-icing","item":"https:\/\/telemet.com\/es\/de-icing\/"},{"@type":"ListItem","position":3,"name":"Aebi-Schmidt Stratos &#8211; Nueva generaci\u00f3n"}]},{"@type":"WebSite","@id":"https:\/\/telemet.com\/es\/#website","url":"https:\/\/telemet.com\/es\/","name":"Telemet, Inc.","description":"Efficiency through Simplicity","potentialAction":[{"@type":"SearchAction","target":{"@type":"EntryPoint","urlTemplate":"https:\/\/telemet.com\/es\/?s={search_term_string}"},"query-input":{"@type":"PropertyValueSpecification","valueRequired":true,"valueName":"search_term_string"}}],"inLanguage":"es-ES"}]}},"_links":{"self":[{"href":"https:\/\/telemet.com\/es\/wp-json\/wp\/v2\/pages\/7100","targetHints":{"allow":["GET"]}}],"collection":[{"href":"https:\/\/telemet.com\/es\/wp-json\/wp\/v2\/pages"}],"about":[{"href":"https:\/\/telemet.com\/es\/wp-json\/wp\/v2\/types\/page"}],"author":[{"embeddable":true,"href":"https:\/\/telemet.com\/es\/wp-json\/wp\/v2\/users\/1"}],"replies":[{"embeddable":true,"href":"https:\/\/telemet.com\/es\/wp-json\/wp\/v2\/comments?post=7100"}],"version-history":[{"count":4,"href":"https:\/\/telemet.com\/es\/wp-json\/wp\/v2\/pages\/7100\/revisions"}],"predecessor-version":[{"id":13980,"href":"https:\/\/telemet.com\/es\/wp-json\/wp\/v2\/pages\/7100\/revisions\/13980"}],"up":[{"embeddable":true,"href":"https:\/\/telemet.com\/es\/wp-json\/wp\/v2\/pages\/7078"}],"wp:attachment":[{"href":"https:\/\/telemet.com\/es\/wp-json\/wp\/v2\/media?parent=7100"}],"curies":[{"name":"wp","href":"https:\/\/api.w.org\/{rel}","templated":true}]}}