{"id":7109,"date":"2016-11-21T10:47:57","date_gmt":"2016-11-21T10:47:55","guid":{"rendered":"http:\/\/telemet.com\/es\/de-icing\/ash-stratos-xl\/"},"modified":"2023-08-18T13:43:28","modified_gmt":"2023-08-18T13:43:28","slug":"ash-stratos-xl","status":"publish","type":"page","link":"https:\/\/telemet.com\/es\/de-icing\/ash-stratos-xl\/","title":{"rendered":"Aebi-Schmidt Stratos XL"},"content":{"rendered":"<div class=\"fusion-fullwidth fullwidth-box fusion-builder-row-1 nonhundred-percent-fullwidth non-hundred-percent-height-scrolling\" style=\"--awb-background-position:left top;--awb-border-radius-top-left:0px;--awb-border-radius-top-right:0px;--awb-border-radius-bottom-right:0px;--awb-border-radius-bottom-left:0px;--awb-padding-top:0px;--awb-padding-bottom:20px;--awb-border-sizes-top:0px;--awb-border-sizes-bottom:0px;--awb-flex-wrap:wrap;\" ><div class=\"fusion-builder-row fusion-row\"><div class=\"fusion-layout-column fusion_builder_column fusion-builder-column-0 fusion_builder_column_1_1 1_1 fusion-one-full fusion-column-first fusion-column-last fusion-column-no-min-height\" style=\"--awb-bg-size:cover;--awb-margin-top:0px;--awb-margin-bottom:0px;\"><div class=\"fusion-column-wrapper fusion-flex-column-wrapper-legacy\"><div class=\"fusion-image-element fusion-image-align-center in-legacy-container\" style=\"text-align:center;--awb-caption-title-font-family:var(--h2_typography-font-family);--awb-caption-title-font-weight:var(--h2_typography-font-weight);--awb-caption-title-font-style:var(--h2_typography-font-style);--awb-caption-title-size:var(--h2_typography-font-size);--awb-caption-title-transform:var(--h2_typography-text-transform);--awb-caption-title-line-height:var(--h2_typography-line-height);--awb-caption-title-letter-spacing:var(--h2_typography-letter-spacing);\"><div class=\"imageframe-align-center\"><span class=\" fusion-imageframe imageframe-none imageframe-1 hover-type-none\"><img decoding=\"async\" width=\"1181\" height=\"788\" title=\"balfour_beatty_2010\" src=\"https:\/\/telemet.com\/wp-content\/uploads\/2016\/11\/Balfour_Beatty_2010.gif\" alt class=\"img-responsive wp-image-13992\"\/><\/span><\/div><\/div><div class=\"fusion-sep-clear\"><\/div><div class=\"fusion-separator fusion-full-width-sep\" style=\"margin-left: auto;margin-right: auto;margin-top:20px;width:100%;\"><\/div><div class=\"fusion-sep-clear\"><\/div><div class=\"fusion-align-block\"><a class=\"fusion-button button-flat button-xlarge button-default fusion-button-default button-1 fusion-button-default-span \" style=\"width:calc(100%);\" target=\"_blank\" rel=\"noopener noreferrer\" title=\"Download Brochure\" aria-label=\"Download Brochure\" href=\"\/wp-content\/uploads\/2016\/11\/LW_Stratos_XL_en_2011.pdf\"><span class=\"fusion-button-text awb-button__text awb-button__text--default\">Download Brochure (PDF)<\/span><i class=\" fa fa-file-pdf-o awb-button__icon awb-button__icon--default button-icon-right\" aria-hidden=\"true\"><\/i><\/a><\/div><div class=\"fusion-sep-clear\"><\/div><div class=\"fusion-separator fusion-full-width-sep\" style=\"margin-left: auto;margin-right: auto;margin-top:20px;width:100%;\"><\/div><div class=\"fusion-sep-clear\"><\/div><div class=\"fusion-clearfix\"><\/div><\/div><\/div><div class=\"fusion-layout-column fusion_builder_column fusion-builder-column-1 fusion_builder_column_1_1 1_1 fusion-one-full fusion-column-first fusion-column-last fusion-column-no-min-height\" style=\"--awb-bg-size:cover;--awb-margin-top:0px;--awb-margin-bottom:0px;\"><div class=\"fusion-column-wrapper fusion-flex-column-wrapper-legacy\"><div class=\"fusion-video fusion-youtube\" style=\"--awb-max-width:600px;--awb-max-height:350px;\"><div class=\"video-shortcode\"><div class=\"fluid-width-video-wrapper\" style=\"padding-top:58.33%;\" ><iframe title=\"YouTube video player 1\" src=\"https:\/\/www.youtube.com\/embed\/VlIsyfGJraM?wmode=transparent&autoplay=0\" width=\"600\" height=\"350\" allowfullscreen allow=\"autoplay; clipboard-write; encrypted-media; gyroscope; picture-in-picture;\"><\/iframe><\/div><\/div><\/div><div class=\"fusion-sep-clear\"><\/div><div class=\"fusion-separator fusion-full-width-sep\" style=\"margin-left: auto;margin-right: auto;margin-top:20px;width:100%;\"><\/div><div class=\"fusion-sep-clear\"><\/div><div class=\"fusion-text fusion-text-1\"><h3>Especialista en tramos largos<\/h3>\n<p>Los Stratos 10m\u00b3, 12m\u00b3 y 14m\u00b3 fueron desarrollados especialmente para ser montados sobre veh\u00edculos de 4 ejes con una capacidad de carga de 32 a 42 toneladas. Las zonas l\u00f3gicas de empleo son autopistas de 4 carril y largos tramos que requieran tratamiento. El tama\u00f1o de los contenedores implican m\u00e1s arena que se puede llevar de una vez por lo que se podr\u00e1n tratar tramos m\u00e1s largos. Al actuar as\u00ed, tendr\u00e1 m\u00e1s tiempo para las operaciones de dispersi\u00f3n preventivas y perder\u00e1 menos tiempo parando para rellenar el contenedor. Las tres variantes est\u00e1n disponibles con el fiable sistema de cinta transportadora y se puede suministrar cono sin un sistema de sal pre-humedecida. El material de descongelaci\u00f3n y arenado se puede esparcir con una anchura de 3m a 14m.<\/p>\n<h3>Trabaje con seguridad y de forma econ\u00f3mica<\/h3>\n<p>Las dosis exactas y los patrones precisos de dispersi\u00f3n significa que Stratos trabaja de manera econ\u00f3mica y que protege el medio ambiente. El ajuste exacto a cada situaci\u00f3n se realiza de forma remota a trav\u00e9s del control CX o CL. Todas las funciones son controladas por el conductor.<br \/>\nCon el fin de obtener m\u00e9todos de trabajo \u00f3ptimos, se recomienda que utilice nuestros sistemas Logic. El sistema de dispersi\u00f3n Autologic conduce al conductor a lo largo de la ruta, mientras que las opciones de dispersi\u00f3n se ajustan autom\u00e1ticamente. El conductor se puede concentrar totalmente en el tr\u00e1fico. En combinaci\u00f3n con el sistema Thermologic, las opciones de la dosis est\u00e1n basadas en la temperatura medida en la carretera. Finalmente, gracias al sistema de compilaci\u00f3n de datos de dispersi\u00f3n Winterlogic, el usuario dispondr\u00e1 de todos los datos necesarios acerca del proceso de dispersi\u00f3n en un \u00fanico lugar; por ello, todo lo que necesita para optimizar sus recursos y planes de dispersi\u00f3n se encuentra a su alcance.<\/p>\n<h3>Materiales de alta calidad<\/h3>\n<p>Con los esparcidores Stratos de 10m\u00b3, 12m\u00b3 y 14m\u00b3, se ha puesto mucho valor en los Materiales de alta calidad. El color de los contenedores y de los bastidores se obtiene aplicando un proceso puntero de revestimiento en polvo. Se trata de un m\u00e9todo muy duradero para conservar los materiales en comparaci\u00f3n con otros m\u00e9todos existentes. El disco esparcidor y todo el conducto de dispersi\u00f3n est\u00e1n fabricados en acero inoxidable.<br \/>\nEl sistema de dise\u00f1o modular de los esparcidores Stratos se puede configurar de forma individual para adaptarlos a las distintas tareas operacionales.<\/p>\n<\/div><div class=\"fusion-clearfix\"><\/div><\/div><\/div><\/div><\/div>\n","protected":false},"excerpt":{"rendered":"","protected":false},"author":1,"featured_media":0,"parent":7078,"menu_order":3,"comment_status":"closed","ping_status":"closed","template":"side-navigation.php","meta":{"footnotes":""},"class_list":["post-7109","page","type-page","status-publish","hentry"],"yoast_head":"<!-- This site is optimized with the Yoast SEO plugin v26.2 - https:\/\/yoast.com\/wordpress\/plugins\/seo\/ -->\n<title>Aebi-Schmidt Stratos XL - Telemet<\/title>\n<meta name=\"robots\" content=\"index, follow, max-snippet:-1, max-image-preview:large, max-video-preview:-1\" \/>\n<link rel=\"canonical\" href=\"https:\/\/telemet.com\/es\/de-icing\/ash-stratos-xl\/\" \/>\n<meta property=\"og:locale\" content=\"es_ES\" \/>\n<meta property=\"og:type\" content=\"article\" \/>\n<meta property=\"og:title\" content=\"Aebi-Schmidt Stratos XL - Telemet\" \/>\n<meta property=\"og:url\" content=\"https:\/\/telemet.com\/es\/de-icing\/ash-stratos-xl\/\" \/>\n<meta property=\"og:site_name\" content=\"Telemet\" \/>\n<meta property=\"article:modified_time\" content=\"2023-08-18T13:43:28+00:00\" \/>\n<meta property=\"og:image\" content=\"https:\/\/telemet.com\/wp-content\/uploads\/2016\/11\/Balfour_Beatty_2010.gif\" \/>\n<meta name=\"twitter:card\" content=\"summary_large_image\" \/>\n<meta name=\"twitter:label1\" content=\"Tiempo de lectura\" \/>\n\t<meta name=\"twitter:data1\" content=\"4 minutes\" \/>\n<script type=\"application\/ld+json\" class=\"yoast-schema-graph\">{\"@context\":\"https:\/\/schema.org\",\"@graph\":[{\"@type\":\"WebPage\",\"@id\":\"https:\/\/telemet.com\/es\/de-icing\/ash-stratos-xl\/\",\"url\":\"https:\/\/telemet.com\/es\/de-icing\/ash-stratos-xl\/\",\"name\":\"Aebi-Schmidt Stratos XL - Telemet\",\"isPartOf\":{\"@id\":\"https:\/\/telemet.com\/es\/#website\"},\"primaryImageOfPage\":{\"@id\":\"https:\/\/telemet.com\/es\/de-icing\/ash-stratos-xl\/#primaryimage\"},\"image\":{\"@id\":\"https:\/\/telemet.com\/es\/de-icing\/ash-stratos-xl\/#primaryimage\"},\"thumbnailUrl\":\"https:\/\/telemet.com\/wp-content\/uploads\/2016\/11\/Balfour_Beatty_2010.gif\",\"datePublished\":\"2016-11-21T10:47:55+00:00\",\"dateModified\":\"2023-08-18T13:43:28+00:00\",\"breadcrumb\":{\"@id\":\"https:\/\/telemet.com\/es\/de-icing\/ash-stratos-xl\/#breadcrumb\"},\"inLanguage\":\"es-ES\",\"potentialAction\":[{\"@type\":\"ReadAction\",\"target\":[\"https:\/\/telemet.com\/es\/de-icing\/ash-stratos-xl\/\"]}]},{\"@type\":\"ImageObject\",\"inLanguage\":\"es-ES\",\"@id\":\"https:\/\/telemet.com\/es\/de-icing\/ash-stratos-xl\/#primaryimage\",\"url\":\"https:\/\/telemet.com\/wp-content\/uploads\/2016\/11\/Balfour_Beatty_2010.gif\",\"contentUrl\":\"https:\/\/telemet.com\/wp-content\/uploads\/2016\/11\/Balfour_Beatty_2010.gif\"},{\"@type\":\"BreadcrumbList\",\"@id\":\"https:\/\/telemet.com\/es\/de-icing\/ash-stratos-xl\/#breadcrumb\",\"itemListElement\":[{\"@type\":\"ListItem\",\"position\":1,\"name\":\"Home\",\"item\":\"https:\/\/telemet.com\/es\/\"},{\"@type\":\"ListItem\",\"position\":2,\"name\":\"Aebi-Schmidt De-icing\",\"item\":\"https:\/\/telemet.com\/es\/de-icing\/\"},{\"@type\":\"ListItem\",\"position\":3,\"name\":\"Aebi-Schmidt Stratos XL\"}]},{\"@type\":\"WebSite\",\"@id\":\"https:\/\/telemet.com\/es\/#website\",\"url\":\"https:\/\/telemet.com\/es\/\",\"name\":\"Telemet, Inc.\",\"description\":\"Efficiency through Simplicity\",\"potentialAction\":[{\"@type\":\"SearchAction\",\"target\":{\"@type\":\"EntryPoint\",\"urlTemplate\":\"https:\/\/telemet.com\/es\/?s={search_term_string}\"},\"query-input\":{\"@type\":\"PropertyValueSpecification\",\"valueRequired\":true,\"valueName\":\"search_term_string\"}}],\"inLanguage\":\"es-ES\"}]}<\/script>\n<!-- \/ Yoast SEO plugin. -->","yoast_head_json":{"title":"Aebi-Schmidt Stratos XL - Telemet","robots":{"index":"index","follow":"follow","max-snippet":"max-snippet:-1","max-image-preview":"max-image-preview:large","max-video-preview":"max-video-preview:-1"},"canonical":"https:\/\/telemet.com\/es\/de-icing\/ash-stratos-xl\/","og_locale":"es_ES","og_type":"article","og_title":"Aebi-Schmidt Stratos XL - Telemet","og_url":"https:\/\/telemet.com\/es\/de-icing\/ash-stratos-xl\/","og_site_name":"Telemet","article_modified_time":"2023-08-18T13:43:28+00:00","og_image":[{"url":"https:\/\/telemet.com\/wp-content\/uploads\/2016\/11\/Balfour_Beatty_2010.gif","type":"","width":"","height":""}],"twitter_card":"summary_large_image","twitter_misc":{"Tiempo de lectura":"4 minutes"},"schema":{"@context":"https:\/\/schema.org","@graph":[{"@type":"WebPage","@id":"https:\/\/telemet.com\/es\/de-icing\/ash-stratos-xl\/","url":"https:\/\/telemet.com\/es\/de-icing\/ash-stratos-xl\/","name":"Aebi-Schmidt Stratos XL - Telemet","isPartOf":{"@id":"https:\/\/telemet.com\/es\/#website"},"primaryImageOfPage":{"@id":"https:\/\/telemet.com\/es\/de-icing\/ash-stratos-xl\/#primaryimage"},"image":{"@id":"https:\/\/telemet.com\/es\/de-icing\/ash-stratos-xl\/#primaryimage"},"thumbnailUrl":"https:\/\/telemet.com\/wp-content\/uploads\/2016\/11\/Balfour_Beatty_2010.gif","datePublished":"2016-11-21T10:47:55+00:00","dateModified":"2023-08-18T13:43:28+00:00","breadcrumb":{"@id":"https:\/\/telemet.com\/es\/de-icing\/ash-stratos-xl\/#breadcrumb"},"inLanguage":"es-ES","potentialAction":[{"@type":"ReadAction","target":["https:\/\/telemet.com\/es\/de-icing\/ash-stratos-xl\/"]}]},{"@type":"ImageObject","inLanguage":"es-ES","@id":"https:\/\/telemet.com\/es\/de-icing\/ash-stratos-xl\/#primaryimage","url":"https:\/\/telemet.com\/wp-content\/uploads\/2016\/11\/Balfour_Beatty_2010.gif","contentUrl":"https:\/\/telemet.com\/wp-content\/uploads\/2016\/11\/Balfour_Beatty_2010.gif"},{"@type":"BreadcrumbList","@id":"https:\/\/telemet.com\/es\/de-icing\/ash-stratos-xl\/#breadcrumb","itemListElement":[{"@type":"ListItem","position":1,"name":"Home","item":"https:\/\/telemet.com\/es\/"},{"@type":"ListItem","position":2,"name":"Aebi-Schmidt De-icing","item":"https:\/\/telemet.com\/es\/de-icing\/"},{"@type":"ListItem","position":3,"name":"Aebi-Schmidt Stratos XL"}]},{"@type":"WebSite","@id":"https:\/\/telemet.com\/es\/#website","url":"https:\/\/telemet.com\/es\/","name":"Telemet, Inc.","description":"Efficiency through Simplicity","potentialAction":[{"@type":"SearchAction","target":{"@type":"EntryPoint","urlTemplate":"https:\/\/telemet.com\/es\/?s={search_term_string}"},"query-input":{"@type":"PropertyValueSpecification","valueRequired":true,"valueName":"search_term_string"}}],"inLanguage":"es-ES"}]}},"_links":{"self":[{"href":"https:\/\/telemet.com\/es\/wp-json\/wp\/v2\/pages\/7109","targetHints":{"allow":["GET"]}}],"collection":[{"href":"https:\/\/telemet.com\/es\/wp-json\/wp\/v2\/pages"}],"about":[{"href":"https:\/\/telemet.com\/es\/wp-json\/wp\/v2\/types\/page"}],"author":[{"embeddable":true,"href":"https:\/\/telemet.com\/es\/wp-json\/wp\/v2\/users\/1"}],"replies":[{"embeddable":true,"href":"https:\/\/telemet.com\/es\/wp-json\/wp\/v2\/comments?post=7109"}],"version-history":[{"count":3,"href":"https:\/\/telemet.com\/es\/wp-json\/wp\/v2\/pages\/7109\/revisions"}],"predecessor-version":[{"id":13990,"href":"https:\/\/telemet.com\/es\/wp-json\/wp\/v2\/pages\/7109\/revisions\/13990"}],"up":[{"embeddable":true,"href":"https:\/\/telemet.com\/es\/wp-json\/wp\/v2\/pages\/7078"}],"wp:attachment":[{"href":"https:\/\/telemet.com\/es\/wp-json\/wp\/v2\/media?parent=7109"}],"curies":[{"name":"wp","href":"https:\/\/api.w.org\/{rel}","templated":true}]}}