{"id":7116,"date":"2016-11-21T10:59:57","date_gmt":"2016-11-21T10:59:00","guid":{"rendered":"http:\/\/telemet.com\/es\/de-icing\/ash-stratos-lava\/"},"modified":"2023-08-18T13:44:42","modified_gmt":"2023-08-18T13:44:42","slug":"ash-stratos-lava","status":"publish","type":"page","link":"https:\/\/telemet.com\/es\/de-icing\/ash-stratos-lava\/","title":{"rendered":"Aebi-Schmidt Stratos Lava"},"content":{"rendered":"<div class=\"fusion-fullwidth fullwidth-box fusion-builder-row-1 nonhundred-percent-fullwidth non-hundred-percent-height-scrolling\" style=\"--awb-background-position:left top;--awb-border-radius-top-left:0px;--awb-border-radius-top-right:0px;--awb-border-radius-bottom-right:0px;--awb-border-radius-bottom-left:0px;--awb-padding-top:0px;--awb-padding-bottom:20px;--awb-border-sizes-top:0px;--awb-border-sizes-bottom:0px;--awb-flex-wrap:wrap;\" ><div class=\"fusion-builder-row fusion-row\"><div class=\"fusion-layout-column fusion_builder_column fusion-builder-column-0 fusion_builder_column_1_1 1_1 fusion-one-full fusion-column-first fusion-column-last fusion-column-no-min-height\" style=\"--awb-bg-size:cover;--awb-margin-top:0px;--awb-margin-bottom:0px;\"><div class=\"fusion-column-wrapper fusion-flex-column-wrapper-legacy\"><div class=\"fusion-image-element fusion-image-align-center in-legacy-container\" style=\"text-align:center;--awb-caption-title-font-family:var(--h2_typography-font-family);--awb-caption-title-font-weight:var(--h2_typography-font-weight);--awb-caption-title-font-style:var(--h2_typography-font-style);--awb-caption-title-size:var(--h2_typography-font-size);--awb-caption-title-transform:var(--h2_typography-text-transform);--awb-caption-title-line-height:var(--h2_typography-line-height);--awb-caption-title-letter-spacing:var(--h2_typography-letter-spacing);\"><div class=\"imageframe-align-center\"><span class=\" fusion-imageframe imageframe-none imageframe-1 hover-type-none\"><img decoding=\"async\" width=\"800\" height=\"600\" title=\"stratos_lava\" src=\"https:\/\/telemet.com\/wp-content\/uploads\/2016\/11\/stratos_lava.jpg\" alt class=\"img-responsive wp-image-14005\" srcset=\"https:\/\/telemet.com\/wp-content\/uploads\/2016\/11\/stratos_lava-200x150.jpg 200w, https:\/\/telemet.com\/wp-content\/uploads\/2016\/11\/stratos_lava-400x300.jpg 400w, https:\/\/telemet.com\/wp-content\/uploads\/2016\/11\/stratos_lava-600x450.jpg 600w, https:\/\/telemet.com\/wp-content\/uploads\/2016\/11\/stratos_lava.jpg 800w\" sizes=\"(max-width: 800px) 100vw, 800px\" \/><\/span><\/div><\/div><div class=\"fusion-sep-clear\"><\/div><div class=\"fusion-separator fusion-full-width-sep\" style=\"margin-left: auto;margin-right: auto;margin-top:20px;width:100%;\"><\/div><div class=\"fusion-sep-clear\"><\/div><div class=\"fusion-align-block\"><a class=\"fusion-button button-flat button-xlarge button-default fusion-button-default button-1 fusion-button-default-span \" style=\"width:calc(100%);\" target=\"_blank\" rel=\"noopener noreferrer\" title=\"Download Brochure\" aria-label=\"Download Brochure\" href=\"\/wp-content\/uploads\/2016\/11\/LW_Stratos_Lava_en_2012.pdf\"><span class=\"fusion-button-text awb-button__text awb-button__text--default\">Download Brochure (PDF)<\/span><i class=\" fa fa-file-pdf-o awb-button__icon awb-button__icon--default button-icon-right\" aria-hidden=\"true\"><\/i><\/a><\/div><div class=\"fusion-sep-clear\"><\/div><div class=\"fusion-separator fusion-full-width-sep\" style=\"margin-left: auto;margin-right: auto;margin-top:20px;width:100%;\"><\/div><div class=\"fusion-sep-clear\"><\/div><div class=\"fusion-text fusion-text-1\"><h3>Esparcidor montable<\/h3>\n<p>La serie Stratos Lava de esparcidores solamente entra en acci\u00f3n cuando las temperaturas alcanzan niveles tan bajos que hacen imposible el deshielo con agentes de deshielo convencionales. Cuando se utilizan en condiciones de permafrost, crean superficies antideslizantes duraderas.<\/p>\n<h3>El especialista en tracci\u00f3n<\/h3>\n<p>Los esparcidores montables de Stratos Lava permiten la circulaci\u00f3n por calzadas incluso cuando las temperaturas se mantienen constantemente por debajo del punto de congelaci\u00f3n. Esta situaci\u00f3n no se logra mediante el uso de sal y salmuera sino, en su lugar, con agua caliente y arena. Cuando la sal previamente humedecida, la salmuera y la sal seca ya no resultan eficaces con las calzadas con nieve, hielo o, simplemente, deslizantes, el Stratos Lava es capaz de ponerlos en operaci\u00f3n de nuevo.<\/p>\n<h3>Agua caliente y arena<\/h3>\n<p>Aparte de un contenedor de grano especial para la arena, el Stratos Lava tambi\u00e9n est\u00e1 equipado con un sistema de dispersi\u00f3n de Stratos que incluye un plato de dispersi\u00f3n de acero inoxidable sobre una unidad calefactora y un tanque de agua aislado. Antes de su empleo, el agua se calienta a 45\u00b0 en la unidad calefactora accionada con un motor diesel y se bombea a los tanques aislados. Durante el proceso de dispersi\u00f3n el agua fluye de nuevo a trav\u00e9s de la unidad calefactora. Al alcanzar una temperatura de hasta 90\u00b0 se pulveriza posteriormente sobre la arena por una boquilla especial que se encuentra en el conducto. La arena caliente se esparce luego por la carretera utilizando el conocido sistema de distribuci\u00f3n de Stratos y se hunde en la superficie helada debido a su alta temperatura.<\/p>\n<h3>De larga duraci\u00f3n y econ\u00f3mico<\/h3>\n<p>Con una simple operaci\u00f3n con el esparcidor desmontable Stratos Lava se garantiza la seguridad a largo plazo. La calzada conserva su agarre durante, al menos, una semana en condiciones normales de permafrost. El radio de operaci\u00f3n es grande gracias al volumen del contenido del esparcidor y al proceso de dispersi\u00f3n altamente eficiente.<\/p>\n<h3>Facilidad de manejo<\/h3>\n<p>La conocida tecnolog\u00eda de Stratos es la base de esta m\u00e1quina. La temperatura, cantidad y patr\u00f3n de dispersi\u00f3n se supervisan adecuadamente y se regulan desde el panel de control del operador.<\/p>\n<h3>Materiales de alta calidad<\/h3>\n<p>Con la serie de esparcidores de Stratos, la calidad es el principal objetivo Adem\u00e1s, con el fin de aumentar su vida \u00fatil, la estructura base es de acero inoxidable, pl\u00e1stico de alta calidad, elementos recubiertos en polvo y granallados con polvo. Los modelos de Stratos Lava se controlan mediante el Panel de Control CL.<\/p>\n<\/div><div class=\"fusion-clearfix\"><\/div><\/div><\/div><\/div><\/div>\n","protected":false},"excerpt":{"rendered":"","protected":false},"author":1,"featured_media":0,"parent":7078,"menu_order":4,"comment_status":"closed","ping_status":"closed","template":"side-navigation.php","meta":{"footnotes":""},"class_list":["post-7116","page","type-page","status-publish","hentry"],"yoast_head":"<!-- This site is optimized with the Yoast SEO plugin v26.2 - https:\/\/yoast.com\/wordpress\/plugins\/seo\/ -->\n<title>Aebi-Schmidt Stratos Lava - Telemet<\/title>\n<meta name=\"robots\" content=\"index, follow, max-snippet:-1, max-image-preview:large, max-video-preview:-1\" \/>\n<link rel=\"canonical\" href=\"https:\/\/telemet.com\/es\/de-icing\/ash-stratos-lava\/\" \/>\n<meta property=\"og:locale\" content=\"es_ES\" \/>\n<meta property=\"og:type\" content=\"article\" \/>\n<meta property=\"og:title\" content=\"Aebi-Schmidt Stratos Lava - Telemet\" \/>\n<meta property=\"og:url\" content=\"https:\/\/telemet.com\/es\/de-icing\/ash-stratos-lava\/\" \/>\n<meta property=\"og:site_name\" content=\"Telemet\" \/>\n<meta property=\"article:modified_time\" content=\"2023-08-18T13:44:42+00:00\" \/>\n<meta property=\"og:image\" content=\"https:\/\/telemet.com\/wp-content\/uploads\/2016\/11\/stratos_lava.jpg\" \/>\n<meta name=\"twitter:card\" content=\"summary_large_image\" \/>\n<meta name=\"twitter:label1\" content=\"Tiempo de lectura\" \/>\n\t<meta name=\"twitter:data1\" content=\"4 minutes\" \/>\n<script type=\"application\/ld+json\" class=\"yoast-schema-graph\">{\"@context\":\"https:\/\/schema.org\",\"@graph\":[{\"@type\":\"WebPage\",\"@id\":\"https:\/\/telemet.com\/es\/de-icing\/ash-stratos-lava\/\",\"url\":\"https:\/\/telemet.com\/es\/de-icing\/ash-stratos-lava\/\",\"name\":\"Aebi-Schmidt Stratos Lava - Telemet\",\"isPartOf\":{\"@id\":\"https:\/\/telemet.com\/es\/#website\"},\"primaryImageOfPage\":{\"@id\":\"https:\/\/telemet.com\/es\/de-icing\/ash-stratos-lava\/#primaryimage\"},\"image\":{\"@id\":\"https:\/\/telemet.com\/es\/de-icing\/ash-stratos-lava\/#primaryimage\"},\"thumbnailUrl\":\"https:\/\/telemet.com\/wp-content\/uploads\/2016\/11\/stratos_lava.jpg\",\"datePublished\":\"2016-11-21T10:59:00+00:00\",\"dateModified\":\"2023-08-18T13:44:42+00:00\",\"breadcrumb\":{\"@id\":\"https:\/\/telemet.com\/es\/de-icing\/ash-stratos-lava\/#breadcrumb\"},\"inLanguage\":\"es-ES\",\"potentialAction\":[{\"@type\":\"ReadAction\",\"target\":[\"https:\/\/telemet.com\/es\/de-icing\/ash-stratos-lava\/\"]}]},{\"@type\":\"ImageObject\",\"inLanguage\":\"es-ES\",\"@id\":\"https:\/\/telemet.com\/es\/de-icing\/ash-stratos-lava\/#primaryimage\",\"url\":\"https:\/\/telemet.com\/wp-content\/uploads\/2016\/11\/stratos_lava.jpg\",\"contentUrl\":\"https:\/\/telemet.com\/wp-content\/uploads\/2016\/11\/stratos_lava.jpg\"},{\"@type\":\"BreadcrumbList\",\"@id\":\"https:\/\/telemet.com\/es\/de-icing\/ash-stratos-lava\/#breadcrumb\",\"itemListElement\":[{\"@type\":\"ListItem\",\"position\":1,\"name\":\"Home\",\"item\":\"https:\/\/telemet.com\/es\/\"},{\"@type\":\"ListItem\",\"position\":2,\"name\":\"Aebi-Schmidt De-icing\",\"item\":\"https:\/\/telemet.com\/es\/de-icing\/\"},{\"@type\":\"ListItem\",\"position\":3,\"name\":\"Aebi-Schmidt Stratos Lava\"}]},{\"@type\":\"WebSite\",\"@id\":\"https:\/\/telemet.com\/es\/#website\",\"url\":\"https:\/\/telemet.com\/es\/\",\"name\":\"Telemet, Inc.\",\"description\":\"Efficiency through Simplicity\",\"potentialAction\":[{\"@type\":\"SearchAction\",\"target\":{\"@type\":\"EntryPoint\",\"urlTemplate\":\"https:\/\/telemet.com\/es\/?s={search_term_string}\"},\"query-input\":{\"@type\":\"PropertyValueSpecification\",\"valueRequired\":true,\"valueName\":\"search_term_string\"}}],\"inLanguage\":\"es-ES\"}]}<\/script>\n<!-- \/ Yoast SEO plugin. -->","yoast_head_json":{"title":"Aebi-Schmidt Stratos Lava - Telemet","robots":{"index":"index","follow":"follow","max-snippet":"max-snippet:-1","max-image-preview":"max-image-preview:large","max-video-preview":"max-video-preview:-1"},"canonical":"https:\/\/telemet.com\/es\/de-icing\/ash-stratos-lava\/","og_locale":"es_ES","og_type":"article","og_title":"Aebi-Schmidt Stratos Lava - Telemet","og_url":"https:\/\/telemet.com\/es\/de-icing\/ash-stratos-lava\/","og_site_name":"Telemet","article_modified_time":"2023-08-18T13:44:42+00:00","og_image":[{"url":"https:\/\/telemet.com\/wp-content\/uploads\/2016\/11\/stratos_lava.jpg","type":"","width":"","height":""}],"twitter_card":"summary_large_image","twitter_misc":{"Tiempo de lectura":"4 minutes"},"schema":{"@context":"https:\/\/schema.org","@graph":[{"@type":"WebPage","@id":"https:\/\/telemet.com\/es\/de-icing\/ash-stratos-lava\/","url":"https:\/\/telemet.com\/es\/de-icing\/ash-stratos-lava\/","name":"Aebi-Schmidt Stratos Lava - Telemet","isPartOf":{"@id":"https:\/\/telemet.com\/es\/#website"},"primaryImageOfPage":{"@id":"https:\/\/telemet.com\/es\/de-icing\/ash-stratos-lava\/#primaryimage"},"image":{"@id":"https:\/\/telemet.com\/es\/de-icing\/ash-stratos-lava\/#primaryimage"},"thumbnailUrl":"https:\/\/telemet.com\/wp-content\/uploads\/2016\/11\/stratos_lava.jpg","datePublished":"2016-11-21T10:59:00+00:00","dateModified":"2023-08-18T13:44:42+00:00","breadcrumb":{"@id":"https:\/\/telemet.com\/es\/de-icing\/ash-stratos-lava\/#breadcrumb"},"inLanguage":"es-ES","potentialAction":[{"@type":"ReadAction","target":["https:\/\/telemet.com\/es\/de-icing\/ash-stratos-lava\/"]}]},{"@type":"ImageObject","inLanguage":"es-ES","@id":"https:\/\/telemet.com\/es\/de-icing\/ash-stratos-lava\/#primaryimage","url":"https:\/\/telemet.com\/wp-content\/uploads\/2016\/11\/stratos_lava.jpg","contentUrl":"https:\/\/telemet.com\/wp-content\/uploads\/2016\/11\/stratos_lava.jpg"},{"@type":"BreadcrumbList","@id":"https:\/\/telemet.com\/es\/de-icing\/ash-stratos-lava\/#breadcrumb","itemListElement":[{"@type":"ListItem","position":1,"name":"Home","item":"https:\/\/telemet.com\/es\/"},{"@type":"ListItem","position":2,"name":"Aebi-Schmidt De-icing","item":"https:\/\/telemet.com\/es\/de-icing\/"},{"@type":"ListItem","position":3,"name":"Aebi-Schmidt Stratos Lava"}]},{"@type":"WebSite","@id":"https:\/\/telemet.com\/es\/#website","url":"https:\/\/telemet.com\/es\/","name":"Telemet, Inc.","description":"Efficiency through Simplicity","potentialAction":[{"@type":"SearchAction","target":{"@type":"EntryPoint","urlTemplate":"https:\/\/telemet.com\/es\/?s={search_term_string}"},"query-input":{"@type":"PropertyValueSpecification","valueRequired":true,"valueName":"search_term_string"}}],"inLanguage":"es-ES"}]}},"_links":{"self":[{"href":"https:\/\/telemet.com\/es\/wp-json\/wp\/v2\/pages\/7116","targetHints":{"allow":["GET"]}}],"collection":[{"href":"https:\/\/telemet.com\/es\/wp-json\/wp\/v2\/pages"}],"about":[{"href":"https:\/\/telemet.com\/es\/wp-json\/wp\/v2\/types\/page"}],"author":[{"embeddable":true,"href":"https:\/\/telemet.com\/es\/wp-json\/wp\/v2\/users\/1"}],"replies":[{"embeddable":true,"href":"https:\/\/telemet.com\/es\/wp-json\/wp\/v2\/comments?post=7116"}],"version-history":[{"count":3,"href":"https:\/\/telemet.com\/es\/wp-json\/wp\/v2\/pages\/7116\/revisions"}],"predecessor-version":[{"id":14003,"href":"https:\/\/telemet.com\/es\/wp-json\/wp\/v2\/pages\/7116\/revisions\/14003"}],"up":[{"embeddable":true,"href":"https:\/\/telemet.com\/es\/wp-json\/wp\/v2\/pages\/7078"}],"wp:attachment":[{"href":"https:\/\/telemet.com\/es\/wp-json\/wp\/v2\/media?parent=7116"}],"curies":[{"name":"wp","href":"https:\/\/api.w.org\/{rel}","templated":true}]}}