{"id":7123,"date":"2016-11-21T11:14:57","date_gmt":"2016-11-21T11:14:10","guid":{"rendered":"http:\/\/telemet.com\/es\/de-icing\/ash-stratos-f-d\/"},"modified":"2023-08-18T13:45:07","modified_gmt":"2023-08-18T13:45:07","slug":"ash-stratos-f-d","status":"publish","type":"page","link":"https:\/\/telemet.com\/es\/de-icing\/ash-stratos-f-d\/","title":{"rendered":"Aebi-Schmidt Stratos F &#038; D"},"content":{"rendered":"<div class=\"fusion-fullwidth fullwidth-box fusion-builder-row-1 nonhundred-percent-fullwidth non-hundred-percent-height-scrolling\" style=\"--awb-background-position:left top;--awb-border-radius-top-left:0px;--awb-border-radius-top-right:0px;--awb-border-radius-bottom-right:0px;--awb-border-radius-bottom-left:0px;--awb-padding-top:0px;--awb-padding-bottom:20px;--awb-border-sizes-top:0px;--awb-border-sizes-bottom:0px;--awb-flex-wrap:wrap;\" ><div class=\"fusion-builder-row fusion-row\"><div class=\"fusion-layout-column fusion_builder_column fusion-builder-column-0 fusion_builder_column_1_1 1_1 fusion-one-full fusion-column-first fusion-column-last fusion-column-no-min-height\" style=\"--awb-bg-size:cover;--awb-margin-top:0px;--awb-margin-bottom:0px;\"><div class=\"fusion-column-wrapper fusion-flex-column-wrapper-legacy\"><div class=\"fusion-image-element fusion-image-align-center in-legacy-container\" style=\"text-align:center;--awb-caption-title-font-family:var(--h2_typography-font-family);--awb-caption-title-font-weight:var(--h2_typography-font-weight);--awb-caption-title-font-style:var(--h2_typography-font-style);--awb-caption-title-size:var(--h2_typography-font-size);--awb-caption-title-transform:var(--h2_typography-text-transform);--awb-caption-title-line-height:var(--h2_typography-line-height);--awb-caption-title-letter-spacing:var(--h2_typography-letter-spacing);\"><div class=\"imageframe-align-center\"><span class=\" fusion-imageframe imageframe-none imageframe-1 hover-type-none\"><img decoding=\"async\" width=\"900\" height=\"800\" title=\"stratos_f_d\" src=\"https:\/\/telemet.com\/wp-content\/uploads\/2016\/11\/stratos_f_d.jpg\" alt class=\"img-responsive wp-image-14014\" srcset=\"https:\/\/telemet.com\/wp-content\/uploads\/2016\/11\/stratos_f_d-200x178.jpg 200w, https:\/\/telemet.com\/wp-content\/uploads\/2016\/11\/stratos_f_d-400x356.jpg 400w, https:\/\/telemet.com\/wp-content\/uploads\/2016\/11\/stratos_f_d-600x533.jpg 600w, https:\/\/telemet.com\/wp-content\/uploads\/2016\/11\/stratos_f_d-800x711.jpg 800w, https:\/\/telemet.com\/wp-content\/uploads\/2016\/11\/stratos_f_d.jpg 900w\" sizes=\"(max-width: 800px) 100vw, 900px\" \/><\/span><\/div><\/div><div class=\"fusion-sep-clear\"><\/div><div class=\"fusion-separator fusion-full-width-sep\" style=\"margin-left: auto;margin-right: auto;margin-top:20px;width:100%;\"><\/div><div class=\"fusion-sep-clear\"><\/div><div class=\"fusion-align-block\"><a class=\"fusion-button button-flat button-xlarge button-default fusion-button-default button-1 fusion-button-default-span \" style=\"width:calc(100%);\" target=\"_blank\" rel=\"noopener noreferrer\" title=\"Download Brochure\" aria-label=\"Download Brochure\" href=\"\/wp-content\/uploads\/2016\/11\/LW_Stratos_F_D.pdf\"><span class=\"fusion-button-text awb-button__text awb-button__text--default\">Download Brochure (PDF)<\/span><i class=\" fa fa-file-pdf-o awb-button__icon awb-button__icon--default button-icon-right\" aria-hidden=\"true\"><\/i><\/a><\/div><div class=\"fusion-sep-clear\"><\/div><div class=\"fusion-separator fusion-full-width-sep\" style=\"margin-left: auto;margin-right: auto;margin-top:20px;width:100%;\"><\/div><div class=\"fusion-sep-clear\"><\/div><div class=\"fusion-clearfix\"><\/div><\/div><\/div><div class=\"fusion-layout-column fusion_builder_column fusion-builder-column-1 fusion_builder_column_1_1 1_1 fusion-one-full fusion-column-first fusion-column-last fusion-column-no-min-height\" style=\"--awb-bg-size:cover;--awb-margin-top:0px;--awb-margin-bottom:0px;\"><div class=\"fusion-column-wrapper fusion-flex-column-wrapper-legacy\"><div class=\"fusion-video fusion-youtube\" style=\"--awb-max-width:600px;--awb-max-height:350px;\"><div class=\"video-shortcode\"><div class=\"fluid-width-video-wrapper\" style=\"padding-top:58.33%;\" ><iframe title=\"YouTube video player 1\" src=\"https:\/\/www.youtube.com\/embed\/VlIsyfGJraM?wmode=transparent&autoplay=0\" width=\"600\" height=\"350\" allowfullscreen allow=\"autoplay; clipboard-write; encrypted-media; gyroscope; picture-in-picture;\"><\/iframe><\/div><\/div><\/div><div class=\"fusion-sep-clear\"><\/div><div class=\"fusion-separator fusion-full-width-sep\" style=\"margin-left: auto;margin-right: auto;margin-top:20px;width:100%;\"><\/div><div class=\"fusion-sep-clear\"><\/div><div class=\"fusion-text fusion-text-1\"><h3>Silo plano y esparcidores de doble c\u00e1mara<\/h3>\n<p>Debido a su dise\u00f1o bajo, los esparcidores desmontables de doble c\u00e1mara y el silo plano de Stratos son perfectamente adecuados para las operaciones de deshielo en las regiones monta\u00f1osas. Su bajo centro de gravedad permite un alto grado de maniobrabilidad, lo cual resulta especialmente ventajoso en los caminos dif\u00edciles.<\/p>\n<h3>Una ventaja para la seguridad vial<\/h3>\n<p>La l\u00ednea de productos peque\u00f1os, que va desde 1,1 hasta 1,7 m3, se ha desarrollado espec\u00edficamente para su montaje en veh\u00edculos de v\u00eda estrecha. Debido a su dise\u00f1o especialmente bajo, el conductor posee una vista posterior perfecta. Adem\u00e1s, el bajo centro de gravedad tiene un efecto positivo sobre la capacidad de maniobra de la combinaci\u00f3n veh\u00edculo-m\u00e1quina: ambas caracter\u00edsticas son una ventana para la seguridad vial.<\/p>\n<h3>La dosis es lo que importa<\/h3>\n<p>La seguridad vial est\u00e1 garantizada por la dosificaci\u00f3n de alta precisi\u00f3n y los patrones din\u00e1micos de dispersi\u00f3n. Dependiendo del clima, el Stratos F puede esparcir materiales de deshielo tales como arena o sal seca desde la tolva. El sistema de silo de doble c\u00e1mara del Stratos D ofrece la posibilidad de esparcir diferentes materiales de deshielo desde dos c\u00e1maras separadas pero de forma simult\u00e1nea, con diferentes proporciones de mezcla o por separado. Los dos tornillos sin fin funcionan por separado y son directamente controlables, proporcionando flexibilidad en la dispersi\u00f3n de los materiales de descongelaci\u00f3n, abrasivos o mixtos.<\/p>\n<h3>Control preciso<\/h3>\n<p>La aplicaci\u00f3n selectiva de agentes de deshielo en calzadas no s\u00f3lo aumenta la seguridad del tr\u00e1fico, si no que tambi\u00e9n contribuye a la protecci\u00f3n del medio ambiente. En cada situaci\u00f3n, se esparce s\u00f3lo la cantidad exacta de material de deshielo necesario.<br \/>\nEl esparcidor desmontable de silo plano de Stratos se controla desde el panel de control CX o CL compacto. Los botones de control ergon\u00f3micos y de programaci\u00f3n sencilla para las funciones m\u00e1s importantes garantizan que el conductor puede concentrarse en las condiciones del tr\u00e1fico y de la carretera.<br \/>\nLos esparcidores desmontables de c\u00e1mara dual de Stratos se controlan mediante el panel de control remoto CL. Se pueden integrar con ThermoLogic, AutoLogic y captura de datos de la dispersi\u00f3n.<\/p>\n<h3>Materiales de alta calidad<\/h3>\n<p>Se ha concedido gran importancia al empleo de materiales de alta calidad y a la protecci\u00f3n frente a corrosi\u00f3n para la l\u00ednea de productos peque\u00f1os de Stratos F &amp; D. Las piezas de acero inoxidable y de pl\u00e1stico de primera calidad garantizan una larga vida \u00fatil. El esparcidor desmontable tambi\u00e9n ha sido recubierto con polvo. Este moderno m\u00e9todo de conservaci\u00f3n da lugar a una superficie suave y dura que tambi\u00e9n resiste a productos qu\u00edmicos y a los UV.<\/p>\n<\/div><div class=\"fusion-clearfix\"><\/div><\/div><\/div><\/div><\/div>\n","protected":false},"excerpt":{"rendered":"","protected":false},"author":1,"featured_media":0,"parent":7078,"menu_order":5,"comment_status":"closed","ping_status":"closed","template":"side-navigation.php","meta":{"footnotes":""},"class_list":["post-7123","page","type-page","status-publish","hentry"],"yoast_head":"<!-- This site is optimized with the Yoast SEO plugin v26.2 - https:\/\/yoast.com\/wordpress\/plugins\/seo\/ -->\n<title>Aebi-Schmidt Stratos F &amp; D - Telemet<\/title>\n<meta name=\"robots\" content=\"index, follow, max-snippet:-1, max-image-preview:large, max-video-preview:-1\" \/>\n<link rel=\"canonical\" href=\"https:\/\/telemet.com\/es\/de-icing\/ash-stratos-f-d\/\" \/>\n<meta property=\"og:locale\" content=\"es_ES\" \/>\n<meta property=\"og:type\" content=\"article\" \/>\n<meta property=\"og:title\" content=\"Aebi-Schmidt Stratos F &amp; D - Telemet\" \/>\n<meta property=\"og:url\" content=\"https:\/\/telemet.com\/es\/de-icing\/ash-stratos-f-d\/\" \/>\n<meta property=\"og:site_name\" content=\"Telemet\" \/>\n<meta property=\"article:modified_time\" content=\"2023-08-18T13:45:07+00:00\" \/>\n<meta property=\"og:image\" content=\"https:\/\/telemet.com\/wp-content\/uploads\/2016\/11\/stratos_f_d.jpg\" \/>\n<meta name=\"twitter:card\" content=\"summary_large_image\" \/>\n<meta name=\"twitter:label1\" content=\"Tiempo de lectura\" \/>\n\t<meta name=\"twitter:data1\" content=\"4 minutes\" \/>\n<script type=\"application\/ld+json\" class=\"yoast-schema-graph\">{\"@context\":\"https:\/\/schema.org\",\"@graph\":[{\"@type\":\"WebPage\",\"@id\":\"https:\/\/telemet.com\/es\/de-icing\/ash-stratos-f-d\/\",\"url\":\"https:\/\/telemet.com\/es\/de-icing\/ash-stratos-f-d\/\",\"name\":\"Aebi-Schmidt Stratos F & D - Telemet\",\"isPartOf\":{\"@id\":\"https:\/\/telemet.com\/es\/#website\"},\"primaryImageOfPage\":{\"@id\":\"https:\/\/telemet.com\/es\/de-icing\/ash-stratos-f-d\/#primaryimage\"},\"image\":{\"@id\":\"https:\/\/telemet.com\/es\/de-icing\/ash-stratos-f-d\/#primaryimage\"},\"thumbnailUrl\":\"https:\/\/telemet.com\/wp-content\/uploads\/2016\/11\/stratos_f_d.jpg\",\"datePublished\":\"2016-11-21T11:14:10+00:00\",\"dateModified\":\"2023-08-18T13:45:07+00:00\",\"breadcrumb\":{\"@id\":\"https:\/\/telemet.com\/es\/de-icing\/ash-stratos-f-d\/#breadcrumb\"},\"inLanguage\":\"es-ES\",\"potentialAction\":[{\"@type\":\"ReadAction\",\"target\":[\"https:\/\/telemet.com\/es\/de-icing\/ash-stratos-f-d\/\"]}]},{\"@type\":\"ImageObject\",\"inLanguage\":\"es-ES\",\"@id\":\"https:\/\/telemet.com\/es\/de-icing\/ash-stratos-f-d\/#primaryimage\",\"url\":\"https:\/\/telemet.com\/wp-content\/uploads\/2016\/11\/stratos_f_d.jpg\",\"contentUrl\":\"https:\/\/telemet.com\/wp-content\/uploads\/2016\/11\/stratos_f_d.jpg\"},{\"@type\":\"BreadcrumbList\",\"@id\":\"https:\/\/telemet.com\/es\/de-icing\/ash-stratos-f-d\/#breadcrumb\",\"itemListElement\":[{\"@type\":\"ListItem\",\"position\":1,\"name\":\"Home\",\"item\":\"https:\/\/telemet.com\/es\/\"},{\"@type\":\"ListItem\",\"position\":2,\"name\":\"Aebi-Schmidt De-icing\",\"item\":\"https:\/\/telemet.com\/es\/de-icing\/\"},{\"@type\":\"ListItem\",\"position\":3,\"name\":\"Aebi-Schmidt Stratos F &#038; D\"}]},{\"@type\":\"WebSite\",\"@id\":\"https:\/\/telemet.com\/es\/#website\",\"url\":\"https:\/\/telemet.com\/es\/\",\"name\":\"Telemet, Inc.\",\"description\":\"Efficiency through Simplicity\",\"potentialAction\":[{\"@type\":\"SearchAction\",\"target\":{\"@type\":\"EntryPoint\",\"urlTemplate\":\"https:\/\/telemet.com\/es\/?s={search_term_string}\"},\"query-input\":{\"@type\":\"PropertyValueSpecification\",\"valueRequired\":true,\"valueName\":\"search_term_string\"}}],\"inLanguage\":\"es-ES\"}]}<\/script>\n<!-- \/ Yoast SEO plugin. -->","yoast_head_json":{"title":"Aebi-Schmidt Stratos F & D - Telemet","robots":{"index":"index","follow":"follow","max-snippet":"max-snippet:-1","max-image-preview":"max-image-preview:large","max-video-preview":"max-video-preview:-1"},"canonical":"https:\/\/telemet.com\/es\/de-icing\/ash-stratos-f-d\/","og_locale":"es_ES","og_type":"article","og_title":"Aebi-Schmidt Stratos F & D - Telemet","og_url":"https:\/\/telemet.com\/es\/de-icing\/ash-stratos-f-d\/","og_site_name":"Telemet","article_modified_time":"2023-08-18T13:45:07+00:00","og_image":[{"url":"https:\/\/telemet.com\/wp-content\/uploads\/2016\/11\/stratos_f_d.jpg","type":"","width":"","height":""}],"twitter_card":"summary_large_image","twitter_misc":{"Tiempo de lectura":"4 minutes"},"schema":{"@context":"https:\/\/schema.org","@graph":[{"@type":"WebPage","@id":"https:\/\/telemet.com\/es\/de-icing\/ash-stratos-f-d\/","url":"https:\/\/telemet.com\/es\/de-icing\/ash-stratos-f-d\/","name":"Aebi-Schmidt Stratos F & D - Telemet","isPartOf":{"@id":"https:\/\/telemet.com\/es\/#website"},"primaryImageOfPage":{"@id":"https:\/\/telemet.com\/es\/de-icing\/ash-stratos-f-d\/#primaryimage"},"image":{"@id":"https:\/\/telemet.com\/es\/de-icing\/ash-stratos-f-d\/#primaryimage"},"thumbnailUrl":"https:\/\/telemet.com\/wp-content\/uploads\/2016\/11\/stratos_f_d.jpg","datePublished":"2016-11-21T11:14:10+00:00","dateModified":"2023-08-18T13:45:07+00:00","breadcrumb":{"@id":"https:\/\/telemet.com\/es\/de-icing\/ash-stratos-f-d\/#breadcrumb"},"inLanguage":"es-ES","potentialAction":[{"@type":"ReadAction","target":["https:\/\/telemet.com\/es\/de-icing\/ash-stratos-f-d\/"]}]},{"@type":"ImageObject","inLanguage":"es-ES","@id":"https:\/\/telemet.com\/es\/de-icing\/ash-stratos-f-d\/#primaryimage","url":"https:\/\/telemet.com\/wp-content\/uploads\/2016\/11\/stratos_f_d.jpg","contentUrl":"https:\/\/telemet.com\/wp-content\/uploads\/2016\/11\/stratos_f_d.jpg"},{"@type":"BreadcrumbList","@id":"https:\/\/telemet.com\/es\/de-icing\/ash-stratos-f-d\/#breadcrumb","itemListElement":[{"@type":"ListItem","position":1,"name":"Home","item":"https:\/\/telemet.com\/es\/"},{"@type":"ListItem","position":2,"name":"Aebi-Schmidt De-icing","item":"https:\/\/telemet.com\/es\/de-icing\/"},{"@type":"ListItem","position":3,"name":"Aebi-Schmidt Stratos F &#038; D"}]},{"@type":"WebSite","@id":"https:\/\/telemet.com\/es\/#website","url":"https:\/\/telemet.com\/es\/","name":"Telemet, Inc.","description":"Efficiency through Simplicity","potentialAction":[{"@type":"SearchAction","target":{"@type":"EntryPoint","urlTemplate":"https:\/\/telemet.com\/es\/?s={search_term_string}"},"query-input":{"@type":"PropertyValueSpecification","valueRequired":true,"valueName":"search_term_string"}}],"inLanguage":"es-ES"}]}},"_links":{"self":[{"href":"https:\/\/telemet.com\/es\/wp-json\/wp\/v2\/pages\/7123","targetHints":{"allow":["GET"]}}],"collection":[{"href":"https:\/\/telemet.com\/es\/wp-json\/wp\/v2\/pages"}],"about":[{"href":"https:\/\/telemet.com\/es\/wp-json\/wp\/v2\/types\/page"}],"author":[{"embeddable":true,"href":"https:\/\/telemet.com\/es\/wp-json\/wp\/v2\/users\/1"}],"replies":[{"embeddable":true,"href":"https:\/\/telemet.com\/es\/wp-json\/wp\/v2\/comments?post=7123"}],"version-history":[{"count":3,"href":"https:\/\/telemet.com\/es\/wp-json\/wp\/v2\/pages\/7123\/revisions"}],"predecessor-version":[{"id":14012,"href":"https:\/\/telemet.com\/es\/wp-json\/wp\/v2\/pages\/7123\/revisions\/14012"}],"up":[{"embeddable":true,"href":"https:\/\/telemet.com\/es\/wp-json\/wp\/v2\/pages\/7078"}],"wp:attachment":[{"href":"https:\/\/telemet.com\/es\/wp-json\/wp\/v2\/media?parent=7123"}],"curies":[{"name":"wp","href":"https:\/\/api.w.org\/{rel}","templated":true}]}}