{"id":7146,"date":"2016-11-21T17:41:57","date_gmt":"2016-11-21T17:41:11","guid":{"rendered":"http:\/\/telemet.com\/es\/de-icing\/ash-syntos\/"},"modified":"2023-08-18T13:47:25","modified_gmt":"2023-08-18T13:47:25","slug":"ash-syntos","status":"publish","type":"page","link":"https:\/\/telemet.com\/es\/de-icing\/ash-syntos\/","title":{"rendered":"Aebi-Schmidt Syntos"},"content":{"rendered":"<div class=\"fusion-fullwidth fullwidth-box fusion-builder-row-1 nonhundred-percent-fullwidth non-hundred-percent-height-scrolling\" style=\"--awb-background-position:left top;--awb-border-radius-top-left:0px;--awb-border-radius-top-right:0px;--awb-border-radius-bottom-right:0px;--awb-border-radius-bottom-left:0px;--awb-padding-top:0px;--awb-padding-bottom:20px;--awb-border-sizes-top:0px;--awb-border-sizes-bottom:0px;--awb-flex-wrap:wrap;\" ><div class=\"fusion-builder-row fusion-row\"><div class=\"fusion-layout-column fusion_builder_column fusion-builder-column-0 fusion_builder_column_1_1 1_1 fusion-one-full fusion-column-first fusion-column-last fusion-column-no-min-height\" style=\"--awb-bg-size:cover;--awb-margin-top:0px;--awb-margin-bottom:0px;\"><div class=\"fusion-column-wrapper fusion-flex-column-wrapper-legacy\"><div class=\"fusion-image-element fusion-image-align-center in-legacy-container\" style=\"text-align:center;--awb-caption-title-font-family:var(--h2_typography-font-family);--awb-caption-title-font-weight:var(--h2_typography-font-weight);--awb-caption-title-font-style:var(--h2_typography-font-style);--awb-caption-title-size:var(--h2_typography-font-size);--awb-caption-title-transform:var(--h2_typography-text-transform);--awb-caption-title-line-height:var(--h2_typography-line-height);--awb-caption-title-letter-spacing:var(--h2_typography-letter-spacing);\"><div class=\"imageframe-align-center\"><span class=\" fusion-imageframe imageframe-none imageframe-1 hover-type-none\"><img decoding=\"async\" width=\"800\" height=\"600\" title=\"syntos_0307\" src=\"https:\/\/telemet.com\/wp-content\/uploads\/2016\/11\/syntos_0307.jpg\" alt class=\"img-responsive wp-image-14039\" srcset=\"https:\/\/telemet.com\/wp-content\/uploads\/2016\/11\/syntos_0307-200x150.jpg 200w, https:\/\/telemet.com\/wp-content\/uploads\/2016\/11\/syntos_0307-400x300.jpg 400w, https:\/\/telemet.com\/wp-content\/uploads\/2016\/11\/syntos_0307-600x450.jpg 600w, https:\/\/telemet.com\/wp-content\/uploads\/2016\/11\/syntos_0307.jpg 800w\" sizes=\"(max-width: 800px) 100vw, 800px\" \/><\/span><\/div><\/div><div class=\"fusion-sep-clear\"><\/div><div class=\"fusion-separator fusion-full-width-sep\" style=\"margin-left: auto;margin-right: auto;margin-top:20px;width:100%;\"><\/div><div class=\"fusion-sep-clear\"><\/div><div class=\"fusion-align-block\"><a class=\"fusion-button button-flat button-xlarge button-default fusion-button-default button-1 fusion-button-default-span \" style=\"width:calc(100%);\" target=\"_blank\" rel=\"noopener noreferrer\" title=\"Download Brochure\" aria-label=\"Download Brochure\" href=\"\/wp-content\/uploads\/2016\/11\/LW_Syntos_EN_2015.pdf\"><span class=\"fusion-button-text awb-button__text awb-button__text--default\">Download Brochure (PDF)<\/span><i class=\" fa fa-file-pdf-o awb-button__icon awb-button__icon--default button-icon-right\" aria-hidden=\"true\"><\/i><\/a><\/div><div class=\"fusion-sep-clear\"><\/div><div class=\"fusion-separator fusion-full-width-sep\" style=\"margin-left: auto;margin-right: auto;margin-top:20px;width:100%;\"><\/div><div class=\"fusion-sep-clear\"><\/div><div class=\"fusion-clearfix\"><\/div><\/div><\/div><div class=\"fusion-layout-column fusion_builder_column fusion-builder-column-1 fusion_builder_column_1_1 1_1 fusion-one-full fusion-column-first fusion-column-last fusion-column-no-min-height\" style=\"--awb-bg-size:cover;--awb-margin-top:0px;--awb-margin-bottom:0px;\"><div class=\"fusion-column-wrapper fusion-flex-column-wrapper-legacy\"><div class=\"fusion-video fusion-youtube\" style=\"--awb-max-width:600px;--awb-max-height:350px;\"><div class=\"video-shortcode\"><div class=\"fluid-width-video-wrapper\" style=\"padding-top:58.33%;\" ><iframe title=\"YouTube video player 1\" src=\"https:\/\/www.youtube.com\/embed\/yO1UB7jRQew?wmode=transparent&autoplay=0\" width=\"600\" height=\"350\" allowfullscreen allow=\"autoplay; clipboard-write; encrypted-media; gyroscope; picture-in-picture;\"><\/iframe><\/div><\/div><\/div><div class=\"fusion-sep-clear\"><\/div><div class=\"fusion-separator fusion-full-width-sep\" style=\"margin-left: auto;margin-right: auto;margin-top:20px;width:100%;\"><\/div><div class=\"fusion-sep-clear\"><\/div><div class=\"fusion-text fusion-text-1\"><h3>Esparcidores fijables y desmontables de Schmidt<\/h3>\n<p>Hemos desarrollado un nuevo esparcidor acoplable y desmontable que se centra en el cumplimiento de los requisitos de longevidad y m\u00e1xima econom\u00eda: nuestro innovador Syntos es primero esparcidor pre-humectaci\u00f3n en polietileno del mundo en el sector profesional. El modelo Syntos ha sido dise\u00f1ado para la dispersi\u00f3n de materiales anticongelantes en pueblos y ciudades y muestra su eficacia en todas las carreteras y caminos para veh\u00edculos y bicicletas, aparcamientos, instalaciones comerciales y terrenos privados.<\/p>\n<h3>El esparcidor Syntos de Schmidt: \u00a1simplemente insustituible para aquellos que quieren alcanzar el nivel econ\u00f3mico m\u00e1ximo!<\/h3>\n<p>El esparcidor Syntos de resistencia excepcional, fabricado por Schmidt, es un producto de primera calidad que es tan robusto como los modelos de metal en todos los aspectos. El polietileno no s\u00f3lo se encuentra libre de toda corrosi\u00f3n, sino que tambi\u00e9n es considerablemente m\u00e1s barato a lo largo de toda la vida \u00fatil del dispositivo. Al igual que sucede con nuestros otros esparcidores, el modelo Syntos presenta un alto grado de precisi\u00f3n en la dosificaci\u00f3n y un patr\u00f3n muy uniforme de dispersi\u00f3n de materiales. La gama resulta adecuada para su montaje en plataformas de carga, pick-ups, camiones, o veh\u00edculos de servicio en v\u00edas estrechas, as\u00ed como para remolques (peque\u00f1os veh\u00edculos, tractores, veh\u00edculos de pasajeros con tracci\u00f3n total). La potencia la suministra el sistema hidr\u00e1ulico del veh\u00edculo, &#8220;Rotopower&#8221; de Schmidt o un motor de combustible.<\/p>\n<h3>El modelo Syntos no solo est\u00e1 fabricado en polietileno, est\u00e1 tambi\u00e9n &#8220;perfectamente formado&#8221;<\/h3>\n<p>La parte principal que est\u00e1 fabricada en polietileno es la tolva de f\u00e1cil limpieza; el conducto y el disco de dispersi\u00f3n est\u00e1n hechos de acero inoxidable. Conjuntamente, esta combinaci\u00f3n de materiales ofrece una perfecta protecci\u00f3n frente a corrosi\u00f3n. El modelo Syntos utiliza nuestros componentes probados y experimentados Stratos II de Schmidt como base, pero se caracteriza por la mejora de la geometr\u00eda y un centro de gravedad m\u00e1s bajo. El dep\u00f3sito de salmuera integrado en la tolva tambi\u00e9n contribuye con ello.<br \/>\nLa operaci\u00f3n se realiza a trav\u00e9s del control CX relacionado con la velocidad en carretera, que resulta muy ergon\u00f3mico gracias a los botones giratorios de f\u00e1cil agarre, rejillas sensibles y pulsadores iluminados. Tambi\u00e9n ofrecemos el control digital CL relacionado con la velocidad por carretera que dispone de una pantalla gr\u00e1fica de gran tama\u00f1o y excelente visibilidad. Adem\u00e1s, podemos integrar los sistemas ThermoLogic y AutoLogic as\u00ed como los innovadores sistemas de recogida de datos de dispersi\u00f3n.<\/p>\n<h3>El equipamiento b\u00e1sico de nuestras esparcidores desmontable y de remolque &#8211; ambos con una capacidad de 0,8 a 1,7 m\u00b3<\/h3>\n<p>Ambos esparcidores de polietileno de f\u00e1cil limpieza presentan un dise\u00f1o bajo de la tolva. Se activar\u00e1 una parada de seguridad autom\u00e1tica cuando se doble el disco de dispersi\u00f3n. El bastidor de montaje y la cola han sido tratados con el sistema de chorreado y est\u00e1n recubiertos de polvo para protegerles contra la corrosi\u00f3n. El compartimiento con cerradura tiene una cubierta y est\u00e1 presurizado y estanco al agua. La fabricaci\u00f3n en estructura de sandwich de la unidad hidr\u00e1ulica evita tuber\u00edas no practicables.<\/p>\n<h3>El modelo Syntos de Schmidt dosifica de manera simple y sistem\u00e1tica<\/h3>\n<p>En el caso de los esparcidores desmontables, se puede elegir entre los sistemas de cintas transportadoras y tornillo sin fin; en el caso de esparcidores de remolque, la dosificaci\u00f3n solo se realiza mediante una cinta transportadora. El sistema de casete con cinta transportadora garantiza un alto nivel de precisi\u00f3n en la dosificaci\u00f3n con bajo consumo de material de dispersi\u00f3n. Aqu\u00ed, una cinta transportadora sin fin, perfilada en forma de V, funciona sobre una placa de gu\u00eda, sin dejar marcas de rodamientos en la tolva. El rodillo conductor es de bajo mantenimiento. Adem\u00e1s, el equipo integra una trituradora de terrones patentada. La otra opci\u00f3n, el sistema de tornillo sin fin, est\u00e1 disponible hasta 1,7 m\u00b3 y es accionado por un motor hidr\u00e1ulico.<\/p>\n<h3>Integrado en los dos esparcidores: Equipo de pre-humidificaci\u00f3n de la sal<\/h3>\n<p>El esparcidor est\u00e1 equipado con un tanque de salmuera vers\u00e1til e integrado con indicador de nivel de l\u00edquido. Al conmutar a la salmuera (FS 30), el material seco se reduce autom\u00e1ticamente. Se dispone de un conector trasero de tipo Storz C para llenar y vaciar el tanque de salmuera. La bomba de salmuera (bomba de engranajes de 100 l \/ min) con protecci\u00f3n frente a funcionamiento en seco, funciona a una velocidad reducida autom\u00e1ticamente cuando se enciende la configuraci\u00f3n de sal h\u00fameda. El sistema alcanza un alto nivel de precisi\u00f3n gracias a un sensor integrado que proporciona informaci\u00f3n sobre la velocidad.<\/p>\n<\/div><div class=\"fusion-clearfix\"><\/div><\/div><\/div><\/div><\/div>\n","protected":false},"excerpt":{"rendered":"","protected":false},"author":1,"featured_media":0,"parent":7078,"menu_order":8,"comment_status":"closed","ping_status":"closed","template":"side-navigation.php","meta":{"footnotes":""},"class_list":["post-7146","page","type-page","status-publish","hentry"],"yoast_head":"<!-- This site is optimized with the Yoast SEO plugin v26.2 - https:\/\/yoast.com\/wordpress\/plugins\/seo\/ -->\n<title>Aebi-Schmidt Syntos - Telemet<\/title>\n<meta name=\"robots\" content=\"index, follow, max-snippet:-1, max-image-preview:large, max-video-preview:-1\" \/>\n<link rel=\"canonical\" href=\"https:\/\/telemet.com\/es\/de-icing\/ash-syntos\/\" \/>\n<meta property=\"og:locale\" content=\"es_ES\" \/>\n<meta property=\"og:type\" content=\"article\" \/>\n<meta property=\"og:title\" content=\"Aebi-Schmidt Syntos - Telemet\" \/>\n<meta property=\"og:url\" content=\"https:\/\/telemet.com\/es\/de-icing\/ash-syntos\/\" \/>\n<meta property=\"og:site_name\" content=\"Telemet\" \/>\n<meta property=\"article:modified_time\" content=\"2023-08-18T13:47:25+00:00\" \/>\n<meta property=\"og:image\" content=\"https:\/\/telemet.com\/wp-content\/uploads\/2016\/11\/syntos_0307.jpg\" \/>\n<meta name=\"twitter:card\" content=\"summary_large_image\" \/>\n<meta name=\"twitter:label1\" content=\"Tiempo de lectura\" \/>\n\t<meta name=\"twitter:data1\" content=\"6 minutes\" \/>\n<script type=\"application\/ld+json\" class=\"yoast-schema-graph\">{\"@context\":\"https:\/\/schema.org\",\"@graph\":[{\"@type\":\"WebPage\",\"@id\":\"https:\/\/telemet.com\/es\/de-icing\/ash-syntos\/\",\"url\":\"https:\/\/telemet.com\/es\/de-icing\/ash-syntos\/\",\"name\":\"Aebi-Schmidt Syntos - Telemet\",\"isPartOf\":{\"@id\":\"https:\/\/telemet.com\/es\/#website\"},\"primaryImageOfPage\":{\"@id\":\"https:\/\/telemet.com\/es\/de-icing\/ash-syntos\/#primaryimage\"},\"image\":{\"@id\":\"https:\/\/telemet.com\/es\/de-icing\/ash-syntos\/#primaryimage\"},\"thumbnailUrl\":\"https:\/\/telemet.com\/wp-content\/uploads\/2016\/11\/syntos_0307.jpg\",\"datePublished\":\"2016-11-21T17:41:11+00:00\",\"dateModified\":\"2023-08-18T13:47:25+00:00\",\"breadcrumb\":{\"@id\":\"https:\/\/telemet.com\/es\/de-icing\/ash-syntos\/#breadcrumb\"},\"inLanguage\":\"es-ES\",\"potentialAction\":[{\"@type\":\"ReadAction\",\"target\":[\"https:\/\/telemet.com\/es\/de-icing\/ash-syntos\/\"]}]},{\"@type\":\"ImageObject\",\"inLanguage\":\"es-ES\",\"@id\":\"https:\/\/telemet.com\/es\/de-icing\/ash-syntos\/#primaryimage\",\"url\":\"https:\/\/telemet.com\/wp-content\/uploads\/2016\/11\/syntos_0307.jpg\",\"contentUrl\":\"https:\/\/telemet.com\/wp-content\/uploads\/2016\/11\/syntos_0307.jpg\"},{\"@type\":\"BreadcrumbList\",\"@id\":\"https:\/\/telemet.com\/es\/de-icing\/ash-syntos\/#breadcrumb\",\"itemListElement\":[{\"@type\":\"ListItem\",\"position\":1,\"name\":\"Home\",\"item\":\"https:\/\/telemet.com\/es\/\"},{\"@type\":\"ListItem\",\"position\":2,\"name\":\"Aebi-Schmidt De-icing\",\"item\":\"https:\/\/telemet.com\/es\/de-icing\/\"},{\"@type\":\"ListItem\",\"position\":3,\"name\":\"Aebi-Schmidt Syntos\"}]},{\"@type\":\"WebSite\",\"@id\":\"https:\/\/telemet.com\/es\/#website\",\"url\":\"https:\/\/telemet.com\/es\/\",\"name\":\"Telemet, Inc.\",\"description\":\"Efficiency through Simplicity\",\"potentialAction\":[{\"@type\":\"SearchAction\",\"target\":{\"@type\":\"EntryPoint\",\"urlTemplate\":\"https:\/\/telemet.com\/es\/?s={search_term_string}\"},\"query-input\":{\"@type\":\"PropertyValueSpecification\",\"valueRequired\":true,\"valueName\":\"search_term_string\"}}],\"inLanguage\":\"es-ES\"}]}<\/script>\n<!-- \/ Yoast SEO plugin. -->","yoast_head_json":{"title":"Aebi-Schmidt Syntos - Telemet","robots":{"index":"index","follow":"follow","max-snippet":"max-snippet:-1","max-image-preview":"max-image-preview:large","max-video-preview":"max-video-preview:-1"},"canonical":"https:\/\/telemet.com\/es\/de-icing\/ash-syntos\/","og_locale":"es_ES","og_type":"article","og_title":"Aebi-Schmidt Syntos - Telemet","og_url":"https:\/\/telemet.com\/es\/de-icing\/ash-syntos\/","og_site_name":"Telemet","article_modified_time":"2023-08-18T13:47:25+00:00","og_image":[{"url":"https:\/\/telemet.com\/wp-content\/uploads\/2016\/11\/syntos_0307.jpg","type":"","width":"","height":""}],"twitter_card":"summary_large_image","twitter_misc":{"Tiempo de lectura":"6 minutes"},"schema":{"@context":"https:\/\/schema.org","@graph":[{"@type":"WebPage","@id":"https:\/\/telemet.com\/es\/de-icing\/ash-syntos\/","url":"https:\/\/telemet.com\/es\/de-icing\/ash-syntos\/","name":"Aebi-Schmidt Syntos - Telemet","isPartOf":{"@id":"https:\/\/telemet.com\/es\/#website"},"primaryImageOfPage":{"@id":"https:\/\/telemet.com\/es\/de-icing\/ash-syntos\/#primaryimage"},"image":{"@id":"https:\/\/telemet.com\/es\/de-icing\/ash-syntos\/#primaryimage"},"thumbnailUrl":"https:\/\/telemet.com\/wp-content\/uploads\/2016\/11\/syntos_0307.jpg","datePublished":"2016-11-21T17:41:11+00:00","dateModified":"2023-08-18T13:47:25+00:00","breadcrumb":{"@id":"https:\/\/telemet.com\/es\/de-icing\/ash-syntos\/#breadcrumb"},"inLanguage":"es-ES","potentialAction":[{"@type":"ReadAction","target":["https:\/\/telemet.com\/es\/de-icing\/ash-syntos\/"]}]},{"@type":"ImageObject","inLanguage":"es-ES","@id":"https:\/\/telemet.com\/es\/de-icing\/ash-syntos\/#primaryimage","url":"https:\/\/telemet.com\/wp-content\/uploads\/2016\/11\/syntos_0307.jpg","contentUrl":"https:\/\/telemet.com\/wp-content\/uploads\/2016\/11\/syntos_0307.jpg"},{"@type":"BreadcrumbList","@id":"https:\/\/telemet.com\/es\/de-icing\/ash-syntos\/#breadcrumb","itemListElement":[{"@type":"ListItem","position":1,"name":"Home","item":"https:\/\/telemet.com\/es\/"},{"@type":"ListItem","position":2,"name":"Aebi-Schmidt De-icing","item":"https:\/\/telemet.com\/es\/de-icing\/"},{"@type":"ListItem","position":3,"name":"Aebi-Schmidt Syntos"}]},{"@type":"WebSite","@id":"https:\/\/telemet.com\/es\/#website","url":"https:\/\/telemet.com\/es\/","name":"Telemet, Inc.","description":"Efficiency through Simplicity","potentialAction":[{"@type":"SearchAction","target":{"@type":"EntryPoint","urlTemplate":"https:\/\/telemet.com\/es\/?s={search_term_string}"},"query-input":{"@type":"PropertyValueSpecification","valueRequired":true,"valueName":"search_term_string"}}],"inLanguage":"es-ES"}]}},"_links":{"self":[{"href":"https:\/\/telemet.com\/es\/wp-json\/wp\/v2\/pages\/7146","targetHints":{"allow":["GET"]}}],"collection":[{"href":"https:\/\/telemet.com\/es\/wp-json\/wp\/v2\/pages"}],"about":[{"href":"https:\/\/telemet.com\/es\/wp-json\/wp\/v2\/types\/page"}],"author":[{"embeddable":true,"href":"https:\/\/telemet.com\/es\/wp-json\/wp\/v2\/users\/1"}],"replies":[{"embeddable":true,"href":"https:\/\/telemet.com\/es\/wp-json\/wp\/v2\/comments?post=7146"}],"version-history":[{"count":3,"href":"https:\/\/telemet.com\/es\/wp-json\/wp\/v2\/pages\/7146\/revisions"}],"predecessor-version":[{"id":14037,"href":"https:\/\/telemet.com\/es\/wp-json\/wp\/v2\/pages\/7146\/revisions\/14037"}],"up":[{"embeddable":true,"href":"https:\/\/telemet.com\/es\/wp-json\/wp\/v2\/pages\/7078"}],"wp:attachment":[{"href":"https:\/\/telemet.com\/es\/wp-json\/wp\/v2\/media?parent=7146"}],"curies":[{"name":"wp","href":"https:\/\/api.w.org\/{rel}","templated":true}]}}