{"id":7153,"date":"2016-11-21T17:48:57","date_gmt":"2016-11-21T17:48:12","guid":{"rendered":"http:\/\/telemet.com\/es\/de-icing\/ash-galeox\/"},"modified":"2023-08-18T13:48:03","modified_gmt":"2023-08-18T13:48:03","slug":"ash-galeox","status":"publish","type":"page","link":"https:\/\/telemet.com\/es\/de-icing\/ash-galeox\/","title":{"rendered":"Aebi-Schmidt Galeox"},"content":{"rendered":"<div class=\"fusion-fullwidth fullwidth-box fusion-builder-row-1 nonhundred-percent-fullwidth non-hundred-percent-height-scrolling\" style=\"--awb-background-position:left top;--awb-border-radius-top-left:0px;--awb-border-radius-top-right:0px;--awb-border-radius-bottom-right:0px;--awb-border-radius-bottom-left:0px;--awb-padding-top:0px;--awb-padding-bottom:20px;--awb-border-sizes-top:0px;--awb-border-sizes-bottom:0px;--awb-flex-wrap:wrap;\" ><div class=\"fusion-builder-row fusion-row\"><div class=\"fusion-layout-column fusion_builder_column fusion-builder-column-0 fusion_builder_column_1_1 1_1 fusion-one-full fusion-column-first fusion-column-last fusion-column-no-min-height\" style=\"--awb-bg-size:cover;--awb-margin-top:0px;--awb-margin-bottom:0px;\"><div class=\"fusion-column-wrapper fusion-flex-column-wrapper-legacy\"><div class=\"fusion-image-element fusion-image-align-center in-legacy-container\" style=\"text-align:center;--awb-caption-title-font-family:var(--h2_typography-font-family);--awb-caption-title-font-weight:var(--h2_typography-font-weight);--awb-caption-title-font-style:var(--h2_typography-font-style);--awb-caption-title-size:var(--h2_typography-font-size);--awb-caption-title-transform:var(--h2_typography-text-transform);--awb-caption-title-line-height:var(--h2_typography-line-height);--awb-caption-title-letter-spacing:var(--h2_typography-letter-spacing);\"><div class=\"imageframe-align-center\"><span class=\" fusion-imageframe imageframe-none imageframe-1 hover-type-none\"><img decoding=\"async\" width=\"800\" height=\"600\" title=\"galeox_ash\" src=\"https:\/\/telemet.com\/wp-content\/uploads\/2016\/11\/galeox_ash.jpg\" alt class=\"img-responsive wp-image-14050\" srcset=\"https:\/\/telemet.com\/wp-content\/uploads\/2016\/11\/galeox_ash-200x150.jpg 200w, https:\/\/telemet.com\/wp-content\/uploads\/2016\/11\/galeox_ash-400x300.jpg 400w, https:\/\/telemet.com\/wp-content\/uploads\/2016\/11\/galeox_ash-600x450.jpg 600w, https:\/\/telemet.com\/wp-content\/uploads\/2016\/11\/galeox_ash.jpg 800w\" sizes=\"(max-width: 800px) 100vw, 800px\" \/><\/span><\/div><\/div><div class=\"fusion-sep-clear\"><\/div><div class=\"fusion-separator fusion-full-width-sep\" style=\"margin-left: auto;margin-right: auto;margin-top:20px;width:100%;\"><\/div><div class=\"fusion-sep-clear\"><\/div><div class=\"fusion-align-block\"><a class=\"fusion-button button-flat button-xlarge button-default fusion-button-default button-1 fusion-button-default-span \" style=\"width:calc(100%);\" target=\"_blank\" rel=\"noopener noreferrer\" title=\"Download Brochure\" aria-label=\"Download Brochure\" href=\"\/wp-content\/uploads\/2016\/11\/LW_Galeox_EN_2012.pdf\"><span class=\"fusion-button-text awb-button__text awb-button__text--default\">Download Brochure (PDF)<\/span><i class=\" fa fa-file-pdf-o awb-button__icon awb-button__icon--default button-icon-right\" aria-hidden=\"true\"><\/i><\/a><\/div><div class=\"fusion-sep-clear\"><\/div><div class=\"fusion-separator fusion-full-width-sep\" style=\"margin-left: auto;margin-right: auto;margin-top:20px;width:100%;\"><\/div><div class=\"fusion-sep-clear\"><\/div><div class=\"fusion-text fusion-text-1\"><h3>Esparcidor desmontable de Schmidt<\/h3>\n<p>El sistema Galeox de Schmidt es exactamente la elecci\u00f3n adecuada para aquellos que est\u00e9n buscando un esparcidor desmontable dise\u00f1ado de forma simple y robusta: \u00a1El sistema Galeox de alta calidad utiliza los componentes probados y experimentados del modelo Stratos II de Schmidt y ofrece una relaci\u00f3n coste-beneficio de primera clase a pesar de su sencillo manejo! El esparcidor desmontable de Schmidt est\u00e1 especialmente adaptado a los sistemas basculantes y permite el empleo de tanques de salmuera cargados con el peso m\u00e1ximo de dep\u00f3sito (tambi\u00e9n disponible con patas de apoyo). El sistema de humectaci\u00f3n previa cumple con la norma EN-15597-1 (30 por ciento del contenido en volumen de la tolva). La configuraci\u00f3n del patr\u00f3n de dispersi\u00f3n se lleva a cabo a trav\u00e9s del ajuste del punto de impacto. Gracias al volumen de la tolva de hasta 7 m\u00b3 (cinta transportadora) o 8 m\u00b3 (tornillo sin fin), el equipo Galeox de Schmidt se adapta perfectamente a las tareas de dispersi\u00f3n tanto en las zonas urbanas como rurales &#8211; ofrece un eficiente deshielo en los caminos rurales, en las carreteras de ciudades y grandes \u00e1reas urbanas, aparcamientos, recintos fabriles y fincas privadas. El esparcidor ha sido dise\u00f1ado para montarse en camiones con dos o tres ejes. El equipo recibe la energ\u00eda del sistema hidr\u00e1ulico del veh\u00edculo o, si as\u00ed se desea, se utiliza un sistema motor montado lateralmente (!).<\/p>\n<h3>Cuando se utiliza el sistema de cinta transportadora o el sistema de tornillo sin fin, el robusto equipo Galeox de Schmidt ofrece el equipo perfecto para satisfacer cualquier requisito de mantenimiento invernal<\/h3>\n<p>Con el esparcidor desmontable puede optar entre una cinta transportadora de bajo coste o un tornillo sin fin para su sistema dosificador. El sistema de cinta transportadora garantiza un elevado grado de precisi\u00f3n en la dosificaci\u00f3n, incluso cuando utilice peque\u00f1as cantidades de materiales descongelantes. En este caso, una cinta transportadora sin fin, perfilada en forma de V, funciona sobre una placa de gu\u00eda, sin dejar marcas de rodamientos en la tolva. El rodillo conductor es de bajo mantenimiento. Adem\u00e1s, el equipo integra una trituradora de terrones patentada. La otra opci\u00f3n, el sistema de tornillo sin fin, est\u00e1 accionado por un motor hidr\u00e1ulico.<br \/>\nEl sistema de distribuci\u00f3n, que est\u00e1 fabricado por entero en acero inoxidable, puede plegarse utilizando unos resortes con gas a presi\u00f3n. El esparcidor cuenta con un conducto abierto de acero inoxidable con altura ajustable. Se puede realizar una dispersi\u00f3n asim\u00e9trica del material basculando el extremo inferior del conducto. Se utiliza un disco de dispersi\u00f3n que mide 490 mm \u00d8, logrando esparcir el material entre 3 \u2013 10 m (seco o pre-humedecido). La anchura de dispersi\u00f3n depende del material y de las circunstancias.<\/p>\n<h3>Otra opci\u00f3n incluso para una mayor flexibilidad de uso: Equipo pre-h\u00famedo<\/h3>\n<p>\u00bfDesea utilizar tambi\u00e9n el sistema pre-humectante con el equipo Galeox de Schmidt? No hay problema dispone de la opci\u00f3n de tanques de salmuera laterales de polietileno con indicador de nivel. El sistema de humectaci\u00f3n previa cumple con la norma EN-15597-1 (30 por ciento del contenido en volumen de la tolva). Al conmutar a la salmuera (FS 30), el material seco se reduce autom\u00e1ticamente. Se dispone de un conector trasero de tipo Storz C para llenar y vaciar el dep\u00f3sito de salmuera. La bomba de salmuera hidr\u00e1ulica (bomba de engranajes de 100 l \/ min) con protecci\u00f3n frente a funcionamiento en seco, funciona a una velocidad reducida autom\u00e1ticamente cuando se enciende la configuraci\u00f3n de pre-humectaci\u00f3n. El sistema alcanza un alto nivel de precisi\u00f3n gracias a un sensor integrado que proporciona informaci\u00f3n sobre la velocidad, tambi\u00e9n dispone de un sistema de ventilaci\u00f3n central e integrado del dep\u00f3sito de salmuera.<\/p>\n<h3>\u00a1El equipo Galeox dispone de muchas cualidades importantes, desde el material, a la seguridad, pasando por la comodidad del usuario!<\/h3>\n<p>El equipo Galeox de Schmidt es muy estable; el bastidor de montaje y la cola se encuentran integrados con la tolva. El robusto esparcidor, que cuenta con nuestros componentes Stratos II probados y experimentados como elementos base, ha sido optimizado para adaptarse a los sistemas basculantes. Siempre que ha sido posible se han utilizado como materiales de fabricaci\u00f3n el acero inoxidable (conducto, disco de dispersi\u00f3n) o polietileno (tapa del disco de dispersi\u00f3n, dep\u00f3sitos). La tolva est\u00e1 fabricada en acero (sistema de cinta transportadora) o en acero inoxidable (sistema de tornillo sin fin). La superficie de la tolva ha sido granallada y recubierta con polvo. El esparcidor tiene un compartimento con cerradura, que est\u00e1 protegido contra la corrosi\u00f3n y es resistente al agua a presi\u00f3n (IP 55).<br \/>\nLa unidad hidr\u00e1ulica fabricada en forma de sandwich evita las tuber\u00edas y est\u00e1 montada de una sola pieza. El sistema cuenta con v\u00e1lvulas proporcionales con parada manual de emergencia, v\u00e1lvula limitadora de presi\u00f3n (250 bares), una pantalla de sal de acero galvanizado y un coj\u00edn antideslizante entre el bastidor y el conjunto del volquete, todo ello garantiza su seguridad. Se utiliza el control digital CX que tiene en cuenta la velocidad en carretera, garantizando una elevada fiabilidad en la dosificaci\u00f3n de los materiales. La unidad operativa dispone de botones giratorios de f\u00e1cil agarre, rejillas sensibles y pulsadores iluminados; todas las piezas son impermeables y muy resistentes.<\/p>\n<p>El esparcidor desmontable Galeox de Schmidt ofrece una excelente relaci\u00f3n coste-beneficio. Por favor, p\u00f3ngase en contacto con nosotros si necesita m\u00e1s informaci\u00f3n: \u00a1Quedamos a la espera de sus noticias!<\/p>\n<\/div><div class=\"fusion-clearfix\"><\/div><\/div><\/div><\/div><\/div>\n","protected":false},"excerpt":{"rendered":"","protected":false},"author":1,"featured_media":0,"parent":7078,"menu_order":9,"comment_status":"closed","ping_status":"closed","template":"side-navigation.php","meta":{"footnotes":""},"class_list":["post-7153","page","type-page","status-publish","hentry"],"yoast_head":"<!-- This site is optimized with the Yoast SEO plugin v26.2 - https:\/\/yoast.com\/wordpress\/plugins\/seo\/ -->\n<title>Aebi-Schmidt Galeox - Telemet<\/title>\n<meta name=\"robots\" content=\"index, follow, max-snippet:-1, max-image-preview:large, max-video-preview:-1\" \/>\n<link rel=\"canonical\" href=\"https:\/\/telemet.com\/es\/de-icing\/ash-galeox\/\" \/>\n<meta property=\"og:locale\" content=\"es_ES\" \/>\n<meta property=\"og:type\" content=\"article\" \/>\n<meta property=\"og:title\" content=\"Aebi-Schmidt Galeox - Telemet\" \/>\n<meta property=\"og:url\" content=\"https:\/\/telemet.com\/es\/de-icing\/ash-galeox\/\" \/>\n<meta property=\"og:site_name\" content=\"Telemet\" \/>\n<meta property=\"article:modified_time\" content=\"2023-08-18T13:48:03+00:00\" \/>\n<meta property=\"og:image\" content=\"https:\/\/telemet.com\/wp-content\/uploads\/2016\/11\/galeox_ash.jpg\" \/>\n<meta name=\"twitter:card\" content=\"summary_large_image\" \/>\n<meta name=\"twitter:label1\" content=\"Tiempo de lectura\" \/>\n\t<meta name=\"twitter:data1\" content=\"6 minutes\" \/>\n<script type=\"application\/ld+json\" class=\"yoast-schema-graph\">{\"@context\":\"https:\/\/schema.org\",\"@graph\":[{\"@type\":\"WebPage\",\"@id\":\"https:\/\/telemet.com\/es\/de-icing\/ash-galeox\/\",\"url\":\"https:\/\/telemet.com\/es\/de-icing\/ash-galeox\/\",\"name\":\"Aebi-Schmidt Galeox - Telemet\",\"isPartOf\":{\"@id\":\"https:\/\/telemet.com\/es\/#website\"},\"primaryImageOfPage\":{\"@id\":\"https:\/\/telemet.com\/es\/de-icing\/ash-galeox\/#primaryimage\"},\"image\":{\"@id\":\"https:\/\/telemet.com\/es\/de-icing\/ash-galeox\/#primaryimage\"},\"thumbnailUrl\":\"https:\/\/telemet.com\/wp-content\/uploads\/2016\/11\/galeox_ash.jpg\",\"datePublished\":\"2016-11-21T17:48:12+00:00\",\"dateModified\":\"2023-08-18T13:48:03+00:00\",\"breadcrumb\":{\"@id\":\"https:\/\/telemet.com\/es\/de-icing\/ash-galeox\/#breadcrumb\"},\"inLanguage\":\"es-ES\",\"potentialAction\":[{\"@type\":\"ReadAction\",\"target\":[\"https:\/\/telemet.com\/es\/de-icing\/ash-galeox\/\"]}]},{\"@type\":\"ImageObject\",\"inLanguage\":\"es-ES\",\"@id\":\"https:\/\/telemet.com\/es\/de-icing\/ash-galeox\/#primaryimage\",\"url\":\"https:\/\/telemet.com\/wp-content\/uploads\/2016\/11\/galeox_ash.jpg\",\"contentUrl\":\"https:\/\/telemet.com\/wp-content\/uploads\/2016\/11\/galeox_ash.jpg\"},{\"@type\":\"BreadcrumbList\",\"@id\":\"https:\/\/telemet.com\/es\/de-icing\/ash-galeox\/#breadcrumb\",\"itemListElement\":[{\"@type\":\"ListItem\",\"position\":1,\"name\":\"Home\",\"item\":\"https:\/\/telemet.com\/es\/\"},{\"@type\":\"ListItem\",\"position\":2,\"name\":\"Aebi-Schmidt De-icing\",\"item\":\"https:\/\/telemet.com\/es\/de-icing\/\"},{\"@type\":\"ListItem\",\"position\":3,\"name\":\"Aebi-Schmidt Galeox\"}]},{\"@type\":\"WebSite\",\"@id\":\"https:\/\/telemet.com\/es\/#website\",\"url\":\"https:\/\/telemet.com\/es\/\",\"name\":\"Telemet, Inc.\",\"description\":\"Efficiency through Simplicity\",\"potentialAction\":[{\"@type\":\"SearchAction\",\"target\":{\"@type\":\"EntryPoint\",\"urlTemplate\":\"https:\/\/telemet.com\/es\/?s={search_term_string}\"},\"query-input\":{\"@type\":\"PropertyValueSpecification\",\"valueRequired\":true,\"valueName\":\"search_term_string\"}}],\"inLanguage\":\"es-ES\"}]}<\/script>\n<!-- \/ Yoast SEO plugin. -->","yoast_head_json":{"title":"Aebi-Schmidt Galeox - Telemet","robots":{"index":"index","follow":"follow","max-snippet":"max-snippet:-1","max-image-preview":"max-image-preview:large","max-video-preview":"max-video-preview:-1"},"canonical":"https:\/\/telemet.com\/es\/de-icing\/ash-galeox\/","og_locale":"es_ES","og_type":"article","og_title":"Aebi-Schmidt Galeox - Telemet","og_url":"https:\/\/telemet.com\/es\/de-icing\/ash-galeox\/","og_site_name":"Telemet","article_modified_time":"2023-08-18T13:48:03+00:00","og_image":[{"url":"https:\/\/telemet.com\/wp-content\/uploads\/2016\/11\/galeox_ash.jpg","type":"","width":"","height":""}],"twitter_card":"summary_large_image","twitter_misc":{"Tiempo de lectura":"6 minutes"},"schema":{"@context":"https:\/\/schema.org","@graph":[{"@type":"WebPage","@id":"https:\/\/telemet.com\/es\/de-icing\/ash-galeox\/","url":"https:\/\/telemet.com\/es\/de-icing\/ash-galeox\/","name":"Aebi-Schmidt Galeox - Telemet","isPartOf":{"@id":"https:\/\/telemet.com\/es\/#website"},"primaryImageOfPage":{"@id":"https:\/\/telemet.com\/es\/de-icing\/ash-galeox\/#primaryimage"},"image":{"@id":"https:\/\/telemet.com\/es\/de-icing\/ash-galeox\/#primaryimage"},"thumbnailUrl":"https:\/\/telemet.com\/wp-content\/uploads\/2016\/11\/galeox_ash.jpg","datePublished":"2016-11-21T17:48:12+00:00","dateModified":"2023-08-18T13:48:03+00:00","breadcrumb":{"@id":"https:\/\/telemet.com\/es\/de-icing\/ash-galeox\/#breadcrumb"},"inLanguage":"es-ES","potentialAction":[{"@type":"ReadAction","target":["https:\/\/telemet.com\/es\/de-icing\/ash-galeox\/"]}]},{"@type":"ImageObject","inLanguage":"es-ES","@id":"https:\/\/telemet.com\/es\/de-icing\/ash-galeox\/#primaryimage","url":"https:\/\/telemet.com\/wp-content\/uploads\/2016\/11\/galeox_ash.jpg","contentUrl":"https:\/\/telemet.com\/wp-content\/uploads\/2016\/11\/galeox_ash.jpg"},{"@type":"BreadcrumbList","@id":"https:\/\/telemet.com\/es\/de-icing\/ash-galeox\/#breadcrumb","itemListElement":[{"@type":"ListItem","position":1,"name":"Home","item":"https:\/\/telemet.com\/es\/"},{"@type":"ListItem","position":2,"name":"Aebi-Schmidt De-icing","item":"https:\/\/telemet.com\/es\/de-icing\/"},{"@type":"ListItem","position":3,"name":"Aebi-Schmidt Galeox"}]},{"@type":"WebSite","@id":"https:\/\/telemet.com\/es\/#website","url":"https:\/\/telemet.com\/es\/","name":"Telemet, Inc.","description":"Efficiency through Simplicity","potentialAction":[{"@type":"SearchAction","target":{"@type":"EntryPoint","urlTemplate":"https:\/\/telemet.com\/es\/?s={search_term_string}"},"query-input":{"@type":"PropertyValueSpecification","valueRequired":true,"valueName":"search_term_string"}}],"inLanguage":"es-ES"}]}},"_links":{"self":[{"href":"https:\/\/telemet.com\/es\/wp-json\/wp\/v2\/pages\/7153","targetHints":{"allow":["GET"]}}],"collection":[{"href":"https:\/\/telemet.com\/es\/wp-json\/wp\/v2\/pages"}],"about":[{"href":"https:\/\/telemet.com\/es\/wp-json\/wp\/v2\/types\/page"}],"author":[{"embeddable":true,"href":"https:\/\/telemet.com\/es\/wp-json\/wp\/v2\/users\/1"}],"replies":[{"embeddable":true,"href":"https:\/\/telemet.com\/es\/wp-json\/wp\/v2\/comments?post=7153"}],"version-history":[{"count":3,"href":"https:\/\/telemet.com\/es\/wp-json\/wp\/v2\/pages\/7153\/revisions"}],"predecessor-version":[{"id":14048,"href":"https:\/\/telemet.com\/es\/wp-json\/wp\/v2\/pages\/7153\/revisions\/14048"}],"up":[{"embeddable":true,"href":"https:\/\/telemet.com\/es\/wp-json\/wp\/v2\/pages\/7078"}],"wp:attachment":[{"href":"https:\/\/telemet.com\/es\/wp-json\/wp\/v2\/media?parent=7153"}],"curies":[{"name":"wp","href":"https:\/\/api.w.org\/{rel}","templated":true}]}}