{"id":7162,"date":"2016-11-21T17:54:57","date_gmt":"2016-11-21T17:54:02","guid":{"rendered":"http:\/\/telemet.com\/es\/de-icing\/ash-stratos-a\/"},"modified":"2023-08-18T13:48:29","modified_gmt":"2023-08-18T13:48:29","slug":"ash-stratos-a","status":"publish","type":"page","link":"https:\/\/telemet.com\/es\/de-icing\/ash-stratos-a\/","title":{"rendered":"Aebi-Schmidt Stratos A"},"content":{"rendered":"<div class=\"fusion-fullwidth fullwidth-box fusion-builder-row-1 nonhundred-percent-fullwidth non-hundred-percent-height-scrolling\" style=\"--awb-background-position:left top;--awb-border-radius-top-left:0px;--awb-border-radius-top-right:0px;--awb-border-radius-bottom-right:0px;--awb-border-radius-bottom-left:0px;--awb-padding-top:0px;--awb-padding-bottom:20px;--awb-border-sizes-top:0px;--awb-border-sizes-bottom:0px;--awb-flex-wrap:wrap;\" ><div class=\"fusion-builder-row fusion-row\"><div class=\"fusion-layout-column fusion_builder_column fusion-builder-column-0 fusion_builder_column_1_1 1_1 fusion-one-full fusion-column-first fusion-column-last fusion-column-no-min-height\" style=\"--awb-bg-size:cover;--awb-margin-top:0px;--awb-margin-bottom:0px;\"><div class=\"fusion-column-wrapper fusion-flex-column-wrapper-legacy\"><div class=\"fusion-image-element fusion-image-align-center in-legacy-container\" style=\"text-align:center;--awb-caption-title-font-family:var(--h2_typography-font-family);--awb-caption-title-font-weight:var(--h2_typography-font-weight);--awb-caption-title-font-style:var(--h2_typography-font-style);--awb-caption-title-size:var(--h2_typography-font-size);--awb-caption-title-transform:var(--h2_typography-text-transform);--awb-caption-title-line-height:var(--h2_typography-line-height);--awb-caption-title-letter-spacing:var(--h2_typography-letter-spacing);\"><div class=\"imageframe-align-center\"><span class=\" fusion-imageframe imageframe-none imageframe-1 hover-type-none\"><img decoding=\"async\" width=\"1181\" height=\"787\" title=\"stratos_a_01\" src=\"https:\/\/telemet.com\/wp-content\/uploads\/2016\/11\/Stratos_A_01.gif\" alt class=\"img-responsive wp-image-14058\"\/><\/span><\/div><\/div><div class=\"fusion-sep-clear\"><\/div><div class=\"fusion-separator fusion-full-width-sep\" style=\"margin-left: auto;margin-right: auto;margin-top:20px;width:100%;\"><\/div><div class=\"fusion-sep-clear\"><\/div><div class=\"fusion-align-block\"><a class=\"fusion-button button-flat button-xlarge button-default fusion-button-default button-1 fusion-button-default-span \" style=\"width:calc(100%);\" target=\"_blank\" rel=\"noopener noreferrer\" title=\"Download Brochure\" aria-label=\"Download Brochure\" href=\"\/wp-content\/uploads\/2016\/11\/LW_Stratos_A_en_2013.pdf\"><span class=\"fusion-button-text awb-button__text awb-button__text--default\">Download Brochure (PDF)<\/span><i class=\" fa fa-file-pdf-o awb-button__icon awb-button__icon--default button-icon-right\" aria-hidden=\"true\"><\/i><\/a><\/div><div class=\"fusion-sep-clear\"><\/div><div class=\"fusion-separator fusion-full-width-sep\" style=\"margin-left: auto;margin-right: auto;margin-top:20px;width:100%;\"><\/div><div class=\"fusion-sep-clear\"><\/div><div class=\"fusion-clearfix\"><\/div><\/div><\/div><div class=\"fusion-layout-column fusion_builder_column fusion-builder-column-1 fusion_builder_column_1_1 1_1 fusion-one-full fusion-column-first fusion-column-last fusion-column-no-min-height\" style=\"--awb-bg-size:cover;--awb-margin-top:0px;--awb-margin-bottom:0px;\"><div class=\"fusion-column-wrapper fusion-flex-column-wrapper-legacy\"><div class=\"fusion-video fusion-youtube\" style=\"--awb-max-width:600px;--awb-max-height:350px;\"><div class=\"video-shortcode\"><div class=\"fluid-width-video-wrapper\" style=\"padding-top:58.33%;\" ><iframe title=\"YouTube video player 1\" src=\"https:\/\/www.youtube.com\/embed\/VlIsyfGJraM?wmode=transparent&autoplay=0\" width=\"600\" height=\"350\" allowfullscreen allow=\"autoplay; clipboard-write; encrypted-media; gyroscope; picture-in-picture;\"><\/iframe><\/div><\/div><\/div><div class=\"fusion-sep-clear\"><\/div><div class=\"fusion-separator fusion-full-width-sep\" style=\"margin-left: auto;margin-right: auto;margin-top:20px;width:100%;\"><\/div><div class=\"fusion-sep-clear\"><\/div><div class=\"fusion-text fusion-text-1\"><h3>Esparcidores remolcados<\/h3>\n<p>Con los esparcidores remolcados Stratos A, el problema de eliminar el hielo en las carreteras municipales se resuelve de forma a\u00fan m\u00e1s flexible y eficiente.<\/p>\n<h3>El especialista para todo tipo de operaciones<\/h3>\n<p>Dependiendo del tama\u00f1o del esparcidor, el equipo podr\u00e1 ser remolcado por diversos veh\u00edculos: desde los potentes coches con tracci\u00f3n a las cuatro ruedas, a los peque\u00f1os veh\u00edculos de servicio, pickups, tractores y Unimogs o camiones. Gracias a los esparcidores remolcados resulta posible efectuar las operaciones de eliminaci\u00f3n de hielo en casi cualquier tipo de camino municipal o calzada.<\/p>\n<h3>Desempe\u00f1o eficiente<\/h3>\n<p>La serie Stratos A es, debido a su flexibilidad, un complemento ideal para los esparcidores desmontables Stratos. Cada modelo de la serie puede ser cargado con sal pre-humedecida, un proceso de eliminaci\u00f3n del hielo que reduce el da\u00f1o producido al medioambiente y presenta una excelente relaci\u00f3n coste-eficiencia. Los esparcidores remolcados resultan f\u00e1ciles de manejar con independencia del lugar d\u00f3nde est\u00e9 sentado el conductor, gracias a uno de los tres sistemas de manejo: CB, CX o CL.<\/p>\n<h3>Operaci\u00f3n a bajo coste<\/h3>\n<p>Los esparcidores remolcados Stratos A se alimentan de forma independiente del veh\u00edculo de remolque. Obtienen la energ\u00eda necesaria a partir de la rotaci\u00f3n de un \u00e1rbol de transmisi\u00f3n situado en el eje. No se necesita un reajuste caro del veh\u00edculo tractor. Si el veh\u00edculo tractor est\u00e1 equipado con un sistema hidr\u00e1ulico, \u00e9ste se puede utilizar como fuente de alimentaci\u00f3n.<\/p>\n<h3>Sistemas de acoplamiento al remolcador<\/h3>\n<p>El esparcidor remolcado Stratos A ofrece un elevado grado de flexibilidad en t\u00e9rminos de mecanismos de acoplamiento. Una posibilidad es un remolque con barra de tracci\u00f3n regulable en altura, una segunda es el uso de un anillo de remolque o simplemente un enganche.<\/p>\n<h3>Materiales de alta calidad<\/h3>\n<p>Con los esparcidores remolcables Stratos, se hace un \u00e9nfasis especial en el empleo de materiales de alta calidad. A la tolva se le da un acabado muy duradero en comparaci\u00f3n con otros m\u00e9todos, con un recubrimiento en polvo ultra-moderno. El disco de dispersi\u00f3n y todo el conducto de descarga han sido fabricados en acero inoxidable y la estructura b\u00e1sica est\u00e1 completamente galvanizada y, adem\u00e1s, pintada.<\/p>\n<\/div><div class=\"fusion-clearfix\"><\/div><\/div><\/div><\/div><\/div>\n","protected":false},"excerpt":{"rendered":"","protected":false},"author":1,"featured_media":0,"parent":7078,"menu_order":10,"comment_status":"closed","ping_status":"closed","template":"side-navigation.php","meta":{"footnotes":""},"class_list":["post-7162","page","type-page","status-publish","hentry"],"yoast_head":"<!-- This site is optimized with the Yoast SEO plugin v26.2 - https:\/\/yoast.com\/wordpress\/plugins\/seo\/ -->\n<title>Aebi-Schmidt Stratos A - Telemet<\/title>\n<meta name=\"robots\" content=\"index, follow, max-snippet:-1, max-image-preview:large, max-video-preview:-1\" \/>\n<link rel=\"canonical\" href=\"https:\/\/telemet.com\/es\/de-icing\/ash-stratos-a\/\" \/>\n<meta property=\"og:locale\" content=\"es_ES\" \/>\n<meta property=\"og:type\" content=\"article\" \/>\n<meta property=\"og:title\" content=\"Aebi-Schmidt Stratos A - Telemet\" \/>\n<meta property=\"og:url\" content=\"https:\/\/telemet.com\/es\/de-icing\/ash-stratos-a\/\" \/>\n<meta property=\"og:site_name\" content=\"Telemet\" \/>\n<meta property=\"article:modified_time\" content=\"2023-08-18T13:48:29+00:00\" \/>\n<meta property=\"og:image\" content=\"https:\/\/telemet.com\/wp-content\/uploads\/2016\/11\/Stratos_A_01.gif\" \/>\n<meta name=\"twitter:card\" content=\"summary_large_image\" \/>\n<meta name=\"twitter:label1\" content=\"Tiempo de lectura\" \/>\n\t<meta name=\"twitter:data1\" content=\"4 minutes\" \/>\n<script type=\"application\/ld+json\" class=\"yoast-schema-graph\">{\"@context\":\"https:\/\/schema.org\",\"@graph\":[{\"@type\":\"WebPage\",\"@id\":\"https:\/\/telemet.com\/es\/de-icing\/ash-stratos-a\/\",\"url\":\"https:\/\/telemet.com\/es\/de-icing\/ash-stratos-a\/\",\"name\":\"Aebi-Schmidt Stratos A - Telemet\",\"isPartOf\":{\"@id\":\"https:\/\/telemet.com\/es\/#website\"},\"primaryImageOfPage\":{\"@id\":\"https:\/\/telemet.com\/es\/de-icing\/ash-stratos-a\/#primaryimage\"},\"image\":{\"@id\":\"https:\/\/telemet.com\/es\/de-icing\/ash-stratos-a\/#primaryimage\"},\"thumbnailUrl\":\"https:\/\/telemet.com\/wp-content\/uploads\/2016\/11\/Stratos_A_01.gif\",\"datePublished\":\"2016-11-21T17:54:02+00:00\",\"dateModified\":\"2023-08-18T13:48:29+00:00\",\"breadcrumb\":{\"@id\":\"https:\/\/telemet.com\/es\/de-icing\/ash-stratos-a\/#breadcrumb\"},\"inLanguage\":\"es-ES\",\"potentialAction\":[{\"@type\":\"ReadAction\",\"target\":[\"https:\/\/telemet.com\/es\/de-icing\/ash-stratos-a\/\"]}]},{\"@type\":\"ImageObject\",\"inLanguage\":\"es-ES\",\"@id\":\"https:\/\/telemet.com\/es\/de-icing\/ash-stratos-a\/#primaryimage\",\"url\":\"https:\/\/telemet.com\/wp-content\/uploads\/2016\/11\/Stratos_A_01.gif\",\"contentUrl\":\"https:\/\/telemet.com\/wp-content\/uploads\/2016\/11\/Stratos_A_01.gif\"},{\"@type\":\"BreadcrumbList\",\"@id\":\"https:\/\/telemet.com\/es\/de-icing\/ash-stratos-a\/#breadcrumb\",\"itemListElement\":[{\"@type\":\"ListItem\",\"position\":1,\"name\":\"Home\",\"item\":\"https:\/\/telemet.com\/es\/\"},{\"@type\":\"ListItem\",\"position\":2,\"name\":\"Aebi-Schmidt De-icing\",\"item\":\"https:\/\/telemet.com\/es\/de-icing\/\"},{\"@type\":\"ListItem\",\"position\":3,\"name\":\"Aebi-Schmidt Stratos A\"}]},{\"@type\":\"WebSite\",\"@id\":\"https:\/\/telemet.com\/es\/#website\",\"url\":\"https:\/\/telemet.com\/es\/\",\"name\":\"Telemet, Inc.\",\"description\":\"Efficiency through Simplicity\",\"potentialAction\":[{\"@type\":\"SearchAction\",\"target\":{\"@type\":\"EntryPoint\",\"urlTemplate\":\"https:\/\/telemet.com\/es\/?s={search_term_string}\"},\"query-input\":{\"@type\":\"PropertyValueSpecification\",\"valueRequired\":true,\"valueName\":\"search_term_string\"}}],\"inLanguage\":\"es-ES\"}]}<\/script>\n<!-- \/ Yoast SEO plugin. -->","yoast_head_json":{"title":"Aebi-Schmidt Stratos A - Telemet","robots":{"index":"index","follow":"follow","max-snippet":"max-snippet:-1","max-image-preview":"max-image-preview:large","max-video-preview":"max-video-preview:-1"},"canonical":"https:\/\/telemet.com\/es\/de-icing\/ash-stratos-a\/","og_locale":"es_ES","og_type":"article","og_title":"Aebi-Schmidt Stratos A - Telemet","og_url":"https:\/\/telemet.com\/es\/de-icing\/ash-stratos-a\/","og_site_name":"Telemet","article_modified_time":"2023-08-18T13:48:29+00:00","og_image":[{"url":"https:\/\/telemet.com\/wp-content\/uploads\/2016\/11\/Stratos_A_01.gif","type":"","width":"","height":""}],"twitter_card":"summary_large_image","twitter_misc":{"Tiempo de lectura":"4 minutes"},"schema":{"@context":"https:\/\/schema.org","@graph":[{"@type":"WebPage","@id":"https:\/\/telemet.com\/es\/de-icing\/ash-stratos-a\/","url":"https:\/\/telemet.com\/es\/de-icing\/ash-stratos-a\/","name":"Aebi-Schmidt Stratos A - Telemet","isPartOf":{"@id":"https:\/\/telemet.com\/es\/#website"},"primaryImageOfPage":{"@id":"https:\/\/telemet.com\/es\/de-icing\/ash-stratos-a\/#primaryimage"},"image":{"@id":"https:\/\/telemet.com\/es\/de-icing\/ash-stratos-a\/#primaryimage"},"thumbnailUrl":"https:\/\/telemet.com\/wp-content\/uploads\/2016\/11\/Stratos_A_01.gif","datePublished":"2016-11-21T17:54:02+00:00","dateModified":"2023-08-18T13:48:29+00:00","breadcrumb":{"@id":"https:\/\/telemet.com\/es\/de-icing\/ash-stratos-a\/#breadcrumb"},"inLanguage":"es-ES","potentialAction":[{"@type":"ReadAction","target":["https:\/\/telemet.com\/es\/de-icing\/ash-stratos-a\/"]}]},{"@type":"ImageObject","inLanguage":"es-ES","@id":"https:\/\/telemet.com\/es\/de-icing\/ash-stratos-a\/#primaryimage","url":"https:\/\/telemet.com\/wp-content\/uploads\/2016\/11\/Stratos_A_01.gif","contentUrl":"https:\/\/telemet.com\/wp-content\/uploads\/2016\/11\/Stratos_A_01.gif"},{"@type":"BreadcrumbList","@id":"https:\/\/telemet.com\/es\/de-icing\/ash-stratos-a\/#breadcrumb","itemListElement":[{"@type":"ListItem","position":1,"name":"Home","item":"https:\/\/telemet.com\/es\/"},{"@type":"ListItem","position":2,"name":"Aebi-Schmidt De-icing","item":"https:\/\/telemet.com\/es\/de-icing\/"},{"@type":"ListItem","position":3,"name":"Aebi-Schmidt Stratos A"}]},{"@type":"WebSite","@id":"https:\/\/telemet.com\/es\/#website","url":"https:\/\/telemet.com\/es\/","name":"Telemet, Inc.","description":"Efficiency through Simplicity","potentialAction":[{"@type":"SearchAction","target":{"@type":"EntryPoint","urlTemplate":"https:\/\/telemet.com\/es\/?s={search_term_string}"},"query-input":{"@type":"PropertyValueSpecification","valueRequired":true,"valueName":"search_term_string"}}],"inLanguage":"es-ES"}]}},"_links":{"self":[{"href":"https:\/\/telemet.com\/es\/wp-json\/wp\/v2\/pages\/7162","targetHints":{"allow":["GET"]}}],"collection":[{"href":"https:\/\/telemet.com\/es\/wp-json\/wp\/v2\/pages"}],"about":[{"href":"https:\/\/telemet.com\/es\/wp-json\/wp\/v2\/types\/page"}],"author":[{"embeddable":true,"href":"https:\/\/telemet.com\/es\/wp-json\/wp\/v2\/users\/1"}],"replies":[{"embeddable":true,"href":"https:\/\/telemet.com\/es\/wp-json\/wp\/v2\/comments?post=7162"}],"version-history":[{"count":3,"href":"https:\/\/telemet.com\/es\/wp-json\/wp\/v2\/pages\/7162\/revisions"}],"predecessor-version":[{"id":14056,"href":"https:\/\/telemet.com\/es\/wp-json\/wp\/v2\/pages\/7162\/revisions\/14056"}],"up":[{"embeddable":true,"href":"https:\/\/telemet.com\/es\/wp-json\/wp\/v2\/pages\/7078"}],"wp:attachment":[{"href":"https:\/\/telemet.com\/es\/wp-json\/wp\/v2\/media?parent=7162"}],"curies":[{"name":"wp","href":"https:\/\/api.w.org\/{rel}","templated":true}]}}