{"id":7171,"date":"2016-11-21T18:00:57","date_gmt":"2016-11-21T18:00:34","guid":{"rendered":"http:\/\/telemet.com\/es\/de-icing\/ash-traxos\/"},"modified":"2023-08-18T13:49:13","modified_gmt":"2023-08-18T13:49:13","slug":"ash-traxos","status":"publish","type":"page","link":"https:\/\/telemet.com\/es\/de-icing\/ash-traxos\/","title":{"rendered":"Aebi-Schmidt Traxos"},"content":{"rendered":"<div class=\"fusion-fullwidth fullwidth-box fusion-builder-row-1 nonhundred-percent-fullwidth non-hundred-percent-height-scrolling\" style=\"--awb-background-position:left top;--awb-border-radius-top-left:0px;--awb-border-radius-top-right:0px;--awb-border-radius-bottom-right:0px;--awb-border-radius-bottom-left:0px;--awb-padding-top:0px;--awb-padding-bottom:20px;--awb-border-sizes-top:0px;--awb-border-sizes-bottom:0px;--awb-flex-wrap:wrap;\" ><div class=\"fusion-builder-row fusion-row\"><div class=\"fusion-layout-column fusion_builder_column fusion-builder-column-0 fusion_builder_column_1_1 1_1 fusion-one-full fusion-column-first fusion-column-last fusion-column-no-min-height\" style=\"--awb-bg-size:cover;--awb-margin-top:0px;--awb-margin-bottom:0px;\"><div class=\"fusion-column-wrapper fusion-flex-column-wrapper-legacy\"><div class=\"fusion-image-element fusion-image-align-center in-legacy-container\" style=\"text-align:center;--awb-caption-title-font-family:var(--h2_typography-font-family);--awb-caption-title-font-weight:var(--h2_typography-font-weight);--awb-caption-title-font-style:var(--h2_typography-font-style);--awb-caption-title-size:var(--h2_typography-font-size);--awb-caption-title-transform:var(--h2_typography-text-transform);--awb-caption-title-line-height:var(--h2_typography-line-height);--awb-caption-title-letter-spacing:var(--h2_typography-letter-spacing);\"><div class=\"imageframe-align-center\"><span class=\" fusion-imageframe imageframe-none imageframe-1 hover-type-none\"><img decoding=\"async\" width=\"1024\" height=\"635\" title=\"stratos_fs_7154_optimiert\" src=\"https:\/\/telemet.com\/wp-content\/uploads\/2016\/11\/Stratos_FS_7154_optimiert.jpg\" alt class=\"img-responsive wp-image-14065\" srcset=\"https:\/\/telemet.com\/wp-content\/uploads\/2016\/11\/Stratos_FS_7154_optimiert-200x124.jpg 200w, https:\/\/telemet.com\/wp-content\/uploads\/2016\/11\/Stratos_FS_7154_optimiert-400x248.jpg 400w, https:\/\/telemet.com\/wp-content\/uploads\/2016\/11\/Stratos_FS_7154_optimiert-600x372.jpg 600w, https:\/\/telemet.com\/wp-content\/uploads\/2016\/11\/Stratos_FS_7154_optimiert-800x496.jpg 800w, https:\/\/telemet.com\/wp-content\/uploads\/2016\/11\/Stratos_FS_7154_optimiert.jpg 1024w\" sizes=\"(max-width: 800px) 100vw, 1024px\" \/><\/span><\/div><\/div><div class=\"fusion-sep-clear\"><\/div><div class=\"fusion-separator fusion-full-width-sep\" style=\"margin-left: auto;margin-right: auto;margin-top:20px;width:100%;\"><\/div><div class=\"fusion-sep-clear\"><\/div><div class=\"fusion-align-block\"><a class=\"fusion-button button-flat button-xlarge button-default fusion-button-default button-1 fusion-button-default-span \" style=\"width:calc(100%);\" target=\"_blank\" rel=\"noopener noreferrer\" title=\"Download Brochure\" aria-label=\"Download Brochure\" href=\"\/wp-content\/uploads\/2016\/11\/LW_Traxos_TT211_en_2015.pdf\"><span class=\"fusion-button-text awb-button__text awb-button__text--default\">Download Brochure (PDF)<\/span><i class=\" fa fa-file-pdf-o awb-button__icon awb-button__icon--default button-icon-right\" aria-hidden=\"true\"><\/i><\/a><\/div><div class=\"fusion-sep-clear\"><\/div><div class=\"fusion-separator fusion-full-width-sep\" style=\"margin-left: auto;margin-right: auto;margin-top:20px;width:100%;\"><\/div><div class=\"fusion-sep-clear\"><\/div><div class=\"fusion-clearfix\"><\/div><\/div><\/div><div class=\"fusion-layout-column fusion_builder_column fusion-builder-column-1 fusion_builder_column_1_1 1_1 fusion-one-full fusion-column-first fusion-column-last fusion-column-no-min-height\" style=\"--awb-bg-size:cover;--awb-margin-top:0px;--awb-margin-bottom:0px;\"><div class=\"fusion-column-wrapper fusion-flex-column-wrapper-legacy\"><div class=\"fusion-video fusion-youtube\" style=\"--awb-max-width:800px;--awb-max-height:550px;\"><div class=\"video-shortcode\"><div class=\"fluid-width-video-wrapper\" style=\"padding-top:68.75%;\" ><iframe title=\"YouTube video player 1\" src=\"https:\/\/www.youtube.com\/embed\/TOHCf6nQkPM?wmode=transparent&autoplay=0\" width=\"800\" height=\"550\" allowfullscreen allow=\"autoplay; clipboard-write; encrypted-media; gyroscope; picture-in-picture;\"><\/iframe><\/div><\/div><\/div><div class=\"fusion-sep-clear\"><\/div><div class=\"fusion-separator fusion-full-width-sep\" style=\"margin-left: auto;margin-right: auto;margin-top:20px;width:100%;\"><\/div><div class=\"fusion-sep-clear\"><\/div><div class=\"fusion-text fusion-text-1\"><h3>Esparcidor acoplable<\/h3>\n<ul>\n<li>Un esparcidor profesional de la serie Traxos est\u00e1 disponible para cada tractor, ya sea grande o peque\u00f1o.<\/li>\n<li>Listo para usar en poco tiempo gracias a una fijaci\u00f3n y carga r\u00e1pidas del esparcidor.<\/li>\n<li>Manejo sencillo y directo a trav\u00e9s de un control manual o EC tanto para usuarios semi-profesionales como profesionales.<\/li>\n<\/ul>\n<p>El esparcidor acoplable de la serie Traxos ha sido especialmente dise\u00f1ado para la eliminaci\u00f3n de hielo en peque\u00f1as zonas municipales. Se pueden montar en los tractores con rapidez, son f\u00e1ciles de usar y tienen un dep\u00f3sito de 0,5 m\u00b3 a 1,8 m\u00b3.<\/p>\n<h3>\u00c1rea de empleo<\/h3>\n<p>Los esparcidores Traxos resultan ideales para eliminar el hielo de peque\u00f1as \u00e1reas municipales. Se pueden unir a tractores con elevadores hidr\u00e1ulicos de 3 puntos de categor\u00eda I\/II ( Traxos 0,5 y 0,8 m\u00b3) o II \/ III (Traxos 0,9 a 1,8 m\u00b3).<\/p>\n<h3>En acci\u00f3n<\/h3>\n<p>El equipo Traxos est\u00e1 alimentado por el sistema hidr\u00e1ulico del tractor. El material de dispersi\u00f3n se desliza f\u00e1cilmente a la parte inferior del contenedor sobre el tornillo sin fin. El transportador de tornillo abierto tiene forma de espiral a la izquierda y a la derecha y proporciona el material a esparcir en las dosis exactas al distribuidor central.<\/p>\n<h3>Distribuci\u00f3n y Dosificaci\u00f3n<\/h3>\n<p>El modelo Traxos distribuye el material a esparcir con la mayor precisi\u00f3n. Se pueden ajustar de manera continua los rangos de dispersi\u00f3n entre 1,5 m y 6,0 m (Traxos 0,5 y 0,8 m\u00b3) o 2,0 m y 6 m (Traxos 09, a 18, m\u00b3). El esparcidor acoplable se puede regular manualmente utilizando la v\u00e1lvula hidr\u00e1ulica o mediante el Panel CX ubicado en la cabina del conductor. La velocidad de dispersi\u00f3n tambi\u00e9n se puede ajustar de manera continua. Es posible seleccionar los materiales de descongelaci\u00f3n entre 5 g \/ m\u00b2 y 40 g \/ m\u00b2, as\u00ed como, materiales abrasivos entre 40 g \/ m\u00b2 hasta 300 g \/ m\u00b2. La direcci\u00f3n CX hace que el modelo Traxos sea absolutamente independiente del camino y su sistema de bucle cerrado garantiza una dosificaci\u00f3n exacta en cualquier condici\u00f3n.<\/p>\n<h3>R\u00e1pido y flexible<\/h3>\n<p>El hecho de que los esparcidores Traxos se pueden montar con rapidez los hace estar siempre listos para entrar en acci\u00f3n. Los equipos de carga autom\u00e1tica permiten a los conductores cargar sin ayuda los materiales a esparcir en el esparcidor lo que acelera su entrada en funcionamiento. El contenedor del material a esparcir se inclina hidr\u00e1ulicamente, empujado el material como un cargador frontal y, luego, se balancea hacia atr\u00e1s.<\/p>\n<h3>Materiales de alta calidad<\/h3>\n<p>El contenedor del material a esparcir est\u00e1 fabricado en acero de elevada calidad, lo que le permite presentar una elevada resistencia a la corrosi\u00f3n y la placa de dispersi\u00f3n est\u00e1 fabricada en acero inoxidable V2A.<\/p>\n<\/div><div class=\"fusion-clearfix\"><\/div><\/div><\/div><\/div><\/div>\n","protected":false},"excerpt":{"rendered":"","protected":false},"author":1,"featured_media":0,"parent":7078,"menu_order":11,"comment_status":"closed","ping_status":"closed","template":"side-navigation.php","meta":{"footnotes":""},"class_list":["post-7171","page","type-page","status-publish","hentry"],"yoast_head":"<!-- This site is optimized with the Yoast SEO plugin v26.2 - https:\/\/yoast.com\/wordpress\/plugins\/seo\/ -->\n<title>Aebi-Schmidt Traxos - Telemet<\/title>\n<meta name=\"robots\" content=\"index, follow, max-snippet:-1, max-image-preview:large, max-video-preview:-1\" \/>\n<link rel=\"canonical\" href=\"https:\/\/telemet.com\/es\/de-icing\/ash-traxos\/\" \/>\n<meta property=\"og:locale\" content=\"es_ES\" \/>\n<meta property=\"og:type\" content=\"article\" \/>\n<meta property=\"og:title\" content=\"Aebi-Schmidt Traxos - Telemet\" \/>\n<meta property=\"og:url\" content=\"https:\/\/telemet.com\/es\/de-icing\/ash-traxos\/\" \/>\n<meta property=\"og:site_name\" content=\"Telemet\" \/>\n<meta property=\"article:modified_time\" content=\"2023-08-18T13:49:13+00:00\" \/>\n<meta property=\"og:image\" content=\"https:\/\/telemet.com\/wp-content\/uploads\/2016\/11\/Stratos_FS_7154_optimiert.jpg\" \/>\n<meta name=\"twitter:card\" content=\"summary_large_image\" \/>\n<meta name=\"twitter:label1\" content=\"Tiempo de lectura\" \/>\n\t<meta name=\"twitter:data1\" content=\"4 minutes\" \/>\n<script type=\"application\/ld+json\" class=\"yoast-schema-graph\">{\"@context\":\"https:\/\/schema.org\",\"@graph\":[{\"@type\":\"WebPage\",\"@id\":\"https:\/\/telemet.com\/es\/de-icing\/ash-traxos\/\",\"url\":\"https:\/\/telemet.com\/es\/de-icing\/ash-traxos\/\",\"name\":\"Aebi-Schmidt Traxos - Telemet\",\"isPartOf\":{\"@id\":\"https:\/\/telemet.com\/es\/#website\"},\"primaryImageOfPage\":{\"@id\":\"https:\/\/telemet.com\/es\/de-icing\/ash-traxos\/#primaryimage\"},\"image\":{\"@id\":\"https:\/\/telemet.com\/es\/de-icing\/ash-traxos\/#primaryimage\"},\"thumbnailUrl\":\"https:\/\/telemet.com\/wp-content\/uploads\/2016\/11\/Stratos_FS_7154_optimiert.jpg\",\"datePublished\":\"2016-11-21T18:00:34+00:00\",\"dateModified\":\"2023-08-18T13:49:13+00:00\",\"breadcrumb\":{\"@id\":\"https:\/\/telemet.com\/es\/de-icing\/ash-traxos\/#breadcrumb\"},\"inLanguage\":\"es-ES\",\"potentialAction\":[{\"@type\":\"ReadAction\",\"target\":[\"https:\/\/telemet.com\/es\/de-icing\/ash-traxos\/\"]}]},{\"@type\":\"ImageObject\",\"inLanguage\":\"es-ES\",\"@id\":\"https:\/\/telemet.com\/es\/de-icing\/ash-traxos\/#primaryimage\",\"url\":\"https:\/\/telemet.com\/wp-content\/uploads\/2016\/11\/Stratos_FS_7154_optimiert.jpg\",\"contentUrl\":\"https:\/\/telemet.com\/wp-content\/uploads\/2016\/11\/Stratos_FS_7154_optimiert.jpg\"},{\"@type\":\"BreadcrumbList\",\"@id\":\"https:\/\/telemet.com\/es\/de-icing\/ash-traxos\/#breadcrumb\",\"itemListElement\":[{\"@type\":\"ListItem\",\"position\":1,\"name\":\"Home\",\"item\":\"https:\/\/telemet.com\/es\/\"},{\"@type\":\"ListItem\",\"position\":2,\"name\":\"Aebi-Schmidt De-icing\",\"item\":\"https:\/\/telemet.com\/es\/de-icing\/\"},{\"@type\":\"ListItem\",\"position\":3,\"name\":\"Aebi-Schmidt Traxos\"}]},{\"@type\":\"WebSite\",\"@id\":\"https:\/\/telemet.com\/es\/#website\",\"url\":\"https:\/\/telemet.com\/es\/\",\"name\":\"Telemet, Inc.\",\"description\":\"Efficiency through Simplicity\",\"potentialAction\":[{\"@type\":\"SearchAction\",\"target\":{\"@type\":\"EntryPoint\",\"urlTemplate\":\"https:\/\/telemet.com\/es\/?s={search_term_string}\"},\"query-input\":{\"@type\":\"PropertyValueSpecification\",\"valueRequired\":true,\"valueName\":\"search_term_string\"}}],\"inLanguage\":\"es-ES\"}]}<\/script>\n<!-- \/ Yoast SEO plugin. -->","yoast_head_json":{"title":"Aebi-Schmidt Traxos - Telemet","robots":{"index":"index","follow":"follow","max-snippet":"max-snippet:-1","max-image-preview":"max-image-preview:large","max-video-preview":"max-video-preview:-1"},"canonical":"https:\/\/telemet.com\/es\/de-icing\/ash-traxos\/","og_locale":"es_ES","og_type":"article","og_title":"Aebi-Schmidt Traxos - Telemet","og_url":"https:\/\/telemet.com\/es\/de-icing\/ash-traxos\/","og_site_name":"Telemet","article_modified_time":"2023-08-18T13:49:13+00:00","og_image":[{"url":"https:\/\/telemet.com\/wp-content\/uploads\/2016\/11\/Stratos_FS_7154_optimiert.jpg","type":"","width":"","height":""}],"twitter_card":"summary_large_image","twitter_misc":{"Tiempo de lectura":"4 minutes"},"schema":{"@context":"https:\/\/schema.org","@graph":[{"@type":"WebPage","@id":"https:\/\/telemet.com\/es\/de-icing\/ash-traxos\/","url":"https:\/\/telemet.com\/es\/de-icing\/ash-traxos\/","name":"Aebi-Schmidt Traxos - Telemet","isPartOf":{"@id":"https:\/\/telemet.com\/es\/#website"},"primaryImageOfPage":{"@id":"https:\/\/telemet.com\/es\/de-icing\/ash-traxos\/#primaryimage"},"image":{"@id":"https:\/\/telemet.com\/es\/de-icing\/ash-traxos\/#primaryimage"},"thumbnailUrl":"https:\/\/telemet.com\/wp-content\/uploads\/2016\/11\/Stratos_FS_7154_optimiert.jpg","datePublished":"2016-11-21T18:00:34+00:00","dateModified":"2023-08-18T13:49:13+00:00","breadcrumb":{"@id":"https:\/\/telemet.com\/es\/de-icing\/ash-traxos\/#breadcrumb"},"inLanguage":"es-ES","potentialAction":[{"@type":"ReadAction","target":["https:\/\/telemet.com\/es\/de-icing\/ash-traxos\/"]}]},{"@type":"ImageObject","inLanguage":"es-ES","@id":"https:\/\/telemet.com\/es\/de-icing\/ash-traxos\/#primaryimage","url":"https:\/\/telemet.com\/wp-content\/uploads\/2016\/11\/Stratos_FS_7154_optimiert.jpg","contentUrl":"https:\/\/telemet.com\/wp-content\/uploads\/2016\/11\/Stratos_FS_7154_optimiert.jpg"},{"@type":"BreadcrumbList","@id":"https:\/\/telemet.com\/es\/de-icing\/ash-traxos\/#breadcrumb","itemListElement":[{"@type":"ListItem","position":1,"name":"Home","item":"https:\/\/telemet.com\/es\/"},{"@type":"ListItem","position":2,"name":"Aebi-Schmidt De-icing","item":"https:\/\/telemet.com\/es\/de-icing\/"},{"@type":"ListItem","position":3,"name":"Aebi-Schmidt Traxos"}]},{"@type":"WebSite","@id":"https:\/\/telemet.com\/es\/#website","url":"https:\/\/telemet.com\/es\/","name":"Telemet, Inc.","description":"Efficiency through Simplicity","potentialAction":[{"@type":"SearchAction","target":{"@type":"EntryPoint","urlTemplate":"https:\/\/telemet.com\/es\/?s={search_term_string}"},"query-input":{"@type":"PropertyValueSpecification","valueRequired":true,"valueName":"search_term_string"}}],"inLanguage":"es-ES"}]}},"_links":{"self":[{"href":"https:\/\/telemet.com\/es\/wp-json\/wp\/v2\/pages\/7171","targetHints":{"allow":["GET"]}}],"collection":[{"href":"https:\/\/telemet.com\/es\/wp-json\/wp\/v2\/pages"}],"about":[{"href":"https:\/\/telemet.com\/es\/wp-json\/wp\/v2\/types\/page"}],"author":[{"embeddable":true,"href":"https:\/\/telemet.com\/es\/wp-json\/wp\/v2\/users\/1"}],"replies":[{"embeddable":true,"href":"https:\/\/telemet.com\/es\/wp-json\/wp\/v2\/comments?post=7171"}],"version-history":[{"count":3,"href":"https:\/\/telemet.com\/es\/wp-json\/wp\/v2\/pages\/7171\/revisions"}],"predecessor-version":[{"id":14063,"href":"https:\/\/telemet.com\/es\/wp-json\/wp\/v2\/pages\/7171\/revisions\/14063"}],"up":[{"embeddable":true,"href":"https:\/\/telemet.com\/es\/wp-json\/wp\/v2\/pages\/7078"}],"wp:attachment":[{"href":"https:\/\/telemet.com\/es\/wp-json\/wp\/v2\/media?parent=7171"}],"curies":[{"name":"wp","href":"https:\/\/api.w.org\/{rel}","templated":true}]}}