{"id":7178,"date":"2016-11-21T18:09:57","date_gmt":"2016-11-21T18:09:17","guid":{"rendered":"http:\/\/telemet.com\/es\/de-icing\/ash-straliq\/"},"modified":"2023-08-18T13:49:55","modified_gmt":"2023-08-18T13:49:55","slug":"ash-straliq","status":"publish","type":"page","link":"https:\/\/telemet.com\/es\/de-icing\/ash-straliq\/","title":{"rendered":"Aebi-Schmidt Straliq"},"content":{"rendered":"<div class=\"fusion-fullwidth fullwidth-box fusion-builder-row-1 nonhundred-percent-fullwidth non-hundred-percent-height-scrolling\" style=\"--awb-background-position:left top;--awb-border-radius-top-left:0px;--awb-border-radius-top-right:0px;--awb-border-radius-bottom-right:0px;--awb-border-radius-bottom-left:0px;--awb-padding-top:0px;--awb-padding-bottom:20px;--awb-border-sizes-top:0px;--awb-border-sizes-bottom:0px;--awb-flex-wrap:wrap;\" ><div class=\"fusion-builder-row fusion-row\"><div class=\"fusion-layout-column fusion_builder_column fusion-builder-column-0 fusion_builder_column_1_1 1_1 fusion-one-full fusion-column-first fusion-column-last fusion-column-no-min-height\" style=\"--awb-bg-size:cover;--awb-margin-top:0px;--awb-margin-bottom:0px;\"><div class=\"fusion-column-wrapper fusion-flex-column-wrapper-legacy\"><div class=\"fusion-image-element fusion-image-align-center in-legacy-container\" style=\"text-align:center;--awb-caption-title-font-family:var(--h2_typography-font-family);--awb-caption-title-font-weight:var(--h2_typography-font-weight);--awb-caption-title-font-style:var(--h2_typography-font-style);--awb-caption-title-size:var(--h2_typography-font-size);--awb-caption-title-transform:var(--h2_typography-text-transform);--awb-caption-title-line-height:var(--h2_typography-line-height);--awb-caption-title-letter-spacing:var(--h2_typography-letter-spacing);\"><div class=\"imageframe-align-center\"><span class=\" fusion-imageframe imageframe-none imageframe-1 hover-type-none\"><img decoding=\"async\" width=\"1200\" height=\"900\" title=\"straliq_03\" src=\"https:\/\/telemet.com\/wp-content\/uploads\/2016\/11\/Straliq_03.gif\" alt class=\"img-responsive wp-image-14074\"\/><\/span><\/div><\/div><div class=\"fusion-sep-clear\"><\/div><div class=\"fusion-separator fusion-full-width-sep\" style=\"margin-left: auto;margin-right: auto;margin-top:20px;width:100%;\"><\/div><div class=\"fusion-sep-clear\"><\/div><div class=\"fusion-align-block\"><a class=\"fusion-button button-flat button-xlarge button-default fusion-button-default button-1 fusion-button-default-span \" style=\"width:calc(100%);\" target=\"_blank\" rel=\"noopener noreferrer\" title=\"Download Brochure\" aria-label=\"Download Brochure\" href=\"\/wp-content\/uploads\/2016\/11\/LW_Straliq_en_2016.pdf\"><span class=\"fusion-button-text awb-button__text awb-button__text--default\">Download Brochure (PDF)<\/span><i class=\" fa fa-file-pdf-o awb-button__icon awb-button__icon--default button-icon-right\" aria-hidden=\"true\"><\/i><\/a><\/div><div class=\"fusion-sep-clear\"><\/div><div class=\"fusion-separator fusion-full-width-sep\" style=\"margin-left: auto;margin-right: auto;margin-top:20px;width:100%;\"><\/div><div class=\"fusion-sep-clear\"><\/div><div class=\"fusion-clearfix\"><\/div><\/div><\/div><div class=\"fusion-layout-column fusion_builder_column fusion-builder-column-1 fusion_builder_column_1_1 1_1 fusion-one-full fusion-column-first fusion-column-last fusion-column-no-min-height\" style=\"--awb-bg-size:cover;--awb-margin-top:0px;--awb-margin-bottom:0px;\"><div class=\"fusion-column-wrapper fusion-flex-column-wrapper-legacy\"><div class=\"fusion-video fusion-youtube\" style=\"--awb-max-width:800px;--awb-max-height:550px;\"><div class=\"video-shortcode\"><div class=\"fluid-width-video-wrapper\" style=\"padding-top:68.75%;\" ><iframe title=\"YouTube video player 1\" src=\"https:\/\/www.youtube.com\/embed\/wrZQqIjS5Zg?wmode=transparent&autoplay=0\" width=\"800\" height=\"550\" allowfullscreen allow=\"autoplay; clipboard-write; encrypted-media; gyroscope; picture-in-picture;\"><\/iframe><\/div><\/div><\/div><div class=\"fusion-sep-clear\"><\/div><div class=\"fusion-separator fusion-full-width-sep\" style=\"margin-left: auto;margin-right: auto;margin-top:20px;width:100%;\"><\/div><div class=\"fusion-sep-clear\"><\/div><div class=\"fusion-text fusion-text-1\"><p>El modelo Straliq de Schmidt est\u00e1 especialmente dise\u00f1ado para esparcir materiales anticongelantes en carreteras y muchos otros lugares. La dispersi\u00f3n reduce el consumo de sal y no s\u00f3lo es respetuoso con el medio ambiente, adem\u00e1s le permite cuidar su presupuesto.<\/p>\n<h3>Especialista profesional en la dispersi\u00f3n de materiales<\/h3>\n<p>El modelo Straliq de Schmidt ha sido dise\u00f1ado para grandes veh\u00edculos de transporte y utiliza la nueva t\u00e9cnica de dispersi\u00f3n de 3 chorros, que fue desarrollada para el Combi Soliq. Los dep\u00f3sitos de polietileno de alta calidad resultan adecuados para todos los materiales de deshielo. Como caracter\u00edstica est\u00e1ndar, el modelo Straliq puede esparcir hasta 3 chorros a la vez con su dep\u00f3sito de 7 500 a 15 000 litros. Tambi\u00e9n es posible configurar la anchura de la dispersi\u00f3n para cada chorro (3,5 metros). Opcionalmente, se pueden cortar la mitad de los chorros externos. El modelo Straliq es f\u00e1cil de manejar desde la cabina del conductor utilizando el control CL.<br \/>\nEl coraz\u00f3n del sistema de dosificaci\u00f3n puede ser una bomba de diafragma (m\u00e1x. 295 l\/min) o una bomba centr\u00edfuga (m\u00e1x. 700 l\/min). La soluci\u00f3n salina se libera por medio de toberas de flujo variable situadas en la parte trasera del veh\u00edculo. Las principales ventajas de las toberas de flujo variable radica en el hecho de que se mantiene una presi\u00f3n constante y no se forma niebla.<\/p>\n<h3>Accionamiento fiable<\/h3>\n<p>El modelo Straliq se puede manejar utilizando distintos sistemas. La soluci\u00f3n m\u00e1s sencilla es conectarlo al sistema hidr\u00e1ulico del veh\u00edculo. Si el veh\u00edculo no dispone de un sistema hidr\u00e1ulico, Rotopower supone una alternativa eficiente e innovadora, en la cual el giro del eje posterior se obtiene directamente del cubo y se puede utilizar sin p\u00e9rdida de potencia. El modelo Straliq tambi\u00e9n se puede montar con un motor di\u00e9sel.<\/p>\n<h3>Straliq combate la contaminaci\u00f3n por polvo<\/h3>\n<p>La contaminaci\u00f3n por polvo fino es actualmente un problema importante. Por esta raz\u00f3n, se han realizado pruebas para reducir los efectos contaminantes del polvo fino. La soluci\u00f3n: esparcir cloruro de calcio. Su efecto apelmazante garantiza que el polvo fino permanece pegado a la calzada. De esta forma, el modelo Straliq tambi\u00e9n ofrece una soluci\u00f3n ideal para controlar el polvo fino.<\/p>\n<h3>Ventajas de Straliq<\/h3>\n<ul>\n<li>La dispersi\u00f3n es r\u00e1pida y eficaz.<\/li>\n<li>Ofrece un patr\u00f3n de dispersi\u00f3n \u00f3ptimo, incluso con una dosis m\u00ednima (4 g\/m\u00b2 de material activo)<\/li>\n<li>Los niveles m\u00e1s altos de sal residual en comparaci\u00f3n con la sal prehumedecida aumenta la seguridad vial.<\/li>\n<li>Existe un ahorro importante en los costes del material de deshielo, en particular hasta lo -5 \u00b0 C.<\/li>\n<li>La dispersi\u00f3n protege el medio ambiente porque se utiliza menos sal.<\/li>\n<\/ul>\n<\/div><div class=\"fusion-clearfix\"><\/div><\/div><\/div><\/div><\/div>\n","protected":false},"excerpt":{"rendered":"","protected":false},"author":1,"featured_media":0,"parent":7078,"menu_order":12,"comment_status":"closed","ping_status":"closed","template":"side-navigation.php","meta":{"footnotes":""},"class_list":["post-7178","page","type-page","status-publish","hentry"],"yoast_head":"<!-- This site is optimized with the Yoast SEO plugin v26.2 - https:\/\/yoast.com\/wordpress\/plugins\/seo\/ -->\n<title>Aebi-Schmidt Straliq - Telemet<\/title>\n<meta name=\"robots\" content=\"index, follow, max-snippet:-1, max-image-preview:large, max-video-preview:-1\" \/>\n<link rel=\"canonical\" href=\"https:\/\/telemet.com\/es\/de-icing\/ash-straliq\/\" \/>\n<meta property=\"og:locale\" content=\"es_ES\" \/>\n<meta property=\"og:type\" content=\"article\" \/>\n<meta property=\"og:title\" content=\"Aebi-Schmidt Straliq - Telemet\" \/>\n<meta property=\"og:url\" content=\"https:\/\/telemet.com\/es\/de-icing\/ash-straliq\/\" \/>\n<meta property=\"og:site_name\" content=\"Telemet\" \/>\n<meta property=\"article:modified_time\" content=\"2023-08-18T13:49:55+00:00\" \/>\n<meta property=\"og:image\" content=\"https:\/\/telemet.com\/wp-content\/uploads\/2016\/11\/Straliq_03.gif\" \/>\n<meta name=\"twitter:card\" content=\"summary_large_image\" \/>\n<meta name=\"twitter:label1\" content=\"Tiempo de lectura\" \/>\n\t<meta name=\"twitter:data1\" content=\"4 minutes\" \/>\n<script type=\"application\/ld+json\" class=\"yoast-schema-graph\">{\"@context\":\"https:\/\/schema.org\",\"@graph\":[{\"@type\":\"WebPage\",\"@id\":\"https:\/\/telemet.com\/es\/de-icing\/ash-straliq\/\",\"url\":\"https:\/\/telemet.com\/es\/de-icing\/ash-straliq\/\",\"name\":\"Aebi-Schmidt Straliq - Telemet\",\"isPartOf\":{\"@id\":\"https:\/\/telemet.com\/es\/#website\"},\"primaryImageOfPage\":{\"@id\":\"https:\/\/telemet.com\/es\/de-icing\/ash-straliq\/#primaryimage\"},\"image\":{\"@id\":\"https:\/\/telemet.com\/es\/de-icing\/ash-straliq\/#primaryimage\"},\"thumbnailUrl\":\"https:\/\/telemet.com\/wp-content\/uploads\/2016\/11\/Straliq_03.gif\",\"datePublished\":\"2016-11-21T18:09:17+00:00\",\"dateModified\":\"2023-08-18T13:49:55+00:00\",\"breadcrumb\":{\"@id\":\"https:\/\/telemet.com\/es\/de-icing\/ash-straliq\/#breadcrumb\"},\"inLanguage\":\"es-ES\",\"potentialAction\":[{\"@type\":\"ReadAction\",\"target\":[\"https:\/\/telemet.com\/es\/de-icing\/ash-straliq\/\"]}]},{\"@type\":\"ImageObject\",\"inLanguage\":\"es-ES\",\"@id\":\"https:\/\/telemet.com\/es\/de-icing\/ash-straliq\/#primaryimage\",\"url\":\"https:\/\/telemet.com\/wp-content\/uploads\/2016\/11\/Straliq_03.gif\",\"contentUrl\":\"https:\/\/telemet.com\/wp-content\/uploads\/2016\/11\/Straliq_03.gif\"},{\"@type\":\"BreadcrumbList\",\"@id\":\"https:\/\/telemet.com\/es\/de-icing\/ash-straliq\/#breadcrumb\",\"itemListElement\":[{\"@type\":\"ListItem\",\"position\":1,\"name\":\"Home\",\"item\":\"https:\/\/telemet.com\/es\/\"},{\"@type\":\"ListItem\",\"position\":2,\"name\":\"Aebi-Schmidt De-icing\",\"item\":\"https:\/\/telemet.com\/es\/de-icing\/\"},{\"@type\":\"ListItem\",\"position\":3,\"name\":\"Aebi-Schmidt Straliq\"}]},{\"@type\":\"WebSite\",\"@id\":\"https:\/\/telemet.com\/es\/#website\",\"url\":\"https:\/\/telemet.com\/es\/\",\"name\":\"Telemet, Inc.\",\"description\":\"Efficiency through Simplicity\",\"potentialAction\":[{\"@type\":\"SearchAction\",\"target\":{\"@type\":\"EntryPoint\",\"urlTemplate\":\"https:\/\/telemet.com\/es\/?s={search_term_string}\"},\"query-input\":{\"@type\":\"PropertyValueSpecification\",\"valueRequired\":true,\"valueName\":\"search_term_string\"}}],\"inLanguage\":\"es-ES\"}]}<\/script>\n<!-- \/ Yoast SEO plugin. -->","yoast_head_json":{"title":"Aebi-Schmidt Straliq - Telemet","robots":{"index":"index","follow":"follow","max-snippet":"max-snippet:-1","max-image-preview":"max-image-preview:large","max-video-preview":"max-video-preview:-1"},"canonical":"https:\/\/telemet.com\/es\/de-icing\/ash-straliq\/","og_locale":"es_ES","og_type":"article","og_title":"Aebi-Schmidt Straliq - Telemet","og_url":"https:\/\/telemet.com\/es\/de-icing\/ash-straliq\/","og_site_name":"Telemet","article_modified_time":"2023-08-18T13:49:55+00:00","og_image":[{"url":"https:\/\/telemet.com\/wp-content\/uploads\/2016\/11\/Straliq_03.gif","type":"","width":"","height":""}],"twitter_card":"summary_large_image","twitter_misc":{"Tiempo de lectura":"4 minutes"},"schema":{"@context":"https:\/\/schema.org","@graph":[{"@type":"WebPage","@id":"https:\/\/telemet.com\/es\/de-icing\/ash-straliq\/","url":"https:\/\/telemet.com\/es\/de-icing\/ash-straliq\/","name":"Aebi-Schmidt Straliq - Telemet","isPartOf":{"@id":"https:\/\/telemet.com\/es\/#website"},"primaryImageOfPage":{"@id":"https:\/\/telemet.com\/es\/de-icing\/ash-straliq\/#primaryimage"},"image":{"@id":"https:\/\/telemet.com\/es\/de-icing\/ash-straliq\/#primaryimage"},"thumbnailUrl":"https:\/\/telemet.com\/wp-content\/uploads\/2016\/11\/Straliq_03.gif","datePublished":"2016-11-21T18:09:17+00:00","dateModified":"2023-08-18T13:49:55+00:00","breadcrumb":{"@id":"https:\/\/telemet.com\/es\/de-icing\/ash-straliq\/#breadcrumb"},"inLanguage":"es-ES","potentialAction":[{"@type":"ReadAction","target":["https:\/\/telemet.com\/es\/de-icing\/ash-straliq\/"]}]},{"@type":"ImageObject","inLanguage":"es-ES","@id":"https:\/\/telemet.com\/es\/de-icing\/ash-straliq\/#primaryimage","url":"https:\/\/telemet.com\/wp-content\/uploads\/2016\/11\/Straliq_03.gif","contentUrl":"https:\/\/telemet.com\/wp-content\/uploads\/2016\/11\/Straliq_03.gif"},{"@type":"BreadcrumbList","@id":"https:\/\/telemet.com\/es\/de-icing\/ash-straliq\/#breadcrumb","itemListElement":[{"@type":"ListItem","position":1,"name":"Home","item":"https:\/\/telemet.com\/es\/"},{"@type":"ListItem","position":2,"name":"Aebi-Schmidt De-icing","item":"https:\/\/telemet.com\/es\/de-icing\/"},{"@type":"ListItem","position":3,"name":"Aebi-Schmidt Straliq"}]},{"@type":"WebSite","@id":"https:\/\/telemet.com\/es\/#website","url":"https:\/\/telemet.com\/es\/","name":"Telemet, Inc.","description":"Efficiency through Simplicity","potentialAction":[{"@type":"SearchAction","target":{"@type":"EntryPoint","urlTemplate":"https:\/\/telemet.com\/es\/?s={search_term_string}"},"query-input":{"@type":"PropertyValueSpecification","valueRequired":true,"valueName":"search_term_string"}}],"inLanguage":"es-ES"}]}},"_links":{"self":[{"href":"https:\/\/telemet.com\/es\/wp-json\/wp\/v2\/pages\/7178","targetHints":{"allow":["GET"]}}],"collection":[{"href":"https:\/\/telemet.com\/es\/wp-json\/wp\/v2\/pages"}],"about":[{"href":"https:\/\/telemet.com\/es\/wp-json\/wp\/v2\/types\/page"}],"author":[{"embeddable":true,"href":"https:\/\/telemet.com\/es\/wp-json\/wp\/v2\/users\/1"}],"replies":[{"embeddable":true,"href":"https:\/\/telemet.com\/es\/wp-json\/wp\/v2\/comments?post=7178"}],"version-history":[{"count":3,"href":"https:\/\/telemet.com\/es\/wp-json\/wp\/v2\/pages\/7178\/revisions"}],"predecessor-version":[{"id":14072,"href":"https:\/\/telemet.com\/es\/wp-json\/wp\/v2\/pages\/7178\/revisions\/14072"}],"up":[{"embeddable":true,"href":"https:\/\/telemet.com\/es\/wp-json\/wp\/v2\/pages\/7078"}],"wp:attachment":[{"href":"https:\/\/telemet.com\/es\/wp-json\/wp\/v2\/media?parent=7178"}],"curies":[{"name":"wp","href":"https:\/\/api.w.org\/{rel}","templated":true}]}}