{"id":7208,"date":"2016-11-21T18:55:57","date_gmt":"2016-11-21T18:55:16","guid":{"rendered":"http:\/\/telemet.com\/es\/de-icing\/ash-stratos-combi-soliq-plus\/"},"modified":"2023-08-18T13:51:20","modified_gmt":"2023-08-18T13:51:20","slug":"ash-stratos-combi-soliq-plus","status":"publish","type":"page","link":"https:\/\/telemet.com\/es\/de-icing\/ash-stratos-combi-soliq-plus\/","title":{"rendered":"Aebi-Schmidt Stratos Combi Soliq Plus"},"content":{"rendered":"<div class=\"fusion-fullwidth fullwidth-box fusion-builder-row-1 nonhundred-percent-fullwidth non-hundred-percent-height-scrolling\" style=\"--awb-background-position:left top;--awb-border-radius-top-left:0px;--awb-border-radius-top-right:0px;--awb-border-radius-bottom-right:0px;--awb-border-radius-bottom-left:0px;--awb-padding-top:0px;--awb-padding-bottom:20px;--awb-border-sizes-top:0px;--awb-border-sizes-bottom:0px;--awb-flex-wrap:wrap;\" ><div class=\"fusion-builder-row fusion-row\"><div class=\"fusion-layout-column fusion_builder_column fusion-builder-column-0 fusion_builder_column_1_1 1_1 fusion-one-full fusion-column-first fusion-column-last fusion-column-no-min-height\" style=\"--awb-bg-size:cover;--awb-margin-top:0px;--awb-margin-bottom:0px;\"><div class=\"fusion-column-wrapper fusion-flex-column-wrapper-legacy\"><div class=\"fusion-image-element fusion-image-align-center in-legacy-container\" style=\"text-align:center;--awb-caption-title-font-family:var(--h2_typography-font-family);--awb-caption-title-font-weight:var(--h2_typography-font-weight);--awb-caption-title-font-style:var(--h2_typography-font-style);--awb-caption-title-size:var(--h2_typography-font-size);--awb-caption-title-transform:var(--h2_typography-text-transform);--awb-caption-title-line-height:var(--h2_typography-line-height);--awb-caption-title-letter-spacing:var(--h2_typography-letter-spacing);\"><div class=\"imageframe-align-center\"><span class=\" fusion-imageframe imageframe-none imageframe-1 hover-type-none\"><img decoding=\"async\" width=\"800\" height=\"600\" title=\"stratos_combi_soliq_plus\" src=\"https:\/\/telemet.com\/wp-content\/uploads\/2016\/11\/stratos_combi_soliq_plus.jpg\" alt class=\"img-responsive wp-image-14102\" srcset=\"https:\/\/telemet.com\/wp-content\/uploads\/2016\/11\/stratos_combi_soliq_plus-200x150.jpg 200w, https:\/\/telemet.com\/wp-content\/uploads\/2016\/11\/stratos_combi_soliq_plus-400x300.jpg 400w, https:\/\/telemet.com\/wp-content\/uploads\/2016\/11\/stratos_combi_soliq_plus-600x450.jpg 600w, https:\/\/telemet.com\/wp-content\/uploads\/2016\/11\/stratos_combi_soliq_plus.jpg 800w\" sizes=\"(max-width: 800px) 100vw, 800px\" \/><\/span><\/div><\/div><div class=\"fusion-sep-clear\"><\/div><div class=\"fusion-separator fusion-full-width-sep\" style=\"margin-left: auto;margin-right: auto;margin-top:20px;width:100%;\"><\/div><div class=\"fusion-sep-clear\"><\/div><div class=\"fusion-align-block\"><a class=\"fusion-button button-flat button-xlarge button-default fusion-button-default button-1 fusion-button-default-span \" style=\"width:calc(100%);\" target=\"_blank\" rel=\"noopener noreferrer\" title=\"Download Brochure\" aria-label=\"Download Brochure\" href=\"\/wp-content\/uploads\/2016\/11\/LW_Stratos_CombiSoliqPlus_EN_2012.pdf\"><span class=\"fusion-button-text awb-button__text awb-button__text--default\">Download Brochure (PDF)<\/span><i class=\" fa fa-file-pdf-o awb-button__icon awb-button__icon--default button-icon-right\" aria-hidden=\"true\"><\/i><\/a><\/div><div class=\"fusion-sep-clear\"><\/div><div class=\"fusion-separator fusion-full-width-sep\" style=\"margin-left: auto;margin-right: auto;margin-top:20px;width:100%;\"><\/div><div class=\"fusion-sep-clear\"><\/div><div class=\"fusion-clearfix\"><\/div><\/div><\/div><div class=\"fusion-layout-column fusion_builder_column fusion-builder-column-1 fusion_builder_column_1_1 1_1 fusion-one-full fusion-column-first fusion-column-last fusion-column-no-min-height\" style=\"--awb-bg-size:cover;--awb-margin-top:0px;--awb-margin-bottom:0px;\"><div class=\"fusion-column-wrapper fusion-flex-column-wrapper-legacy\"><div class=\"fusion-video fusion-youtube\" style=\"--awb-max-width:800px;--awb-max-height:550px;\"><div class=\"video-shortcode\"><div class=\"fluid-width-video-wrapper\" style=\"padding-top:68.75%;\" ><iframe title=\"YouTube video player 1\" src=\"https:\/\/www.youtube.com\/embed\/wrZQqIjS5Zg?wmode=transparent&autoplay=0\" width=\"800\" height=\"550\" allowfullscreen allow=\"autoplay; clipboard-write; encrypted-media; gyroscope; picture-in-picture;\"><\/iframe><\/div><\/div><\/div><div class=\"fusion-sep-clear\"><\/div><div class=\"fusion-separator fusion-full-width-sep\" style=\"margin-left: auto;margin-right: auto;margin-top:20px;width:100%;\"><\/div><div class=\"fusion-sep-clear\"><\/div><div class=\"fusion-text fusion-text-1\"><h3>M\u00e1quina de combinaci\u00f3n de Schmidt &#8211; dispersi\u00f3n y pulverizaci\u00f3n (WSP y RSP)<\/h3>\n<p>La combinaci\u00f3n de dispersi\u00f3n y pulverizaci\u00f3n preventiva es un proceso muy eficaz por lo que el uso de salmuera reduce considerablemente el uso de la sal y la eficacia de empleo del veh\u00edculo aumenta considerablemente. No es de extra\u00f1ar, entonces, que este proceso econ\u00f3micamente interesante sea cada vez m\u00e1s popular, mientras que los requisitos y deseos de nuestros clientes se diferencian cada vez m\u00e1s. En nuestra nueva gama Stratos Combi Soliq Plus de Schmidt hemos optimizado ambos tipos, &#8220;WSP&#8221; y &#8220;RSP&#8221;, en muchos aspectos, lo que implica que su empleo es ahora mucho m\u00e1s eficiente, seguro y c\u00f3modo.<\/p>\n<h3>\u00a1M\u00e1xima capacidad de deshielo y prevenci\u00f3n en su formaci\u00f3n con un elevado potencial de ahorro!<\/h3>\n<p>Con ambas variedades de Stratos Combi Soliq Plus de Schmidt es posible reunir agentes descongelantes abrasivos, sal seca, sal h\u00fameda y salmuera en un \u00fanico dispositivo. Particularmente en el caso de la pulverizaci\u00f3n de salmuera en el mantenimiento preventivo invernal (a temperaturas de hasta -6 grados), se puede lograr un ahorro considerable de sal, ayudando tambi\u00e9n a proteger el medio ambiente. Adem\u00e1s, se consigue un patr\u00f3n de dispersi\u00f3n muy preciso, lo que significa que la aplicaci\u00f3n de materiales de deshielo no representa ning\u00fan problema incluso a altas velocidades. El eficiente modelo Stratos Combi Soliq Plus de Schmidt, que est\u00e1 fabricado con materiales libres de corrosi\u00f3n y de alta calidad, se encuentra particularmente adaptado para su empleo fuera de ciudades y pueblos, y en autopistas.<\/p>\n<h3>Modelo Stratos Combi Soliq Plus &#8220;WSP&#8221; de Schmidt: \u00a1pulverizaci\u00f3n utilizando boquillas con la opci\u00f3n de a\u00f1adir sal h\u00fameda &#8211; con el ajuste de ancho opcional en metros!<\/h3>\n<p>El modelo WSP vers\u00e1til es un producto completamente revisado sobre el que se han realizado numerosas optimizaciones. La nueva configuraci\u00f3n de anchura en las boquillas de pulverizaci\u00f3n (ahora disponibles en metros) ofrece incluso una mayor comodidad de empleo. El nuevo brazo de boquillas plegable permite pulverizar simult\u00e1neamente con hasta tres l\u00edneas (hasta 12m) &#8211; ya sea de forma sim\u00e9trica o asim\u00e9trica en funci\u00f3n de la anchura de pulverizaci\u00f3n deseada. Adem\u00e1s, tanto la sal seca como la mezcla FS30 se pueden a\u00f1adir durante lapulverizaci\u00f3n: tan solo tendr\u00e1 que cambiar la configuraci\u00f3n utilizando el panel de mando.<br \/>\nAdem\u00e1s del sistema de pulverizaci\u00f3n, el WSP tiene un sistema de dispersi\u00f3n. El sistema de distribuci\u00f3n, que est\u00e1 fabricado por entero en acero inoxidable, puede plegarse utilizando unos resortes con gas a presi\u00f3n. El modelo WSP cuenta con un conducto abierto, recubierto con tefl\u00f3n con un ajuste continuo de la altura. Se utiliza un disco de dispersi\u00f3n premium que mide 660 mm \u00d8 para alcanzar una distancia de dispersi\u00f3n entre 3 &#8211; 12m (sal seca o h\u00fameda).<br \/>\nLas bombas de accionamiento hidr\u00e1ulico de alto rendimiento de salmuera (1x aprox. 300 l\/min y 1x aprox. 100 l\/min) con protecci\u00f3n contra funcionamiento en seco garantizan un alto nivel de precisi\u00f3n gracias a un sensor integrado para la obtenci\u00f3n de datos de velocidad.<\/p>\n<h3>Modelo Stratos Combi SoliqPlus &#8220;RSP&#8221; de Schmidt: pulverizaci\u00f3n utilizando un disco de pulverizaci\u00f3n &#8211; ahora con tolvas y dep\u00f3sitos optimizados<\/h3>\n<p>En el caso del modelo RSP, la combinaci\u00f3n de dispersi\u00f3n y pulverizaci\u00f3n tiene lugar exclusivamente en el disco de dispersi\u00f3n. Con una anchura de pulverizaci\u00f3n de hasta 8 m, el modelo RSP se encuentra perfectamente adaptado para las tareas de pulverizaci\u00f3n en carreteras rurales. Este esparcidor tambi\u00e9n se puede utilizar para la dispersi\u00f3n pre-h\u00fameda. Como sucede con el modelo WSP, se ha realizado un m\u00e1ximo esfuerzo para utilizar toda la anchura posible del veh\u00edculo y disminuir as\u00ed la altura de la tolva &#8211; una medida que mejora la estabilidad del veh\u00edculo en particular.<br \/>\nAdem\u00e1s, en esta versi\u00f3n, el sistema de distribuci\u00f3n de acero inoxidable se puede plegar utilizando resortes de gas a presi\u00f3n. El modelo RSP cuenta tambi\u00e9n con un conducto abierto, recubierto con tefl\u00f3n con un ajuste continuo de la altura. Se utiliza un disco de dispersi\u00f3n premium que mide 490 m de \u00d8: esto implica que puede alcanzar distancias de dispersi\u00f3n de material seco o pre-humedecido de hasta 2 \u2013 10m y distancias de pulverizaci\u00f3n de 2 a 8. La anchura de dispersi\u00f3n depende del material y de las circunstancias. Si as\u00ed se desea, tambi\u00e9n se puede integrar un disco de dispersi\u00f3n Premium que mide 660mm de \u00d8. El modelo RSP dispone de una v\u00e1lvula regulable manualmente en el conducto para cambiar entre la dispersi\u00f3n y la pulverizaci\u00f3n pre-h\u00fameda; tambi\u00e9n se dispone de una configuraci\u00f3n el\u00e9ctrica. Mientras se realiza la dispersi\u00f3n, el modelo RSP tambi\u00e9n le permite a\u00f1adir sal seca.<br \/>\nTal y como sucede con el modelo WSP, tambi\u00e9n se utilizan la bomba hidr\u00e1ulica de alto rendimiento (100 l\/min, opcional 200 l\/min) y alto nivel de precisi\u00f3n de dosificaci\u00f3n.<\/p>\n<p>Ambas versiones disponen de un dise\u00f1o flexible, una construcci\u00f3n que ahorra espacio y la mejor calidad posible en materiales, adem\u00e1s de presentar un empleo muy confortable.<br \/>\nEn funci\u00f3n de los deseos del cliente, se disponen de sistemas de tornillo sin fin y basado en cinta transportadora. Gracias al sistema modular utilizado, se pueden configurar de forma \u00f3ptima los tama\u00f1os de la tolva y del dep\u00f3sito para adaptarlos a su cami\u00f3n.<br \/>\nLa unidad hidr\u00e1ulica se instala por completo en forma de s\u00e1ndwich; no se requieren tuber\u00edas. El empleo de v\u00e1lvulas proporcionales con operaci\u00f3n de emergencia y una v\u00e1lvula que limita la presi\u00f3n integrada a 250 bares garantizan una mayor seguridad.<br \/>\n\u00a1Todas las piezas de acero han sido recubiertas de polvo, proporcionando la m\u00e1xima protecci\u00f3n posible contra la corrosi\u00f3n! Se dispone de dep\u00f3sitos laterales y frontales de salmuera para la aplicaci\u00f3n de sal h\u00fameda y materiales anticongelantes; est\u00e1n fabricados en polietileno (PE) y equipadas con una boca de inspecci\u00f3n. Tambi\u00e9n se encuentra integrado un indicador de nivel del l\u00edquido.<br \/>\nAmbas m\u00e1quinas utilizan un control CL relacionado con la velocidad en carretera; el est\u00e1ndar de comunicaci\u00f3n est\u00e1 basado en la tecnolog\u00eda OpenBus de CAN. Adem\u00e1s, podemos integrar los sistemas ThermoLogic y AutoLogic as\u00ed como los innovadores sistemas de recogida de datos de dispersi\u00f3n.<\/p>\n<\/div><div class=\"fusion-clearfix\"><\/div><\/div><\/div><\/div><\/div>\n","protected":false},"excerpt":{"rendered":"","protected":false},"author":1,"featured_media":0,"parent":7078,"menu_order":15,"comment_status":"closed","ping_status":"closed","template":"side-navigation.php","meta":{"footnotes":""},"class_list":["post-7208","page","type-page","status-publish","hentry"],"yoast_head":"<!-- This site is optimized with the Yoast SEO plugin v26.2 - https:\/\/yoast.com\/wordpress\/plugins\/seo\/ -->\n<title>Aebi-Schmidt Stratos Combi Soliq Plus - Telemet<\/title>\n<meta name=\"robots\" content=\"index, follow, max-snippet:-1, max-image-preview:large, max-video-preview:-1\" \/>\n<link rel=\"canonical\" href=\"https:\/\/telemet.com\/es\/de-icing\/ash-stratos-combi-soliq-plus\/\" \/>\n<meta property=\"og:locale\" content=\"es_ES\" \/>\n<meta property=\"og:type\" content=\"article\" \/>\n<meta property=\"og:title\" content=\"Aebi-Schmidt Stratos Combi Soliq Plus - Telemet\" \/>\n<meta property=\"og:url\" content=\"https:\/\/telemet.com\/es\/de-icing\/ash-stratos-combi-soliq-plus\/\" \/>\n<meta property=\"og:site_name\" content=\"Telemet\" \/>\n<meta property=\"article:modified_time\" content=\"2023-08-18T13:51:20+00:00\" \/>\n<meta property=\"og:image\" content=\"https:\/\/telemet.com\/wp-content\/uploads\/2016\/11\/stratos_combi_soliq_plus.jpg\" \/>\n<meta name=\"twitter:card\" content=\"summary_large_image\" \/>\n<meta name=\"twitter:label1\" content=\"Tiempo de lectura\" \/>\n\t<meta name=\"twitter:data1\" content=\"7 minutes\" \/>\n<script type=\"application\/ld+json\" class=\"yoast-schema-graph\">{\"@context\":\"https:\/\/schema.org\",\"@graph\":[{\"@type\":\"WebPage\",\"@id\":\"https:\/\/telemet.com\/es\/de-icing\/ash-stratos-combi-soliq-plus\/\",\"url\":\"https:\/\/telemet.com\/es\/de-icing\/ash-stratos-combi-soliq-plus\/\",\"name\":\"Aebi-Schmidt Stratos Combi Soliq Plus - Telemet\",\"isPartOf\":{\"@id\":\"https:\/\/telemet.com\/es\/#website\"},\"primaryImageOfPage\":{\"@id\":\"https:\/\/telemet.com\/es\/de-icing\/ash-stratos-combi-soliq-plus\/#primaryimage\"},\"image\":{\"@id\":\"https:\/\/telemet.com\/es\/de-icing\/ash-stratos-combi-soliq-plus\/#primaryimage\"},\"thumbnailUrl\":\"https:\/\/telemet.com\/wp-content\/uploads\/2016\/11\/stratos_combi_soliq_plus.jpg\",\"datePublished\":\"2016-11-21T18:55:16+00:00\",\"dateModified\":\"2023-08-18T13:51:20+00:00\",\"breadcrumb\":{\"@id\":\"https:\/\/telemet.com\/es\/de-icing\/ash-stratos-combi-soliq-plus\/#breadcrumb\"},\"inLanguage\":\"es-ES\",\"potentialAction\":[{\"@type\":\"ReadAction\",\"target\":[\"https:\/\/telemet.com\/es\/de-icing\/ash-stratos-combi-soliq-plus\/\"]}]},{\"@type\":\"ImageObject\",\"inLanguage\":\"es-ES\",\"@id\":\"https:\/\/telemet.com\/es\/de-icing\/ash-stratos-combi-soliq-plus\/#primaryimage\",\"url\":\"https:\/\/telemet.com\/wp-content\/uploads\/2016\/11\/stratos_combi_soliq_plus.jpg\",\"contentUrl\":\"https:\/\/telemet.com\/wp-content\/uploads\/2016\/11\/stratos_combi_soliq_plus.jpg\"},{\"@type\":\"BreadcrumbList\",\"@id\":\"https:\/\/telemet.com\/es\/de-icing\/ash-stratos-combi-soliq-plus\/#breadcrumb\",\"itemListElement\":[{\"@type\":\"ListItem\",\"position\":1,\"name\":\"Home\",\"item\":\"https:\/\/telemet.com\/es\/\"},{\"@type\":\"ListItem\",\"position\":2,\"name\":\"Aebi-Schmidt De-icing\",\"item\":\"https:\/\/telemet.com\/es\/de-icing\/\"},{\"@type\":\"ListItem\",\"position\":3,\"name\":\"Aebi-Schmidt Stratos Combi Soliq Plus\"}]},{\"@type\":\"WebSite\",\"@id\":\"https:\/\/telemet.com\/es\/#website\",\"url\":\"https:\/\/telemet.com\/es\/\",\"name\":\"Telemet, Inc.\",\"description\":\"Efficiency through Simplicity\",\"potentialAction\":[{\"@type\":\"SearchAction\",\"target\":{\"@type\":\"EntryPoint\",\"urlTemplate\":\"https:\/\/telemet.com\/es\/?s={search_term_string}\"},\"query-input\":{\"@type\":\"PropertyValueSpecification\",\"valueRequired\":true,\"valueName\":\"search_term_string\"}}],\"inLanguage\":\"es-ES\"}]}<\/script>\n<!-- \/ Yoast SEO plugin. -->","yoast_head_json":{"title":"Aebi-Schmidt Stratos Combi Soliq Plus - Telemet","robots":{"index":"index","follow":"follow","max-snippet":"max-snippet:-1","max-image-preview":"max-image-preview:large","max-video-preview":"max-video-preview:-1"},"canonical":"https:\/\/telemet.com\/es\/de-icing\/ash-stratos-combi-soliq-plus\/","og_locale":"es_ES","og_type":"article","og_title":"Aebi-Schmidt Stratos Combi Soliq Plus - Telemet","og_url":"https:\/\/telemet.com\/es\/de-icing\/ash-stratos-combi-soliq-plus\/","og_site_name":"Telemet","article_modified_time":"2023-08-18T13:51:20+00:00","og_image":[{"url":"https:\/\/telemet.com\/wp-content\/uploads\/2016\/11\/stratos_combi_soliq_plus.jpg","type":"","width":"","height":""}],"twitter_card":"summary_large_image","twitter_misc":{"Tiempo de lectura":"7 minutes"},"schema":{"@context":"https:\/\/schema.org","@graph":[{"@type":"WebPage","@id":"https:\/\/telemet.com\/es\/de-icing\/ash-stratos-combi-soliq-plus\/","url":"https:\/\/telemet.com\/es\/de-icing\/ash-stratos-combi-soliq-plus\/","name":"Aebi-Schmidt Stratos Combi Soliq Plus - Telemet","isPartOf":{"@id":"https:\/\/telemet.com\/es\/#website"},"primaryImageOfPage":{"@id":"https:\/\/telemet.com\/es\/de-icing\/ash-stratos-combi-soliq-plus\/#primaryimage"},"image":{"@id":"https:\/\/telemet.com\/es\/de-icing\/ash-stratos-combi-soliq-plus\/#primaryimage"},"thumbnailUrl":"https:\/\/telemet.com\/wp-content\/uploads\/2016\/11\/stratos_combi_soliq_plus.jpg","datePublished":"2016-11-21T18:55:16+00:00","dateModified":"2023-08-18T13:51:20+00:00","breadcrumb":{"@id":"https:\/\/telemet.com\/es\/de-icing\/ash-stratos-combi-soliq-plus\/#breadcrumb"},"inLanguage":"es-ES","potentialAction":[{"@type":"ReadAction","target":["https:\/\/telemet.com\/es\/de-icing\/ash-stratos-combi-soliq-plus\/"]}]},{"@type":"ImageObject","inLanguage":"es-ES","@id":"https:\/\/telemet.com\/es\/de-icing\/ash-stratos-combi-soliq-plus\/#primaryimage","url":"https:\/\/telemet.com\/wp-content\/uploads\/2016\/11\/stratos_combi_soliq_plus.jpg","contentUrl":"https:\/\/telemet.com\/wp-content\/uploads\/2016\/11\/stratos_combi_soliq_plus.jpg"},{"@type":"BreadcrumbList","@id":"https:\/\/telemet.com\/es\/de-icing\/ash-stratos-combi-soliq-plus\/#breadcrumb","itemListElement":[{"@type":"ListItem","position":1,"name":"Home","item":"https:\/\/telemet.com\/es\/"},{"@type":"ListItem","position":2,"name":"Aebi-Schmidt De-icing","item":"https:\/\/telemet.com\/es\/de-icing\/"},{"@type":"ListItem","position":3,"name":"Aebi-Schmidt Stratos Combi Soliq Plus"}]},{"@type":"WebSite","@id":"https:\/\/telemet.com\/es\/#website","url":"https:\/\/telemet.com\/es\/","name":"Telemet, Inc.","description":"Efficiency through Simplicity","potentialAction":[{"@type":"SearchAction","target":{"@type":"EntryPoint","urlTemplate":"https:\/\/telemet.com\/es\/?s={search_term_string}"},"query-input":{"@type":"PropertyValueSpecification","valueRequired":true,"valueName":"search_term_string"}}],"inLanguage":"es-ES"}]}},"_links":{"self":[{"href":"https:\/\/telemet.com\/es\/wp-json\/wp\/v2\/pages\/7208","targetHints":{"allow":["GET"]}}],"collection":[{"href":"https:\/\/telemet.com\/es\/wp-json\/wp\/v2\/pages"}],"about":[{"href":"https:\/\/telemet.com\/es\/wp-json\/wp\/v2\/types\/page"}],"author":[{"embeddable":true,"href":"https:\/\/telemet.com\/es\/wp-json\/wp\/v2\/users\/1"}],"replies":[{"embeddable":true,"href":"https:\/\/telemet.com\/es\/wp-json\/wp\/v2\/comments?post=7208"}],"version-history":[{"count":3,"href":"https:\/\/telemet.com\/es\/wp-json\/wp\/v2\/pages\/7208\/revisions"}],"predecessor-version":[{"id":14100,"href":"https:\/\/telemet.com\/es\/wp-json\/wp\/v2\/pages\/7208\/revisions\/14100"}],"up":[{"embeddable":true,"href":"https:\/\/telemet.com\/es\/wp-json\/wp\/v2\/pages\/7078"}],"wp:attachment":[{"href":"https:\/\/telemet.com\/es\/wp-json\/wp\/v2\/media?parent=7208"}],"curies":[{"name":"wp","href":"https:\/\/api.w.org\/{rel}","templated":true}]}}