{"id":7218,"date":"2016-11-21T19:01:57","date_gmt":"2016-11-21T19:01:42","guid":{"rendered":"http:\/\/telemet.com\/es\/de-icing\/ash-p-2000-s-3000\/"},"modified":"2023-08-18T13:51:51","modified_gmt":"2023-08-18T13:51:51","slug":"ash-p-2000-s-3000","status":"publish","type":"page","link":"https:\/\/telemet.com\/es\/de-icing\/ash-p-2000-s-3000\/","title":{"rendered":"Aebi-Schmidt P 2000 \/ S 3000"},"content":{"rendered":"<div class=\"fusion-fullwidth fullwidth-box fusion-builder-row-1 nonhundred-percent-fullwidth non-hundred-percent-height-scrolling\" style=\"--awb-background-position:left top;--awb-border-radius-top-left:0px;--awb-border-radius-top-right:0px;--awb-border-radius-bottom-right:0px;--awb-border-radius-bottom-left:0px;--awb-padding-top:0px;--awb-padding-bottom:20px;--awb-border-sizes-top:0px;--awb-border-sizes-bottom:0px;--awb-flex-wrap:wrap;\" ><div class=\"fusion-builder-row fusion-row\"><div class=\"fusion-layout-column fusion_builder_column fusion-builder-column-0 fusion_builder_column_1_1 1_1 fusion-one-full fusion-column-first fusion-column-last fusion-column-no-min-height\" style=\"--awb-bg-size:cover;--awb-margin-top:0px;--awb-margin-bottom:0px;\"><div class=\"fusion-column-wrapper fusion-flex-column-wrapper-legacy\"><div class=\"fusion-image-element fusion-image-align-center in-legacy-container\" style=\"text-align:center;--awb-caption-title-font-family:var(--h2_typography-font-family);--awb-caption-title-font-weight:var(--h2_typography-font-weight);--awb-caption-title-font-style:var(--h2_typography-font-style);--awb-caption-title-size:var(--h2_typography-font-size);--awb-caption-title-transform:var(--h2_typography-text-transform);--awb-caption-title-line-height:var(--h2_typography-line-height);--awb-caption-title-letter-spacing:var(--h2_typography-letter-spacing);\"><div class=\"imageframe-align-center\"><span class=\" fusion-imageframe imageframe-none imageframe-1 hover-type-none\"><img decoding=\"async\" width=\"1181\" height=\"787\" title=\"s3000\" src=\"https:\/\/telemet.com\/wp-content\/uploads\/2016\/11\/S3000.gif\" alt class=\"img-responsive wp-image-14111\"\/><\/span><\/div><\/div><div class=\"fusion-sep-clear\"><\/div><div class=\"fusion-separator fusion-full-width-sep\" style=\"margin-left: auto;margin-right: auto;margin-top:20px;width:100%;\"><\/div><div class=\"fusion-sep-clear\"><\/div><div class=\"fusion-text fusion-text-1\"><h3>Dispersi\u00f3n de sal pre-humedecida<\/h3>\n<p>Cada vez m\u00e1s los administradores de carreteras, pa\u00edses y comunidades optan por la dispersi\u00f3n de sal pre- humedecida. Debido a su mayor capacidad de adhesi\u00f3n y un efecto de descongelaci\u00f3n m\u00e1s r\u00e1pido, la sal pre-humedecida aumenta en mayor medida la seguridad vial. El menor consumo de sal tambi\u00e9n aumenta el ahorro. Adem\u00e1s, la menor cantidad de sal utilizada y la mayor precisi\u00f3n en el patr\u00f3n de dispersi\u00f3n, implica un menor da\u00f1o al medioambiente<\/p>\n<h3>Sistemas de soluci\u00f3n salina P 2000<\/h3>\n<p>Este sistema de disoluci\u00f3n se caracteriza por su dise\u00f1o s\u00f3lido, de f\u00e1cil manejo y funcionamiento fiable. Almacena aproximadamente 2000 litros de soluci\u00f3n no saturada (20 &#8211; 21%) por carga. La soluci\u00f3n salina se prepara con rapidez y facilidad. Todo lo que tiene que hacer es llenar el dep\u00f3sito con 500kgs de sal y 2000 litros de agua. Tras unos 20 minutos de espera aproximada, tendr\u00e1 una soluci\u00f3n no saturada de 2,2m\u00b3. En caso de que no necesite aplicar esta disoluci\u00f3n de manera inmediata o que vaya a ser bombeada en un tanque de almacenamiento, la P 2000 tambi\u00e9n le puede servir como almacenamiento secundario. El modelo P 2000 cuenta con una tecnolog\u00eda robusta a un precio atractivo; un ideal modelo inicial.<\/p>\n<h3>Sistemas de soluci\u00f3n salina S 3000<\/h3>\n<p>Este sistema de soluci\u00f3n salina fue desarrollado como una soluci\u00f3n &#8216;plug and play&#8217; y dise\u00f1ado para permitir su expansi\u00f3n a fin de incluir componentes adicionales tales como, por ejemplo, una unidad regulada, plenamente autom\u00e1tica o un dep\u00f3sito de almacenamiento de 5000 litros. El modelo S 2000 compacto produce de manera continua unos 2000 litros\/hora de soluci\u00f3n no saturada (20 \u2013 22%). Con sal gorda, se pueden elaborar 3000 \/ 5000 litros a la hora. El sistema de soluci\u00f3n salina cuenta con una funci\u00f3n de conmutaci\u00f3n y un punto conector para fuentes externas y bombas de llenado externo. Toda la suciedad acumulada se drena de manera eficiente a trav\u00e9s de dos sub-v\u00e1lvulas. El compartimento aislado se puede llenar con palas cargadoras. Los paneles de control, bombas, mangueras y entradas de agua est\u00e1n protegidas contra la congelaci\u00f3n, garantizando as\u00ed el funcionamiento del modelo S 3000.<\/p>\n<\/div><div class=\"fusion-clearfix\"><\/div><\/div><\/div><\/div><\/div>\n","protected":false},"excerpt":{"rendered":"","protected":false},"author":1,"featured_media":0,"parent":7078,"menu_order":16,"comment_status":"closed","ping_status":"closed","template":"side-navigation.php","meta":{"footnotes":""},"class_list":["post-7218","page","type-page","status-publish","hentry"],"yoast_head":"<!-- This site is optimized with the Yoast SEO plugin v26.2 - https:\/\/yoast.com\/wordpress\/plugins\/seo\/ -->\n<title>Aebi-Schmidt P 2000 \/ S 3000 - Telemet<\/title>\n<meta name=\"robots\" content=\"index, follow, max-snippet:-1, max-image-preview:large, max-video-preview:-1\" \/>\n<link rel=\"canonical\" href=\"https:\/\/telemet.com\/es\/de-icing\/ash-p-2000-s-3000\/\" \/>\n<meta property=\"og:locale\" content=\"es_ES\" \/>\n<meta property=\"og:type\" content=\"article\" \/>\n<meta property=\"og:title\" content=\"Aebi-Schmidt P 2000 \/ S 3000 - Telemet\" \/>\n<meta property=\"og:url\" content=\"https:\/\/telemet.com\/es\/de-icing\/ash-p-2000-s-3000\/\" \/>\n<meta property=\"og:site_name\" content=\"Telemet\" \/>\n<meta property=\"article:modified_time\" content=\"2023-08-18T13:51:51+00:00\" \/>\n<meta property=\"og:image\" content=\"https:\/\/telemet.com\/wp-content\/uploads\/2016\/11\/S3000.gif\" \/>\n<meta name=\"twitter:card\" content=\"summary_large_image\" \/>\n<meta name=\"twitter:label1\" content=\"Tiempo de lectura\" \/>\n\t<meta name=\"twitter:data1\" content=\"3 minutes\" \/>\n<script type=\"application\/ld+json\" class=\"yoast-schema-graph\">{\"@context\":\"https:\/\/schema.org\",\"@graph\":[{\"@type\":\"WebPage\",\"@id\":\"https:\/\/telemet.com\/es\/de-icing\/ash-p-2000-s-3000\/\",\"url\":\"https:\/\/telemet.com\/es\/de-icing\/ash-p-2000-s-3000\/\",\"name\":\"Aebi-Schmidt P 2000 \/ S 3000 - Telemet\",\"isPartOf\":{\"@id\":\"https:\/\/telemet.com\/es\/#website\"},\"primaryImageOfPage\":{\"@id\":\"https:\/\/telemet.com\/es\/de-icing\/ash-p-2000-s-3000\/#primaryimage\"},\"image\":{\"@id\":\"https:\/\/telemet.com\/es\/de-icing\/ash-p-2000-s-3000\/#primaryimage\"},\"thumbnailUrl\":\"https:\/\/telemet.com\/wp-content\/uploads\/2016\/11\/S3000.gif\",\"datePublished\":\"2016-11-21T19:01:42+00:00\",\"dateModified\":\"2023-08-18T13:51:51+00:00\",\"breadcrumb\":{\"@id\":\"https:\/\/telemet.com\/es\/de-icing\/ash-p-2000-s-3000\/#breadcrumb\"},\"inLanguage\":\"es-ES\",\"potentialAction\":[{\"@type\":\"ReadAction\",\"target\":[\"https:\/\/telemet.com\/es\/de-icing\/ash-p-2000-s-3000\/\"]}]},{\"@type\":\"ImageObject\",\"inLanguage\":\"es-ES\",\"@id\":\"https:\/\/telemet.com\/es\/de-icing\/ash-p-2000-s-3000\/#primaryimage\",\"url\":\"https:\/\/telemet.com\/wp-content\/uploads\/2016\/11\/S3000.gif\",\"contentUrl\":\"https:\/\/telemet.com\/wp-content\/uploads\/2016\/11\/S3000.gif\"},{\"@type\":\"BreadcrumbList\",\"@id\":\"https:\/\/telemet.com\/es\/de-icing\/ash-p-2000-s-3000\/#breadcrumb\",\"itemListElement\":[{\"@type\":\"ListItem\",\"position\":1,\"name\":\"Home\",\"item\":\"https:\/\/telemet.com\/es\/\"},{\"@type\":\"ListItem\",\"position\":2,\"name\":\"Aebi-Schmidt De-icing\",\"item\":\"https:\/\/telemet.com\/es\/de-icing\/\"},{\"@type\":\"ListItem\",\"position\":3,\"name\":\"Aebi-Schmidt P 2000 \/ S 3000\"}]},{\"@type\":\"WebSite\",\"@id\":\"https:\/\/telemet.com\/es\/#website\",\"url\":\"https:\/\/telemet.com\/es\/\",\"name\":\"Telemet, Inc.\",\"description\":\"Efficiency through Simplicity\",\"potentialAction\":[{\"@type\":\"SearchAction\",\"target\":{\"@type\":\"EntryPoint\",\"urlTemplate\":\"https:\/\/telemet.com\/es\/?s={search_term_string}\"},\"query-input\":{\"@type\":\"PropertyValueSpecification\",\"valueRequired\":true,\"valueName\":\"search_term_string\"}}],\"inLanguage\":\"es-ES\"}]}<\/script>\n<!-- \/ Yoast SEO plugin. -->","yoast_head_json":{"title":"Aebi-Schmidt P 2000 \/ S 3000 - Telemet","robots":{"index":"index","follow":"follow","max-snippet":"max-snippet:-1","max-image-preview":"max-image-preview:large","max-video-preview":"max-video-preview:-1"},"canonical":"https:\/\/telemet.com\/es\/de-icing\/ash-p-2000-s-3000\/","og_locale":"es_ES","og_type":"article","og_title":"Aebi-Schmidt P 2000 \/ S 3000 - Telemet","og_url":"https:\/\/telemet.com\/es\/de-icing\/ash-p-2000-s-3000\/","og_site_name":"Telemet","article_modified_time":"2023-08-18T13:51:51+00:00","og_image":[{"url":"https:\/\/telemet.com\/wp-content\/uploads\/2016\/11\/S3000.gif","type":"","width":"","height":""}],"twitter_card":"summary_large_image","twitter_misc":{"Tiempo de lectura":"3 minutes"},"schema":{"@context":"https:\/\/schema.org","@graph":[{"@type":"WebPage","@id":"https:\/\/telemet.com\/es\/de-icing\/ash-p-2000-s-3000\/","url":"https:\/\/telemet.com\/es\/de-icing\/ash-p-2000-s-3000\/","name":"Aebi-Schmidt P 2000 \/ S 3000 - Telemet","isPartOf":{"@id":"https:\/\/telemet.com\/es\/#website"},"primaryImageOfPage":{"@id":"https:\/\/telemet.com\/es\/de-icing\/ash-p-2000-s-3000\/#primaryimage"},"image":{"@id":"https:\/\/telemet.com\/es\/de-icing\/ash-p-2000-s-3000\/#primaryimage"},"thumbnailUrl":"https:\/\/telemet.com\/wp-content\/uploads\/2016\/11\/S3000.gif","datePublished":"2016-11-21T19:01:42+00:00","dateModified":"2023-08-18T13:51:51+00:00","breadcrumb":{"@id":"https:\/\/telemet.com\/es\/de-icing\/ash-p-2000-s-3000\/#breadcrumb"},"inLanguage":"es-ES","potentialAction":[{"@type":"ReadAction","target":["https:\/\/telemet.com\/es\/de-icing\/ash-p-2000-s-3000\/"]}]},{"@type":"ImageObject","inLanguage":"es-ES","@id":"https:\/\/telemet.com\/es\/de-icing\/ash-p-2000-s-3000\/#primaryimage","url":"https:\/\/telemet.com\/wp-content\/uploads\/2016\/11\/S3000.gif","contentUrl":"https:\/\/telemet.com\/wp-content\/uploads\/2016\/11\/S3000.gif"},{"@type":"BreadcrumbList","@id":"https:\/\/telemet.com\/es\/de-icing\/ash-p-2000-s-3000\/#breadcrumb","itemListElement":[{"@type":"ListItem","position":1,"name":"Home","item":"https:\/\/telemet.com\/es\/"},{"@type":"ListItem","position":2,"name":"Aebi-Schmidt De-icing","item":"https:\/\/telemet.com\/es\/de-icing\/"},{"@type":"ListItem","position":3,"name":"Aebi-Schmidt P 2000 \/ S 3000"}]},{"@type":"WebSite","@id":"https:\/\/telemet.com\/es\/#website","url":"https:\/\/telemet.com\/es\/","name":"Telemet, Inc.","description":"Efficiency through Simplicity","potentialAction":[{"@type":"SearchAction","target":{"@type":"EntryPoint","urlTemplate":"https:\/\/telemet.com\/es\/?s={search_term_string}"},"query-input":{"@type":"PropertyValueSpecification","valueRequired":true,"valueName":"search_term_string"}}],"inLanguage":"es-ES"}]}},"_links":{"self":[{"href":"https:\/\/telemet.com\/es\/wp-json\/wp\/v2\/pages\/7218","targetHints":{"allow":["GET"]}}],"collection":[{"href":"https:\/\/telemet.com\/es\/wp-json\/wp\/v2\/pages"}],"about":[{"href":"https:\/\/telemet.com\/es\/wp-json\/wp\/v2\/types\/page"}],"author":[{"embeddable":true,"href":"https:\/\/telemet.com\/es\/wp-json\/wp\/v2\/users\/1"}],"replies":[{"embeddable":true,"href":"https:\/\/telemet.com\/es\/wp-json\/wp\/v2\/comments?post=7218"}],"version-history":[{"count":3,"href":"https:\/\/telemet.com\/es\/wp-json\/wp\/v2\/pages\/7218\/revisions"}],"predecessor-version":[{"id":14110,"href":"https:\/\/telemet.com\/es\/wp-json\/wp\/v2\/pages\/7218\/revisions\/14110"}],"up":[{"embeddable":true,"href":"https:\/\/telemet.com\/es\/wp-json\/wp\/v2\/pages\/7078"}],"wp:attachment":[{"href":"https:\/\/telemet.com\/es\/wp-json\/wp\/v2\/media?parent=7218"}],"curies":[{"name":"wp","href":"https:\/\/api.w.org\/{rel}","templated":true}]}}