{"id":7233,"date":"2016-11-21T19:50:57","date_gmt":"2016-11-21T19:50:41","guid":{"rendered":"http:\/\/telemet.com\/es\/de-icing\/ash-cjs\/"},"modified":"2023-08-18T13:41:13","modified_gmt":"2023-08-18T13:41:13","slug":"ash-cjs","status":"publish","type":"page","link":"https:\/\/telemet.com\/es\/airport-technology\/ash-cjs\/","title":{"rendered":"Aebi-Schmidt CJS"},"content":{"rendered":"<div class=\"fusion-fullwidth fullwidth-box fusion-builder-row-1 nonhundred-percent-fullwidth non-hundred-percent-height-scrolling\" style=\"--awb-background-position:left top;--awb-border-radius-top-left:0px;--awb-border-radius-top-right:0px;--awb-border-radius-bottom-right:0px;--awb-border-radius-bottom-left:0px;--awb-padding-top:0px;--awb-padding-bottom:20px;--awb-border-sizes-top:0px;--awb-border-sizes-bottom:0px;--awb-flex-wrap:wrap;\" ><div class=\"fusion-builder-row fusion-row\"><div class=\"fusion-layout-column fusion_builder_column fusion-builder-column-0 fusion_builder_column_1_1 1_1 fusion-one-full fusion-column-first fusion-column-last fusion-column-no-min-height\" style=\"--awb-bg-size:cover;--awb-margin-top:0px;--awb-margin-bottom:0px;\"><div class=\"fusion-column-wrapper fusion-flex-column-wrapper-legacy\"><div class=\"fusion-image-element fusion-image-align-center in-legacy-container\" style=\"text-align:center;--awb-caption-title-font-family:var(--h2_typography-font-family);--awb-caption-title-font-weight:var(--h2_typography-font-weight);--awb-caption-title-font-style:var(--h2_typography-font-style);--awb-caption-title-size:var(--h2_typography-font-size);--awb-caption-title-transform:var(--h2_typography-text-transform);--awb-caption-title-line-height:var(--h2_typography-line-height);--awb-caption-title-letter-spacing:var(--h2_typography-letter-spacing);\"><div class=\"imageframe-align-center\"><span class=\" fusion-imageframe imageframe-none imageframe-1 hover-type-none\"><img decoding=\"async\" width=\"1200\" height=\"800\" title=\"schmidt_cjs_airport\" src=\"https:\/\/telemet.com\/wp-content\/uploads\/2016\/11\/schmidt_cjs_airport.jpg\" alt class=\"img-responsive wp-image-13957\" srcset=\"https:\/\/telemet.com\/wp-content\/uploads\/2016\/11\/schmidt_cjs_airport-200x133.jpg 200w, https:\/\/telemet.com\/wp-content\/uploads\/2016\/11\/schmidt_cjs_airport-400x267.jpg 400w, https:\/\/telemet.com\/wp-content\/uploads\/2016\/11\/schmidt_cjs_airport-600x400.jpg 600w, https:\/\/telemet.com\/wp-content\/uploads\/2016\/11\/schmidt_cjs_airport-800x533.jpg 800w, https:\/\/telemet.com\/wp-content\/uploads\/2016\/11\/schmidt_cjs_airport.jpg 1200w\" sizes=\"(max-width: 800px) 100vw, 1200px\" \/><\/span><\/div><\/div><div class=\"fusion-sep-clear\"><\/div><div class=\"fusion-separator fusion-full-width-sep\" style=\"margin-left: auto;margin-right: auto;margin-top:20px;width:100%;\"><\/div><div class=\"fusion-sep-clear\"><\/div><div class=\"fusion-align-block\"><a class=\"fusion-button button-flat button-xlarge button-default fusion-button-default button-1 fusion-button-default-span \" style=\"width:calc(100%);\" target=\"_blank\" rel=\"noopener noreferrer\" title=\"Download Brochure\" aria-label=\"Download Brochure\" href=\"\/wp-content\/uploads\/2016\/11\/ALX_CJS_EN_2016.pdf\"><span class=\"fusion-button-text awb-button__text awb-button__text--default\">Download Brochure (PDF)<\/span><i class=\" fa fa-file-pdf-o awb-button__icon awb-button__icon--default button-icon-right\" aria-hidden=\"true\"><\/i><\/a><\/div><div class=\"fusion-sep-clear\"><\/div><div class=\"fusion-separator fusion-full-width-sep\" style=\"margin-left: auto;margin-right: auto;margin-top:10px;width:100%;\"><\/div><div class=\"fusion-sep-clear\"><\/div><div class=\"fusion-align-block\"><a class=\"fusion-button button-flat button-xlarge button-default fusion-button-default button-2 fusion-button-default-span \" style=\"width:calc(100%);\" target=\"_blank\" rel=\"noopener noreferrer\" title=\"Download Brochure\" aria-label=\"Download Brochure\" href=\"\/wp-content\/uploads\/2016\/11\/BA_Airport_Jetsweeper.pdf\"><span class=\"fusion-button-text awb-button__text awb-button__text--default\">Airport Technology Brochure (PDF)<\/span><i class=\" fa fa-file-pdf-o awb-button__icon awb-button__icon--default button-icon-right\" aria-hidden=\"true\"><\/i><\/a><\/div><div class=\"fusion-sep-clear\"><\/div><div class=\"fusion-separator fusion-full-width-sep\" style=\"margin-left: auto;margin-right: auto;margin-top:20px;width:100%;\"><\/div><div class=\"fusion-sep-clear\"><\/div><div class=\"fusion-clearfix\"><\/div><\/div><\/div><div class=\"fusion-layout-column fusion_builder_column fusion-builder-column-1 fusion_builder_column_1_1 1_1 fusion-one-full fusion-column-first fusion-column-last fusion-column-no-min-height\" style=\"--awb-bg-size:cover;--awb-margin-top:0px;--awb-margin-bottom:0px;\"><div class=\"fusion-column-wrapper fusion-flex-column-wrapper-legacy\"><div class=\"fusion-video fusion-youtube\" style=\"--awb-max-width:800px;--awb-max-height:550px;\"><div class=\"video-shortcode\"><div class=\"fluid-width-video-wrapper\" style=\"padding-top:68.75%;\" ><iframe title=\"YouTube video player 1\" src=\"https:\/\/www.youtube.com\/embed\/-v7eqLYD2I0?wmode=transparent&autoplay=0\" width=\"800\" height=\"550\" allowfullscreen allow=\"autoplay; clipboard-write; encrypted-media; gyroscope; picture-in-picture;\"><\/iframe><\/div><\/div><\/div><div class=\"fusion-sep-clear\"><\/div><div class=\"fusion-separator fusion-full-width-sep\" style=\"margin-left: auto;margin-right: auto;margin-top:20px;width:100%;\"><\/div><div class=\"fusion-sep-clear\"><\/div><div class=\"fusion-text fusion-text-1\"><h3>Nueva Generaci\u00f3n &#8211; Rendimiento a trav\u00e9s del dise\u00f1o!<\/h3>\n<p>El nuevo CJS no s\u00f3lo se ha redise\u00f1ado por completo, se ha incrementado tambi\u00e9n la facilidad de mantenimiento, hemos integrado un nuevo motor auxiliar EUROMOT 4 y se ha realizado la adaptaci\u00f3n a los nuevos veh\u00edculos Euro 6. Una mejor accesibilidad a la bater\u00eda, hidr\u00e1ulica, u otros componentes internos son tambi\u00e9n una parte importante de la nueva serie,. Adem\u00e1s, un nuevo sistema de ventilaci\u00f3n impide ahora casi por completo las entrada de part\u00edculas finas de nieve .<br \/>\nLa cuchilla multi-secci\u00f3n CJS, limpia la nieve a izquierda o derecha con una cuchilla de desgaste de Vulkollan. Un conjunto de cepillos barredores son colocados bajo el bastidor y entre los ejes del veh\u00edculo y con su intensivo efecto barredor limpia cualquier resto de nieve despu\u00e9s de que la cuchilla ha pasado.<\/p>\n<p>Una gran cantidad de aire es soplado sobre el suelo desde la turbina trasera, para completar el proceso de limpieza y secar la superficie.<\/p>\n<p>La potencia necesaria para la turbina de gran rendimiento y para la unidad de barrido es provista mediante un motor diesel instalado junto con la transmisi\u00f3n, en el bastidor del veh\u00edculo debajo de un cobertor para absorber el ruido, que puede ser elevado verticalmente de forma hidr\u00e1ulica. El montaje se realiza en un chasis est\u00e1ndar con las modificaciones correspondientes.<\/p>\n<p>La barredora sopladora CJS, es una m\u00e1quina compacta de alto rendimiento que proporciona r\u00e1pida y econ\u00f3mica limpieza de nieve en las pistas.<\/p>\n<\/div><div class=\"fusion-clearfix\"><\/div><\/div><\/div><\/div><\/div>\n","protected":false},"excerpt":{"rendered":"","protected":false},"author":1,"featured_media":0,"parent":7269,"menu_order":0,"comment_status":"closed","ping_status":"closed","template":"side-navigation.php","meta":{"footnotes":""},"class_list":["post-7233","page","type-page","status-publish","hentry"],"yoast_head":"<!-- This site is optimized with the Yoast SEO plugin v26.2 - https:\/\/yoast.com\/wordpress\/plugins\/seo\/ -->\n<title>Aebi-Schmidt CJS - Telemet<\/title>\n<meta name=\"robots\" content=\"index, follow, max-snippet:-1, max-image-preview:large, max-video-preview:-1\" \/>\n<link rel=\"canonical\" href=\"https:\/\/telemet.com\/es\/airport-technology\/ash-cjs\/\" \/>\n<meta property=\"og:locale\" content=\"es_ES\" \/>\n<meta property=\"og:type\" content=\"article\" \/>\n<meta property=\"og:title\" content=\"Aebi-Schmidt CJS - Telemet\" \/>\n<meta property=\"og:url\" content=\"https:\/\/telemet.com\/es\/airport-technology\/ash-cjs\/\" \/>\n<meta property=\"og:site_name\" content=\"Telemet\" \/>\n<meta property=\"article:modified_time\" content=\"2023-08-18T13:41:13+00:00\" \/>\n<meta property=\"og:image\" content=\"https:\/\/telemet.com\/wp-content\/uploads\/2016\/11\/schmidt_cjs_airport.jpg\" \/>\n<meta name=\"twitter:card\" content=\"summary_large_image\" \/>\n<meta name=\"twitter:label1\" content=\"Tiempo de lectura\" \/>\n\t<meta name=\"twitter:data1\" content=\"4 minutes\" \/>\n<script type=\"application\/ld+json\" class=\"yoast-schema-graph\">{\"@context\":\"https:\/\/schema.org\",\"@graph\":[{\"@type\":\"WebPage\",\"@id\":\"https:\/\/telemet.com\/es\/airport-technology\/ash-cjs\/\",\"url\":\"https:\/\/telemet.com\/es\/airport-technology\/ash-cjs\/\",\"name\":\"Aebi-Schmidt CJS - Telemet\",\"isPartOf\":{\"@id\":\"https:\/\/telemet.com\/es\/#website\"},\"primaryImageOfPage\":{\"@id\":\"https:\/\/telemet.com\/es\/airport-technology\/ash-cjs\/#primaryimage\"},\"image\":{\"@id\":\"https:\/\/telemet.com\/es\/airport-technology\/ash-cjs\/#primaryimage\"},\"thumbnailUrl\":\"https:\/\/telemet.com\/wp-content\/uploads\/2016\/11\/schmidt_cjs_airport.jpg\",\"datePublished\":\"2016-11-21T19:50:41+00:00\",\"dateModified\":\"2023-08-18T13:41:13+00:00\",\"breadcrumb\":{\"@id\":\"https:\/\/telemet.com\/es\/airport-technology\/ash-cjs\/#breadcrumb\"},\"inLanguage\":\"es-ES\",\"potentialAction\":[{\"@type\":\"ReadAction\",\"target\":[\"https:\/\/telemet.com\/es\/airport-technology\/ash-cjs\/\"]}]},{\"@type\":\"ImageObject\",\"inLanguage\":\"es-ES\",\"@id\":\"https:\/\/telemet.com\/es\/airport-technology\/ash-cjs\/#primaryimage\",\"url\":\"https:\/\/telemet.com\/wp-content\/uploads\/2016\/11\/schmidt_cjs_airport.jpg\",\"contentUrl\":\"https:\/\/telemet.com\/wp-content\/uploads\/2016\/11\/schmidt_cjs_airport.jpg\"},{\"@type\":\"BreadcrumbList\",\"@id\":\"https:\/\/telemet.com\/es\/airport-technology\/ash-cjs\/#breadcrumb\",\"itemListElement\":[{\"@type\":\"ListItem\",\"position\":1,\"name\":\"Home\",\"item\":\"https:\/\/telemet.com\/es\/\"},{\"@type\":\"ListItem\",\"position\":2,\"name\":\"Airport technology\",\"item\":\"https:\/\/telemet.com\/es\/airport-technology\/\"},{\"@type\":\"ListItem\",\"position\":3,\"name\":\"Aebi-Schmidt CJS\"}]},{\"@type\":\"WebSite\",\"@id\":\"https:\/\/telemet.com\/es\/#website\",\"url\":\"https:\/\/telemet.com\/es\/\",\"name\":\"Telemet, Inc.\",\"description\":\"Efficiency through Simplicity\",\"potentialAction\":[{\"@type\":\"SearchAction\",\"target\":{\"@type\":\"EntryPoint\",\"urlTemplate\":\"https:\/\/telemet.com\/es\/?s={search_term_string}\"},\"query-input\":{\"@type\":\"PropertyValueSpecification\",\"valueRequired\":true,\"valueName\":\"search_term_string\"}}],\"inLanguage\":\"es-ES\"}]}<\/script>\n<!-- \/ Yoast SEO plugin. -->","yoast_head_json":{"title":"Aebi-Schmidt CJS - Telemet","robots":{"index":"index","follow":"follow","max-snippet":"max-snippet:-1","max-image-preview":"max-image-preview:large","max-video-preview":"max-video-preview:-1"},"canonical":"https:\/\/telemet.com\/es\/airport-technology\/ash-cjs\/","og_locale":"es_ES","og_type":"article","og_title":"Aebi-Schmidt CJS - Telemet","og_url":"https:\/\/telemet.com\/es\/airport-technology\/ash-cjs\/","og_site_name":"Telemet","article_modified_time":"2023-08-18T13:41:13+00:00","og_image":[{"url":"https:\/\/telemet.com\/wp-content\/uploads\/2016\/11\/schmidt_cjs_airport.jpg","type":"","width":"","height":""}],"twitter_card":"summary_large_image","twitter_misc":{"Tiempo de lectura":"4 minutes"},"schema":{"@context":"https:\/\/schema.org","@graph":[{"@type":"WebPage","@id":"https:\/\/telemet.com\/es\/airport-technology\/ash-cjs\/","url":"https:\/\/telemet.com\/es\/airport-technology\/ash-cjs\/","name":"Aebi-Schmidt CJS - Telemet","isPartOf":{"@id":"https:\/\/telemet.com\/es\/#website"},"primaryImageOfPage":{"@id":"https:\/\/telemet.com\/es\/airport-technology\/ash-cjs\/#primaryimage"},"image":{"@id":"https:\/\/telemet.com\/es\/airport-technology\/ash-cjs\/#primaryimage"},"thumbnailUrl":"https:\/\/telemet.com\/wp-content\/uploads\/2016\/11\/schmidt_cjs_airport.jpg","datePublished":"2016-11-21T19:50:41+00:00","dateModified":"2023-08-18T13:41:13+00:00","breadcrumb":{"@id":"https:\/\/telemet.com\/es\/airport-technology\/ash-cjs\/#breadcrumb"},"inLanguage":"es-ES","potentialAction":[{"@type":"ReadAction","target":["https:\/\/telemet.com\/es\/airport-technology\/ash-cjs\/"]}]},{"@type":"ImageObject","inLanguage":"es-ES","@id":"https:\/\/telemet.com\/es\/airport-technology\/ash-cjs\/#primaryimage","url":"https:\/\/telemet.com\/wp-content\/uploads\/2016\/11\/schmidt_cjs_airport.jpg","contentUrl":"https:\/\/telemet.com\/wp-content\/uploads\/2016\/11\/schmidt_cjs_airport.jpg"},{"@type":"BreadcrumbList","@id":"https:\/\/telemet.com\/es\/airport-technology\/ash-cjs\/#breadcrumb","itemListElement":[{"@type":"ListItem","position":1,"name":"Home","item":"https:\/\/telemet.com\/es\/"},{"@type":"ListItem","position":2,"name":"Airport technology","item":"https:\/\/telemet.com\/es\/airport-technology\/"},{"@type":"ListItem","position":3,"name":"Aebi-Schmidt CJS"}]},{"@type":"WebSite","@id":"https:\/\/telemet.com\/es\/#website","url":"https:\/\/telemet.com\/es\/","name":"Telemet, Inc.","description":"Efficiency through Simplicity","potentialAction":[{"@type":"SearchAction","target":{"@type":"EntryPoint","urlTemplate":"https:\/\/telemet.com\/es\/?s={search_term_string}"},"query-input":{"@type":"PropertyValueSpecification","valueRequired":true,"valueName":"search_term_string"}}],"inLanguage":"es-ES"}]}},"_links":{"self":[{"href":"https:\/\/telemet.com\/es\/wp-json\/wp\/v2\/pages\/7233","targetHints":{"allow":["GET"]}}],"collection":[{"href":"https:\/\/telemet.com\/es\/wp-json\/wp\/v2\/pages"}],"about":[{"href":"https:\/\/telemet.com\/es\/wp-json\/wp\/v2\/types\/page"}],"author":[{"embeddable":true,"href":"https:\/\/telemet.com\/es\/wp-json\/wp\/v2\/users\/1"}],"replies":[{"embeddable":true,"href":"https:\/\/telemet.com\/es\/wp-json\/wp\/v2\/comments?post=7233"}],"version-history":[{"count":3,"href":"https:\/\/telemet.com\/es\/wp-json\/wp\/v2\/pages\/7233\/revisions"}],"predecessor-version":[{"id":13955,"href":"https:\/\/telemet.com\/es\/wp-json\/wp\/v2\/pages\/7233\/revisions\/13955"}],"up":[{"embeddable":true,"href":"https:\/\/telemet.com\/es\/wp-json\/wp\/v2\/pages\/7269"}],"wp:attachment":[{"href":"https:\/\/telemet.com\/es\/wp-json\/wp\/v2\/media?parent=7233"}],"curies":[{"name":"wp","href":"https:\/\/api.w.org\/{rel}","templated":true}]}}