{"id":7258,"date":"2016-11-21T23:29:57","date_gmt":"2016-11-21T23:29:38","guid":{"rendered":"http:\/\/telemet.com\/es\/ash-ms\/"},"modified":"2023-08-18T13:43:38","modified_gmt":"2023-08-18T13:43:38","slug":"ash-ms","status":"publish","type":"page","link":"https:\/\/telemet.com\/es\/airport-technology\/ash-ms\/","title":{"rendered":"Aebi-Schmidt MS"},"content":{"rendered":"<div class=\"fusion-fullwidth fullwidth-box fusion-builder-row-1 nonhundred-percent-fullwidth non-hundred-percent-height-scrolling\" style=\"--awb-background-position:left top;--awb-border-radius-top-left:0px;--awb-border-radius-top-right:0px;--awb-border-radius-bottom-right:0px;--awb-border-radius-bottom-left:0px;--awb-padding-top:0px;--awb-padding-bottom:20px;--awb-border-sizes-top:0px;--awb-border-sizes-bottom:0px;--awb-flex-wrap:wrap;\" ><div class=\"fusion-builder-row fusion-row\"><div class=\"fusion-layout-column fusion_builder_column fusion-builder-column-0 fusion_builder_column_1_1 1_1 fusion-one-full fusion-column-first fusion-column-last fusion-column-no-min-height\" style=\"--awb-bg-size:cover;--awb-margin-top:0px;--awb-margin-bottom:0px;\"><div class=\"fusion-column-wrapper fusion-flex-column-wrapper-legacy\"><div class=\"fusion-image-element fusion-image-align-center in-legacy-container\" style=\"text-align:center;--awb-caption-title-font-family:var(--h2_typography-font-family);--awb-caption-title-font-weight:var(--h2_typography-font-weight);--awb-caption-title-font-style:var(--h2_typography-font-style);--awb-caption-title-size:var(--h2_typography-font-size);--awb-caption-title-transform:var(--h2_typography-text-transform);--awb-caption-title-line-height:var(--h2_typography-line-height);--awb-caption-title-letter-spacing:var(--h2_typography-letter-spacing);\"><div class=\"imageframe-align-center\"><span class=\" fusion-imageframe imageframe-none imageframe-1 hover-type-none\"><img decoding=\"async\" width=\"1200\" height=\"800\" title=\"ms_72\" src=\"https:\/\/telemet.com\/wp-content\/uploads\/2016\/11\/MS_72.gif\" alt class=\"img-responsive wp-image-13995\"\/><\/span><\/div><\/div><div class=\"fusion-sep-clear\"><\/div><div class=\"fusion-separator fusion-full-width-sep\" style=\"margin-left: auto;margin-right: auto;margin-top:20px;width:100%;\"><\/div><div class=\"fusion-sep-clear\"><\/div><div class=\"fusion-align-block\"><a class=\"fusion-button button-flat button-xlarge button-default fusion-button-default button-1 fusion-button-default-span \" style=\"width:calc(100%);\" target=\"_blank\" rel=\"noopener noreferrer\" title=\"Download Brochure\" aria-label=\"Download Brochure\" href=\"\/wp-content\/uploads\/2016\/11\/LA_MS_en_2015.pdf\"><span class=\"fusion-button-text awb-button__text awb-button__text--default\">Download Brochure (PDF)<\/span><i class=\" fa fa-file-pdf-o awb-button__icon awb-button__icon--default button-icon-right\" aria-hidden=\"true\"><\/i><\/a><\/div><div class=\"fusion-sep-clear\"><\/div><div class=\"fusion-separator fusion-full-width-sep\" style=\"margin-left: auto;margin-right: auto;margin-top:10px;width:100%;\"><\/div><div class=\"fusion-sep-clear\"><\/div><div class=\"fusion-text fusion-text-1\"><h3>Cuchilla quitanieves para aeropuertos<\/h3>\n<p>Las cuchillas quitanieves de la serie MS han sido desarrolladas espec\u00edficamente para la eliminaci\u00f3n r\u00e1pida y libre de residuos de nieve en pistas de despegue, de rodaje y en zonas de aparcamiento de aeronaves de los aeropuertos. Su innovador sistema de superaci\u00f3n de obst\u00e1culos la permite superar con facilidad los obst\u00e1culos de la pista, tales como irregularidades en el hormig\u00f3n o luces de la pista.<\/p>\n<h3>El dise\u00f1o<\/h3>\n<p>Las cuchillas quitanieves de la serie MS son quitanieves multicuchilla especiales con niveles altos y bajos de cuchillas que est\u00e1n basados en el exitoso modelo Tarron de cuchillas quitanieves. Cada secci\u00f3n tiene una anchura de 800 mm y este hecho hace que la cuchilla sea f\u00e1cilmente adaptable a la superficie a limpiar. Dependiendo de la longitud de la cuchilla de desgaste que va desde 4800 mm a 8000 mm, las cuchillas quitanieves del tipo MS constan de de seis a diez secciones, cada una de ellas equipada con un borde especial de limpieza de tipo Vulkollan. En la opci\u00f3n de altura de pala reducida, cada cuchilla quitanieves de la serie MS es 220 mm m\u00e1s baja en su parte izquierda, central y derecha. La forma de la cuchilla de limpieza ha sido dise\u00f1ada para expulsar la nieve lejos incluso a una baja velocidad de alimentaci\u00f3n; el \u00e1ngulo de ajuste es de 45\u00b0. Esto hace que el modelo MS resulte adecuado para limpieza en formaci\u00f3n. Una fina cuchilla terminal opcional elimina cualquier nieve restante y reduce la necesidad de empleo de agentes descongelantes.<\/p>\n<h3>Limpieza de nieve libre de residuos<\/h3>\n<p>Adem\u00e1s, la cuchilla quitanieves MS con pala de baja altura se puede equipar con un bloqueo de eyecci\u00f3n. Este elemento evita la deposici\u00f3n no deseada de nieve en las zonas sensibles de la plataforma del campo de aviaci\u00f3n. Los dos segmentos de accionamiento hidr\u00e1ulico y ajustables de forma continua pueden funcionar por separado o simult\u00e1neamente. Tambi\u00e9n se garantiza un alto grado de visibilidad cuando el bloqueo de eyecci\u00f3n se encuentra plegado. El sellado completo entre la pala de la cuchilla y el bloqueo de eyecci\u00f3n garantiza una limpieza libre de residuos.<\/p>\n<h3>Alto grado de maniobrabilidad<\/h3>\n<p>Las cuchillas quitanieves modelos MS 72.1 y 80.1 tambi\u00e9n est\u00e1n disponibles con las secciones exteriores plegadas (MS 72.1 K y 80.1 K), lo que reduce el ancho de paso a 4560 mm y 4860 mm, respectivamente. Este hecho aumenta la capacidad de maniobra y le permite llegar a su destino sin dificultad. Debido al control autom\u00e1tico de posici\u00f3n de la cuchilla, el operador cuenta con la garant\u00eda adicional de evitar errores de funcionamiento durante la limpieza.<\/p>\n<h3>Limpieza de alta calidad<\/h3>\n<p>Las cuchillas quitanieves de la serie MS especial, han sido dise\u00f1adas para limpieza de alta calidad. Cada cuchilla se mantiene en su posici\u00f3n mediante dos resortes reforzados y el segmento exterior de la cuchilla cuenta incluso con tres muelles. Los segmentos de la cuchilla tienen una anchura de 800 mm. Esto implica que solo se produce una peque\u00f1a aceleraci\u00f3n cuando se superan obst\u00e1culos. Como consecuencia de ello, ni la cuchilla quitanieves ni los obst\u00e1culos sufren ning\u00fan da\u00f1o.<\/p>\n<h3>Funcionamiento seguro<\/h3>\n<p>El mecanismo de elevaci\u00f3n paralelo preciso para subir y bajar, as\u00ed como girar la cuchilla quitanieves MS no s\u00f3lo logra una considerable distancia al suelo durante su transporte, si no que tambi\u00e9n permite un giro libre de tensiones y un frontal corto. El elemento de la unidad hidr\u00e1ulica, aumenta adicionalmente la capacidad de maniobra.<\/p>\n<\/div><div class=\"fusion-clearfix\"><\/div><\/div><\/div><\/div><\/div>\n","protected":false},"excerpt":{"rendered":"","protected":false},"author":1,"featured_media":0,"parent":7269,"menu_order":3,"comment_status":"closed","ping_status":"closed","template":"side-navigation.php","meta":{"footnotes":""},"class_list":["post-7258","page","type-page","status-publish","hentry"],"yoast_head":"<!-- This site is optimized with the Yoast SEO plugin v26.2 - https:\/\/yoast.com\/wordpress\/plugins\/seo\/ -->\n<title>Aebi-Schmidt MS - Telemet<\/title>\n<meta name=\"robots\" content=\"index, follow, max-snippet:-1, max-image-preview:large, max-video-preview:-1\" \/>\n<link rel=\"canonical\" href=\"https:\/\/telemet.com\/es\/airport-technology\/ash-ms\/\" \/>\n<meta property=\"og:locale\" content=\"es_ES\" \/>\n<meta property=\"og:type\" content=\"article\" \/>\n<meta property=\"og:title\" content=\"Aebi-Schmidt MS - Telemet\" \/>\n<meta property=\"og:url\" content=\"https:\/\/telemet.com\/es\/airport-technology\/ash-ms\/\" \/>\n<meta property=\"og:site_name\" content=\"Telemet\" \/>\n<meta property=\"article:modified_time\" content=\"2023-08-18T13:43:38+00:00\" \/>\n<meta property=\"og:image\" content=\"https:\/\/telemet.com\/wp-content\/uploads\/2016\/11\/MS_72.gif\" \/>\n<meta name=\"twitter:card\" content=\"summary_large_image\" \/>\n<meta name=\"twitter:label1\" content=\"Tiempo de lectura\" \/>\n\t<meta name=\"twitter:data1\" content=\"4 minutes\" \/>\n<script type=\"application\/ld+json\" class=\"yoast-schema-graph\">{\"@context\":\"https:\/\/schema.org\",\"@graph\":[{\"@type\":\"WebPage\",\"@id\":\"https:\/\/telemet.com\/es\/airport-technology\/ash-ms\/\",\"url\":\"https:\/\/telemet.com\/es\/airport-technology\/ash-ms\/\",\"name\":\"Aebi-Schmidt MS - Telemet\",\"isPartOf\":{\"@id\":\"https:\/\/telemet.com\/es\/#website\"},\"primaryImageOfPage\":{\"@id\":\"https:\/\/telemet.com\/es\/airport-technology\/ash-ms\/#primaryimage\"},\"image\":{\"@id\":\"https:\/\/telemet.com\/es\/airport-technology\/ash-ms\/#primaryimage\"},\"thumbnailUrl\":\"https:\/\/telemet.com\/wp-content\/uploads\/2016\/11\/MS_72.gif\",\"datePublished\":\"2016-11-21T23:29:38+00:00\",\"dateModified\":\"2023-08-18T13:43:38+00:00\",\"breadcrumb\":{\"@id\":\"https:\/\/telemet.com\/es\/airport-technology\/ash-ms\/#breadcrumb\"},\"inLanguage\":\"es-ES\",\"potentialAction\":[{\"@type\":\"ReadAction\",\"target\":[\"https:\/\/telemet.com\/es\/airport-technology\/ash-ms\/\"]}]},{\"@type\":\"ImageObject\",\"inLanguage\":\"es-ES\",\"@id\":\"https:\/\/telemet.com\/es\/airport-technology\/ash-ms\/#primaryimage\",\"url\":\"https:\/\/telemet.com\/wp-content\/uploads\/2016\/11\/MS_72.gif\",\"contentUrl\":\"https:\/\/telemet.com\/wp-content\/uploads\/2016\/11\/MS_72.gif\"},{\"@type\":\"BreadcrumbList\",\"@id\":\"https:\/\/telemet.com\/es\/airport-technology\/ash-ms\/#breadcrumb\",\"itemListElement\":[{\"@type\":\"ListItem\",\"position\":1,\"name\":\"Home\",\"item\":\"https:\/\/telemet.com\/es\/\"},{\"@type\":\"ListItem\",\"position\":2,\"name\":\"Airport technology\",\"item\":\"https:\/\/telemet.com\/es\/airport-technology\/\"},{\"@type\":\"ListItem\",\"position\":3,\"name\":\"Aebi-Schmidt MS\"}]},{\"@type\":\"WebSite\",\"@id\":\"https:\/\/telemet.com\/es\/#website\",\"url\":\"https:\/\/telemet.com\/es\/\",\"name\":\"Telemet, Inc.\",\"description\":\"Efficiency through Simplicity\",\"potentialAction\":[{\"@type\":\"SearchAction\",\"target\":{\"@type\":\"EntryPoint\",\"urlTemplate\":\"https:\/\/telemet.com\/es\/?s={search_term_string}\"},\"query-input\":{\"@type\":\"PropertyValueSpecification\",\"valueRequired\":true,\"valueName\":\"search_term_string\"}}],\"inLanguage\":\"es-ES\"}]}<\/script>\n<!-- \/ Yoast SEO plugin. -->","yoast_head_json":{"title":"Aebi-Schmidt MS - Telemet","robots":{"index":"index","follow":"follow","max-snippet":"max-snippet:-1","max-image-preview":"max-image-preview:large","max-video-preview":"max-video-preview:-1"},"canonical":"https:\/\/telemet.com\/es\/airport-technology\/ash-ms\/","og_locale":"es_ES","og_type":"article","og_title":"Aebi-Schmidt MS - Telemet","og_url":"https:\/\/telemet.com\/es\/airport-technology\/ash-ms\/","og_site_name":"Telemet","article_modified_time":"2023-08-18T13:43:38+00:00","og_image":[{"url":"https:\/\/telemet.com\/wp-content\/uploads\/2016\/11\/MS_72.gif","type":"","width":"","height":""}],"twitter_card":"summary_large_image","twitter_misc":{"Tiempo de lectura":"4 minutes"},"schema":{"@context":"https:\/\/schema.org","@graph":[{"@type":"WebPage","@id":"https:\/\/telemet.com\/es\/airport-technology\/ash-ms\/","url":"https:\/\/telemet.com\/es\/airport-technology\/ash-ms\/","name":"Aebi-Schmidt MS - Telemet","isPartOf":{"@id":"https:\/\/telemet.com\/es\/#website"},"primaryImageOfPage":{"@id":"https:\/\/telemet.com\/es\/airport-technology\/ash-ms\/#primaryimage"},"image":{"@id":"https:\/\/telemet.com\/es\/airport-technology\/ash-ms\/#primaryimage"},"thumbnailUrl":"https:\/\/telemet.com\/wp-content\/uploads\/2016\/11\/MS_72.gif","datePublished":"2016-11-21T23:29:38+00:00","dateModified":"2023-08-18T13:43:38+00:00","breadcrumb":{"@id":"https:\/\/telemet.com\/es\/airport-technology\/ash-ms\/#breadcrumb"},"inLanguage":"es-ES","potentialAction":[{"@type":"ReadAction","target":["https:\/\/telemet.com\/es\/airport-technology\/ash-ms\/"]}]},{"@type":"ImageObject","inLanguage":"es-ES","@id":"https:\/\/telemet.com\/es\/airport-technology\/ash-ms\/#primaryimage","url":"https:\/\/telemet.com\/wp-content\/uploads\/2016\/11\/MS_72.gif","contentUrl":"https:\/\/telemet.com\/wp-content\/uploads\/2016\/11\/MS_72.gif"},{"@type":"BreadcrumbList","@id":"https:\/\/telemet.com\/es\/airport-technology\/ash-ms\/#breadcrumb","itemListElement":[{"@type":"ListItem","position":1,"name":"Home","item":"https:\/\/telemet.com\/es\/"},{"@type":"ListItem","position":2,"name":"Airport technology","item":"https:\/\/telemet.com\/es\/airport-technology\/"},{"@type":"ListItem","position":3,"name":"Aebi-Schmidt MS"}]},{"@type":"WebSite","@id":"https:\/\/telemet.com\/es\/#website","url":"https:\/\/telemet.com\/es\/","name":"Telemet, Inc.","description":"Efficiency through Simplicity","potentialAction":[{"@type":"SearchAction","target":{"@type":"EntryPoint","urlTemplate":"https:\/\/telemet.com\/es\/?s={search_term_string}"},"query-input":{"@type":"PropertyValueSpecification","valueRequired":true,"valueName":"search_term_string"}}],"inLanguage":"es-ES"}]}},"_links":{"self":[{"href":"https:\/\/telemet.com\/es\/wp-json\/wp\/v2\/pages\/7258","targetHints":{"allow":["GET"]}}],"collection":[{"href":"https:\/\/telemet.com\/es\/wp-json\/wp\/v2\/pages"}],"about":[{"href":"https:\/\/telemet.com\/es\/wp-json\/wp\/v2\/types\/page"}],"author":[{"embeddable":true,"href":"https:\/\/telemet.com\/es\/wp-json\/wp\/v2\/users\/1"}],"replies":[{"embeddable":true,"href":"https:\/\/telemet.com\/es\/wp-json\/wp\/v2\/comments?post=7258"}],"version-history":[{"count":3,"href":"https:\/\/telemet.com\/es\/wp-json\/wp\/v2\/pages\/7258\/revisions"}],"predecessor-version":[{"id":13993,"href":"https:\/\/telemet.com\/es\/wp-json\/wp\/v2\/pages\/7258\/revisions\/13993"}],"up":[{"embeddable":true,"href":"https:\/\/telemet.com\/es\/wp-json\/wp\/v2\/pages\/7269"}],"wp:attachment":[{"href":"https:\/\/telemet.com\/es\/wp-json\/wp\/v2\/media?parent=7258"}],"curies":[{"name":"wp","href":"https:\/\/api.w.org\/{rel}","templated":true}]}}