{"id":7275,"date":"2016-11-22T00:04:57","date_gmt":"2016-11-22T00:04:30","guid":{"rendered":"http:\/\/telemet.com\/es\/airport-technology\/ash-supra-4002\/"},"modified":"2023-08-18T13:45:14","modified_gmt":"2023-08-18T13:45:14","slug":"ash-supra-4002","status":"publish","type":"page","link":"https:\/\/telemet.com\/es\/airport-technology\/ash-supra-4002\/","title":{"rendered":"Aebi-Schmidt Supra 4002"},"content":{"rendered":"<div class=\"fusion-fullwidth fullwidth-box fusion-builder-row-1 nonhundred-percent-fullwidth non-hundred-percent-height-scrolling\" style=\"--awb-background-position:left top;--awb-border-radius-top-left:0px;--awb-border-radius-top-right:0px;--awb-border-radius-bottom-right:0px;--awb-border-radius-bottom-left:0px;--awb-padding-top:0px;--awb-padding-bottom:20px;--awb-border-sizes-top:0px;--awb-border-sizes-bottom:0px;--awb-flex-wrap:wrap;\" ><div class=\"fusion-builder-row fusion-row\"><div class=\"fusion-layout-column fusion_builder_column fusion-builder-column-0 fusion_builder_column_1_1 1_1 fusion-one-full fusion-column-first fusion-column-last fusion-column-no-min-height\" style=\"--awb-bg-size:cover;--awb-margin-top:0px;--awb-margin-bottom:0px;\"><div class=\"fusion-column-wrapper fusion-flex-column-wrapper-legacy\"><div class=\"fusion-image-element fusion-image-align-center in-legacy-container\" style=\"text-align:center;--awb-caption-title-font-family:var(--h2_typography-font-family);--awb-caption-title-font-weight:var(--h2_typography-font-weight);--awb-caption-title-font-style:var(--h2_typography-font-style);--awb-caption-title-size:var(--h2_typography-font-size);--awb-caption-title-transform:var(--h2_typography-text-transform);--awb-caption-title-line-height:var(--h2_typography-line-height);--awb-caption-title-letter-spacing:var(--h2_typography-letter-spacing);\"><div class=\"imageframe-align-center\"><span class=\" fusion-imageframe imageframe-none imageframe-1 hover-type-none\"><img decoding=\"async\" width=\"900\" height=\"599\" title=\"schmidt_supra_4002\" src=\"https:\/\/telemet.com\/wp-content\/uploads\/2016\/11\/Schmidt_Supra_4002.jpg\" alt class=\"img-responsive wp-image-14017\" srcset=\"https:\/\/telemet.com\/wp-content\/uploads\/2016\/11\/Schmidt_Supra_4002-200x133.jpg 200w, https:\/\/telemet.com\/wp-content\/uploads\/2016\/11\/Schmidt_Supra_4002-400x266.jpg 400w, https:\/\/telemet.com\/wp-content\/uploads\/2016\/11\/Schmidt_Supra_4002-600x399.jpg 600w, https:\/\/telemet.com\/wp-content\/uploads\/2016\/11\/Schmidt_Supra_4002-800x532.jpg 800w, https:\/\/telemet.com\/wp-content\/uploads\/2016\/11\/Schmidt_Supra_4002.jpg 900w\" sizes=\"(max-width: 800px) 100vw, 900px\" \/><\/span><\/div><\/div><div class=\"fusion-sep-clear\"><\/div><div class=\"fusion-separator fusion-full-width-sep\" style=\"margin-left: auto;margin-right: auto;margin-top:20px;width:100%;\"><\/div><div class=\"fusion-sep-clear\"><\/div><div class=\"fusion-align-block\"><a class=\"fusion-button button-flat button-xlarge button-default fusion-button-default button-1 fusion-button-default-span \" style=\"width:calc(100%);\" target=\"_blank\" rel=\"noopener noreferrer\" title=\"Download Brochure\" aria-label=\"Download Brochure\" href=\"\/wp-content\/uploads\/2016\/11\/LA_SUPRA4002_5002.pdf\"><span class=\"fusion-button-text awb-button__text awb-button__text--default\">Download Brochure (PDF)<\/span><i class=\" fa fa-file-pdf-o awb-button__icon awb-button__icon--default button-icon-right\" aria-hidden=\"true\"><\/i><\/a><\/div><div class=\"fusion-sep-clear\"><\/div><div class=\"fusion-separator fusion-full-width-sep\" style=\"margin-left: auto;margin-right: auto;margin-top:10px;width:100%;\"><\/div><div class=\"fusion-sep-clear\"><\/div><div class=\"fusion-clearfix\"><\/div><\/div><\/div><div class=\"fusion-layout-column fusion_builder_column fusion-builder-column-1 fusion_builder_column_1_1 1_1 fusion-one-full fusion-column-first fusion-column-last fusion-column-no-min-height\" style=\"--awb-bg-size:cover;--awb-margin-top:0px;--awb-margin-bottom:0px;\"><div class=\"fusion-column-wrapper fusion-flex-column-wrapper-legacy\"><div class=\"fusion-video fusion-youtube\" style=\"--awb-max-width:800px;--awb-max-height:550px;\"><div class=\"video-shortcode\"><div class=\"fluid-width-video-wrapper\" style=\"padding-top:68.75%;\" ><iframe title=\"YouTube video player 1\" src=\"https:\/\/www.youtube.com\/embed\/Gk3CVXWvppU?wmode=transparent&autoplay=0\" width=\"800\" height=\"550\" allowfullscreen allow=\"autoplay; clipboard-write; encrypted-media; gyroscope; picture-in-picture;\"><\/iframe><\/div><\/div><\/div><div class=\"fusion-sep-clear\"><\/div><div class=\"fusion-separator fusion-full-width-sep\" style=\"margin-left: auto;margin-right: auto;margin-top:10px;width:100%;\"><\/div><div class=\"fusion-sep-clear\"><\/div><div class=\"fusion-text fusion-text-1\"><h3>Turbo-fresadora de nieve para aeropuertos<\/h3>\n<p>Turbo-fresadora de nieve Supra 4002: M\u00e1s prestaciones y comodidad en un nuevo dise\u00f1o<br \/>\nLa Supra 4002 es uno de nuestras turbo-fresadoras de \u00faltima generaci\u00f3n. Al igual que sus predecesoras, ha sido dise\u00f1ada para asumir toda la gama de tareas de eliminaci\u00f3n de nieve en, rampas y pistas de despegue y rodadura, y ahora se ha mejorado con caracter\u00edsticas importantes y un nuevo dise\u00f1o. Adem\u00e1s de las mejoras ergon\u00f3micas, esta m\u00e1quina destaca por su estructura articulada de acero y su transmisi\u00f3n inteligente de potencia que garantiza una elevada capacidad de limpieza incluso cuando el veh\u00edculo est\u00e9 tomando una curva.<\/p>\n<h3>Nueva inteligencia en la tecnolog\u00eda, nueva eficiencia en sus resultados<\/h3>\n<p>La unidad de accionamiento de la cabeza de limpieza reversible se integra directamente en la propia cabeza de limpieza, convirtiendo en superfluo al eje de transmisi\u00f3n: Como consecuencia, es considerablemente m\u00e1s resistente al desgaste que sus predecesores. La potente unidad de limpieza de nieve de doble bloque incorpora un tambor de corte y una turbina sopladora que permite eyectar la nieve hasta distancias muy elevadas. La capacidad del dep\u00f3sito de combustible de 530 litros proporciona hasta 8 horas de funcionamiento ininterrumpido. Adem\u00e1s, su dise\u00f1o tambi\u00e9n permite cambiar r\u00e1pidamente entre ruedas y orugas. El motor ofrece unas prestaciones respetuosas con el medio ambiente de acuerdo con las normas de emisiones europeas Euromot IIIB &#8211; funcionando con gran eficiencia de combustible y produciendo un nivel de ruido bajo (marchas eco-transporte).<\/p>\n<h3>\u00a1M\u00e1xima potencia incluso dando curvas!<\/h3>\n<p>El chasis est\u00e1 equipado con una direcci\u00f3n de bastidor articulado flexible, que permite un \u00e1ngulo de giro de hasta 35\u00b0. De esta forma, la potencia m\u00e1xima de alimentaci\u00f3n se transmite en cualquier maniobra en direcci\u00f3n de la marcha a la cabeza de limpieza &#8211; junto con un guiado preciso del veh\u00edculo siguiendo la ruta de la cabeza de limpieza, \u00a1incluso, resulta posible tomar curvas cerradas sobre nieve dura! Durante las operaciones, se puede efectuar un ajuste continuo de la velocidad mediante una bomba de caudal variable y un motor variable. De esta forma, el motor de la unidad tendr\u00e1 siempre una velocidad de rotaci\u00f3n constante, lo que elimina cualquier potencial ca\u00edda del rendimiento.<\/p>\n<h3>Eliminaci\u00f3n precisa y r\u00e1pida de nieve<\/h3>\n<p>El modelo Supra 4002 eyecta con precisi\u00f3n la nieve a una distancia m\u00e1xima de hasta 40 metros, a la izquierda o a la derecha. Gracias a su conducto regulable de forma individual y a la carcasa del soplador accionada hidr\u00e1ulicamente, la distancia de expulsi\u00f3n se puede ajustar de manera continua desde un m\u00ednimo a un m\u00e1ximo, incluso a plena carga. Nuestras m\u00e1quinas son capaces de limpiar hasta 3500 t\/h, a una velocidad de funcionamiento de hasta 40 km\/h. Como consecuencia, si necesita transportar nieve contaminada con material de descongelaci\u00f3n, tambi\u00e9n ser\u00e1 posible cargar camiones con facilidad en r\u00e1pida sucesi\u00f3n &#8211; la cabina del operador regulable en altura proporciona siempre una visibilidad despejada.<\/p>\n<h3>Un entorno de trabajo de vanguardia que querr\u00e1 utilizar<\/h3>\n<p>Tambi\u00e9n hemos mejorado en gran medida la comodidad de funcionamiento de la m\u00e1quina. Esto incluye un dise\u00f1o l\u00f3gico y ergon\u00f3mico de los componentes funcionales que incluyen una pantalla TFT a color, un panel de control central para poder manejar con una sola mano la cabeza de limpieza, una excelente visibilidad integral, un parabrisas con \u00e1ngulo negativo de inclinaci\u00f3n para evitar la acumulaci\u00f3n de nieve, y una cabina de conducci\u00f3n de 2 asientos que absorbe la vibraci\u00f3n y el ruido dej\u00e1ndolo por debajo de 70 dB &#8211; medido durante las operaciones de eliminaci\u00f3n de nieve con la cabeza de limpieza. Adem\u00e1s, hay detalles tales como el parabrisas y las ventanillas laterales calentadas el\u00e9ctricamente, espejos exteriores calefactables, volante a la derecha, asientos de muelle con amortiguaci\u00f3n y ajustables, y mucho m\u00e1s. El nuevo modelo Supra 4002 &#8211; facilita al m\u00e1ximo el soplado de nieve.<\/p>\n<\/div><div class=\"fusion-clearfix\"><\/div><\/div><\/div><\/div><\/div>\n","protected":false},"excerpt":{"rendered":"","protected":false},"author":1,"featured_media":0,"parent":7269,"menu_order":5,"comment_status":"closed","ping_status":"closed","template":"side-navigation.php","meta":{"footnotes":""},"class_list":["post-7275","page","type-page","status-publish","hentry"],"yoast_head":"<!-- This site is optimized with the Yoast SEO plugin v26.2 - https:\/\/yoast.com\/wordpress\/plugins\/seo\/ -->\n<title>Aebi-Schmidt Supra 4002 - Telemet<\/title>\n<meta name=\"robots\" content=\"index, follow, max-snippet:-1, max-image-preview:large, max-video-preview:-1\" \/>\n<link rel=\"canonical\" href=\"https:\/\/telemet.com\/es\/airport-technology\/ash-supra-4002\/\" \/>\n<meta property=\"og:locale\" content=\"es_ES\" \/>\n<meta property=\"og:type\" content=\"article\" \/>\n<meta property=\"og:title\" content=\"Aebi-Schmidt Supra 4002 - Telemet\" \/>\n<meta property=\"og:url\" content=\"https:\/\/telemet.com\/es\/airport-technology\/ash-supra-4002\/\" \/>\n<meta property=\"og:site_name\" content=\"Telemet\" \/>\n<meta property=\"article:modified_time\" content=\"2023-08-18T13:45:14+00:00\" \/>\n<meta property=\"og:image\" content=\"https:\/\/telemet.com\/wp-content\/uploads\/2016\/11\/Schmidt_Supra_4002.jpg\" \/>\n<meta name=\"twitter:card\" content=\"summary_large_image\" \/>\n<meta name=\"twitter:label1\" content=\"Tiempo de lectura\" \/>\n\t<meta name=\"twitter:data1\" content=\"5 minutes\" \/>\n<script type=\"application\/ld+json\" class=\"yoast-schema-graph\">{\"@context\":\"https:\/\/schema.org\",\"@graph\":[{\"@type\":\"WebPage\",\"@id\":\"https:\/\/telemet.com\/es\/airport-technology\/ash-supra-4002\/\",\"url\":\"https:\/\/telemet.com\/es\/airport-technology\/ash-supra-4002\/\",\"name\":\"Aebi-Schmidt Supra 4002 - Telemet\",\"isPartOf\":{\"@id\":\"https:\/\/telemet.com\/es\/#website\"},\"primaryImageOfPage\":{\"@id\":\"https:\/\/telemet.com\/es\/airport-technology\/ash-supra-4002\/#primaryimage\"},\"image\":{\"@id\":\"https:\/\/telemet.com\/es\/airport-technology\/ash-supra-4002\/#primaryimage\"},\"thumbnailUrl\":\"https:\/\/telemet.com\/wp-content\/uploads\/2016\/11\/Schmidt_Supra_4002.jpg\",\"datePublished\":\"2016-11-22T00:04:30+00:00\",\"dateModified\":\"2023-08-18T13:45:14+00:00\",\"breadcrumb\":{\"@id\":\"https:\/\/telemet.com\/es\/airport-technology\/ash-supra-4002\/#breadcrumb\"},\"inLanguage\":\"es-ES\",\"potentialAction\":[{\"@type\":\"ReadAction\",\"target\":[\"https:\/\/telemet.com\/es\/airport-technology\/ash-supra-4002\/\"]}]},{\"@type\":\"ImageObject\",\"inLanguage\":\"es-ES\",\"@id\":\"https:\/\/telemet.com\/es\/airport-technology\/ash-supra-4002\/#primaryimage\",\"url\":\"https:\/\/telemet.com\/wp-content\/uploads\/2016\/11\/Schmidt_Supra_4002.jpg\",\"contentUrl\":\"https:\/\/telemet.com\/wp-content\/uploads\/2016\/11\/Schmidt_Supra_4002.jpg\"},{\"@type\":\"BreadcrumbList\",\"@id\":\"https:\/\/telemet.com\/es\/airport-technology\/ash-supra-4002\/#breadcrumb\",\"itemListElement\":[{\"@type\":\"ListItem\",\"position\":1,\"name\":\"Home\",\"item\":\"https:\/\/telemet.com\/es\/\"},{\"@type\":\"ListItem\",\"position\":2,\"name\":\"Airport technology\",\"item\":\"https:\/\/telemet.com\/es\/airport-technology\/\"},{\"@type\":\"ListItem\",\"position\":3,\"name\":\"Aebi-Schmidt Supra 4002\"}]},{\"@type\":\"WebSite\",\"@id\":\"https:\/\/telemet.com\/es\/#website\",\"url\":\"https:\/\/telemet.com\/es\/\",\"name\":\"Telemet, Inc.\",\"description\":\"Efficiency through Simplicity\",\"potentialAction\":[{\"@type\":\"SearchAction\",\"target\":{\"@type\":\"EntryPoint\",\"urlTemplate\":\"https:\/\/telemet.com\/es\/?s={search_term_string}\"},\"query-input\":{\"@type\":\"PropertyValueSpecification\",\"valueRequired\":true,\"valueName\":\"search_term_string\"}}],\"inLanguage\":\"es-ES\"}]}<\/script>\n<!-- \/ Yoast SEO plugin. -->","yoast_head_json":{"title":"Aebi-Schmidt Supra 4002 - Telemet","robots":{"index":"index","follow":"follow","max-snippet":"max-snippet:-1","max-image-preview":"max-image-preview:large","max-video-preview":"max-video-preview:-1"},"canonical":"https:\/\/telemet.com\/es\/airport-technology\/ash-supra-4002\/","og_locale":"es_ES","og_type":"article","og_title":"Aebi-Schmidt Supra 4002 - Telemet","og_url":"https:\/\/telemet.com\/es\/airport-technology\/ash-supra-4002\/","og_site_name":"Telemet","article_modified_time":"2023-08-18T13:45:14+00:00","og_image":[{"url":"https:\/\/telemet.com\/wp-content\/uploads\/2016\/11\/Schmidt_Supra_4002.jpg","type":"","width":"","height":""}],"twitter_card":"summary_large_image","twitter_misc":{"Tiempo de lectura":"5 minutes"},"schema":{"@context":"https:\/\/schema.org","@graph":[{"@type":"WebPage","@id":"https:\/\/telemet.com\/es\/airport-technology\/ash-supra-4002\/","url":"https:\/\/telemet.com\/es\/airport-technology\/ash-supra-4002\/","name":"Aebi-Schmidt Supra 4002 - Telemet","isPartOf":{"@id":"https:\/\/telemet.com\/es\/#website"},"primaryImageOfPage":{"@id":"https:\/\/telemet.com\/es\/airport-technology\/ash-supra-4002\/#primaryimage"},"image":{"@id":"https:\/\/telemet.com\/es\/airport-technology\/ash-supra-4002\/#primaryimage"},"thumbnailUrl":"https:\/\/telemet.com\/wp-content\/uploads\/2016\/11\/Schmidt_Supra_4002.jpg","datePublished":"2016-11-22T00:04:30+00:00","dateModified":"2023-08-18T13:45:14+00:00","breadcrumb":{"@id":"https:\/\/telemet.com\/es\/airport-technology\/ash-supra-4002\/#breadcrumb"},"inLanguage":"es-ES","potentialAction":[{"@type":"ReadAction","target":["https:\/\/telemet.com\/es\/airport-technology\/ash-supra-4002\/"]}]},{"@type":"ImageObject","inLanguage":"es-ES","@id":"https:\/\/telemet.com\/es\/airport-technology\/ash-supra-4002\/#primaryimage","url":"https:\/\/telemet.com\/wp-content\/uploads\/2016\/11\/Schmidt_Supra_4002.jpg","contentUrl":"https:\/\/telemet.com\/wp-content\/uploads\/2016\/11\/Schmidt_Supra_4002.jpg"},{"@type":"BreadcrumbList","@id":"https:\/\/telemet.com\/es\/airport-technology\/ash-supra-4002\/#breadcrumb","itemListElement":[{"@type":"ListItem","position":1,"name":"Home","item":"https:\/\/telemet.com\/es\/"},{"@type":"ListItem","position":2,"name":"Airport technology","item":"https:\/\/telemet.com\/es\/airport-technology\/"},{"@type":"ListItem","position":3,"name":"Aebi-Schmidt Supra 4002"}]},{"@type":"WebSite","@id":"https:\/\/telemet.com\/es\/#website","url":"https:\/\/telemet.com\/es\/","name":"Telemet, Inc.","description":"Efficiency through Simplicity","potentialAction":[{"@type":"SearchAction","target":{"@type":"EntryPoint","urlTemplate":"https:\/\/telemet.com\/es\/?s={search_term_string}"},"query-input":{"@type":"PropertyValueSpecification","valueRequired":true,"valueName":"search_term_string"}}],"inLanguage":"es-ES"}]}},"_links":{"self":[{"href":"https:\/\/telemet.com\/es\/wp-json\/wp\/v2\/pages\/7275","targetHints":{"allow":["GET"]}}],"collection":[{"href":"https:\/\/telemet.com\/es\/wp-json\/wp\/v2\/pages"}],"about":[{"href":"https:\/\/telemet.com\/es\/wp-json\/wp\/v2\/types\/page"}],"author":[{"embeddable":true,"href":"https:\/\/telemet.com\/es\/wp-json\/wp\/v2\/users\/1"}],"replies":[{"embeddable":true,"href":"https:\/\/telemet.com\/es\/wp-json\/wp\/v2\/comments?post=7275"}],"version-history":[{"count":3,"href":"https:\/\/telemet.com\/es\/wp-json\/wp\/v2\/pages\/7275\/revisions"}],"predecessor-version":[{"id":14015,"href":"https:\/\/telemet.com\/es\/wp-json\/wp\/v2\/pages\/7275\/revisions\/14015"}],"up":[{"embeddable":true,"href":"https:\/\/telemet.com\/es\/wp-json\/wp\/v2\/pages\/7269"}],"wp:attachment":[{"href":"https:\/\/telemet.com\/es\/wp-json\/wp\/v2\/media?parent=7275"}],"curies":[{"name":"wp","href":"https:\/\/api.w.org\/{rel}","templated":true}]}}