{"id":7284,"date":"2016-11-22T01:38:57","date_gmt":"2016-11-22T01:38:57","guid":{"rendered":"http:\/\/telemet.com\/es\/airport-technology\/ash-supra-5002\/"},"modified":"2023-08-18T13:45:29","modified_gmt":"2023-08-18T13:45:29","slug":"ash-supra-5002","status":"publish","type":"page","link":"https:\/\/telemet.com\/es\/airport-technology\/ash-supra-5002\/","title":{"rendered":"Aebi-Schmidt Supra 5002"},"content":{"rendered":"<div class=\"fusion-fullwidth fullwidth-box fusion-builder-row-1 nonhundred-percent-fullwidth non-hundred-percent-height-scrolling\" style=\"--awb-background-position:left top;--awb-border-sizes-top:0px;--awb-border-sizes-bottom:0px;--awb-border-sizes-left:0px;--awb-border-sizes-right:0px;--awb-border-radius-top-left:0px;--awb-border-radius-top-right:0px;--awb-border-radius-bottom-right:0px;--awb-border-radius-bottom-left:0px;--awb-padding-top:0px;--awb-padding-bottom:20px;--awb-flex-wrap:wrap;\" ><div class=\"fusion-builder-row fusion-row\"><div class=\"fusion-layout-column fusion_builder_column fusion-builder-column-0 fusion_builder_column_1_1 1_1 fusion-one-full fusion-column-first fusion-column-last fusion-column-no-min-height\" style=\"--awb-bg-size:cover;--awb-margin-top:0px;--awb-margin-bottom:0px;\"><div class=\"fusion-column-wrapper fusion-flex-column-wrapper-legacy\"><div class=\"fusion-image-element fusion-image-align-center in-legacy-container\" style=\"text-align:center;--awb-caption-title-font-family:var(--h2_typography-font-family);--awb-caption-title-font-weight:var(--h2_typography-font-weight);--awb-caption-title-font-style:var(--h2_typography-font-style);--awb-caption-title-size:var(--h2_typography-font-size);--awb-caption-title-transform:var(--h2_typography-text-transform);--awb-caption-title-line-height:var(--h2_typography-line-height);--awb-caption-title-letter-spacing:var(--h2_typography-letter-spacing);\"><div class=\"imageframe-align-center\"><span class=\" fusion-imageframe imageframe-none imageframe-1 hover-type-none\"><img decoding=\"async\" width=\"900\" height=\"599\" title=\"schmidt_supra_5002\" src=\"https:\/\/telemet.com\/wp-content\/uploads\/2016\/11\/Schmidt_Supra_5002.jpg\" alt class=\"img-responsive wp-image-7282\" srcset=\"https:\/\/telemet.com\/wp-content\/uploads\/2016\/11\/Schmidt_Supra_5002-200x133.jpg 200w, https:\/\/telemet.com\/wp-content\/uploads\/2016\/11\/Schmidt_Supra_5002-400x266.jpg 400w, https:\/\/telemet.com\/wp-content\/uploads\/2016\/11\/Schmidt_Supra_5002-600x399.jpg 600w, https:\/\/telemet.com\/wp-content\/uploads\/2016\/11\/Schmidt_Supra_5002-800x532.jpg 800w, https:\/\/telemet.com\/wp-content\/uploads\/2016\/11\/Schmidt_Supra_5002.jpg 900w\" sizes=\"(max-width: 800px) 100vw, 900px\" \/><\/span><\/div><\/div><div class=\"fusion-sep-clear\"><\/div><div class=\"fusion-separator fusion-full-width-sep\" style=\"margin-left: auto;margin-right: auto;margin-top:20px;width:100%;\"><\/div><div class=\"fusion-sep-clear\"><\/div><div class=\"fusion-align-block\"><a class=\"fusion-button button-flat button-xlarge button-default fusion-button-default button-1 fusion-button-default-span \" style=\"width:calc(100%);\" target=\"_blank\" rel=\"noopener noreferrer\" title=\"Download Brochure\" aria-label=\"Download Brochure\" href=\"\/wp-content\/uploads\/2016\/11\/LA_SUPRA4002_5002.pdf\"><span class=\"fusion-button-text awb-button__text awb-button__text--default\">Download Brochure (PDF)<\/span><i class=\" fa fa-file-pdf-o awb-button__icon awb-button__icon--default button-icon-right\" aria-hidden=\"true\"><\/i><\/a><\/div><div class=\"fusion-sep-clear\"><\/div><div class=\"fusion-separator fusion-full-width-sep\" style=\"margin-left: auto;margin-right: auto;margin-top:10px;width:100%;\"><\/div><div class=\"fusion-sep-clear\"><\/div><div class=\"fusion-clearfix\"><\/div><\/div><\/div><div class=\"fusion-layout-column fusion_builder_column fusion-builder-column-1 fusion_builder_column_1_1 1_1 fusion-one-full fusion-column-first fusion-column-last fusion-column-no-min-height\" style=\"--awb-bg-size:cover;--awb-margin-top:0px;--awb-margin-bottom:0px;\"><div class=\"fusion-column-wrapper fusion-flex-column-wrapper-legacy\"><div class=\"fusion-video fusion-youtube\" style=\"--awb-max-width:800px;--awb-max-height:550px;\"><div class=\"video-shortcode\"><div class=\"fluid-width-video-wrapper\" style=\"padding-top:68.75%;\" ><iframe title=\"YouTube video player 1\" src=\"https:\/\/www.youtube.com\/embed\/b6i8O5a-j6w?wmode=transparent&autoplay=0\" width=\"800\" height=\"550\" allowfullscreen allow=\"autoplay; clipboard-write; encrypted-media; gyroscope; picture-in-picture;\"><\/iframe><\/div><\/div><\/div><div class=\"fusion-sep-clear\"><\/div><div class=\"fusion-separator fusion-full-width-sep\" style=\"margin-left: auto;margin-right: auto;margin-top:10px;width:100%;\"><\/div><div class=\"fusion-sep-clear\"><\/div><div class=\"fusion-text fusion-text-1\"><h3>Nuestras m\u00e1quinas de alto rendimiento &#8211; ahora con accionamiento optimizado y un nuevo dise\u00f1o de mayor comodidad<\/h3>\n<p>Turbo-fresadora de nieve 5002 de Schmidt: una potente herramienta en la que confiar en cualquier situaci\u00f3n<br \/>\nLa cuchilla quitanieves Supra 5002 con una capacidad de limpieza de hasta 5000 t\/h es una m\u00e1quina de \u00faltima generaci\u00f3n. Al igual que sus predecesoras, ha sido dise\u00f1ada para asumir toda la gama de tareas de eliminaci\u00f3n de nieve en, rampas y pistas de despegue y rodadura, y ahora ha sido mejorada con caracter\u00edsticas importantes y un nuevo dise\u00f1o. Adem\u00e1s de las mejoras ergon\u00f3micas, la turbina de nieve de alto rendimiento destaca por su estructura articulada de acero y su transmisi\u00f3n inteligente de potencia que garantiza una elevada capacidad de limpieza incluso cuando el veh\u00edculo est\u00e9 tomando una curva.<\/p>\n<h3>M\u00e1ximo rendimiento con cualquier cantidad de nieve &#8211; al tiempo que protege el medio ambiente<\/h3>\n<p>La cabeza limpiadora del Supra 5002 se acciona mec\u00e1nicamente mediante una caja de cambios de dos velocidades. La potente unidad de limpieza de nieve de doble bloque incorpora un tambor de corte y una turbina sopladora aguas abajo que permite grandes distancias de eyecci\u00f3n de la nieve.<br \/>\nLa m\u00e1quina cuenta con un dep\u00f3sito de combustible con una impresionante capacidad de 530 l, lo que permite un m\u00e1ximo de 8 horas de funcionamiento ininterrumpido. Opcionalmente, es posible cambiar entre ruedas y orugas. El modelo Supra 5002 est\u00e1 impulsado por un motor de 8 cilindros, con una potencia de 420 kW (571 CV) a 1800 rpm. A pesar de estos excelentes registros, el motor ofrece unas prestaciones respetuosas con el medio ambiente de acuerdo con las normas de emisiones europeas Euromot IIIB &#8211; funcionando con gran eficiencia de combustible y produciendo un nivel de ruido bajo (marchas eco-transporte y eco-operativas).<\/p>\n<h3>Tecnolog\u00eda inteligente, resultados eficientes: M\u00e1xima potencia, incluso en las curvas<\/h3>\n<p>El chasis est\u00e1 equipado con una direcci\u00f3n de bastidor articulada flexible, que permite un \u00e1ngulo de giro de hasta 35\u00b0. En cualquier maniobra, la m\u00e1xima potencia de alimentaci\u00f3n se transmite siempre en la direcci\u00f3n de la marcha de la cabeza de limpieza. En combinaci\u00f3n con un guiado preciso del veh\u00edculo siguiendo la ruta marcada por la cabeza de limpieza, \u00a1incluso es posible limpiar curvas cerradas con nieve dura! Durante las operaciones, se puede efectuar un ajuste continuo de la velocidad mediante una bomba de caudal variable y un motor variable: De esta forma, el motor de la unidad tendr\u00e1 siempre una velocidad de rotaci\u00f3n constante, lo que elimina cualquier ca\u00edda potencial del rendimiento. Un sistema hidr\u00e1ulico mejorado y simplificado en ambos veh\u00edculos facilita la direcci\u00f3n.<\/p>\n<h3>Eliminaci\u00f3n precisa y r\u00e1pida de nieve \u2013 con distancia de expulsi\u00f3n de hasta 40 m<\/h3>\n<p>El modelo Supra 5002 de Schmidt expulsa con precisi\u00f3n la nieve a una distancia m\u00e1xima de hasta 40 metros, a la izquierda o a la derecha. Gracias a sus conductos regulables de forma individual y a las carcasas del soplador accionado hidr\u00e1ulicamente, la distancia de expulsi\u00f3n se puede ajustar en dos pasos desde un m\u00ednimo a un m\u00e1ximo, incluso a plena carga. El modelo Supra 5002 alcanza una velocidad de funcionamiento de hasta 40 km\/h. Si, por ejemplo, necesita transportar nieve contaminada con material de descongelaci\u00f3n, tambi\u00e9n ser\u00e1 posible cargar camiones en r\u00e1pida sucesi\u00f3n &#8211; la cabina del operador regulable en altura proporciona siempre una visibilidad despejada.<\/p>\n<h3>Entornos de trabajo c\u00f3modos y punteros que ofrecen siempre un elevado grado de seguridad, y cuyo empleo es un placer<\/h3>\n<p>Tambi\u00e9n hemos mejorado mucho los veh\u00edculos en t\u00e9rminos de comodidad de manejo. Esto incluye un dise\u00f1o l\u00f3gico y ergon\u00f3mico de los componentes funcionales que incluyen una pantalla TFT a color, un panel de control central para poder manejar con una sola mano la cabeza de limpieza, una excelente visibilidad integral, un parabrisas con \u00e1ngulo negativo de inclinaci\u00f3n para evitar la acumulaci\u00f3n de nieve, y una cabina de conducci\u00f3n de 2 asientos que absorbe la vibraci\u00f3n y el ruido. Adem\u00e1s, hay detalles tales como el parabrisas y las ventanillas laterales calentadas el\u00e9ctricamente, espejos exteriores calefactables, volante a la derecha, asientos con suspensi\u00f3n de muelles ajustables en varias posiciones, y mucho m\u00e1s.<br \/>\nModelo Supra 5002 de Schmidt Siempre la elecci\u00f3n correcta si no quiere renunciar a la seguridad, la eficiencia y la econom\u00eda &#8211; nuestro personal estar\u00e1 encantado de proporcionarle m\u00e1s informaci\u00f3n.<\/p>\n<\/div><div class=\"fusion-clearfix\"><\/div><\/div><\/div><\/div><\/div>\n","protected":false},"excerpt":{"rendered":"","protected":false},"author":1,"featured_media":0,"parent":7269,"menu_order":6,"comment_status":"closed","ping_status":"closed","template":"side-navigation.php","meta":{"footnotes":""},"class_list":["post-7284","page","type-page","status-publish","hentry"],"yoast_head":"<!-- This site is optimized with the Yoast SEO plugin v26.2 - https:\/\/yoast.com\/wordpress\/plugins\/seo\/ -->\n<title>Aebi-Schmidt Supra 5002 - Telemet<\/title>\n<meta name=\"robots\" content=\"index, follow, max-snippet:-1, max-image-preview:large, max-video-preview:-1\" \/>\n<link rel=\"canonical\" href=\"https:\/\/telemet.com\/es\/airport-technology\/ash-supra-5002\/\" \/>\n<meta property=\"og:locale\" content=\"es_ES\" \/>\n<meta property=\"og:type\" content=\"article\" \/>\n<meta property=\"og:title\" content=\"Aebi-Schmidt Supra 5002 - Telemet\" \/>\n<meta property=\"og:url\" content=\"https:\/\/telemet.com\/es\/airport-technology\/ash-supra-5002\/\" \/>\n<meta property=\"og:site_name\" content=\"Telemet\" \/>\n<meta property=\"article:modified_time\" content=\"2023-08-18T13:45:29+00:00\" \/>\n<meta property=\"og:image\" content=\"https:\/\/telemet.com\/wp-content\/uploads\/2016\/11\/Schmidt_Supra_5002.jpg\" \/>\n<meta name=\"twitter:card\" content=\"summary_large_image\" \/>\n<meta name=\"twitter:label1\" content=\"Tiempo de lectura\" \/>\n\t<meta name=\"twitter:data1\" content=\"5 minutes\" \/>\n<script type=\"application\/ld+json\" class=\"yoast-schema-graph\">{\"@context\":\"https:\/\/schema.org\",\"@graph\":[{\"@type\":\"WebPage\",\"@id\":\"https:\/\/telemet.com\/es\/airport-technology\/ash-supra-5002\/\",\"url\":\"https:\/\/telemet.com\/es\/airport-technology\/ash-supra-5002\/\",\"name\":\"Aebi-Schmidt Supra 5002 - Telemet\",\"isPartOf\":{\"@id\":\"https:\/\/telemet.com\/es\/#website\"},\"primaryImageOfPage\":{\"@id\":\"https:\/\/telemet.com\/es\/airport-technology\/ash-supra-5002\/#primaryimage\"},\"image\":{\"@id\":\"https:\/\/telemet.com\/es\/airport-technology\/ash-supra-5002\/#primaryimage\"},\"thumbnailUrl\":\"https:\/\/telemet.com\/wp-content\/uploads\/2016\/11\/Schmidt_Supra_5002.jpg\",\"datePublished\":\"2016-11-22T01:38:57+00:00\",\"dateModified\":\"2023-08-18T13:45:29+00:00\",\"breadcrumb\":{\"@id\":\"https:\/\/telemet.com\/es\/airport-technology\/ash-supra-5002\/#breadcrumb\"},\"inLanguage\":\"es-ES\",\"potentialAction\":[{\"@type\":\"ReadAction\",\"target\":[\"https:\/\/telemet.com\/es\/airport-technology\/ash-supra-5002\/\"]}]},{\"@type\":\"ImageObject\",\"inLanguage\":\"es-ES\",\"@id\":\"https:\/\/telemet.com\/es\/airport-technology\/ash-supra-5002\/#primaryimage\",\"url\":\"https:\/\/telemet.com\/wp-content\/uploads\/2016\/11\/Schmidt_Supra_5002.jpg\",\"contentUrl\":\"https:\/\/telemet.com\/wp-content\/uploads\/2016\/11\/Schmidt_Supra_5002.jpg\"},{\"@type\":\"BreadcrumbList\",\"@id\":\"https:\/\/telemet.com\/es\/airport-technology\/ash-supra-5002\/#breadcrumb\",\"itemListElement\":[{\"@type\":\"ListItem\",\"position\":1,\"name\":\"Home\",\"item\":\"https:\/\/telemet.com\/es\/\"},{\"@type\":\"ListItem\",\"position\":2,\"name\":\"Airport technology\",\"item\":\"https:\/\/telemet.com\/es\/airport-technology\/\"},{\"@type\":\"ListItem\",\"position\":3,\"name\":\"Aebi-Schmidt Supra 5002\"}]},{\"@type\":\"WebSite\",\"@id\":\"https:\/\/telemet.com\/es\/#website\",\"url\":\"https:\/\/telemet.com\/es\/\",\"name\":\"Telemet, Inc.\",\"description\":\"Efficiency through Simplicity\",\"potentialAction\":[{\"@type\":\"SearchAction\",\"target\":{\"@type\":\"EntryPoint\",\"urlTemplate\":\"https:\/\/telemet.com\/es\/?s={search_term_string}\"},\"query-input\":{\"@type\":\"PropertyValueSpecification\",\"valueRequired\":true,\"valueName\":\"search_term_string\"}}],\"inLanguage\":\"es-ES\"}]}<\/script>\n<!-- \/ Yoast SEO plugin. -->","yoast_head_json":{"title":"Aebi-Schmidt Supra 5002 - Telemet","robots":{"index":"index","follow":"follow","max-snippet":"max-snippet:-1","max-image-preview":"max-image-preview:large","max-video-preview":"max-video-preview:-1"},"canonical":"https:\/\/telemet.com\/es\/airport-technology\/ash-supra-5002\/","og_locale":"es_ES","og_type":"article","og_title":"Aebi-Schmidt Supra 5002 - Telemet","og_url":"https:\/\/telemet.com\/es\/airport-technology\/ash-supra-5002\/","og_site_name":"Telemet","article_modified_time":"2023-08-18T13:45:29+00:00","og_image":[{"url":"https:\/\/telemet.com\/wp-content\/uploads\/2016\/11\/Schmidt_Supra_5002.jpg","type":"","width":"","height":""}],"twitter_card":"summary_large_image","twitter_misc":{"Tiempo de lectura":"5 minutes"},"schema":{"@context":"https:\/\/schema.org","@graph":[{"@type":"WebPage","@id":"https:\/\/telemet.com\/es\/airport-technology\/ash-supra-5002\/","url":"https:\/\/telemet.com\/es\/airport-technology\/ash-supra-5002\/","name":"Aebi-Schmidt Supra 5002 - Telemet","isPartOf":{"@id":"https:\/\/telemet.com\/es\/#website"},"primaryImageOfPage":{"@id":"https:\/\/telemet.com\/es\/airport-technology\/ash-supra-5002\/#primaryimage"},"image":{"@id":"https:\/\/telemet.com\/es\/airport-technology\/ash-supra-5002\/#primaryimage"},"thumbnailUrl":"https:\/\/telemet.com\/wp-content\/uploads\/2016\/11\/Schmidt_Supra_5002.jpg","datePublished":"2016-11-22T01:38:57+00:00","dateModified":"2023-08-18T13:45:29+00:00","breadcrumb":{"@id":"https:\/\/telemet.com\/es\/airport-technology\/ash-supra-5002\/#breadcrumb"},"inLanguage":"es-ES","potentialAction":[{"@type":"ReadAction","target":["https:\/\/telemet.com\/es\/airport-technology\/ash-supra-5002\/"]}]},{"@type":"ImageObject","inLanguage":"es-ES","@id":"https:\/\/telemet.com\/es\/airport-technology\/ash-supra-5002\/#primaryimage","url":"https:\/\/telemet.com\/wp-content\/uploads\/2016\/11\/Schmidt_Supra_5002.jpg","contentUrl":"https:\/\/telemet.com\/wp-content\/uploads\/2016\/11\/Schmidt_Supra_5002.jpg"},{"@type":"BreadcrumbList","@id":"https:\/\/telemet.com\/es\/airport-technology\/ash-supra-5002\/#breadcrumb","itemListElement":[{"@type":"ListItem","position":1,"name":"Home","item":"https:\/\/telemet.com\/es\/"},{"@type":"ListItem","position":2,"name":"Airport technology","item":"https:\/\/telemet.com\/es\/airport-technology\/"},{"@type":"ListItem","position":3,"name":"Aebi-Schmidt Supra 5002"}]},{"@type":"WebSite","@id":"https:\/\/telemet.com\/es\/#website","url":"https:\/\/telemet.com\/es\/","name":"Telemet, Inc.","description":"Efficiency through Simplicity","potentialAction":[{"@type":"SearchAction","target":{"@type":"EntryPoint","urlTemplate":"https:\/\/telemet.com\/es\/?s={search_term_string}"},"query-input":{"@type":"PropertyValueSpecification","valueRequired":true,"valueName":"search_term_string"}}],"inLanguage":"es-ES"}]}},"_links":{"self":[{"href":"https:\/\/telemet.com\/es\/wp-json\/wp\/v2\/pages\/7284","targetHints":{"allow":["GET"]}}],"collection":[{"href":"https:\/\/telemet.com\/es\/wp-json\/wp\/v2\/pages"}],"about":[{"href":"https:\/\/telemet.com\/es\/wp-json\/wp\/v2\/types\/page"}],"author":[{"embeddable":true,"href":"https:\/\/telemet.com\/es\/wp-json\/wp\/v2\/users\/1"}],"replies":[{"embeddable":true,"href":"https:\/\/telemet.com\/es\/wp-json\/wp\/v2\/comments?post=7284"}],"version-history":[{"count":4,"href":"https:\/\/telemet.com\/es\/wp-json\/wp\/v2\/pages\/7284\/revisions"}],"predecessor-version":[{"id":14021,"href":"https:\/\/telemet.com\/es\/wp-json\/wp\/v2\/pages\/7284\/revisions\/14021"}],"up":[{"embeddable":true,"href":"https:\/\/telemet.com\/es\/wp-json\/wp\/v2\/pages\/7269"}],"wp:attachment":[{"href":"https:\/\/telemet.com\/es\/wp-json\/wp\/v2\/media?parent=7284"}],"curies":[{"name":"wp","href":"https:\/\/api.w.org\/{rel}","templated":true}]}}