{"id":7291,"date":"2016-11-22T01:50:57","date_gmt":"2016-11-22T01:50:55","guid":{"rendered":"http:\/\/telemet.com\/es\/airport-technology\/ash-fs-110-t\/"},"modified":"2023-08-18T13:46:48","modified_gmt":"2023-08-18T13:46:48","slug":"ash-fs-110-t","status":"publish","type":"page","link":"https:\/\/telemet.com\/es\/airport-technology\/ash-fs-110-t\/","title":{"rendered":"Aebi-Schmidt FS 110 T"},"content":{"rendered":"<div class=\"fusion-fullwidth fullwidth-box fusion-builder-row-1 nonhundred-percent-fullwidth non-hundred-percent-height-scrolling\" style=\"--awb-background-position:left top;--awb-border-radius-top-left:0px;--awb-border-radius-top-right:0px;--awb-border-radius-bottom-right:0px;--awb-border-radius-bottom-left:0px;--awb-padding-top:0px;--awb-padding-bottom:20px;--awb-border-sizes-top:0px;--awb-border-sizes-bottom:0px;--awb-flex-wrap:wrap;\" ><div class=\"fusion-builder-row fusion-row\"><div class=\"fusion-layout-column fusion_builder_column fusion-builder-column-0 fusion_builder_column_1_1 1_1 fusion-one-full fusion-column-first fusion-column-last fusion-column-no-min-height\" style=\"--awb-bg-size:cover;--awb-margin-top:0px;--awb-margin-bottom:0px;\"><div class=\"fusion-column-wrapper fusion-flex-column-wrapper-legacy\"><div class=\"fusion-image-element fusion-image-align-center in-legacy-container\" style=\"text-align:center;--awb-caption-title-font-family:var(--h2_typography-font-family);--awb-caption-title-font-weight:var(--h2_typography-font-weight);--awb-caption-title-font-style:var(--h2_typography-font-style);--awb-caption-title-size:var(--h2_typography-font-size);--awb-caption-title-transform:var(--h2_typography-text-transform);--awb-caption-title-line-height:var(--h2_typography-line-height);--awb-caption-title-letter-spacing:var(--h2_typography-letter-spacing);\"><div class=\"imageframe-align-center\"><span class=\" fusion-imageframe imageframe-none imageframe-1 hover-type-none\"><img decoding=\"async\" width=\"500\" height=\"538\" title=\"fs-110-t\" src=\"https:\/\/telemet.com\/wp-content\/uploads\/2016\/11\/FS-110-T.jpg\" alt class=\"img-responsive wp-image-14032\" srcset=\"https:\/\/telemet.com\/wp-content\/uploads\/2016\/11\/FS-110-T-200x215.jpg 200w, https:\/\/telemet.com\/wp-content\/uploads\/2016\/11\/FS-110-T-400x430.jpg 400w, https:\/\/telemet.com\/wp-content\/uploads\/2016\/11\/FS-110-T.jpg 500w\" sizes=\"(max-width: 800px) 100vw, 500px\" \/><\/span><\/div><\/div><div class=\"fusion-sep-clear\"><\/div><div class=\"fusion-separator fusion-full-width-sep\" style=\"margin-left: auto;margin-right: auto;margin-top:20px;width:100%;\"><\/div><div class=\"fusion-sep-clear\"><\/div><div class=\"fusion-align-block\"><a class=\"fusion-button button-flat button-xlarge button-default fusion-button-default button-1 fusion-button-default-span \" style=\"width:calc(100%);\" target=\"_blank\" rel=\"noopener noreferrer\" title=\"Download Brochure\" aria-label=\"Download Brochure\" href=\"\/wp-content\/uploads\/2016\/11\/LA_FS110T_EN.pdf\"><span class=\"fusion-button-text awb-button__text awb-button__text--default\">Download Brochure (PDF)<\/span><i class=\" fa fa-file-pdf-o awb-button__icon awb-button__icon--default button-icon-right\" aria-hidden=\"true\"><\/i><\/a><\/div><div class=\"fusion-sep-clear\"><\/div><div class=\"fusion-separator fusion-full-width-sep\" style=\"margin-left: auto;margin-right: auto;margin-top:10px;width:100%;\"><\/div><div class=\"fusion-sep-clear\"><\/div><div class=\"fusion-text fusion-text-1\"><h3>Turbo-fresadora de nieve extra\u00edble de alto rendimiento<\/h3>\n<ul>\n<li>Excelente rendimiento de limpieza gracias a la cabeza de limpieza de alto rendimiento integrada en el modelo Supra 5002<\/li>\n<li>Una direcci\u00f3n excelente gracias a los tambores de corte autoportantes sin rodamientos de apoyo adicionales<\/li>\n<li>Resistente a los objetos extra\u00f1os gracias a los tambores de corte abierto de marcha lenta<\/li>\n<li>Perfecta coordinaci\u00f3n de la cabeza de limpieza de alto rendimiento y el veh\u00edculo de transporte<\/li>\n<\/ul>\n<h3>Requisitos del veh\u00edculo<\/h3>\n<p>Adecuado para el tractor Claas Xerion 5000.<\/p>\n<h3>Enganche y desenganche<\/h3>\n<p>Enganche posterior a un sistema de elevaci\u00f3n de 3 puntos de las categor\u00edas III y IV. Compensaci\u00f3n de inclinaci\u00f3n transversal hidr\u00e1ulica. La inclinaci\u00f3n longitudinal se compensa mediante conexiones superiores ajustables.<\/p>\n<h3>Unidad de limpieza<\/h3>\n<p>El sistema de turbo-fresadora de nieve de dos etapas con tambores de corte abierto de cuatro velocidades y turbina sopladora. La carcasa de la turbina sopladora se puede orientar hidr\u00e1ulicamente hacia la derecha o hacia la izquierda. Cuchillos opcionales para cortar nieve sobre la cabeza de limpieza para altos niveles de nieve. Distancia de eyecci\u00f3n de hasta 40 m. Patines ajustables o ruedas orientables opcionales para ajuste de la altura sobre el suelo. Deflectores de bordillos soldados como protecci\u00f3n para marcha atr\u00e1s. Cuchilla de desgaste sustituible. Protecci\u00f3n de sobrecarga mec\u00e1nica y abierta en los tambores de corte. Carcasa de soporte, turbina sopladora, carcasa de la turbina sopladora y tambores de corte de acero Hardox resistente al desgaste.<br \/>\nOpcional: flaps hidr\u00e1ulicos<\/p>\n<h3>Conducto<\/h3>\n<p>El mecanismo de balanceo hidr\u00e1ulico con un corto conducto de expulsi\u00f3n y los flaps ajustables hidr\u00e1ulicamente o el conducto de carga con flaps ajustables hidr\u00e1ulicamente.<\/p>\n<h3>Tracci\u00f3n<\/h3>\n<p>Tracci\u00f3n mec\u00e1nica directa de la unidad de limpieza mediante un eje de transmisi\u00f3n con acoplamiento por pasador de seguridad desde el eje card\u00e1n del veh\u00edculo con cambio de marcha a la unidad de tambor. Tracci\u00f3n y apoyo central de los tambores de corte mediante un engranaje angular.<\/p>\n<\/div><div class=\"fusion-clearfix\"><\/div><\/div><\/div><\/div><\/div>\n","protected":false},"excerpt":{"rendered":"","protected":false},"author":1,"featured_media":0,"parent":7269,"menu_order":7,"comment_status":"closed","ping_status":"closed","template":"side-navigation.php","meta":{"footnotes":""},"class_list":["post-7291","page","type-page","status-publish","hentry"],"yoast_head":"<!-- This site is optimized with the Yoast SEO plugin v26.2 - https:\/\/yoast.com\/wordpress\/plugins\/seo\/ -->\n<title>Aebi-Schmidt FS 110 T - Telemet<\/title>\n<meta name=\"robots\" content=\"index, follow, max-snippet:-1, max-image-preview:large, max-video-preview:-1\" \/>\n<link rel=\"canonical\" href=\"https:\/\/telemet.com\/es\/airport-technology\/ash-fs-110-t\/\" \/>\n<meta property=\"og:locale\" content=\"es_ES\" \/>\n<meta property=\"og:type\" content=\"article\" \/>\n<meta property=\"og:title\" content=\"Aebi-Schmidt FS 110 T - Telemet\" \/>\n<meta property=\"og:url\" content=\"https:\/\/telemet.com\/es\/airport-technology\/ash-fs-110-t\/\" \/>\n<meta property=\"og:site_name\" content=\"Telemet\" \/>\n<meta property=\"article:modified_time\" content=\"2023-08-18T13:46:48+00:00\" \/>\n<meta property=\"og:image\" content=\"https:\/\/telemet.com\/wp-content\/uploads\/2016\/11\/FS-110-T.jpg\" \/>\n<meta name=\"twitter:card\" content=\"summary_large_image\" \/>\n<meta name=\"twitter:label1\" content=\"Tiempo de lectura\" \/>\n\t<meta name=\"twitter:data1\" content=\"3 minutes\" \/>\n<script type=\"application\/ld+json\" class=\"yoast-schema-graph\">{\"@context\":\"https:\/\/schema.org\",\"@graph\":[{\"@type\":\"WebPage\",\"@id\":\"https:\/\/telemet.com\/es\/airport-technology\/ash-fs-110-t\/\",\"url\":\"https:\/\/telemet.com\/es\/airport-technology\/ash-fs-110-t\/\",\"name\":\"Aebi-Schmidt FS 110 T - Telemet\",\"isPartOf\":{\"@id\":\"https:\/\/telemet.com\/es\/#website\"},\"primaryImageOfPage\":{\"@id\":\"https:\/\/telemet.com\/es\/airport-technology\/ash-fs-110-t\/#primaryimage\"},\"image\":{\"@id\":\"https:\/\/telemet.com\/es\/airport-technology\/ash-fs-110-t\/#primaryimage\"},\"thumbnailUrl\":\"https:\/\/telemet.com\/wp-content\/uploads\/2016\/11\/FS-110-T.jpg\",\"datePublished\":\"2016-11-22T01:50:55+00:00\",\"dateModified\":\"2023-08-18T13:46:48+00:00\",\"breadcrumb\":{\"@id\":\"https:\/\/telemet.com\/es\/airport-technology\/ash-fs-110-t\/#breadcrumb\"},\"inLanguage\":\"es-ES\",\"potentialAction\":[{\"@type\":\"ReadAction\",\"target\":[\"https:\/\/telemet.com\/es\/airport-technology\/ash-fs-110-t\/\"]}]},{\"@type\":\"ImageObject\",\"inLanguage\":\"es-ES\",\"@id\":\"https:\/\/telemet.com\/es\/airport-technology\/ash-fs-110-t\/#primaryimage\",\"url\":\"https:\/\/telemet.com\/wp-content\/uploads\/2016\/11\/FS-110-T.jpg\",\"contentUrl\":\"https:\/\/telemet.com\/wp-content\/uploads\/2016\/11\/FS-110-T.jpg\"},{\"@type\":\"BreadcrumbList\",\"@id\":\"https:\/\/telemet.com\/es\/airport-technology\/ash-fs-110-t\/#breadcrumb\",\"itemListElement\":[{\"@type\":\"ListItem\",\"position\":1,\"name\":\"Home\",\"item\":\"https:\/\/telemet.com\/es\/\"},{\"@type\":\"ListItem\",\"position\":2,\"name\":\"Airport technology\",\"item\":\"https:\/\/telemet.com\/es\/airport-technology\/\"},{\"@type\":\"ListItem\",\"position\":3,\"name\":\"Aebi-Schmidt FS 110 T\"}]},{\"@type\":\"WebSite\",\"@id\":\"https:\/\/telemet.com\/es\/#website\",\"url\":\"https:\/\/telemet.com\/es\/\",\"name\":\"Telemet, Inc.\",\"description\":\"Efficiency through Simplicity\",\"potentialAction\":[{\"@type\":\"SearchAction\",\"target\":{\"@type\":\"EntryPoint\",\"urlTemplate\":\"https:\/\/telemet.com\/es\/?s={search_term_string}\"},\"query-input\":{\"@type\":\"PropertyValueSpecification\",\"valueRequired\":true,\"valueName\":\"search_term_string\"}}],\"inLanguage\":\"es-ES\"}]}<\/script>\n<!-- \/ Yoast SEO plugin. -->","yoast_head_json":{"title":"Aebi-Schmidt FS 110 T - Telemet","robots":{"index":"index","follow":"follow","max-snippet":"max-snippet:-1","max-image-preview":"max-image-preview:large","max-video-preview":"max-video-preview:-1"},"canonical":"https:\/\/telemet.com\/es\/airport-technology\/ash-fs-110-t\/","og_locale":"es_ES","og_type":"article","og_title":"Aebi-Schmidt FS 110 T - Telemet","og_url":"https:\/\/telemet.com\/es\/airport-technology\/ash-fs-110-t\/","og_site_name":"Telemet","article_modified_time":"2023-08-18T13:46:48+00:00","og_image":[{"url":"https:\/\/telemet.com\/wp-content\/uploads\/2016\/11\/FS-110-T.jpg","type":"","width":"","height":""}],"twitter_card":"summary_large_image","twitter_misc":{"Tiempo de lectura":"3 minutes"},"schema":{"@context":"https:\/\/schema.org","@graph":[{"@type":"WebPage","@id":"https:\/\/telemet.com\/es\/airport-technology\/ash-fs-110-t\/","url":"https:\/\/telemet.com\/es\/airport-technology\/ash-fs-110-t\/","name":"Aebi-Schmidt FS 110 T - Telemet","isPartOf":{"@id":"https:\/\/telemet.com\/es\/#website"},"primaryImageOfPage":{"@id":"https:\/\/telemet.com\/es\/airport-technology\/ash-fs-110-t\/#primaryimage"},"image":{"@id":"https:\/\/telemet.com\/es\/airport-technology\/ash-fs-110-t\/#primaryimage"},"thumbnailUrl":"https:\/\/telemet.com\/wp-content\/uploads\/2016\/11\/FS-110-T.jpg","datePublished":"2016-11-22T01:50:55+00:00","dateModified":"2023-08-18T13:46:48+00:00","breadcrumb":{"@id":"https:\/\/telemet.com\/es\/airport-technology\/ash-fs-110-t\/#breadcrumb"},"inLanguage":"es-ES","potentialAction":[{"@type":"ReadAction","target":["https:\/\/telemet.com\/es\/airport-technology\/ash-fs-110-t\/"]}]},{"@type":"ImageObject","inLanguage":"es-ES","@id":"https:\/\/telemet.com\/es\/airport-technology\/ash-fs-110-t\/#primaryimage","url":"https:\/\/telemet.com\/wp-content\/uploads\/2016\/11\/FS-110-T.jpg","contentUrl":"https:\/\/telemet.com\/wp-content\/uploads\/2016\/11\/FS-110-T.jpg"},{"@type":"BreadcrumbList","@id":"https:\/\/telemet.com\/es\/airport-technology\/ash-fs-110-t\/#breadcrumb","itemListElement":[{"@type":"ListItem","position":1,"name":"Home","item":"https:\/\/telemet.com\/es\/"},{"@type":"ListItem","position":2,"name":"Airport technology","item":"https:\/\/telemet.com\/es\/airport-technology\/"},{"@type":"ListItem","position":3,"name":"Aebi-Schmidt FS 110 T"}]},{"@type":"WebSite","@id":"https:\/\/telemet.com\/es\/#website","url":"https:\/\/telemet.com\/es\/","name":"Telemet, Inc.","description":"Efficiency through Simplicity","potentialAction":[{"@type":"SearchAction","target":{"@type":"EntryPoint","urlTemplate":"https:\/\/telemet.com\/es\/?s={search_term_string}"},"query-input":{"@type":"PropertyValueSpecification","valueRequired":true,"valueName":"search_term_string"}}],"inLanguage":"es-ES"}]}},"_links":{"self":[{"href":"https:\/\/telemet.com\/es\/wp-json\/wp\/v2\/pages\/7291","targetHints":{"allow":["GET"]}}],"collection":[{"href":"https:\/\/telemet.com\/es\/wp-json\/wp\/v2\/pages"}],"about":[{"href":"https:\/\/telemet.com\/es\/wp-json\/wp\/v2\/types\/page"}],"author":[{"embeddable":true,"href":"https:\/\/telemet.com\/es\/wp-json\/wp\/v2\/users\/1"}],"replies":[{"embeddable":true,"href":"https:\/\/telemet.com\/es\/wp-json\/wp\/v2\/comments?post=7291"}],"version-history":[{"count":3,"href":"https:\/\/telemet.com\/es\/wp-json\/wp\/v2\/pages\/7291\/revisions"}],"predecessor-version":[{"id":14031,"href":"https:\/\/telemet.com\/es\/wp-json\/wp\/v2\/pages\/7291\/revisions\/14031"}],"up":[{"embeddable":true,"href":"https:\/\/telemet.com\/es\/wp-json\/wp\/v2\/pages\/7269"}],"wp:attachment":[{"href":"https:\/\/telemet.com\/es\/wp-json\/wp\/v2\/media?parent=7291"}],"curies":[{"name":"wp","href":"https:\/\/api.w.org\/{rel}","templated":true}]}}