{"id":7306,"date":"2016-11-22T02:18:57","date_gmt":"2016-11-22T02:18:54","guid":{"rendered":"http:\/\/telemet.com\/es\/airport-technology\/ash-aspt\/"},"modified":"2023-08-18T13:48:19","modified_gmt":"2023-08-18T13:48:19","slug":"ash-aspt","status":"publish","type":"page","link":"https:\/\/telemet.com\/es\/airport-technology\/ash-aspt\/","title":{"rendered":"Aebi-Schmidt ASPT"},"content":{"rendered":"<div class=\"fusion-fullwidth fullwidth-box fusion-builder-row-1 nonhundred-percent-fullwidth non-hundred-percent-height-scrolling\" style=\"--awb-background-position:left top;--awb-border-radius-top-left:0px;--awb-border-radius-top-right:0px;--awb-border-radius-bottom-right:0px;--awb-border-radius-bottom-left:0px;--awb-padding-top:0px;--awb-padding-bottom:20px;--awb-border-sizes-top:0px;--awb-border-sizes-bottom:0px;--awb-flex-wrap:wrap;\" ><div class=\"fusion-builder-row fusion-row\"><div class=\"fusion-layout-column fusion_builder_column fusion-builder-column-0 fusion_builder_column_1_1 1_1 fusion-one-full fusion-column-first fusion-column-last fusion-column-no-min-height\" style=\"--awb-bg-size:cover;--awb-margin-top:0px;--awb-margin-bottom:0px;\"><div class=\"fusion-column-wrapper fusion-flex-column-wrapper-legacy\"><div class=\"fusion-image-element fusion-image-align-center in-legacy-container\" style=\"text-align:center;--awb-caption-title-font-family:var(--h2_typography-font-family);--awb-caption-title-font-weight:var(--h2_typography-font-weight);--awb-caption-title-font-style:var(--h2_typography-font-style);--awb-caption-title-size:var(--h2_typography-font-size);--awb-caption-title-transform:var(--h2_typography-text-transform);--awb-caption-title-line-height:var(--h2_typography-line-height);--awb-caption-title-letter-spacing:var(--h2_typography-letter-spacing);\"><div class=\"imageframe-align-center\"><span class=\" fusion-imageframe imageframe-none imageframe-1 hover-type-none\"><img decoding=\"async\" width=\"1200\" height=\"853\" title=\"aspt_01\" src=\"https:\/\/telemet.com\/wp-content\/uploads\/2016\/11\/ASPT_01.gif\" alt class=\"img-responsive wp-image-14055\"\/><\/span><\/div><\/div><div class=\"fusion-sep-clear\"><\/div><div class=\"fusion-separator fusion-full-width-sep\" style=\"margin-left: auto;margin-right: auto;margin-top:20px;width:100%;\"><\/div><div class=\"fusion-sep-clear\"><\/div><div class=\"fusion-align-block\"><a class=\"fusion-button button-flat button-xlarge button-default fusion-button-default button-1 fusion-button-default-span \" style=\"width:calc(100%);\" target=\"_blank\" rel=\"noopener noreferrer\" title=\"Download Brochure\" aria-label=\"Download Brochure\" href=\"\/wp-content\/uploads\/2016\/11\/LA_ASPT.pdf\"><span class=\"fusion-button-text awb-button__text awb-button__text--default\">Download Brochure (PDF)<\/span><i class=\" fa fa-file-pdf-o awb-button__icon awb-button__icon--default button-icon-right\" aria-hidden=\"true\"><\/i><\/a><\/div><div class=\"fusion-sep-clear\"><\/div><div class=\"fusion-separator fusion-full-width-sep\" style=\"margin-left: auto;margin-right: auto;margin-top:10px;width:100%;\"><\/div><div class=\"fusion-sep-clear\"><\/div><div class=\"fusion-align-block\"><a class=\"fusion-button button-flat button-xlarge button-default fusion-button-default button-2 fusion-button-default-span \" style=\"width:calc(100%);\" target=\"_blank\" rel=\"noopener noreferrer\" title=\"Download Brochure\" aria-label=\"Download Brochure\" href=\"\/wp-content\/uploads\/2016\/11\/BA_Airport_Jetsweeper.pdf\"><span class=\"fusion-button-text awb-button__text awb-button__text--default\">Airport Technology Brochure (PDF)<\/span><i class=\" fa fa-file-pdf-o awb-button__icon awb-button__icon--default button-icon-right\" aria-hidden=\"true\"><\/i><\/a><\/div><div class=\"fusion-sep-clear\"><\/div><div class=\"fusion-separator fusion-full-width-sep\" style=\"margin-left: auto;margin-right: auto;margin-top:20px;width:100%;\"><\/div><div class=\"fusion-sep-clear\"><\/div><div class=\"fusion-text fusion-text-1\"><h3>Pulverizador de aeropuerto<\/h3>\n<p>El ASPT es sobre todo ideal para su empleo en toda la infraestructura aeroportuaria de aeropuertos peque\u00f1os. La m\u00e1quina suministra el l\u00edquido descongelante con una dosificaci\u00f3n muy precisa a trav\u00e9s de boquillas de pulverizaci\u00f3n. La m\u00e1quina de pulverizaci\u00f3n montada en remolque puede ser remolcada simplemente por cualquier tractor disponible localmente.<\/p>\n<h3>Construcci\u00f3n y tecnolog\u00eda<\/h3>\n<p>El ASPT consta de tres componentes: La carrocer\u00eda del veh\u00edculo incluye un dep\u00f3sito para transporte de l\u00edquidos fabricado en polietileno y la unidad de accionamiento, dos brazos de pulverizaci\u00f3n montados lateralmente y equipados con boquillas especiales de pulverizaci\u00f3n y una barra de pulverizaci\u00f3n montada en la parte posterior con boquillas de pulverizaci\u00f3n. Las boquillas de inyecci\u00f3n de aire son de alta calidad y est\u00e1n dispuestas en una sola l\u00ednea. Los brazos de pulverizaci\u00f3n se pueden extender manualmente. Toda la m\u00e1quina est\u00e1 revestida con una protecci\u00f3n contra la corrosi\u00f3n desarrollada espec\u00edficamente. Todos los tubos pulverizadores est\u00e1n fabricados en acero inoxidable.<\/p>\n<h3>Aplicaciones<\/h3>\n<p>El ASPT se puede utilizar tanto en tareas de descongelaci\u00f3n como para evitar la formaci\u00f3n de hielo y dispone de una velocidad de funcionamiento fija. Cuando se extienden los brazos de pulverizaci\u00f3n, se logra una anchura de pulverizaci\u00f3n de hasta 15 metros. La aplicaci\u00f3n de l\u00edquido descongelante se lleva a cabo con elevada precisi\u00f3n y en la forma de un rociado denso. El sistema de bombeo a baja presi\u00f3n exclusivo de Schmidt, con sus boquillas de inyecci\u00f3n de aire, permite el empleo de una baja presi\u00f3n de pulverizaci\u00f3n. Adicionalmente, las boquillas de pulverizaci\u00f3n est\u00e1n montadas a tan s\u00f3lo 500 mil\u00edmetros por encima del suelo y producen grandes gotas. Por este motivo, los remolinos se reducen al m\u00ednimo. Gracias a las boquillas situadas a corta distancia, se producen patrones de pulverizaci\u00f3n superpuestos. La densidad del rociado se puede ajustar utilizando una palanca en la m\u00e1quina de pulverizaci\u00f3n.<\/p>\n<h3>Beneficios asociados al pulverizador ASPT<\/h3>\n<ul>\n<li>Concepto funcional y fiable.<\/li>\n<li>Inmediatamente listo para su uso sin un trabajo de preparaci\u00f3n importante.<\/li>\n<li>Sistema de pulverizaci\u00f3n fiable y sencillo.<\/li>\n<li>Pulverizaci\u00f3n con alta precisi\u00f3n y densidad.<\/li>\n<\/ul>\n<\/div><div class=\"fusion-clearfix\"><\/div><\/div><\/div><\/div><\/div>\n","protected":false},"excerpt":{"rendered":"","protected":false},"author":1,"featured_media":0,"parent":7269,"menu_order":9,"comment_status":"closed","ping_status":"closed","template":"side-navigation.php","meta":{"footnotes":""},"class_list":["post-7306","page","type-page","status-publish","hentry"],"yoast_head":"<!-- This site is optimized with the Yoast SEO plugin v26.2 - https:\/\/yoast.com\/wordpress\/plugins\/seo\/ -->\n<title>Aebi-Schmidt ASPT - Telemet<\/title>\n<meta name=\"robots\" content=\"index, follow, max-snippet:-1, max-image-preview:large, max-video-preview:-1\" \/>\n<link rel=\"canonical\" href=\"https:\/\/telemet.com\/es\/airport-technology\/ash-aspt\/\" \/>\n<meta property=\"og:locale\" content=\"es_ES\" \/>\n<meta property=\"og:type\" content=\"article\" \/>\n<meta property=\"og:title\" content=\"Aebi-Schmidt ASPT - Telemet\" \/>\n<meta property=\"og:url\" content=\"https:\/\/telemet.com\/es\/airport-technology\/ash-aspt\/\" \/>\n<meta property=\"og:site_name\" content=\"Telemet\" \/>\n<meta property=\"article:modified_time\" content=\"2023-08-18T13:48:19+00:00\" \/>\n<meta property=\"og:image\" content=\"https:\/\/telemet.com\/wp-content\/uploads\/2016\/11\/ASPT_01.gif\" \/>\n<meta name=\"twitter:card\" content=\"summary_large_image\" \/>\n<meta name=\"twitter:label1\" content=\"Tiempo de lectura\" \/>\n\t<meta name=\"twitter:data1\" content=\"4 minutes\" \/>\n<script type=\"application\/ld+json\" class=\"yoast-schema-graph\">{\"@context\":\"https:\/\/schema.org\",\"@graph\":[{\"@type\":\"WebPage\",\"@id\":\"https:\/\/telemet.com\/es\/airport-technology\/ash-aspt\/\",\"url\":\"https:\/\/telemet.com\/es\/airport-technology\/ash-aspt\/\",\"name\":\"Aebi-Schmidt ASPT - Telemet\",\"isPartOf\":{\"@id\":\"https:\/\/telemet.com\/es\/#website\"},\"primaryImageOfPage\":{\"@id\":\"https:\/\/telemet.com\/es\/airport-technology\/ash-aspt\/#primaryimage\"},\"image\":{\"@id\":\"https:\/\/telemet.com\/es\/airport-technology\/ash-aspt\/#primaryimage\"},\"thumbnailUrl\":\"https:\/\/telemet.com\/wp-content\/uploads\/2016\/11\/ASPT_01.gif\",\"datePublished\":\"2016-11-22T02:18:54+00:00\",\"dateModified\":\"2023-08-18T13:48:19+00:00\",\"breadcrumb\":{\"@id\":\"https:\/\/telemet.com\/es\/airport-technology\/ash-aspt\/#breadcrumb\"},\"inLanguage\":\"es-ES\",\"potentialAction\":[{\"@type\":\"ReadAction\",\"target\":[\"https:\/\/telemet.com\/es\/airport-technology\/ash-aspt\/\"]}]},{\"@type\":\"ImageObject\",\"inLanguage\":\"es-ES\",\"@id\":\"https:\/\/telemet.com\/es\/airport-technology\/ash-aspt\/#primaryimage\",\"url\":\"https:\/\/telemet.com\/wp-content\/uploads\/2016\/11\/ASPT_01.gif\",\"contentUrl\":\"https:\/\/telemet.com\/wp-content\/uploads\/2016\/11\/ASPT_01.gif\"},{\"@type\":\"BreadcrumbList\",\"@id\":\"https:\/\/telemet.com\/es\/airport-technology\/ash-aspt\/#breadcrumb\",\"itemListElement\":[{\"@type\":\"ListItem\",\"position\":1,\"name\":\"Home\",\"item\":\"https:\/\/telemet.com\/es\/\"},{\"@type\":\"ListItem\",\"position\":2,\"name\":\"Airport technology\",\"item\":\"https:\/\/telemet.com\/es\/airport-technology\/\"},{\"@type\":\"ListItem\",\"position\":3,\"name\":\"Aebi-Schmidt ASPT\"}]},{\"@type\":\"WebSite\",\"@id\":\"https:\/\/telemet.com\/es\/#website\",\"url\":\"https:\/\/telemet.com\/es\/\",\"name\":\"Telemet, Inc.\",\"description\":\"Efficiency through Simplicity\",\"potentialAction\":[{\"@type\":\"SearchAction\",\"target\":{\"@type\":\"EntryPoint\",\"urlTemplate\":\"https:\/\/telemet.com\/es\/?s={search_term_string}\"},\"query-input\":{\"@type\":\"PropertyValueSpecification\",\"valueRequired\":true,\"valueName\":\"search_term_string\"}}],\"inLanguage\":\"es-ES\"}]}<\/script>\n<!-- \/ Yoast SEO plugin. -->","yoast_head_json":{"title":"Aebi-Schmidt ASPT - Telemet","robots":{"index":"index","follow":"follow","max-snippet":"max-snippet:-1","max-image-preview":"max-image-preview:large","max-video-preview":"max-video-preview:-1"},"canonical":"https:\/\/telemet.com\/es\/airport-technology\/ash-aspt\/","og_locale":"es_ES","og_type":"article","og_title":"Aebi-Schmidt ASPT - Telemet","og_url":"https:\/\/telemet.com\/es\/airport-technology\/ash-aspt\/","og_site_name":"Telemet","article_modified_time":"2023-08-18T13:48:19+00:00","og_image":[{"url":"https:\/\/telemet.com\/wp-content\/uploads\/2016\/11\/ASPT_01.gif","type":"","width":"","height":""}],"twitter_card":"summary_large_image","twitter_misc":{"Tiempo de lectura":"4 minutes"},"schema":{"@context":"https:\/\/schema.org","@graph":[{"@type":"WebPage","@id":"https:\/\/telemet.com\/es\/airport-technology\/ash-aspt\/","url":"https:\/\/telemet.com\/es\/airport-technology\/ash-aspt\/","name":"Aebi-Schmidt ASPT - Telemet","isPartOf":{"@id":"https:\/\/telemet.com\/es\/#website"},"primaryImageOfPage":{"@id":"https:\/\/telemet.com\/es\/airport-technology\/ash-aspt\/#primaryimage"},"image":{"@id":"https:\/\/telemet.com\/es\/airport-technology\/ash-aspt\/#primaryimage"},"thumbnailUrl":"https:\/\/telemet.com\/wp-content\/uploads\/2016\/11\/ASPT_01.gif","datePublished":"2016-11-22T02:18:54+00:00","dateModified":"2023-08-18T13:48:19+00:00","breadcrumb":{"@id":"https:\/\/telemet.com\/es\/airport-technology\/ash-aspt\/#breadcrumb"},"inLanguage":"es-ES","potentialAction":[{"@type":"ReadAction","target":["https:\/\/telemet.com\/es\/airport-technology\/ash-aspt\/"]}]},{"@type":"ImageObject","inLanguage":"es-ES","@id":"https:\/\/telemet.com\/es\/airport-technology\/ash-aspt\/#primaryimage","url":"https:\/\/telemet.com\/wp-content\/uploads\/2016\/11\/ASPT_01.gif","contentUrl":"https:\/\/telemet.com\/wp-content\/uploads\/2016\/11\/ASPT_01.gif"},{"@type":"BreadcrumbList","@id":"https:\/\/telemet.com\/es\/airport-technology\/ash-aspt\/#breadcrumb","itemListElement":[{"@type":"ListItem","position":1,"name":"Home","item":"https:\/\/telemet.com\/es\/"},{"@type":"ListItem","position":2,"name":"Airport technology","item":"https:\/\/telemet.com\/es\/airport-technology\/"},{"@type":"ListItem","position":3,"name":"Aebi-Schmidt ASPT"}]},{"@type":"WebSite","@id":"https:\/\/telemet.com\/es\/#website","url":"https:\/\/telemet.com\/es\/","name":"Telemet, Inc.","description":"Efficiency through Simplicity","potentialAction":[{"@type":"SearchAction","target":{"@type":"EntryPoint","urlTemplate":"https:\/\/telemet.com\/es\/?s={search_term_string}"},"query-input":{"@type":"PropertyValueSpecification","valueRequired":true,"valueName":"search_term_string"}}],"inLanguage":"es-ES"}]}},"_links":{"self":[{"href":"https:\/\/telemet.com\/es\/wp-json\/wp\/v2\/pages\/7306","targetHints":{"allow":["GET"]}}],"collection":[{"href":"https:\/\/telemet.com\/es\/wp-json\/wp\/v2\/pages"}],"about":[{"href":"https:\/\/telemet.com\/es\/wp-json\/wp\/v2\/types\/page"}],"author":[{"embeddable":true,"href":"https:\/\/telemet.com\/es\/wp-json\/wp\/v2\/users\/1"}],"replies":[{"embeddable":true,"href":"https:\/\/telemet.com\/es\/wp-json\/wp\/v2\/comments?post=7306"}],"version-history":[{"count":3,"href":"https:\/\/telemet.com\/es\/wp-json\/wp\/v2\/pages\/7306\/revisions"}],"predecessor-version":[{"id":14053,"href":"https:\/\/telemet.com\/es\/wp-json\/wp\/v2\/pages\/7306\/revisions\/14053"}],"up":[{"embeddable":true,"href":"https:\/\/telemet.com\/es\/wp-json\/wp\/v2\/pages\/7269"}],"wp:attachment":[{"href":"https:\/\/telemet.com\/es\/wp-json\/wp\/v2\/media?parent=7306"}],"curies":[{"name":"wp","href":"https:\/\/api.w.org\/{rel}","templated":true}]}}