{"id":7321,"date":"2016-11-22T02:41:57","date_gmt":"2016-11-22T02:41:58","guid":{"rendered":"http:\/\/telemet.com\/es\/airport-technology\/ash-rsp\/"},"modified":"2023-08-18T13:49:32","modified_gmt":"2023-08-18T13:49:32","slug":"ash-rsp","status":"publish","type":"page","link":"https:\/\/telemet.com\/es\/airport-technology\/ash-rsp\/","title":{"rendered":"Aebi-Schmidt RSP"},"content":{"rendered":"<div class=\"fusion-fullwidth fullwidth-box fusion-builder-row-1 nonhundred-percent-fullwidth non-hundred-percent-height-scrolling\" style=\"--awb-background-position:left top;--awb-border-radius-top-left:0px;--awb-border-radius-top-right:0px;--awb-border-radius-bottom-right:0px;--awb-border-radius-bottom-left:0px;--awb-padding-top:0px;--awb-padding-bottom:20px;--awb-border-sizes-top:0px;--awb-border-sizes-bottom:0px;--awb-flex-wrap:wrap;\" ><div class=\"fusion-builder-row fusion-row\"><div class=\"fusion-layout-column fusion_builder_column fusion-builder-column-0 fusion_builder_column_1_1 1_1 fusion-one-full fusion-column-first fusion-column-last fusion-column-no-min-height\" style=\"--awb-bg-size:cover;--awb-margin-top:0px;--awb-margin-bottom:0px;\"><div class=\"fusion-column-wrapper fusion-flex-column-wrapper-legacy\"><div class=\"fusion-image-element fusion-image-align-center in-legacy-container\" style=\"text-align:center;--awb-caption-title-font-family:var(--h2_typography-font-family);--awb-caption-title-font-weight:var(--h2_typography-font-weight);--awb-caption-title-font-style:var(--h2_typography-font-style);--awb-caption-title-size:var(--h2_typography-font-size);--awb-caption-title-transform:var(--h2_typography-text-transform);--awb-caption-title-line-height:var(--h2_typography-line-height);--awb-caption-title-letter-spacing:var(--h2_typography-letter-spacing);\"><div class=\"imageframe-align-center\"><span class=\" fusion-imageframe imageframe-none imageframe-1 hover-type-none\"><img decoding=\"async\" width=\"1200\" height=\"900\" title=\"rsp_3s_01\" src=\"https:\/\/telemet.com\/wp-content\/uploads\/2016\/11\/RSP_3S_01.gif\" alt class=\"img-responsive wp-image-14068\"\/><\/span><\/div><\/div><div class=\"fusion-sep-clear\"><\/div><div class=\"fusion-separator fusion-full-width-sep\" style=\"margin-left: auto;margin-right: auto;margin-top:20px;width:100%;\"><\/div><div class=\"fusion-sep-clear\"><\/div><div class=\"fusion-align-block\"><a class=\"fusion-button button-flat button-xlarge button-default fusion-button-default button-1 fusion-button-default-span \" style=\"width:calc(100%);\" target=\"_blank\" rel=\"noopener noreferrer\" title=\"Download Brochure\" aria-label=\"Download Brochure\" href=\"\/wp-content\/uploads\/2016\/11\/LA_RSP_en.pdf\"><span class=\"fusion-button-text awb-button__text awb-button__text--default\">Download Brochure (PDF)<\/span><i class=\" fa fa-file-pdf-o awb-button__icon awb-button__icon--default button-icon-right\" aria-hidden=\"true\"><\/i><\/a><\/div><div class=\"fusion-sep-clear\"><\/div><div class=\"fusion-separator fusion-full-width-sep\" style=\"margin-left: auto;margin-right: auto;margin-top:10px;width:100%;\"><\/div><div class=\"fusion-sep-clear\"><\/div><div class=\"fusion-align-block\"><a class=\"fusion-button button-flat button-xlarge button-default fusion-button-default button-2 fusion-button-default-span \" style=\"width:calc(100%);\" target=\"_blank\" rel=\"noopener noreferrer\" title=\"Download Brochure\" aria-label=\"Download Brochure\" href=\"\/wp-content\/uploads\/2016\/11\/BA_Airport_Jetsweeper.pdf\"><span class=\"fusion-button-text awb-button__text awb-button__text--default\">Airport Technology Brochure (PDF)<\/span><i class=\" fa fa-file-pdf-o awb-button__icon awb-button__icon--default button-icon-right\" aria-hidden=\"true\"><\/i><\/a><\/div><div class=\"fusion-sep-clear\"><\/div><div class=\"fusion-separator fusion-full-width-sep\" style=\"margin-left: auto;margin-right: auto;margin-top:20px;width:100%;\"><\/div><div class=\"fusion-sep-clear\"><\/div><div class=\"fusion-clearfix\"><\/div><\/div><\/div><div class=\"fusion-layout-column fusion_builder_column fusion-builder-column-1 fusion_builder_column_1_1 1_1 fusion-one-full fusion-column-first fusion-column-last fusion-column-no-min-height\" style=\"--awb-bg-size:cover;--awb-margin-top:0px;--awb-margin-bottom:0px;\"><div class=\"fusion-column-wrapper fusion-flex-column-wrapper-legacy\"><div class=\"fusion-video fusion-youtube\" style=\"--awb-max-width:600px;--awb-max-height:350px;\"><div class=\"video-shortcode\"><div class=\"fluid-width-video-wrapper\" style=\"padding-top:58.33%;\" ><iframe title=\"YouTube video player 1\" src=\"https:\/\/www.youtube.com\/embed\/UB9WnAG87fQ?wmode=transparent&autoplay=0\" width=\"600\" height=\"350\" allowfullscreen allow=\"autoplay; clipboard-write; encrypted-media; gyroscope; picture-in-picture;\"><\/iframe><\/div><\/div><\/div><div class=\"fusion-sep-clear\"><\/div><div class=\"fusion-separator fusion-full-width-sep\" style=\"margin-left: auto;margin-right: auto;margin-top:20px;width:100%;\"><\/div><div class=\"fusion-sep-clear\"><\/div><div class=\"fusion-text fusion-text-1\"><h3>Pulverizador de aeropuerto<\/h3>\n<p>El modelo WSP ha sido desarrollado para el deshielo de las plataformas de aeropuertos. Sus boquillas de pulverizaci\u00f3n y proyecci\u00f3n garantizan una distribuci\u00f3n altamente precisa del l\u00edquido descongelante. La anchura de pulverizaci\u00f3n m\u00e1xima es 20 metros.<\/p>\n<h3>Construcci\u00f3n y tecnolog\u00eda<\/h3>\n<p>El modelo WSP consta de tres componentes: los dep\u00f3sitos de fluido modulares de polietileno, la unidad de tracci\u00f3n sobre el eje del veh\u00edculo (Roto-Power), as\u00ed como, una barra de pulverizaci\u00f3n montada en la parte posterior con boquillas de inyecci\u00f3n y de proyecci\u00f3n. Las boquillas de inyecci\u00f3n de aire de alta calidad se encuentran en una fila ubicada en la barra de pulverizaci\u00f3n. A cada lado, por encima, de los extremos de la barra de pulverizaci\u00f3n se encuentra una boquilla de proyecci\u00f3n. Toda la m\u00e1quina est\u00e1 revestida de una protecci\u00f3n contra la corrosi\u00f3n desarrollada espec\u00edficamente. Todas las cavidades est\u00e1n cerradas para el aire. Los tubos pulverizadores est\u00e1n fabricados en acero inoxidable. Los pulverizadores han sido dise\u00f1ados para su montaje en veh\u00edculos de transporte ligeros, medios y pesados. El dise\u00f1o modular del WSP ofrece una amplia variedad de opciones de montaje. Esto garantiza una sencilla configuraci\u00f3n para satisfacer las necesidades propias de cada aeropuerto. Por ejemplo, montar el pulverizador en el veh\u00edculo de transporte se puede llevar a cabo mediante un sistema de montaje fijo o un sistema desmontable.<\/p>\n<h3>En funcionamiento<\/h3>\n<p>El modelo ataca superficies congeladas usando m\u00e9todos anticongelantes y desheladores, con una velocidad de avance de entre 12 a18 km\/h y una velocidad de funcionamiento correspondiente. Debido a su poca anchura sin los brazos laterales de pulverizaci\u00f3n y a su gran maniobrabilidad, el WSP resulta ideal para su empleo en plataformas de aeropuertos. El ancho de pulverizaci\u00f3n de la barra trasera de pulverizaci\u00f3n es de 4 m. Se alcanza un ancho asim\u00e9trico de pulverizaci\u00f3n de 12 m mediante la activaci\u00f3n de una de las dos boquillas laterales de pulverizaci\u00f3n amplia. La anchura m\u00e1xima de pulverizaci\u00f3n de 20 m se alcanza al activar la segunda boquilla de proyecci\u00f3n lateral sobre el otro lado de la barra de pulverizadores. Existen tres bombas que inyectan el l\u00edquido de descongelaci\u00f3n a las boquillas. La cantidad de l\u00edquido inyectada depender\u00e1 de la velocidad de desplazamiento de la m\u00e1quina. Dos de las boquillas de proyecci\u00f3n est\u00e1n reguladas por una bomba mientras que la tercera suministra l\u00edquido a las boquillas de pulverizaci\u00f3n. Se puede pulverizar hasta 20 g\/m\u00b2 de l\u00edquido descongelante con una cobertura adecuada y eficiente. El \u00fanico sistema de bombeo de baja presi\u00f3n de Schmidt con sus boquillas de inyecci\u00f3n de aire, proporciona una presi\u00f3n baja de pulverizaci\u00f3n durante su funcionamiento. Las boquillas de la parte posterior se sit\u00faan justo a 300 mm por encima de la superficie del suelo y forman grandes gotas. Esto reduce a un m\u00ednimo el remolino provocado por la turbulencia. La pulverizaci\u00f3n se controla con el panel de control que es muy f\u00e1cil de manejar y se encuentra ubicado en la cabina del operador. Esto significa que tanto la anchura de pulverizaci\u00f3n como la dosificaci\u00f3n se pueden regular de forma r\u00e1pida y eficaz.<\/p>\n<\/div><div class=\"fusion-clearfix\"><\/div><\/div><\/div><\/div><\/div>\n","protected":false},"excerpt":{"rendered":"","protected":false},"author":1,"featured_media":0,"parent":7269,"menu_order":11,"comment_status":"closed","ping_status":"closed","template":"side-navigation.php","meta":{"footnotes":""},"class_list":["post-7321","page","type-page","status-publish","hentry"],"yoast_head":"<!-- This site is optimized with the Yoast SEO plugin v26.2 - https:\/\/yoast.com\/wordpress\/plugins\/seo\/ -->\n<title>Aebi-Schmidt RSP - Telemet<\/title>\n<meta name=\"robots\" content=\"index, follow, max-snippet:-1, max-image-preview:large, max-video-preview:-1\" \/>\n<link rel=\"canonical\" href=\"https:\/\/telemet.com\/es\/airport-technology\/ash-rsp\/\" \/>\n<meta property=\"og:locale\" content=\"es_ES\" \/>\n<meta property=\"og:type\" content=\"article\" \/>\n<meta property=\"og:title\" content=\"Aebi-Schmidt RSP - Telemet\" \/>\n<meta property=\"og:url\" content=\"https:\/\/telemet.com\/es\/airport-technology\/ash-rsp\/\" \/>\n<meta property=\"og:site_name\" content=\"Telemet\" \/>\n<meta property=\"article:modified_time\" content=\"2023-08-18T13:49:32+00:00\" \/>\n<meta property=\"og:image\" content=\"https:\/\/telemet.com\/wp-content\/uploads\/2016\/11\/RSP_3S_01.gif\" \/>\n<meta name=\"twitter:card\" content=\"summary_large_image\" \/>\n<meta name=\"twitter:label1\" content=\"Tiempo de lectura\" \/>\n\t<meta name=\"twitter:data1\" content=\"5 minutes\" \/>\n<script type=\"application\/ld+json\" class=\"yoast-schema-graph\">{\"@context\":\"https:\/\/schema.org\",\"@graph\":[{\"@type\":\"WebPage\",\"@id\":\"https:\/\/telemet.com\/es\/airport-technology\/ash-rsp\/\",\"url\":\"https:\/\/telemet.com\/es\/airport-technology\/ash-rsp\/\",\"name\":\"Aebi-Schmidt RSP - Telemet\",\"isPartOf\":{\"@id\":\"https:\/\/telemet.com\/es\/#website\"},\"primaryImageOfPage\":{\"@id\":\"https:\/\/telemet.com\/es\/airport-technology\/ash-rsp\/#primaryimage\"},\"image\":{\"@id\":\"https:\/\/telemet.com\/es\/airport-technology\/ash-rsp\/#primaryimage\"},\"thumbnailUrl\":\"https:\/\/telemet.com\/wp-content\/uploads\/2016\/11\/RSP_3S_01.gif\",\"datePublished\":\"2016-11-22T02:41:58+00:00\",\"dateModified\":\"2023-08-18T13:49:32+00:00\",\"breadcrumb\":{\"@id\":\"https:\/\/telemet.com\/es\/airport-technology\/ash-rsp\/#breadcrumb\"},\"inLanguage\":\"es-ES\",\"potentialAction\":[{\"@type\":\"ReadAction\",\"target\":[\"https:\/\/telemet.com\/es\/airport-technology\/ash-rsp\/\"]}]},{\"@type\":\"ImageObject\",\"inLanguage\":\"es-ES\",\"@id\":\"https:\/\/telemet.com\/es\/airport-technology\/ash-rsp\/#primaryimage\",\"url\":\"https:\/\/telemet.com\/wp-content\/uploads\/2016\/11\/RSP_3S_01.gif\",\"contentUrl\":\"https:\/\/telemet.com\/wp-content\/uploads\/2016\/11\/RSP_3S_01.gif\"},{\"@type\":\"BreadcrumbList\",\"@id\":\"https:\/\/telemet.com\/es\/airport-technology\/ash-rsp\/#breadcrumb\",\"itemListElement\":[{\"@type\":\"ListItem\",\"position\":1,\"name\":\"Home\",\"item\":\"https:\/\/telemet.com\/es\/\"},{\"@type\":\"ListItem\",\"position\":2,\"name\":\"Airport technology\",\"item\":\"https:\/\/telemet.com\/es\/airport-technology\/\"},{\"@type\":\"ListItem\",\"position\":3,\"name\":\"Aebi-Schmidt RSP\"}]},{\"@type\":\"WebSite\",\"@id\":\"https:\/\/telemet.com\/es\/#website\",\"url\":\"https:\/\/telemet.com\/es\/\",\"name\":\"Telemet, Inc.\",\"description\":\"Efficiency through Simplicity\",\"potentialAction\":[{\"@type\":\"SearchAction\",\"target\":{\"@type\":\"EntryPoint\",\"urlTemplate\":\"https:\/\/telemet.com\/es\/?s={search_term_string}\"},\"query-input\":{\"@type\":\"PropertyValueSpecification\",\"valueRequired\":true,\"valueName\":\"search_term_string\"}}],\"inLanguage\":\"es-ES\"}]}<\/script>\n<!-- \/ Yoast SEO plugin. -->","yoast_head_json":{"title":"Aebi-Schmidt RSP - Telemet","robots":{"index":"index","follow":"follow","max-snippet":"max-snippet:-1","max-image-preview":"max-image-preview:large","max-video-preview":"max-video-preview:-1"},"canonical":"https:\/\/telemet.com\/es\/airport-technology\/ash-rsp\/","og_locale":"es_ES","og_type":"article","og_title":"Aebi-Schmidt RSP - Telemet","og_url":"https:\/\/telemet.com\/es\/airport-technology\/ash-rsp\/","og_site_name":"Telemet","article_modified_time":"2023-08-18T13:49:32+00:00","og_image":[{"url":"https:\/\/telemet.com\/wp-content\/uploads\/2016\/11\/RSP_3S_01.gif","type":"","width":"","height":""}],"twitter_card":"summary_large_image","twitter_misc":{"Tiempo de lectura":"5 minutes"},"schema":{"@context":"https:\/\/schema.org","@graph":[{"@type":"WebPage","@id":"https:\/\/telemet.com\/es\/airport-technology\/ash-rsp\/","url":"https:\/\/telemet.com\/es\/airport-technology\/ash-rsp\/","name":"Aebi-Schmidt RSP - Telemet","isPartOf":{"@id":"https:\/\/telemet.com\/es\/#website"},"primaryImageOfPage":{"@id":"https:\/\/telemet.com\/es\/airport-technology\/ash-rsp\/#primaryimage"},"image":{"@id":"https:\/\/telemet.com\/es\/airport-technology\/ash-rsp\/#primaryimage"},"thumbnailUrl":"https:\/\/telemet.com\/wp-content\/uploads\/2016\/11\/RSP_3S_01.gif","datePublished":"2016-11-22T02:41:58+00:00","dateModified":"2023-08-18T13:49:32+00:00","breadcrumb":{"@id":"https:\/\/telemet.com\/es\/airport-technology\/ash-rsp\/#breadcrumb"},"inLanguage":"es-ES","potentialAction":[{"@type":"ReadAction","target":["https:\/\/telemet.com\/es\/airport-technology\/ash-rsp\/"]}]},{"@type":"ImageObject","inLanguage":"es-ES","@id":"https:\/\/telemet.com\/es\/airport-technology\/ash-rsp\/#primaryimage","url":"https:\/\/telemet.com\/wp-content\/uploads\/2016\/11\/RSP_3S_01.gif","contentUrl":"https:\/\/telemet.com\/wp-content\/uploads\/2016\/11\/RSP_3S_01.gif"},{"@type":"BreadcrumbList","@id":"https:\/\/telemet.com\/es\/airport-technology\/ash-rsp\/#breadcrumb","itemListElement":[{"@type":"ListItem","position":1,"name":"Home","item":"https:\/\/telemet.com\/es\/"},{"@type":"ListItem","position":2,"name":"Airport technology","item":"https:\/\/telemet.com\/es\/airport-technology\/"},{"@type":"ListItem","position":3,"name":"Aebi-Schmidt RSP"}]},{"@type":"WebSite","@id":"https:\/\/telemet.com\/es\/#website","url":"https:\/\/telemet.com\/es\/","name":"Telemet, Inc.","description":"Efficiency through Simplicity","potentialAction":[{"@type":"SearchAction","target":{"@type":"EntryPoint","urlTemplate":"https:\/\/telemet.com\/es\/?s={search_term_string}"},"query-input":{"@type":"PropertyValueSpecification","valueRequired":true,"valueName":"search_term_string"}}],"inLanguage":"es-ES"}]}},"_links":{"self":[{"href":"https:\/\/telemet.com\/es\/wp-json\/wp\/v2\/pages\/7321","targetHints":{"allow":["GET"]}}],"collection":[{"href":"https:\/\/telemet.com\/es\/wp-json\/wp\/v2\/pages"}],"about":[{"href":"https:\/\/telemet.com\/es\/wp-json\/wp\/v2\/types\/page"}],"author":[{"embeddable":true,"href":"https:\/\/telemet.com\/es\/wp-json\/wp\/v2\/users\/1"}],"replies":[{"embeddable":true,"href":"https:\/\/telemet.com\/es\/wp-json\/wp\/v2\/comments?post=7321"}],"version-history":[{"count":3,"href":"https:\/\/telemet.com\/es\/wp-json\/wp\/v2\/pages\/7321\/revisions"}],"predecessor-version":[{"id":14066,"href":"https:\/\/telemet.com\/es\/wp-json\/wp\/v2\/pages\/7321\/revisions\/14066"}],"up":[{"embeddable":true,"href":"https:\/\/telemet.com\/es\/wp-json\/wp\/v2\/pages\/7269"}],"wp:attachment":[{"href":"https:\/\/telemet.com\/es\/wp-json\/wp\/v2\/media?parent=7321"}],"curies":[{"name":"wp","href":"https:\/\/api.w.org\/{rel}","templated":true}]}}