{"id":7331,"date":"2016-11-22T02:53:57","date_gmt":"2016-11-22T02:53:01","guid":{"rendered":"http:\/\/telemet.com\/es\/airport-technology\/ash-ace\/"},"modified":"2023-08-18T13:50:05","modified_gmt":"2023-08-18T13:50:05","slug":"ash-ace","status":"publish","type":"page","link":"https:\/\/telemet.com\/es\/airport-technology\/ash-ace\/","title":{"rendered":"Aebi-Schmidt ACE"},"content":{"rendered":"<div class=\"fusion-fullwidth fullwidth-box fusion-builder-row-1 nonhundred-percent-fullwidth non-hundred-percent-height-scrolling\" style=\"--awb-background-position:left top;--awb-border-radius-top-left:0px;--awb-border-radius-top-right:0px;--awb-border-radius-bottom-right:0px;--awb-border-radius-bottom-left:0px;--awb-padding-top:0px;--awb-padding-bottom:20px;--awb-border-sizes-top:0px;--awb-border-sizes-bottom:0px;--awb-flex-wrap:wrap;\" ><div class=\"fusion-builder-row fusion-row\"><div class=\"fusion-layout-column fusion_builder_column fusion-builder-column-0 fusion_builder_column_1_1 1_1 fusion-one-full fusion-column-first fusion-column-last fusion-column-no-min-height\" style=\"--awb-bg-size:cover;--awb-margin-top:0px;--awb-margin-bottom:0px;\"><div class=\"fusion-column-wrapper fusion-flex-column-wrapper-legacy\"><div class=\"fusion-image-element fusion-image-align-center in-legacy-container\" style=\"text-align:center;--awb-caption-title-font-family:var(--h2_typography-font-family);--awb-caption-title-font-weight:var(--h2_typography-font-weight);--awb-caption-title-font-style:var(--h2_typography-font-style);--awb-caption-title-size:var(--h2_typography-font-size);--awb-caption-title-transform:var(--h2_typography-text-transform);--awb-caption-title-line-height:var(--h2_typography-line-height);--awb-caption-title-letter-spacing:var(--h2_typography-letter-spacing);\"><div class=\"imageframe-align-center\"><span class=\" fusion-imageframe imageframe-none imageframe-1 hover-type-none\"><img decoding=\"async\" width=\"1200\" height=\"800\" title=\"ace_2s\" src=\"https:\/\/telemet.com\/wp-content\/uploads\/2016\/11\/ACE_2S.gif\" alt class=\"img-responsive wp-image-14077\"\/><\/span><\/div><\/div><div class=\"fusion-sep-clear\"><\/div><div class=\"fusion-separator fusion-full-width-sep\" style=\"margin-left: auto;margin-right: auto;margin-top:20px;width:100%;\"><\/div><div class=\"fusion-sep-clear\"><\/div><div class=\"fusion-align-block\"><a class=\"fusion-button button-flat button-xlarge button-default fusion-button-default button-1 fusion-button-default-span \" style=\"width:calc(100%);\" target=\"_blank\" rel=\"noopener noreferrer\" title=\"Download Brochure\" aria-label=\"Download Brochure\" href=\"\/wp-content\/uploads\/2016\/11\/LA_ACE_en.pdf\"><span class=\"fusion-button-text awb-button__text awb-button__text--default\">Download Brochure (PDF)<\/span><i class=\" fa fa-file-pdf-o awb-button__icon awb-button__icon--default button-icon-right\" aria-hidden=\"true\"><\/i><\/a><\/div><div class=\"fusion-sep-clear\"><\/div><div class=\"fusion-separator fusion-full-width-sep\" style=\"margin-left: auto;margin-right: auto;margin-top:10px;width:100%;\"><\/div><div class=\"fusion-sep-clear\"><\/div><div class=\"fusion-align-block\"><a class=\"fusion-button button-flat button-xlarge button-default fusion-button-default button-2 fusion-button-default-span \" style=\"width:calc(100%);\" target=\"_blank\" rel=\"noopener noreferrer\" title=\"Download Brochure\" aria-label=\"Download Brochure\" href=\"\/wp-content\/uploads\/2016\/11\/BA_Airport_Jetsweeper.pdf\"><span class=\"fusion-button-text awb-button__text awb-button__text--default\">Airport Technology Brochure (PDF)<\/span><i class=\" fa fa-file-pdf-o awb-button__icon awb-button__icon--default button-icon-right\" aria-hidden=\"true\"><\/i><\/a><\/div><div class=\"fusion-sep-clear\"><\/div><div class=\"fusion-separator fusion-full-width-sep\" style=\"margin-left: auto;margin-right: auto;margin-top:20px;width:100%;\"><\/div><div class=\"fusion-sep-clear\"><\/div><div class=\"fusion-text fusion-text-1\"><h3>M\u00e1quina de combinaci\u00f3n para aeropuertos<\/h3>\n<p>La ACE fue desarrollada para descongelar pistas de despegue y rodadura, y plataformas en aeropuertos. Aplica agentes de descongelaci\u00f3n l\u00edquidos y s\u00f3lidos con una precisi\u00f3n extrema utilizando dos discos de dispersi\u00f3n especiales. La anchura de pulverizaci\u00f3n m\u00e1xima es 15 metros, y la anchura de dispersi\u00f3n m\u00e1xima de 24 metros.<\/p>\n<h3>Construcci\u00f3n y tecnolog\u00eda<\/h3>\n<p>El modelo ACE consta de tres componentes: la unidad de accionamiento y los dep\u00f3sitos de fluido modulares de polietileno, la tolva separada as\u00ed como los dos discos combinados especiales montados en la parte posterior Los discos combinados, estables y de bajo coste de mantenimiento, se desarrollaron espec\u00edficamente para aplicar los dos materiales descongelantes, l\u00edquidos y s\u00f3lidos. Hay muy pocos elementos que sufren desgaste. Toda la m\u00e1quina est\u00e1 revestida de una protecci\u00f3n contra la corrosi\u00f3n desarrollada espec\u00edficamente. Todas las cavidades est\u00e1n cerradas para el aire. Dise\u00f1ada espec\u00edficamente para su montaje sobre grandes veh\u00edculos transportadores, la m\u00e1quina multifunci\u00f3n est\u00e1 propulsada por el sistema hidr\u00e1ulico del veh\u00edculo o por un motor di\u00e9sel independiente Su dise\u00f1o modular permite una amplia variedad de opciones de montaje para la ACE-RSP. Esto garantiza la personalizaci\u00f3n sencilla para satisfacer las necesidades individuales de los distintos aeropuertos.<\/p>\n<h3>En funcionamiento<\/h3>\n<p>La ACE ataca las superficies heladas usando m\u00e9todos anticongelantes y deshelantes, con un control relacionado con la velocidad de avance de hasta 40 km\/h. La anchura de pulverizaci\u00f3n de los dos discos de pulverizaci\u00f3n, que forman un \u00e1ngulo, localizados en la parte posterior de la m\u00e1quina es de 6 \u2013 24 m. Durante la pulverizaci\u00f3n es de 6 \u201315 m. Se puede aplicar hasta un 50 % de material de dispersi\u00f3n s\u00f3lido con el aditivo de un agente descongelante l\u00edquido. La aplicaci\u00f3n de hasta 50 g\/m\u00b2 del l\u00edquido descongelante se puede efectuar de forma precisa y con una alta eficacia de cobertura. Los discos combinados especiales forman gotas grandes, y se ubican justo a 500 mm sobre la superficie del terreno. Esto reduce a un m\u00ednimo el remolino provocado por la turbulencia. Utilizando dos bombas, los fluidos descongelantes se bombean en funci\u00f3n de la velocidad de avance, desde los dep\u00f3sitos hasta los discos pulverizadores especiales. Los discos de pulverizaci\u00f3n est\u00e1n provistos de un sistema de inyecci\u00f3n especial. La alimentaci\u00f3n el\u00e9ctrica en bucle cerrado fiable de la cinta transportadora, de las bombas de fluido y de los discos combinados especiales garantiza un modelo de pulverizaci\u00f3n regular y preciso. La pulverizaci\u00f3n se controla con el panel de control CL, muy f\u00e1cil de manejar y ubicado en la cabina del operador. Esto significa que tanto la anchura de pulverizaci\u00f3n como la dosificaci\u00f3n se pueden regular de forma r\u00e1pida y eficaz.<\/p>\n<\/div><div class=\"fusion-clearfix\"><\/div><\/div><\/div><\/div><\/div>\n","protected":false},"excerpt":{"rendered":"","protected":false},"author":1,"featured_media":0,"parent":7269,"menu_order":12,"comment_status":"closed","ping_status":"closed","template":"side-navigation.php","meta":{"footnotes":""},"class_list":["post-7331","page","type-page","status-publish","hentry"],"yoast_head":"<!-- This site is optimized with the Yoast SEO plugin v26.2 - https:\/\/yoast.com\/wordpress\/plugins\/seo\/ -->\n<title>Aebi-Schmidt ACE - Telemet<\/title>\n<meta name=\"robots\" content=\"index, follow, max-snippet:-1, max-image-preview:large, max-video-preview:-1\" \/>\n<link rel=\"canonical\" href=\"https:\/\/telemet.com\/es\/airport-technology\/ash-ace\/\" \/>\n<meta property=\"og:locale\" content=\"es_ES\" \/>\n<meta property=\"og:type\" content=\"article\" \/>\n<meta property=\"og:title\" content=\"Aebi-Schmidt ACE - Telemet\" \/>\n<meta property=\"og:url\" content=\"https:\/\/telemet.com\/es\/airport-technology\/ash-ace\/\" \/>\n<meta property=\"og:site_name\" content=\"Telemet\" \/>\n<meta property=\"article:modified_time\" content=\"2023-08-18T13:50:05+00:00\" \/>\n<meta property=\"og:image\" content=\"https:\/\/telemet.com\/wp-content\/uploads\/2016\/11\/ACE_2S.gif\" \/>\n<meta name=\"twitter:card\" content=\"summary_large_image\" \/>\n<meta name=\"twitter:label1\" content=\"Tiempo de lectura\" \/>\n\t<meta name=\"twitter:data1\" content=\"4 minutes\" \/>\n<script type=\"application\/ld+json\" class=\"yoast-schema-graph\">{\"@context\":\"https:\/\/schema.org\",\"@graph\":[{\"@type\":\"WebPage\",\"@id\":\"https:\/\/telemet.com\/es\/airport-technology\/ash-ace\/\",\"url\":\"https:\/\/telemet.com\/es\/airport-technology\/ash-ace\/\",\"name\":\"Aebi-Schmidt ACE - Telemet\",\"isPartOf\":{\"@id\":\"https:\/\/telemet.com\/es\/#website\"},\"primaryImageOfPage\":{\"@id\":\"https:\/\/telemet.com\/es\/airport-technology\/ash-ace\/#primaryimage\"},\"image\":{\"@id\":\"https:\/\/telemet.com\/es\/airport-technology\/ash-ace\/#primaryimage\"},\"thumbnailUrl\":\"https:\/\/telemet.com\/wp-content\/uploads\/2016\/11\/ACE_2S.gif\",\"datePublished\":\"2016-11-22T02:53:01+00:00\",\"dateModified\":\"2023-08-18T13:50:05+00:00\",\"breadcrumb\":{\"@id\":\"https:\/\/telemet.com\/es\/airport-technology\/ash-ace\/#breadcrumb\"},\"inLanguage\":\"es-ES\",\"potentialAction\":[{\"@type\":\"ReadAction\",\"target\":[\"https:\/\/telemet.com\/es\/airport-technology\/ash-ace\/\"]}]},{\"@type\":\"ImageObject\",\"inLanguage\":\"es-ES\",\"@id\":\"https:\/\/telemet.com\/es\/airport-technology\/ash-ace\/#primaryimage\",\"url\":\"https:\/\/telemet.com\/wp-content\/uploads\/2016\/11\/ACE_2S.gif\",\"contentUrl\":\"https:\/\/telemet.com\/wp-content\/uploads\/2016\/11\/ACE_2S.gif\"},{\"@type\":\"BreadcrumbList\",\"@id\":\"https:\/\/telemet.com\/es\/airport-technology\/ash-ace\/#breadcrumb\",\"itemListElement\":[{\"@type\":\"ListItem\",\"position\":1,\"name\":\"Home\",\"item\":\"https:\/\/telemet.com\/es\/\"},{\"@type\":\"ListItem\",\"position\":2,\"name\":\"Airport technology\",\"item\":\"https:\/\/telemet.com\/es\/airport-technology\/\"},{\"@type\":\"ListItem\",\"position\":3,\"name\":\"Aebi-Schmidt ACE\"}]},{\"@type\":\"WebSite\",\"@id\":\"https:\/\/telemet.com\/es\/#website\",\"url\":\"https:\/\/telemet.com\/es\/\",\"name\":\"Telemet, Inc.\",\"description\":\"Efficiency through Simplicity\",\"potentialAction\":[{\"@type\":\"SearchAction\",\"target\":{\"@type\":\"EntryPoint\",\"urlTemplate\":\"https:\/\/telemet.com\/es\/?s={search_term_string}\"},\"query-input\":{\"@type\":\"PropertyValueSpecification\",\"valueRequired\":true,\"valueName\":\"search_term_string\"}}],\"inLanguage\":\"es-ES\"}]}<\/script>\n<!-- \/ Yoast SEO plugin. -->","yoast_head_json":{"title":"Aebi-Schmidt ACE - Telemet","robots":{"index":"index","follow":"follow","max-snippet":"max-snippet:-1","max-image-preview":"max-image-preview:large","max-video-preview":"max-video-preview:-1"},"canonical":"https:\/\/telemet.com\/es\/airport-technology\/ash-ace\/","og_locale":"es_ES","og_type":"article","og_title":"Aebi-Schmidt ACE - Telemet","og_url":"https:\/\/telemet.com\/es\/airport-technology\/ash-ace\/","og_site_name":"Telemet","article_modified_time":"2023-08-18T13:50:05+00:00","og_image":[{"url":"https:\/\/telemet.com\/wp-content\/uploads\/2016\/11\/ACE_2S.gif","type":"","width":"","height":""}],"twitter_card":"summary_large_image","twitter_misc":{"Tiempo de lectura":"4 minutes"},"schema":{"@context":"https:\/\/schema.org","@graph":[{"@type":"WebPage","@id":"https:\/\/telemet.com\/es\/airport-technology\/ash-ace\/","url":"https:\/\/telemet.com\/es\/airport-technology\/ash-ace\/","name":"Aebi-Schmidt ACE - Telemet","isPartOf":{"@id":"https:\/\/telemet.com\/es\/#website"},"primaryImageOfPage":{"@id":"https:\/\/telemet.com\/es\/airport-technology\/ash-ace\/#primaryimage"},"image":{"@id":"https:\/\/telemet.com\/es\/airport-technology\/ash-ace\/#primaryimage"},"thumbnailUrl":"https:\/\/telemet.com\/wp-content\/uploads\/2016\/11\/ACE_2S.gif","datePublished":"2016-11-22T02:53:01+00:00","dateModified":"2023-08-18T13:50:05+00:00","breadcrumb":{"@id":"https:\/\/telemet.com\/es\/airport-technology\/ash-ace\/#breadcrumb"},"inLanguage":"es-ES","potentialAction":[{"@type":"ReadAction","target":["https:\/\/telemet.com\/es\/airport-technology\/ash-ace\/"]}]},{"@type":"ImageObject","inLanguage":"es-ES","@id":"https:\/\/telemet.com\/es\/airport-technology\/ash-ace\/#primaryimage","url":"https:\/\/telemet.com\/wp-content\/uploads\/2016\/11\/ACE_2S.gif","contentUrl":"https:\/\/telemet.com\/wp-content\/uploads\/2016\/11\/ACE_2S.gif"},{"@type":"BreadcrumbList","@id":"https:\/\/telemet.com\/es\/airport-technology\/ash-ace\/#breadcrumb","itemListElement":[{"@type":"ListItem","position":1,"name":"Home","item":"https:\/\/telemet.com\/es\/"},{"@type":"ListItem","position":2,"name":"Airport technology","item":"https:\/\/telemet.com\/es\/airport-technology\/"},{"@type":"ListItem","position":3,"name":"Aebi-Schmidt ACE"}]},{"@type":"WebSite","@id":"https:\/\/telemet.com\/es\/#website","url":"https:\/\/telemet.com\/es\/","name":"Telemet, Inc.","description":"Efficiency through Simplicity","potentialAction":[{"@type":"SearchAction","target":{"@type":"EntryPoint","urlTemplate":"https:\/\/telemet.com\/es\/?s={search_term_string}"},"query-input":{"@type":"PropertyValueSpecification","valueRequired":true,"valueName":"search_term_string"}}],"inLanguage":"es-ES"}]}},"_links":{"self":[{"href":"https:\/\/telemet.com\/es\/wp-json\/wp\/v2\/pages\/7331","targetHints":{"allow":["GET"]}}],"collection":[{"href":"https:\/\/telemet.com\/es\/wp-json\/wp\/v2\/pages"}],"about":[{"href":"https:\/\/telemet.com\/es\/wp-json\/wp\/v2\/types\/page"}],"author":[{"embeddable":true,"href":"https:\/\/telemet.com\/es\/wp-json\/wp\/v2\/users\/1"}],"replies":[{"embeddable":true,"href":"https:\/\/telemet.com\/es\/wp-json\/wp\/v2\/comments?post=7331"}],"version-history":[{"count":3,"href":"https:\/\/telemet.com\/es\/wp-json\/wp\/v2\/pages\/7331\/revisions"}],"predecessor-version":[{"id":14075,"href":"https:\/\/telemet.com\/es\/wp-json\/wp\/v2\/pages\/7331\/revisions\/14075"}],"up":[{"embeddable":true,"href":"https:\/\/telemet.com\/es\/wp-json\/wp\/v2\/pages\/7269"}],"wp:attachment":[{"href":"https:\/\/telemet.com\/es\/wp-json\/wp\/v2\/media?parent=7331"}],"curies":[{"name":"wp","href":"https:\/\/api.w.org\/{rel}","templated":true}]}}