{"id":7345,"date":"2016-11-22T03:10:57","date_gmt":"2016-11-22T03:10:51","guid":{"rendered":"http:\/\/telemet.com\/es\/airport-technology\/ash-ace-asp\/"},"modified":"2023-08-18T13:51:00","modified_gmt":"2023-08-18T13:51:00","slug":"ash-ace-asp","status":"publish","type":"page","link":"https:\/\/telemet.com\/es\/airport-technology\/ash-ace-asp\/","title":{"rendered":"Aebi-Schmidt ACE-ASP"},"content":{"rendered":"<div class=\"fusion-fullwidth fullwidth-box fusion-builder-row-1 nonhundred-percent-fullwidth non-hundred-percent-height-scrolling\" style=\"--awb-background-position:left top;--awb-border-radius-top-left:0px;--awb-border-radius-top-right:0px;--awb-border-radius-bottom-right:0px;--awb-border-radius-bottom-left:0px;--awb-padding-top:0px;--awb-padding-bottom:20px;--awb-border-sizes-top:0px;--awb-border-sizes-bottom:0px;--awb-flex-wrap:wrap;\" ><div class=\"fusion-builder-row fusion-row\"><div class=\"fusion-layout-column fusion_builder_column fusion-builder-column-0 fusion_builder_column_1_1 1_1 fusion-one-full fusion-column-first fusion-column-last fusion-column-no-min-height\" style=\"--awb-bg-size:cover;--awb-margin-top:0px;--awb-margin-bottom:0px;\"><div class=\"fusion-column-wrapper fusion-flex-column-wrapper-legacy\"><div class=\"fusion-image-element fusion-image-align-center in-legacy-container\" style=\"text-align:center;--awb-caption-title-font-family:var(--h2_typography-font-family);--awb-caption-title-font-weight:var(--h2_typography-font-weight);--awb-caption-title-font-style:var(--h2_typography-font-style);--awb-caption-title-size:var(--h2_typography-font-size);--awb-caption-title-transform:var(--h2_typography-text-transform);--awb-caption-title-line-height:var(--h2_typography-line-height);--awb-caption-title-letter-spacing:var(--h2_typography-letter-spacing);\"><div class=\"imageframe-align-center\"><span class=\" fusion-imageframe imageframe-none imageframe-1 hover-type-none\"><img decoding=\"async\" width=\"800\" height=\"600\" title=\"ace_asp\" src=\"https:\/\/telemet.com\/wp-content\/uploads\/2016\/11\/ace_asp.jpg\" alt class=\"img-responsive wp-image-14096\" srcset=\"https:\/\/telemet.com\/wp-content\/uploads\/2016\/11\/ace_asp-200x150.jpg 200w, https:\/\/telemet.com\/wp-content\/uploads\/2016\/11\/ace_asp-400x300.jpg 400w, https:\/\/telemet.com\/wp-content\/uploads\/2016\/11\/ace_asp-600x450.jpg 600w, https:\/\/telemet.com\/wp-content\/uploads\/2016\/11\/ace_asp.jpg 800w\" sizes=\"(max-width: 800px) 100vw, 800px\" \/><\/span><\/div><\/div><div class=\"fusion-sep-clear\"><\/div><div class=\"fusion-separator fusion-full-width-sep\" style=\"margin-left: auto;margin-right: auto;margin-top:20px;width:100%;\"><\/div><div class=\"fusion-sep-clear\"><\/div><div class=\"fusion-align-block\"><a class=\"fusion-button button-flat button-xlarge button-default fusion-button-default button-1 fusion-button-default-span \" style=\"width:calc(100%);\" target=\"_blank\" rel=\"noopener noreferrer\" title=\"Download Brochure\" aria-label=\"Download Brochure\" href=\"\/wp-content\/uploads\/2016\/11\/LA_ACE_ASP.pdf\"><span class=\"fusion-button-text awb-button__text awb-button__text--default\">Download Brochure (PDF)<\/span><i class=\" fa fa-file-pdf-o awb-button__icon awb-button__icon--default button-icon-right\" aria-hidden=\"true\"><\/i><\/a><\/div><div class=\"fusion-sep-clear\"><\/div><div class=\"fusion-separator fusion-full-width-sep\" style=\"margin-left: auto;margin-right: auto;margin-top:10px;width:100%;\"><\/div><div class=\"fusion-sep-clear\"><\/div><div class=\"fusion-align-block\"><a class=\"fusion-button button-flat button-xlarge button-default fusion-button-default button-2 fusion-button-default-span \" style=\"width:calc(100%);\" target=\"_blank\" rel=\"noopener noreferrer\" title=\"Download Brochure\" aria-label=\"Download Brochure\" href=\"\/wp-content\/uploads\/2016\/11\/BA_Airport_Jetsweeper.pdf\"><span class=\"fusion-button-text awb-button__text awb-button__text--default\">Airport Technology Brochure (PDF)<\/span><i class=\" fa fa-file-pdf-o awb-button__icon awb-button__icon--default button-icon-right\" aria-hidden=\"true\"><\/i><\/a><\/div><div class=\"fusion-sep-clear\"><\/div><div class=\"fusion-separator fusion-full-width-sep\" style=\"margin-left: auto;margin-right: auto;margin-top:20px;width:100%;\"><\/div><div class=\"fusion-sep-clear\"><\/div><div class=\"fusion-text fusion-text-1\"><h3>M\u00e1quina multifunci\u00f3n para aeropuertos<\/h3>\n<p>La ACE-RSP se desarroll\u00f3 para deshelar pistas, rutas de taxis y plataformas en aeropuertos. Aplica de forma muy precisa agentes descongelantes l\u00edquidos y s\u00f3lidos a trav\u00e9s de discos combinados y boquillas de atomizaci\u00f3n. La anchura m\u00e1xima de atomizaci\u00f3n yo de dispersi\u00f3n es de 24 metros.<\/p>\n<h3>Construcci\u00f3n y tecnolog\u00eda<\/h3>\n<p>La ACE-ASP est\u00e1 formada por cuatro componentes: los dep\u00f3sitos de fluido modulares de polietileno y la unidad de accionamiento, la tolva independiente, dos brazos de atomizaci\u00f3n montados a los lados, con boquillas de inyecci\u00f3n de aire y de proyecci\u00f3n, y con dos discos combinados montados en la parte trasera. Los discos combinados, estables y de bajo coste de mantenimiento, se desarrollaron espec\u00edficamente para aplicar los dos materiales descongelantes, l\u00edquido y s\u00f3lido. Hay muy pocos elementos que sufren desgaste. Las boquillas, de alta calidad y de inyecci\u00f3n de aire, se disponen en tres filas. Cada fila se enciende o se apaga en funci\u00f3n de la velocidad y del nivel de dosificaci\u00f3n. Los brazos de atomizaci\u00f3n se suspenden mediante una estructura paralela especial. Las ruedas de apoyo montadas por medio de muelles impiden que los brazos atomizadores entren en contacto con el suelo por efecto de las amplias vibraciones. Los brazos atomizadores tambi\u00e9n se pueden retraer completamente. Toda la m\u00e1quina est\u00e1 revestida de una protecci\u00f3n contra la corrosi\u00f3n desarrollada espec\u00edficamente. Los tubos atomizadores est\u00e1n hechos en acero inoxidable. Dise\u00f1ada espec\u00edficamente para su montaje sobre grandes veh\u00edculos transportadores, la m\u00e1quina multifunci\u00f3n est\u00e1 propulsada por el sistema hidr\u00e1ulico del veh\u00edculo o por un motor di\u00e9sel independiente El dise\u00f1o modular permite una amplia variedad de opciones de montaje para la ACE-RSP. Esto garantiza la personalizaci\u00f3n sencilla para satisfacer las necesidades individuales de los distintos aeropuertos.<\/p>\n<h3>En funcionamiento<\/h3>\n<p>La ACE-ASP ataca las superficies heladas usando m\u00e9todos anticongelantes y descongelantes, con un control relacionado con la velocidad de avance de hasta 40 km\/h. La anchura de dispersi\u00f3n de los dos discos combinados de la parte trasera es de 3 &#8211; 24 m. Durante la atomizaci\u00f3n es de 6 &#8211; 15m. Junto con el brazo atomizador totalmente extendido se obtiene una anchura de atomizaci\u00f3n de 24 m. La aplicaci\u00f3n de hasta 50 g\/m\u00b2 del l\u00edquido descongelante se efect\u00faa con alta precisi\u00f3n y una buena eficacia de cobertura. Se puede aplicar hasta un 50 % de material de dispersi\u00f3n s\u00f3lido con el aditivo de un agente descongelante l\u00edquido. El sistema de bombeo a baja presi\u00f3n exclusivo de Schmidt, con sus boquillas de inyecci\u00f3n de aire y baja presi\u00f3n de atomizaci\u00f3n, permite conmutar a la aplicaci\u00f3n de fluido descongelante. Las boquillas forman gotas grandes y se ubican exactamente a 300 mm por encima de la superficie del suelo. Esto reduce la turbulencia a un m\u00ednimo. Las boquillas posteriores se ubican lateralmente y pr\u00f3ximas entre s\u00ed, creando modelos de atomizaci\u00f3n superpuesta. La atomizaci\u00f3n se controla a trav\u00e9s de un panel de control de manejo f\u00e1cil ubicado en la cabina del operador. Esto permite regular de forma r\u00e1pida y concisa la anchura de atomizaci\u00f3n y la dosificaci\u00f3n. A\u00fan en el caso de parada de emergencia a la velocidad de 40 km\/h, los brazos atomizadores de la ACE-ASP se mantienen en la misma posici\u00f3n.<\/p>\n<\/div><div class=\"fusion-clearfix\"><\/div><\/div><\/div><\/div><\/div>\n","protected":false},"excerpt":{"rendered":"","protected":false},"author":1,"featured_media":0,"parent":7269,"menu_order":14,"comment_status":"closed","ping_status":"closed","template":"side-navigation.php","meta":{"footnotes":""},"class_list":["post-7345","page","type-page","status-publish","hentry"],"yoast_head":"<!-- This site is optimized with the Yoast SEO plugin v26.2 - https:\/\/yoast.com\/wordpress\/plugins\/seo\/ -->\n<title>Aebi-Schmidt ACE-ASP - Telemet<\/title>\n<meta name=\"robots\" content=\"index, follow, max-snippet:-1, max-image-preview:large, max-video-preview:-1\" \/>\n<link rel=\"canonical\" href=\"https:\/\/telemet.com\/es\/airport-technology\/ash-ace-asp\/\" \/>\n<meta property=\"og:locale\" content=\"es_ES\" \/>\n<meta property=\"og:type\" content=\"article\" \/>\n<meta property=\"og:title\" content=\"Aebi-Schmidt ACE-ASP - Telemet\" \/>\n<meta property=\"og:url\" content=\"https:\/\/telemet.com\/es\/airport-technology\/ash-ace-asp\/\" \/>\n<meta property=\"og:site_name\" content=\"Telemet\" \/>\n<meta property=\"article:modified_time\" content=\"2023-08-18T13:51:00+00:00\" \/>\n<meta property=\"og:image\" content=\"https:\/\/telemet.com\/wp-content\/uploads\/2016\/11\/ace_asp.jpg\" \/>\n<meta name=\"twitter:card\" content=\"summary_large_image\" \/>\n<meta name=\"twitter:label1\" content=\"Tiempo de lectura\" \/>\n\t<meta name=\"twitter:data1\" content=\"5 minutes\" \/>\n<script type=\"application\/ld+json\" class=\"yoast-schema-graph\">{\"@context\":\"https:\/\/schema.org\",\"@graph\":[{\"@type\":\"WebPage\",\"@id\":\"https:\/\/telemet.com\/es\/airport-technology\/ash-ace-asp\/\",\"url\":\"https:\/\/telemet.com\/es\/airport-technology\/ash-ace-asp\/\",\"name\":\"Aebi-Schmidt ACE-ASP - Telemet\",\"isPartOf\":{\"@id\":\"https:\/\/telemet.com\/es\/#website\"},\"primaryImageOfPage\":{\"@id\":\"https:\/\/telemet.com\/es\/airport-technology\/ash-ace-asp\/#primaryimage\"},\"image\":{\"@id\":\"https:\/\/telemet.com\/es\/airport-technology\/ash-ace-asp\/#primaryimage\"},\"thumbnailUrl\":\"https:\/\/telemet.com\/wp-content\/uploads\/2016\/11\/ace_asp.jpg\",\"datePublished\":\"2016-11-22T03:10:51+00:00\",\"dateModified\":\"2023-08-18T13:51:00+00:00\",\"breadcrumb\":{\"@id\":\"https:\/\/telemet.com\/es\/airport-technology\/ash-ace-asp\/#breadcrumb\"},\"inLanguage\":\"es-ES\",\"potentialAction\":[{\"@type\":\"ReadAction\",\"target\":[\"https:\/\/telemet.com\/es\/airport-technology\/ash-ace-asp\/\"]}]},{\"@type\":\"ImageObject\",\"inLanguage\":\"es-ES\",\"@id\":\"https:\/\/telemet.com\/es\/airport-technology\/ash-ace-asp\/#primaryimage\",\"url\":\"https:\/\/telemet.com\/wp-content\/uploads\/2016\/11\/ace_asp.jpg\",\"contentUrl\":\"https:\/\/telemet.com\/wp-content\/uploads\/2016\/11\/ace_asp.jpg\"},{\"@type\":\"BreadcrumbList\",\"@id\":\"https:\/\/telemet.com\/es\/airport-technology\/ash-ace-asp\/#breadcrumb\",\"itemListElement\":[{\"@type\":\"ListItem\",\"position\":1,\"name\":\"Home\",\"item\":\"https:\/\/telemet.com\/es\/\"},{\"@type\":\"ListItem\",\"position\":2,\"name\":\"Airport technology\",\"item\":\"https:\/\/telemet.com\/es\/airport-technology\/\"},{\"@type\":\"ListItem\",\"position\":3,\"name\":\"Aebi-Schmidt ACE-ASP\"}]},{\"@type\":\"WebSite\",\"@id\":\"https:\/\/telemet.com\/es\/#website\",\"url\":\"https:\/\/telemet.com\/es\/\",\"name\":\"Telemet, Inc.\",\"description\":\"Efficiency through Simplicity\",\"potentialAction\":[{\"@type\":\"SearchAction\",\"target\":{\"@type\":\"EntryPoint\",\"urlTemplate\":\"https:\/\/telemet.com\/es\/?s={search_term_string}\"},\"query-input\":{\"@type\":\"PropertyValueSpecification\",\"valueRequired\":true,\"valueName\":\"search_term_string\"}}],\"inLanguage\":\"es-ES\"}]}<\/script>\n<!-- \/ Yoast SEO plugin. -->","yoast_head_json":{"title":"Aebi-Schmidt ACE-ASP - Telemet","robots":{"index":"index","follow":"follow","max-snippet":"max-snippet:-1","max-image-preview":"max-image-preview:large","max-video-preview":"max-video-preview:-1"},"canonical":"https:\/\/telemet.com\/es\/airport-technology\/ash-ace-asp\/","og_locale":"es_ES","og_type":"article","og_title":"Aebi-Schmidt ACE-ASP - Telemet","og_url":"https:\/\/telemet.com\/es\/airport-technology\/ash-ace-asp\/","og_site_name":"Telemet","article_modified_time":"2023-08-18T13:51:00+00:00","og_image":[{"url":"https:\/\/telemet.com\/wp-content\/uploads\/2016\/11\/ace_asp.jpg","type":"","width":"","height":""}],"twitter_card":"summary_large_image","twitter_misc":{"Tiempo de lectura":"5 minutes"},"schema":{"@context":"https:\/\/schema.org","@graph":[{"@type":"WebPage","@id":"https:\/\/telemet.com\/es\/airport-technology\/ash-ace-asp\/","url":"https:\/\/telemet.com\/es\/airport-technology\/ash-ace-asp\/","name":"Aebi-Schmidt ACE-ASP - Telemet","isPartOf":{"@id":"https:\/\/telemet.com\/es\/#website"},"primaryImageOfPage":{"@id":"https:\/\/telemet.com\/es\/airport-technology\/ash-ace-asp\/#primaryimage"},"image":{"@id":"https:\/\/telemet.com\/es\/airport-technology\/ash-ace-asp\/#primaryimage"},"thumbnailUrl":"https:\/\/telemet.com\/wp-content\/uploads\/2016\/11\/ace_asp.jpg","datePublished":"2016-11-22T03:10:51+00:00","dateModified":"2023-08-18T13:51:00+00:00","breadcrumb":{"@id":"https:\/\/telemet.com\/es\/airport-technology\/ash-ace-asp\/#breadcrumb"},"inLanguage":"es-ES","potentialAction":[{"@type":"ReadAction","target":["https:\/\/telemet.com\/es\/airport-technology\/ash-ace-asp\/"]}]},{"@type":"ImageObject","inLanguage":"es-ES","@id":"https:\/\/telemet.com\/es\/airport-technology\/ash-ace-asp\/#primaryimage","url":"https:\/\/telemet.com\/wp-content\/uploads\/2016\/11\/ace_asp.jpg","contentUrl":"https:\/\/telemet.com\/wp-content\/uploads\/2016\/11\/ace_asp.jpg"},{"@type":"BreadcrumbList","@id":"https:\/\/telemet.com\/es\/airport-technology\/ash-ace-asp\/#breadcrumb","itemListElement":[{"@type":"ListItem","position":1,"name":"Home","item":"https:\/\/telemet.com\/es\/"},{"@type":"ListItem","position":2,"name":"Airport technology","item":"https:\/\/telemet.com\/es\/airport-technology\/"},{"@type":"ListItem","position":3,"name":"Aebi-Schmidt ACE-ASP"}]},{"@type":"WebSite","@id":"https:\/\/telemet.com\/es\/#website","url":"https:\/\/telemet.com\/es\/","name":"Telemet, Inc.","description":"Efficiency through Simplicity","potentialAction":[{"@type":"SearchAction","target":{"@type":"EntryPoint","urlTemplate":"https:\/\/telemet.com\/es\/?s={search_term_string}"},"query-input":{"@type":"PropertyValueSpecification","valueRequired":true,"valueName":"search_term_string"}}],"inLanguage":"es-ES"}]}},"_links":{"self":[{"href":"https:\/\/telemet.com\/es\/wp-json\/wp\/v2\/pages\/7345","targetHints":{"allow":["GET"]}}],"collection":[{"href":"https:\/\/telemet.com\/es\/wp-json\/wp\/v2\/pages"}],"about":[{"href":"https:\/\/telemet.com\/es\/wp-json\/wp\/v2\/types\/page"}],"author":[{"embeddable":true,"href":"https:\/\/telemet.com\/es\/wp-json\/wp\/v2\/users\/1"}],"replies":[{"embeddable":true,"href":"https:\/\/telemet.com\/es\/wp-json\/wp\/v2\/comments?post=7345"}],"version-history":[{"count":3,"href":"https:\/\/telemet.com\/es\/wp-json\/wp\/v2\/pages\/7345\/revisions"}],"predecessor-version":[{"id":14094,"href":"https:\/\/telemet.com\/es\/wp-json\/wp\/v2\/pages\/7345\/revisions\/14094"}],"up":[{"embeddable":true,"href":"https:\/\/telemet.com\/es\/wp-json\/wp\/v2\/pages\/7269"}],"wp:attachment":[{"href":"https:\/\/telemet.com\/es\/wp-json\/wp\/v2\/media?parent=7345"}],"curies":[{"name":"wp","href":"https:\/\/api.w.org\/{rel}","templated":true}]}}