{"id":7382,"date":"2016-11-22T18:08:57","date_gmt":"2016-11-22T18:08:43","guid":{"rendered":"http:\/\/telemet.com\/es\/ash-swingo-200\/"},"modified":"2023-08-18T13:41:38","modified_gmt":"2023-08-18T13:41:38","slug":"ash-swingo-200","status":"publish","type":"page","link":"https:\/\/telemet.com\/es\/ash-group-environment\/ash-swingo-200\/","title":{"rendered":"Aebi-Schmidt Swingo 200+"},"content":{"rendered":"<div class=\"fusion-fullwidth fullwidth-box fusion-builder-row-1 nonhundred-percent-fullwidth non-hundred-percent-height-scrolling\" style=\"--awb-background-position:left top;--awb-border-radius-top-left:0px;--awb-border-radius-top-right:0px;--awb-border-radius-bottom-right:0px;--awb-border-radius-bottom-left:0px;--awb-padding-top:0px;--awb-padding-bottom:20px;--awb-border-sizes-top:0px;--awb-border-sizes-bottom:0px;--awb-flex-wrap:wrap;\" ><div class=\"fusion-builder-row fusion-row\"><div class=\"fusion-layout-column fusion_builder_column fusion-builder-column-0 fusion_builder_column_1_1 1_1 fusion-one-full fusion-column-first fusion-column-last fusion-column-no-min-height\" style=\"--awb-bg-size:cover;--awb-margin-top:0px;--awb-margin-bottom:0px;\"><div class=\"fusion-column-wrapper fusion-flex-column-wrapper-legacy\"><div class=\"fusion-image-element fusion-image-align-center in-legacy-container\" style=\"text-align:center;--awb-caption-title-font-family:var(--h2_typography-font-family);--awb-caption-title-font-weight:var(--h2_typography-font-weight);--awb-caption-title-font-style:var(--h2_typography-font-style);--awb-caption-title-size:var(--h2_typography-font-size);--awb-caption-title-transform:var(--h2_typography-text-transform);--awb-caption-title-line-height:var(--h2_typography-line-height);--awb-caption-title-letter-spacing:var(--h2_typography-letter-spacing);\"><div class=\"imageframe-align-center\"><span class=\" fusion-imageframe imageframe-none imageframe-1 hover-type-none\"><img decoding=\"async\" width=\"800\" height=\"600\" title=\"swingo200plus\" src=\"https:\/\/telemet.com\/wp-content\/uploads\/2016\/11\/swingo200plus.jpg\" alt class=\"img-responsive wp-image-13962\" srcset=\"https:\/\/telemet.com\/wp-content\/uploads\/2016\/11\/swingo200plus-200x150.jpg 200w, https:\/\/telemet.com\/wp-content\/uploads\/2016\/11\/swingo200plus-400x300.jpg 400w, https:\/\/telemet.com\/wp-content\/uploads\/2016\/11\/swingo200plus-600x450.jpg 600w, https:\/\/telemet.com\/wp-content\/uploads\/2016\/11\/swingo200plus.jpg 800w\" sizes=\"(max-width: 800px) 100vw, 800px\" \/><\/span><\/div><\/div><div class=\"fusion-sep-clear\"><\/div><div class=\"fusion-separator fusion-full-width-sep\" style=\"margin-left: auto;margin-right: auto;margin-top:20px;width:100%;\"><\/div><div class=\"fusion-sep-clear\"><\/div><div class=\"fusion-align-block\"><a class=\"fusion-button button-flat button-xlarge button-default fusion-button-default button-1 fusion-button-default-span \" style=\"width:calc(100%);\" target=\"_blank\" rel=\"noopener noreferrer\" title=\"Download Brochure\" aria-label=\"Download Brochure\" href=\"\/wp-content\/uploads\/2016\/11\/BS_Swingo200.pdf\"><span class=\"fusion-button-text awb-button__text awb-button__text--default\">Download Brochure (PDF)<\/span><i class=\" fa fa-file-pdf-o awb-button__icon awb-button__icon--default button-icon-right\" aria-hidden=\"true\"><\/i><\/a><\/div><div class=\"fusion-sep-clear\"><\/div><div class=\"fusion-separator fusion-full-width-sep\" style=\"margin-left: auto;margin-right: auto;margin-top:20px;width:100%;\"><\/div><div class=\"fusion-sep-clear\"><\/div><div class=\"fusion-clearfix\"><\/div><\/div><\/div><div class=\"fusion-layout-column fusion_builder_column fusion-builder-column-1 fusion_builder_column_1_1 1_1 fusion-one-full fusion-column-first fusion-column-last fusion-column-no-min-height\" style=\"--awb-bg-size:cover;--awb-margin-top:0px;--awb-margin-bottom:0px;\"><div class=\"fusion-column-wrapper fusion-flex-column-wrapper-legacy\"><div class=\"fusion-video fusion-youtube\" style=\"--awb-max-width:800px;--awb-max-height:550px;\"><div class=\"video-shortcode\"><div class=\"fluid-width-video-wrapper\" style=\"padding-top:68.75%;\" ><iframe title=\"YouTube video player 1\" src=\"https:\/\/www.youtube.com\/embed\/V6ZNS-e9nSY?wmode=transparent&autoplay=0\" width=\"800\" height=\"550\" allowfullscreen allow=\"autoplay; clipboard-write; encrypted-media; gyroscope; picture-in-picture;\"><\/iframe><\/div><\/div><\/div><div class=\"fusion-sep-clear\"><\/div><div class=\"fusion-separator fusion-full-width-sep\" style=\"margin-left: auto;margin-right: auto;margin-top:20px;width:100%;\"><\/div><div class=\"fusion-sep-clear\"><\/div><div class=\"fusion-text fusion-text-1\"><h3>Barredoras autopropulsadas: Incremento de la potencia de succi\u00f3n.<\/h3>\n<p>La revoluci\u00f3n se encuentra bajo la cabina ergon\u00f3mica y moderna del conductor: en el caso de la SWINGO 200+, que a partir de enero de 2011 sustituir\u00e1 a la ya probada sobre el terreno SWINGO 200, los ingenieros de la Schmidt Winterdienst-und Kommunaltechnik GmbH han desarrollado un puerto de succi\u00f3n completamente nuevo.<br \/>\nAl principio, la forma \u00f3ptima de la boca de aspiraci\u00f3n se determin\u00f3 cient\u00edficamente en el laboratorio sobre la base de los an\u00e1lisis de visualizaci\u00f3n de flujo. A continuaci\u00f3n, se produce una miniserie y, posteriormente, probada en varias m\u00e1quinas a escala internacional. El resultado: el puerto de succi\u00f3n desarrollado de esta manera logra un rendimiento de limpieza mucho mejor en la misma cantidad de aire en el ventilador de succi\u00f3n. &#8220;No hay puntos muertos.&#8221;, explica el gerente de producto de Thomas Stoll, es decir, que no hay puntos de la boca de aspiraci\u00f3n en el que no se detecte aspiraci\u00f3n de aire.<\/p>\n<h3>Menos ruido y menor consumo<\/h3>\n<p>La SWINGO 200+ es accionada por un motor de consumo optimizado Euro 5 diesel Common Rail y de ejecuci\u00f3n suave con sistema integrado de filtro de part\u00edculas. Equipado con el kit \u00f3ptimo de reducci\u00f3n de ruido, la barredora compacta de 2 metros c\u00fabicos se mantiene por debajo del l\u00edmite de 99dB (A). Esto permite su uso para la limpieza municipal de las obras durante todo el d\u00eda, incluso en zonas residenciales.<\/p>\n<h3>Menos desgaste<\/h3>\n<p>Otra novedad de la boca de aspiraci\u00f3n de acero galvanizado es que ya no es necesaria la gruesa tapa en la parte tarsera, ahora es una parte integral la unidad de aspiraci\u00f3n y est\u00e1 hecha de acero. Stoll resume las ventajas para el usuario en t\u00e9rminos simples: &#8220;Tenemos una pieza de desgaste menos. Adem\u00e1s, los costes del ciclo de vida son m\u00e1s bajos, ya que se ahorran en el mantenimiento y los costes de repuestos.&#8221;<\/p>\n<h3>Nueva cabina del conductor<\/h3>\n<p>B\u00e1sicamente, toda la cabina del conductor, est\u00e1 el\u00e1sticamente montada con suspensi\u00f3n e insonorizada, ha sido sometida a un proceso de renovaci\u00f3n. Al sistema de iluminaci\u00f3n se le ha dado un toque moderno; el funcionamiento y las luces de largo alcance se encuentran en el techo de la cabina, proporcionando as\u00ed una mejor iluminaci\u00f3n. Las luces de cruce y el indicador de direcci\u00f3n se alojan en espacios separados, lo que le da al dise\u00f1o una impresi\u00f3n din\u00e1mica y resalta la imagen moderna general de la barredora compacta.<\/p>\n<h3>Volante multifuncional de serie<\/h3>\n<p>Los ingenieros han hecho un verdadero nuevo comienzo en el interior de la optimizada cabina: &#8220;Se ha logrado gracias a la ayuda de un dise\u00f1ador industrial externo&#8221;. Las soluciones desarrolladas se han vuelto a integrar en la cabina, pero los cambios tambi\u00e9n son perceptibles, tanto en peque\u00f1a como a gran escala: por ejemplo, los dise\u00f1adores han incorporado bastantes opciones de almacenamiento en la cabina. Ya se trate de bebidas, un libro de registro, una cartera o documentos, todo tendr\u00e1 un lugar seguro. La columna de direcci\u00f3n regulable con el volante multifuncional es otra innovaci\u00f3n. Asimismo, prev\u00e9 los elementos de control m\u00e1s importantes en un lugar central para mejor alcance. Estos incluyen, por ejemplo, el sistema de control de velocidad y el control de direcci\u00f3n.<\/p>\n<h3>Confort y manejo muy sencillo para el operario<\/h3>\n<p>Lo mismo ocurre con el elemento de control, que est\u00e1 integrado en el reposabrazos a la derecha del conductor. Las dos peque\u00f1as palancas de mando para controlar el sistema del cepillo se localizan ah\u00ed. El panel de control ergon\u00f3mico se une lateralmente a la puerta, de modo que el conductor no tenga que doblar la espalda o apartar el reposabrazos para dejar el veh\u00edculo. La disposici\u00f3n de los pedales de acelerador y freno se han cambiado tambi\u00e9n en el proceso de optimizaci\u00f3n, con el fin de disminuir el agotamiento de pies. El sistema electr\u00f3nico con los interruptores de f\u00e1cil uso y la pantalla multifuncional grande se encuentra encima del conductor.<\/p>\n<h3>Se incluyen de serie el sistema de aire acondicionado y una excelente visibilidad<\/h3>\n<p>El equipamiento de serie de la SWINGO 200+ incluye el sistema de aire acondicionado. En el curso de redise\u00f1o de la cabina, el funcionamiento del flujo del sistema de ventilaci\u00f3n tambi\u00e9n se ha analizado. El resultado: la circulaci\u00f3n de aire optimizada. Las ventanas de cristal empa\u00f1adas se aclaran en poco tiempo. Por el contrario, Schmidt no ha realizado ning\u00fan cambio en cuanto a la visibilidad. El ofrecer un acristalamiento integral de la zona de trabajo a ambos lados y la ruta sigue siendo un fuerte argumento a favor de la barredora compacta, que se produce en St. Blasien.<\/p>\n<h3>Opcion de barrido con dos \u00f3 tres cepillos.<\/h3>\n<p>Schmidt tambi\u00e9n utiliza las nuevas tecnolog\u00edas en el sistema de barrido. La SWINGO 200+ est\u00e1 disponible como m\u00e1quina de 2 y 3 cepillos. &#8220;El tercer cepillo no es una opci\u00f3n que se pueda adaptar en un futuro.&#8221;, explica Thomas Stoll. &#8220;Ambos sistemas han sido cuidadosamente pensados y dise\u00f1ados espec\u00edficamente para el m\u00e1ximo rendimiento de limpieza. En otras palabras, son dos sistemas totalmente diferentes.&#8221;. Ambas variantes, sin embargo, utilizan el sistema aprobado de recirculaci\u00f3n de agua a presi\u00f3n, mezcla los residuos con el agua eliminando el polvo con gran eficiencia , por lo que se obtiene el certificado PM10.<\/p>\n<h3>Nuevos lugares donde barrer: aparcamientos y subterr\u00e1neos<\/h3>\n<p>Las caracter\u00edsticas m\u00e1s sobresalientes de la SWINGO 200+ incluyen el chasis hidroneum\u00e1tico. Permite reducir el chasis durante la operaci\u00f3n de barrido de hasta cinco cent\u00edmetros, por lo que la barredora compacta de 2 metros c\u00fabicos tambi\u00e9n es capaz de hacer frente a las entradas bajas de los aparcamientos subterr\u00e1neos y de varios pisos. Otra ventaja de la que dispone: la suspensi\u00f3n se regula de forma autom\u00e1tica en funci\u00f3n del peso &#8220;Esto tambi\u00e9n ahorra costes de mantenimiento y aumenta el tiempo de la operatividad&#8221;, explica Stoll.<\/p>\n<h3>Una llave es suficiente<\/h3>\n<p>Por primera vez, Schmidt ha puesto en marcha el sistema de una sola clave en sus barredoras compactas. En lugar de utilizar tres llaves diferentes para la el encendido, la cerradura de la puerta y para la tapa del dep\u00f3sito de combustible, basta con una sola una llave para activar todas las cerraduras de la barredora compacta. Un sistema que le da a la SWINGO 200+ una verdadera caracter\u00edstica de distinci\u00f3n y redefine el est\u00e1ndar en el sector de barredoras compactas.<\/p>\n<\/div><div class=\"fusion-clearfix\"><\/div><\/div><\/div><\/div><\/div>\n","protected":false},"excerpt":{"rendered":"","protected":false},"author":1,"featured_media":0,"parent":7515,"menu_order":1,"comment_status":"closed","ping_status":"closed","template":"side-navigation.php","meta":{"footnotes":""},"class_list":["post-7382","page","type-page","status-publish","hentry"],"yoast_head":"<!-- This site is optimized with the Yoast SEO plugin v26.2 - https:\/\/yoast.com\/wordpress\/plugins\/seo\/ -->\n<title>Aebi-Schmidt Swingo 200+ - Telemet<\/title>\n<meta name=\"robots\" content=\"index, follow, max-snippet:-1, max-image-preview:large, max-video-preview:-1\" \/>\n<link rel=\"canonical\" href=\"https:\/\/telemet.com\/es\/ash-group-environment\/ash-swingo-200\/\" \/>\n<meta property=\"og:locale\" content=\"es_ES\" \/>\n<meta property=\"og:type\" content=\"article\" \/>\n<meta property=\"og:title\" content=\"Aebi-Schmidt Swingo 200+ - Telemet\" \/>\n<meta property=\"og:url\" content=\"https:\/\/telemet.com\/es\/ash-group-environment\/ash-swingo-200\/\" \/>\n<meta property=\"og:site_name\" content=\"Telemet\" \/>\n<meta property=\"article:modified_time\" content=\"2023-08-18T13:41:38+00:00\" \/>\n<meta property=\"og:image\" content=\"https:\/\/telemet.com\/wp-content\/uploads\/2016\/11\/swingo200plus.jpg\" \/>\n<meta name=\"twitter:card\" content=\"summary_large_image\" \/>\n<meta name=\"twitter:label1\" content=\"Tiempo de lectura\" \/>\n\t<meta name=\"twitter:data1\" content=\"7 minutes\" \/>\n<script type=\"application\/ld+json\" class=\"yoast-schema-graph\">{\"@context\":\"https:\/\/schema.org\",\"@graph\":[{\"@type\":\"WebPage\",\"@id\":\"https:\/\/telemet.com\/es\/ash-group-environment\/ash-swingo-200\/\",\"url\":\"https:\/\/telemet.com\/es\/ash-group-environment\/ash-swingo-200\/\",\"name\":\"Aebi-Schmidt Swingo 200+ - Telemet\",\"isPartOf\":{\"@id\":\"https:\/\/telemet.com\/es\/#website\"},\"primaryImageOfPage\":{\"@id\":\"https:\/\/telemet.com\/es\/ash-group-environment\/ash-swingo-200\/#primaryimage\"},\"image\":{\"@id\":\"https:\/\/telemet.com\/es\/ash-group-environment\/ash-swingo-200\/#primaryimage\"},\"thumbnailUrl\":\"https:\/\/telemet.com\/wp-content\/uploads\/2016\/11\/swingo200plus.jpg\",\"datePublished\":\"2016-11-22T18:08:43+00:00\",\"dateModified\":\"2023-08-18T13:41:38+00:00\",\"breadcrumb\":{\"@id\":\"https:\/\/telemet.com\/es\/ash-group-environment\/ash-swingo-200\/#breadcrumb\"},\"inLanguage\":\"es-ES\",\"potentialAction\":[{\"@type\":\"ReadAction\",\"target\":[\"https:\/\/telemet.com\/es\/ash-group-environment\/ash-swingo-200\/\"]}]},{\"@type\":\"ImageObject\",\"inLanguage\":\"es-ES\",\"@id\":\"https:\/\/telemet.com\/es\/ash-group-environment\/ash-swingo-200\/#primaryimage\",\"url\":\"https:\/\/telemet.com\/wp-content\/uploads\/2016\/11\/swingo200plus.jpg\",\"contentUrl\":\"https:\/\/telemet.com\/wp-content\/uploads\/2016\/11\/swingo200plus.jpg\"},{\"@type\":\"BreadcrumbList\",\"@id\":\"https:\/\/telemet.com\/es\/ash-group-environment\/ash-swingo-200\/#breadcrumb\",\"itemListElement\":[{\"@type\":\"ListItem\",\"position\":1,\"name\":\"Home\",\"item\":\"https:\/\/telemet.com\/es\/\"},{\"@type\":\"ListItem\",\"position\":2,\"name\":\"Aebi Schmidt Medio ambiente\",\"item\":\"https:\/\/telemet.com\/es\/ash-group-environment\/\"},{\"@type\":\"ListItem\",\"position\":3,\"name\":\"Aebi-Schmidt Swingo 200+\"}]},{\"@type\":\"WebSite\",\"@id\":\"https:\/\/telemet.com\/es\/#website\",\"url\":\"https:\/\/telemet.com\/es\/\",\"name\":\"Telemet, Inc.\",\"description\":\"Efficiency through Simplicity\",\"potentialAction\":[{\"@type\":\"SearchAction\",\"target\":{\"@type\":\"EntryPoint\",\"urlTemplate\":\"https:\/\/telemet.com\/es\/?s={search_term_string}\"},\"query-input\":{\"@type\":\"PropertyValueSpecification\",\"valueRequired\":true,\"valueName\":\"search_term_string\"}}],\"inLanguage\":\"es-ES\"}]}<\/script>\n<!-- \/ Yoast SEO plugin. -->","yoast_head_json":{"title":"Aebi-Schmidt Swingo 200+ - Telemet","robots":{"index":"index","follow":"follow","max-snippet":"max-snippet:-1","max-image-preview":"max-image-preview:large","max-video-preview":"max-video-preview:-1"},"canonical":"https:\/\/telemet.com\/es\/ash-group-environment\/ash-swingo-200\/","og_locale":"es_ES","og_type":"article","og_title":"Aebi-Schmidt Swingo 200+ - Telemet","og_url":"https:\/\/telemet.com\/es\/ash-group-environment\/ash-swingo-200\/","og_site_name":"Telemet","article_modified_time":"2023-08-18T13:41:38+00:00","og_image":[{"url":"https:\/\/telemet.com\/wp-content\/uploads\/2016\/11\/swingo200plus.jpg","type":"","width":"","height":""}],"twitter_card":"summary_large_image","twitter_misc":{"Tiempo de lectura":"7 minutes"},"schema":{"@context":"https:\/\/schema.org","@graph":[{"@type":"WebPage","@id":"https:\/\/telemet.com\/es\/ash-group-environment\/ash-swingo-200\/","url":"https:\/\/telemet.com\/es\/ash-group-environment\/ash-swingo-200\/","name":"Aebi-Schmidt Swingo 200+ - Telemet","isPartOf":{"@id":"https:\/\/telemet.com\/es\/#website"},"primaryImageOfPage":{"@id":"https:\/\/telemet.com\/es\/ash-group-environment\/ash-swingo-200\/#primaryimage"},"image":{"@id":"https:\/\/telemet.com\/es\/ash-group-environment\/ash-swingo-200\/#primaryimage"},"thumbnailUrl":"https:\/\/telemet.com\/wp-content\/uploads\/2016\/11\/swingo200plus.jpg","datePublished":"2016-11-22T18:08:43+00:00","dateModified":"2023-08-18T13:41:38+00:00","breadcrumb":{"@id":"https:\/\/telemet.com\/es\/ash-group-environment\/ash-swingo-200\/#breadcrumb"},"inLanguage":"es-ES","potentialAction":[{"@type":"ReadAction","target":["https:\/\/telemet.com\/es\/ash-group-environment\/ash-swingo-200\/"]}]},{"@type":"ImageObject","inLanguage":"es-ES","@id":"https:\/\/telemet.com\/es\/ash-group-environment\/ash-swingo-200\/#primaryimage","url":"https:\/\/telemet.com\/wp-content\/uploads\/2016\/11\/swingo200plus.jpg","contentUrl":"https:\/\/telemet.com\/wp-content\/uploads\/2016\/11\/swingo200plus.jpg"},{"@type":"BreadcrumbList","@id":"https:\/\/telemet.com\/es\/ash-group-environment\/ash-swingo-200\/#breadcrumb","itemListElement":[{"@type":"ListItem","position":1,"name":"Home","item":"https:\/\/telemet.com\/es\/"},{"@type":"ListItem","position":2,"name":"Aebi Schmidt Medio ambiente","item":"https:\/\/telemet.com\/es\/ash-group-environment\/"},{"@type":"ListItem","position":3,"name":"Aebi-Schmidt Swingo 200+"}]},{"@type":"WebSite","@id":"https:\/\/telemet.com\/es\/#website","url":"https:\/\/telemet.com\/es\/","name":"Telemet, Inc.","description":"Efficiency through Simplicity","potentialAction":[{"@type":"SearchAction","target":{"@type":"EntryPoint","urlTemplate":"https:\/\/telemet.com\/es\/?s={search_term_string}"},"query-input":{"@type":"PropertyValueSpecification","valueRequired":true,"valueName":"search_term_string"}}],"inLanguage":"es-ES"}]}},"_links":{"self":[{"href":"https:\/\/telemet.com\/es\/wp-json\/wp\/v2\/pages\/7382","targetHints":{"allow":["GET"]}}],"collection":[{"href":"https:\/\/telemet.com\/es\/wp-json\/wp\/v2\/pages"}],"about":[{"href":"https:\/\/telemet.com\/es\/wp-json\/wp\/v2\/types\/page"}],"author":[{"embeddable":true,"href":"https:\/\/telemet.com\/es\/wp-json\/wp\/v2\/users\/1"}],"replies":[{"embeddable":true,"href":"https:\/\/telemet.com\/es\/wp-json\/wp\/v2\/comments?post=7382"}],"version-history":[{"count":4,"href":"https:\/\/telemet.com\/es\/wp-json\/wp\/v2\/pages\/7382\/revisions"}],"predecessor-version":[{"id":13960,"href":"https:\/\/telemet.com\/es\/wp-json\/wp\/v2\/pages\/7382\/revisions\/13960"}],"up":[{"embeddable":true,"href":"https:\/\/telemet.com\/es\/wp-json\/wp\/v2\/pages\/7515"}],"wp:attachment":[{"href":"https:\/\/telemet.com\/es\/wp-json\/wp\/v2\/media?parent=7382"}],"curies":[{"name":"wp","href":"https:\/\/api.w.org\/{rel}","templated":true}]}}