{"id":7391,"date":"2016-11-22T18:30:57","date_gmt":"2016-11-22T18:30:54","guid":{"rendered":"http:\/\/telemet.com\/es\/ash-swingo-200-koanda\/"},"modified":"2023-08-18T13:42:59","modified_gmt":"2023-08-18T13:42:59","slug":"ash-swingo-200-koanda","status":"publish","type":"page","link":"https:\/\/telemet.com\/es\/ash-group-environment\/ash-swingo-200-koanda\/","title":{"rendered":"Aebi-Schmidt Swingo 200+ Koanda"},"content":{"rendered":"<div class=\"fusion-fullwidth fullwidth-box fusion-builder-row-1 nonhundred-percent-fullwidth non-hundred-percent-height-scrolling\" style=\"--awb-background-position:left top;--awb-border-radius-top-left:0px;--awb-border-radius-top-right:0px;--awb-border-radius-bottom-right:0px;--awb-border-radius-bottom-left:0px;--awb-padding-top:0px;--awb-padding-bottom:20px;--awb-border-sizes-top:0px;--awb-border-sizes-bottom:0px;--awb-flex-wrap:wrap;\" ><div class=\"fusion-builder-row fusion-row\"><div class=\"fusion-layout-column fusion_builder_column fusion-builder-column-0 fusion_builder_column_1_1 1_1 fusion-one-full fusion-column-first fusion-column-last fusion-column-no-min-height\" style=\"--awb-bg-size:cover;--awb-margin-top:0px;--awb-margin-bottom:0px;\"><div class=\"fusion-column-wrapper fusion-flex-column-wrapper-legacy\"><div class=\"fusion-image-element fusion-image-align-center in-legacy-container\" style=\"text-align:center;--awb-caption-title-font-family:var(--h2_typography-font-family);--awb-caption-title-font-weight:var(--h2_typography-font-weight);--awb-caption-title-font-style:var(--h2_typography-font-style);--awb-caption-title-size:var(--h2_typography-font-size);--awb-caption-title-transform:var(--h2_typography-text-transform);--awb-caption-title-line-height:var(--h2_typography-line-height);--awb-caption-title-letter-spacing:var(--h2_typography-letter-spacing);\"><div class=\"imageframe-align-center\"><span class=\" fusion-imageframe imageframe-none imageframe-1 hover-type-none\"><img decoding=\"async\" width=\"900\" height=\"600\" title=\"swingo200plus_koanda\" src=\"https:\/\/telemet.com\/wp-content\/uploads\/2016\/11\/Swingo200plus_Koanda.jpg\" alt class=\"img-responsive wp-image-13986\" srcset=\"https:\/\/telemet.com\/wp-content\/uploads\/2016\/11\/Swingo200plus_Koanda-200x133.jpg 200w, https:\/\/telemet.com\/wp-content\/uploads\/2016\/11\/Swingo200plus_Koanda-400x267.jpg 400w, https:\/\/telemet.com\/wp-content\/uploads\/2016\/11\/Swingo200plus_Koanda-600x400.jpg 600w, https:\/\/telemet.com\/wp-content\/uploads\/2016\/11\/Swingo200plus_Koanda-800x533.jpg 800w, https:\/\/telemet.com\/wp-content\/uploads\/2016\/11\/Swingo200plus_Koanda.jpg 900w\" sizes=\"(max-width: 800px) 100vw, 900px\" \/><\/span><\/div><\/div><div class=\"fusion-sep-clear\"><\/div><div class=\"fusion-separator fusion-full-width-sep\" style=\"margin-left: auto;margin-right: auto;margin-top:20px;width:100%;\"><\/div><div class=\"fusion-sep-clear\"><\/div><div class=\"fusion-align-block\"><a class=\"fusion-button button-flat button-xlarge button-default fusion-button-default button-1 fusion-button-default-span \" style=\"width:calc(100%);\" target=\"_blank\" rel=\"noopener noreferrer\" title=\"Download Brochure\" aria-label=\"Download Brochure\" href=\"\/wp-content\/uploads\/2016\/11\/ALX_Swingo200plus_koanda.pdf\"><span class=\"fusion-button-text awb-button__text awb-button__text--default\">Download Brochure (PDF)<\/span><i class=\" fa fa-file-pdf-o awb-button__icon awb-button__icon--default button-icon-right\" aria-hidden=\"true\"><\/i><\/a><\/div><div class=\"fusion-sep-clear\"><\/div><div class=\"fusion-separator fusion-full-width-sep\" style=\"margin-left: auto;margin-right: auto;margin-top:20px;width:100%;\"><\/div><div class=\"fusion-sep-clear\"><\/div><div class=\"fusion-text fusion-text-1\"><p>Innovaci\u00f3n: la Swingo 200+ con el sistema de recirculaci\u00f3n de aire Koanda reduce en un 95 % la incidencia de polvo fino<\/p>\n<p>Innovaci\u00f3n es lo que representa el nuevo sistema de recirculaci\u00f3n de aire Koanda de la barredora compacta Swingo 200+, de la casa Schmidt. Con la combinaci\u00f3n del sistema de circulaci\u00f3n de agua a presi\u00f3n y el sistema de recirculaci\u00f3n de aire Koanda, con patente solicitada, la incidencia de polvo fino, tan nocivo para la salud, se reduce hasta un 95 %. Adem\u00e1s, tambi\u00e9n disminuyen considerablemente el consumo de agua y las emisiones de ruido durante el proceso de barrido. Sin olvidar que se puede utilizar la barredora sin problemas incluso con temperaturas ligeramente bajo cero. Gracias al nuevo sistema de agua inteligente, adem\u00e1s, la m\u00e1quina es m\u00e1s eficiente y ahorra m\u00e1s recursos que nunca: se puede barrer durante m\u00e1s tiempo, ya que no hay que parar tantas veces para llenar el dep\u00f3sito de agua.<\/p>\n<h3>Tecnolog\u00eda inteligente que ahorra costes y recursos<\/h3>\n<p>El nuevo sistema de circulaci\u00f3n de agua a presi\u00f3n proporciona grandes cantidades de agua al sistema de aspiraci\u00f3n de la Swingo 200+ y, con ello, una absorci\u00f3n de la suciedad segura y sin desgaste. Adem\u00e1s, el sistema \u00f3ptimo de recuperaci\u00f3n de agua garantiza un dep\u00f3sito de desechos s\u00f3lido y compacto. La capacidad del contenedor, de 2 m3, queda totalmente aprovechada, con lo que se consigue un ahorro considerable de recursos. El nuevo sistema incluye un dep\u00f3sito de agua limpia de 190 litros y un tanque de agua de circulaci\u00f3n con un volumen tambi\u00e9n de 190 litros (de 170 litros en el modelo Euro 6). Asimismo, el contenedor puede albergar hasta 250 litros de agua de circulaci\u00f3n.<br \/>\nAdem\u00e1s, el sistema exclusivo de recirculaci\u00f3n de aire Koanda evita casi por completo la incidencia de polvo fino y reduce las emisiones de ruido, una ventaja no solo para el medio ambiente, sino tambi\u00e9n para el conductor, que de esta manera puede trabajar en un entorno mucho m\u00e1s silencioso. Tanto el nuevo sistema de circulaci\u00f3n de agua a presi\u00f3n como el sistema de recirculaci\u00f3n de aire Koanda ya est\u00e1n disponibles y son adecuados para los modelos de dos y tres cepillos.<\/p>\n<h3>Optimizaci\u00f3n del rendimiento, reducci\u00f3n de costes y ergonom\u00eda perfeccionada<\/h3>\n<p>La nueva Swingo 200+ de Schmidt tambi\u00e9n demuestra que una barredora no solo puede ser compacta, manejable y funcional, sino tambi\u00e9n c\u00f3moda. El equipamiento de serie incluye un asiento ergon\u00f3mico y un sistema de aire acondicionado. La nueva columna de direcci\u00f3n, con altura e inclinaci\u00f3n regulables y una funci\u00f3n de rotaci\u00f3n, permite subir y bajar del veh\u00edculo de forma ergon\u00f3mica y proporciona una posici\u00f3n sentada c\u00f3moda, incluso para conductores corpulentos. De manera opcional, la funci\u00f3n \u00abAuto Drive\u00bb, que permite conducir con palanca durante el barrido, aumenta a\u00fan m\u00e1s la comodidad de conducci\u00f3n.<\/p>\n<h3>60 a\u00f1os de \u00e9xito consecutivos: la barredora compacta Swingo de Schmidt celebra su aniversario<\/h3>\n<p>El modelo triunfador Swingo de Schmidt representa desde hace 60 a\u00f1os la mayor calidad y una eficacia extraordinaria en el sector de las barredoras compactas. El potente motor turbodi\u00e9sel Common Rail, con el mejor par motor a bajas revoluciones por minuto (consumo optimizado) conforme a la norma Euro 6, filtro de part\u00edculas y sistema RCS (AdBlue); o bien el motor EuroMot 3B sin sistema RCS (AdBlue) satisfacen todos los requisitos.<\/p>\n<\/div><div class=\"fusion-clearfix\"><\/div><\/div><\/div><\/div><\/div>\n","protected":false},"excerpt":{"rendered":"","protected":false},"author":1,"featured_media":0,"parent":7515,"menu_order":2,"comment_status":"closed","ping_status":"closed","template":"side-navigation.php","meta":{"footnotes":""},"class_list":["post-7391","page","type-page","status-publish","hentry"],"yoast_head":"<!-- This site is optimized with the Yoast SEO plugin v26.2 - https:\/\/yoast.com\/wordpress\/plugins\/seo\/ -->\n<title>Aebi-Schmidt Swingo 200+ Koanda - Telemet<\/title>\n<meta name=\"robots\" content=\"index, follow, max-snippet:-1, max-image-preview:large, max-video-preview:-1\" \/>\n<link rel=\"canonical\" href=\"https:\/\/telemet.com\/es\/ash-group-environment\/ash-swingo-200-koanda\/\" \/>\n<meta property=\"og:locale\" content=\"es_ES\" \/>\n<meta property=\"og:type\" content=\"article\" \/>\n<meta property=\"og:title\" content=\"Aebi-Schmidt Swingo 200+ Koanda - Telemet\" \/>\n<meta property=\"og:url\" content=\"https:\/\/telemet.com\/es\/ash-group-environment\/ash-swingo-200-koanda\/\" \/>\n<meta property=\"og:site_name\" content=\"Telemet\" \/>\n<meta property=\"article:modified_time\" content=\"2023-08-18T13:42:59+00:00\" \/>\n<meta property=\"og:image\" content=\"https:\/\/telemet.com\/wp-content\/uploads\/2016\/11\/Swingo200plus_Koanda.jpg\" \/>\n<meta name=\"twitter:card\" content=\"summary_large_image\" \/>\n<meta name=\"twitter:label1\" content=\"Tiempo de lectura\" \/>\n\t<meta name=\"twitter:data1\" content=\"4 minutes\" \/>\n<script type=\"application\/ld+json\" class=\"yoast-schema-graph\">{\"@context\":\"https:\/\/schema.org\",\"@graph\":[{\"@type\":\"WebPage\",\"@id\":\"https:\/\/telemet.com\/es\/ash-group-environment\/ash-swingo-200-koanda\/\",\"url\":\"https:\/\/telemet.com\/es\/ash-group-environment\/ash-swingo-200-koanda\/\",\"name\":\"Aebi-Schmidt Swingo 200+ Koanda - Telemet\",\"isPartOf\":{\"@id\":\"https:\/\/telemet.com\/es\/#website\"},\"primaryImageOfPage\":{\"@id\":\"https:\/\/telemet.com\/es\/ash-group-environment\/ash-swingo-200-koanda\/#primaryimage\"},\"image\":{\"@id\":\"https:\/\/telemet.com\/es\/ash-group-environment\/ash-swingo-200-koanda\/#primaryimage\"},\"thumbnailUrl\":\"https:\/\/telemet.com\/wp-content\/uploads\/2016\/11\/Swingo200plus_Koanda.jpg\",\"datePublished\":\"2016-11-22T18:30:54+00:00\",\"dateModified\":\"2023-08-18T13:42:59+00:00\",\"breadcrumb\":{\"@id\":\"https:\/\/telemet.com\/es\/ash-group-environment\/ash-swingo-200-koanda\/#breadcrumb\"},\"inLanguage\":\"es-ES\",\"potentialAction\":[{\"@type\":\"ReadAction\",\"target\":[\"https:\/\/telemet.com\/es\/ash-group-environment\/ash-swingo-200-koanda\/\"]}]},{\"@type\":\"ImageObject\",\"inLanguage\":\"es-ES\",\"@id\":\"https:\/\/telemet.com\/es\/ash-group-environment\/ash-swingo-200-koanda\/#primaryimage\",\"url\":\"https:\/\/telemet.com\/wp-content\/uploads\/2016\/11\/Swingo200plus_Koanda.jpg\",\"contentUrl\":\"https:\/\/telemet.com\/wp-content\/uploads\/2016\/11\/Swingo200plus_Koanda.jpg\"},{\"@type\":\"BreadcrumbList\",\"@id\":\"https:\/\/telemet.com\/es\/ash-group-environment\/ash-swingo-200-koanda\/#breadcrumb\",\"itemListElement\":[{\"@type\":\"ListItem\",\"position\":1,\"name\":\"Home\",\"item\":\"https:\/\/telemet.com\/es\/\"},{\"@type\":\"ListItem\",\"position\":2,\"name\":\"Aebi Schmidt Medio ambiente\",\"item\":\"https:\/\/telemet.com\/es\/ash-group-environment\/\"},{\"@type\":\"ListItem\",\"position\":3,\"name\":\"Aebi-Schmidt Swingo 200+ Koanda\"}]},{\"@type\":\"WebSite\",\"@id\":\"https:\/\/telemet.com\/es\/#website\",\"url\":\"https:\/\/telemet.com\/es\/\",\"name\":\"Telemet, Inc.\",\"description\":\"Efficiency through Simplicity\",\"potentialAction\":[{\"@type\":\"SearchAction\",\"target\":{\"@type\":\"EntryPoint\",\"urlTemplate\":\"https:\/\/telemet.com\/es\/?s={search_term_string}\"},\"query-input\":{\"@type\":\"PropertyValueSpecification\",\"valueRequired\":true,\"valueName\":\"search_term_string\"}}],\"inLanguage\":\"es-ES\"}]}<\/script>\n<!-- \/ Yoast SEO plugin. -->","yoast_head_json":{"title":"Aebi-Schmidt Swingo 200+ Koanda - Telemet","robots":{"index":"index","follow":"follow","max-snippet":"max-snippet:-1","max-image-preview":"max-image-preview:large","max-video-preview":"max-video-preview:-1"},"canonical":"https:\/\/telemet.com\/es\/ash-group-environment\/ash-swingo-200-koanda\/","og_locale":"es_ES","og_type":"article","og_title":"Aebi-Schmidt Swingo 200+ Koanda - Telemet","og_url":"https:\/\/telemet.com\/es\/ash-group-environment\/ash-swingo-200-koanda\/","og_site_name":"Telemet","article_modified_time":"2023-08-18T13:42:59+00:00","og_image":[{"url":"https:\/\/telemet.com\/wp-content\/uploads\/2016\/11\/Swingo200plus_Koanda.jpg","type":"","width":"","height":""}],"twitter_card":"summary_large_image","twitter_misc":{"Tiempo de lectura":"4 minutes"},"schema":{"@context":"https:\/\/schema.org","@graph":[{"@type":"WebPage","@id":"https:\/\/telemet.com\/es\/ash-group-environment\/ash-swingo-200-koanda\/","url":"https:\/\/telemet.com\/es\/ash-group-environment\/ash-swingo-200-koanda\/","name":"Aebi-Schmidt Swingo 200+ Koanda - Telemet","isPartOf":{"@id":"https:\/\/telemet.com\/es\/#website"},"primaryImageOfPage":{"@id":"https:\/\/telemet.com\/es\/ash-group-environment\/ash-swingo-200-koanda\/#primaryimage"},"image":{"@id":"https:\/\/telemet.com\/es\/ash-group-environment\/ash-swingo-200-koanda\/#primaryimage"},"thumbnailUrl":"https:\/\/telemet.com\/wp-content\/uploads\/2016\/11\/Swingo200plus_Koanda.jpg","datePublished":"2016-11-22T18:30:54+00:00","dateModified":"2023-08-18T13:42:59+00:00","breadcrumb":{"@id":"https:\/\/telemet.com\/es\/ash-group-environment\/ash-swingo-200-koanda\/#breadcrumb"},"inLanguage":"es-ES","potentialAction":[{"@type":"ReadAction","target":["https:\/\/telemet.com\/es\/ash-group-environment\/ash-swingo-200-koanda\/"]}]},{"@type":"ImageObject","inLanguage":"es-ES","@id":"https:\/\/telemet.com\/es\/ash-group-environment\/ash-swingo-200-koanda\/#primaryimage","url":"https:\/\/telemet.com\/wp-content\/uploads\/2016\/11\/Swingo200plus_Koanda.jpg","contentUrl":"https:\/\/telemet.com\/wp-content\/uploads\/2016\/11\/Swingo200plus_Koanda.jpg"},{"@type":"BreadcrumbList","@id":"https:\/\/telemet.com\/es\/ash-group-environment\/ash-swingo-200-koanda\/#breadcrumb","itemListElement":[{"@type":"ListItem","position":1,"name":"Home","item":"https:\/\/telemet.com\/es\/"},{"@type":"ListItem","position":2,"name":"Aebi Schmidt Medio ambiente","item":"https:\/\/telemet.com\/es\/ash-group-environment\/"},{"@type":"ListItem","position":3,"name":"Aebi-Schmidt Swingo 200+ Koanda"}]},{"@type":"WebSite","@id":"https:\/\/telemet.com\/es\/#website","url":"https:\/\/telemet.com\/es\/","name":"Telemet, Inc.","description":"Efficiency through Simplicity","potentialAction":[{"@type":"SearchAction","target":{"@type":"EntryPoint","urlTemplate":"https:\/\/telemet.com\/es\/?s={search_term_string}"},"query-input":{"@type":"PropertyValueSpecification","valueRequired":true,"valueName":"search_term_string"}}],"inLanguage":"es-ES"}]}},"_links":{"self":[{"href":"https:\/\/telemet.com\/es\/wp-json\/wp\/v2\/pages\/7391","targetHints":{"allow":["GET"]}}],"collection":[{"href":"https:\/\/telemet.com\/es\/wp-json\/wp\/v2\/pages"}],"about":[{"href":"https:\/\/telemet.com\/es\/wp-json\/wp\/v2\/types\/page"}],"author":[{"embeddable":true,"href":"https:\/\/telemet.com\/es\/wp-json\/wp\/v2\/users\/1"}],"replies":[{"embeddable":true,"href":"https:\/\/telemet.com\/es\/wp-json\/wp\/v2\/comments?post=7391"}],"version-history":[{"count":3,"href":"https:\/\/telemet.com\/es\/wp-json\/wp\/v2\/pages\/7391\/revisions"}],"predecessor-version":[{"id":13984,"href":"https:\/\/telemet.com\/es\/wp-json\/wp\/v2\/pages\/7391\/revisions\/13984"}],"up":[{"embeddable":true,"href":"https:\/\/telemet.com\/es\/wp-json\/wp\/v2\/pages\/7515"}],"wp:attachment":[{"href":"https:\/\/telemet.com\/es\/wp-json\/wp\/v2\/media?parent=7391"}],"curies":[{"name":"wp","href":"https:\/\/api.w.org\/{rel}","templated":true}]}}