{"id":7407,"date":"2016-11-22T18:44:57","date_gmt":"2016-11-22T18:44:05","guid":{"rendered":"http:\/\/telemet.com\/es\/ash-cleango-500\/"},"modified":"2023-08-18T13:44:49","modified_gmt":"2023-08-18T13:44:49","slug":"ash-cleango-500","status":"publish","type":"page","link":"https:\/\/telemet.com\/es\/ash-group-environment\/ash-cleango-500\/","title":{"rendered":"Aebi-Schmidt Cleango 500"},"content":{"rendered":"<div class=\"fusion-fullwidth fullwidth-box fusion-builder-row-1 nonhundred-percent-fullwidth non-hundred-percent-height-scrolling\" style=\"--awb-background-position:left top;--awb-border-radius-top-left:0px;--awb-border-radius-top-right:0px;--awb-border-radius-bottom-right:0px;--awb-border-radius-bottom-left:0px;--awb-padding-top:0px;--awb-padding-bottom:20px;--awb-border-sizes-top:0px;--awb-border-sizes-bottom:0px;--awb-flex-wrap:wrap;\" ><div class=\"fusion-builder-row fusion-row\"><div class=\"fusion-layout-column fusion_builder_column fusion-builder-column-0 fusion_builder_column_1_1 1_1 fusion-one-full fusion-column-first fusion-column-last fusion-column-no-min-height\" style=\"--awb-bg-size:cover;--awb-margin-top:0px;--awb-margin-bottom:0px;\"><div class=\"fusion-column-wrapper fusion-flex-column-wrapper-legacy\"><div class=\"fusion-image-element fusion-image-align-center in-legacy-container\" style=\"text-align:center;--awb-caption-title-font-family:var(--h2_typography-font-family);--awb-caption-title-font-weight:var(--h2_typography-font-weight);--awb-caption-title-font-style:var(--h2_typography-font-style);--awb-caption-title-size:var(--h2_typography-font-size);--awb-caption-title-transform:var(--h2_typography-text-transform);--awb-caption-title-line-height:var(--h2_typography-line-height);--awb-caption-title-letter-spacing:var(--h2_typography-letter-spacing);\"><div class=\"imageframe-align-center\"><span class=\" fusion-imageframe imageframe-none imageframe-1 hover-type-none\"><img decoding=\"async\" width=\"800\" height=\"600\" title=\"cleango500\" src=\"https:\/\/telemet.com\/wp-content\/uploads\/2016\/11\/cleango500.jpg\" alt class=\"img-responsive wp-image-14008\" srcset=\"https:\/\/telemet.com\/wp-content\/uploads\/2016\/11\/cleango500-200x150.jpg 200w, https:\/\/telemet.com\/wp-content\/uploads\/2016\/11\/cleango500-400x300.jpg 400w, https:\/\/telemet.com\/wp-content\/uploads\/2016\/11\/cleango500-600x450.jpg 600w, https:\/\/telemet.com\/wp-content\/uploads\/2016\/11\/cleango500.jpg 800w\" sizes=\"(max-width: 800px) 100vw, 800px\" \/><\/span><\/div><\/div><div class=\"fusion-sep-clear\"><\/div><div class=\"fusion-separator fusion-full-width-sep\" style=\"margin-left: auto;margin-right: auto;margin-top:20px;width:100%;\"><\/div><div class=\"fusion-sep-clear\"><\/div><div class=\"fusion-align-block\"><a class=\"fusion-button button-flat button-xlarge button-default fusion-button-default button-1 fusion-button-default-span \" style=\"width:calc(100%);\" target=\"_blank\" rel=\"noopener noreferrer\" title=\"Download Brochure\" aria-label=\"Download Brochure\" href=\"\/wp-content\/uploads\/2016\/11\/BS_Cleango500_2016_EN.pdf\"><span class=\"fusion-button-text awb-button__text awb-button__text--default\">Download Brochure (PDF)<\/span><i class=\" fa fa-file-pdf-o awb-button__icon awb-button__icon--default button-icon-right\" aria-hidden=\"true\"><\/i><\/a><\/div><div class=\"fusion-sep-clear\"><\/div><div class=\"fusion-separator fusion-full-width-sep\" style=\"margin-left: auto;margin-right: auto;margin-top:20px;width:100%;\"><\/div><div class=\"fusion-sep-clear\"><\/div><div class=\"fusion-clearfix\"><\/div><\/div><\/div><div class=\"fusion-layout-column fusion_builder_column fusion-builder-column-1 fusion_builder_column_1_1 1_1 fusion-one-full fusion-column-first fusion-column-last fusion-column-no-min-height\" style=\"--awb-bg-size:cover;--awb-margin-top:0px;--awb-margin-bottom:0px;\"><div class=\"fusion-column-wrapper fusion-flex-column-wrapper-legacy\"><div class=\"fusion-video fusion-youtube\" style=\"--awb-max-width:800px;--awb-max-height:550px;\"><div class=\"video-shortcode\"><div class=\"fluid-width-video-wrapper\" style=\"padding-top:68.75%;\" ><iframe title=\"YouTube video player 1\" src=\"https:\/\/www.youtube.com\/embed\/5uoJ2tlFp5c?wmode=transparent&autoplay=0\" width=\"800\" height=\"550\" allowfullscreen allow=\"autoplay; clipboard-write; encrypted-media; gyroscope; picture-in-picture;\"><\/iframe><\/div><\/div><\/div><div class=\"fusion-sep-clear\"><\/div><div class=\"fusion-separator fusion-full-width-sep\" style=\"margin-left: auto;margin-right: auto;margin-top:20px;width:100%;\"><\/div><div class=\"fusion-sep-clear\"><\/div><div class=\"fusion-text fusion-text-1\"><h3>Cabina del conductor<\/h3>\n<p>Cabina del conductor montada de forma flexible con dos asientos. completamente acristalada para una mejor visi\u00f3n del el \u00e1rea de trabajo y del tr\u00e1fico. ventanas correderas a derecha y e izquierda. insonorizada. asiento del conductor ortop\u00e9dico. calefacci\u00f3n y sistema de ventilaci\u00f3n. columna de direcci\u00f3n ajustable en altura y la articulada. panel de control con pantalla central f\u00e1cil de usar. control de la unidad de barrido a trav\u00e9s del panel de dise\u00f1o ergon\u00f3mico situado en la puerta con palancas de mando.<\/p>\n<h3>Unidad de barrido<\/h3>\n<p>Sistema trailing con cepillos circulares bajo la cabina del conductor en frente del eje delantero.<br \/>\nOpciones: Ajuste hidr\u00e1ulico de inclinaci\u00f3n de los cepillos y ajuste por separado de la presi\u00f3n de apoyo en tierra de los cepillos.<br \/>\nOpciones: Tercer cepillo frontal<\/p>\n<h3>Motor<\/h3>\n<p>VM R756 Euro 5 EEV Common Rail de 105 kW (143 CV) a 2300 rpm; 500 Nm a 1400 rpm, 4.455 cm3 de cilindrada, 6 cilindros, con sistema cerrado de filtro de part\u00edculas<\/p>\n<h3>Accionamiento<\/h3>\n<p>Hidrost\u00e1tico, continuamente variable con pistones axiales en el eje trasero, control de crucero para trabajar relajadamente, incluido en la especificaci\u00f3n standard de la barredora.<\/p>\n<h3>Frenos<\/h3>\n<p>Sistema de freno de doble circuito hidr\u00e1ulico, frenos de disco delanteros, frenos de tambor traseros; freno de estacionamiento actuando sobre el eje trasero.<\/p>\n<\/div><div class=\"fusion-clearfix\"><\/div><\/div><\/div><\/div><\/div>\n","protected":false},"excerpt":{"rendered":"","protected":false},"author":1,"featured_media":0,"parent":7515,"menu_order":4,"comment_status":"closed","ping_status":"closed","template":"side-navigation.php","meta":{"footnotes":""},"class_list":["post-7407","page","type-page","status-publish","hentry"],"yoast_head":"<!-- This site is optimized with the Yoast SEO plugin v26.2 - https:\/\/yoast.com\/wordpress\/plugins\/seo\/ -->\n<title>Aebi-Schmidt Cleango 500 - Telemet<\/title>\n<meta name=\"robots\" content=\"index, follow, max-snippet:-1, max-image-preview:large, max-video-preview:-1\" \/>\n<link rel=\"canonical\" href=\"https:\/\/telemet.com\/es\/ash-group-environment\/ash-cleango-500\/\" \/>\n<meta property=\"og:locale\" content=\"es_ES\" \/>\n<meta property=\"og:type\" content=\"article\" \/>\n<meta property=\"og:title\" content=\"Aebi-Schmidt Cleango 500 - Telemet\" \/>\n<meta property=\"og:url\" content=\"https:\/\/telemet.com\/es\/ash-group-environment\/ash-cleango-500\/\" \/>\n<meta property=\"og:site_name\" content=\"Telemet\" \/>\n<meta property=\"article:modified_time\" content=\"2023-08-18T13:44:49+00:00\" \/>\n<meta property=\"og:image\" content=\"https:\/\/telemet.com\/wp-content\/uploads\/2016\/11\/cleango500.jpg\" \/>\n<meta name=\"twitter:card\" content=\"summary_large_image\" \/>\n<meta name=\"twitter:label1\" content=\"Tiempo de lectura\" \/>\n\t<meta name=\"twitter:data1\" content=\"3 minutes\" \/>\n<script type=\"application\/ld+json\" class=\"yoast-schema-graph\">{\"@context\":\"https:\/\/schema.org\",\"@graph\":[{\"@type\":\"WebPage\",\"@id\":\"https:\/\/telemet.com\/es\/ash-group-environment\/ash-cleango-500\/\",\"url\":\"https:\/\/telemet.com\/es\/ash-group-environment\/ash-cleango-500\/\",\"name\":\"Aebi-Schmidt Cleango 500 - Telemet\",\"isPartOf\":{\"@id\":\"https:\/\/telemet.com\/es\/#website\"},\"primaryImageOfPage\":{\"@id\":\"https:\/\/telemet.com\/es\/ash-group-environment\/ash-cleango-500\/#primaryimage\"},\"image\":{\"@id\":\"https:\/\/telemet.com\/es\/ash-group-environment\/ash-cleango-500\/#primaryimage\"},\"thumbnailUrl\":\"https:\/\/telemet.com\/wp-content\/uploads\/2016\/11\/cleango500.jpg\",\"datePublished\":\"2016-11-22T18:44:05+00:00\",\"dateModified\":\"2023-08-18T13:44:49+00:00\",\"breadcrumb\":{\"@id\":\"https:\/\/telemet.com\/es\/ash-group-environment\/ash-cleango-500\/#breadcrumb\"},\"inLanguage\":\"es-ES\",\"potentialAction\":[{\"@type\":\"ReadAction\",\"target\":[\"https:\/\/telemet.com\/es\/ash-group-environment\/ash-cleango-500\/\"]}]},{\"@type\":\"ImageObject\",\"inLanguage\":\"es-ES\",\"@id\":\"https:\/\/telemet.com\/es\/ash-group-environment\/ash-cleango-500\/#primaryimage\",\"url\":\"https:\/\/telemet.com\/wp-content\/uploads\/2016\/11\/cleango500.jpg\",\"contentUrl\":\"https:\/\/telemet.com\/wp-content\/uploads\/2016\/11\/cleango500.jpg\"},{\"@type\":\"BreadcrumbList\",\"@id\":\"https:\/\/telemet.com\/es\/ash-group-environment\/ash-cleango-500\/#breadcrumb\",\"itemListElement\":[{\"@type\":\"ListItem\",\"position\":1,\"name\":\"Home\",\"item\":\"https:\/\/telemet.com\/es\/\"},{\"@type\":\"ListItem\",\"position\":2,\"name\":\"Aebi Schmidt Medio ambiente\",\"item\":\"https:\/\/telemet.com\/es\/ash-group-environment\/\"},{\"@type\":\"ListItem\",\"position\":3,\"name\":\"Aebi-Schmidt Cleango 500\"}]},{\"@type\":\"WebSite\",\"@id\":\"https:\/\/telemet.com\/es\/#website\",\"url\":\"https:\/\/telemet.com\/es\/\",\"name\":\"Telemet, Inc.\",\"description\":\"Efficiency through Simplicity\",\"potentialAction\":[{\"@type\":\"SearchAction\",\"target\":{\"@type\":\"EntryPoint\",\"urlTemplate\":\"https:\/\/telemet.com\/es\/?s={search_term_string}\"},\"query-input\":{\"@type\":\"PropertyValueSpecification\",\"valueRequired\":true,\"valueName\":\"search_term_string\"}}],\"inLanguage\":\"es-ES\"}]}<\/script>\n<!-- \/ Yoast SEO plugin. -->","yoast_head_json":{"title":"Aebi-Schmidt Cleango 500 - Telemet","robots":{"index":"index","follow":"follow","max-snippet":"max-snippet:-1","max-image-preview":"max-image-preview:large","max-video-preview":"max-video-preview:-1"},"canonical":"https:\/\/telemet.com\/es\/ash-group-environment\/ash-cleango-500\/","og_locale":"es_ES","og_type":"article","og_title":"Aebi-Schmidt Cleango 500 - Telemet","og_url":"https:\/\/telemet.com\/es\/ash-group-environment\/ash-cleango-500\/","og_site_name":"Telemet","article_modified_time":"2023-08-18T13:44:49+00:00","og_image":[{"url":"https:\/\/telemet.com\/wp-content\/uploads\/2016\/11\/cleango500.jpg","type":"","width":"","height":""}],"twitter_card":"summary_large_image","twitter_misc":{"Tiempo de lectura":"3 minutes"},"schema":{"@context":"https:\/\/schema.org","@graph":[{"@type":"WebPage","@id":"https:\/\/telemet.com\/es\/ash-group-environment\/ash-cleango-500\/","url":"https:\/\/telemet.com\/es\/ash-group-environment\/ash-cleango-500\/","name":"Aebi-Schmidt Cleango 500 - Telemet","isPartOf":{"@id":"https:\/\/telemet.com\/es\/#website"},"primaryImageOfPage":{"@id":"https:\/\/telemet.com\/es\/ash-group-environment\/ash-cleango-500\/#primaryimage"},"image":{"@id":"https:\/\/telemet.com\/es\/ash-group-environment\/ash-cleango-500\/#primaryimage"},"thumbnailUrl":"https:\/\/telemet.com\/wp-content\/uploads\/2016\/11\/cleango500.jpg","datePublished":"2016-11-22T18:44:05+00:00","dateModified":"2023-08-18T13:44:49+00:00","breadcrumb":{"@id":"https:\/\/telemet.com\/es\/ash-group-environment\/ash-cleango-500\/#breadcrumb"},"inLanguage":"es-ES","potentialAction":[{"@type":"ReadAction","target":["https:\/\/telemet.com\/es\/ash-group-environment\/ash-cleango-500\/"]}]},{"@type":"ImageObject","inLanguage":"es-ES","@id":"https:\/\/telemet.com\/es\/ash-group-environment\/ash-cleango-500\/#primaryimage","url":"https:\/\/telemet.com\/wp-content\/uploads\/2016\/11\/cleango500.jpg","contentUrl":"https:\/\/telemet.com\/wp-content\/uploads\/2016\/11\/cleango500.jpg"},{"@type":"BreadcrumbList","@id":"https:\/\/telemet.com\/es\/ash-group-environment\/ash-cleango-500\/#breadcrumb","itemListElement":[{"@type":"ListItem","position":1,"name":"Home","item":"https:\/\/telemet.com\/es\/"},{"@type":"ListItem","position":2,"name":"Aebi Schmidt Medio ambiente","item":"https:\/\/telemet.com\/es\/ash-group-environment\/"},{"@type":"ListItem","position":3,"name":"Aebi-Schmidt Cleango 500"}]},{"@type":"WebSite","@id":"https:\/\/telemet.com\/es\/#website","url":"https:\/\/telemet.com\/es\/","name":"Telemet, Inc.","description":"Efficiency through Simplicity","potentialAction":[{"@type":"SearchAction","target":{"@type":"EntryPoint","urlTemplate":"https:\/\/telemet.com\/es\/?s={search_term_string}"},"query-input":{"@type":"PropertyValueSpecification","valueRequired":true,"valueName":"search_term_string"}}],"inLanguage":"es-ES"}]}},"_links":{"self":[{"href":"https:\/\/telemet.com\/es\/wp-json\/wp\/v2\/pages\/7407","targetHints":{"allow":["GET"]}}],"collection":[{"href":"https:\/\/telemet.com\/es\/wp-json\/wp\/v2\/pages"}],"about":[{"href":"https:\/\/telemet.com\/es\/wp-json\/wp\/v2\/types\/page"}],"author":[{"embeddable":true,"href":"https:\/\/telemet.com\/es\/wp-json\/wp\/v2\/users\/1"}],"replies":[{"embeddable":true,"href":"https:\/\/telemet.com\/es\/wp-json\/wp\/v2\/comments?post=7407"}],"version-history":[{"count":3,"href":"https:\/\/telemet.com\/es\/wp-json\/wp\/v2\/pages\/7407\/revisions"}],"predecessor-version":[{"id":14006,"href":"https:\/\/telemet.com\/es\/wp-json\/wp\/v2\/pages\/7407\/revisions\/14006"}],"up":[{"embeddable":true,"href":"https:\/\/telemet.com\/es\/wp-json\/wp\/v2\/pages\/7515"}],"wp:attachment":[{"href":"https:\/\/telemet.com\/es\/wp-json\/wp\/v2\/media?parent=7407"}],"curies":[{"name":"wp","href":"https:\/\/api.w.org\/{rel}","templated":true}]}}